{"id":12829,"date":"2020-02-18T07:36:21","date_gmt":"2020-02-18T07:36:21","guid":{"rendered":"https:\/\/equipomedicomexico-com.preview-domain.com\/product\/mesa-quiropractica-ajustable-earthile-apex\/"},"modified":"2020-02-18T07:36:23","modified_gmt":"2020-02-18T07:36:23","slug":"mesa-quiropractica-ajustable-earthile-apex","status":"publish","type":"product","link":"https:\/\/buscoequipomedico.com\/?product=mesa-quiropractica-ajustable-earthile-apex","title":{"rendered":"MESA QUIROPR\u00c1CTICA AJUSTABLE EARTHILE APEX"},"content":{"rendered":"<ul>\n<li>APEX es una mesa fija quiropr\u00e1ctica que ofrece un marco de acero recubierto, rodillo de papel, cubierta de corte y apoyabrazos estacionario.<\/li>\n<li><span>24 \u00abde ancho, 72&#8243; de largo y el rango de altura es de 19&#8243; a 28\u00bb.\u00a0<\/span><\/li>\n<li><span>La estructura de acero est\u00e1 dise\u00f1ado para dar mayor espacio y un mejor acceso a los clientes durante el tratamiento.\u00a0<\/span><\/li>\n<li><span>La Mesa y el reposacabezas de espuma es de 3 \u00aby el reposabrazos de espuma es de 2\u00bb de espesor.<\/span><\/li>\n<\/ul>\n","protected":false},"excerpt":{"rendered":"<p>Apex es una mesa quiropr\u00e1ctica estacionaria que figura una\u00a0estructura de acero con recubrimiento electroest\u00e1tico, descanso\u00a0para cabeza de acero abatible, rollo para papel, accesorio\u00a0para cortar, y descansa brazos estacionarios. La Apex tiene 61\u00a0cm. de ancho, 1.83 cm. de largo y altura ajustable de 48 a 71\u00a0cm. El marco de acero est\u00e1 dise\u00f1ado para dar mayor espacio\u00a0para las piernas al m\u00e9dico y mejor acceso a los clientes durante\u00a0el tratamiento. La tapicer\u00eda de la mesa y los descansa brazos\u00a0tienen un espesor de 7.6 cm.<\/p><\/p>\n","protected":false},"featured_media":12830,"template":"","meta":{"_joinchat":[]},"product_brand":[],"product_cat":[301],"product_tag":[],"class_list":{"0":"post-12829","1":"product","2":"type-product","3":"status-publish","4":"has-post-thumbnail","6":"product_cat-mesa-de-exploracion","7":"pa_marca-dynatronics","9":"first","10":"instock","11":"purchasable","12":"product-type-simple"},"yoast_head":"<!-- This site is optimized with the Yoast SEO plugin v25.1 - https:\/\/yoast.com\/wordpress\/plugins\/seo\/ -->\n<title>MESA QUIROPR\u00c1CTICA AJUSTABLE EARTHILE APEX - Tu mejor opci\u00f3n Equipo M\u00e9dico M\u00e9xico<\/title>\n<meta name=\"robots\" content=\"index, follow, max-snippet:-1, max-image-preview:large, max-video-preview:-1\" \/>\n<link rel=\"canonical\" href=\"https:\/\/buscoequipomedico.com\/?product=mesa-quiropractica-ajustable-earthile-apex\" \/>\n<meta property=\"og:locale\" content=\"es_ES\" \/>\n<meta property=\"og:type\" content=\"article\" \/>\n<meta property=\"og:title\" content=\"MESA QUIROPR\u00c1CTICA AJUSTABLE EARTHILE APEX - Tu mejor opci\u00f3n Equipo M\u00e9dico M\u00e9xico\" \/>\n<meta property=\"og:description\" content=\"Apex es una mesa quiropr\u00e1ctica estacionaria que figura una\u00a0estructura de acero con recubrimiento electroest\u00e1tico, descanso\u00a0para cabeza de acero abatible, rollo para papel, accesorio\u00a0para cortar, y descansa brazos estacionarios. La Apex tiene 61\u00a0cm. de ancho, 1.83 cm. de largo y altura ajustable de 48 a 71\u00a0cm. El marco de acero est\u00e1 dise\u00f1ado para dar mayor espacio\u00a0para las piernas al m\u00e9dico y mejor acceso a los clientes durante\u00a0el tratamiento. La tapicer\u00eda de la mesa y los descansa brazos\u00a0tienen un espesor de 7.6 cm.\" \/>\n<meta property=\"og:url\" content=\"https:\/\/buscoequipomedico.com\/?product=mesa-quiropractica-ajustable-earthile-apex\" \/>\n<meta property=\"og:site_name\" content=\"Tu mejor opci\u00f3n Equipo M\u00e9dico M\u00e9xico\" \/>\n<meta property=\"article:modified_time\" content=\"2020-02-18T07:36:23+00:00\" \/>\n<meta property=\"og:image\" content=\"https:\/\/buscoequipomedico.com\/wp-content\/uploads\/2020\/02\/mesa-quiropractica-ajustable-earthile-apex-apex-es-una-mesa-quiropractica-estacionaria-que-figura-una-estructura-de-acero-con-re.jpg\" \/>\n\t<meta property=\"og:image:width\" content=\"800\" \/>\n\t<meta property=\"og:image:height\" content=\"800\" \/>\n\t<meta property=\"og:image:type\" content=\"image\/png\" \/>\n<meta name=\"twitter:card\" content=\"summary_large_image\" \/>\n<script type=\"application\/ld+json\" class=\"yoast-schema-graph\">{\"@context\":\"https:\/\/schema.org\",\"@graph\":[{\"@type\":\"WebPage\",\"@id\":\"https:\/\/buscoequipomedico.com\/?product=mesa-quiropractica-ajustable-earthile-apex\",\"url\":\"https:\/\/buscoequipomedico.com\/?product=mesa-quiropractica-ajustable-earthile-apex\",\"name\":\"MESA QUIROPR\u00c1CTICA AJUSTABLE EARTHILE APEX - Tu mejor opci\u00f3n Equipo M\u00e9dico M\u00e9xico\",\"isPartOf\":{\"@id\":\"https:\/\/buscoequipomedico.com\/#website\"},\"primaryImageOfPage\":{\"@id\":\"https:\/\/buscoequipomedico.com\/?product=mesa-quiropractica-ajustable-earthile-apex#primaryimage\"},\"image\":{\"@id\":\"https:\/\/buscoequipomedico.com\/?product=mesa-quiropractica-ajustable-earthile-apex#primaryimage\"},\"thumbnailUrl\":\"https:\/\/buscoequipomedico.com\/wp-content\/uploads\/2020\/02\/mesa-quiropractica-ajustable-earthile-apex-apex-es-una-mesa-quiropractica-estacionaria-que-figura-una-estructura-de-acero-con-re.jpg\",\"datePublished\":\"2020-02-18T07:36:21+00:00\",\"dateModified\":\"2020-02-18T07:36:23+00:00\",\"breadcrumb\":{\"@id\":\"https:\/\/buscoequipomedico.com\/?product=mesa-quiropractica-ajustable-earthile-apex#breadcrumb\"},\"inLanguage\":\"es\",\"potentialAction\":[{\"@type\":\"ReadAction\",\"target\":[\"https:\/\/buscoequipomedico.com\/?product=mesa-quiropractica-ajustable-earthile-apex\"]}]},{\"@type\":\"ImageObject\",\"inLanguage\":\"es\",\"@id\":\"https:\/\/buscoequipomedico.com\/?product=mesa-quiropractica-ajustable-earthile-apex#primaryimage\",\"url\":\"https:\/\/buscoequipomedico.com\/wp-content\/uploads\/2020\/02\/mesa-quiropractica-ajustable-earthile-apex-apex-es-una-mesa-quiropractica-estacionaria-que-figura-una-estructura-de-acero-con-re.jpg\",\"contentUrl\":\"https:\/\/buscoequipomedico.com\/wp-content\/uploads\/2020\/02\/mesa-quiropractica-ajustable-earthile-apex-apex-es-una-mesa-quiropractica-estacionaria-que-figura-una-estructura-de-acero-con-re.jpg\",\"width\":800,\"height\":800},{\"@type\":\"BreadcrumbList\",\"@id\":\"https:\/\/buscoequipomedico.com\/?product=mesa-quiropractica-ajustable-earthile-apex#breadcrumb\",\"itemListElement\":[{\"@type\":\"ListItem\",\"position\":1,\"name\":\"Productos\",\"item\":\"https:\/\/buscoequipomedico.com\/shop\/\"},{\"@type\":\"ListItem\",\"position\":2,\"name\":\"MESA QUIROPR\u00c1CTICA AJUSTABLE EARTHILE APEX\"}]},{\"@type\":\"WebSite\",\"@id\":\"https:\/\/buscoequipomedico.com\/#website\",\"url\":\"https:\/\/buscoequipomedico.com\/\",\"name\":\"Tu mejor opci\u00f3n Equipo M\u00e9dico M\u00e9xico\",\"description\":\"Tienda de equipo m\u00e9dico\",\"publisher\":{\"@id\":\"https:\/\/buscoequipomedico.com\/#organization\"},\"potentialAction\":[{\"@type\":\"SearchAction\",\"target\":{\"@type\":\"EntryPoint\",\"urlTemplate\":\"https:\/\/buscoequipomedico.com\/?s={search_term_string}\"},\"query-input\":{\"@type\":\"PropertyValueSpecification\",\"valueRequired\":true,\"valueName\":\"search_term_string\"}}],\"inLanguage\":\"es\"},{\"@type\":\"Organization\",\"@id\":\"https:\/\/buscoequipomedico.com\/#organization\",\"name\":\"Tu mejor opci\u00f3n Equipo M\u00e9dico M\u00e9xico\",\"url\":\"https:\/\/buscoequipomedico.com\/\",\"logo\":{\"@type\":\"ImageObject\",\"inLanguage\":\"es\",\"@id\":\"https:\/\/buscoequipomedico.com\/#\/schema\/logo\/image\/\",\"url\":\"https:\/\/buscoequipomedico.com\/wp-content\/uploads\/2021\/07\/EMM-VPrincipal-scaled.jpg\",\"contentUrl\":\"https:\/\/buscoequipomedico.com\/wp-content\/uploads\/2021\/07\/EMM-VPrincipal-scaled.jpg\",\"width\":2560,\"height\":1058,\"caption\":\"Tu mejor opci\u00f3n Equipo M\u00e9dico M\u00e9xico\"},\"image\":{\"@id\":\"https:\/\/buscoequipomedico.com\/#\/schema\/logo\/image\/\"}}]}<\/script>\n<!-- \/ Yoast SEO plugin. -->","yoast_head_json":{"title":"MESA QUIROPR\u00c1CTICA AJUSTABLE EARTHILE APEX - Tu mejor opci\u00f3n Equipo M\u00e9dico M\u00e9xico","robots":{"index":"index","follow":"follow","max-snippet":"max-snippet:-1","max-image-preview":"max-image-preview:large","max-video-preview":"max-video-preview:-1"},"canonical":"https:\/\/buscoequipomedico.com\/?product=mesa-quiropractica-ajustable-earthile-apex","og_locale":"es_ES","og_type":"article","og_title":"MESA QUIROPR\u00c1CTICA AJUSTABLE EARTHILE APEX - Tu mejor opci\u00f3n Equipo M\u00e9dico M\u00e9xico","og_description":"Apex es una mesa quiropr\u00e1ctica estacionaria que figura una\u00a0estructura de acero con recubrimiento electroest\u00e1tico, descanso\u00a0para cabeza de acero abatible, rollo para papel, accesorio\u00a0para cortar, y descansa brazos estacionarios. La Apex tiene 61\u00a0cm. de ancho, 1.83 cm. de largo y altura ajustable de 48 a 71\u00a0cm. El marco de acero est\u00e1 dise\u00f1ado para dar mayor espacio\u00a0para las piernas al m\u00e9dico y mejor acceso a los clientes durante\u00a0el tratamiento. La tapicer\u00eda de la mesa y los descansa brazos\u00a0tienen un espesor de 7.6 cm.","og_url":"https:\/\/buscoequipomedico.com\/?product=mesa-quiropractica-ajustable-earthile-apex","og_site_name":"Tu mejor opci\u00f3n Equipo M\u00e9dico M\u00e9xico","article_modified_time":"2020-02-18T07:36:23+00:00","og_image":[{"width":800,"height":800,"url":"https:\/\/buscoequipomedico.com\/wp-content\/uploads\/2020\/02\/mesa-quiropractica-ajustable-earthile-apex-apex-es-una-mesa-quiropractica-estacionaria-que-figura-una-estructura-de-acero-con-re.jpg","type":"image\/png"}],"twitter_card":"summary_large_image","schema":{"@context":"https:\/\/schema.org","@graph":[{"@type":"WebPage","@id":"https:\/\/buscoequipomedico.com\/?product=mesa-quiropractica-ajustable-earthile-apex","url":"https:\/\/buscoequipomedico.com\/?product=mesa-quiropractica-ajustable-earthile-apex","name":"MESA QUIROPR\u00c1CTICA AJUSTABLE EARTHILE APEX - Tu mejor opci\u00f3n Equipo M\u00e9dico M\u00e9xico","isPartOf":{"@id":"https:\/\/buscoequipomedico.com\/#website"},"primaryImageOfPage":{"@id":"https:\/\/buscoequipomedico.com\/?product=mesa-quiropractica-ajustable-earthile-apex#primaryimage"},"image":{"@id":"https:\/\/buscoequipomedico.com\/?product=mesa-quiropractica-ajustable-earthile-apex#primaryimage"},"thumbnailUrl":"https:\/\/buscoequipomedico.com\/wp-content\/uploads\/2020\/02\/mesa-quiropractica-ajustable-earthile-apex-apex-es-una-mesa-quiropractica-estacionaria-que-figura-una-estructura-de-acero-con-re.jpg","datePublished":"2020-02-18T07:36:21+00:00","dateModified":"2020-02-18T07:36:23+00:00","breadcrumb":{"@id":"https:\/\/buscoequipomedico.com\/?product=mesa-quiropractica-ajustable-earthile-apex#breadcrumb"},"inLanguage":"es","potentialAction":[{"@type":"ReadAction","target":["https:\/\/buscoequipomedico.com\/?product=mesa-quiropractica-ajustable-earthile-apex"]}]},{"@type":"ImageObject","inLanguage":"es","@id":"https:\/\/buscoequipomedico.com\/?product=mesa-quiropractica-ajustable-earthile-apex#primaryimage","url":"https:\/\/buscoequipomedico.com\/wp-content\/uploads\/2020\/02\/mesa-quiropractica-ajustable-earthile-apex-apex-es-una-mesa-quiropractica-estacionaria-que-figura-una-estructura-de-acero-con-re.jpg","contentUrl":"https:\/\/buscoequipomedico.com\/wp-content\/uploads\/2020\/02\/mesa-quiropractica-ajustable-earthile-apex-apex-es-una-mesa-quiropractica-estacionaria-que-figura-una-estructura-de-acero-con-re.jpg","width":800,"height":800},{"@type":"BreadcrumbList","@id":"https:\/\/buscoequipomedico.com\/?product=mesa-quiropractica-ajustable-earthile-apex#breadcrumb","itemListElement":[{"@type":"ListItem","position":1,"name":"Productos","item":"https:\/\/buscoequipomedico.com\/shop\/"},{"@type":"ListItem","position":2,"name":"MESA QUIROPR\u00c1CTICA AJUSTABLE EARTHILE APEX"}]},{"@type":"WebSite","@id":"https:\/\/buscoequipomedico.com\/#website","url":"https:\/\/buscoequipomedico.com\/","name":"Tu mejor opci\u00f3n Equipo M\u00e9dico M\u00e9xico","description":"Tienda de equipo m\u00e9dico","publisher":{"@id":"https:\/\/buscoequipomedico.com\/#organization"},"potentialAction":[{"@type":"SearchAction","target":{"@type":"EntryPoint","urlTemplate":"https:\/\/buscoequipomedico.com\/?s={search_term_string}"},"query-input":{"@type":"PropertyValueSpecification","valueRequired":true,"valueName":"search_term_string"}}],"inLanguage":"es"},{"@type":"Organization","@id":"https:\/\/buscoequipomedico.com\/#organization","name":"Tu mejor opci\u00f3n Equipo M\u00e9dico M\u00e9xico","url":"https:\/\/buscoequipomedico.com\/","logo":{"@type":"ImageObject","inLanguage":"es","@id":"https:\/\/buscoequipomedico.com\/#\/schema\/logo\/image\/","url":"https:\/\/buscoequipomedico.com\/wp-content\/uploads\/2021\/07\/EMM-VPrincipal-scaled.jpg","contentUrl":"https:\/\/buscoequipomedico.com\/wp-content\/uploads\/2021\/07\/EMM-VPrincipal-scaled.jpg","width":2560,"height":1058,"caption":"Tu mejor opci\u00f3n Equipo M\u00e9dico M\u00e9xico"},"image":{"@id":"https:\/\/buscoequipomedico.com\/#\/schema\/logo\/image\/"}}]}},"_links":{"self":[{"href":"https:\/\/buscoequipomedico.com\/index.php?rest_route=\/wp\/v2\/product\/12829","targetHints":{"allow":["GET"]}}],"collection":[{"href":"https:\/\/buscoequipomedico.com\/index.php?rest_route=\/wp\/v2\/product"}],"about":[{"href":"https:\/\/buscoequipomedico.com\/index.php?rest_route=\/wp\/v2\/types\/product"}],"wp:featuredmedia":[{"embeddable":true,"href":"https:\/\/buscoequipomedico.com\/index.php?rest_route=\/wp\/v2\/media\/12830"}],"wp:attachment":[{"href":"https:\/\/buscoequipomedico.com\/index.php?rest_route=%2Fwp%2Fv2%2Fmedia&parent=12829"}],"wp:term":[{"taxonomy":"product_brand","embeddable":true,"href":"https:\/\/buscoequipomedico.com\/index.php?rest_route=%2Fwp%2Fv2%2Fproduct_brand&post=12829"},{"taxonomy":"product_cat","embeddable":true,"href":"https:\/\/buscoequipomedico.com\/index.php?rest_route=%2Fwp%2Fv2%2Fproduct_cat&post=12829"},{"taxonomy":"product_tag","embeddable":true,"href":"https:\/\/buscoequipomedico.com\/index.php?rest_route=%2Fwp%2Fv2%2Fproduct_tag&post=12829"}],"curies":[{"name":"wp","href":"https:\/\/api.w.org\/{rel}","templated":true}]}}