{"id":12851,"date":"2020-02-18T07:36:21","date_gmt":"2020-02-18T07:36:21","guid":{"rendered":"https:\/\/equipomedicomexico-com.preview-domain.com\/product\/monitor-de-8-0-touchscreen-con-impresora\/"},"modified":"2020-02-18T07:36:28","modified_gmt":"2020-02-18T07:36:28","slug":"monitor-de-8-0-touchscreen-con-impresora","status":"publish","type":"product","link":"https:\/\/buscoequipomedico.com\/?product=monitor-de-8-0-touchscreen-con-impresora","title":{"rendered":"Monitor de 8.0\u201d TOUCHSCREEN CON IMPRESORA"},"content":{"rendered":"<p>An\u00e1lisis en tiempo real del segmento S-T y an\u00e1lisis de arritmia<\/p>\n<p>\u2022 Datos que se guardan autom\u00e1ticamente durante la monitorizaci\u00f3n o el<\/p>\n<p>apagado del paciente<\/p>\n<p>\u2022 Bater\u00eda de litio desmontable inferior para una instalaci\u00f3n conveniente<\/p>\n<p>\u2022 Sistema de monitoreo central de apoyo<\/p>\n<p>\u2022 Est\u00e1ndar: ECG, NIBP, SpO2, RESP, TEMP, PR \/ HR<\/p>\n","protected":false},"excerpt":{"rendered":"<p>\u2022 Pantalla a color de 8 \u00ab, adecuada para uso en interiores y exteriores<\/p>\n<p>\u2022 Men\u00fa de operaci\u00f3n f\u00e1cil de usar con iconos simples<\/p>\n<p>\u2022 Gran volumen de tendencias gr\u00e1ficas y tabulares de todos los par\u00e1metros.<\/p>\n<p>\u2022 Indicaci\u00f3n precisa de mal funcionamiento<\/p>\n<p>\u2022 An\u00e1lisis en tiempo real del segmento S-T y an\u00e1lisis\u00a0de arritmia<\/p>\n","protected":false},"featured_media":12852,"template":"","meta":{"_joinchat":[]},"product_brand":[],"product_cat":[303],"product_tag":[],"class_list":{"0":"post-12851","1":"product","2":"type-product","3":"status-publish","4":"has-post-thumbnail","6":"product_cat-monitores","7":"pa_marca-promise","9":"first","10":"instock","11":"purchasable","12":"product-type-simple"},"yoast_head":"<!-- This site is optimized with the Yoast SEO plugin v25.1 - https:\/\/yoast.com\/wordpress\/plugins\/seo\/ -->\n<title>Monitor de 8.0\u201d TOUCHSCREEN CON IMPRESORA - Tu mejor opci\u00f3n Equipo M\u00e9dico M\u00e9xico<\/title>\n<meta name=\"robots\" content=\"index, follow, max-snippet:-1, max-image-preview:large, max-video-preview:-1\" \/>\n<link rel=\"canonical\" href=\"https:\/\/buscoequipomedico.com\/?product=monitor-de-8-0-touchscreen-con-impresora\" \/>\n<meta property=\"og:locale\" content=\"es_ES\" \/>\n<meta property=\"og:type\" content=\"article\" \/>\n<meta property=\"og:title\" content=\"Monitor de 8.0\u201d TOUCHSCREEN CON IMPRESORA - Tu mejor opci\u00f3n Equipo M\u00e9dico M\u00e9xico\" \/>\n<meta property=\"og:description\" content=\"\u2022 Pantalla a color de 8 &quot;, adecuada para uso en interiores y exteriores \u2022 Men\u00fa de operaci\u00f3n f\u00e1cil de usar con iconos simples \u2022 Gran volumen de tendencias gr\u00e1ficas y tabulares de todos los par\u00e1metros. \u2022 Indicaci\u00f3n precisa de mal funcionamiento \u2022 An\u00e1lisis en tiempo real del segmento S-T y an\u00e1lisis\u00a0de arritmia\" \/>\n<meta property=\"og:url\" content=\"https:\/\/buscoequipomedico.com\/?product=monitor-de-8-0-touchscreen-con-impresora\" \/>\n<meta property=\"og:site_name\" content=\"Tu mejor opci\u00f3n Equipo M\u00e9dico M\u00e9xico\" \/>\n<meta property=\"article:modified_time\" content=\"2020-02-18T07:36:28+00:00\" \/>\n<meta property=\"og:image\" content=\"https:\/\/buscoequipomedico.com\/wp-content\/uploads\/2020\/02\/monitor-de-80-touchscreen-con-impresora-o-pantalla-a-color-de-8-adecuada-para-uso-en-interiores-y-exteriores-o-menu-de-operacion.jpg\" \/>\n\t<meta property=\"og:image:width\" content=\"800\" \/>\n\t<meta property=\"og:image:height\" content=\"800\" \/>\n\t<meta property=\"og:image:type\" content=\"image\/png\" \/>\n<meta name=\"twitter:card\" content=\"summary_large_image\" \/>\n<script type=\"application\/ld+json\" class=\"yoast-schema-graph\">{\"@context\":\"https:\/\/schema.org\",\"@graph\":[{\"@type\":\"WebPage\",\"@id\":\"https:\/\/buscoequipomedico.com\/?product=monitor-de-8-0-touchscreen-con-impresora\",\"url\":\"https:\/\/buscoequipomedico.com\/?product=monitor-de-8-0-touchscreen-con-impresora\",\"name\":\"Monitor de 8.0\u201d TOUCHSCREEN CON IMPRESORA - Tu mejor opci\u00f3n Equipo M\u00e9dico M\u00e9xico\",\"isPartOf\":{\"@id\":\"https:\/\/buscoequipomedico.com\/#website\"},\"primaryImageOfPage\":{\"@id\":\"https:\/\/buscoequipomedico.com\/?product=monitor-de-8-0-touchscreen-con-impresora#primaryimage\"},\"image\":{\"@id\":\"https:\/\/buscoequipomedico.com\/?product=monitor-de-8-0-touchscreen-con-impresora#primaryimage\"},\"thumbnailUrl\":\"https:\/\/buscoequipomedico.com\/wp-content\/uploads\/2020\/02\/monitor-de-80-touchscreen-con-impresora-o-pantalla-a-color-de-8-adecuada-para-uso-en-interiores-y-exteriores-o-menu-de-operacion.jpg\",\"datePublished\":\"2020-02-18T07:36:21+00:00\",\"dateModified\":\"2020-02-18T07:36:28+00:00\",\"breadcrumb\":{\"@id\":\"https:\/\/buscoequipomedico.com\/?product=monitor-de-8-0-touchscreen-con-impresora#breadcrumb\"},\"inLanguage\":\"es\",\"potentialAction\":[{\"@type\":\"ReadAction\",\"target\":[\"https:\/\/buscoequipomedico.com\/?product=monitor-de-8-0-touchscreen-con-impresora\"]}]},{\"@type\":\"ImageObject\",\"inLanguage\":\"es\",\"@id\":\"https:\/\/buscoequipomedico.com\/?product=monitor-de-8-0-touchscreen-con-impresora#primaryimage\",\"url\":\"https:\/\/buscoequipomedico.com\/wp-content\/uploads\/2020\/02\/monitor-de-80-touchscreen-con-impresora-o-pantalla-a-color-de-8-adecuada-para-uso-en-interiores-y-exteriores-o-menu-de-operacion.jpg\",\"contentUrl\":\"https:\/\/buscoequipomedico.com\/wp-content\/uploads\/2020\/02\/monitor-de-80-touchscreen-con-impresora-o-pantalla-a-color-de-8-adecuada-para-uso-en-interiores-y-exteriores-o-menu-de-operacion.jpg\",\"width\":800,\"height\":800},{\"@type\":\"BreadcrumbList\",\"@id\":\"https:\/\/buscoequipomedico.com\/?product=monitor-de-8-0-touchscreen-con-impresora#breadcrumb\",\"itemListElement\":[{\"@type\":\"ListItem\",\"position\":1,\"name\":\"Productos\",\"item\":\"https:\/\/buscoequipomedico.com\/shop\/\"},{\"@type\":\"ListItem\",\"position\":2,\"name\":\"Monitor de 8.0\u201d TOUCHSCREEN CON IMPRESORA\"}]},{\"@type\":\"WebSite\",\"@id\":\"https:\/\/buscoequipomedico.com\/#website\",\"url\":\"https:\/\/buscoequipomedico.com\/\",\"name\":\"Tu mejor opci\u00f3n Equipo M\u00e9dico M\u00e9xico\",\"description\":\"Tienda de equipo m\u00e9dico\",\"publisher\":{\"@id\":\"https:\/\/buscoequipomedico.com\/#organization\"},\"potentialAction\":[{\"@type\":\"SearchAction\",\"target\":{\"@type\":\"EntryPoint\",\"urlTemplate\":\"https:\/\/buscoequipomedico.com\/?s={search_term_string}\"},\"query-input\":{\"@type\":\"PropertyValueSpecification\",\"valueRequired\":true,\"valueName\":\"search_term_string\"}}],\"inLanguage\":\"es\"},{\"@type\":\"Organization\",\"@id\":\"https:\/\/buscoequipomedico.com\/#organization\",\"name\":\"Tu mejor opci\u00f3n Equipo M\u00e9dico M\u00e9xico\",\"url\":\"https:\/\/buscoequipomedico.com\/\",\"logo\":{\"@type\":\"ImageObject\",\"inLanguage\":\"es\",\"@id\":\"https:\/\/buscoequipomedico.com\/#\/schema\/logo\/image\/\",\"url\":\"https:\/\/buscoequipomedico.com\/wp-content\/uploads\/2021\/07\/EMM-VPrincipal-scaled.jpg\",\"contentUrl\":\"https:\/\/buscoequipomedico.com\/wp-content\/uploads\/2021\/07\/EMM-VPrincipal-scaled.jpg\",\"width\":2560,\"height\":1058,\"caption\":\"Tu mejor opci\u00f3n Equipo M\u00e9dico M\u00e9xico\"},\"image\":{\"@id\":\"https:\/\/buscoequipomedico.com\/#\/schema\/logo\/image\/\"}}]}<\/script>\n<!-- \/ Yoast SEO plugin. -->","yoast_head_json":{"title":"Monitor de 8.0\u201d TOUCHSCREEN CON IMPRESORA - Tu mejor opci\u00f3n Equipo M\u00e9dico M\u00e9xico","robots":{"index":"index","follow":"follow","max-snippet":"max-snippet:-1","max-image-preview":"max-image-preview:large","max-video-preview":"max-video-preview:-1"},"canonical":"https:\/\/buscoequipomedico.com\/?product=monitor-de-8-0-touchscreen-con-impresora","og_locale":"es_ES","og_type":"article","og_title":"Monitor de 8.0\u201d TOUCHSCREEN CON IMPRESORA - Tu mejor opci\u00f3n Equipo M\u00e9dico M\u00e9xico","og_description":"\u2022 Pantalla a color de 8 \", adecuada para uso en interiores y exteriores \u2022 Men\u00fa de operaci\u00f3n f\u00e1cil de usar con iconos simples \u2022 Gran volumen de tendencias gr\u00e1ficas y tabulares de todos los par\u00e1metros. \u2022 Indicaci\u00f3n precisa de mal funcionamiento \u2022 An\u00e1lisis en tiempo real del segmento S-T y an\u00e1lisis\u00a0de arritmia","og_url":"https:\/\/buscoequipomedico.com\/?product=monitor-de-8-0-touchscreen-con-impresora","og_site_name":"Tu mejor opci\u00f3n Equipo M\u00e9dico M\u00e9xico","article_modified_time":"2020-02-18T07:36:28+00:00","og_image":[{"width":800,"height":800,"url":"https:\/\/buscoequipomedico.com\/wp-content\/uploads\/2020\/02\/monitor-de-80-touchscreen-con-impresora-o-pantalla-a-color-de-8-adecuada-para-uso-en-interiores-y-exteriores-o-menu-de-operacion.jpg","type":"image\/png"}],"twitter_card":"summary_large_image","schema":{"@context":"https:\/\/schema.org","@graph":[{"@type":"WebPage","@id":"https:\/\/buscoequipomedico.com\/?product=monitor-de-8-0-touchscreen-con-impresora","url":"https:\/\/buscoequipomedico.com\/?product=monitor-de-8-0-touchscreen-con-impresora","name":"Monitor de 8.0\u201d TOUCHSCREEN CON IMPRESORA - Tu mejor opci\u00f3n Equipo M\u00e9dico M\u00e9xico","isPartOf":{"@id":"https:\/\/buscoequipomedico.com\/#website"},"primaryImageOfPage":{"@id":"https:\/\/buscoequipomedico.com\/?product=monitor-de-8-0-touchscreen-con-impresora#primaryimage"},"image":{"@id":"https:\/\/buscoequipomedico.com\/?product=monitor-de-8-0-touchscreen-con-impresora#primaryimage"},"thumbnailUrl":"https:\/\/buscoequipomedico.com\/wp-content\/uploads\/2020\/02\/monitor-de-80-touchscreen-con-impresora-o-pantalla-a-color-de-8-adecuada-para-uso-en-interiores-y-exteriores-o-menu-de-operacion.jpg","datePublished":"2020-02-18T07:36:21+00:00","dateModified":"2020-02-18T07:36:28+00:00","breadcrumb":{"@id":"https:\/\/buscoequipomedico.com\/?product=monitor-de-8-0-touchscreen-con-impresora#breadcrumb"},"inLanguage":"es","potentialAction":[{"@type":"ReadAction","target":["https:\/\/buscoequipomedico.com\/?product=monitor-de-8-0-touchscreen-con-impresora"]}]},{"@type":"ImageObject","inLanguage":"es","@id":"https:\/\/buscoequipomedico.com\/?product=monitor-de-8-0-touchscreen-con-impresora#primaryimage","url":"https:\/\/buscoequipomedico.com\/wp-content\/uploads\/2020\/02\/monitor-de-80-touchscreen-con-impresora-o-pantalla-a-color-de-8-adecuada-para-uso-en-interiores-y-exteriores-o-menu-de-operacion.jpg","contentUrl":"https:\/\/buscoequipomedico.com\/wp-content\/uploads\/2020\/02\/monitor-de-80-touchscreen-con-impresora-o-pantalla-a-color-de-8-adecuada-para-uso-en-interiores-y-exteriores-o-menu-de-operacion.jpg","width":800,"height":800},{"@type":"BreadcrumbList","@id":"https:\/\/buscoequipomedico.com\/?product=monitor-de-8-0-touchscreen-con-impresora#breadcrumb","itemListElement":[{"@type":"ListItem","position":1,"name":"Productos","item":"https:\/\/buscoequipomedico.com\/shop\/"},{"@type":"ListItem","position":2,"name":"Monitor de 8.0\u201d TOUCHSCREEN CON IMPRESORA"}]},{"@type":"WebSite","@id":"https:\/\/buscoequipomedico.com\/#website","url":"https:\/\/buscoequipomedico.com\/","name":"Tu mejor opci\u00f3n Equipo M\u00e9dico M\u00e9xico","description":"Tienda de equipo m\u00e9dico","publisher":{"@id":"https:\/\/buscoequipomedico.com\/#organization"},"potentialAction":[{"@type":"SearchAction","target":{"@type":"EntryPoint","urlTemplate":"https:\/\/buscoequipomedico.com\/?s={search_term_string}"},"query-input":{"@type":"PropertyValueSpecification","valueRequired":true,"valueName":"search_term_string"}}],"inLanguage":"es"},{"@type":"Organization","@id":"https:\/\/buscoequipomedico.com\/#organization","name":"Tu mejor opci\u00f3n Equipo M\u00e9dico M\u00e9xico","url":"https:\/\/buscoequipomedico.com\/","logo":{"@type":"ImageObject","inLanguage":"es","@id":"https:\/\/buscoequipomedico.com\/#\/schema\/logo\/image\/","url":"https:\/\/buscoequipomedico.com\/wp-content\/uploads\/2021\/07\/EMM-VPrincipal-scaled.jpg","contentUrl":"https:\/\/buscoequipomedico.com\/wp-content\/uploads\/2021\/07\/EMM-VPrincipal-scaled.jpg","width":2560,"height":1058,"caption":"Tu mejor opci\u00f3n Equipo M\u00e9dico M\u00e9xico"},"image":{"@id":"https:\/\/buscoequipomedico.com\/#\/schema\/logo\/image\/"}}]}},"_links":{"self":[{"href":"https:\/\/buscoequipomedico.com\/index.php?rest_route=\/wp\/v2\/product\/12851","targetHints":{"allow":["GET"]}}],"collection":[{"href":"https:\/\/buscoequipomedico.com\/index.php?rest_route=\/wp\/v2\/product"}],"about":[{"href":"https:\/\/buscoequipomedico.com\/index.php?rest_route=\/wp\/v2\/types\/product"}],"wp:featuredmedia":[{"embeddable":true,"href":"https:\/\/buscoequipomedico.com\/index.php?rest_route=\/wp\/v2\/media\/12852"}],"wp:attachment":[{"href":"https:\/\/buscoequipomedico.com\/index.php?rest_route=%2Fwp%2Fv2%2Fmedia&parent=12851"}],"wp:term":[{"taxonomy":"product_brand","embeddable":true,"href":"https:\/\/buscoequipomedico.com\/index.php?rest_route=%2Fwp%2Fv2%2Fproduct_brand&post=12851"},{"taxonomy":"product_cat","embeddable":true,"href":"https:\/\/buscoequipomedico.com\/index.php?rest_route=%2Fwp%2Fv2%2Fproduct_cat&post=12851"},{"taxonomy":"product_tag","embeddable":true,"href":"https:\/\/buscoequipomedico.com\/index.php?rest_route=%2Fwp%2Fv2%2Fproduct_tag&post=12851"}],"curies":[{"name":"wp","href":"https:\/\/api.w.org\/{rel}","templated":true}]}}