{"id":12861,"date":"2020-02-18T07:36:30","date_gmt":"2020-02-18T07:36:30","guid":{"rendered":"https:\/\/equipomedicomexico-com.preview-domain.com\/product\/monitor-de-15-touch-sin-impresora\/"},"modified":"2020-02-18T07:36:30","modified_gmt":"2020-02-18T07:36:30","slug":"monitor-de-15-touch-sin-impresora","status":"publish","type":"product","link":"https:\/\/buscoequipomedico.com\/?product=monitor-de-15-touch-sin-impresora","title":{"rendered":"Monitor de 15\u201d TOUCH SIN IMPRESORA"},"content":{"rendered":"<p>\u2022 Interferencia anti-alta frecuencia, a prueba de desfibrilaci\u00f3n<\/p>\n<p>\u2022 Bater\u00eda de litio desmontable inferior para una instalaci\u00f3n<\/p>\n<p>conveniente<\/p>\n<p>\u2022 Cable de soporte \/ Sistema de monitoreo central inal\u00e1mbrico<\/p>\n<p>\u2022 Amplia aplicaci\u00f3n cl\u00ednica, adecuada para el quir\u00f3fano etc.<\/p>\n<p>\u2022 Est\u00e1ndar: ECG, NIBP, SpO2, RESP, TEMP, PR \/ HR<\/p>\n<\/p>\n<p>MONITOR DE PACIENTE Adulto\/Pedi\u00e1trico\/Neonatal<\/p>\n<p>ECG, RESPIRACION, TEMPERATURA, NIBP, SPO2, PR (Pulse rate)<\/p>\n<p>UNIDAD PRINCIPAL MONITOR 15\u201d TFT LCD COLOR 800\u00d7600 TOUCH SCREN<\/p>\n<p>Almacenamiento y revisi\u00f3n de datos<\/p>\n<p>96 hrs, de tendencias<\/p>\n<p>Configuraci\u00f3n est\u00e1ndar: 5 DERIVACIONES DE ECG,SpO2 , NIBP, TEMP, RESP. PR.<\/p>\n<p>Temperatura en 2 canales, 0-50 \u00b0C<\/p>\n<p>SPO2 0-100%, PR 40-250 BPM<\/p>\n<p>NIBP Oscilometrico adulto 10-280, Ped. 10-220, Neonatal 10-135 mmhg<\/p>\n<p>Respiracion: Adulto 0-120, Neonatal 0-150 rpm<\/p>\n<p><span>ECG: I,II,III, AVR, AVL, AVF, V\/I-III.<\/span><\/p>\n<p><span>INTERFASE: LAN<\/span><\/p>\n<p><span>Manija interconstruida<\/span><\/p>\n<p><span>Alimentaci\u00f3n el\u00e9ctrica: (free voltaje) 100~250V 50\/60Hz<\/span><\/p>\n<p><span>Bater\u00eda: ion de litio, 2 hrs de uso continuo, 6.5 Hr Carga Completa<\/span><\/p>\n<p><span>DIMENSIONES 37.0X34.0X17.0cm,<\/span><\/p>\n<p><span>PESO 4.6 KG.<\/span><\/p><\/p>\n","protected":false},"excerpt":{"rendered":"<p>Pantalla TFT LCD de alta resoluci\u00f3n de 15 \u00ab<\/p>\n<p>\u2022 Completo 3 modos de trabajo de diagn\u00f3stico, monitorizaci\u00f3n y<\/p>\n<p>operaci\u00f3n.<\/p>\n<p>\u2022 Gran volumen de tendencias gr\u00e1ficas y tabulares de todos los<\/p>\n<p>par\u00e1metros.<\/p>\n<p>\u2022 Alarma visual y auditiva de 3 niveles definida por el usuario<\/p>\n<\/p>\n<p>Incluye:<\/p>\n<p>Cable ECG 5 puntas<\/p>\n<p>Sensor SPO2<\/p>\n<p>Sensor Temperatura<\/p>\n<p>Manguera PANI<\/p>\n<p>Brazalete PANI Adulto<\/p>\n<p>Cable Alimentacion<\/p>\n<p>Manual operacion<\/p>\n","protected":false},"featured_media":12862,"template":"","meta":{"_joinchat":[]},"product_brand":[],"product_cat":[303],"product_tag":[],"class_list":{"0":"post-12861","1":"product","2":"type-product","3":"status-publish","4":"has-post-thumbnail","6":"product_cat-monitores","7":"pa_marca-promise","9":"first","10":"instock","11":"purchasable","12":"product-type-simple"},"yoast_head":"<!-- This site is optimized with the Yoast SEO plugin v25.1 - https:\/\/yoast.com\/wordpress\/plugins\/seo\/ -->\n<title>Monitor de 15\u201d TOUCH SIN IMPRESORA - Tu mejor opci\u00f3n Equipo M\u00e9dico M\u00e9xico<\/title>\n<meta name=\"robots\" content=\"index, follow, max-snippet:-1, max-image-preview:large, max-video-preview:-1\" \/>\n<link rel=\"canonical\" href=\"https:\/\/buscoequipomedico.com\/?product=monitor-de-15-touch-sin-impresora\" \/>\n<meta property=\"og:locale\" content=\"es_ES\" \/>\n<meta property=\"og:type\" content=\"article\" \/>\n<meta property=\"og:title\" content=\"Monitor de 15\u201d TOUCH SIN IMPRESORA - Tu mejor opci\u00f3n Equipo M\u00e9dico M\u00e9xico\" \/>\n<meta property=\"og:description\" content=\"Pantalla TFT LCD de alta resoluci\u00f3n de 15 &quot; \u2022 Completo 3 modos de trabajo de diagn\u00f3stico, monitorizaci\u00f3n y operaci\u00f3n. \u2022 Gran volumen de tendencias gr\u00e1ficas y tabulares de todos los par\u00e1metros. \u2022 Alarma visual y auditiva de 3 niveles definida por el usuario Incluye: Cable ECG 5 puntas Sensor SPO2 Sensor Temperatura Manguera PANI Brazalete PANI Adulto Cable Alimentacion Manual operacion\" \/>\n<meta property=\"og:url\" content=\"https:\/\/buscoequipomedico.com\/?product=monitor-de-15-touch-sin-impresora\" \/>\n<meta property=\"og:site_name\" content=\"Tu mejor opci\u00f3n Equipo M\u00e9dico M\u00e9xico\" \/>\n<meta property=\"og:image\" content=\"https:\/\/buscoequipomedico.com\/wp-content\/uploads\/2020\/02\/monitor-de-15-touch-sin-impresora-pantalla-tft-lcd-de-alta-resolucion-de-15-o-completo-3-modos-de-trabajo-de-diagnostico-monitor.jpg\" \/>\n\t<meta property=\"og:image:width\" content=\"800\" \/>\n\t<meta property=\"og:image:height\" content=\"800\" \/>\n\t<meta property=\"og:image:type\" content=\"image\/png\" \/>\n<meta name=\"twitter:card\" content=\"summary_large_image\" \/>\n<meta name=\"twitter:label1\" content=\"Tiempo de lectura\" \/>\n\t<meta name=\"twitter:data1\" content=\"1 minuto\" \/>\n<script type=\"application\/ld+json\" class=\"yoast-schema-graph\">{\"@context\":\"https:\/\/schema.org\",\"@graph\":[{\"@type\":\"WebPage\",\"@id\":\"https:\/\/buscoequipomedico.com\/?product=monitor-de-15-touch-sin-impresora\",\"url\":\"https:\/\/buscoequipomedico.com\/?product=monitor-de-15-touch-sin-impresora\",\"name\":\"Monitor de 15\u201d TOUCH SIN IMPRESORA - Tu mejor opci\u00f3n Equipo M\u00e9dico M\u00e9xico\",\"isPartOf\":{\"@id\":\"https:\/\/buscoequipomedico.com\/#website\"},\"primaryImageOfPage\":{\"@id\":\"https:\/\/buscoequipomedico.com\/?product=monitor-de-15-touch-sin-impresora#primaryimage\"},\"image\":{\"@id\":\"https:\/\/buscoequipomedico.com\/?product=monitor-de-15-touch-sin-impresora#primaryimage\"},\"thumbnailUrl\":\"https:\/\/buscoequipomedico.com\/wp-content\/uploads\/2020\/02\/monitor-de-15-touch-sin-impresora-pantalla-tft-lcd-de-alta-resolucion-de-15-o-completo-3-modos-de-trabajo-de-diagnostico-monitor.jpg\",\"datePublished\":\"2020-02-18T07:36:30+00:00\",\"breadcrumb\":{\"@id\":\"https:\/\/buscoequipomedico.com\/?product=monitor-de-15-touch-sin-impresora#breadcrumb\"},\"inLanguage\":\"es\",\"potentialAction\":[{\"@type\":\"ReadAction\",\"target\":[\"https:\/\/buscoequipomedico.com\/?product=monitor-de-15-touch-sin-impresora\"]}]},{\"@type\":\"ImageObject\",\"inLanguage\":\"es\",\"@id\":\"https:\/\/buscoequipomedico.com\/?product=monitor-de-15-touch-sin-impresora#primaryimage\",\"url\":\"https:\/\/buscoequipomedico.com\/wp-content\/uploads\/2020\/02\/monitor-de-15-touch-sin-impresora-pantalla-tft-lcd-de-alta-resolucion-de-15-o-completo-3-modos-de-trabajo-de-diagnostico-monitor.jpg\",\"contentUrl\":\"https:\/\/buscoequipomedico.com\/wp-content\/uploads\/2020\/02\/monitor-de-15-touch-sin-impresora-pantalla-tft-lcd-de-alta-resolucion-de-15-o-completo-3-modos-de-trabajo-de-diagnostico-monitor.jpg\",\"width\":800,\"height\":800},{\"@type\":\"BreadcrumbList\",\"@id\":\"https:\/\/buscoequipomedico.com\/?product=monitor-de-15-touch-sin-impresora#breadcrumb\",\"itemListElement\":[{\"@type\":\"ListItem\",\"position\":1,\"name\":\"Productos\",\"item\":\"https:\/\/buscoequipomedico.com\/shop\/\"},{\"@type\":\"ListItem\",\"position\":2,\"name\":\"Monitor de 15\u201d TOUCH SIN IMPRESORA\"}]},{\"@type\":\"WebSite\",\"@id\":\"https:\/\/buscoequipomedico.com\/#website\",\"url\":\"https:\/\/buscoequipomedico.com\/\",\"name\":\"Tu mejor opci\u00f3n Equipo M\u00e9dico M\u00e9xico\",\"description\":\"Tienda de equipo m\u00e9dico\",\"publisher\":{\"@id\":\"https:\/\/buscoequipomedico.com\/#organization\"},\"potentialAction\":[{\"@type\":\"SearchAction\",\"target\":{\"@type\":\"EntryPoint\",\"urlTemplate\":\"https:\/\/buscoequipomedico.com\/?s={search_term_string}\"},\"query-input\":{\"@type\":\"PropertyValueSpecification\",\"valueRequired\":true,\"valueName\":\"search_term_string\"}}],\"inLanguage\":\"es\"},{\"@type\":\"Organization\",\"@id\":\"https:\/\/buscoequipomedico.com\/#organization\",\"name\":\"Tu mejor opci\u00f3n Equipo M\u00e9dico M\u00e9xico\",\"url\":\"https:\/\/buscoequipomedico.com\/\",\"logo\":{\"@type\":\"ImageObject\",\"inLanguage\":\"es\",\"@id\":\"https:\/\/buscoequipomedico.com\/#\/schema\/logo\/image\/\",\"url\":\"https:\/\/buscoequipomedico.com\/wp-content\/uploads\/2021\/07\/EMM-VPrincipal-scaled.jpg\",\"contentUrl\":\"https:\/\/buscoequipomedico.com\/wp-content\/uploads\/2021\/07\/EMM-VPrincipal-scaled.jpg\",\"width\":2560,\"height\":1058,\"caption\":\"Tu mejor opci\u00f3n Equipo M\u00e9dico M\u00e9xico\"},\"image\":{\"@id\":\"https:\/\/buscoequipomedico.com\/#\/schema\/logo\/image\/\"}}]}<\/script>\n<!-- \/ Yoast SEO plugin. -->","yoast_head_json":{"title":"Monitor de 15\u201d TOUCH SIN IMPRESORA - Tu mejor opci\u00f3n Equipo M\u00e9dico M\u00e9xico","robots":{"index":"index","follow":"follow","max-snippet":"max-snippet:-1","max-image-preview":"max-image-preview:large","max-video-preview":"max-video-preview:-1"},"canonical":"https:\/\/buscoequipomedico.com\/?product=monitor-de-15-touch-sin-impresora","og_locale":"es_ES","og_type":"article","og_title":"Monitor de 15\u201d TOUCH SIN IMPRESORA - Tu mejor opci\u00f3n Equipo M\u00e9dico M\u00e9xico","og_description":"Pantalla TFT LCD de alta resoluci\u00f3n de 15 \" \u2022 Completo 3 modos de trabajo de diagn\u00f3stico, monitorizaci\u00f3n y operaci\u00f3n. \u2022 Gran volumen de tendencias gr\u00e1ficas y tabulares de todos los par\u00e1metros. \u2022 Alarma visual y auditiva de 3 niveles definida por el usuario Incluye: Cable ECG 5 puntas Sensor SPO2 Sensor Temperatura Manguera PANI Brazalete PANI Adulto Cable Alimentacion Manual operacion","og_url":"https:\/\/buscoequipomedico.com\/?product=monitor-de-15-touch-sin-impresora","og_site_name":"Tu mejor opci\u00f3n Equipo M\u00e9dico M\u00e9xico","og_image":[{"width":800,"height":800,"url":"https:\/\/buscoequipomedico.com\/wp-content\/uploads\/2020\/02\/monitor-de-15-touch-sin-impresora-pantalla-tft-lcd-de-alta-resolucion-de-15-o-completo-3-modos-de-trabajo-de-diagnostico-monitor.jpg","type":"image\/png"}],"twitter_card":"summary_large_image","twitter_misc":{"Tiempo de lectura":"1 minuto"},"schema":{"@context":"https:\/\/schema.org","@graph":[{"@type":"WebPage","@id":"https:\/\/buscoequipomedico.com\/?product=monitor-de-15-touch-sin-impresora","url":"https:\/\/buscoequipomedico.com\/?product=monitor-de-15-touch-sin-impresora","name":"Monitor de 15\u201d TOUCH SIN IMPRESORA - Tu mejor opci\u00f3n Equipo M\u00e9dico M\u00e9xico","isPartOf":{"@id":"https:\/\/buscoequipomedico.com\/#website"},"primaryImageOfPage":{"@id":"https:\/\/buscoequipomedico.com\/?product=monitor-de-15-touch-sin-impresora#primaryimage"},"image":{"@id":"https:\/\/buscoequipomedico.com\/?product=monitor-de-15-touch-sin-impresora#primaryimage"},"thumbnailUrl":"https:\/\/buscoequipomedico.com\/wp-content\/uploads\/2020\/02\/monitor-de-15-touch-sin-impresora-pantalla-tft-lcd-de-alta-resolucion-de-15-o-completo-3-modos-de-trabajo-de-diagnostico-monitor.jpg","datePublished":"2020-02-18T07:36:30+00:00","breadcrumb":{"@id":"https:\/\/buscoequipomedico.com\/?product=monitor-de-15-touch-sin-impresora#breadcrumb"},"inLanguage":"es","potentialAction":[{"@type":"ReadAction","target":["https:\/\/buscoequipomedico.com\/?product=monitor-de-15-touch-sin-impresora"]}]},{"@type":"ImageObject","inLanguage":"es","@id":"https:\/\/buscoequipomedico.com\/?product=monitor-de-15-touch-sin-impresora#primaryimage","url":"https:\/\/buscoequipomedico.com\/wp-content\/uploads\/2020\/02\/monitor-de-15-touch-sin-impresora-pantalla-tft-lcd-de-alta-resolucion-de-15-o-completo-3-modos-de-trabajo-de-diagnostico-monitor.jpg","contentUrl":"https:\/\/buscoequipomedico.com\/wp-content\/uploads\/2020\/02\/monitor-de-15-touch-sin-impresora-pantalla-tft-lcd-de-alta-resolucion-de-15-o-completo-3-modos-de-trabajo-de-diagnostico-monitor.jpg","width":800,"height":800},{"@type":"BreadcrumbList","@id":"https:\/\/buscoequipomedico.com\/?product=monitor-de-15-touch-sin-impresora#breadcrumb","itemListElement":[{"@type":"ListItem","position":1,"name":"Productos","item":"https:\/\/buscoequipomedico.com\/shop\/"},{"@type":"ListItem","position":2,"name":"Monitor de 15\u201d TOUCH SIN IMPRESORA"}]},{"@type":"WebSite","@id":"https:\/\/buscoequipomedico.com\/#website","url":"https:\/\/buscoequipomedico.com\/","name":"Tu mejor opci\u00f3n Equipo M\u00e9dico M\u00e9xico","description":"Tienda de equipo m\u00e9dico","publisher":{"@id":"https:\/\/buscoequipomedico.com\/#organization"},"potentialAction":[{"@type":"SearchAction","target":{"@type":"EntryPoint","urlTemplate":"https:\/\/buscoequipomedico.com\/?s={search_term_string}"},"query-input":{"@type":"PropertyValueSpecification","valueRequired":true,"valueName":"search_term_string"}}],"inLanguage":"es"},{"@type":"Organization","@id":"https:\/\/buscoequipomedico.com\/#organization","name":"Tu mejor opci\u00f3n Equipo M\u00e9dico M\u00e9xico","url":"https:\/\/buscoequipomedico.com\/","logo":{"@type":"ImageObject","inLanguage":"es","@id":"https:\/\/buscoequipomedico.com\/#\/schema\/logo\/image\/","url":"https:\/\/buscoequipomedico.com\/wp-content\/uploads\/2021\/07\/EMM-VPrincipal-scaled.jpg","contentUrl":"https:\/\/buscoequipomedico.com\/wp-content\/uploads\/2021\/07\/EMM-VPrincipal-scaled.jpg","width":2560,"height":1058,"caption":"Tu mejor opci\u00f3n Equipo M\u00e9dico M\u00e9xico"},"image":{"@id":"https:\/\/buscoequipomedico.com\/#\/schema\/logo\/image\/"}}]}},"_links":{"self":[{"href":"https:\/\/buscoequipomedico.com\/index.php?rest_route=\/wp\/v2\/product\/12861","targetHints":{"allow":["GET"]}}],"collection":[{"href":"https:\/\/buscoequipomedico.com\/index.php?rest_route=\/wp\/v2\/product"}],"about":[{"href":"https:\/\/buscoequipomedico.com\/index.php?rest_route=\/wp\/v2\/types\/product"}],"wp:featuredmedia":[{"embeddable":true,"href":"https:\/\/buscoequipomedico.com\/index.php?rest_route=\/wp\/v2\/media\/12862"}],"wp:attachment":[{"href":"https:\/\/buscoequipomedico.com\/index.php?rest_route=%2Fwp%2Fv2%2Fmedia&parent=12861"}],"wp:term":[{"taxonomy":"product_brand","embeddable":true,"href":"https:\/\/buscoequipomedico.com\/index.php?rest_route=%2Fwp%2Fv2%2Fproduct_brand&post=12861"},{"taxonomy":"product_cat","embeddable":true,"href":"https:\/\/buscoequipomedico.com\/index.php?rest_route=%2Fwp%2Fv2%2Fproduct_cat&post=12861"},{"taxonomy":"product_tag","embeddable":true,"href":"https:\/\/buscoequipomedico.com\/index.php?rest_route=%2Fwp%2Fv2%2Fproduct_tag&post=12861"}],"curies":[{"name":"wp","href":"https:\/\/api.w.org\/{rel}","templated":true}]}}