{"id":12867,"date":"2020-02-18T07:36:30","date_gmt":"2020-02-18T07:36:30","guid":{"rendered":"https:\/\/equipomedicomexico-com.preview-domain.com\/product\/monitor-de-transporte-ambulancia\/"},"modified":"2020-02-18T07:36:31","modified_gmt":"2020-02-18T07:36:31","slug":"monitor-de-transporte-ambulancia","status":"publish","type":"product","link":"https:\/\/buscoequipomedico.com\/?product=monitor-de-transporte-ambulancia","title":{"rendered":"MONITOR DE TRANSPORTE\/AMBULANCIA"},"content":{"rendered":"<p>INCLUYE CONFIGURACION ESTANDAR: ECG, SPO2, PR, NIBP, Resp, Gancho para sujetar, Entrada para Adaptador de energ\u00eda para veh\u00edculos. (no incluye el adaptador [POWER INVERTER 500W P\/Auto])<\/p>\n<p>\u2756 8.4\u201d COLOR MONITOR \u201cTOUCH SCREEN\u201d 800X600<\/p>\n<p>\u2756 PLATAFORMA LINUX<\/p>\n<p>\u2756 Cable de 5 puntas, 7 Canales seleccionables<\/p>\n<p>\u2756 Varias configuraciones de pantalla:<\/p>\n<p>\u27a2 hasta 4 formas de onda,<\/p>\n<p>\u27a2 Interface multi derivaciones de pantalla complete,<\/p>\n<p>\u27a2 6 parametros en pantalla,<\/p>\n<p>\u27a2 interface de n\u00fameros grandes,<\/p>\n<p>\u27a2 interface OxyCRG<\/p>\n<p>\u2756 Memoria:<\/p>\n<p>\u27a2 Eventos de alarma; 500 grupos (120 Hrs)<\/p>\n<p>\u27a2 Onda : 30 min<\/p>\n<p>\u27a2 NIBP: 2000 grupos<\/p>\n<p>\u27a2 Tendencias Graficas: 120 Hrs<\/p>\n<p>\u27a2 Tendencias Num\u00e9ricas: 120 Hrs<\/p>\n<p>\u2756 Soluci\u00f3n multi montaje: colgado vertical, colgado horizontal, gancho y montaje de pared<\/p>\n<p>\u2756 ALARMAS AUDIBLES Y VISUALES<\/p>\n<p>\u2756 Los par\u00e1metros y formas de onda son ajustables<\/p>\n<p>\u2756 Soporta Ingl\u00e9s, Espa\u00f1ol, Turco y 15 lenguajes mas<\/p>\n<p>\u2756 La escritura a mano alzada est\u00e1 Disponible para meter la informaci\u00f3n del paciente<\/p>\n<p>\u2756 An\u00e1lisis de arritmias, An\u00e1lisis del segmento ST, detecci\u00f3n de marcapasos<\/p>\n<p>\u2756 Adaptador de energ\u00eda para veh\u00edculos o ambulancia OPCIONAL<\/p>\n<p>\u2756 Port\u00e1til anti ca\u00edda, anti choques, excelente desempe\u00f1o en condiciones de traslado<\/p>\n<p>\u2756 BAERIA RECARGABLE INTEGRADA 2 HORAS DE TRABAJO CONTINUO.<\/p>\n<p>\u2756 Dimensiones, peso y alimentaci\u00f3n el\u00e9ctrica: 107X214X246mm, 3 Kg, Free Voltage: 100~250Vac, 50\/60Hz<\/p>\n<p>\u2756 Interfaces: RJ45 (LAN) \/ USB<\/p>\n","protected":false},"excerpt":{"rendered":"<p>\u2022 UNIDAD PRINCIPAL , 8.4\u201d COLOR touch screen<\/p>\n<p>\u2022 A prueba de agua IPXI<\/p>\n<p>\u2022 Almacenamiento y revisi\u00f3n de datos por USB.<\/p>\n<p>\u2022 An\u00e1lisis de Arritmias, An\u00e1lisis del segmento ST, OxyCRG (oxicardio respirograma)<\/p>\n<p>\u2022 720 segundos (12 min) de revisi\u00f3n completa de la forma de onda<\/p>\n<p>\u2022 120 hrs, (5 dias) de tendencias Graficas y Tabulares de todos los par\u00e1metros.<\/p>\n<p>\u2022 Configuraci\u00f3n est\u00e1ndar: 5DERIVACIONES DE ECG, SpO2 COMEN, NIBP, TEMP, RESP. PR.<\/p>\n","protected":false},"featured_media":12868,"template":"","meta":{"_joinchat":[]},"product_brand":[],"product_cat":[303],"product_tag":[],"class_list":{"0":"post-12867","1":"product","2":"type-product","3":"status-publish","4":"has-post-thumbnail","6":"product_cat-monitores","7":"pa_marca-comen","9":"first","10":"instock","11":"purchasable","12":"product-type-simple"},"yoast_head":"<!-- This site is optimized with the Yoast SEO plugin v25.1 - https:\/\/yoast.com\/wordpress\/plugins\/seo\/ -->\n<title>MONITOR DE TRANSPORTE\/AMBULANCIA - Tu mejor opci\u00f3n Equipo M\u00e9dico M\u00e9xico<\/title>\n<meta name=\"robots\" content=\"index, follow, max-snippet:-1, max-image-preview:large, max-video-preview:-1\" \/>\n<link rel=\"canonical\" href=\"https:\/\/buscoequipomedico.com\/?product=monitor-de-transporte-ambulancia\" \/>\n<meta property=\"og:locale\" content=\"es_ES\" \/>\n<meta property=\"og:type\" content=\"article\" \/>\n<meta property=\"og:title\" content=\"MONITOR DE TRANSPORTE\/AMBULANCIA - Tu mejor opci\u00f3n Equipo M\u00e9dico M\u00e9xico\" \/>\n<meta property=\"og:description\" content=\"\u2022 UNIDAD PRINCIPAL , 8.4\u201d COLOR touch screen \u2022 A prueba de agua IPXI \u2022 Almacenamiento y revisi\u00f3n de datos por USB. \u2022 An\u00e1lisis de Arritmias, An\u00e1lisis del segmento ST, OxyCRG (oxicardio respirograma) \u2022 720 segundos (12 min) de revisi\u00f3n completa de la forma de onda \u2022 120 hrs, (5 dias) de tendencias Graficas y Tabulares de todos los par\u00e1metros. \u2022 Configuraci\u00f3n est\u00e1ndar: 5DERIVACIONES DE ECG, SpO2 COMEN, NIBP, TEMP, RESP. PR.\" \/>\n<meta property=\"og:url\" content=\"https:\/\/buscoequipomedico.com\/?product=monitor-de-transporte-ambulancia\" \/>\n<meta property=\"og:site_name\" content=\"Tu mejor opci\u00f3n Equipo M\u00e9dico M\u00e9xico\" \/>\n<meta property=\"article:modified_time\" content=\"2020-02-18T07:36:31+00:00\" \/>\n<meta property=\"og:image\" content=\"https:\/\/buscoequipomedico.com\/wp-content\/uploads\/2020\/02\/monitor-de-transporte-ambulancia-o-unidad-principal-84-color-touch-screen-o-a-prueba-de-agua-ipxi-o-almacenamiento-y-revision-de.jpg\" \/>\n\t<meta property=\"og:image:width\" content=\"800\" \/>\n\t<meta property=\"og:image:height\" content=\"800\" \/>\n\t<meta property=\"og:image:type\" content=\"image\/png\" \/>\n<meta name=\"twitter:card\" content=\"summary_large_image\" \/>\n<meta name=\"twitter:label1\" content=\"Tiempo de lectura\" \/>\n\t<meta name=\"twitter:data1\" content=\"1 minuto\" \/>\n<script type=\"application\/ld+json\" class=\"yoast-schema-graph\">{\"@context\":\"https:\/\/schema.org\",\"@graph\":[{\"@type\":\"WebPage\",\"@id\":\"https:\/\/buscoequipomedico.com\/?product=monitor-de-transporte-ambulancia\",\"url\":\"https:\/\/buscoequipomedico.com\/?product=monitor-de-transporte-ambulancia\",\"name\":\"MONITOR DE TRANSPORTE\/AMBULANCIA - Tu mejor opci\u00f3n Equipo M\u00e9dico M\u00e9xico\",\"isPartOf\":{\"@id\":\"https:\/\/buscoequipomedico.com\/#website\"},\"primaryImageOfPage\":{\"@id\":\"https:\/\/buscoequipomedico.com\/?product=monitor-de-transporte-ambulancia#primaryimage\"},\"image\":{\"@id\":\"https:\/\/buscoequipomedico.com\/?product=monitor-de-transporte-ambulancia#primaryimage\"},\"thumbnailUrl\":\"https:\/\/buscoequipomedico.com\/wp-content\/uploads\/2020\/02\/monitor-de-transporte-ambulancia-o-unidad-principal-84-color-touch-screen-o-a-prueba-de-agua-ipxi-o-almacenamiento-y-revision-de.jpg\",\"datePublished\":\"2020-02-18T07:36:30+00:00\",\"dateModified\":\"2020-02-18T07:36:31+00:00\",\"breadcrumb\":{\"@id\":\"https:\/\/buscoequipomedico.com\/?product=monitor-de-transporte-ambulancia#breadcrumb\"},\"inLanguage\":\"es\",\"potentialAction\":[{\"@type\":\"ReadAction\",\"target\":[\"https:\/\/buscoequipomedico.com\/?product=monitor-de-transporte-ambulancia\"]}]},{\"@type\":\"ImageObject\",\"inLanguage\":\"es\",\"@id\":\"https:\/\/buscoequipomedico.com\/?product=monitor-de-transporte-ambulancia#primaryimage\",\"url\":\"https:\/\/buscoequipomedico.com\/wp-content\/uploads\/2020\/02\/monitor-de-transporte-ambulancia-o-unidad-principal-84-color-touch-screen-o-a-prueba-de-agua-ipxi-o-almacenamiento-y-revision-de.jpg\",\"contentUrl\":\"https:\/\/buscoequipomedico.com\/wp-content\/uploads\/2020\/02\/monitor-de-transporte-ambulancia-o-unidad-principal-84-color-touch-screen-o-a-prueba-de-agua-ipxi-o-almacenamiento-y-revision-de.jpg\",\"width\":800,\"height\":800},{\"@type\":\"BreadcrumbList\",\"@id\":\"https:\/\/buscoequipomedico.com\/?product=monitor-de-transporte-ambulancia#breadcrumb\",\"itemListElement\":[{\"@type\":\"ListItem\",\"position\":1,\"name\":\"Productos\",\"item\":\"https:\/\/buscoequipomedico.com\/shop\/\"},{\"@type\":\"ListItem\",\"position\":2,\"name\":\"MONITOR DE TRANSPORTE\/AMBULANCIA\"}]},{\"@type\":\"WebSite\",\"@id\":\"https:\/\/buscoequipomedico.com\/#website\",\"url\":\"https:\/\/buscoequipomedico.com\/\",\"name\":\"Tu mejor opci\u00f3n Equipo M\u00e9dico M\u00e9xico\",\"description\":\"Tienda de equipo m\u00e9dico\",\"publisher\":{\"@id\":\"https:\/\/buscoequipomedico.com\/#organization\"},\"potentialAction\":[{\"@type\":\"SearchAction\",\"target\":{\"@type\":\"EntryPoint\",\"urlTemplate\":\"https:\/\/buscoequipomedico.com\/?s={search_term_string}\"},\"query-input\":{\"@type\":\"PropertyValueSpecification\",\"valueRequired\":true,\"valueName\":\"search_term_string\"}}],\"inLanguage\":\"es\"},{\"@type\":\"Organization\",\"@id\":\"https:\/\/buscoequipomedico.com\/#organization\",\"name\":\"Tu mejor opci\u00f3n Equipo M\u00e9dico M\u00e9xico\",\"url\":\"https:\/\/buscoequipomedico.com\/\",\"logo\":{\"@type\":\"ImageObject\",\"inLanguage\":\"es\",\"@id\":\"https:\/\/buscoequipomedico.com\/#\/schema\/logo\/image\/\",\"url\":\"https:\/\/buscoequipomedico.com\/wp-content\/uploads\/2021\/07\/EMM-VPrincipal-scaled.jpg\",\"contentUrl\":\"https:\/\/buscoequipomedico.com\/wp-content\/uploads\/2021\/07\/EMM-VPrincipal-scaled.jpg\",\"width\":2560,\"height\":1058,\"caption\":\"Tu mejor opci\u00f3n Equipo M\u00e9dico M\u00e9xico\"},\"image\":{\"@id\":\"https:\/\/buscoequipomedico.com\/#\/schema\/logo\/image\/\"}}]}<\/script>\n<!-- \/ Yoast SEO plugin. -->","yoast_head_json":{"title":"MONITOR DE TRANSPORTE\/AMBULANCIA - Tu mejor opci\u00f3n Equipo M\u00e9dico M\u00e9xico","robots":{"index":"index","follow":"follow","max-snippet":"max-snippet:-1","max-image-preview":"max-image-preview:large","max-video-preview":"max-video-preview:-1"},"canonical":"https:\/\/buscoequipomedico.com\/?product=monitor-de-transporte-ambulancia","og_locale":"es_ES","og_type":"article","og_title":"MONITOR DE TRANSPORTE\/AMBULANCIA - Tu mejor opci\u00f3n Equipo M\u00e9dico M\u00e9xico","og_description":"\u2022 UNIDAD PRINCIPAL , 8.4\u201d COLOR touch screen \u2022 A prueba de agua IPXI \u2022 Almacenamiento y revisi\u00f3n de datos por USB. \u2022 An\u00e1lisis de Arritmias, An\u00e1lisis del segmento ST, OxyCRG (oxicardio respirograma) \u2022 720 segundos (12 min) de revisi\u00f3n completa de la forma de onda \u2022 120 hrs, (5 dias) de tendencias Graficas y Tabulares de todos los par\u00e1metros. \u2022 Configuraci\u00f3n est\u00e1ndar: 5DERIVACIONES DE ECG, SpO2 COMEN, NIBP, TEMP, RESP. PR.","og_url":"https:\/\/buscoequipomedico.com\/?product=monitor-de-transporte-ambulancia","og_site_name":"Tu mejor opci\u00f3n Equipo M\u00e9dico M\u00e9xico","article_modified_time":"2020-02-18T07:36:31+00:00","og_image":[{"width":800,"height":800,"url":"https:\/\/buscoequipomedico.com\/wp-content\/uploads\/2020\/02\/monitor-de-transporte-ambulancia-o-unidad-principal-84-color-touch-screen-o-a-prueba-de-agua-ipxi-o-almacenamiento-y-revision-de.jpg","type":"image\/png"}],"twitter_card":"summary_large_image","twitter_misc":{"Tiempo de lectura":"1 minuto"},"schema":{"@context":"https:\/\/schema.org","@graph":[{"@type":"WebPage","@id":"https:\/\/buscoequipomedico.com\/?product=monitor-de-transporte-ambulancia","url":"https:\/\/buscoequipomedico.com\/?product=monitor-de-transporte-ambulancia","name":"MONITOR DE TRANSPORTE\/AMBULANCIA - Tu mejor opci\u00f3n Equipo M\u00e9dico M\u00e9xico","isPartOf":{"@id":"https:\/\/buscoequipomedico.com\/#website"},"primaryImageOfPage":{"@id":"https:\/\/buscoequipomedico.com\/?product=monitor-de-transporte-ambulancia#primaryimage"},"image":{"@id":"https:\/\/buscoequipomedico.com\/?product=monitor-de-transporte-ambulancia#primaryimage"},"thumbnailUrl":"https:\/\/buscoequipomedico.com\/wp-content\/uploads\/2020\/02\/monitor-de-transporte-ambulancia-o-unidad-principal-84-color-touch-screen-o-a-prueba-de-agua-ipxi-o-almacenamiento-y-revision-de.jpg","datePublished":"2020-02-18T07:36:30+00:00","dateModified":"2020-02-18T07:36:31+00:00","breadcrumb":{"@id":"https:\/\/buscoequipomedico.com\/?product=monitor-de-transporte-ambulancia#breadcrumb"},"inLanguage":"es","potentialAction":[{"@type":"ReadAction","target":["https:\/\/buscoequipomedico.com\/?product=monitor-de-transporte-ambulancia"]}]},{"@type":"ImageObject","inLanguage":"es","@id":"https:\/\/buscoequipomedico.com\/?product=monitor-de-transporte-ambulancia#primaryimage","url":"https:\/\/buscoequipomedico.com\/wp-content\/uploads\/2020\/02\/monitor-de-transporte-ambulancia-o-unidad-principal-84-color-touch-screen-o-a-prueba-de-agua-ipxi-o-almacenamiento-y-revision-de.jpg","contentUrl":"https:\/\/buscoequipomedico.com\/wp-content\/uploads\/2020\/02\/monitor-de-transporte-ambulancia-o-unidad-principal-84-color-touch-screen-o-a-prueba-de-agua-ipxi-o-almacenamiento-y-revision-de.jpg","width":800,"height":800},{"@type":"BreadcrumbList","@id":"https:\/\/buscoequipomedico.com\/?product=monitor-de-transporte-ambulancia#breadcrumb","itemListElement":[{"@type":"ListItem","position":1,"name":"Productos","item":"https:\/\/buscoequipomedico.com\/shop\/"},{"@type":"ListItem","position":2,"name":"MONITOR DE TRANSPORTE\/AMBULANCIA"}]},{"@type":"WebSite","@id":"https:\/\/buscoequipomedico.com\/#website","url":"https:\/\/buscoequipomedico.com\/","name":"Tu mejor opci\u00f3n Equipo M\u00e9dico M\u00e9xico","description":"Tienda de equipo m\u00e9dico","publisher":{"@id":"https:\/\/buscoequipomedico.com\/#organization"},"potentialAction":[{"@type":"SearchAction","target":{"@type":"EntryPoint","urlTemplate":"https:\/\/buscoequipomedico.com\/?s={search_term_string}"},"query-input":{"@type":"PropertyValueSpecification","valueRequired":true,"valueName":"search_term_string"}}],"inLanguage":"es"},{"@type":"Organization","@id":"https:\/\/buscoequipomedico.com\/#organization","name":"Tu mejor opci\u00f3n Equipo M\u00e9dico M\u00e9xico","url":"https:\/\/buscoequipomedico.com\/","logo":{"@type":"ImageObject","inLanguage":"es","@id":"https:\/\/buscoequipomedico.com\/#\/schema\/logo\/image\/","url":"https:\/\/buscoequipomedico.com\/wp-content\/uploads\/2021\/07\/EMM-VPrincipal-scaled.jpg","contentUrl":"https:\/\/buscoequipomedico.com\/wp-content\/uploads\/2021\/07\/EMM-VPrincipal-scaled.jpg","width":2560,"height":1058,"caption":"Tu mejor opci\u00f3n Equipo M\u00e9dico M\u00e9xico"},"image":{"@id":"https:\/\/buscoequipomedico.com\/#\/schema\/logo\/image\/"}}]}},"_links":{"self":[{"href":"https:\/\/buscoequipomedico.com\/index.php?rest_route=\/wp\/v2\/product\/12867","targetHints":{"allow":["GET"]}}],"collection":[{"href":"https:\/\/buscoequipomedico.com\/index.php?rest_route=\/wp\/v2\/product"}],"about":[{"href":"https:\/\/buscoequipomedico.com\/index.php?rest_route=\/wp\/v2\/types\/product"}],"wp:featuredmedia":[{"embeddable":true,"href":"https:\/\/buscoequipomedico.com\/index.php?rest_route=\/wp\/v2\/media\/12868"}],"wp:attachment":[{"href":"https:\/\/buscoequipomedico.com\/index.php?rest_route=%2Fwp%2Fv2%2Fmedia&parent=12867"}],"wp:term":[{"taxonomy":"product_brand","embeddable":true,"href":"https:\/\/buscoequipomedico.com\/index.php?rest_route=%2Fwp%2Fv2%2Fproduct_brand&post=12867"},{"taxonomy":"product_cat","embeddable":true,"href":"https:\/\/buscoequipomedico.com\/index.php?rest_route=%2Fwp%2Fv2%2Fproduct_cat&post=12867"},{"taxonomy":"product_tag","embeddable":true,"href":"https:\/\/buscoequipomedico.com\/index.php?rest_route=%2Fwp%2Fv2%2Fproduct_tag&post=12867"}],"curies":[{"name":"wp","href":"https:\/\/api.w.org\/{rel}","templated":true}]}}