{"id":12869,"date":"2020-02-18T07:36:30","date_gmt":"2020-02-18T07:36:30","guid":{"rendered":"https:\/\/equipomedicomexico-com.preview-domain.com\/product\/monitor-de-paciente-adulto-pediatrico-neonatal-fda-ce-iso\/"},"modified":"2020-02-18T07:36:32","modified_gmt":"2020-02-18T07:36:32","slug":"monitor-de-paciente-adulto-pediatrico-neonatal-fda-ce-iso","status":"publish","type":"product","link":"https:\/\/buscoequipomedico.com\/?product=monitor-de-paciente-adulto-pediatrico-neonatal-fda-ce-iso","title":{"rendered":"MONITOR DE PACIENTE ADULTO\/PEDI\u00c1TRICO\/NEONATAL FDA, CE, ISO"},"content":{"rendered":"<p>INCLUYE: ECG (CABLE 5 PUNTAS), HR, RESPIRACION, TEMP (UN SENSOR), SPO2 COMEN (SENSOR ADULTOY EXTENSION), NIBP (MANGUERA Y BRAZAL ADULTO), MANUAL DE USUARIO, CABLE DE ALIMENTACION Y TIERRA.<\/p>\n<p>\u2022 5 leads ECG, RESPRACION, TEMPERATURA (dual), NIBP, SPO2 Comen, PR (pulse rate)<\/p>\n<p>\u2022 10.4\u201d COLOR MONITOR \u201cTOUCH SCREEN\u201d 800X600, 7 formas de onda<\/p>\n<p>\u2022 ECG 5 puntas seleccionables 7 CANALES<\/p>\n<p>\u2022 Alarmas Visibles y Audibles<\/p>\n<p>\u2022 I-KLOK: manejo inteligente de alarmas, identifica el nivel de alarma para evitar falsos<\/p>\n<p>\u2022 Bater\u00eda ion-litio, 4,000 mAh. 4 horas de trabajo continuo, 6.5 hrs para carga completa<\/p>\n<p>\u2022 IPXI: a prueba de agua, Asa integrada, dise\u00f1o ergonomico<\/p>\n<p>\u2022 USB, SD, LAN port, llamado a enfermera, Interfaces de RED y VGA (salida de Video)<\/p>\n<p>\u2022 Memoria: 120 Hrs de tendencias<\/p>\n<p>\u2022 Dimensiones, peso y Alimentaci\u00f3n el\u00e9ctrica: 291.7X250X146.5mm, 4.5 Kg, Free Voltage: 100~250Vac, 50\/60Hz<\/p>\n<p>\u2022 An\u00e1lisis<\/p>\n<p>\u27a2 An\u00e1lisis de Arritmia,<\/p>\n<p>\u27a2 An\u00e1lisis del segmento ST,<\/p>\n<p>\u27a2 c\u00e1lculo de dosis de medicamentos,<\/p>\n<p>\u27a2 detecci\u00f3n de marcapasos,<\/p>\n<p>\u27a2 respiraci\u00f3n (Alarma de Apnea incluida),<\/p>\n<p>\u27a2 Oxy-CRG (Oxicardiorespirograma)<\/p>\n","protected":false},"excerpt":{"rendered":"<p>\u2022 UNIDAD PRINCIPAL , 10.4\u201d COLOR touch screen<\/p>\n<p>\u2022 A prueba de agua IPXI<\/p>\n<p>\u2022 Almacenamiento y revisi\u00f3n de datos y actualizaci\u00f3n por USB.<\/p>\n<p>\u2022 An\u00e1lisis de Arritmias, An\u00e1lisis del segmento ST, OxyCRG (oxicardio respirograma)<\/p>\n<p>\u2022 720 segundos (12 min) de revisi\u00f3n completa de la forma de onda<\/p>\n<p>\u2022 120 hrs, (5 dias) de tendencias Graficas y Tabulares de todos los par\u00e1metros.<\/p>\n<p>\u2022 Configuraci\u00f3n est\u00e1ndar: 5DERIVACIONES DE ECG, SpO2 COMEN, NIBP, TEMP, RESP. PR.<\/p>\n","protected":false},"featured_media":12870,"template":"","meta":{"_joinchat":[]},"product_brand":[],"product_cat":[303],"product_tag":[],"class_list":{"0":"post-12869","1":"product","2":"type-product","3":"status-publish","4":"has-post-thumbnail","6":"product_cat-monitores","7":"pa_marca-comen","9":"first","10":"instock","11":"purchasable","12":"product-type-simple"},"yoast_head":"<!-- This site is optimized with the Yoast SEO plugin v25.1 - https:\/\/yoast.com\/wordpress\/plugins\/seo\/ -->\n<title>MONITOR DE PACIENTE ADULTO\/PEDI\u00c1TRICO\/NEONATAL FDA, CE, ISO - Tu mejor opci\u00f3n Equipo M\u00e9dico M\u00e9xico<\/title>\n<meta name=\"robots\" content=\"index, follow, max-snippet:-1, max-image-preview:large, max-video-preview:-1\" \/>\n<link rel=\"canonical\" href=\"https:\/\/buscoequipomedico.com\/?product=monitor-de-paciente-adulto-pediatrico-neonatal-fda-ce-iso\" \/>\n<meta property=\"og:locale\" content=\"es_ES\" \/>\n<meta property=\"og:type\" content=\"article\" \/>\n<meta property=\"og:title\" content=\"MONITOR DE PACIENTE ADULTO\/PEDI\u00c1TRICO\/NEONATAL FDA, CE, ISO - Tu mejor opci\u00f3n Equipo M\u00e9dico M\u00e9xico\" \/>\n<meta property=\"og:description\" content=\"\u2022 UNIDAD PRINCIPAL , 10.4\u201d COLOR touch screen \u2022 A prueba de agua IPXI \u2022 Almacenamiento y revisi\u00f3n de datos y actualizaci\u00f3n por USB. \u2022 An\u00e1lisis de Arritmias, An\u00e1lisis del segmento ST, OxyCRG (oxicardio respirograma) \u2022 720 segundos (12 min) de revisi\u00f3n completa de la forma de onda \u2022 120 hrs, (5 dias) de tendencias Graficas y Tabulares de todos los par\u00e1metros. \u2022 Configuraci\u00f3n est\u00e1ndar: 5DERIVACIONES DE ECG, SpO2 COMEN, NIBP, TEMP, RESP. PR.\" \/>\n<meta property=\"og:url\" content=\"https:\/\/buscoequipomedico.com\/?product=monitor-de-paciente-adulto-pediatrico-neonatal-fda-ce-iso\" \/>\n<meta property=\"og:site_name\" content=\"Tu mejor opci\u00f3n Equipo M\u00e9dico M\u00e9xico\" \/>\n<meta property=\"article:modified_time\" content=\"2020-02-18T07:36:32+00:00\" \/>\n<meta property=\"og:image\" content=\"https:\/\/buscoequipomedico.com\/wp-content\/uploads\/2020\/02\/monitor-de-paciente-adulto-pediatrico-neonatal-fda-ce-iso-o-unidad-principal-104-color-touch-screen-o-a-prueba-de-agua-ipxi-o-al.jpg\" \/>\n\t<meta property=\"og:image:width\" content=\"800\" \/>\n\t<meta property=\"og:image:height\" content=\"800\" \/>\n\t<meta property=\"og:image:type\" content=\"image\/png\" \/>\n<meta name=\"twitter:card\" content=\"summary_large_image\" \/>\n<meta name=\"twitter:label1\" content=\"Tiempo de lectura\" \/>\n\t<meta name=\"twitter:data1\" content=\"1 minuto\" \/>\n<script type=\"application\/ld+json\" class=\"yoast-schema-graph\">{\"@context\":\"https:\/\/schema.org\",\"@graph\":[{\"@type\":\"WebPage\",\"@id\":\"https:\/\/buscoequipomedico.com\/?product=monitor-de-paciente-adulto-pediatrico-neonatal-fda-ce-iso\",\"url\":\"https:\/\/buscoequipomedico.com\/?product=monitor-de-paciente-adulto-pediatrico-neonatal-fda-ce-iso\",\"name\":\"MONITOR DE PACIENTE ADULTO\/PEDI\u00c1TRICO\/NEONATAL FDA, CE, ISO - Tu mejor opci\u00f3n Equipo M\u00e9dico M\u00e9xico\",\"isPartOf\":{\"@id\":\"https:\/\/buscoequipomedico.com\/#website\"},\"primaryImageOfPage\":{\"@id\":\"https:\/\/buscoequipomedico.com\/?product=monitor-de-paciente-adulto-pediatrico-neonatal-fda-ce-iso#primaryimage\"},\"image\":{\"@id\":\"https:\/\/buscoequipomedico.com\/?product=monitor-de-paciente-adulto-pediatrico-neonatal-fda-ce-iso#primaryimage\"},\"thumbnailUrl\":\"https:\/\/buscoequipomedico.com\/wp-content\/uploads\/2020\/02\/monitor-de-paciente-adulto-pediatrico-neonatal-fda-ce-iso-o-unidad-principal-104-color-touch-screen-o-a-prueba-de-agua-ipxi-o-al.jpg\",\"datePublished\":\"2020-02-18T07:36:30+00:00\",\"dateModified\":\"2020-02-18T07:36:32+00:00\",\"breadcrumb\":{\"@id\":\"https:\/\/buscoequipomedico.com\/?product=monitor-de-paciente-adulto-pediatrico-neonatal-fda-ce-iso#breadcrumb\"},\"inLanguage\":\"es\",\"potentialAction\":[{\"@type\":\"ReadAction\",\"target\":[\"https:\/\/buscoequipomedico.com\/?product=monitor-de-paciente-adulto-pediatrico-neonatal-fda-ce-iso\"]}]},{\"@type\":\"ImageObject\",\"inLanguage\":\"es\",\"@id\":\"https:\/\/buscoequipomedico.com\/?product=monitor-de-paciente-adulto-pediatrico-neonatal-fda-ce-iso#primaryimage\",\"url\":\"https:\/\/buscoequipomedico.com\/wp-content\/uploads\/2020\/02\/monitor-de-paciente-adulto-pediatrico-neonatal-fda-ce-iso-o-unidad-principal-104-color-touch-screen-o-a-prueba-de-agua-ipxi-o-al.jpg\",\"contentUrl\":\"https:\/\/buscoequipomedico.com\/wp-content\/uploads\/2020\/02\/monitor-de-paciente-adulto-pediatrico-neonatal-fda-ce-iso-o-unidad-principal-104-color-touch-screen-o-a-prueba-de-agua-ipxi-o-al.jpg\",\"width\":800,\"height\":800},{\"@type\":\"BreadcrumbList\",\"@id\":\"https:\/\/buscoequipomedico.com\/?product=monitor-de-paciente-adulto-pediatrico-neonatal-fda-ce-iso#breadcrumb\",\"itemListElement\":[{\"@type\":\"ListItem\",\"position\":1,\"name\":\"Productos\",\"item\":\"https:\/\/buscoequipomedico.com\/shop\/\"},{\"@type\":\"ListItem\",\"position\":2,\"name\":\"MONITOR DE PACIENTE ADULTO\/PEDI\u00c1TRICO\/NEONATAL FDA, CE, ISO\"}]},{\"@type\":\"WebSite\",\"@id\":\"https:\/\/buscoequipomedico.com\/#website\",\"url\":\"https:\/\/buscoequipomedico.com\/\",\"name\":\"Tu mejor opci\u00f3n Equipo M\u00e9dico M\u00e9xico\",\"description\":\"Tienda de equipo m\u00e9dico\",\"publisher\":{\"@id\":\"https:\/\/buscoequipomedico.com\/#organization\"},\"potentialAction\":[{\"@type\":\"SearchAction\",\"target\":{\"@type\":\"EntryPoint\",\"urlTemplate\":\"https:\/\/buscoequipomedico.com\/?s={search_term_string}\"},\"query-input\":{\"@type\":\"PropertyValueSpecification\",\"valueRequired\":true,\"valueName\":\"search_term_string\"}}],\"inLanguage\":\"es\"},{\"@type\":\"Organization\",\"@id\":\"https:\/\/buscoequipomedico.com\/#organization\",\"name\":\"Tu mejor opci\u00f3n Equipo M\u00e9dico M\u00e9xico\",\"url\":\"https:\/\/buscoequipomedico.com\/\",\"logo\":{\"@type\":\"ImageObject\",\"inLanguage\":\"es\",\"@id\":\"https:\/\/buscoequipomedico.com\/#\/schema\/logo\/image\/\",\"url\":\"https:\/\/buscoequipomedico.com\/wp-content\/uploads\/2021\/07\/EMM-VPrincipal-scaled.jpg\",\"contentUrl\":\"https:\/\/buscoequipomedico.com\/wp-content\/uploads\/2021\/07\/EMM-VPrincipal-scaled.jpg\",\"width\":2560,\"height\":1058,\"caption\":\"Tu mejor opci\u00f3n Equipo M\u00e9dico M\u00e9xico\"},\"image\":{\"@id\":\"https:\/\/buscoequipomedico.com\/#\/schema\/logo\/image\/\"}}]}<\/script>\n<!-- \/ Yoast SEO plugin. -->","yoast_head_json":{"title":"MONITOR DE PACIENTE ADULTO\/PEDI\u00c1TRICO\/NEONATAL FDA, CE, ISO - Tu mejor opci\u00f3n Equipo M\u00e9dico M\u00e9xico","robots":{"index":"index","follow":"follow","max-snippet":"max-snippet:-1","max-image-preview":"max-image-preview:large","max-video-preview":"max-video-preview:-1"},"canonical":"https:\/\/buscoequipomedico.com\/?product=monitor-de-paciente-adulto-pediatrico-neonatal-fda-ce-iso","og_locale":"es_ES","og_type":"article","og_title":"MONITOR DE PACIENTE ADULTO\/PEDI\u00c1TRICO\/NEONATAL FDA, CE, ISO - Tu mejor opci\u00f3n Equipo M\u00e9dico M\u00e9xico","og_description":"\u2022 UNIDAD PRINCIPAL , 10.4\u201d COLOR touch screen \u2022 A prueba de agua IPXI \u2022 Almacenamiento y revisi\u00f3n de datos y actualizaci\u00f3n por USB. \u2022 An\u00e1lisis de Arritmias, An\u00e1lisis del segmento ST, OxyCRG (oxicardio respirograma) \u2022 720 segundos (12 min) de revisi\u00f3n completa de la forma de onda \u2022 120 hrs, (5 dias) de tendencias Graficas y Tabulares de todos los par\u00e1metros. \u2022 Configuraci\u00f3n est\u00e1ndar: 5DERIVACIONES DE ECG, SpO2 COMEN, NIBP, TEMP, RESP. PR.","og_url":"https:\/\/buscoequipomedico.com\/?product=monitor-de-paciente-adulto-pediatrico-neonatal-fda-ce-iso","og_site_name":"Tu mejor opci\u00f3n Equipo M\u00e9dico M\u00e9xico","article_modified_time":"2020-02-18T07:36:32+00:00","og_image":[{"width":800,"height":800,"url":"https:\/\/buscoequipomedico.com\/wp-content\/uploads\/2020\/02\/monitor-de-paciente-adulto-pediatrico-neonatal-fda-ce-iso-o-unidad-principal-104-color-touch-screen-o-a-prueba-de-agua-ipxi-o-al.jpg","type":"image\/png"}],"twitter_card":"summary_large_image","twitter_misc":{"Tiempo de lectura":"1 minuto"},"schema":{"@context":"https:\/\/schema.org","@graph":[{"@type":"WebPage","@id":"https:\/\/buscoequipomedico.com\/?product=monitor-de-paciente-adulto-pediatrico-neonatal-fda-ce-iso","url":"https:\/\/buscoequipomedico.com\/?product=monitor-de-paciente-adulto-pediatrico-neonatal-fda-ce-iso","name":"MONITOR DE PACIENTE ADULTO\/PEDI\u00c1TRICO\/NEONATAL FDA, CE, ISO - Tu mejor opci\u00f3n Equipo M\u00e9dico M\u00e9xico","isPartOf":{"@id":"https:\/\/buscoequipomedico.com\/#website"},"primaryImageOfPage":{"@id":"https:\/\/buscoequipomedico.com\/?product=monitor-de-paciente-adulto-pediatrico-neonatal-fda-ce-iso#primaryimage"},"image":{"@id":"https:\/\/buscoequipomedico.com\/?product=monitor-de-paciente-adulto-pediatrico-neonatal-fda-ce-iso#primaryimage"},"thumbnailUrl":"https:\/\/buscoequipomedico.com\/wp-content\/uploads\/2020\/02\/monitor-de-paciente-adulto-pediatrico-neonatal-fda-ce-iso-o-unidad-principal-104-color-touch-screen-o-a-prueba-de-agua-ipxi-o-al.jpg","datePublished":"2020-02-18T07:36:30+00:00","dateModified":"2020-02-18T07:36:32+00:00","breadcrumb":{"@id":"https:\/\/buscoequipomedico.com\/?product=monitor-de-paciente-adulto-pediatrico-neonatal-fda-ce-iso#breadcrumb"},"inLanguage":"es","potentialAction":[{"@type":"ReadAction","target":["https:\/\/buscoequipomedico.com\/?product=monitor-de-paciente-adulto-pediatrico-neonatal-fda-ce-iso"]}]},{"@type":"ImageObject","inLanguage":"es","@id":"https:\/\/buscoequipomedico.com\/?product=monitor-de-paciente-adulto-pediatrico-neonatal-fda-ce-iso#primaryimage","url":"https:\/\/buscoequipomedico.com\/wp-content\/uploads\/2020\/02\/monitor-de-paciente-adulto-pediatrico-neonatal-fda-ce-iso-o-unidad-principal-104-color-touch-screen-o-a-prueba-de-agua-ipxi-o-al.jpg","contentUrl":"https:\/\/buscoequipomedico.com\/wp-content\/uploads\/2020\/02\/monitor-de-paciente-adulto-pediatrico-neonatal-fda-ce-iso-o-unidad-principal-104-color-touch-screen-o-a-prueba-de-agua-ipxi-o-al.jpg","width":800,"height":800},{"@type":"BreadcrumbList","@id":"https:\/\/buscoequipomedico.com\/?product=monitor-de-paciente-adulto-pediatrico-neonatal-fda-ce-iso#breadcrumb","itemListElement":[{"@type":"ListItem","position":1,"name":"Productos","item":"https:\/\/buscoequipomedico.com\/shop\/"},{"@type":"ListItem","position":2,"name":"MONITOR DE PACIENTE ADULTO\/PEDI\u00c1TRICO\/NEONATAL FDA, CE, ISO"}]},{"@type":"WebSite","@id":"https:\/\/buscoequipomedico.com\/#website","url":"https:\/\/buscoequipomedico.com\/","name":"Tu mejor opci\u00f3n Equipo M\u00e9dico M\u00e9xico","description":"Tienda de equipo m\u00e9dico","publisher":{"@id":"https:\/\/buscoequipomedico.com\/#organization"},"potentialAction":[{"@type":"SearchAction","target":{"@type":"EntryPoint","urlTemplate":"https:\/\/buscoequipomedico.com\/?s={search_term_string}"},"query-input":{"@type":"PropertyValueSpecification","valueRequired":true,"valueName":"search_term_string"}}],"inLanguage":"es"},{"@type":"Organization","@id":"https:\/\/buscoequipomedico.com\/#organization","name":"Tu mejor opci\u00f3n Equipo M\u00e9dico M\u00e9xico","url":"https:\/\/buscoequipomedico.com\/","logo":{"@type":"ImageObject","inLanguage":"es","@id":"https:\/\/buscoequipomedico.com\/#\/schema\/logo\/image\/","url":"https:\/\/buscoequipomedico.com\/wp-content\/uploads\/2021\/07\/EMM-VPrincipal-scaled.jpg","contentUrl":"https:\/\/buscoequipomedico.com\/wp-content\/uploads\/2021\/07\/EMM-VPrincipal-scaled.jpg","width":2560,"height":1058,"caption":"Tu mejor opci\u00f3n Equipo M\u00e9dico M\u00e9xico"},"image":{"@id":"https:\/\/buscoequipomedico.com\/#\/schema\/logo\/image\/"}}]}},"_links":{"self":[{"href":"https:\/\/buscoequipomedico.com\/index.php?rest_route=\/wp\/v2\/product\/12869","targetHints":{"allow":["GET"]}}],"collection":[{"href":"https:\/\/buscoequipomedico.com\/index.php?rest_route=\/wp\/v2\/product"}],"about":[{"href":"https:\/\/buscoequipomedico.com\/index.php?rest_route=\/wp\/v2\/types\/product"}],"wp:featuredmedia":[{"embeddable":true,"href":"https:\/\/buscoequipomedico.com\/index.php?rest_route=\/wp\/v2\/media\/12870"}],"wp:attachment":[{"href":"https:\/\/buscoequipomedico.com\/index.php?rest_route=%2Fwp%2Fv2%2Fmedia&parent=12869"}],"wp:term":[{"taxonomy":"product_brand","embeddable":true,"href":"https:\/\/buscoequipomedico.com\/index.php?rest_route=%2Fwp%2Fv2%2Fproduct_brand&post=12869"},{"taxonomy":"product_cat","embeddable":true,"href":"https:\/\/buscoequipomedico.com\/index.php?rest_route=%2Fwp%2Fv2%2Fproduct_cat&post=12869"},{"taxonomy":"product_tag","embeddable":true,"href":"https:\/\/buscoequipomedico.com\/index.php?rest_route=%2Fwp%2Fv2%2Fproduct_tag&post=12869"}],"curies":[{"name":"wp","href":"https:\/\/api.w.org\/{rel}","templated":true}]}}