{"id":12871,"date":"2020-02-18T07:36:30","date_gmt":"2020-02-18T07:36:30","guid":{"rendered":"https:\/\/equipomedicomexico-com.preview-domain.com\/product\/monitor-para-unidad-de-cuidado-intensivo\/"},"modified":"2020-02-18T07:36:32","modified_gmt":"2020-02-18T07:36:32","slug":"monitor-para-unidad-de-cuidado-intensivo","status":"publish","type":"product","link":"https:\/\/buscoequipomedico.com\/?product=monitor-para-unidad-de-cuidado-intensivo","title":{"rendered":"MONITOR PARA UNIDAD DE CUIDADO INTENSIVO"},"content":{"rendered":"<p>\u2022 UNIDAD PRINCIPAL , 12.1\u201d o 15\u201d (opcional)<\/p>\n<p>\u2022 Pantalla COLOR touch screen<\/p>\n<p>\u2022 A prueba de agua IPXI<\/p>\n<p>\u2022 Color adjustable de la forma de onda<\/p>\n<p>\u2022 Almacenamiento y revisi\u00f3n de datos y actualizaci\u00f3n por USB.<\/p>\n<p>\u2022 An\u00e1lisis de Arritmias, An\u00e1lisis del segmento ST, OxyCRG (oxicardio respirograma)<\/p>\n<p>\u2022 30 MINUTOS de revisi\u00f3n completa de la forma de onda<\/p>\n<p>\u2022 120 hrs, de tendencias Graficas y Tabulares de todos los par\u00e1metros.<\/p>\n<p>\u2022 BATERIA RECARGABLE ION LITIO (2 HRS DE USO)<\/p>\n<p>\u2022 Configuraci\u00f3n est\u00e1ndar: 5DERIVACIONES DE ECG, SpO2 COMEN, NIBP, TEMP, RESP. PR.<\/p>\n<p>\u2022 5 leads ECG, RESPRACION, TEMPERATURA, NIBP, SPO2 Comen, PR (presion rate)<\/p>\n<p>\u2022 12.1\u201d COLOR MONITOR \u201cTOUCH SCREEN\u201d 800X600, con pluma para escritura a, mano alzada.<\/p>\n<p>\u2022 Bater\u00eda ION-Litio, hasta 2 horas de monitoreo continuo, 6.5 hrs carga completa<\/p>\n<p>\u2022 An\u00e1lisis de Arritmias, An\u00e1lisis del segmento ST, C\u00e1lculo de dosis de medicamento, Detecci\u00f3n de marcapasos.<\/p>\n<p>\u2022 Interfaces USB, LAN, SD y VGA (salida de Video)<\/p>\n<p>\u2022 5 derivaciones, seleccionables 7 canales,<\/p>\n<p>\u2022 Montaje de pared y stand m\u00f3vil. (Opcionales)<\/p>\n","protected":false},"excerpt":{"rendered":"<p>Utiliza tecnolog\u00eda ECG CardioTecTM: Alta precisi\u00f3n en la medici\u00f3n de las formas de onda de ECG, para la asistencia diagnostica profesional.<\/p>\n<p>Mas de 13 clases de an\u00e1lisis de arritmias, revisi\u00f3n de eventos de alarmas, reporte de hipoxemia, (auxiliar para el doctor para el mejor diagnostico) Revisi\u00f3n e impresi\u00f3n de 200 eventos de alarmas de arritmias, 2,000 grupos de NIBP, revisi\u00f3n de 120 Hrs de tendencias gr\u00e1ficas.<\/p>\n<p>Utiliza tecnolog\u00eda AcuTecTM: Alta precisi\u00f3n para el monitoreo de hipertensi\u00f3n.<\/p>\n","protected":false},"featured_media":12872,"template":"","meta":{"_joinchat":[]},"product_brand":[],"product_cat":[303],"product_tag":[],"class_list":{"0":"post-12871","1":"product","2":"type-product","3":"status-publish","4":"has-post-thumbnail","6":"product_cat-monitores","7":"pa_marca-comen","9":"first","10":"instock","11":"purchasable","12":"product-type-simple"},"yoast_head":"<!-- This site is optimized with the Yoast SEO plugin v25.1 - https:\/\/yoast.com\/wordpress\/plugins\/seo\/ -->\n<title>MONITOR PARA UNIDAD DE CUIDADO INTENSIVO - Tu mejor opci\u00f3n Equipo M\u00e9dico M\u00e9xico<\/title>\n<meta name=\"robots\" content=\"index, follow, max-snippet:-1, max-image-preview:large, max-video-preview:-1\" \/>\n<link rel=\"canonical\" href=\"https:\/\/buscoequipomedico.com\/?product=monitor-para-unidad-de-cuidado-intensivo\" \/>\n<meta property=\"og:locale\" content=\"es_ES\" \/>\n<meta property=\"og:type\" content=\"article\" \/>\n<meta property=\"og:title\" content=\"MONITOR PARA UNIDAD DE CUIDADO INTENSIVO - Tu mejor opci\u00f3n Equipo M\u00e9dico M\u00e9xico\" \/>\n<meta property=\"og:description\" content=\"Utiliza tecnolog\u00eda ECG CardioTecTM: Alta precisi\u00f3n en la medici\u00f3n de las formas de onda de ECG, para la asistencia diagnostica profesional. Mas de 13 clases de an\u00e1lisis de arritmias, revisi\u00f3n de eventos de alarmas, reporte de hipoxemia, (auxiliar para el doctor para el mejor diagnostico) Revisi\u00f3n e impresi\u00f3n de 200 eventos de alarmas de arritmias, 2,000 grupos de NIBP, revisi\u00f3n de 120 Hrs de tendencias gr\u00e1ficas. Utiliza tecnolog\u00eda AcuTecTM: Alta precisi\u00f3n para el monitoreo de hipertensi\u00f3n.\" \/>\n<meta property=\"og:url\" content=\"https:\/\/buscoequipomedico.com\/?product=monitor-para-unidad-de-cuidado-intensivo\" \/>\n<meta property=\"og:site_name\" content=\"Tu mejor opci\u00f3n Equipo M\u00e9dico M\u00e9xico\" \/>\n<meta property=\"article:modified_time\" content=\"2020-02-18T07:36:32+00:00\" \/>\n<meta property=\"og:image\" content=\"https:\/\/buscoequipomedico.com\/wp-content\/uploads\/2020\/02\/monitor-para-unidad-de-cuidado-intensivo-utiliza-tecnologia-ecg-cardiotectm-alta-precision-en-la-medicion-de-las-formas-de-onda.jpg\" \/>\n\t<meta property=\"og:image:width\" content=\"800\" \/>\n\t<meta property=\"og:image:height\" content=\"800\" \/>\n\t<meta property=\"og:image:type\" content=\"image\/png\" \/>\n<meta name=\"twitter:card\" content=\"summary_large_image\" \/>\n<meta name=\"twitter:label1\" content=\"Tiempo de lectura\" \/>\n\t<meta name=\"twitter:data1\" content=\"1 minuto\" \/>\n<script type=\"application\/ld+json\" class=\"yoast-schema-graph\">{\"@context\":\"https:\/\/schema.org\",\"@graph\":[{\"@type\":\"WebPage\",\"@id\":\"https:\/\/buscoequipomedico.com\/?product=monitor-para-unidad-de-cuidado-intensivo\",\"url\":\"https:\/\/buscoequipomedico.com\/?product=monitor-para-unidad-de-cuidado-intensivo\",\"name\":\"MONITOR PARA UNIDAD DE CUIDADO INTENSIVO - Tu mejor opci\u00f3n Equipo M\u00e9dico M\u00e9xico\",\"isPartOf\":{\"@id\":\"https:\/\/buscoequipomedico.com\/#website\"},\"primaryImageOfPage\":{\"@id\":\"https:\/\/buscoequipomedico.com\/?product=monitor-para-unidad-de-cuidado-intensivo#primaryimage\"},\"image\":{\"@id\":\"https:\/\/buscoequipomedico.com\/?product=monitor-para-unidad-de-cuidado-intensivo#primaryimage\"},\"thumbnailUrl\":\"https:\/\/buscoequipomedico.com\/wp-content\/uploads\/2020\/02\/monitor-para-unidad-de-cuidado-intensivo-utiliza-tecnologia-ecg-cardiotectm-alta-precision-en-la-medicion-de-las-formas-de-onda.jpg\",\"datePublished\":\"2020-02-18T07:36:30+00:00\",\"dateModified\":\"2020-02-18T07:36:32+00:00\",\"breadcrumb\":{\"@id\":\"https:\/\/buscoequipomedico.com\/?product=monitor-para-unidad-de-cuidado-intensivo#breadcrumb\"},\"inLanguage\":\"es\",\"potentialAction\":[{\"@type\":\"ReadAction\",\"target\":[\"https:\/\/buscoequipomedico.com\/?product=monitor-para-unidad-de-cuidado-intensivo\"]}]},{\"@type\":\"ImageObject\",\"inLanguage\":\"es\",\"@id\":\"https:\/\/buscoequipomedico.com\/?product=monitor-para-unidad-de-cuidado-intensivo#primaryimage\",\"url\":\"https:\/\/buscoequipomedico.com\/wp-content\/uploads\/2020\/02\/monitor-para-unidad-de-cuidado-intensivo-utiliza-tecnologia-ecg-cardiotectm-alta-precision-en-la-medicion-de-las-formas-de-onda.jpg\",\"contentUrl\":\"https:\/\/buscoequipomedico.com\/wp-content\/uploads\/2020\/02\/monitor-para-unidad-de-cuidado-intensivo-utiliza-tecnologia-ecg-cardiotectm-alta-precision-en-la-medicion-de-las-formas-de-onda.jpg\",\"width\":800,\"height\":800},{\"@type\":\"BreadcrumbList\",\"@id\":\"https:\/\/buscoequipomedico.com\/?product=monitor-para-unidad-de-cuidado-intensivo#breadcrumb\",\"itemListElement\":[{\"@type\":\"ListItem\",\"position\":1,\"name\":\"Productos\",\"item\":\"https:\/\/buscoequipomedico.com\/shop\/\"},{\"@type\":\"ListItem\",\"position\":2,\"name\":\"MONITOR PARA UNIDAD DE CUIDADO INTENSIVO\"}]},{\"@type\":\"WebSite\",\"@id\":\"https:\/\/buscoequipomedico.com\/#website\",\"url\":\"https:\/\/buscoequipomedico.com\/\",\"name\":\"Tu mejor opci\u00f3n Equipo M\u00e9dico M\u00e9xico\",\"description\":\"Tienda de equipo m\u00e9dico\",\"publisher\":{\"@id\":\"https:\/\/buscoequipomedico.com\/#organization\"},\"potentialAction\":[{\"@type\":\"SearchAction\",\"target\":{\"@type\":\"EntryPoint\",\"urlTemplate\":\"https:\/\/buscoequipomedico.com\/?s={search_term_string}\"},\"query-input\":{\"@type\":\"PropertyValueSpecification\",\"valueRequired\":true,\"valueName\":\"search_term_string\"}}],\"inLanguage\":\"es\"},{\"@type\":\"Organization\",\"@id\":\"https:\/\/buscoequipomedico.com\/#organization\",\"name\":\"Tu mejor opci\u00f3n Equipo M\u00e9dico M\u00e9xico\",\"url\":\"https:\/\/buscoequipomedico.com\/\",\"logo\":{\"@type\":\"ImageObject\",\"inLanguage\":\"es\",\"@id\":\"https:\/\/buscoequipomedico.com\/#\/schema\/logo\/image\/\",\"url\":\"https:\/\/buscoequipomedico.com\/wp-content\/uploads\/2021\/07\/EMM-VPrincipal-scaled.jpg\",\"contentUrl\":\"https:\/\/buscoequipomedico.com\/wp-content\/uploads\/2021\/07\/EMM-VPrincipal-scaled.jpg\",\"width\":2560,\"height\":1058,\"caption\":\"Tu mejor opci\u00f3n Equipo M\u00e9dico M\u00e9xico\"},\"image\":{\"@id\":\"https:\/\/buscoequipomedico.com\/#\/schema\/logo\/image\/\"}}]}<\/script>\n<!-- \/ Yoast SEO plugin. -->","yoast_head_json":{"title":"MONITOR PARA UNIDAD DE CUIDADO INTENSIVO - Tu mejor opci\u00f3n Equipo M\u00e9dico M\u00e9xico","robots":{"index":"index","follow":"follow","max-snippet":"max-snippet:-1","max-image-preview":"max-image-preview:large","max-video-preview":"max-video-preview:-1"},"canonical":"https:\/\/buscoequipomedico.com\/?product=monitor-para-unidad-de-cuidado-intensivo","og_locale":"es_ES","og_type":"article","og_title":"MONITOR PARA UNIDAD DE CUIDADO INTENSIVO - Tu mejor opci\u00f3n Equipo M\u00e9dico M\u00e9xico","og_description":"Utiliza tecnolog\u00eda ECG CardioTecTM: Alta precisi\u00f3n en la medici\u00f3n de las formas de onda de ECG, para la asistencia diagnostica profesional. Mas de 13 clases de an\u00e1lisis de arritmias, revisi\u00f3n de eventos de alarmas, reporte de hipoxemia, (auxiliar para el doctor para el mejor diagnostico) Revisi\u00f3n e impresi\u00f3n de 200 eventos de alarmas de arritmias, 2,000 grupos de NIBP, revisi\u00f3n de 120 Hrs de tendencias gr\u00e1ficas. Utiliza tecnolog\u00eda AcuTecTM: Alta precisi\u00f3n para el monitoreo de hipertensi\u00f3n.","og_url":"https:\/\/buscoequipomedico.com\/?product=monitor-para-unidad-de-cuidado-intensivo","og_site_name":"Tu mejor opci\u00f3n Equipo M\u00e9dico M\u00e9xico","article_modified_time":"2020-02-18T07:36:32+00:00","og_image":[{"width":800,"height":800,"url":"https:\/\/buscoequipomedico.com\/wp-content\/uploads\/2020\/02\/monitor-para-unidad-de-cuidado-intensivo-utiliza-tecnologia-ecg-cardiotectm-alta-precision-en-la-medicion-de-las-formas-de-onda.jpg","type":"image\/png"}],"twitter_card":"summary_large_image","twitter_misc":{"Tiempo de lectura":"1 minuto"},"schema":{"@context":"https:\/\/schema.org","@graph":[{"@type":"WebPage","@id":"https:\/\/buscoequipomedico.com\/?product=monitor-para-unidad-de-cuidado-intensivo","url":"https:\/\/buscoequipomedico.com\/?product=monitor-para-unidad-de-cuidado-intensivo","name":"MONITOR PARA UNIDAD DE CUIDADO INTENSIVO - Tu mejor opci\u00f3n Equipo M\u00e9dico M\u00e9xico","isPartOf":{"@id":"https:\/\/buscoequipomedico.com\/#website"},"primaryImageOfPage":{"@id":"https:\/\/buscoequipomedico.com\/?product=monitor-para-unidad-de-cuidado-intensivo#primaryimage"},"image":{"@id":"https:\/\/buscoequipomedico.com\/?product=monitor-para-unidad-de-cuidado-intensivo#primaryimage"},"thumbnailUrl":"https:\/\/buscoequipomedico.com\/wp-content\/uploads\/2020\/02\/monitor-para-unidad-de-cuidado-intensivo-utiliza-tecnologia-ecg-cardiotectm-alta-precision-en-la-medicion-de-las-formas-de-onda.jpg","datePublished":"2020-02-18T07:36:30+00:00","dateModified":"2020-02-18T07:36:32+00:00","breadcrumb":{"@id":"https:\/\/buscoequipomedico.com\/?product=monitor-para-unidad-de-cuidado-intensivo#breadcrumb"},"inLanguage":"es","potentialAction":[{"@type":"ReadAction","target":["https:\/\/buscoequipomedico.com\/?product=monitor-para-unidad-de-cuidado-intensivo"]}]},{"@type":"ImageObject","inLanguage":"es","@id":"https:\/\/buscoequipomedico.com\/?product=monitor-para-unidad-de-cuidado-intensivo#primaryimage","url":"https:\/\/buscoequipomedico.com\/wp-content\/uploads\/2020\/02\/monitor-para-unidad-de-cuidado-intensivo-utiliza-tecnologia-ecg-cardiotectm-alta-precision-en-la-medicion-de-las-formas-de-onda.jpg","contentUrl":"https:\/\/buscoequipomedico.com\/wp-content\/uploads\/2020\/02\/monitor-para-unidad-de-cuidado-intensivo-utiliza-tecnologia-ecg-cardiotectm-alta-precision-en-la-medicion-de-las-formas-de-onda.jpg","width":800,"height":800},{"@type":"BreadcrumbList","@id":"https:\/\/buscoequipomedico.com\/?product=monitor-para-unidad-de-cuidado-intensivo#breadcrumb","itemListElement":[{"@type":"ListItem","position":1,"name":"Productos","item":"https:\/\/buscoequipomedico.com\/shop\/"},{"@type":"ListItem","position":2,"name":"MONITOR PARA UNIDAD DE CUIDADO INTENSIVO"}]},{"@type":"WebSite","@id":"https:\/\/buscoequipomedico.com\/#website","url":"https:\/\/buscoequipomedico.com\/","name":"Tu mejor opci\u00f3n Equipo M\u00e9dico M\u00e9xico","description":"Tienda de equipo m\u00e9dico","publisher":{"@id":"https:\/\/buscoequipomedico.com\/#organization"},"potentialAction":[{"@type":"SearchAction","target":{"@type":"EntryPoint","urlTemplate":"https:\/\/buscoequipomedico.com\/?s={search_term_string}"},"query-input":{"@type":"PropertyValueSpecification","valueRequired":true,"valueName":"search_term_string"}}],"inLanguage":"es"},{"@type":"Organization","@id":"https:\/\/buscoequipomedico.com\/#organization","name":"Tu mejor opci\u00f3n Equipo M\u00e9dico M\u00e9xico","url":"https:\/\/buscoequipomedico.com\/","logo":{"@type":"ImageObject","inLanguage":"es","@id":"https:\/\/buscoequipomedico.com\/#\/schema\/logo\/image\/","url":"https:\/\/buscoequipomedico.com\/wp-content\/uploads\/2021\/07\/EMM-VPrincipal-scaled.jpg","contentUrl":"https:\/\/buscoequipomedico.com\/wp-content\/uploads\/2021\/07\/EMM-VPrincipal-scaled.jpg","width":2560,"height":1058,"caption":"Tu mejor opci\u00f3n Equipo M\u00e9dico M\u00e9xico"},"image":{"@id":"https:\/\/buscoequipomedico.com\/#\/schema\/logo\/image\/"}}]}},"_links":{"self":[{"href":"https:\/\/buscoequipomedico.com\/index.php?rest_route=\/wp\/v2\/product\/12871","targetHints":{"allow":["GET"]}}],"collection":[{"href":"https:\/\/buscoequipomedico.com\/index.php?rest_route=\/wp\/v2\/product"}],"about":[{"href":"https:\/\/buscoequipomedico.com\/index.php?rest_route=\/wp\/v2\/types\/product"}],"wp:featuredmedia":[{"embeddable":true,"href":"https:\/\/buscoequipomedico.com\/index.php?rest_route=\/wp\/v2\/media\/12872"}],"wp:attachment":[{"href":"https:\/\/buscoequipomedico.com\/index.php?rest_route=%2Fwp%2Fv2%2Fmedia&parent=12871"}],"wp:term":[{"taxonomy":"product_brand","embeddable":true,"href":"https:\/\/buscoequipomedico.com\/index.php?rest_route=%2Fwp%2Fv2%2Fproduct_brand&post=12871"},{"taxonomy":"product_cat","embeddable":true,"href":"https:\/\/buscoequipomedico.com\/index.php?rest_route=%2Fwp%2Fv2%2Fproduct_cat&post=12871"},{"taxonomy":"product_tag","embeddable":true,"href":"https:\/\/buscoequipomedico.com\/index.php?rest_route=%2Fwp%2Fv2%2Fproduct_tag&post=12871"}],"curies":[{"name":"wp","href":"https:\/\/api.w.org\/{rel}","templated":true}]}}