{"id":12892,"date":"2020-02-18T07:36:30","date_gmt":"2020-02-18T07:36:30","guid":{"rendered":"https:\/\/equipomedicomexico-com.preview-domain.com\/product\/monitor-ambulatorio-de-presion-arterial-2\/"},"modified":"2020-02-18T07:36:36","modified_gmt":"2020-02-18T07:36:36","slug":"monitor-ambulatorio-de-presion-arterial-2","status":"publish","type":"product","link":"https:\/\/buscoequipomedico.com\/?product=monitor-ambulatorio-de-presion-arterial-2","title":{"rendered":"MONITOR AMBULATORIO DE PRESI\u00d3N ARTERIAL"},"content":{"rendered":"<ul>\n<li>NIBP, SPO2 y frecuencia de pulso.<\/li>\n<li>Rango de 0 \u2013 280 mmHg para NIBP.<\/li>\n<li>Medici\u00f3n SYS \/DIA \/ MAP \/ PR.<\/li>\n<li>Dise\u00f1o port\u00e1til y compacto.<\/li>\n<li>Ajuste de alarmas audibles y visuales.<\/li>\n<li>T\u00e9cnica Oscilometr\u00eda.<\/li>\n<li>24 horas de almacenamiento y revisi\u00f3n de datos.<\/li>\n<li>Revisi\u00f3n e impresi\u00f3n a trav\u00e9s de la red.<\/li>\n<li>Memoria de hasta 300 art\u00edculos.<\/li>\n<li>Exactitud cl\u00ednicamente probada.<\/li>\n<li>Software para transferencia de datos.<\/li>\n<\/ul>\n<p><span>\u00a0<\/span><\/p>\n<p><span>CARACTER\u00cdSTICAS:<\/span><\/p>\n<ul>\n<li>\n<span>Rango de pacientes:<\/span>\u00a0adulto, pedi\u00e1trico, neonatal<\/li>\n<li>\n<span>M\u00e9todo de medici\u00f3n:\u00a0<\/span>oscilom\u00e9trico<\/li>\n<li>\n<span>Modo de medici\u00f3n:\u00a0<\/span>autom\u00e1tico \/ ciclo autom\u00e1tico no invasivo<\/li>\n<li>\n<span>Unidad de medici\u00f3n:\u00a0<\/span>seleccionable mmHg\/kPa<\/li>\n<li>\n<span>Monitor:\u00a0<\/span>LCD 2.4\u201d TFT color (320 x 240 puntos)<\/li>\n<li>\n<span>Alimentaci\u00f3n:\u00a0<\/span>2 *AA, bater\u00eda alcalina de 1.5V<\/li>\n<li>\n<span>Dimensi\u00f3n:\u00a0<\/span>127 x 66 x 36 mm<\/li>\n<li>\n<span>Peso<\/span>: 350g (incluyendo bater\u00edas)<\/li>\n<\/ul>\n<p><span>\u00a0<\/span><\/p>\n<p><span>SPO2:<\/span><\/p>\n<ul>\n<li>\n<span>Rango de medici\u00f3n:\u00a0<\/span>0 \u2013 100%<\/li>\n<li>\n<span>Resoluci\u00f3n:\u00a0<\/span>1%<\/li>\n<li>\n<span>Exactitud:\u00a0<\/span>70 \u2013 100% \u00b12% 0 \u2013 69% no especificado<\/li>\n<li>\n<span>Rango de alarma:\u00a0<\/span>0 \u2013 100%<\/li>\n<\/ul>\n<p><span>\u00a0<\/span><\/p>\n<p><span>FRECUENCIA DE PULSO:<\/span><\/p>\n<ul>\n<li>\n<span>Rango:\u00a0<\/span>30 \u2013 254 bpm<\/li>\n<li>\n<span>Resoluci\u00f3n:\u00a0<\/span>1 bpm<\/li>\n<li>\n<span>Exactitud:<\/span>\u00a0\u00b12 bpm o \u00b12% para valores elevados<\/li>\n<li>\n<span>Rango de alarma:\u00a0<\/span>0 \u2013 254 bpm<\/li>\n<\/ul>\n<p><span>\u00a0<\/span><\/p>\n<p><span>ALTITUD:<\/span><\/p>\n<ul>\n<li>\n<span>Operaci\u00f3n:\u00a0<\/span>-500 a 4,600m (-1,600 a 15,000ft)<\/li>\n<li>\n<span>Transporte y almacenamiento:\u00a0<\/span>-500 a 13,100m (-1,600 a 43,000ft)<\/li>\n<\/ul>\n<p><span>\u00a0<\/span><\/p>\n<p><span>NIBP:<\/span><\/p>\n<ul>\n<li>\n<span>Operaci\u00f3n:\u00a0<\/span>auto \/ manual<\/li>\n<li>\n<span>Intervalo de medici\u00f3n:\u00a0<\/span>1, 2, 3, 4, 5, 10, 15, 20, 30, 45, 60, 90, 120 min<\/li>\n<li>\n<span>Exactitud de la presi\u00f3n del brazalete:\u00a0<\/span>\u00b13 mmHg<\/li>\n<li>\n<span>Resoluci\u00f3n:\u00a0<\/span>1 mmHg<\/li>\n<li>\n<span>Error de medio de medici\u00f3n:\u00a0<\/span>\u00b15 mmHg<\/li>\n<li>\n<span>M\u00e1xima desviaci\u00f3n est\u00e1ndar:\u00a0<\/span>8 mmHg<\/li>\n<li>\n<span>Protecci\u00f3n de sobrepresi\u00f3n:\u00a0<\/span>Adulto (297 \u00b13 mmHg) \u2013 Pedi\u00e1trico (240 \u00b13 mmHg) \u2013 Neonatal (147 \u00b13 mmHg)<\/li>\n<li>\n<span>Alarma:\u00a0<\/span>systolic, diastolic, mean<\/li>\n<li>\n<span>Rango de alarma:\u00a0<\/span>10 \u2013 270 mmHg<\/li>\n<li>\n<span>M\u00e9todo:\u00a0<\/span>oscilom\u00e9trico<\/li>\n<li>\n<span>Rango de medici\u00f3n:\u00a0<\/span>10 \u2013 270mmHg<\/li>\n<\/ul>\n<p><span>ADULTO<\/span><\/p>\n<ul>\n<li>\n<span>SYS:\u00a0<\/span>40 \u2013 270mmHg<\/li>\n<li>\n<span>MAP:\u00a0<\/span>20 \u2013 235mmHg<\/li>\n<li>\n<span>DIA:\u00a0<\/span>10 \u2013 215mmHg<\/li>\n<\/ul>\n<p><span>PEDI\u00c1TRICO:<\/span><\/p>\n<ul>\n<li>\n<span>SYS:\u00a0<\/span>40 \u2013 200mmHg<\/li>\n<li>\n<span>MAP:\u00a0<\/span>20 \u2013 165mmHg<\/li>\n<li>\n<span>DIA:\u00a0<\/span>10 \u2013 215mmHg<\/li>\n<\/ul>\n<p><span>NEONATAL:<\/span><\/p>\n<ul>\n<li>\n<span>SYS:\u00a0<\/span>40 \u2013 135mmHg<\/li>\n<li>\n<span>MAP:\u00a0<\/span>20 \u2013 110mmHg<\/li>\n<li>\n<span>DIA:\u00a0<\/span>10 \u2013 100mmHg<\/li>\n<\/ul>\n<p><span>\u00a0<\/span><\/p>\n<p><span>HUMEDAD:<\/span><\/p>\n<ul>\n<li>\n<span>Operaci\u00f3n:\u00a0<\/span>80%<\/li>\n<li>\n<span>Transporte y almacenamiento:\u00a0<\/span>95%<\/li>\n<\/ul>\n<p><span>\u00a0<\/span><\/p>\n<p><span>TEMPERATURA:<\/span><\/p>\n<ul>\n<li>\n<span>Operaci\u00f3n:\u00a0<\/span>5 \u2013 40\u00b0C<\/li>\n<li>\n<span>Transporte y almacenamiento:\u00a0<\/span>-20 \u2013 60\u00b0C<\/li>\n<\/ul>\n","protected":false},"excerpt":{"rendered":"<ul>\n<li>NIBP, SPO2 y frecuencia de pulso.<\/li>\n<li>Medici\u00f3n SYS \/DIA \/ MAP \/ PR.<\/li>\n<li>24 horas de almacenamiento y revisi\u00f3n de datos.<\/li>\n<li>Memoria de hasta 300 art\u00edculos.<\/li>\n<li>Software para transferencia de datos.<\/li>\n<li>Incluye Estuche<\/li>\n<\/ul>\n","protected":false},"featured_media":12893,"template":"","meta":{"_joinchat":[]},"product_brand":[],"product_cat":[303],"product_tag":[],"class_list":{"0":"post-12892","1":"product","2":"type-product","3":"status-publish","4":"has-post-thumbnail","6":"product_cat-monitores","7":"pa_marca-xignal","9":"first","10":"instock","11":"purchasable","12":"product-type-simple"},"yoast_head":"<!-- This site is optimized with the Yoast SEO plugin v25.1 - https:\/\/yoast.com\/wordpress\/plugins\/seo\/ -->\n<title>MONITOR AMBULATORIO DE PRESI\u00d3N ARTERIAL - Tu mejor opci\u00f3n Equipo M\u00e9dico M\u00e9xico<\/title>\n<meta name=\"robots\" content=\"index, follow, max-snippet:-1, max-image-preview:large, max-video-preview:-1\" \/>\n<link rel=\"canonical\" href=\"https:\/\/buscoequipomedico.com\/?product=monitor-ambulatorio-de-presion-arterial-2\" \/>\n<meta property=\"og:locale\" content=\"es_ES\" \/>\n<meta property=\"og:type\" content=\"article\" \/>\n<meta property=\"og:title\" content=\"MONITOR AMBULATORIO DE PRESI\u00d3N ARTERIAL - Tu mejor opci\u00f3n Equipo M\u00e9dico M\u00e9xico\" \/>\n<meta property=\"og:description\" content=\"NIBP, SPO2 y frecuencia de pulso. Medici\u00f3n SYS \/DIA \/ MAP \/ PR. 24 horas de almacenamiento y revisi\u00f3n de datos. Memoria de hasta 300 art\u00edculos. Software para transferencia de datos. Incluye Estuche\" \/>\n<meta property=\"og:url\" content=\"https:\/\/buscoequipomedico.com\/?product=monitor-ambulatorio-de-presion-arterial-2\" \/>\n<meta property=\"og:site_name\" content=\"Tu mejor opci\u00f3n Equipo M\u00e9dico M\u00e9xico\" \/>\n<meta property=\"article:modified_time\" content=\"2020-02-18T07:36:36+00:00\" \/>\n<meta property=\"og:image\" content=\"https:\/\/buscoequipomedico.com\/wp-content\/uploads\/2020\/02\/monitor-ambulatorio-de-presion-arterial-nibp-spo2-y-frecuencia-de-pulso-medicion-sys-dia-map-pr-24-horas-de-almacenamiento-y-rev.jpg\" \/>\n\t<meta property=\"og:image:width\" content=\"800\" \/>\n\t<meta property=\"og:image:height\" content=\"800\" \/>\n\t<meta property=\"og:image:type\" content=\"image\/png\" \/>\n<meta name=\"twitter:card\" content=\"summary_large_image\" \/>\n<meta name=\"twitter:label1\" content=\"Tiempo de lectura\" \/>\n\t<meta name=\"twitter:data1\" content=\"1 minuto\" \/>\n<script type=\"application\/ld+json\" class=\"yoast-schema-graph\">{\"@context\":\"https:\/\/schema.org\",\"@graph\":[{\"@type\":\"WebPage\",\"@id\":\"https:\/\/buscoequipomedico.com\/?product=monitor-ambulatorio-de-presion-arterial-2\",\"url\":\"https:\/\/buscoequipomedico.com\/?product=monitor-ambulatorio-de-presion-arterial-2\",\"name\":\"MONITOR AMBULATORIO DE PRESI\u00d3N ARTERIAL - Tu mejor opci\u00f3n Equipo M\u00e9dico M\u00e9xico\",\"isPartOf\":{\"@id\":\"https:\/\/buscoequipomedico.com\/#website\"},\"primaryImageOfPage\":{\"@id\":\"https:\/\/buscoequipomedico.com\/?product=monitor-ambulatorio-de-presion-arterial-2#primaryimage\"},\"image\":{\"@id\":\"https:\/\/buscoequipomedico.com\/?product=monitor-ambulatorio-de-presion-arterial-2#primaryimage\"},\"thumbnailUrl\":\"https:\/\/buscoequipomedico.com\/wp-content\/uploads\/2020\/02\/monitor-ambulatorio-de-presion-arterial-nibp-spo2-y-frecuencia-de-pulso-medicion-sys-dia-map-pr-24-horas-de-almacenamiento-y-rev.jpg\",\"datePublished\":\"2020-02-18T07:36:30+00:00\",\"dateModified\":\"2020-02-18T07:36:36+00:00\",\"breadcrumb\":{\"@id\":\"https:\/\/buscoequipomedico.com\/?product=monitor-ambulatorio-de-presion-arterial-2#breadcrumb\"},\"inLanguage\":\"es\",\"potentialAction\":[{\"@type\":\"ReadAction\",\"target\":[\"https:\/\/buscoequipomedico.com\/?product=monitor-ambulatorio-de-presion-arterial-2\"]}]},{\"@type\":\"ImageObject\",\"inLanguage\":\"es\",\"@id\":\"https:\/\/buscoequipomedico.com\/?product=monitor-ambulatorio-de-presion-arterial-2#primaryimage\",\"url\":\"https:\/\/buscoequipomedico.com\/wp-content\/uploads\/2020\/02\/monitor-ambulatorio-de-presion-arterial-nibp-spo2-y-frecuencia-de-pulso-medicion-sys-dia-map-pr-24-horas-de-almacenamiento-y-rev.jpg\",\"contentUrl\":\"https:\/\/buscoequipomedico.com\/wp-content\/uploads\/2020\/02\/monitor-ambulatorio-de-presion-arterial-nibp-spo2-y-frecuencia-de-pulso-medicion-sys-dia-map-pr-24-horas-de-almacenamiento-y-rev.jpg\",\"width\":800,\"height\":800},{\"@type\":\"BreadcrumbList\",\"@id\":\"https:\/\/buscoequipomedico.com\/?product=monitor-ambulatorio-de-presion-arterial-2#breadcrumb\",\"itemListElement\":[{\"@type\":\"ListItem\",\"position\":1,\"name\":\"Productos\",\"item\":\"https:\/\/buscoequipomedico.com\/shop\/\"},{\"@type\":\"ListItem\",\"position\":2,\"name\":\"MONITOR AMBULATORIO DE PRESI\u00d3N ARTERIAL\"}]},{\"@type\":\"WebSite\",\"@id\":\"https:\/\/buscoequipomedico.com\/#website\",\"url\":\"https:\/\/buscoequipomedico.com\/\",\"name\":\"Tu mejor opci\u00f3n Equipo M\u00e9dico M\u00e9xico\",\"description\":\"Tienda de equipo m\u00e9dico\",\"publisher\":{\"@id\":\"https:\/\/buscoequipomedico.com\/#organization\"},\"potentialAction\":[{\"@type\":\"SearchAction\",\"target\":{\"@type\":\"EntryPoint\",\"urlTemplate\":\"https:\/\/buscoequipomedico.com\/?s={search_term_string}\"},\"query-input\":{\"@type\":\"PropertyValueSpecification\",\"valueRequired\":true,\"valueName\":\"search_term_string\"}}],\"inLanguage\":\"es\"},{\"@type\":\"Organization\",\"@id\":\"https:\/\/buscoequipomedico.com\/#organization\",\"name\":\"Tu mejor opci\u00f3n Equipo M\u00e9dico M\u00e9xico\",\"url\":\"https:\/\/buscoequipomedico.com\/\",\"logo\":{\"@type\":\"ImageObject\",\"inLanguage\":\"es\",\"@id\":\"https:\/\/buscoequipomedico.com\/#\/schema\/logo\/image\/\",\"url\":\"https:\/\/buscoequipomedico.com\/wp-content\/uploads\/2021\/07\/EMM-VPrincipal-scaled.jpg\",\"contentUrl\":\"https:\/\/buscoequipomedico.com\/wp-content\/uploads\/2021\/07\/EMM-VPrincipal-scaled.jpg\",\"width\":2560,\"height\":1058,\"caption\":\"Tu mejor opci\u00f3n Equipo M\u00e9dico M\u00e9xico\"},\"image\":{\"@id\":\"https:\/\/buscoequipomedico.com\/#\/schema\/logo\/image\/\"}}]}<\/script>\n<!-- \/ Yoast SEO plugin. -->","yoast_head_json":{"title":"MONITOR AMBULATORIO DE PRESI\u00d3N ARTERIAL - Tu mejor opci\u00f3n Equipo M\u00e9dico M\u00e9xico","robots":{"index":"index","follow":"follow","max-snippet":"max-snippet:-1","max-image-preview":"max-image-preview:large","max-video-preview":"max-video-preview:-1"},"canonical":"https:\/\/buscoequipomedico.com\/?product=monitor-ambulatorio-de-presion-arterial-2","og_locale":"es_ES","og_type":"article","og_title":"MONITOR AMBULATORIO DE PRESI\u00d3N ARTERIAL - Tu mejor opci\u00f3n Equipo M\u00e9dico M\u00e9xico","og_description":"NIBP, SPO2 y frecuencia de pulso. Medici\u00f3n SYS \/DIA \/ MAP \/ PR. 24 horas de almacenamiento y revisi\u00f3n de datos. Memoria de hasta 300 art\u00edculos. Software para transferencia de datos. Incluye Estuche","og_url":"https:\/\/buscoequipomedico.com\/?product=monitor-ambulatorio-de-presion-arterial-2","og_site_name":"Tu mejor opci\u00f3n Equipo M\u00e9dico M\u00e9xico","article_modified_time":"2020-02-18T07:36:36+00:00","og_image":[{"width":800,"height":800,"url":"https:\/\/buscoequipomedico.com\/wp-content\/uploads\/2020\/02\/monitor-ambulatorio-de-presion-arterial-nibp-spo2-y-frecuencia-de-pulso-medicion-sys-dia-map-pr-24-horas-de-almacenamiento-y-rev.jpg","type":"image\/png"}],"twitter_card":"summary_large_image","twitter_misc":{"Tiempo de lectura":"1 minuto"},"schema":{"@context":"https:\/\/schema.org","@graph":[{"@type":"WebPage","@id":"https:\/\/buscoequipomedico.com\/?product=monitor-ambulatorio-de-presion-arterial-2","url":"https:\/\/buscoequipomedico.com\/?product=monitor-ambulatorio-de-presion-arterial-2","name":"MONITOR AMBULATORIO DE PRESI\u00d3N ARTERIAL - Tu mejor opci\u00f3n Equipo M\u00e9dico M\u00e9xico","isPartOf":{"@id":"https:\/\/buscoequipomedico.com\/#website"},"primaryImageOfPage":{"@id":"https:\/\/buscoequipomedico.com\/?product=monitor-ambulatorio-de-presion-arterial-2#primaryimage"},"image":{"@id":"https:\/\/buscoequipomedico.com\/?product=monitor-ambulatorio-de-presion-arterial-2#primaryimage"},"thumbnailUrl":"https:\/\/buscoequipomedico.com\/wp-content\/uploads\/2020\/02\/monitor-ambulatorio-de-presion-arterial-nibp-spo2-y-frecuencia-de-pulso-medicion-sys-dia-map-pr-24-horas-de-almacenamiento-y-rev.jpg","datePublished":"2020-02-18T07:36:30+00:00","dateModified":"2020-02-18T07:36:36+00:00","breadcrumb":{"@id":"https:\/\/buscoequipomedico.com\/?product=monitor-ambulatorio-de-presion-arterial-2#breadcrumb"},"inLanguage":"es","potentialAction":[{"@type":"ReadAction","target":["https:\/\/buscoequipomedico.com\/?product=monitor-ambulatorio-de-presion-arterial-2"]}]},{"@type":"ImageObject","inLanguage":"es","@id":"https:\/\/buscoequipomedico.com\/?product=monitor-ambulatorio-de-presion-arterial-2#primaryimage","url":"https:\/\/buscoequipomedico.com\/wp-content\/uploads\/2020\/02\/monitor-ambulatorio-de-presion-arterial-nibp-spo2-y-frecuencia-de-pulso-medicion-sys-dia-map-pr-24-horas-de-almacenamiento-y-rev.jpg","contentUrl":"https:\/\/buscoequipomedico.com\/wp-content\/uploads\/2020\/02\/monitor-ambulatorio-de-presion-arterial-nibp-spo2-y-frecuencia-de-pulso-medicion-sys-dia-map-pr-24-horas-de-almacenamiento-y-rev.jpg","width":800,"height":800},{"@type":"BreadcrumbList","@id":"https:\/\/buscoequipomedico.com\/?product=monitor-ambulatorio-de-presion-arterial-2#breadcrumb","itemListElement":[{"@type":"ListItem","position":1,"name":"Productos","item":"https:\/\/buscoequipomedico.com\/shop\/"},{"@type":"ListItem","position":2,"name":"MONITOR AMBULATORIO DE PRESI\u00d3N ARTERIAL"}]},{"@type":"WebSite","@id":"https:\/\/buscoequipomedico.com\/#website","url":"https:\/\/buscoequipomedico.com\/","name":"Tu mejor opci\u00f3n Equipo M\u00e9dico M\u00e9xico","description":"Tienda de equipo m\u00e9dico","publisher":{"@id":"https:\/\/buscoequipomedico.com\/#organization"},"potentialAction":[{"@type":"SearchAction","target":{"@type":"EntryPoint","urlTemplate":"https:\/\/buscoequipomedico.com\/?s={search_term_string}"},"query-input":{"@type":"PropertyValueSpecification","valueRequired":true,"valueName":"search_term_string"}}],"inLanguage":"es"},{"@type":"Organization","@id":"https:\/\/buscoequipomedico.com\/#organization","name":"Tu mejor opci\u00f3n Equipo M\u00e9dico M\u00e9xico","url":"https:\/\/buscoequipomedico.com\/","logo":{"@type":"ImageObject","inLanguage":"es","@id":"https:\/\/buscoequipomedico.com\/#\/schema\/logo\/image\/","url":"https:\/\/buscoequipomedico.com\/wp-content\/uploads\/2021\/07\/EMM-VPrincipal-scaled.jpg","contentUrl":"https:\/\/buscoequipomedico.com\/wp-content\/uploads\/2021\/07\/EMM-VPrincipal-scaled.jpg","width":2560,"height":1058,"caption":"Tu mejor opci\u00f3n Equipo M\u00e9dico M\u00e9xico"},"image":{"@id":"https:\/\/buscoequipomedico.com\/#\/schema\/logo\/image\/"}}]}},"_links":{"self":[{"href":"https:\/\/buscoequipomedico.com\/index.php?rest_route=\/wp\/v2\/product\/12892","targetHints":{"allow":["GET"]}}],"collection":[{"href":"https:\/\/buscoequipomedico.com\/index.php?rest_route=\/wp\/v2\/product"}],"about":[{"href":"https:\/\/buscoequipomedico.com\/index.php?rest_route=\/wp\/v2\/types\/product"}],"wp:featuredmedia":[{"embeddable":true,"href":"https:\/\/buscoequipomedico.com\/index.php?rest_route=\/wp\/v2\/media\/12893"}],"wp:attachment":[{"href":"https:\/\/buscoequipomedico.com\/index.php?rest_route=%2Fwp%2Fv2%2Fmedia&parent=12892"}],"wp:term":[{"taxonomy":"product_brand","embeddable":true,"href":"https:\/\/buscoequipomedico.com\/index.php?rest_route=%2Fwp%2Fv2%2Fproduct_brand&post=12892"},{"taxonomy":"product_cat","embeddable":true,"href":"https:\/\/buscoequipomedico.com\/index.php?rest_route=%2Fwp%2Fv2%2Fproduct_cat&post=12892"},{"taxonomy":"product_tag","embeddable":true,"href":"https:\/\/buscoequipomedico.com\/index.php?rest_route=%2Fwp%2Fv2%2Fproduct_tag&post=12892"}],"curies":[{"name":"wp","href":"https:\/\/api.w.org\/{rel}","templated":true}]}}