{"id":12894,"date":"2020-02-18T07:36:30","date_gmt":"2020-02-18T07:36:30","guid":{"rendered":"https:\/\/equipomedicomexico-com.preview-domain.com\/product\/monitor-de-paciente\/"},"modified":"2020-02-18T07:36:36","modified_gmt":"2020-02-18T07:36:36","slug":"monitor-de-paciente","status":"publish","type":"product","link":"https:\/\/buscoequipomedico.com\/?product=monitor-de-paciente","title":{"rendered":"MONITOR DE PACIENTE"},"content":{"rendered":"<p>Visualizaci\u00f3n de par\u00e1metros en pantalla configurable.<\/p>\n<p>Gama de pacientes: Adulto y Pedi\u00e1trico.<\/p>\n<p>Medici\u00f3n de SpO2, PR, ECG, HR, NIBP, RESP y dos canales TEMP, IBP.<\/p>\n<p>Dimensi\u00f3n: 363 x 168 x 339 mm.<\/p>\n<p>Peso: 4.9 kg. Con bater\u00edas.<\/p>\n<p>Pantalla 15.1&#8243; pixel TFT en color.<\/p>\n<p>Funci\u00f3n de an\u00e1lisis HRV<\/p>\n<p>Modo de medici\u00f3n NIBP manual autom\u00e1tico y continuo almacenamiento para hasta 4800 datos de NIBP\u00a0<\/p>\n<p>Revisi\u00f3n por 71 eventos de alarma para todos los par\u00e1metros y 60 eventos de alarma para arritmia.<\/p>\n<p>Calculo de concentraci\u00f3n de medicamento y tabla de funciones de valoraci\u00f3n.<\/p>\n<p>Imprime la tabla de informaci\u00f3n de tendencia con una tecla\u00a0<\/p>\n<p>Alimentaci\u00f3n AC\/DC, Incluye bater\u00eda de litio recargable haciendo posible el monitoreo ininterrumpido.<\/p><\/p>\n","protected":false},"excerpt":{"rendered":"<p>MONITOR DE PACIENTE PARA ADULTO, PEDI\u00c1TRICO Y NEONATAL. DISPLAY 15\u00bb, COLOR TFT LCD CON ALTA RESOLUCI\u00d3N, SPO2 DIGITAL.<\/p>\n<p>Monitor integral para uso adulto, pedi\u00e1trico y neonato.<\/p>\n<p>Con interfaz est\u00e1ndar, OxyCRG, gr\u00e1ficos de tendencias, interfaz con caracteres grandes y datos de paciente y cama, conveniente para observar.<\/p>\n<p>La forma de onda, de colores y ubicaci\u00f3n los par\u00e1metros pueden ser personalizados.<\/p>\n<p>Modo de operaci\u00f3n:teclas y botones\u00a0<\/p>\n<p>Muestra 8 canales de forma de onda en pantalla.<\/p><\/p>\n","protected":false},"featured_media":12895,"template":"","meta":{"_joinchat":[]},"product_brand":[],"product_cat":[303],"product_tag":[],"class_list":{"0":"post-12894","1":"product","2":"type-product","3":"status-publish","4":"has-post-thumbnail","6":"product_cat-monitores","7":"pa_marca-xignal","9":"first","10":"instock","11":"purchasable","12":"product-type-simple"},"yoast_head":"<!-- This site is optimized with the Yoast SEO plugin v25.1 - https:\/\/yoast.com\/wordpress\/plugins\/seo\/ -->\n<title>MONITOR DE PACIENTE - Tu mejor opci\u00f3n Equipo M\u00e9dico M\u00e9xico<\/title>\n<meta name=\"robots\" content=\"index, follow, max-snippet:-1, max-image-preview:large, max-video-preview:-1\" \/>\n<link rel=\"canonical\" href=\"https:\/\/buscoequipomedico.com\/?product=monitor-de-paciente\" \/>\n<meta property=\"og:locale\" content=\"es_ES\" \/>\n<meta property=\"og:type\" content=\"article\" \/>\n<meta property=\"og:title\" content=\"MONITOR DE PACIENTE - Tu mejor opci\u00f3n Equipo M\u00e9dico M\u00e9xico\" \/>\n<meta property=\"og:description\" content=\"MONITOR DE PACIENTE PARA ADULTO, PEDI\u00c1TRICO Y NEONATAL. DISPLAY 15&#039;&#039;, COLOR TFT LCD CON ALTA RESOLUCI\u00d3N, SPO2 DIGITAL. Monitor integral para uso adulto, pedi\u00e1trico y neonato. Con interfaz est\u00e1ndar, OxyCRG, gr\u00e1ficos de tendencias, interfaz con caracteres grandes y datos de paciente y cama, conveniente para observar. La forma de onda, de colores y ubicaci\u00f3n los par\u00e1metros pueden ser personalizados. Modo de operaci\u00f3n:teclas y botones\u00a0 Muestra 8 canales de forma de onda en pantalla.\" \/>\n<meta property=\"og:url\" content=\"https:\/\/buscoequipomedico.com\/?product=monitor-de-paciente\" \/>\n<meta property=\"og:site_name\" content=\"Tu mejor opci\u00f3n Equipo M\u00e9dico M\u00e9xico\" \/>\n<meta property=\"article:modified_time\" content=\"2020-02-18T07:36:36+00:00\" \/>\n<meta property=\"og:image\" content=\"https:\/\/buscoequipomedico.com\/wp-content\/uploads\/2020\/02\/monitor-de-paciente-monitor-de-paciente-para-adulto-pediatrico-y-neonatal-display-15-color-tft-lcd-con-alta-resolucion-spo2-digi.jpg\" \/>\n\t<meta property=\"og:image:width\" content=\"800\" \/>\n\t<meta property=\"og:image:height\" content=\"800\" \/>\n\t<meta property=\"og:image:type\" content=\"image\/png\" \/>\n<meta name=\"twitter:card\" content=\"summary_large_image\" \/>\n<meta name=\"twitter:label1\" content=\"Tiempo de lectura\" \/>\n\t<meta name=\"twitter:data1\" content=\"1 minuto\" \/>\n<script type=\"application\/ld+json\" class=\"yoast-schema-graph\">{\"@context\":\"https:\/\/schema.org\",\"@graph\":[{\"@type\":\"WebPage\",\"@id\":\"https:\/\/buscoequipomedico.com\/?product=monitor-de-paciente\",\"url\":\"https:\/\/buscoequipomedico.com\/?product=monitor-de-paciente\",\"name\":\"MONITOR DE PACIENTE - Tu mejor opci\u00f3n Equipo M\u00e9dico M\u00e9xico\",\"isPartOf\":{\"@id\":\"https:\/\/buscoequipomedico.com\/#website\"},\"primaryImageOfPage\":{\"@id\":\"https:\/\/buscoequipomedico.com\/?product=monitor-de-paciente#primaryimage\"},\"image\":{\"@id\":\"https:\/\/buscoequipomedico.com\/?product=monitor-de-paciente#primaryimage\"},\"thumbnailUrl\":\"https:\/\/buscoequipomedico.com\/wp-content\/uploads\/2020\/02\/monitor-de-paciente-monitor-de-paciente-para-adulto-pediatrico-y-neonatal-display-15-color-tft-lcd-con-alta-resolucion-spo2-digi.jpg\",\"datePublished\":\"2020-02-18T07:36:30+00:00\",\"dateModified\":\"2020-02-18T07:36:36+00:00\",\"breadcrumb\":{\"@id\":\"https:\/\/buscoequipomedico.com\/?product=monitor-de-paciente#breadcrumb\"},\"inLanguage\":\"es\",\"potentialAction\":[{\"@type\":\"ReadAction\",\"target\":[\"https:\/\/buscoequipomedico.com\/?product=monitor-de-paciente\"]}]},{\"@type\":\"ImageObject\",\"inLanguage\":\"es\",\"@id\":\"https:\/\/buscoequipomedico.com\/?product=monitor-de-paciente#primaryimage\",\"url\":\"https:\/\/buscoequipomedico.com\/wp-content\/uploads\/2020\/02\/monitor-de-paciente-monitor-de-paciente-para-adulto-pediatrico-y-neonatal-display-15-color-tft-lcd-con-alta-resolucion-spo2-digi.jpg\",\"contentUrl\":\"https:\/\/buscoequipomedico.com\/wp-content\/uploads\/2020\/02\/monitor-de-paciente-monitor-de-paciente-para-adulto-pediatrico-y-neonatal-display-15-color-tft-lcd-con-alta-resolucion-spo2-digi.jpg\",\"width\":800,\"height\":800},{\"@type\":\"BreadcrumbList\",\"@id\":\"https:\/\/buscoequipomedico.com\/?product=monitor-de-paciente#breadcrumb\",\"itemListElement\":[{\"@type\":\"ListItem\",\"position\":1,\"name\":\"Productos\",\"item\":\"https:\/\/buscoequipomedico.com\/shop\/\"},{\"@type\":\"ListItem\",\"position\":2,\"name\":\"MONITOR DE PACIENTE\"}]},{\"@type\":\"WebSite\",\"@id\":\"https:\/\/buscoequipomedico.com\/#website\",\"url\":\"https:\/\/buscoequipomedico.com\/\",\"name\":\"Tu mejor opci\u00f3n Equipo M\u00e9dico M\u00e9xico\",\"description\":\"Tienda de equipo m\u00e9dico\",\"publisher\":{\"@id\":\"https:\/\/buscoequipomedico.com\/#organization\"},\"potentialAction\":[{\"@type\":\"SearchAction\",\"target\":{\"@type\":\"EntryPoint\",\"urlTemplate\":\"https:\/\/buscoequipomedico.com\/?s={search_term_string}\"},\"query-input\":{\"@type\":\"PropertyValueSpecification\",\"valueRequired\":true,\"valueName\":\"search_term_string\"}}],\"inLanguage\":\"es\"},{\"@type\":\"Organization\",\"@id\":\"https:\/\/buscoequipomedico.com\/#organization\",\"name\":\"Tu mejor opci\u00f3n Equipo M\u00e9dico M\u00e9xico\",\"url\":\"https:\/\/buscoequipomedico.com\/\",\"logo\":{\"@type\":\"ImageObject\",\"inLanguage\":\"es\",\"@id\":\"https:\/\/buscoequipomedico.com\/#\/schema\/logo\/image\/\",\"url\":\"https:\/\/buscoequipomedico.com\/wp-content\/uploads\/2021\/07\/EMM-VPrincipal-scaled.jpg\",\"contentUrl\":\"https:\/\/buscoequipomedico.com\/wp-content\/uploads\/2021\/07\/EMM-VPrincipal-scaled.jpg\",\"width\":2560,\"height\":1058,\"caption\":\"Tu mejor opci\u00f3n Equipo M\u00e9dico M\u00e9xico\"},\"image\":{\"@id\":\"https:\/\/buscoequipomedico.com\/#\/schema\/logo\/image\/\"}}]}<\/script>\n<!-- \/ Yoast SEO plugin. -->","yoast_head_json":{"title":"MONITOR DE PACIENTE - Tu mejor opci\u00f3n Equipo M\u00e9dico M\u00e9xico","robots":{"index":"index","follow":"follow","max-snippet":"max-snippet:-1","max-image-preview":"max-image-preview:large","max-video-preview":"max-video-preview:-1"},"canonical":"https:\/\/buscoequipomedico.com\/?product=monitor-de-paciente","og_locale":"es_ES","og_type":"article","og_title":"MONITOR DE PACIENTE - Tu mejor opci\u00f3n Equipo M\u00e9dico M\u00e9xico","og_description":"MONITOR DE PACIENTE PARA ADULTO, PEDI\u00c1TRICO Y NEONATAL. DISPLAY 15'', COLOR TFT LCD CON ALTA RESOLUCI\u00d3N, SPO2 DIGITAL. Monitor integral para uso adulto, pedi\u00e1trico y neonato. Con interfaz est\u00e1ndar, OxyCRG, gr\u00e1ficos de tendencias, interfaz con caracteres grandes y datos de paciente y cama, conveniente para observar. La forma de onda, de colores y ubicaci\u00f3n los par\u00e1metros pueden ser personalizados. Modo de operaci\u00f3n:teclas y botones\u00a0 Muestra 8 canales de forma de onda en pantalla.","og_url":"https:\/\/buscoequipomedico.com\/?product=monitor-de-paciente","og_site_name":"Tu mejor opci\u00f3n Equipo M\u00e9dico M\u00e9xico","article_modified_time":"2020-02-18T07:36:36+00:00","og_image":[{"width":800,"height":800,"url":"https:\/\/buscoequipomedico.com\/wp-content\/uploads\/2020\/02\/monitor-de-paciente-monitor-de-paciente-para-adulto-pediatrico-y-neonatal-display-15-color-tft-lcd-con-alta-resolucion-spo2-digi.jpg","type":"image\/png"}],"twitter_card":"summary_large_image","twitter_misc":{"Tiempo de lectura":"1 minuto"},"schema":{"@context":"https:\/\/schema.org","@graph":[{"@type":"WebPage","@id":"https:\/\/buscoequipomedico.com\/?product=monitor-de-paciente","url":"https:\/\/buscoequipomedico.com\/?product=monitor-de-paciente","name":"MONITOR DE PACIENTE - Tu mejor opci\u00f3n Equipo M\u00e9dico M\u00e9xico","isPartOf":{"@id":"https:\/\/buscoequipomedico.com\/#website"},"primaryImageOfPage":{"@id":"https:\/\/buscoequipomedico.com\/?product=monitor-de-paciente#primaryimage"},"image":{"@id":"https:\/\/buscoequipomedico.com\/?product=monitor-de-paciente#primaryimage"},"thumbnailUrl":"https:\/\/buscoequipomedico.com\/wp-content\/uploads\/2020\/02\/monitor-de-paciente-monitor-de-paciente-para-adulto-pediatrico-y-neonatal-display-15-color-tft-lcd-con-alta-resolucion-spo2-digi.jpg","datePublished":"2020-02-18T07:36:30+00:00","dateModified":"2020-02-18T07:36:36+00:00","breadcrumb":{"@id":"https:\/\/buscoequipomedico.com\/?product=monitor-de-paciente#breadcrumb"},"inLanguage":"es","potentialAction":[{"@type":"ReadAction","target":["https:\/\/buscoequipomedico.com\/?product=monitor-de-paciente"]}]},{"@type":"ImageObject","inLanguage":"es","@id":"https:\/\/buscoequipomedico.com\/?product=monitor-de-paciente#primaryimage","url":"https:\/\/buscoequipomedico.com\/wp-content\/uploads\/2020\/02\/monitor-de-paciente-monitor-de-paciente-para-adulto-pediatrico-y-neonatal-display-15-color-tft-lcd-con-alta-resolucion-spo2-digi.jpg","contentUrl":"https:\/\/buscoequipomedico.com\/wp-content\/uploads\/2020\/02\/monitor-de-paciente-monitor-de-paciente-para-adulto-pediatrico-y-neonatal-display-15-color-tft-lcd-con-alta-resolucion-spo2-digi.jpg","width":800,"height":800},{"@type":"BreadcrumbList","@id":"https:\/\/buscoequipomedico.com\/?product=monitor-de-paciente#breadcrumb","itemListElement":[{"@type":"ListItem","position":1,"name":"Productos","item":"https:\/\/buscoequipomedico.com\/shop\/"},{"@type":"ListItem","position":2,"name":"MONITOR DE PACIENTE"}]},{"@type":"WebSite","@id":"https:\/\/buscoequipomedico.com\/#website","url":"https:\/\/buscoequipomedico.com\/","name":"Tu mejor opci\u00f3n Equipo M\u00e9dico M\u00e9xico","description":"Tienda de equipo m\u00e9dico","publisher":{"@id":"https:\/\/buscoequipomedico.com\/#organization"},"potentialAction":[{"@type":"SearchAction","target":{"@type":"EntryPoint","urlTemplate":"https:\/\/buscoequipomedico.com\/?s={search_term_string}"},"query-input":{"@type":"PropertyValueSpecification","valueRequired":true,"valueName":"search_term_string"}}],"inLanguage":"es"},{"@type":"Organization","@id":"https:\/\/buscoequipomedico.com\/#organization","name":"Tu mejor opci\u00f3n Equipo M\u00e9dico M\u00e9xico","url":"https:\/\/buscoequipomedico.com\/","logo":{"@type":"ImageObject","inLanguage":"es","@id":"https:\/\/buscoequipomedico.com\/#\/schema\/logo\/image\/","url":"https:\/\/buscoequipomedico.com\/wp-content\/uploads\/2021\/07\/EMM-VPrincipal-scaled.jpg","contentUrl":"https:\/\/buscoequipomedico.com\/wp-content\/uploads\/2021\/07\/EMM-VPrincipal-scaled.jpg","width":2560,"height":1058,"caption":"Tu mejor opci\u00f3n Equipo M\u00e9dico M\u00e9xico"},"image":{"@id":"https:\/\/buscoequipomedico.com\/#\/schema\/logo\/image\/"}}]}},"_links":{"self":[{"href":"https:\/\/buscoequipomedico.com\/index.php?rest_route=\/wp\/v2\/product\/12894","targetHints":{"allow":["GET"]}}],"collection":[{"href":"https:\/\/buscoequipomedico.com\/index.php?rest_route=\/wp\/v2\/product"}],"about":[{"href":"https:\/\/buscoequipomedico.com\/index.php?rest_route=\/wp\/v2\/types\/product"}],"wp:featuredmedia":[{"embeddable":true,"href":"https:\/\/buscoequipomedico.com\/index.php?rest_route=\/wp\/v2\/media\/12895"}],"wp:attachment":[{"href":"https:\/\/buscoequipomedico.com\/index.php?rest_route=%2Fwp%2Fv2%2Fmedia&parent=12894"}],"wp:term":[{"taxonomy":"product_brand","embeddable":true,"href":"https:\/\/buscoequipomedico.com\/index.php?rest_route=%2Fwp%2Fv2%2Fproduct_brand&post=12894"},{"taxonomy":"product_cat","embeddable":true,"href":"https:\/\/buscoequipomedico.com\/index.php?rest_route=%2Fwp%2Fv2%2Fproduct_cat&post=12894"},{"taxonomy":"product_tag","embeddable":true,"href":"https:\/\/buscoequipomedico.com\/index.php?rest_route=%2Fwp%2Fv2%2Fproduct_tag&post=12894"}],"curies":[{"name":"wp","href":"https:\/\/api.w.org\/{rel}","templated":true}]}}