{"id":12902,"date":"2020-02-18T07:36:38","date_gmt":"2020-02-18T07:36:38","guid":{"rendered":"https:\/\/equipomedicomexico-com.preview-domain.com\/product\/monitor-de-paciente-infunix\/"},"modified":"2020-02-18T07:36:38","modified_gmt":"2020-02-18T07:36:38","slug":"monitor-de-paciente-infunix","status":"publish","type":"product","link":"https:\/\/buscoequipomedico.com\/?product=monitor-de-paciente-infunix","title":{"rendered":"MONITOR DE PACIENTE INFUNIX"},"content":{"rendered":"<p>&#8211; La pantalla LCD TFT de pantalla ancha (16: 9) de 10.4 \u201d(16: 9) hace que la pantalla se vea f\u00e1cilmente.<\/p>\n<\/p>\n<p><span>\u00a0<\/span>&#8211; El Infunix IP-4050 proporciona 7 par\u00e1metros con 6 formas de onda.<\/p>\n<\/p>\n<p><span>\u00a0<\/span>&#8211; El modelo base viene completo con ECG de 3 derivaciones, Oximetr\u00eda de pulso y NIBP.<\/p>\n<\/p>\n<p><span>\u00a0<\/span>&#8211; Las formas de onda se pueden seleccionar de 3 a 6 seg\u00fan el uso del cliente.<\/p>\n<\/p>\n<p><span>\u00a0<\/span>&#8211; El m\u00f3dulo EtCO2 sidestream de Respironics y la impresora pueden integrarse en el equipo como una opci\u00f3n.<\/p>\n<\/p>\n<p><span>\u00a0<\/span>&#8211; IP-4050 detecta 12 tipos de arritmia ECG y muestra el nivel de PVC y ST.<\/p>\n<\/p>\n<p><span>\u00a0<\/span>&#8211; Almacena datos de tendencias durante 72 horas.<\/p>\n<\/p>\n<p><span>\u00a0<\/span>&#8211; Pesa solo 3 kg y es lo suficientemente compacta y robusta para usar en ambulancia o en entornos agudos.<\/p>\n<\/p>\n<p><span>\u00a0<\/span>&#8211; Funciona durante aproximadamente 3 horas con una bater\u00eda recargada o mediante alimentaci\u00f3n de CA.<\/p>\n<\/p>\n<p><span>\u00a0 <\/span>&#8211; Un monitor card\u00edaco altamente port\u00e1til que puede configurarse seg\u00fan sus propios requisitos exactos.<\/p><\/p>\n","protected":false},"excerpt":{"rendered":"<p>Infunix IP-4050, 10.4 \u201dMonitor de paciente multiparam\u00e9trico es un monitor de paciente multiparam\u00e9trico de alta calidad que tiene opciones de ECG (3\/5 derivaciones), reconocimiento de arritmia, PNI, SpO2, IBP, EtCO2, temperatura y LAN. Est\u00e1 dise\u00f1ado para su uso en medicina aguda, as\u00ed como en el entorno pre hospitalario. Ser\u00e1 el monitor de transporte ideal.<\/p>\n","protected":false},"featured_media":12903,"template":"","meta":{"_joinchat":[]},"product_brand":[],"product_cat":[303],"product_tag":[],"class_list":{"0":"post-12902","1":"product","2":"type-product","3":"status-publish","4":"has-post-thumbnail","6":"product_cat-monitores","7":"pa_marca-infunix","9":"first","10":"instock","11":"purchasable","12":"product-type-simple"},"yoast_head":"<!-- This site is optimized with the Yoast SEO plugin v25.1 - https:\/\/yoast.com\/wordpress\/plugins\/seo\/ -->\n<title>MONITOR DE PACIENTE INFUNIX - Tu mejor opci\u00f3n Equipo M\u00e9dico M\u00e9xico<\/title>\n<meta name=\"robots\" content=\"index, follow, max-snippet:-1, max-image-preview:large, max-video-preview:-1\" \/>\n<link rel=\"canonical\" href=\"https:\/\/buscoequipomedico.com\/?product=monitor-de-paciente-infunix\" \/>\n<meta property=\"og:locale\" content=\"es_ES\" \/>\n<meta property=\"og:type\" content=\"article\" \/>\n<meta property=\"og:title\" content=\"MONITOR DE PACIENTE INFUNIX - Tu mejor opci\u00f3n Equipo M\u00e9dico M\u00e9xico\" \/>\n<meta property=\"og:description\" content=\"Infunix IP-4050, 10.4 \u201dMonitor de paciente multiparam\u00e9trico es un monitor de paciente multiparam\u00e9trico de alta calidad que tiene opciones de ECG (3\/5 derivaciones), reconocimiento de arritmia, PNI, SpO2, IBP, EtCO2, temperatura y LAN. Est\u00e1 dise\u00f1ado para su uso en medicina aguda, as\u00ed como en el entorno pre hospitalario. Ser\u00e1 el monitor de transporte ideal.\" \/>\n<meta property=\"og:url\" content=\"https:\/\/buscoequipomedico.com\/?product=monitor-de-paciente-infunix\" \/>\n<meta property=\"og:site_name\" content=\"Tu mejor opci\u00f3n Equipo M\u00e9dico M\u00e9xico\" \/>\n<meta property=\"og:image\" content=\"https:\/\/buscoequipomedico.com\/wp-content\/uploads\/2020\/02\/monitor-de-paciente-infunix-infunix-ip-4050-104-monitor-de-paciente-multiparametrico-es-un-monitor-de-paciente-multiparametrico.jpg\" \/>\n\t<meta property=\"og:image:width\" content=\"800\" \/>\n\t<meta property=\"og:image:height\" content=\"800\" \/>\n\t<meta property=\"og:image:type\" content=\"image\/png\" \/>\n<meta name=\"twitter:card\" content=\"summary_large_image\" \/>\n<meta name=\"twitter:label1\" content=\"Tiempo de lectura\" \/>\n\t<meta name=\"twitter:data1\" content=\"1 minuto\" \/>\n<script type=\"application\/ld+json\" class=\"yoast-schema-graph\">{\"@context\":\"https:\/\/schema.org\",\"@graph\":[{\"@type\":\"WebPage\",\"@id\":\"https:\/\/buscoequipomedico.com\/?product=monitor-de-paciente-infunix\",\"url\":\"https:\/\/buscoequipomedico.com\/?product=monitor-de-paciente-infunix\",\"name\":\"MONITOR DE PACIENTE INFUNIX - Tu mejor opci\u00f3n Equipo M\u00e9dico M\u00e9xico\",\"isPartOf\":{\"@id\":\"https:\/\/buscoequipomedico.com\/#website\"},\"primaryImageOfPage\":{\"@id\":\"https:\/\/buscoequipomedico.com\/?product=monitor-de-paciente-infunix#primaryimage\"},\"image\":{\"@id\":\"https:\/\/buscoequipomedico.com\/?product=monitor-de-paciente-infunix#primaryimage\"},\"thumbnailUrl\":\"https:\/\/buscoequipomedico.com\/wp-content\/uploads\/2020\/02\/monitor-de-paciente-infunix-infunix-ip-4050-104-monitor-de-paciente-multiparametrico-es-un-monitor-de-paciente-multiparametrico.jpg\",\"datePublished\":\"2020-02-18T07:36:38+00:00\",\"breadcrumb\":{\"@id\":\"https:\/\/buscoequipomedico.com\/?product=monitor-de-paciente-infunix#breadcrumb\"},\"inLanguage\":\"es\",\"potentialAction\":[{\"@type\":\"ReadAction\",\"target\":[\"https:\/\/buscoequipomedico.com\/?product=monitor-de-paciente-infunix\"]}]},{\"@type\":\"ImageObject\",\"inLanguage\":\"es\",\"@id\":\"https:\/\/buscoequipomedico.com\/?product=monitor-de-paciente-infunix#primaryimage\",\"url\":\"https:\/\/buscoequipomedico.com\/wp-content\/uploads\/2020\/02\/monitor-de-paciente-infunix-infunix-ip-4050-104-monitor-de-paciente-multiparametrico-es-un-monitor-de-paciente-multiparametrico.jpg\",\"contentUrl\":\"https:\/\/buscoequipomedico.com\/wp-content\/uploads\/2020\/02\/monitor-de-paciente-infunix-infunix-ip-4050-104-monitor-de-paciente-multiparametrico-es-un-monitor-de-paciente-multiparametrico.jpg\",\"width\":800,\"height\":800},{\"@type\":\"BreadcrumbList\",\"@id\":\"https:\/\/buscoequipomedico.com\/?product=monitor-de-paciente-infunix#breadcrumb\",\"itemListElement\":[{\"@type\":\"ListItem\",\"position\":1,\"name\":\"Productos\",\"item\":\"https:\/\/buscoequipomedico.com\/shop\/\"},{\"@type\":\"ListItem\",\"position\":2,\"name\":\"MONITOR DE PACIENTE INFUNIX\"}]},{\"@type\":\"WebSite\",\"@id\":\"https:\/\/buscoequipomedico.com\/#website\",\"url\":\"https:\/\/buscoequipomedico.com\/\",\"name\":\"Tu mejor opci\u00f3n Equipo M\u00e9dico M\u00e9xico\",\"description\":\"Tienda de equipo m\u00e9dico\",\"publisher\":{\"@id\":\"https:\/\/buscoequipomedico.com\/#organization\"},\"potentialAction\":[{\"@type\":\"SearchAction\",\"target\":{\"@type\":\"EntryPoint\",\"urlTemplate\":\"https:\/\/buscoequipomedico.com\/?s={search_term_string}\"},\"query-input\":{\"@type\":\"PropertyValueSpecification\",\"valueRequired\":true,\"valueName\":\"search_term_string\"}}],\"inLanguage\":\"es\"},{\"@type\":\"Organization\",\"@id\":\"https:\/\/buscoequipomedico.com\/#organization\",\"name\":\"Tu mejor opci\u00f3n Equipo M\u00e9dico M\u00e9xico\",\"url\":\"https:\/\/buscoequipomedico.com\/\",\"logo\":{\"@type\":\"ImageObject\",\"inLanguage\":\"es\",\"@id\":\"https:\/\/buscoequipomedico.com\/#\/schema\/logo\/image\/\",\"url\":\"https:\/\/buscoequipomedico.com\/wp-content\/uploads\/2021\/07\/EMM-VPrincipal-scaled.jpg\",\"contentUrl\":\"https:\/\/buscoequipomedico.com\/wp-content\/uploads\/2021\/07\/EMM-VPrincipal-scaled.jpg\",\"width\":2560,\"height\":1058,\"caption\":\"Tu mejor opci\u00f3n Equipo M\u00e9dico M\u00e9xico\"},\"image\":{\"@id\":\"https:\/\/buscoequipomedico.com\/#\/schema\/logo\/image\/\"}}]}<\/script>\n<!-- \/ Yoast SEO plugin. -->","yoast_head_json":{"title":"MONITOR DE PACIENTE INFUNIX - Tu mejor opci\u00f3n Equipo M\u00e9dico M\u00e9xico","robots":{"index":"index","follow":"follow","max-snippet":"max-snippet:-1","max-image-preview":"max-image-preview:large","max-video-preview":"max-video-preview:-1"},"canonical":"https:\/\/buscoequipomedico.com\/?product=monitor-de-paciente-infunix","og_locale":"es_ES","og_type":"article","og_title":"MONITOR DE PACIENTE INFUNIX - Tu mejor opci\u00f3n Equipo M\u00e9dico M\u00e9xico","og_description":"Infunix IP-4050, 10.4 \u201dMonitor de paciente multiparam\u00e9trico es un monitor de paciente multiparam\u00e9trico de alta calidad que tiene opciones de ECG (3\/5 derivaciones), reconocimiento de arritmia, PNI, SpO2, IBP, EtCO2, temperatura y LAN. Est\u00e1 dise\u00f1ado para su uso en medicina aguda, as\u00ed como en el entorno pre hospitalario. Ser\u00e1 el monitor de transporte ideal.","og_url":"https:\/\/buscoequipomedico.com\/?product=monitor-de-paciente-infunix","og_site_name":"Tu mejor opci\u00f3n Equipo M\u00e9dico M\u00e9xico","og_image":[{"width":800,"height":800,"url":"https:\/\/buscoequipomedico.com\/wp-content\/uploads\/2020\/02\/monitor-de-paciente-infunix-infunix-ip-4050-104-monitor-de-paciente-multiparametrico-es-un-monitor-de-paciente-multiparametrico.jpg","type":"image\/png"}],"twitter_card":"summary_large_image","twitter_misc":{"Tiempo de lectura":"1 minuto"},"schema":{"@context":"https:\/\/schema.org","@graph":[{"@type":"WebPage","@id":"https:\/\/buscoequipomedico.com\/?product=monitor-de-paciente-infunix","url":"https:\/\/buscoequipomedico.com\/?product=monitor-de-paciente-infunix","name":"MONITOR DE PACIENTE INFUNIX - Tu mejor opci\u00f3n Equipo M\u00e9dico M\u00e9xico","isPartOf":{"@id":"https:\/\/buscoequipomedico.com\/#website"},"primaryImageOfPage":{"@id":"https:\/\/buscoequipomedico.com\/?product=monitor-de-paciente-infunix#primaryimage"},"image":{"@id":"https:\/\/buscoequipomedico.com\/?product=monitor-de-paciente-infunix#primaryimage"},"thumbnailUrl":"https:\/\/buscoequipomedico.com\/wp-content\/uploads\/2020\/02\/monitor-de-paciente-infunix-infunix-ip-4050-104-monitor-de-paciente-multiparametrico-es-un-monitor-de-paciente-multiparametrico.jpg","datePublished":"2020-02-18T07:36:38+00:00","breadcrumb":{"@id":"https:\/\/buscoequipomedico.com\/?product=monitor-de-paciente-infunix#breadcrumb"},"inLanguage":"es","potentialAction":[{"@type":"ReadAction","target":["https:\/\/buscoequipomedico.com\/?product=monitor-de-paciente-infunix"]}]},{"@type":"ImageObject","inLanguage":"es","@id":"https:\/\/buscoequipomedico.com\/?product=monitor-de-paciente-infunix#primaryimage","url":"https:\/\/buscoequipomedico.com\/wp-content\/uploads\/2020\/02\/monitor-de-paciente-infunix-infunix-ip-4050-104-monitor-de-paciente-multiparametrico-es-un-monitor-de-paciente-multiparametrico.jpg","contentUrl":"https:\/\/buscoequipomedico.com\/wp-content\/uploads\/2020\/02\/monitor-de-paciente-infunix-infunix-ip-4050-104-monitor-de-paciente-multiparametrico-es-un-monitor-de-paciente-multiparametrico.jpg","width":800,"height":800},{"@type":"BreadcrumbList","@id":"https:\/\/buscoequipomedico.com\/?product=monitor-de-paciente-infunix#breadcrumb","itemListElement":[{"@type":"ListItem","position":1,"name":"Productos","item":"https:\/\/buscoequipomedico.com\/shop\/"},{"@type":"ListItem","position":2,"name":"MONITOR DE PACIENTE INFUNIX"}]},{"@type":"WebSite","@id":"https:\/\/buscoequipomedico.com\/#website","url":"https:\/\/buscoequipomedico.com\/","name":"Tu mejor opci\u00f3n Equipo M\u00e9dico M\u00e9xico","description":"Tienda de equipo m\u00e9dico","publisher":{"@id":"https:\/\/buscoequipomedico.com\/#organization"},"potentialAction":[{"@type":"SearchAction","target":{"@type":"EntryPoint","urlTemplate":"https:\/\/buscoequipomedico.com\/?s={search_term_string}"},"query-input":{"@type":"PropertyValueSpecification","valueRequired":true,"valueName":"search_term_string"}}],"inLanguage":"es"},{"@type":"Organization","@id":"https:\/\/buscoequipomedico.com\/#organization","name":"Tu mejor opci\u00f3n Equipo M\u00e9dico M\u00e9xico","url":"https:\/\/buscoequipomedico.com\/","logo":{"@type":"ImageObject","inLanguage":"es","@id":"https:\/\/buscoequipomedico.com\/#\/schema\/logo\/image\/","url":"https:\/\/buscoequipomedico.com\/wp-content\/uploads\/2021\/07\/EMM-VPrincipal-scaled.jpg","contentUrl":"https:\/\/buscoequipomedico.com\/wp-content\/uploads\/2021\/07\/EMM-VPrincipal-scaled.jpg","width":2560,"height":1058,"caption":"Tu mejor opci\u00f3n Equipo M\u00e9dico M\u00e9xico"},"image":{"@id":"https:\/\/buscoequipomedico.com\/#\/schema\/logo\/image\/"}}]}},"_links":{"self":[{"href":"https:\/\/buscoequipomedico.com\/index.php?rest_route=\/wp\/v2\/product\/12902","targetHints":{"allow":["GET"]}}],"collection":[{"href":"https:\/\/buscoequipomedico.com\/index.php?rest_route=\/wp\/v2\/product"}],"about":[{"href":"https:\/\/buscoequipomedico.com\/index.php?rest_route=\/wp\/v2\/types\/product"}],"wp:featuredmedia":[{"embeddable":true,"href":"https:\/\/buscoequipomedico.com\/index.php?rest_route=\/wp\/v2\/media\/12903"}],"wp:attachment":[{"href":"https:\/\/buscoequipomedico.com\/index.php?rest_route=%2Fwp%2Fv2%2Fmedia&parent=12902"}],"wp:term":[{"taxonomy":"product_brand","embeddable":true,"href":"https:\/\/buscoequipomedico.com\/index.php?rest_route=%2Fwp%2Fv2%2Fproduct_brand&post=12902"},{"taxonomy":"product_cat","embeddable":true,"href":"https:\/\/buscoequipomedico.com\/index.php?rest_route=%2Fwp%2Fv2%2Fproduct_cat&post=12902"},{"taxonomy":"product_tag","embeddable":true,"href":"https:\/\/buscoequipomedico.com\/index.php?rest_route=%2Fwp%2Fv2%2Fproduct_tag&post=12902"}],"curies":[{"name":"wp","href":"https:\/\/api.w.org\/{rel}","templated":true}]}}