{"id":12904,"date":"2020-02-18T07:36:38","date_gmt":"2020-02-18T07:36:38","guid":{"rendered":"https:\/\/equipomedicomexico-com.preview-domain.com\/product\/monitor-de-paciente-infunix-con-capnografo\/"},"modified":"2020-02-18T07:36:38","modified_gmt":"2020-02-18T07:36:38","slug":"monitor-de-paciente-infunix-con-capnografo","status":"publish","type":"product","link":"https:\/\/buscoequipomedico.com\/?product=monitor-de-paciente-infunix-con-capnografo","title":{"rendered":"MONITOR DE PACIENTE INFUNIX CON CAPNOGRAFO"},"content":{"rendered":"<ul>\n<li>DISE\u00d1O MODERNO Y COMPACTO<\/li>\n<li>PANTALLA PANORAMICA A COLOR LCD DE 10.4\u201d<\/li>\n<li>MONITOR MULTI-PARAMETROS:<\/li>\n<\/ul>\n<p>o\u00a0\u00a0 ECG<\/p>\n<p>o\u00a0\u00a0 SPO2<\/p>\n<p>o\u00a0\u00a0 NIBP (2 canales)<\/p>\n<p>o\u00a0\u00a0 temperatura (2 canales)<\/p>\n<p>o\u00a0\u00a0 respiraci\u00f3n<\/p>\n<ul>\n<li>eico2<\/li>\n<\/ul>\n<ul>\n<li>Display configurable<\/li>\n<li>Hasta 6 formas de onda<\/li>\n<li>12 tipos de alarma<\/li>\n<li>Bater\u00eda de litio recargable de 3 hrs<\/li>\n<li>Encendido r\u00e1pido en menos de 2 seg.<\/li>\n<li>Programable en espa\u00f1ol (+6 idiomas)<\/li>\n<li>Incluye accesorios para NIBP<\/li>\n<li>Peso 3 kg<\/li>\n<li>Pedestal (opcional)<\/li>\n<\/ul>\n","protected":false},"excerpt":{"rendered":"<ul>\n<li>DISE\u00d1O MODERNO Y COMPACTO PANTALLA PANOR\u00c1MICA A COLOR LCD DE 10.4\u2033<\/li>\n<li>BATER\u00cdA DE LITIO RECARGABLE 3HRS.<\/li>\n<li>CON CAPNOGRAFO<\/li>\n<\/ul>\n","protected":false},"featured_media":12905,"template":"","meta":{"_joinchat":[]},"product_brand":[],"product_cat":[303],"product_tag":[],"class_list":{"0":"post-12904","1":"product","2":"type-product","3":"status-publish","4":"has-post-thumbnail","6":"product_cat-monitores","7":"pa_marca-infunix","9":"first","10":"instock","11":"purchasable","12":"product-type-simple"},"yoast_head":"<!-- This site is optimized with the Yoast SEO plugin v25.1 - https:\/\/yoast.com\/wordpress\/plugins\/seo\/ -->\n<title>MONITOR DE PACIENTE INFUNIX CON CAPNOGRAFO - Tu mejor opci\u00f3n Equipo M\u00e9dico M\u00e9xico<\/title>\n<meta name=\"robots\" content=\"index, follow, max-snippet:-1, max-image-preview:large, max-video-preview:-1\" \/>\n<link rel=\"canonical\" href=\"https:\/\/buscoequipomedico.com\/?product=monitor-de-paciente-infunix-con-capnografo\" \/>\n<meta property=\"og:locale\" content=\"es_ES\" \/>\n<meta property=\"og:type\" content=\"article\" \/>\n<meta property=\"og:title\" content=\"MONITOR DE PACIENTE INFUNIX CON CAPNOGRAFO - Tu mejor opci\u00f3n Equipo M\u00e9dico M\u00e9xico\" \/>\n<meta property=\"og:description\" content=\"DISE\u00d1O MODERNO Y COMPACTO PANTALLA PANOR\u00c1MICA A COLOR LCD DE 10.4\u2033 BATER\u00cdA DE LITIO RECARGABLE 3HRS. CON CAPNOGRAFO\" \/>\n<meta property=\"og:url\" content=\"https:\/\/buscoequipomedico.com\/?product=monitor-de-paciente-infunix-con-capnografo\" \/>\n<meta property=\"og:site_name\" content=\"Tu mejor opci\u00f3n Equipo M\u00e9dico M\u00e9xico\" \/>\n<meta property=\"og:image\" content=\"https:\/\/buscoequipomedico.com\/wp-content\/uploads\/2020\/02\/monitor-de-paciente-infunix-con-capnografo-diseno-moderno-y-compacto-pantalla-panoramica-a-color-lcd-de-104-bateria-de-litio-rec.jpg\" \/>\n\t<meta property=\"og:image:width\" content=\"800\" \/>\n\t<meta property=\"og:image:height\" content=\"800\" \/>\n\t<meta property=\"og:image:type\" content=\"image\/png\" \/>\n<meta name=\"twitter:card\" content=\"summary_large_image\" \/>\n<script type=\"application\/ld+json\" class=\"yoast-schema-graph\">{\"@context\":\"https:\/\/schema.org\",\"@graph\":[{\"@type\":\"WebPage\",\"@id\":\"https:\/\/buscoequipomedico.com\/?product=monitor-de-paciente-infunix-con-capnografo\",\"url\":\"https:\/\/buscoequipomedico.com\/?product=monitor-de-paciente-infunix-con-capnografo\",\"name\":\"MONITOR DE PACIENTE INFUNIX CON CAPNOGRAFO - Tu mejor opci\u00f3n Equipo M\u00e9dico M\u00e9xico\",\"isPartOf\":{\"@id\":\"https:\/\/buscoequipomedico.com\/#website\"},\"primaryImageOfPage\":{\"@id\":\"https:\/\/buscoequipomedico.com\/?product=monitor-de-paciente-infunix-con-capnografo#primaryimage\"},\"image\":{\"@id\":\"https:\/\/buscoequipomedico.com\/?product=monitor-de-paciente-infunix-con-capnografo#primaryimage\"},\"thumbnailUrl\":\"https:\/\/buscoequipomedico.com\/wp-content\/uploads\/2020\/02\/monitor-de-paciente-infunix-con-capnografo-diseno-moderno-y-compacto-pantalla-panoramica-a-color-lcd-de-104-bateria-de-litio-rec.jpg\",\"datePublished\":\"2020-02-18T07:36:38+00:00\",\"breadcrumb\":{\"@id\":\"https:\/\/buscoequipomedico.com\/?product=monitor-de-paciente-infunix-con-capnografo#breadcrumb\"},\"inLanguage\":\"es\",\"potentialAction\":[{\"@type\":\"ReadAction\",\"target\":[\"https:\/\/buscoequipomedico.com\/?product=monitor-de-paciente-infunix-con-capnografo\"]}]},{\"@type\":\"ImageObject\",\"inLanguage\":\"es\",\"@id\":\"https:\/\/buscoequipomedico.com\/?product=monitor-de-paciente-infunix-con-capnografo#primaryimage\",\"url\":\"https:\/\/buscoequipomedico.com\/wp-content\/uploads\/2020\/02\/monitor-de-paciente-infunix-con-capnografo-diseno-moderno-y-compacto-pantalla-panoramica-a-color-lcd-de-104-bateria-de-litio-rec.jpg\",\"contentUrl\":\"https:\/\/buscoequipomedico.com\/wp-content\/uploads\/2020\/02\/monitor-de-paciente-infunix-con-capnografo-diseno-moderno-y-compacto-pantalla-panoramica-a-color-lcd-de-104-bateria-de-litio-rec.jpg\",\"width\":800,\"height\":800},{\"@type\":\"BreadcrumbList\",\"@id\":\"https:\/\/buscoequipomedico.com\/?product=monitor-de-paciente-infunix-con-capnografo#breadcrumb\",\"itemListElement\":[{\"@type\":\"ListItem\",\"position\":1,\"name\":\"Productos\",\"item\":\"https:\/\/buscoequipomedico.com\/shop\/\"},{\"@type\":\"ListItem\",\"position\":2,\"name\":\"MONITOR DE PACIENTE INFUNIX CON CAPNOGRAFO\"}]},{\"@type\":\"WebSite\",\"@id\":\"https:\/\/buscoequipomedico.com\/#website\",\"url\":\"https:\/\/buscoequipomedico.com\/\",\"name\":\"Tu mejor opci\u00f3n Equipo M\u00e9dico M\u00e9xico\",\"description\":\"Tienda de equipo m\u00e9dico\",\"publisher\":{\"@id\":\"https:\/\/buscoequipomedico.com\/#organization\"},\"potentialAction\":[{\"@type\":\"SearchAction\",\"target\":{\"@type\":\"EntryPoint\",\"urlTemplate\":\"https:\/\/buscoequipomedico.com\/?s={search_term_string}\"},\"query-input\":{\"@type\":\"PropertyValueSpecification\",\"valueRequired\":true,\"valueName\":\"search_term_string\"}}],\"inLanguage\":\"es\"},{\"@type\":\"Organization\",\"@id\":\"https:\/\/buscoequipomedico.com\/#organization\",\"name\":\"Tu mejor opci\u00f3n Equipo M\u00e9dico M\u00e9xico\",\"url\":\"https:\/\/buscoequipomedico.com\/\",\"logo\":{\"@type\":\"ImageObject\",\"inLanguage\":\"es\",\"@id\":\"https:\/\/buscoequipomedico.com\/#\/schema\/logo\/image\/\",\"url\":\"https:\/\/buscoequipomedico.com\/wp-content\/uploads\/2021\/07\/EMM-VPrincipal-scaled.jpg\",\"contentUrl\":\"https:\/\/buscoequipomedico.com\/wp-content\/uploads\/2021\/07\/EMM-VPrincipal-scaled.jpg\",\"width\":2560,\"height\":1058,\"caption\":\"Tu mejor opci\u00f3n Equipo M\u00e9dico M\u00e9xico\"},\"image\":{\"@id\":\"https:\/\/buscoequipomedico.com\/#\/schema\/logo\/image\/\"}}]}<\/script>\n<!-- \/ Yoast SEO plugin. -->","yoast_head_json":{"title":"MONITOR DE PACIENTE INFUNIX CON CAPNOGRAFO - Tu mejor opci\u00f3n Equipo M\u00e9dico M\u00e9xico","robots":{"index":"index","follow":"follow","max-snippet":"max-snippet:-1","max-image-preview":"max-image-preview:large","max-video-preview":"max-video-preview:-1"},"canonical":"https:\/\/buscoequipomedico.com\/?product=monitor-de-paciente-infunix-con-capnografo","og_locale":"es_ES","og_type":"article","og_title":"MONITOR DE PACIENTE INFUNIX CON CAPNOGRAFO - Tu mejor opci\u00f3n Equipo M\u00e9dico M\u00e9xico","og_description":"DISE\u00d1O MODERNO Y COMPACTO PANTALLA PANOR\u00c1MICA A COLOR LCD DE 10.4\u2033 BATER\u00cdA DE LITIO RECARGABLE 3HRS. CON CAPNOGRAFO","og_url":"https:\/\/buscoequipomedico.com\/?product=monitor-de-paciente-infunix-con-capnografo","og_site_name":"Tu mejor opci\u00f3n Equipo M\u00e9dico M\u00e9xico","og_image":[{"width":800,"height":800,"url":"https:\/\/buscoequipomedico.com\/wp-content\/uploads\/2020\/02\/monitor-de-paciente-infunix-con-capnografo-diseno-moderno-y-compacto-pantalla-panoramica-a-color-lcd-de-104-bateria-de-litio-rec.jpg","type":"image\/png"}],"twitter_card":"summary_large_image","schema":{"@context":"https:\/\/schema.org","@graph":[{"@type":"WebPage","@id":"https:\/\/buscoequipomedico.com\/?product=monitor-de-paciente-infunix-con-capnografo","url":"https:\/\/buscoequipomedico.com\/?product=monitor-de-paciente-infunix-con-capnografo","name":"MONITOR DE PACIENTE INFUNIX CON CAPNOGRAFO - Tu mejor opci\u00f3n Equipo M\u00e9dico M\u00e9xico","isPartOf":{"@id":"https:\/\/buscoequipomedico.com\/#website"},"primaryImageOfPage":{"@id":"https:\/\/buscoequipomedico.com\/?product=monitor-de-paciente-infunix-con-capnografo#primaryimage"},"image":{"@id":"https:\/\/buscoequipomedico.com\/?product=monitor-de-paciente-infunix-con-capnografo#primaryimage"},"thumbnailUrl":"https:\/\/buscoequipomedico.com\/wp-content\/uploads\/2020\/02\/monitor-de-paciente-infunix-con-capnografo-diseno-moderno-y-compacto-pantalla-panoramica-a-color-lcd-de-104-bateria-de-litio-rec.jpg","datePublished":"2020-02-18T07:36:38+00:00","breadcrumb":{"@id":"https:\/\/buscoequipomedico.com\/?product=monitor-de-paciente-infunix-con-capnografo#breadcrumb"},"inLanguage":"es","potentialAction":[{"@type":"ReadAction","target":["https:\/\/buscoequipomedico.com\/?product=monitor-de-paciente-infunix-con-capnografo"]}]},{"@type":"ImageObject","inLanguage":"es","@id":"https:\/\/buscoequipomedico.com\/?product=monitor-de-paciente-infunix-con-capnografo#primaryimage","url":"https:\/\/buscoequipomedico.com\/wp-content\/uploads\/2020\/02\/monitor-de-paciente-infunix-con-capnografo-diseno-moderno-y-compacto-pantalla-panoramica-a-color-lcd-de-104-bateria-de-litio-rec.jpg","contentUrl":"https:\/\/buscoequipomedico.com\/wp-content\/uploads\/2020\/02\/monitor-de-paciente-infunix-con-capnografo-diseno-moderno-y-compacto-pantalla-panoramica-a-color-lcd-de-104-bateria-de-litio-rec.jpg","width":800,"height":800},{"@type":"BreadcrumbList","@id":"https:\/\/buscoequipomedico.com\/?product=monitor-de-paciente-infunix-con-capnografo#breadcrumb","itemListElement":[{"@type":"ListItem","position":1,"name":"Productos","item":"https:\/\/buscoequipomedico.com\/shop\/"},{"@type":"ListItem","position":2,"name":"MONITOR DE PACIENTE INFUNIX CON CAPNOGRAFO"}]},{"@type":"WebSite","@id":"https:\/\/buscoequipomedico.com\/#website","url":"https:\/\/buscoequipomedico.com\/","name":"Tu mejor opci\u00f3n Equipo M\u00e9dico M\u00e9xico","description":"Tienda de equipo m\u00e9dico","publisher":{"@id":"https:\/\/buscoequipomedico.com\/#organization"},"potentialAction":[{"@type":"SearchAction","target":{"@type":"EntryPoint","urlTemplate":"https:\/\/buscoequipomedico.com\/?s={search_term_string}"},"query-input":{"@type":"PropertyValueSpecification","valueRequired":true,"valueName":"search_term_string"}}],"inLanguage":"es"},{"@type":"Organization","@id":"https:\/\/buscoequipomedico.com\/#organization","name":"Tu mejor opci\u00f3n Equipo M\u00e9dico M\u00e9xico","url":"https:\/\/buscoequipomedico.com\/","logo":{"@type":"ImageObject","inLanguage":"es","@id":"https:\/\/buscoequipomedico.com\/#\/schema\/logo\/image\/","url":"https:\/\/buscoequipomedico.com\/wp-content\/uploads\/2021\/07\/EMM-VPrincipal-scaled.jpg","contentUrl":"https:\/\/buscoequipomedico.com\/wp-content\/uploads\/2021\/07\/EMM-VPrincipal-scaled.jpg","width":2560,"height":1058,"caption":"Tu mejor opci\u00f3n Equipo M\u00e9dico M\u00e9xico"},"image":{"@id":"https:\/\/buscoequipomedico.com\/#\/schema\/logo\/image\/"}}]}},"_links":{"self":[{"href":"https:\/\/buscoequipomedico.com\/index.php?rest_route=\/wp\/v2\/product\/12904","targetHints":{"allow":["GET"]}}],"collection":[{"href":"https:\/\/buscoequipomedico.com\/index.php?rest_route=\/wp\/v2\/product"}],"about":[{"href":"https:\/\/buscoequipomedico.com\/index.php?rest_route=\/wp\/v2\/types\/product"}],"wp:featuredmedia":[{"embeddable":true,"href":"https:\/\/buscoequipomedico.com\/index.php?rest_route=\/wp\/v2\/media\/12905"}],"wp:attachment":[{"href":"https:\/\/buscoequipomedico.com\/index.php?rest_route=%2Fwp%2Fv2%2Fmedia&parent=12904"}],"wp:term":[{"taxonomy":"product_brand","embeddable":true,"href":"https:\/\/buscoequipomedico.com\/index.php?rest_route=%2Fwp%2Fv2%2Fproduct_brand&post=12904"},{"taxonomy":"product_cat","embeddable":true,"href":"https:\/\/buscoequipomedico.com\/index.php?rest_route=%2Fwp%2Fv2%2Fproduct_cat&post=12904"},{"taxonomy":"product_tag","embeddable":true,"href":"https:\/\/buscoequipomedico.com\/index.php?rest_route=%2Fwp%2Fv2%2Fproduct_tag&post=12904"}],"curies":[{"name":"wp","href":"https:\/\/api.w.org\/{rel}","templated":true}]}}