{"id":12910,"date":"2020-02-18T07:36:38","date_gmt":"2020-02-18T07:36:38","guid":{"rendered":"https:\/\/equipomedicomexico-com.preview-domain.com\/product\/monitor-fetal\/"},"modified":"2020-02-18T07:36:39","modified_gmt":"2020-02-18T07:36:39","slug":"monitor-fetal","status":"publish","type":"product","link":"https:\/\/buscoequipomedico.com\/?product=monitor-fetal","title":{"rendered":"MONITOR FETAL"},"content":{"rendered":"<p>Caracter\u00edsticas principales<\/p>\n<\/p>\n<p>\u25c6 Aspecto diestro ligero, tops horizontalmente y paredes pueden ser alzadas<\/p>\n<\/p>\n<p>\u25c6 Pantalla LCD en color de 8.0 \u00ab, pantalla giratoria a 60 \u00b0<\/p>\n<\/p>\n<p>\u25c6 Visualizaci\u00f3n clara de los datos del paciente y la curva.<\/p>\n<\/p>\n<p>\u25c6 FHR 120 BPM ~ 160 BPM etiqueta de rango normal<\/p>\n<\/p>\n<p>\u25c6 Registros manuales del movimiento fetal.<\/p>\n<\/p>\n<p>\u25c6 Alarma de sonido y color para la frecuencia card\u00edaca fetal alta y baja<\/p>\n<\/p>\n<p>\u25c6 Funci\u00f3n de monitoreo continuo en tiempo real las 24 horas.<\/p>\n<\/p>\n<p>\u25c6 Curva continua de 12 horas del paciente y almacenamiento de datos, reproducci\u00f3n e impresi\u00f3n<\/p>\n<\/p>\n<p>\u25c6 Con funci\u00f3n de congelaci\u00f3n de imagen.<\/p>\n<\/p>\n<p>\u25c6 interfaz de ingl\u00e9s opcional<\/p>\n<\/p>\n<p>\u25c6 Monitoreo individual, gemelos opcional<\/p>\n<\/p>\n<p>\u25c6 9 banda de tablero de cristal transductor de onda pulsada<\/p>\n<\/p>\n<p>\u00a0\u25c6 Grabadora t\u00e9rmica incorporada de alta resoluci\u00f3n y vida extra larga<\/p>\n<\/p>\n<p>\u25c6 Puerto de comunicaci\u00f3n incorporado, se puede conectar con sistema de monitoreo central.<\/p>\n<\/p>\n<p>Rendimiento principal<\/p>\n<\/p>\n<p>Seguridad:<\/p>\n<\/p>\n<p>\u00a0 \u00a0 \u00a0 \u00a0 \u00a0 \u00a0Tipos antichoque: Instalaciones I, sin fuente de alimentaci\u00f3n interna Grado contra choques el\u00e9ctricos: B Voltaje de trabajo: CA 100 V ~ 240 V Frecuencia: 50 Hz \/ 60 Hz P \uff1c 60 VA Fusible: T1.6AL250VDisplay<\/p>\n<\/p>\n<p>Dimensiones: pantalla LCD a color de 8.0 \u00ab, plegable a 60 grados<\/p>\n<\/p>\n<p>Monitor<\/p>\n<\/p>\n<p>Contenido: n\u00famero de cama, semanas de embarazo, edad, velocidad del papel, fecha, hora, volumen, estado de la alarma, estado de la conexi\u00f3n del transductor, estado del registrador, datos y onda FHR, datos y onda de Contracci\u00f3n, tiempos de movimiento fetal y marcas, etc.<\/p>\n<\/p>\n<p>Impresi\u00f3n:<\/p>\n<\/p>\n<p>\u00a0 \u00a0 Papel de registro dos-doble tipo Z<\/p>\n<\/p>\n<p>\u00a0 \u00a0 Ancho de impresi\u00f3n: 112 mm<\/p>\n<\/p>\n<p>\u00a0 \u00a0 Ancho de impresi\u00f3n v\u00e1lido: 104 mm<\/p>\n<\/p>\n<p>\u00a0 \u00a0 Velocidad de salida del papel: 1 cm \/ min \u3001 2 cm \/ min \u3001 3 cm \/ min (opcional)<\/p>\n<\/p>\n<p>\u00a0 \u00a0 Precisi\u00f3n de los datos: \u00b1 5% \uff08X Roll\uff09, \u00b1 1% \uff08Y Roll\uff09<\/p>\n<\/p>\n<p>Contenido del registro: hospital, n\u00famero de cama, nombre, semanas de embarazo, n\u00famero de paciente, velocidad del papel, fecha, hora, datos de FHR y onda, datos de contracci\u00f3n y onda, tiempos de movimiento fetal y marcas, etc.<\/p>\n<\/p>\n<p>Sonda de ultrasonido:<\/p>\n<\/p>\n<p>\u00a0 \u00a0 Frecuencia nominal: 1.0 MHz<\/p>\n<\/p>\n<p>Frecuencia de trabajo: 1.0 MHz \u00b1 10%<\/p>\n<\/p>\n<p>Presi\u00f3n ac\u00fastica pico negativa: p_ \uff1c 1 MPa<\/p>\n<\/p>\n<p>Intensidad del haz de salida: Iob \uff1c 20 mW \/ cm2<\/p>\n<\/p>\n<p>Intensidad m\u00e1xima del espacio temporal: Ispta \uff1c 100 mW \/ cm2<\/p>\n<\/p>\n<p>El tiempo promedio de intensidad de pico de espacio: Isata \uff1c 10 mW \/ cm2<\/p>\n<\/p>\n<p>FHR son\u00f3: 50 BPM ~ 240 BPM<\/p>\n<\/p>\n<p>Resoluci\u00f3n: 1 BPM<\/p>\n<\/p>\n<p>Precisi\u00f3n: \u00b1 2 BPM<\/p>\n<\/p>\n<p>PARA CO<\/p>\n<\/p>\n<p>Gama TOCO: 0 ~ 100%<\/p>\n<\/p>\n<p>Resoluci\u00f3n: 1%<\/p>\n<\/p>\n<p>Error no lineal: \uff1c \u00b1 10%<\/p>\n<\/p>\n<p>Manera RZ: Manualmente<\/p>\n<\/p>\n<p>Marcaje fetal<\/p>\n<\/p>\n<p>Para el bot\u00f3n manual (la operaci\u00f3n de mujeres embarazadas), habr\u00e1 una pantalla de marca en el \u00e1rea inferior de la secci\u00f3n de pantalla de onda FHR.<\/p>\n<\/p>\n<p>Alarma FHR:<\/p>\n<\/p>\n<p>Alarma para FHR alto y bajo, que excede el l\u00edmite designado.<\/p>\n<\/p>\n<p>Accesorios<\/p>\n<\/p>\n<p>Vender en est\u00e1ndar:<\/p>\n<\/p>\n<p>\u00a0 \u00a0 \u25c6 Transductores \uff08Transductor de ultrasonido \u2160, TOCO Transducer, Remote Marker\uff09<\/p>\n<\/p>\n<p>\u00a0 \u00a0 \u25c6 cintur\u00f3n de abdomen<\/p>\n<\/p>\n<p>\u00a0 \u00a0 \u25c6 papel de registro<\/p>\n<\/p>\n<p>\u00a0 \u00a0 \u25c6 l\u00ednea de alimentaci\u00f3n<\/p>\n<\/p>\n<p>\u00a0 \u00a0 \u25c6 l\u00ednea de tierra<\/p>\n<\/p>\n<p>\u00a0 \u00a0 \u25c6 dos fusibles<\/p>\n<\/p>\n<p>\u00a0 \u00a0 \u25c6 manual del usuario<\/p><\/p>\n","protected":false},"excerpt":{"rendered":"<p><span><span>El monitor fetal puede adquirir la frecuencia card\u00edaca fetal y la contracci\u00f3n uterina materna cuando los embarazos de m\u00e1s de 28 semanas proporcionan datos de referencia para uso cl\u00ednico. El monitor se puede usar individualmente o conectado con una PC a trav\u00e9s de la interfaz RJ45 con el prop\u00f3sito de monitorizaci\u00f3n central. Solo es adecuado para el equipo en hospitales, cl\u00ednicas, consultorios m\u00e9dicos y pacientes en el hogar por personal m\u00e9dico profesional.<\/span><\/span><\/p><\/p>\n","protected":false},"featured_media":12911,"template":"","meta":{"_joinchat":[]},"product_brand":[],"product_cat":[303],"product_tag":[],"class_list":{"0":"post-12910","1":"product","2":"type-product","3":"status-publish","4":"has-post-thumbnail","6":"product_cat-monitores","8":"first","9":"instock","10":"purchasable","11":"product-type-simple"},"yoast_head":"<!-- This site is optimized with the Yoast SEO plugin v25.1 - https:\/\/yoast.com\/wordpress\/plugins\/seo\/ -->\n<title>MONITOR FETAL - Tu mejor opci\u00f3n Equipo M\u00e9dico M\u00e9xico<\/title>\n<meta name=\"robots\" content=\"index, follow, max-snippet:-1, max-image-preview:large, max-video-preview:-1\" \/>\n<link rel=\"canonical\" href=\"https:\/\/buscoequipomedico.com\/?product=monitor-fetal\" \/>\n<meta property=\"og:locale\" content=\"es_ES\" \/>\n<meta property=\"og:type\" content=\"article\" \/>\n<meta property=\"og:title\" content=\"MONITOR FETAL - Tu mejor opci\u00f3n Equipo M\u00e9dico M\u00e9xico\" \/>\n<meta property=\"og:description\" content=\"El monitor fetal puede adquirir la frecuencia card\u00edaca fetal y la contracci\u00f3n uterina materna cuando los embarazos de m\u00e1s de 28 semanas proporcionan datos de referencia para uso cl\u00ednico. El monitor se puede usar individualmente o conectado con una PC a trav\u00e9s de la interfaz RJ45 con el prop\u00f3sito de monitorizaci\u00f3n central. Solo es adecuado para el equipo en hospitales, cl\u00ednicas, consultorios m\u00e9dicos y pacientes en el hogar por personal m\u00e9dico profesional.\" \/>\n<meta property=\"og:url\" content=\"https:\/\/buscoequipomedico.com\/?product=monitor-fetal\" \/>\n<meta property=\"og:site_name\" content=\"Tu mejor opci\u00f3n Equipo M\u00e9dico M\u00e9xico\" \/>\n<meta property=\"article:modified_time\" content=\"2020-02-18T07:36:39+00:00\" \/>\n<meta property=\"og:image\" content=\"https:\/\/buscoequipomedico.com\/wp-content\/uploads\/2020\/02\/monitor-fetal-el-monitor-fetal-puede-adquirir-la-frecuencia-cardiaca-fetal-y-la-contraccion-uterina-materna-cuando-los-embarazos.jpg\" \/>\n\t<meta property=\"og:image:width\" content=\"800\" \/>\n\t<meta property=\"og:image:height\" content=\"800\" \/>\n\t<meta property=\"og:image:type\" content=\"image\/png\" \/>\n<meta name=\"twitter:card\" content=\"summary_large_image\" \/>\n<meta name=\"twitter:label1\" content=\"Tiempo de lectura\" \/>\n\t<meta name=\"twitter:data1\" content=\"2 minutos\" \/>\n<script type=\"application\/ld+json\" class=\"yoast-schema-graph\">{\"@context\":\"https:\/\/schema.org\",\"@graph\":[{\"@type\":\"WebPage\",\"@id\":\"https:\/\/buscoequipomedico.com\/?product=monitor-fetal\",\"url\":\"https:\/\/buscoequipomedico.com\/?product=monitor-fetal\",\"name\":\"MONITOR FETAL - Tu mejor opci\u00f3n Equipo M\u00e9dico M\u00e9xico\",\"isPartOf\":{\"@id\":\"https:\/\/buscoequipomedico.com\/#website\"},\"primaryImageOfPage\":{\"@id\":\"https:\/\/buscoequipomedico.com\/?product=monitor-fetal#primaryimage\"},\"image\":{\"@id\":\"https:\/\/buscoequipomedico.com\/?product=monitor-fetal#primaryimage\"},\"thumbnailUrl\":\"https:\/\/buscoequipomedico.com\/wp-content\/uploads\/2020\/02\/monitor-fetal-el-monitor-fetal-puede-adquirir-la-frecuencia-cardiaca-fetal-y-la-contraccion-uterina-materna-cuando-los-embarazos.jpg\",\"datePublished\":\"2020-02-18T07:36:38+00:00\",\"dateModified\":\"2020-02-18T07:36:39+00:00\",\"breadcrumb\":{\"@id\":\"https:\/\/buscoequipomedico.com\/?product=monitor-fetal#breadcrumb\"},\"inLanguage\":\"es\",\"potentialAction\":[{\"@type\":\"ReadAction\",\"target\":[\"https:\/\/buscoequipomedico.com\/?product=monitor-fetal\"]}]},{\"@type\":\"ImageObject\",\"inLanguage\":\"es\",\"@id\":\"https:\/\/buscoequipomedico.com\/?product=monitor-fetal#primaryimage\",\"url\":\"https:\/\/buscoequipomedico.com\/wp-content\/uploads\/2020\/02\/monitor-fetal-el-monitor-fetal-puede-adquirir-la-frecuencia-cardiaca-fetal-y-la-contraccion-uterina-materna-cuando-los-embarazos.jpg\",\"contentUrl\":\"https:\/\/buscoequipomedico.com\/wp-content\/uploads\/2020\/02\/monitor-fetal-el-monitor-fetal-puede-adquirir-la-frecuencia-cardiaca-fetal-y-la-contraccion-uterina-materna-cuando-los-embarazos.jpg\",\"width\":800,\"height\":800},{\"@type\":\"BreadcrumbList\",\"@id\":\"https:\/\/buscoequipomedico.com\/?product=monitor-fetal#breadcrumb\",\"itemListElement\":[{\"@type\":\"ListItem\",\"position\":1,\"name\":\"Productos\",\"item\":\"https:\/\/buscoequipomedico.com\/shop\/\"},{\"@type\":\"ListItem\",\"position\":2,\"name\":\"MONITOR FETAL\"}]},{\"@type\":\"WebSite\",\"@id\":\"https:\/\/buscoequipomedico.com\/#website\",\"url\":\"https:\/\/buscoequipomedico.com\/\",\"name\":\"Tu mejor opci\u00f3n Equipo M\u00e9dico M\u00e9xico\",\"description\":\"Tienda de equipo m\u00e9dico\",\"publisher\":{\"@id\":\"https:\/\/buscoequipomedico.com\/#organization\"},\"potentialAction\":[{\"@type\":\"SearchAction\",\"target\":{\"@type\":\"EntryPoint\",\"urlTemplate\":\"https:\/\/buscoequipomedico.com\/?s={search_term_string}\"},\"query-input\":{\"@type\":\"PropertyValueSpecification\",\"valueRequired\":true,\"valueName\":\"search_term_string\"}}],\"inLanguage\":\"es\"},{\"@type\":\"Organization\",\"@id\":\"https:\/\/buscoequipomedico.com\/#organization\",\"name\":\"Tu mejor opci\u00f3n Equipo M\u00e9dico M\u00e9xico\",\"url\":\"https:\/\/buscoequipomedico.com\/\",\"logo\":{\"@type\":\"ImageObject\",\"inLanguage\":\"es\",\"@id\":\"https:\/\/buscoequipomedico.com\/#\/schema\/logo\/image\/\",\"url\":\"https:\/\/buscoequipomedico.com\/wp-content\/uploads\/2021\/07\/EMM-VPrincipal-scaled.jpg\",\"contentUrl\":\"https:\/\/buscoequipomedico.com\/wp-content\/uploads\/2021\/07\/EMM-VPrincipal-scaled.jpg\",\"width\":2560,\"height\":1058,\"caption\":\"Tu mejor opci\u00f3n Equipo M\u00e9dico M\u00e9xico\"},\"image\":{\"@id\":\"https:\/\/buscoequipomedico.com\/#\/schema\/logo\/image\/\"}}]}<\/script>\n<!-- \/ Yoast SEO plugin. -->","yoast_head_json":{"title":"MONITOR FETAL - Tu mejor opci\u00f3n Equipo M\u00e9dico M\u00e9xico","robots":{"index":"index","follow":"follow","max-snippet":"max-snippet:-1","max-image-preview":"max-image-preview:large","max-video-preview":"max-video-preview:-1"},"canonical":"https:\/\/buscoequipomedico.com\/?product=monitor-fetal","og_locale":"es_ES","og_type":"article","og_title":"MONITOR FETAL - Tu mejor opci\u00f3n Equipo M\u00e9dico M\u00e9xico","og_description":"El monitor fetal puede adquirir la frecuencia card\u00edaca fetal y la contracci\u00f3n uterina materna cuando los embarazos de m\u00e1s de 28 semanas proporcionan datos de referencia para uso cl\u00ednico. El monitor se puede usar individualmente o conectado con una PC a trav\u00e9s de la interfaz RJ45 con el prop\u00f3sito de monitorizaci\u00f3n central. Solo es adecuado para el equipo en hospitales, cl\u00ednicas, consultorios m\u00e9dicos y pacientes en el hogar por personal m\u00e9dico profesional.","og_url":"https:\/\/buscoequipomedico.com\/?product=monitor-fetal","og_site_name":"Tu mejor opci\u00f3n Equipo M\u00e9dico M\u00e9xico","article_modified_time":"2020-02-18T07:36:39+00:00","og_image":[{"width":800,"height":800,"url":"https:\/\/buscoequipomedico.com\/wp-content\/uploads\/2020\/02\/monitor-fetal-el-monitor-fetal-puede-adquirir-la-frecuencia-cardiaca-fetal-y-la-contraccion-uterina-materna-cuando-los-embarazos.jpg","type":"image\/png"}],"twitter_card":"summary_large_image","twitter_misc":{"Tiempo de lectura":"2 minutos"},"schema":{"@context":"https:\/\/schema.org","@graph":[{"@type":"WebPage","@id":"https:\/\/buscoequipomedico.com\/?product=monitor-fetal","url":"https:\/\/buscoequipomedico.com\/?product=monitor-fetal","name":"MONITOR FETAL - Tu mejor opci\u00f3n Equipo M\u00e9dico M\u00e9xico","isPartOf":{"@id":"https:\/\/buscoequipomedico.com\/#website"},"primaryImageOfPage":{"@id":"https:\/\/buscoequipomedico.com\/?product=monitor-fetal#primaryimage"},"image":{"@id":"https:\/\/buscoequipomedico.com\/?product=monitor-fetal#primaryimage"},"thumbnailUrl":"https:\/\/buscoequipomedico.com\/wp-content\/uploads\/2020\/02\/monitor-fetal-el-monitor-fetal-puede-adquirir-la-frecuencia-cardiaca-fetal-y-la-contraccion-uterina-materna-cuando-los-embarazos.jpg","datePublished":"2020-02-18T07:36:38+00:00","dateModified":"2020-02-18T07:36:39+00:00","breadcrumb":{"@id":"https:\/\/buscoequipomedico.com\/?product=monitor-fetal#breadcrumb"},"inLanguage":"es","potentialAction":[{"@type":"ReadAction","target":["https:\/\/buscoequipomedico.com\/?product=monitor-fetal"]}]},{"@type":"ImageObject","inLanguage":"es","@id":"https:\/\/buscoequipomedico.com\/?product=monitor-fetal#primaryimage","url":"https:\/\/buscoequipomedico.com\/wp-content\/uploads\/2020\/02\/monitor-fetal-el-monitor-fetal-puede-adquirir-la-frecuencia-cardiaca-fetal-y-la-contraccion-uterina-materna-cuando-los-embarazos.jpg","contentUrl":"https:\/\/buscoequipomedico.com\/wp-content\/uploads\/2020\/02\/monitor-fetal-el-monitor-fetal-puede-adquirir-la-frecuencia-cardiaca-fetal-y-la-contraccion-uterina-materna-cuando-los-embarazos.jpg","width":800,"height":800},{"@type":"BreadcrumbList","@id":"https:\/\/buscoequipomedico.com\/?product=monitor-fetal#breadcrumb","itemListElement":[{"@type":"ListItem","position":1,"name":"Productos","item":"https:\/\/buscoequipomedico.com\/shop\/"},{"@type":"ListItem","position":2,"name":"MONITOR FETAL"}]},{"@type":"WebSite","@id":"https:\/\/buscoequipomedico.com\/#website","url":"https:\/\/buscoequipomedico.com\/","name":"Tu mejor opci\u00f3n Equipo M\u00e9dico M\u00e9xico","description":"Tienda de equipo m\u00e9dico","publisher":{"@id":"https:\/\/buscoequipomedico.com\/#organization"},"potentialAction":[{"@type":"SearchAction","target":{"@type":"EntryPoint","urlTemplate":"https:\/\/buscoequipomedico.com\/?s={search_term_string}"},"query-input":{"@type":"PropertyValueSpecification","valueRequired":true,"valueName":"search_term_string"}}],"inLanguage":"es"},{"@type":"Organization","@id":"https:\/\/buscoequipomedico.com\/#organization","name":"Tu mejor opci\u00f3n Equipo M\u00e9dico M\u00e9xico","url":"https:\/\/buscoequipomedico.com\/","logo":{"@type":"ImageObject","inLanguage":"es","@id":"https:\/\/buscoequipomedico.com\/#\/schema\/logo\/image\/","url":"https:\/\/buscoequipomedico.com\/wp-content\/uploads\/2021\/07\/EMM-VPrincipal-scaled.jpg","contentUrl":"https:\/\/buscoequipomedico.com\/wp-content\/uploads\/2021\/07\/EMM-VPrincipal-scaled.jpg","width":2560,"height":1058,"caption":"Tu mejor opci\u00f3n Equipo M\u00e9dico M\u00e9xico"},"image":{"@id":"https:\/\/buscoequipomedico.com\/#\/schema\/logo\/image\/"}}]}},"_links":{"self":[{"href":"https:\/\/buscoequipomedico.com\/index.php?rest_route=\/wp\/v2\/product\/12910","targetHints":{"allow":["GET"]}}],"collection":[{"href":"https:\/\/buscoequipomedico.com\/index.php?rest_route=\/wp\/v2\/product"}],"about":[{"href":"https:\/\/buscoequipomedico.com\/index.php?rest_route=\/wp\/v2\/types\/product"}],"wp:featuredmedia":[{"embeddable":true,"href":"https:\/\/buscoequipomedico.com\/index.php?rest_route=\/wp\/v2\/media\/12911"}],"wp:attachment":[{"href":"https:\/\/buscoequipomedico.com\/index.php?rest_route=%2Fwp%2Fv2%2Fmedia&parent=12910"}],"wp:term":[{"taxonomy":"product_brand","embeddable":true,"href":"https:\/\/buscoequipomedico.com\/index.php?rest_route=%2Fwp%2Fv2%2Fproduct_brand&post=12910"},{"taxonomy":"product_cat","embeddable":true,"href":"https:\/\/buscoequipomedico.com\/index.php?rest_route=%2Fwp%2Fv2%2Fproduct_cat&post=12910"},{"taxonomy":"product_tag","embeddable":true,"href":"https:\/\/buscoequipomedico.com\/index.php?rest_route=%2Fwp%2Fv2%2Fproduct_tag&post=12910"}],"curies":[{"name":"wp","href":"https:\/\/api.w.org\/{rel}","templated":true}]}}