{"id":12912,"date":"2020-02-18T07:36:38","date_gmt":"2020-02-18T07:36:38","guid":{"rendered":"https:\/\/equipomedicomexico-com.preview-domain.com\/product\/monitor-se-signos-vitales-veterinario\/"},"modified":"2020-02-18T07:36:39","modified_gmt":"2020-02-18T07:36:39","slug":"monitor-se-signos-vitales-veterinario","status":"publish","type":"product","link":"https:\/\/buscoequipomedico.com\/?product=monitor-se-signos-vitales-veterinario","title":{"rendered":"MONITOR SE SIGNOS VITALES VETERINARIO"},"content":{"rendered":"<p>El monitor tiene muchas funciones de seguimiento y es utilizado en la monitorizaci\u00f3n cl\u00ednica de pacientes adultos, ni\u00f1os y neonatos. Adem\u00e1s, el usuario puede seleccionar la configuraci\u00f3n de los diferentes par\u00e1metros de acuerdo a las distintas necesidades. El monitor puede ser conectado al sistema de monitorizaci\u00f3n central por medio de nuestra red formando un sistema de seguimiento en red.\u00a0<\/p>\n<\/p>\n<p>ECG<\/p>\n<\/p>\n<p>Frecuencia cardiaca (HR)<\/p>\n<\/p>\n<p>Formas de Ondas ECG 2-canales<\/p>\n<\/p>\n<p>An\u00e1lisis arritmia y segmento S-T<span lang=\"en-us\" xml_lang=\"en-us\">\uff08<\/span>opcional<span lang=\"en-us\" xml_lang=\"en-us\">\uff09<\/span><\/p>\n<\/p>\n<p>\u00a0<\/p>\n<p>RESP<\/p>\n<\/p>\n<p>Frecuencia Respiratoria (RR)<\/p>\n<\/p>\n<p>Forma de Onda Respiraci\u00f3n<\/p>\n<\/p>\n<p>SpO2<\/p>\n<\/p>\n<p>Saturaci\u00f3n Ox\u00edgeno (SpO2), Frecuencia del Pulso (PR)<\/p>\n<\/p>\n<p>Pletismograma SpO2<\/p>\n<\/p>\n<p>\u00a0<\/p>\n<p>NIBP<\/p>\n<\/p>\n<p>Presi\u00f3n Sist\u00f3lica (NS), Presi\u00f3n Diast\u00f3lica (ND), Presi\u00f3n Media\u00a0 (NM)<\/p>\n<\/p>\n<p>TEMP<\/p>\n<\/p>\n<p>Canal-1 Temperatura (T1), Canal-2 Temperatura (T2)<\/p>\n<\/p>\n<p>Diferencia de Temperatura entre los dos canales (TD)<\/p>\n<\/p>\n<p>\u00a0<\/p>\n<p>IBP<\/p>\n<\/p>\n<p>Canal-1 SYS, DIA, MAP<\/p>\n<\/p>\n<p>Canal-2 SYS, DIA, MAP<\/p>\n<\/p>\n<p>Ondas IBP- Dual<\/p>\n<\/p>\n<p>\u00a0<\/p>\n<p>CO2<\/p>\n<\/p>\n<p>Final de la espiraci\u00f3n de CO2 EtCO2<\/p>\n<\/p>\n<p>CO2 M\u00ednimo Inspirado (InsCO2)<\/p>\n<\/p>\n<p>Tasa de respiraci\u00f3n v\u00eda a\u00e9rea(AwRR)<\/p>\n<\/p>\n<p>El monitor ofrece amplias funciones como alarma visual y audible, almacenamiento e impresi\u00f3n de<span>\u00a0\u00a0<\/span>informes para los datos de tendencia, mediciones de NIBP, eventos de alarma, y tambi\u00e9n ofrece la<span>\u00a0 \u00a0<\/span>funci\u00f3n de c\u00e1lculo de dosis de f\u00e1rmacos.<\/p><\/p>\n","protected":false},"excerpt":{"rendered":"<p>Este aparato puede monitorizar signos vitals como ECG, frecuencia respiratoria, SpO2, NIBP, y TEMP_Dual, IBP_dual, CO2.<\/p>\n<\/p>\n<p>Integra m\u00f3dulos de medici\u00f3n de par\u00e1metros, visualizaci\u00f3n y grabaci\u00f3n en &#8211; 4 &#8211; un dispositivo, ofreciendo compacidad, ligereza y portabilidad. La bater\u00eda incorporada reemplazable facilita el transporte de pacientes. Gran pantalla de alta resoluci\u00f3n que proporciona la visi\u00f3n clara de 7 de formas de onda y todos los par\u00e1metros monitorizados. El interruptor de ENCENDIDO est\u00e1 en el panel frontal. El indicador de CARGA y el interruptor de ENCENDIDO lucen cuando el dispositivo est\u00e1 encendido. El indicador de ALARMA est\u00e1 en el panel frontal.<\/p>\n","protected":false},"featured_media":12913,"template":"","meta":{"_joinchat":[]},"product_brand":[],"product_cat":[303],"product_tag":[],"class_list":{"0":"post-12912","1":"product","2":"type-product","3":"status-publish","4":"has-post-thumbnail","6":"product_cat-monitores","7":"pa_marca-contec","9":"first","10":"instock","11":"purchasable","12":"product-type-simple"},"yoast_head":"<!-- This site is optimized with the Yoast SEO plugin v25.1 - https:\/\/yoast.com\/wordpress\/plugins\/seo\/ -->\n<title>MONITOR SE SIGNOS VITALES VETERINARIO - Tu mejor opci\u00f3n Equipo M\u00e9dico M\u00e9xico<\/title>\n<meta name=\"robots\" content=\"index, follow, max-snippet:-1, max-image-preview:large, max-video-preview:-1\" \/>\n<link rel=\"canonical\" href=\"https:\/\/buscoequipomedico.com\/?product=monitor-se-signos-vitales-veterinario\" \/>\n<meta property=\"og:locale\" content=\"es_ES\" \/>\n<meta property=\"og:type\" content=\"article\" \/>\n<meta property=\"og:title\" content=\"MONITOR SE SIGNOS VITALES VETERINARIO - Tu mejor opci\u00f3n Equipo M\u00e9dico M\u00e9xico\" \/>\n<meta property=\"og:description\" content=\"Este aparato puede monitorizar signos vitals como ECG, frecuencia respiratoria, SpO2, NIBP, y TEMP_Dual, IBP_dual, CO2. Integra m\u00f3dulos de medici\u00f3n de par\u00e1metros, visualizaci\u00f3n y grabaci\u00f3n en - 4 - un dispositivo, ofreciendo compacidad, ligereza y portabilidad. La bater\u00eda incorporada reemplazable facilita el transporte de pacientes. Gran pantalla de alta resoluci\u00f3n que proporciona la visi\u00f3n clara de 7 de formas de onda y todos los par\u00e1metros monitorizados. El interruptor de ENCENDIDO est\u00e1 en el panel frontal. El indicador de CARGA y el interruptor de ENCENDIDO lucen cuando el dispositivo est\u00e1 encendido. El indicador de ALARMA est\u00e1 en el panel frontal.\" \/>\n<meta property=\"og:url\" content=\"https:\/\/buscoequipomedico.com\/?product=monitor-se-signos-vitales-veterinario\" \/>\n<meta property=\"og:site_name\" content=\"Tu mejor opci\u00f3n Equipo M\u00e9dico M\u00e9xico\" \/>\n<meta property=\"article:modified_time\" content=\"2020-02-18T07:36:39+00:00\" \/>\n<meta property=\"og:image\" content=\"https:\/\/buscoequipomedico.com\/wp-content\/uploads\/2020\/02\/monitor-se-signos-vitales-veterinario-este-aparato-puede-monitorizar-signos-vitals-como-ecg-frecuencia-respiratoria-spo2-nibp-y.jpg\" \/>\n\t<meta property=\"og:image:width\" content=\"800\" \/>\n\t<meta property=\"og:image:height\" content=\"800\" \/>\n\t<meta property=\"og:image:type\" content=\"image\/png\" \/>\n<meta name=\"twitter:card\" content=\"summary_large_image\" \/>\n<meta name=\"twitter:label1\" content=\"Tiempo de lectura\" \/>\n\t<meta name=\"twitter:data1\" content=\"1 minuto\" \/>\n<script type=\"application\/ld+json\" class=\"yoast-schema-graph\">{\"@context\":\"https:\/\/schema.org\",\"@graph\":[{\"@type\":\"WebPage\",\"@id\":\"https:\/\/buscoequipomedico.com\/?product=monitor-se-signos-vitales-veterinario\",\"url\":\"https:\/\/buscoequipomedico.com\/?product=monitor-se-signos-vitales-veterinario\",\"name\":\"MONITOR SE SIGNOS VITALES VETERINARIO - Tu mejor opci\u00f3n Equipo M\u00e9dico M\u00e9xico\",\"isPartOf\":{\"@id\":\"https:\/\/buscoequipomedico.com\/#website\"},\"primaryImageOfPage\":{\"@id\":\"https:\/\/buscoequipomedico.com\/?product=monitor-se-signos-vitales-veterinario#primaryimage\"},\"image\":{\"@id\":\"https:\/\/buscoequipomedico.com\/?product=monitor-se-signos-vitales-veterinario#primaryimage\"},\"thumbnailUrl\":\"https:\/\/buscoequipomedico.com\/wp-content\/uploads\/2020\/02\/monitor-se-signos-vitales-veterinario-este-aparato-puede-monitorizar-signos-vitals-como-ecg-frecuencia-respiratoria-spo2-nibp-y.jpg\",\"datePublished\":\"2020-02-18T07:36:38+00:00\",\"dateModified\":\"2020-02-18T07:36:39+00:00\",\"breadcrumb\":{\"@id\":\"https:\/\/buscoequipomedico.com\/?product=monitor-se-signos-vitales-veterinario#breadcrumb\"},\"inLanguage\":\"es\",\"potentialAction\":[{\"@type\":\"ReadAction\",\"target\":[\"https:\/\/buscoequipomedico.com\/?product=monitor-se-signos-vitales-veterinario\"]}]},{\"@type\":\"ImageObject\",\"inLanguage\":\"es\",\"@id\":\"https:\/\/buscoequipomedico.com\/?product=monitor-se-signos-vitales-veterinario#primaryimage\",\"url\":\"https:\/\/buscoequipomedico.com\/wp-content\/uploads\/2020\/02\/monitor-se-signos-vitales-veterinario-este-aparato-puede-monitorizar-signos-vitals-como-ecg-frecuencia-respiratoria-spo2-nibp-y.jpg\",\"contentUrl\":\"https:\/\/buscoequipomedico.com\/wp-content\/uploads\/2020\/02\/monitor-se-signos-vitales-veterinario-este-aparato-puede-monitorizar-signos-vitals-como-ecg-frecuencia-respiratoria-spo2-nibp-y.jpg\",\"width\":800,\"height\":800},{\"@type\":\"BreadcrumbList\",\"@id\":\"https:\/\/buscoequipomedico.com\/?product=monitor-se-signos-vitales-veterinario#breadcrumb\",\"itemListElement\":[{\"@type\":\"ListItem\",\"position\":1,\"name\":\"Productos\",\"item\":\"https:\/\/buscoequipomedico.com\/shop\/\"},{\"@type\":\"ListItem\",\"position\":2,\"name\":\"MONITOR SE SIGNOS VITALES VETERINARIO\"}]},{\"@type\":\"WebSite\",\"@id\":\"https:\/\/buscoequipomedico.com\/#website\",\"url\":\"https:\/\/buscoequipomedico.com\/\",\"name\":\"Tu mejor opci\u00f3n Equipo M\u00e9dico M\u00e9xico\",\"description\":\"Tienda de equipo m\u00e9dico\",\"publisher\":{\"@id\":\"https:\/\/buscoequipomedico.com\/#organization\"},\"potentialAction\":[{\"@type\":\"SearchAction\",\"target\":{\"@type\":\"EntryPoint\",\"urlTemplate\":\"https:\/\/buscoequipomedico.com\/?s={search_term_string}\"},\"query-input\":{\"@type\":\"PropertyValueSpecification\",\"valueRequired\":true,\"valueName\":\"search_term_string\"}}],\"inLanguage\":\"es\"},{\"@type\":\"Organization\",\"@id\":\"https:\/\/buscoequipomedico.com\/#organization\",\"name\":\"Tu mejor opci\u00f3n Equipo M\u00e9dico M\u00e9xico\",\"url\":\"https:\/\/buscoequipomedico.com\/\",\"logo\":{\"@type\":\"ImageObject\",\"inLanguage\":\"es\",\"@id\":\"https:\/\/buscoequipomedico.com\/#\/schema\/logo\/image\/\",\"url\":\"https:\/\/buscoequipomedico.com\/wp-content\/uploads\/2021\/07\/EMM-VPrincipal-scaled.jpg\",\"contentUrl\":\"https:\/\/buscoequipomedico.com\/wp-content\/uploads\/2021\/07\/EMM-VPrincipal-scaled.jpg\",\"width\":2560,\"height\":1058,\"caption\":\"Tu mejor opci\u00f3n Equipo M\u00e9dico M\u00e9xico\"},\"image\":{\"@id\":\"https:\/\/buscoequipomedico.com\/#\/schema\/logo\/image\/\"}}]}<\/script>\n<!-- \/ Yoast SEO plugin. -->","yoast_head_json":{"title":"MONITOR SE SIGNOS VITALES VETERINARIO - Tu mejor opci\u00f3n Equipo M\u00e9dico M\u00e9xico","robots":{"index":"index","follow":"follow","max-snippet":"max-snippet:-1","max-image-preview":"max-image-preview:large","max-video-preview":"max-video-preview:-1"},"canonical":"https:\/\/buscoequipomedico.com\/?product=monitor-se-signos-vitales-veterinario","og_locale":"es_ES","og_type":"article","og_title":"MONITOR SE SIGNOS VITALES VETERINARIO - Tu mejor opci\u00f3n Equipo M\u00e9dico M\u00e9xico","og_description":"Este aparato puede monitorizar signos vitals como ECG, frecuencia respiratoria, SpO2, NIBP, y TEMP_Dual, IBP_dual, CO2. Integra m\u00f3dulos de medici\u00f3n de par\u00e1metros, visualizaci\u00f3n y grabaci\u00f3n en - 4 - un dispositivo, ofreciendo compacidad, ligereza y portabilidad. La bater\u00eda incorporada reemplazable facilita el transporte de pacientes. Gran pantalla de alta resoluci\u00f3n que proporciona la visi\u00f3n clara de 7 de formas de onda y todos los par\u00e1metros monitorizados. El interruptor de ENCENDIDO est\u00e1 en el panel frontal. El indicador de CARGA y el interruptor de ENCENDIDO lucen cuando el dispositivo est\u00e1 encendido. El indicador de ALARMA est\u00e1 en el panel frontal.","og_url":"https:\/\/buscoequipomedico.com\/?product=monitor-se-signos-vitales-veterinario","og_site_name":"Tu mejor opci\u00f3n Equipo M\u00e9dico M\u00e9xico","article_modified_time":"2020-02-18T07:36:39+00:00","og_image":[{"width":800,"height":800,"url":"https:\/\/buscoequipomedico.com\/wp-content\/uploads\/2020\/02\/monitor-se-signos-vitales-veterinario-este-aparato-puede-monitorizar-signos-vitals-como-ecg-frecuencia-respiratoria-spo2-nibp-y.jpg","type":"image\/png"}],"twitter_card":"summary_large_image","twitter_misc":{"Tiempo de lectura":"1 minuto"},"schema":{"@context":"https:\/\/schema.org","@graph":[{"@type":"WebPage","@id":"https:\/\/buscoequipomedico.com\/?product=monitor-se-signos-vitales-veterinario","url":"https:\/\/buscoequipomedico.com\/?product=monitor-se-signos-vitales-veterinario","name":"MONITOR SE SIGNOS VITALES VETERINARIO - Tu mejor opci\u00f3n Equipo M\u00e9dico M\u00e9xico","isPartOf":{"@id":"https:\/\/buscoequipomedico.com\/#website"},"primaryImageOfPage":{"@id":"https:\/\/buscoequipomedico.com\/?product=monitor-se-signos-vitales-veterinario#primaryimage"},"image":{"@id":"https:\/\/buscoequipomedico.com\/?product=monitor-se-signos-vitales-veterinario#primaryimage"},"thumbnailUrl":"https:\/\/buscoequipomedico.com\/wp-content\/uploads\/2020\/02\/monitor-se-signos-vitales-veterinario-este-aparato-puede-monitorizar-signos-vitals-como-ecg-frecuencia-respiratoria-spo2-nibp-y.jpg","datePublished":"2020-02-18T07:36:38+00:00","dateModified":"2020-02-18T07:36:39+00:00","breadcrumb":{"@id":"https:\/\/buscoequipomedico.com\/?product=monitor-se-signos-vitales-veterinario#breadcrumb"},"inLanguage":"es","potentialAction":[{"@type":"ReadAction","target":["https:\/\/buscoequipomedico.com\/?product=monitor-se-signos-vitales-veterinario"]}]},{"@type":"ImageObject","inLanguage":"es","@id":"https:\/\/buscoequipomedico.com\/?product=monitor-se-signos-vitales-veterinario#primaryimage","url":"https:\/\/buscoequipomedico.com\/wp-content\/uploads\/2020\/02\/monitor-se-signos-vitales-veterinario-este-aparato-puede-monitorizar-signos-vitals-como-ecg-frecuencia-respiratoria-spo2-nibp-y.jpg","contentUrl":"https:\/\/buscoequipomedico.com\/wp-content\/uploads\/2020\/02\/monitor-se-signos-vitales-veterinario-este-aparato-puede-monitorizar-signos-vitals-como-ecg-frecuencia-respiratoria-spo2-nibp-y.jpg","width":800,"height":800},{"@type":"BreadcrumbList","@id":"https:\/\/buscoequipomedico.com\/?product=monitor-se-signos-vitales-veterinario#breadcrumb","itemListElement":[{"@type":"ListItem","position":1,"name":"Productos","item":"https:\/\/buscoequipomedico.com\/shop\/"},{"@type":"ListItem","position":2,"name":"MONITOR SE SIGNOS VITALES VETERINARIO"}]},{"@type":"WebSite","@id":"https:\/\/buscoequipomedico.com\/#website","url":"https:\/\/buscoequipomedico.com\/","name":"Tu mejor opci\u00f3n Equipo M\u00e9dico M\u00e9xico","description":"Tienda de equipo m\u00e9dico","publisher":{"@id":"https:\/\/buscoequipomedico.com\/#organization"},"potentialAction":[{"@type":"SearchAction","target":{"@type":"EntryPoint","urlTemplate":"https:\/\/buscoequipomedico.com\/?s={search_term_string}"},"query-input":{"@type":"PropertyValueSpecification","valueRequired":true,"valueName":"search_term_string"}}],"inLanguage":"es"},{"@type":"Organization","@id":"https:\/\/buscoequipomedico.com\/#organization","name":"Tu mejor opci\u00f3n Equipo M\u00e9dico M\u00e9xico","url":"https:\/\/buscoequipomedico.com\/","logo":{"@type":"ImageObject","inLanguage":"es","@id":"https:\/\/buscoequipomedico.com\/#\/schema\/logo\/image\/","url":"https:\/\/buscoequipomedico.com\/wp-content\/uploads\/2021\/07\/EMM-VPrincipal-scaled.jpg","contentUrl":"https:\/\/buscoequipomedico.com\/wp-content\/uploads\/2021\/07\/EMM-VPrincipal-scaled.jpg","width":2560,"height":1058,"caption":"Tu mejor opci\u00f3n Equipo M\u00e9dico M\u00e9xico"},"image":{"@id":"https:\/\/buscoequipomedico.com\/#\/schema\/logo\/image\/"}}]}},"_links":{"self":[{"href":"https:\/\/buscoequipomedico.com\/index.php?rest_route=\/wp\/v2\/product\/12912","targetHints":{"allow":["GET"]}}],"collection":[{"href":"https:\/\/buscoequipomedico.com\/index.php?rest_route=\/wp\/v2\/product"}],"about":[{"href":"https:\/\/buscoequipomedico.com\/index.php?rest_route=\/wp\/v2\/types\/product"}],"wp:featuredmedia":[{"embeddable":true,"href":"https:\/\/buscoequipomedico.com\/index.php?rest_route=\/wp\/v2\/media\/12913"}],"wp:attachment":[{"href":"https:\/\/buscoequipomedico.com\/index.php?rest_route=%2Fwp%2Fv2%2Fmedia&parent=12912"}],"wp:term":[{"taxonomy":"product_brand","embeddable":true,"href":"https:\/\/buscoequipomedico.com\/index.php?rest_route=%2Fwp%2Fv2%2Fproduct_brand&post=12912"},{"taxonomy":"product_cat","embeddable":true,"href":"https:\/\/buscoequipomedico.com\/index.php?rest_route=%2Fwp%2Fv2%2Fproduct_cat&post=12912"},{"taxonomy":"product_tag","embeddable":true,"href":"https:\/\/buscoequipomedico.com\/index.php?rest_route=%2Fwp%2Fv2%2Fproduct_tag&post=12912"}],"curies":[{"name":"wp","href":"https:\/\/api.w.org\/{rel}","templated":true}]}}