{"id":12914,"date":"2020-02-18T07:36:38","date_gmt":"2020-02-18T07:36:38","guid":{"rendered":"https:\/\/equipomedicomexico-com.preview-domain.com\/product\/nebulizador-modelo-estandar\/"},"modified":"2020-02-18T07:36:40","modified_gmt":"2020-02-18T07:36:40","slug":"nebulizador-modelo-estandar","status":"publish","type":"product","link":"https:\/\/buscoequipomedico.com\/?product=nebulizador-modelo-estandar","title":{"rendered":"NEBULIZADOR MODELO EST\u00c1NDAR"},"content":{"rendered":"<p>\u2756 nebulizaci\u00f3n m\u00e1xima: ~ 2 ml \/ min<\/p>\n<p>\u2756 Capacidad de la taza de la medicina: 50ml<\/p>\n<p>\u2756 Tama\u00f1o y peso: 250 x 150 x 225[mm] y [2.5 kg]<\/p>\n","protected":false},"excerpt":{"rendered":"<p>Forma agradable y ligera<\/p>\n<p>\u2022 Funci\u00f3n protectora de perdida de medicina l\u00edquida<\/p>\n<p>\u2022 Ajuste preciso del tiempo de nebulizaci\u00f3n<\/p>\n<p>\u2022 Desag\u00fce r\u00e1pido<\/p>\n<p>\u2022 Nebulizaci\u00f3n ajustable y nivel de viento<\/p>\n","protected":false},"featured_media":12915,"template":"","meta":{"_joinchat":[]},"product_brand":[],"product_cat":[306],"product_tag":[],"class_list":{"0":"post-12914","1":"product","2":"type-product","3":"status-publish","4":"has-post-thumbnail","6":"product_cat-nebulizadores","7":"pa_marca-slim-royal","9":"first","10":"instock","11":"purchasable","12":"product-type-simple"},"yoast_head":"<!-- This site is optimized with the Yoast SEO plugin v25.1 - https:\/\/yoast.com\/wordpress\/plugins\/seo\/ -->\n<title>NEBULIZADOR MODELO EST\u00c1NDAR - Tu mejor opci\u00f3n Equipo M\u00e9dico M\u00e9xico<\/title>\n<meta name=\"robots\" content=\"index, follow, max-snippet:-1, max-image-preview:large, max-video-preview:-1\" \/>\n<link rel=\"canonical\" href=\"https:\/\/buscoequipomedico.com\/?product=nebulizador-modelo-estandar\" \/>\n<meta property=\"og:locale\" content=\"es_ES\" \/>\n<meta property=\"og:type\" content=\"article\" \/>\n<meta property=\"og:title\" content=\"NEBULIZADOR MODELO EST\u00c1NDAR - Tu mejor opci\u00f3n Equipo M\u00e9dico M\u00e9xico\" \/>\n<meta property=\"og:description\" content=\"Forma agradable y ligera \u2022 Funci\u00f3n protectora de perdida de medicina l\u00edquida \u2022 Ajuste preciso del tiempo de nebulizaci\u00f3n \u2022 Desag\u00fce r\u00e1pido \u2022 Nebulizaci\u00f3n ajustable y nivel de viento\" \/>\n<meta property=\"og:url\" content=\"https:\/\/buscoequipomedico.com\/?product=nebulizador-modelo-estandar\" \/>\n<meta property=\"og:site_name\" content=\"Tu mejor opci\u00f3n Equipo M\u00e9dico M\u00e9xico\" \/>\n<meta property=\"article:modified_time\" content=\"2020-02-18T07:36:40+00:00\" \/>\n<meta property=\"og:image\" content=\"https:\/\/buscoequipomedico.com\/wp-content\/uploads\/2020\/02\/nebulizador-modelo-estandar-forma-agradable-y-ligera-o-funcion-protectora-de-perdida-de-medicina-liquida-o-ajuste-preciso-del-ti.jpg\" \/>\n\t<meta property=\"og:image:width\" content=\"800\" \/>\n\t<meta property=\"og:image:height\" content=\"800\" \/>\n\t<meta property=\"og:image:type\" content=\"image\/png\" \/>\n<meta name=\"twitter:card\" content=\"summary_large_image\" \/>\n<script type=\"application\/ld+json\" class=\"yoast-schema-graph\">{\"@context\":\"https:\/\/schema.org\",\"@graph\":[{\"@type\":\"WebPage\",\"@id\":\"https:\/\/buscoequipomedico.com\/?product=nebulizador-modelo-estandar\",\"url\":\"https:\/\/buscoequipomedico.com\/?product=nebulizador-modelo-estandar\",\"name\":\"NEBULIZADOR MODELO EST\u00c1NDAR - Tu mejor opci\u00f3n Equipo M\u00e9dico M\u00e9xico\",\"isPartOf\":{\"@id\":\"https:\/\/buscoequipomedico.com\/#website\"},\"primaryImageOfPage\":{\"@id\":\"https:\/\/buscoequipomedico.com\/?product=nebulizador-modelo-estandar#primaryimage\"},\"image\":{\"@id\":\"https:\/\/buscoequipomedico.com\/?product=nebulizador-modelo-estandar#primaryimage\"},\"thumbnailUrl\":\"https:\/\/buscoequipomedico.com\/wp-content\/uploads\/2020\/02\/nebulizador-modelo-estandar-forma-agradable-y-ligera-o-funcion-protectora-de-perdida-de-medicina-liquida-o-ajuste-preciso-del-ti.jpg\",\"datePublished\":\"2020-02-18T07:36:38+00:00\",\"dateModified\":\"2020-02-18T07:36:40+00:00\",\"breadcrumb\":{\"@id\":\"https:\/\/buscoequipomedico.com\/?product=nebulizador-modelo-estandar#breadcrumb\"},\"inLanguage\":\"es\",\"potentialAction\":[{\"@type\":\"ReadAction\",\"target\":[\"https:\/\/buscoequipomedico.com\/?product=nebulizador-modelo-estandar\"]}]},{\"@type\":\"ImageObject\",\"inLanguage\":\"es\",\"@id\":\"https:\/\/buscoequipomedico.com\/?product=nebulizador-modelo-estandar#primaryimage\",\"url\":\"https:\/\/buscoequipomedico.com\/wp-content\/uploads\/2020\/02\/nebulizador-modelo-estandar-forma-agradable-y-ligera-o-funcion-protectora-de-perdida-de-medicina-liquida-o-ajuste-preciso-del-ti.jpg\",\"contentUrl\":\"https:\/\/buscoequipomedico.com\/wp-content\/uploads\/2020\/02\/nebulizador-modelo-estandar-forma-agradable-y-ligera-o-funcion-protectora-de-perdida-de-medicina-liquida-o-ajuste-preciso-del-ti.jpg\",\"width\":800,\"height\":800},{\"@type\":\"BreadcrumbList\",\"@id\":\"https:\/\/buscoequipomedico.com\/?product=nebulizador-modelo-estandar#breadcrumb\",\"itemListElement\":[{\"@type\":\"ListItem\",\"position\":1,\"name\":\"Productos\",\"item\":\"https:\/\/buscoequipomedico.com\/shop\/\"},{\"@type\":\"ListItem\",\"position\":2,\"name\":\"NEBULIZADOR MODELO EST\u00c1NDAR\"}]},{\"@type\":\"WebSite\",\"@id\":\"https:\/\/buscoequipomedico.com\/#website\",\"url\":\"https:\/\/buscoequipomedico.com\/\",\"name\":\"Tu mejor opci\u00f3n Equipo M\u00e9dico M\u00e9xico\",\"description\":\"Tienda de equipo m\u00e9dico\",\"publisher\":{\"@id\":\"https:\/\/buscoequipomedico.com\/#organization\"},\"potentialAction\":[{\"@type\":\"SearchAction\",\"target\":{\"@type\":\"EntryPoint\",\"urlTemplate\":\"https:\/\/buscoequipomedico.com\/?s={search_term_string}\"},\"query-input\":{\"@type\":\"PropertyValueSpecification\",\"valueRequired\":true,\"valueName\":\"search_term_string\"}}],\"inLanguage\":\"es\"},{\"@type\":\"Organization\",\"@id\":\"https:\/\/buscoequipomedico.com\/#organization\",\"name\":\"Tu mejor opci\u00f3n Equipo M\u00e9dico M\u00e9xico\",\"url\":\"https:\/\/buscoequipomedico.com\/\",\"logo\":{\"@type\":\"ImageObject\",\"inLanguage\":\"es\",\"@id\":\"https:\/\/buscoequipomedico.com\/#\/schema\/logo\/image\/\",\"url\":\"https:\/\/buscoequipomedico.com\/wp-content\/uploads\/2021\/07\/EMM-VPrincipal-scaled.jpg\",\"contentUrl\":\"https:\/\/buscoequipomedico.com\/wp-content\/uploads\/2021\/07\/EMM-VPrincipal-scaled.jpg\",\"width\":2560,\"height\":1058,\"caption\":\"Tu mejor opci\u00f3n Equipo M\u00e9dico M\u00e9xico\"},\"image\":{\"@id\":\"https:\/\/buscoequipomedico.com\/#\/schema\/logo\/image\/\"}}]}<\/script>\n<!-- \/ Yoast SEO plugin. -->","yoast_head_json":{"title":"NEBULIZADOR MODELO EST\u00c1NDAR - Tu mejor opci\u00f3n Equipo M\u00e9dico M\u00e9xico","robots":{"index":"index","follow":"follow","max-snippet":"max-snippet:-1","max-image-preview":"max-image-preview:large","max-video-preview":"max-video-preview:-1"},"canonical":"https:\/\/buscoequipomedico.com\/?product=nebulizador-modelo-estandar","og_locale":"es_ES","og_type":"article","og_title":"NEBULIZADOR MODELO EST\u00c1NDAR - Tu mejor opci\u00f3n Equipo M\u00e9dico M\u00e9xico","og_description":"Forma agradable y ligera \u2022 Funci\u00f3n protectora de perdida de medicina l\u00edquida \u2022 Ajuste preciso del tiempo de nebulizaci\u00f3n \u2022 Desag\u00fce r\u00e1pido \u2022 Nebulizaci\u00f3n ajustable y nivel de viento","og_url":"https:\/\/buscoequipomedico.com\/?product=nebulizador-modelo-estandar","og_site_name":"Tu mejor opci\u00f3n Equipo M\u00e9dico M\u00e9xico","article_modified_time":"2020-02-18T07:36:40+00:00","og_image":[{"width":800,"height":800,"url":"https:\/\/buscoequipomedico.com\/wp-content\/uploads\/2020\/02\/nebulizador-modelo-estandar-forma-agradable-y-ligera-o-funcion-protectora-de-perdida-de-medicina-liquida-o-ajuste-preciso-del-ti.jpg","type":"image\/png"}],"twitter_card":"summary_large_image","schema":{"@context":"https:\/\/schema.org","@graph":[{"@type":"WebPage","@id":"https:\/\/buscoequipomedico.com\/?product=nebulizador-modelo-estandar","url":"https:\/\/buscoequipomedico.com\/?product=nebulizador-modelo-estandar","name":"NEBULIZADOR MODELO EST\u00c1NDAR - Tu mejor opci\u00f3n Equipo M\u00e9dico M\u00e9xico","isPartOf":{"@id":"https:\/\/buscoequipomedico.com\/#website"},"primaryImageOfPage":{"@id":"https:\/\/buscoequipomedico.com\/?product=nebulizador-modelo-estandar#primaryimage"},"image":{"@id":"https:\/\/buscoequipomedico.com\/?product=nebulizador-modelo-estandar#primaryimage"},"thumbnailUrl":"https:\/\/buscoequipomedico.com\/wp-content\/uploads\/2020\/02\/nebulizador-modelo-estandar-forma-agradable-y-ligera-o-funcion-protectora-de-perdida-de-medicina-liquida-o-ajuste-preciso-del-ti.jpg","datePublished":"2020-02-18T07:36:38+00:00","dateModified":"2020-02-18T07:36:40+00:00","breadcrumb":{"@id":"https:\/\/buscoequipomedico.com\/?product=nebulizador-modelo-estandar#breadcrumb"},"inLanguage":"es","potentialAction":[{"@type":"ReadAction","target":["https:\/\/buscoequipomedico.com\/?product=nebulizador-modelo-estandar"]}]},{"@type":"ImageObject","inLanguage":"es","@id":"https:\/\/buscoequipomedico.com\/?product=nebulizador-modelo-estandar#primaryimage","url":"https:\/\/buscoequipomedico.com\/wp-content\/uploads\/2020\/02\/nebulizador-modelo-estandar-forma-agradable-y-ligera-o-funcion-protectora-de-perdida-de-medicina-liquida-o-ajuste-preciso-del-ti.jpg","contentUrl":"https:\/\/buscoequipomedico.com\/wp-content\/uploads\/2020\/02\/nebulizador-modelo-estandar-forma-agradable-y-ligera-o-funcion-protectora-de-perdida-de-medicina-liquida-o-ajuste-preciso-del-ti.jpg","width":800,"height":800},{"@type":"BreadcrumbList","@id":"https:\/\/buscoequipomedico.com\/?product=nebulizador-modelo-estandar#breadcrumb","itemListElement":[{"@type":"ListItem","position":1,"name":"Productos","item":"https:\/\/buscoequipomedico.com\/shop\/"},{"@type":"ListItem","position":2,"name":"NEBULIZADOR MODELO EST\u00c1NDAR"}]},{"@type":"WebSite","@id":"https:\/\/buscoequipomedico.com\/#website","url":"https:\/\/buscoequipomedico.com\/","name":"Tu mejor opci\u00f3n Equipo M\u00e9dico M\u00e9xico","description":"Tienda de equipo m\u00e9dico","publisher":{"@id":"https:\/\/buscoequipomedico.com\/#organization"},"potentialAction":[{"@type":"SearchAction","target":{"@type":"EntryPoint","urlTemplate":"https:\/\/buscoequipomedico.com\/?s={search_term_string}"},"query-input":{"@type":"PropertyValueSpecification","valueRequired":true,"valueName":"search_term_string"}}],"inLanguage":"es"},{"@type":"Organization","@id":"https:\/\/buscoequipomedico.com\/#organization","name":"Tu mejor opci\u00f3n Equipo M\u00e9dico M\u00e9xico","url":"https:\/\/buscoequipomedico.com\/","logo":{"@type":"ImageObject","inLanguage":"es","@id":"https:\/\/buscoequipomedico.com\/#\/schema\/logo\/image\/","url":"https:\/\/buscoequipomedico.com\/wp-content\/uploads\/2021\/07\/EMM-VPrincipal-scaled.jpg","contentUrl":"https:\/\/buscoequipomedico.com\/wp-content\/uploads\/2021\/07\/EMM-VPrincipal-scaled.jpg","width":2560,"height":1058,"caption":"Tu mejor opci\u00f3n Equipo M\u00e9dico M\u00e9xico"},"image":{"@id":"https:\/\/buscoequipomedico.com\/#\/schema\/logo\/image\/"}}]}},"_links":{"self":[{"href":"https:\/\/buscoequipomedico.com\/index.php?rest_route=\/wp\/v2\/product\/12914","targetHints":{"allow":["GET"]}}],"collection":[{"href":"https:\/\/buscoequipomedico.com\/index.php?rest_route=\/wp\/v2\/product"}],"about":[{"href":"https:\/\/buscoequipomedico.com\/index.php?rest_route=\/wp\/v2\/types\/product"}],"wp:featuredmedia":[{"embeddable":true,"href":"https:\/\/buscoequipomedico.com\/index.php?rest_route=\/wp\/v2\/media\/12915"}],"wp:attachment":[{"href":"https:\/\/buscoequipomedico.com\/index.php?rest_route=%2Fwp%2Fv2%2Fmedia&parent=12914"}],"wp:term":[{"taxonomy":"product_brand","embeddable":true,"href":"https:\/\/buscoequipomedico.com\/index.php?rest_route=%2Fwp%2Fv2%2Fproduct_brand&post=12914"},{"taxonomy":"product_cat","embeddable":true,"href":"https:\/\/buscoequipomedico.com\/index.php?rest_route=%2Fwp%2Fv2%2Fproduct_cat&post=12914"},{"taxonomy":"product_tag","embeddable":true,"href":"https:\/\/buscoequipomedico.com\/index.php?rest_route=%2Fwp%2Fv2%2Fproduct_tag&post=12914"}],"curies":[{"name":"wp","href":"https:\/\/api.w.org\/{rel}","templated":true}]}}