{"id":12960,"date":"2020-02-18T07:36:43","date_gmt":"2020-02-18T07:36:43","guid":{"rendered":"https:\/\/equipomedicomexico-com.preview-domain.com\/product\/negatoscopio-cuadruple\/"},"modified":"2020-02-18T07:36:45","modified_gmt":"2020-02-18T07:36:45","slug":"negatoscopio-cuadruple","status":"publish","type":"product","link":"https:\/\/buscoequipomedico.com\/?product=negatoscopio-cuadruple","title":{"rendered":"NEGATOSCOPIO CUADRUPLE"},"content":{"rendered":"<p><span>Equipo que genera un campo uniforme de luz cu\u00e1druple para visualizar la pel\u00edcula radiogr\u00e1fica.<\/span><br \/><span>Estructura de acero inoxidable terminado en esmalte acr\u00edlico.<\/span><br \/><span>Pantalla de acr\u00edlico resistente y de alto impacto liso de 3 mm en color blanco opalescente, de espesor de dos piezas con un factor de transmisi\u00f3n luminoso de 50% , acabado en esmalte acr\u00edlico.<\/span><br \/><span>L\u00e1mparas fluorescentes rectas de arranque r\u00e1pido de 15 watts. Color luz de d\u00eda duraci\u00f3n 3000 horas, continua y sin parpadeos.<\/span><br \/><span>Brillo del negatoscopio de 5000 luxes, para radiograf\u00eda convencional..<\/span><\/p>\n","protected":false},"excerpt":{"rendered":"<p><span>Equipo que genera un campo uniforme de luz cu\u00e1druple para visualizar la pel\u00edcula radiogr\u00e1fica. Estructura de acero inoxidable terminado en esmalte acr\u00edlico. Pantalla de acr\u00edlico resistente y de alto impacto liso de 3 mm en color blanco opalescente.<\/span><\/p>\n","protected":false},"featured_media":12961,"template":"","meta":{"_joinchat":[]},"product_brand":[],"product_cat":[308],"product_tag":[],"class_list":{"0":"post-12960","1":"product","2":"type-product","3":"status-publish","4":"has-post-thumbnail","6":"product_cat-negatoscopios","7":"pa_marca-bame","9":"first","10":"instock","11":"purchasable","12":"product-type-simple"},"yoast_head":"<!-- This site is optimized with the Yoast SEO plugin v25.1 - https:\/\/yoast.com\/wordpress\/plugins\/seo\/ -->\n<title>NEGATOSCOPIO CUADRUPLE - Tu mejor opci\u00f3n Equipo M\u00e9dico M\u00e9xico<\/title>\n<meta name=\"robots\" content=\"index, follow, max-snippet:-1, max-image-preview:large, max-video-preview:-1\" \/>\n<link rel=\"canonical\" href=\"https:\/\/buscoequipomedico.com\/?product=negatoscopio-cuadruple\" \/>\n<meta property=\"og:locale\" content=\"es_ES\" \/>\n<meta property=\"og:type\" content=\"article\" \/>\n<meta property=\"og:title\" content=\"NEGATOSCOPIO CUADRUPLE - Tu mejor opci\u00f3n Equipo M\u00e9dico M\u00e9xico\" \/>\n<meta property=\"og:description\" content=\"Equipo que genera un campo uniforme de luz cu\u00e1druple para visualizar la pel\u00edcula radiogr\u00e1fica. Estructura de acero inoxidable terminado en esmalte acr\u00edlico. Pantalla de acr\u00edlico resistente y de alto impacto liso de 3 mm en color blanco opalescente.\" \/>\n<meta property=\"og:url\" content=\"https:\/\/buscoequipomedico.com\/?product=negatoscopio-cuadruple\" \/>\n<meta property=\"og:site_name\" content=\"Tu mejor opci\u00f3n Equipo M\u00e9dico M\u00e9xico\" \/>\n<meta property=\"article:modified_time\" content=\"2020-02-18T07:36:45+00:00\" \/>\n<meta property=\"og:image\" content=\"https:\/\/buscoequipomedico.com\/wp-content\/uploads\/2020\/02\/negatoscopio-cuadruple-equipo-que-genera-un-campo-uniforme-de-luz-cuadruple-para-visualizar-la-pelicula-radiografica-estructura.jpg\" \/>\n\t<meta property=\"og:image:width\" content=\"800\" \/>\n\t<meta property=\"og:image:height\" content=\"800\" \/>\n\t<meta property=\"og:image:type\" content=\"image\/png\" \/>\n<meta name=\"twitter:card\" content=\"summary_large_image\" \/>\n<script type=\"application\/ld+json\" class=\"yoast-schema-graph\">{\"@context\":\"https:\/\/schema.org\",\"@graph\":[{\"@type\":\"WebPage\",\"@id\":\"https:\/\/buscoequipomedico.com\/?product=negatoscopio-cuadruple\",\"url\":\"https:\/\/buscoequipomedico.com\/?product=negatoscopio-cuadruple\",\"name\":\"NEGATOSCOPIO CUADRUPLE - Tu mejor opci\u00f3n Equipo M\u00e9dico M\u00e9xico\",\"isPartOf\":{\"@id\":\"https:\/\/buscoequipomedico.com\/#website\"},\"primaryImageOfPage\":{\"@id\":\"https:\/\/buscoequipomedico.com\/?product=negatoscopio-cuadruple#primaryimage\"},\"image\":{\"@id\":\"https:\/\/buscoequipomedico.com\/?product=negatoscopio-cuadruple#primaryimage\"},\"thumbnailUrl\":\"https:\/\/buscoequipomedico.com\/wp-content\/uploads\/2020\/02\/negatoscopio-cuadruple-equipo-que-genera-un-campo-uniforme-de-luz-cuadruple-para-visualizar-la-pelicula-radiografica-estructura.jpg\",\"datePublished\":\"2020-02-18T07:36:43+00:00\",\"dateModified\":\"2020-02-18T07:36:45+00:00\",\"breadcrumb\":{\"@id\":\"https:\/\/buscoequipomedico.com\/?product=negatoscopio-cuadruple#breadcrumb\"},\"inLanguage\":\"es\",\"potentialAction\":[{\"@type\":\"ReadAction\",\"target\":[\"https:\/\/buscoequipomedico.com\/?product=negatoscopio-cuadruple\"]}]},{\"@type\":\"ImageObject\",\"inLanguage\":\"es\",\"@id\":\"https:\/\/buscoequipomedico.com\/?product=negatoscopio-cuadruple#primaryimage\",\"url\":\"https:\/\/buscoequipomedico.com\/wp-content\/uploads\/2020\/02\/negatoscopio-cuadruple-equipo-que-genera-un-campo-uniforme-de-luz-cuadruple-para-visualizar-la-pelicula-radiografica-estructura.jpg\",\"contentUrl\":\"https:\/\/buscoequipomedico.com\/wp-content\/uploads\/2020\/02\/negatoscopio-cuadruple-equipo-que-genera-un-campo-uniforme-de-luz-cuadruple-para-visualizar-la-pelicula-radiografica-estructura.jpg\",\"width\":800,\"height\":800},{\"@type\":\"BreadcrumbList\",\"@id\":\"https:\/\/buscoequipomedico.com\/?product=negatoscopio-cuadruple#breadcrumb\",\"itemListElement\":[{\"@type\":\"ListItem\",\"position\":1,\"name\":\"Productos\",\"item\":\"https:\/\/buscoequipomedico.com\/shop\/\"},{\"@type\":\"ListItem\",\"position\":2,\"name\":\"NEGATOSCOPIO CUADRUPLE\"}]},{\"@type\":\"WebSite\",\"@id\":\"https:\/\/buscoequipomedico.com\/#website\",\"url\":\"https:\/\/buscoequipomedico.com\/\",\"name\":\"Tu mejor opci\u00f3n Equipo M\u00e9dico M\u00e9xico\",\"description\":\"Tienda de equipo m\u00e9dico\",\"publisher\":{\"@id\":\"https:\/\/buscoequipomedico.com\/#organization\"},\"potentialAction\":[{\"@type\":\"SearchAction\",\"target\":{\"@type\":\"EntryPoint\",\"urlTemplate\":\"https:\/\/buscoequipomedico.com\/?s={search_term_string}\"},\"query-input\":{\"@type\":\"PropertyValueSpecification\",\"valueRequired\":true,\"valueName\":\"search_term_string\"}}],\"inLanguage\":\"es\"},{\"@type\":\"Organization\",\"@id\":\"https:\/\/buscoequipomedico.com\/#organization\",\"name\":\"Tu mejor opci\u00f3n Equipo M\u00e9dico M\u00e9xico\",\"url\":\"https:\/\/buscoequipomedico.com\/\",\"logo\":{\"@type\":\"ImageObject\",\"inLanguage\":\"es\",\"@id\":\"https:\/\/buscoequipomedico.com\/#\/schema\/logo\/image\/\",\"url\":\"https:\/\/buscoequipomedico.com\/wp-content\/uploads\/2021\/07\/EMM-VPrincipal-scaled.jpg\",\"contentUrl\":\"https:\/\/buscoequipomedico.com\/wp-content\/uploads\/2021\/07\/EMM-VPrincipal-scaled.jpg\",\"width\":2560,\"height\":1058,\"caption\":\"Tu mejor opci\u00f3n Equipo M\u00e9dico M\u00e9xico\"},\"image\":{\"@id\":\"https:\/\/buscoequipomedico.com\/#\/schema\/logo\/image\/\"}}]}<\/script>\n<!-- \/ Yoast SEO plugin. -->","yoast_head_json":{"title":"NEGATOSCOPIO CUADRUPLE - Tu mejor opci\u00f3n Equipo M\u00e9dico M\u00e9xico","robots":{"index":"index","follow":"follow","max-snippet":"max-snippet:-1","max-image-preview":"max-image-preview:large","max-video-preview":"max-video-preview:-1"},"canonical":"https:\/\/buscoequipomedico.com\/?product=negatoscopio-cuadruple","og_locale":"es_ES","og_type":"article","og_title":"NEGATOSCOPIO CUADRUPLE - Tu mejor opci\u00f3n Equipo M\u00e9dico M\u00e9xico","og_description":"Equipo que genera un campo uniforme de luz cu\u00e1druple para visualizar la pel\u00edcula radiogr\u00e1fica. Estructura de acero inoxidable terminado en esmalte acr\u00edlico. Pantalla de acr\u00edlico resistente y de alto impacto liso de 3 mm en color blanco opalescente.","og_url":"https:\/\/buscoequipomedico.com\/?product=negatoscopio-cuadruple","og_site_name":"Tu mejor opci\u00f3n Equipo M\u00e9dico M\u00e9xico","article_modified_time":"2020-02-18T07:36:45+00:00","og_image":[{"width":800,"height":800,"url":"https:\/\/buscoequipomedico.com\/wp-content\/uploads\/2020\/02\/negatoscopio-cuadruple-equipo-que-genera-un-campo-uniforme-de-luz-cuadruple-para-visualizar-la-pelicula-radiografica-estructura.jpg","type":"image\/png"}],"twitter_card":"summary_large_image","schema":{"@context":"https:\/\/schema.org","@graph":[{"@type":"WebPage","@id":"https:\/\/buscoequipomedico.com\/?product=negatoscopio-cuadruple","url":"https:\/\/buscoequipomedico.com\/?product=negatoscopio-cuadruple","name":"NEGATOSCOPIO CUADRUPLE - Tu mejor opci\u00f3n Equipo M\u00e9dico M\u00e9xico","isPartOf":{"@id":"https:\/\/buscoequipomedico.com\/#website"},"primaryImageOfPage":{"@id":"https:\/\/buscoequipomedico.com\/?product=negatoscopio-cuadruple#primaryimage"},"image":{"@id":"https:\/\/buscoequipomedico.com\/?product=negatoscopio-cuadruple#primaryimage"},"thumbnailUrl":"https:\/\/buscoequipomedico.com\/wp-content\/uploads\/2020\/02\/negatoscopio-cuadruple-equipo-que-genera-un-campo-uniforme-de-luz-cuadruple-para-visualizar-la-pelicula-radiografica-estructura.jpg","datePublished":"2020-02-18T07:36:43+00:00","dateModified":"2020-02-18T07:36:45+00:00","breadcrumb":{"@id":"https:\/\/buscoequipomedico.com\/?product=negatoscopio-cuadruple#breadcrumb"},"inLanguage":"es","potentialAction":[{"@type":"ReadAction","target":["https:\/\/buscoequipomedico.com\/?product=negatoscopio-cuadruple"]}]},{"@type":"ImageObject","inLanguage":"es","@id":"https:\/\/buscoequipomedico.com\/?product=negatoscopio-cuadruple#primaryimage","url":"https:\/\/buscoequipomedico.com\/wp-content\/uploads\/2020\/02\/negatoscopio-cuadruple-equipo-que-genera-un-campo-uniforme-de-luz-cuadruple-para-visualizar-la-pelicula-radiografica-estructura.jpg","contentUrl":"https:\/\/buscoequipomedico.com\/wp-content\/uploads\/2020\/02\/negatoscopio-cuadruple-equipo-que-genera-un-campo-uniforme-de-luz-cuadruple-para-visualizar-la-pelicula-radiografica-estructura.jpg","width":800,"height":800},{"@type":"BreadcrumbList","@id":"https:\/\/buscoequipomedico.com\/?product=negatoscopio-cuadruple#breadcrumb","itemListElement":[{"@type":"ListItem","position":1,"name":"Productos","item":"https:\/\/buscoequipomedico.com\/shop\/"},{"@type":"ListItem","position":2,"name":"NEGATOSCOPIO CUADRUPLE"}]},{"@type":"WebSite","@id":"https:\/\/buscoequipomedico.com\/#website","url":"https:\/\/buscoequipomedico.com\/","name":"Tu mejor opci\u00f3n Equipo M\u00e9dico M\u00e9xico","description":"Tienda de equipo m\u00e9dico","publisher":{"@id":"https:\/\/buscoequipomedico.com\/#organization"},"potentialAction":[{"@type":"SearchAction","target":{"@type":"EntryPoint","urlTemplate":"https:\/\/buscoequipomedico.com\/?s={search_term_string}"},"query-input":{"@type":"PropertyValueSpecification","valueRequired":true,"valueName":"search_term_string"}}],"inLanguage":"es"},{"@type":"Organization","@id":"https:\/\/buscoequipomedico.com\/#organization","name":"Tu mejor opci\u00f3n Equipo M\u00e9dico M\u00e9xico","url":"https:\/\/buscoequipomedico.com\/","logo":{"@type":"ImageObject","inLanguage":"es","@id":"https:\/\/buscoequipomedico.com\/#\/schema\/logo\/image\/","url":"https:\/\/buscoequipomedico.com\/wp-content\/uploads\/2021\/07\/EMM-VPrincipal-scaled.jpg","contentUrl":"https:\/\/buscoequipomedico.com\/wp-content\/uploads\/2021\/07\/EMM-VPrincipal-scaled.jpg","width":2560,"height":1058,"caption":"Tu mejor opci\u00f3n Equipo M\u00e9dico M\u00e9xico"},"image":{"@id":"https:\/\/buscoequipomedico.com\/#\/schema\/logo\/image\/"}}]}},"_links":{"self":[{"href":"https:\/\/buscoequipomedico.com\/index.php?rest_route=\/wp\/v2\/product\/12960","targetHints":{"allow":["GET"]}}],"collection":[{"href":"https:\/\/buscoequipomedico.com\/index.php?rest_route=\/wp\/v2\/product"}],"about":[{"href":"https:\/\/buscoequipomedico.com\/index.php?rest_route=\/wp\/v2\/types\/product"}],"wp:featuredmedia":[{"embeddable":true,"href":"https:\/\/buscoequipomedico.com\/index.php?rest_route=\/wp\/v2\/media\/12961"}],"wp:attachment":[{"href":"https:\/\/buscoequipomedico.com\/index.php?rest_route=%2Fwp%2Fv2%2Fmedia&parent=12960"}],"wp:term":[{"taxonomy":"product_brand","embeddable":true,"href":"https:\/\/buscoequipomedico.com\/index.php?rest_route=%2Fwp%2Fv2%2Fproduct_brand&post=12960"},{"taxonomy":"product_cat","embeddable":true,"href":"https:\/\/buscoequipomedico.com\/index.php?rest_route=%2Fwp%2Fv2%2Fproduct_cat&post=12960"},{"taxonomy":"product_tag","embeddable":true,"href":"https:\/\/buscoequipomedico.com\/index.php?rest_route=%2Fwp%2Fv2%2Fproduct_tag&post=12960"}],"curies":[{"name":"wp","href":"https:\/\/api.w.org\/{rel}","templated":true}]}}