{"id":12962,"date":"2020-02-18T07:36:43","date_gmt":"2020-02-18T07:36:43","guid":{"rendered":"https:\/\/equipomedicomexico-com.preview-domain.com\/product\/negatoscopio-cuadruple-leds\/"},"modified":"2020-02-18T07:36:46","modified_gmt":"2020-02-18T07:36:46","slug":"negatoscopio-cuadruple-leds","status":"publish","type":"product","link":"https:\/\/buscoequipomedico.com\/?product=negatoscopio-cuadruple-leds","title":{"rendered":"NEGATOSCOPIO CUADRUPLE LEDS"},"content":{"rendered":"<ul>\n<li>Cuenta con 10 grados digitales para ajustar la iluminaci\u00f3n la cual puede alcanzar hasta los 5,000 cd\/m2.<\/li>\n<li>Funci\u00f3n individual por banco, el negatoscopio cuenta con sensores que encienden autom\u00e1ticamente la pantalla cuando se inserta la placa radiogr\u00e1fica y se apaga cuando la retiran.<\/li>\n<li>La frecuencia de iluminaci\u00f3n es sobre 50 KHz, lo cual alivia la fatiga visual.<\/li>\n<li>La pantalla puede ser usada por un periodo de tiempo largo sin que se torne amarilla ni se deforme.<\/li>\n<li>Nivel de intensidad de iluminaci\u00f3n ajustable.<\/li>\n<li>Estructura de acero inoxidable terminado en esmalte acr\u00edlico.<\/li>\n<li>Fijaci\u00f3n a pared en forma segura \u00f3 fijaci\u00f3n a superficie.<\/li>\n<li>Funciones para seleccionar encendido autom\u00e1tico o manual.<\/li>\n<li>Brillo del negatoscopio de luxes, para radiograf\u00eda convencional<\/li>\n<li>La variaci\u00f3n de iluminaci\u00f3n entre un negatoscopio y otro de un mismo banco o panel menor que el 10%.<\/li>\n<li>Capacidad para visualizar hasta 4 placas radiogr\u00e1ficas.<\/li>\n<li>Equipo mobiliario que genera un campo uniforme de luz led para visualizar la pel\u00edcula radiogr\u00e1fica<\/li>\n<li>Funcional y ligero lo convierte en un mobiliario hecho para profesionales exigentes.<\/li>\n<\/ul>\n","protected":false},"excerpt":{"rendered":"<p><span>Equipo que genera un campo de luz uniforme con tecnolog\u00eda de Leds para visualizar la pel\u00edcula radiogr\u00e1fica. Visualizaci\u00f3n de placas de 142 x 43 cm. Dise\u00f1o moderno y ultra delgado con tan s\u00f3lo 4.5 cm de grosor.<\/span><\/p>\n","protected":false},"featured_media":12963,"template":"","meta":{"_joinchat":[]},"product_brand":[],"product_cat":[308],"product_tag":[],"class_list":{"0":"post-12962","1":"product","2":"type-product","3":"status-publish","4":"has-post-thumbnail","6":"product_cat-negatoscopios","7":"pa_marca-bame","9":"first","10":"instock","11":"purchasable","12":"product-type-simple"},"yoast_head":"<!-- This site is optimized with the Yoast SEO plugin v25.1 - https:\/\/yoast.com\/wordpress\/plugins\/seo\/ -->\n<title>NEGATOSCOPIO CUADRUPLE LEDS - Tu mejor opci\u00f3n Equipo M\u00e9dico M\u00e9xico<\/title>\n<meta name=\"robots\" content=\"index, follow, max-snippet:-1, max-image-preview:large, max-video-preview:-1\" \/>\n<link rel=\"canonical\" href=\"https:\/\/buscoequipomedico.com\/?product=negatoscopio-cuadruple-leds\" \/>\n<meta property=\"og:locale\" content=\"es_ES\" \/>\n<meta property=\"og:type\" content=\"article\" \/>\n<meta property=\"og:title\" content=\"NEGATOSCOPIO CUADRUPLE LEDS - Tu mejor opci\u00f3n Equipo M\u00e9dico M\u00e9xico\" \/>\n<meta property=\"og:description\" content=\"Equipo que genera un campo de luz uniforme con tecnolog\u00eda de Leds para visualizar la pel\u00edcula radiogr\u00e1fica. Visualizaci\u00f3n de placas de 142 x 43 cm. Dise\u00f1o moderno y ultra delgado con tan s\u00f3lo 4.5 cm de grosor.\" \/>\n<meta property=\"og:url\" content=\"https:\/\/buscoequipomedico.com\/?product=negatoscopio-cuadruple-leds\" \/>\n<meta property=\"og:site_name\" content=\"Tu mejor opci\u00f3n Equipo M\u00e9dico M\u00e9xico\" \/>\n<meta property=\"article:modified_time\" content=\"2020-02-18T07:36:46+00:00\" \/>\n<meta property=\"og:image\" content=\"https:\/\/buscoequipomedico.com\/wp-content\/uploads\/2020\/02\/negatoscopio-cuadruple-leds-equipo-que-genera-un-campo-de-luz-uniforme-con-tecnologia-de-leds-para-visualizar-la-pelicula-radiog.jpg\" \/>\n\t<meta property=\"og:image:width\" content=\"800\" \/>\n\t<meta property=\"og:image:height\" content=\"800\" \/>\n\t<meta property=\"og:image:type\" content=\"image\/png\" \/>\n<meta name=\"twitter:card\" content=\"summary_large_image\" \/>\n<meta name=\"twitter:label1\" content=\"Tiempo de lectura\" \/>\n\t<meta name=\"twitter:data1\" content=\"1 minuto\" \/>\n<script type=\"application\/ld+json\" class=\"yoast-schema-graph\">{\"@context\":\"https:\/\/schema.org\",\"@graph\":[{\"@type\":\"WebPage\",\"@id\":\"https:\/\/buscoequipomedico.com\/?product=negatoscopio-cuadruple-leds\",\"url\":\"https:\/\/buscoequipomedico.com\/?product=negatoscopio-cuadruple-leds\",\"name\":\"NEGATOSCOPIO CUADRUPLE LEDS - Tu mejor opci\u00f3n Equipo M\u00e9dico M\u00e9xico\",\"isPartOf\":{\"@id\":\"https:\/\/buscoequipomedico.com\/#website\"},\"primaryImageOfPage\":{\"@id\":\"https:\/\/buscoequipomedico.com\/?product=negatoscopio-cuadruple-leds#primaryimage\"},\"image\":{\"@id\":\"https:\/\/buscoequipomedico.com\/?product=negatoscopio-cuadruple-leds#primaryimage\"},\"thumbnailUrl\":\"https:\/\/buscoequipomedico.com\/wp-content\/uploads\/2020\/02\/negatoscopio-cuadruple-leds-equipo-que-genera-un-campo-de-luz-uniforme-con-tecnologia-de-leds-para-visualizar-la-pelicula-radiog.jpg\",\"datePublished\":\"2020-02-18T07:36:43+00:00\",\"dateModified\":\"2020-02-18T07:36:46+00:00\",\"breadcrumb\":{\"@id\":\"https:\/\/buscoequipomedico.com\/?product=negatoscopio-cuadruple-leds#breadcrumb\"},\"inLanguage\":\"es\",\"potentialAction\":[{\"@type\":\"ReadAction\",\"target\":[\"https:\/\/buscoequipomedico.com\/?product=negatoscopio-cuadruple-leds\"]}]},{\"@type\":\"ImageObject\",\"inLanguage\":\"es\",\"@id\":\"https:\/\/buscoequipomedico.com\/?product=negatoscopio-cuadruple-leds#primaryimage\",\"url\":\"https:\/\/buscoequipomedico.com\/wp-content\/uploads\/2020\/02\/negatoscopio-cuadruple-leds-equipo-que-genera-un-campo-de-luz-uniforme-con-tecnologia-de-leds-para-visualizar-la-pelicula-radiog.jpg\",\"contentUrl\":\"https:\/\/buscoequipomedico.com\/wp-content\/uploads\/2020\/02\/negatoscopio-cuadruple-leds-equipo-que-genera-un-campo-de-luz-uniforme-con-tecnologia-de-leds-para-visualizar-la-pelicula-radiog.jpg\",\"width\":800,\"height\":800},{\"@type\":\"BreadcrumbList\",\"@id\":\"https:\/\/buscoequipomedico.com\/?product=negatoscopio-cuadruple-leds#breadcrumb\",\"itemListElement\":[{\"@type\":\"ListItem\",\"position\":1,\"name\":\"Productos\",\"item\":\"https:\/\/buscoequipomedico.com\/shop\/\"},{\"@type\":\"ListItem\",\"position\":2,\"name\":\"NEGATOSCOPIO CUADRUPLE LEDS\"}]},{\"@type\":\"WebSite\",\"@id\":\"https:\/\/buscoequipomedico.com\/#website\",\"url\":\"https:\/\/buscoequipomedico.com\/\",\"name\":\"Tu mejor opci\u00f3n Equipo M\u00e9dico M\u00e9xico\",\"description\":\"Tienda de equipo m\u00e9dico\",\"publisher\":{\"@id\":\"https:\/\/buscoequipomedico.com\/#organization\"},\"potentialAction\":[{\"@type\":\"SearchAction\",\"target\":{\"@type\":\"EntryPoint\",\"urlTemplate\":\"https:\/\/buscoequipomedico.com\/?s={search_term_string}\"},\"query-input\":{\"@type\":\"PropertyValueSpecification\",\"valueRequired\":true,\"valueName\":\"search_term_string\"}}],\"inLanguage\":\"es\"},{\"@type\":\"Organization\",\"@id\":\"https:\/\/buscoequipomedico.com\/#organization\",\"name\":\"Tu mejor opci\u00f3n Equipo M\u00e9dico M\u00e9xico\",\"url\":\"https:\/\/buscoequipomedico.com\/\",\"logo\":{\"@type\":\"ImageObject\",\"inLanguage\":\"es\",\"@id\":\"https:\/\/buscoequipomedico.com\/#\/schema\/logo\/image\/\",\"url\":\"https:\/\/buscoequipomedico.com\/wp-content\/uploads\/2021\/07\/EMM-VPrincipal-scaled.jpg\",\"contentUrl\":\"https:\/\/buscoequipomedico.com\/wp-content\/uploads\/2021\/07\/EMM-VPrincipal-scaled.jpg\",\"width\":2560,\"height\":1058,\"caption\":\"Tu mejor opci\u00f3n Equipo M\u00e9dico M\u00e9xico\"},\"image\":{\"@id\":\"https:\/\/buscoequipomedico.com\/#\/schema\/logo\/image\/\"}}]}<\/script>\n<!-- \/ Yoast SEO plugin. -->","yoast_head_json":{"title":"NEGATOSCOPIO CUADRUPLE LEDS - Tu mejor opci\u00f3n Equipo M\u00e9dico M\u00e9xico","robots":{"index":"index","follow":"follow","max-snippet":"max-snippet:-1","max-image-preview":"max-image-preview:large","max-video-preview":"max-video-preview:-1"},"canonical":"https:\/\/buscoequipomedico.com\/?product=negatoscopio-cuadruple-leds","og_locale":"es_ES","og_type":"article","og_title":"NEGATOSCOPIO CUADRUPLE LEDS - Tu mejor opci\u00f3n Equipo M\u00e9dico M\u00e9xico","og_description":"Equipo que genera un campo de luz uniforme con tecnolog\u00eda de Leds para visualizar la pel\u00edcula radiogr\u00e1fica. Visualizaci\u00f3n de placas de 142 x 43 cm. Dise\u00f1o moderno y ultra delgado con tan s\u00f3lo 4.5 cm de grosor.","og_url":"https:\/\/buscoequipomedico.com\/?product=negatoscopio-cuadruple-leds","og_site_name":"Tu mejor opci\u00f3n Equipo M\u00e9dico M\u00e9xico","article_modified_time":"2020-02-18T07:36:46+00:00","og_image":[{"width":800,"height":800,"url":"https:\/\/buscoequipomedico.com\/wp-content\/uploads\/2020\/02\/negatoscopio-cuadruple-leds-equipo-que-genera-un-campo-de-luz-uniforme-con-tecnologia-de-leds-para-visualizar-la-pelicula-radiog.jpg","type":"image\/png"}],"twitter_card":"summary_large_image","twitter_misc":{"Tiempo de lectura":"1 minuto"},"schema":{"@context":"https:\/\/schema.org","@graph":[{"@type":"WebPage","@id":"https:\/\/buscoequipomedico.com\/?product=negatoscopio-cuadruple-leds","url":"https:\/\/buscoequipomedico.com\/?product=negatoscopio-cuadruple-leds","name":"NEGATOSCOPIO CUADRUPLE LEDS - Tu mejor opci\u00f3n Equipo M\u00e9dico M\u00e9xico","isPartOf":{"@id":"https:\/\/buscoequipomedico.com\/#website"},"primaryImageOfPage":{"@id":"https:\/\/buscoequipomedico.com\/?product=negatoscopio-cuadruple-leds#primaryimage"},"image":{"@id":"https:\/\/buscoequipomedico.com\/?product=negatoscopio-cuadruple-leds#primaryimage"},"thumbnailUrl":"https:\/\/buscoequipomedico.com\/wp-content\/uploads\/2020\/02\/negatoscopio-cuadruple-leds-equipo-que-genera-un-campo-de-luz-uniforme-con-tecnologia-de-leds-para-visualizar-la-pelicula-radiog.jpg","datePublished":"2020-02-18T07:36:43+00:00","dateModified":"2020-02-18T07:36:46+00:00","breadcrumb":{"@id":"https:\/\/buscoequipomedico.com\/?product=negatoscopio-cuadruple-leds#breadcrumb"},"inLanguage":"es","potentialAction":[{"@type":"ReadAction","target":["https:\/\/buscoequipomedico.com\/?product=negatoscopio-cuadruple-leds"]}]},{"@type":"ImageObject","inLanguage":"es","@id":"https:\/\/buscoequipomedico.com\/?product=negatoscopio-cuadruple-leds#primaryimage","url":"https:\/\/buscoequipomedico.com\/wp-content\/uploads\/2020\/02\/negatoscopio-cuadruple-leds-equipo-que-genera-un-campo-de-luz-uniforme-con-tecnologia-de-leds-para-visualizar-la-pelicula-radiog.jpg","contentUrl":"https:\/\/buscoequipomedico.com\/wp-content\/uploads\/2020\/02\/negatoscopio-cuadruple-leds-equipo-que-genera-un-campo-de-luz-uniforme-con-tecnologia-de-leds-para-visualizar-la-pelicula-radiog.jpg","width":800,"height":800},{"@type":"BreadcrumbList","@id":"https:\/\/buscoequipomedico.com\/?product=negatoscopio-cuadruple-leds#breadcrumb","itemListElement":[{"@type":"ListItem","position":1,"name":"Productos","item":"https:\/\/buscoequipomedico.com\/shop\/"},{"@type":"ListItem","position":2,"name":"NEGATOSCOPIO CUADRUPLE LEDS"}]},{"@type":"WebSite","@id":"https:\/\/buscoequipomedico.com\/#website","url":"https:\/\/buscoequipomedico.com\/","name":"Tu mejor opci\u00f3n Equipo M\u00e9dico M\u00e9xico","description":"Tienda de equipo m\u00e9dico","publisher":{"@id":"https:\/\/buscoequipomedico.com\/#organization"},"potentialAction":[{"@type":"SearchAction","target":{"@type":"EntryPoint","urlTemplate":"https:\/\/buscoequipomedico.com\/?s={search_term_string}"},"query-input":{"@type":"PropertyValueSpecification","valueRequired":true,"valueName":"search_term_string"}}],"inLanguage":"es"},{"@type":"Organization","@id":"https:\/\/buscoequipomedico.com\/#organization","name":"Tu mejor opci\u00f3n Equipo M\u00e9dico M\u00e9xico","url":"https:\/\/buscoequipomedico.com\/","logo":{"@type":"ImageObject","inLanguage":"es","@id":"https:\/\/buscoequipomedico.com\/#\/schema\/logo\/image\/","url":"https:\/\/buscoequipomedico.com\/wp-content\/uploads\/2021\/07\/EMM-VPrincipal-scaled.jpg","contentUrl":"https:\/\/buscoequipomedico.com\/wp-content\/uploads\/2021\/07\/EMM-VPrincipal-scaled.jpg","width":2560,"height":1058,"caption":"Tu mejor opci\u00f3n Equipo M\u00e9dico M\u00e9xico"},"image":{"@id":"https:\/\/buscoequipomedico.com\/#\/schema\/logo\/image\/"}}]}},"_links":{"self":[{"href":"https:\/\/buscoequipomedico.com\/index.php?rest_route=\/wp\/v2\/product\/12962","targetHints":{"allow":["GET"]}}],"collection":[{"href":"https:\/\/buscoequipomedico.com\/index.php?rest_route=\/wp\/v2\/product"}],"about":[{"href":"https:\/\/buscoequipomedico.com\/index.php?rest_route=\/wp\/v2\/types\/product"}],"wp:featuredmedia":[{"embeddable":true,"href":"https:\/\/buscoequipomedico.com\/index.php?rest_route=\/wp\/v2\/media\/12963"}],"wp:attachment":[{"href":"https:\/\/buscoequipomedico.com\/index.php?rest_route=%2Fwp%2Fv2%2Fmedia&parent=12962"}],"wp:term":[{"taxonomy":"product_brand","embeddable":true,"href":"https:\/\/buscoequipomedico.com\/index.php?rest_route=%2Fwp%2Fv2%2Fproduct_brand&post=12962"},{"taxonomy":"product_cat","embeddable":true,"href":"https:\/\/buscoequipomedico.com\/index.php?rest_route=%2Fwp%2Fv2%2Fproduct_cat&post=12962"},{"taxonomy":"product_tag","embeddable":true,"href":"https:\/\/buscoequipomedico.com\/index.php?rest_route=%2Fwp%2Fv2%2Fproduct_tag&post=12962"}],"curies":[{"name":"wp","href":"https:\/\/api.w.org\/{rel}","templated":true}]}}