{"id":12966,"date":"2020-02-18T07:36:43","date_gmt":"2020-02-18T07:36:43","guid":{"rendered":"https:\/\/equipomedicomexico-com.preview-domain.com\/product\/negatoscopio-doble-de-leds\/"},"modified":"2020-02-18T07:36:46","modified_gmt":"2020-02-18T07:36:46","slug":"negatoscopio-doble-de-leds","status":"publish","type":"product","link":"https:\/\/buscoequipomedico.com\/?product=negatoscopio-doble-de-leds","title":{"rendered":"NEGATOSCOPIO DOBLE DE LEDS"},"content":{"rendered":"<p>Visualizaci\u00f3n de placas de 71 x 43 cm.<\/p>\n<p>Dise\u00f1o moderno y ultra delgado con tan s\u00f3lo 4.5 cm de grosor.<\/p>\n<p>Cuenta con 10 grados digitales para ajustar la iluminaci\u00f3n la cual puede alcanzar hasta los 5,000 cd\/m2.<\/p>\n<p>Funci\u00f3n individual por banco, el negatoscopio cuenta con sensores que encienden autom\u00e1ticamente la pantalla cuando se inserta la placa radiogr\u00e1fica y se apaga cuando la retiran.<\/p><\/p>\n","protected":false},"excerpt":{"rendered":"<p>Equipo que genera un campo de luz uniforme con tecnolog\u00eda de Leds para visualizar la pel\u00edcula radiogr\u00e1fica. Visualizaci\u00f3n de placas de 71 x 43 cm. Dise\u00f1o moderno y ultra delgado con tan s\u00f3lo 4.5 cm de grosor.<\/p>\n","protected":false},"featured_media":12967,"template":"","meta":{"_joinchat":[]},"product_brand":[],"product_cat":[308],"product_tag":[],"class_list":{"0":"post-12966","1":"product","2":"type-product","3":"status-publish","4":"has-post-thumbnail","6":"product_cat-negatoscopios","7":"pa_marca-bame","9":"first","10":"instock","11":"purchasable","12":"product-type-simple"},"yoast_head":"<!-- This site is optimized with the Yoast SEO plugin v25.1 - https:\/\/yoast.com\/wordpress\/plugins\/seo\/ -->\n<title>NEGATOSCOPIO DOBLE DE LEDS - Tu mejor opci\u00f3n Equipo M\u00e9dico M\u00e9xico<\/title>\n<meta name=\"robots\" content=\"index, follow, max-snippet:-1, max-image-preview:large, max-video-preview:-1\" \/>\n<link rel=\"canonical\" href=\"https:\/\/buscoequipomedico.com\/?product=negatoscopio-doble-de-leds\" \/>\n<meta property=\"og:locale\" content=\"es_ES\" \/>\n<meta property=\"og:type\" content=\"article\" \/>\n<meta property=\"og:title\" content=\"NEGATOSCOPIO DOBLE DE LEDS - Tu mejor opci\u00f3n Equipo M\u00e9dico M\u00e9xico\" \/>\n<meta property=\"og:description\" content=\"Equipo que genera un campo de luz uniforme con tecnolog\u00eda de Leds para visualizar la pel\u00edcula radiogr\u00e1fica. Visualizaci\u00f3n de placas de 71 x 43 cm. Dise\u00f1o moderno y ultra delgado con tan s\u00f3lo 4.5 cm de grosor.\" \/>\n<meta property=\"og:url\" content=\"https:\/\/buscoequipomedico.com\/?product=negatoscopio-doble-de-leds\" \/>\n<meta property=\"og:site_name\" content=\"Tu mejor opci\u00f3n Equipo M\u00e9dico M\u00e9xico\" \/>\n<meta property=\"article:modified_time\" content=\"2020-02-18T07:36:46+00:00\" \/>\n<meta property=\"og:image\" content=\"https:\/\/buscoequipomedico.com\/wp-content\/uploads\/2020\/02\/negatoscopio-doble-de-leds-equipo-que-genera-un-campo-de-luz-uniforme-con-tecnologia-de-leds-para-visualizar-la-pelicula-radiogr.jpg\" \/>\n\t<meta property=\"og:image:width\" content=\"800\" \/>\n\t<meta property=\"og:image:height\" content=\"800\" \/>\n\t<meta property=\"og:image:type\" content=\"image\/png\" \/>\n<meta name=\"twitter:card\" content=\"summary_large_image\" \/>\n<script type=\"application\/ld+json\" class=\"yoast-schema-graph\">{\"@context\":\"https:\/\/schema.org\",\"@graph\":[{\"@type\":\"WebPage\",\"@id\":\"https:\/\/buscoequipomedico.com\/?product=negatoscopio-doble-de-leds\",\"url\":\"https:\/\/buscoequipomedico.com\/?product=negatoscopio-doble-de-leds\",\"name\":\"NEGATOSCOPIO DOBLE DE LEDS - Tu mejor opci\u00f3n Equipo M\u00e9dico M\u00e9xico\",\"isPartOf\":{\"@id\":\"https:\/\/buscoequipomedico.com\/#website\"},\"primaryImageOfPage\":{\"@id\":\"https:\/\/buscoequipomedico.com\/?product=negatoscopio-doble-de-leds#primaryimage\"},\"image\":{\"@id\":\"https:\/\/buscoequipomedico.com\/?product=negatoscopio-doble-de-leds#primaryimage\"},\"thumbnailUrl\":\"https:\/\/buscoequipomedico.com\/wp-content\/uploads\/2020\/02\/negatoscopio-doble-de-leds-equipo-que-genera-un-campo-de-luz-uniforme-con-tecnologia-de-leds-para-visualizar-la-pelicula-radiogr.jpg\",\"datePublished\":\"2020-02-18T07:36:43+00:00\",\"dateModified\":\"2020-02-18T07:36:46+00:00\",\"breadcrumb\":{\"@id\":\"https:\/\/buscoequipomedico.com\/?product=negatoscopio-doble-de-leds#breadcrumb\"},\"inLanguage\":\"es\",\"potentialAction\":[{\"@type\":\"ReadAction\",\"target\":[\"https:\/\/buscoequipomedico.com\/?product=negatoscopio-doble-de-leds\"]}]},{\"@type\":\"ImageObject\",\"inLanguage\":\"es\",\"@id\":\"https:\/\/buscoequipomedico.com\/?product=negatoscopio-doble-de-leds#primaryimage\",\"url\":\"https:\/\/buscoequipomedico.com\/wp-content\/uploads\/2020\/02\/negatoscopio-doble-de-leds-equipo-que-genera-un-campo-de-luz-uniforme-con-tecnologia-de-leds-para-visualizar-la-pelicula-radiogr.jpg\",\"contentUrl\":\"https:\/\/buscoequipomedico.com\/wp-content\/uploads\/2020\/02\/negatoscopio-doble-de-leds-equipo-que-genera-un-campo-de-luz-uniforme-con-tecnologia-de-leds-para-visualizar-la-pelicula-radiogr.jpg\",\"width\":800,\"height\":800},{\"@type\":\"BreadcrumbList\",\"@id\":\"https:\/\/buscoequipomedico.com\/?product=negatoscopio-doble-de-leds#breadcrumb\",\"itemListElement\":[{\"@type\":\"ListItem\",\"position\":1,\"name\":\"Productos\",\"item\":\"https:\/\/buscoequipomedico.com\/shop\/\"},{\"@type\":\"ListItem\",\"position\":2,\"name\":\"NEGATOSCOPIO DOBLE DE LEDS\"}]},{\"@type\":\"WebSite\",\"@id\":\"https:\/\/buscoequipomedico.com\/#website\",\"url\":\"https:\/\/buscoequipomedico.com\/\",\"name\":\"Tu mejor opci\u00f3n Equipo M\u00e9dico M\u00e9xico\",\"description\":\"Tienda de equipo m\u00e9dico\",\"publisher\":{\"@id\":\"https:\/\/buscoequipomedico.com\/#organization\"},\"potentialAction\":[{\"@type\":\"SearchAction\",\"target\":{\"@type\":\"EntryPoint\",\"urlTemplate\":\"https:\/\/buscoequipomedico.com\/?s={search_term_string}\"},\"query-input\":{\"@type\":\"PropertyValueSpecification\",\"valueRequired\":true,\"valueName\":\"search_term_string\"}}],\"inLanguage\":\"es\"},{\"@type\":\"Organization\",\"@id\":\"https:\/\/buscoequipomedico.com\/#organization\",\"name\":\"Tu mejor opci\u00f3n Equipo M\u00e9dico M\u00e9xico\",\"url\":\"https:\/\/buscoequipomedico.com\/\",\"logo\":{\"@type\":\"ImageObject\",\"inLanguage\":\"es\",\"@id\":\"https:\/\/buscoequipomedico.com\/#\/schema\/logo\/image\/\",\"url\":\"https:\/\/buscoequipomedico.com\/wp-content\/uploads\/2021\/07\/EMM-VPrincipal-scaled.jpg\",\"contentUrl\":\"https:\/\/buscoequipomedico.com\/wp-content\/uploads\/2021\/07\/EMM-VPrincipal-scaled.jpg\",\"width\":2560,\"height\":1058,\"caption\":\"Tu mejor opci\u00f3n Equipo M\u00e9dico M\u00e9xico\"},\"image\":{\"@id\":\"https:\/\/buscoequipomedico.com\/#\/schema\/logo\/image\/\"}}]}<\/script>\n<!-- \/ Yoast SEO plugin. -->","yoast_head_json":{"title":"NEGATOSCOPIO DOBLE DE LEDS - Tu mejor opci\u00f3n Equipo M\u00e9dico M\u00e9xico","robots":{"index":"index","follow":"follow","max-snippet":"max-snippet:-1","max-image-preview":"max-image-preview:large","max-video-preview":"max-video-preview:-1"},"canonical":"https:\/\/buscoequipomedico.com\/?product=negatoscopio-doble-de-leds","og_locale":"es_ES","og_type":"article","og_title":"NEGATOSCOPIO DOBLE DE LEDS - Tu mejor opci\u00f3n Equipo M\u00e9dico M\u00e9xico","og_description":"Equipo que genera un campo de luz uniforme con tecnolog\u00eda de Leds para visualizar la pel\u00edcula radiogr\u00e1fica. Visualizaci\u00f3n de placas de 71 x 43 cm. Dise\u00f1o moderno y ultra delgado con tan s\u00f3lo 4.5 cm de grosor.","og_url":"https:\/\/buscoequipomedico.com\/?product=negatoscopio-doble-de-leds","og_site_name":"Tu mejor opci\u00f3n Equipo M\u00e9dico M\u00e9xico","article_modified_time":"2020-02-18T07:36:46+00:00","og_image":[{"width":800,"height":800,"url":"https:\/\/buscoequipomedico.com\/wp-content\/uploads\/2020\/02\/negatoscopio-doble-de-leds-equipo-que-genera-un-campo-de-luz-uniforme-con-tecnologia-de-leds-para-visualizar-la-pelicula-radiogr.jpg","type":"image\/png"}],"twitter_card":"summary_large_image","schema":{"@context":"https:\/\/schema.org","@graph":[{"@type":"WebPage","@id":"https:\/\/buscoequipomedico.com\/?product=negatoscopio-doble-de-leds","url":"https:\/\/buscoequipomedico.com\/?product=negatoscopio-doble-de-leds","name":"NEGATOSCOPIO DOBLE DE LEDS - Tu mejor opci\u00f3n Equipo M\u00e9dico M\u00e9xico","isPartOf":{"@id":"https:\/\/buscoequipomedico.com\/#website"},"primaryImageOfPage":{"@id":"https:\/\/buscoequipomedico.com\/?product=negatoscopio-doble-de-leds#primaryimage"},"image":{"@id":"https:\/\/buscoequipomedico.com\/?product=negatoscopio-doble-de-leds#primaryimage"},"thumbnailUrl":"https:\/\/buscoequipomedico.com\/wp-content\/uploads\/2020\/02\/negatoscopio-doble-de-leds-equipo-que-genera-un-campo-de-luz-uniforme-con-tecnologia-de-leds-para-visualizar-la-pelicula-radiogr.jpg","datePublished":"2020-02-18T07:36:43+00:00","dateModified":"2020-02-18T07:36:46+00:00","breadcrumb":{"@id":"https:\/\/buscoequipomedico.com\/?product=negatoscopio-doble-de-leds#breadcrumb"},"inLanguage":"es","potentialAction":[{"@type":"ReadAction","target":["https:\/\/buscoequipomedico.com\/?product=negatoscopio-doble-de-leds"]}]},{"@type":"ImageObject","inLanguage":"es","@id":"https:\/\/buscoequipomedico.com\/?product=negatoscopio-doble-de-leds#primaryimage","url":"https:\/\/buscoequipomedico.com\/wp-content\/uploads\/2020\/02\/negatoscopio-doble-de-leds-equipo-que-genera-un-campo-de-luz-uniforme-con-tecnologia-de-leds-para-visualizar-la-pelicula-radiogr.jpg","contentUrl":"https:\/\/buscoequipomedico.com\/wp-content\/uploads\/2020\/02\/negatoscopio-doble-de-leds-equipo-que-genera-un-campo-de-luz-uniforme-con-tecnologia-de-leds-para-visualizar-la-pelicula-radiogr.jpg","width":800,"height":800},{"@type":"BreadcrumbList","@id":"https:\/\/buscoequipomedico.com\/?product=negatoscopio-doble-de-leds#breadcrumb","itemListElement":[{"@type":"ListItem","position":1,"name":"Productos","item":"https:\/\/buscoequipomedico.com\/shop\/"},{"@type":"ListItem","position":2,"name":"NEGATOSCOPIO DOBLE DE LEDS"}]},{"@type":"WebSite","@id":"https:\/\/buscoequipomedico.com\/#website","url":"https:\/\/buscoequipomedico.com\/","name":"Tu mejor opci\u00f3n Equipo M\u00e9dico M\u00e9xico","description":"Tienda de equipo m\u00e9dico","publisher":{"@id":"https:\/\/buscoequipomedico.com\/#organization"},"potentialAction":[{"@type":"SearchAction","target":{"@type":"EntryPoint","urlTemplate":"https:\/\/buscoequipomedico.com\/?s={search_term_string}"},"query-input":{"@type":"PropertyValueSpecification","valueRequired":true,"valueName":"search_term_string"}}],"inLanguage":"es"},{"@type":"Organization","@id":"https:\/\/buscoequipomedico.com\/#organization","name":"Tu mejor opci\u00f3n Equipo M\u00e9dico M\u00e9xico","url":"https:\/\/buscoequipomedico.com\/","logo":{"@type":"ImageObject","inLanguage":"es","@id":"https:\/\/buscoequipomedico.com\/#\/schema\/logo\/image\/","url":"https:\/\/buscoequipomedico.com\/wp-content\/uploads\/2021\/07\/EMM-VPrincipal-scaled.jpg","contentUrl":"https:\/\/buscoequipomedico.com\/wp-content\/uploads\/2021\/07\/EMM-VPrincipal-scaled.jpg","width":2560,"height":1058,"caption":"Tu mejor opci\u00f3n Equipo M\u00e9dico M\u00e9xico"},"image":{"@id":"https:\/\/buscoequipomedico.com\/#\/schema\/logo\/image\/"}}]}},"_links":{"self":[{"href":"https:\/\/buscoequipomedico.com\/index.php?rest_route=\/wp\/v2\/product\/12966","targetHints":{"allow":["GET"]}}],"collection":[{"href":"https:\/\/buscoequipomedico.com\/index.php?rest_route=\/wp\/v2\/product"}],"about":[{"href":"https:\/\/buscoequipomedico.com\/index.php?rest_route=\/wp\/v2\/types\/product"}],"wp:featuredmedia":[{"embeddable":true,"href":"https:\/\/buscoequipomedico.com\/index.php?rest_route=\/wp\/v2\/media\/12967"}],"wp:attachment":[{"href":"https:\/\/buscoequipomedico.com\/index.php?rest_route=%2Fwp%2Fv2%2Fmedia&parent=12966"}],"wp:term":[{"taxonomy":"product_brand","embeddable":true,"href":"https:\/\/buscoequipomedico.com\/index.php?rest_route=%2Fwp%2Fv2%2Fproduct_brand&post=12966"},{"taxonomy":"product_cat","embeddable":true,"href":"https:\/\/buscoequipomedico.com\/index.php?rest_route=%2Fwp%2Fv2%2Fproduct_cat&post=12966"},{"taxonomy":"product_tag","embeddable":true,"href":"https:\/\/buscoequipomedico.com\/index.php?rest_route=%2Fwp%2Fv2%2Fproduct_tag&post=12966"}],"curies":[{"name":"wp","href":"https:\/\/api.w.org\/{rel}","templated":true}]}}