{"id":12997,"date":"2020-02-18T07:36:48","date_gmt":"2020-02-18T07:36:48","guid":{"rendered":"https:\/\/equipomedicomexico-com.preview-domain.com\/product\/oftalmoscopio-pocket-junior-c-mango-sin-estuche\/"},"modified":"2020-02-18T07:36:50","modified_gmt":"2020-02-18T07:36:50","slug":"oftalmoscopio-pocket-junior-c-mango-sin-estuche","status":"publish","type":"product","link":"https:\/\/buscoequipomedico.com\/?product=oftalmoscopio-pocket-junior-c-mango-sin-estuche","title":{"rendered":"OFTALMOSCOPIO POCKET JUNIOR C\/MANGO SIN ESTUCHE"},"content":{"rendered":"<p>Oftalmoscopio Pocket Junior completo con mango AA, pilas y estuche blando<\/p>\n<\/p>\n<p>Ligero y compacto.<\/p>\n<\/p>\n<p>La iluminaci\u00f3n hal\u00f3gena proporciona una luz m\u00e1s brillante, m\u00e1s blanca y duradera.<\/p>\n<\/p>\n<p>El sistema \u00f3ptico herm\u00e9tico mantiene el instrumento libre de suciedad y polvo.<\/p>\n<\/p>\n<p>Selector de apertura de seis posiciones.<\/p>\n<\/p>\n<p>Lente condeensadora de cristal.<\/p>\n<\/p>\n<p>Incluye filtro azul cobalto y libre de rojo.<\/p>\n<\/p>\n<p>El mango funciona con pilas convencionales \u00abAA\u00bb con cabezales de otoscopio y oftalmoscopio Pocket Jr.<\/p><\/p>\n","protected":false},"excerpt":{"rendered":"<p>*Iluminaci\u00f3n mediante l\u00e1mpara hal\u00f3gena, de 2,5 volts<\/p>\n<\/p>\n<p>*Provisto con 6 aperturas:<\/p>\n<\/p>\n<p>-Micro Spot<\/p>\n<\/p>\n<p>-Mediana<\/p>\n<\/p>\n<p>-Grande<\/p>\n<\/p>\n<p>-Fijaci\u00f3n<\/p>\n<\/p>\n<p>-Slit (Franja)<\/p>\n<\/p>\n<p>-Azul Cobalto.<\/p><\/p>\n","protected":false},"featured_media":12998,"template":"","meta":{"_joinchat":[]},"product_brand":[],"product_cat":[244,310],"product_tag":[],"class_list":{"0":"post-12997","1":"product","2":"type-product","3":"status-publish","4":"has-post-thumbnail","6":"product_cat-equipos-de-diagnostico","7":"product_cat-oftalmoscopios","8":"pa_marca-welch-allyn","10":"first","11":"instock","12":"purchasable","13":"product-type-simple"},"yoast_head":"<!-- This site is optimized with the Yoast SEO plugin v25.1 - https:\/\/yoast.com\/wordpress\/plugins\/seo\/ -->\n<title>OFTALMOSCOPIO POCKET JUNIOR C\/MANGO SIN ESTUCHE - Tu mejor opci\u00f3n Equipo M\u00e9dico M\u00e9xico<\/title>\n<meta name=\"robots\" content=\"index, follow, max-snippet:-1, max-image-preview:large, max-video-preview:-1\" \/>\n<link rel=\"canonical\" href=\"https:\/\/buscoequipomedico.com\/?product=oftalmoscopio-pocket-junior-c-mango-sin-estuche\" \/>\n<meta property=\"og:locale\" content=\"es_ES\" \/>\n<meta property=\"og:type\" content=\"article\" \/>\n<meta property=\"og:title\" content=\"OFTALMOSCOPIO POCKET JUNIOR C\/MANGO SIN ESTUCHE - Tu mejor opci\u00f3n Equipo M\u00e9dico M\u00e9xico\" \/>\n<meta property=\"og:description\" content=\"*Iluminaci\u00f3n mediante l\u00e1mpara hal\u00f3gena, de 2,5 volts *Provisto con 6 aperturas: -Micro Spot -Mediana -Grande -Fijaci\u00f3n -Slit (Franja) -Azul Cobalto.\" \/>\n<meta property=\"og:url\" content=\"https:\/\/buscoequipomedico.com\/?product=oftalmoscopio-pocket-junior-c-mango-sin-estuche\" \/>\n<meta property=\"og:site_name\" content=\"Tu mejor opci\u00f3n Equipo M\u00e9dico M\u00e9xico\" \/>\n<meta property=\"article:modified_time\" content=\"2020-02-18T07:36:50+00:00\" \/>\n<meta property=\"og:image\" content=\"https:\/\/buscoequipomedico.com\/wp-content\/uploads\/2020\/02\/oftalmoscopio-pocket-junior-c-mango-sin-estuche-iluminacion-mediante-lampara-halogena-de-25-volts-provisto-con-6-aperturas-micro.jpg\" \/>\n\t<meta property=\"og:image:width\" content=\"800\" \/>\n\t<meta property=\"og:image:height\" content=\"800\" \/>\n\t<meta property=\"og:image:type\" content=\"image\/jpeg\" \/>\n<meta name=\"twitter:card\" content=\"summary_large_image\" \/>\n<script type=\"application\/ld+json\" class=\"yoast-schema-graph\">{\"@context\":\"https:\/\/schema.org\",\"@graph\":[{\"@type\":\"WebPage\",\"@id\":\"https:\/\/buscoequipomedico.com\/?product=oftalmoscopio-pocket-junior-c-mango-sin-estuche\",\"url\":\"https:\/\/buscoequipomedico.com\/?product=oftalmoscopio-pocket-junior-c-mango-sin-estuche\",\"name\":\"OFTALMOSCOPIO POCKET JUNIOR C\/MANGO SIN ESTUCHE - Tu mejor opci\u00f3n Equipo M\u00e9dico M\u00e9xico\",\"isPartOf\":{\"@id\":\"https:\/\/buscoequipomedico.com\/#website\"},\"primaryImageOfPage\":{\"@id\":\"https:\/\/buscoequipomedico.com\/?product=oftalmoscopio-pocket-junior-c-mango-sin-estuche#primaryimage\"},\"image\":{\"@id\":\"https:\/\/buscoequipomedico.com\/?product=oftalmoscopio-pocket-junior-c-mango-sin-estuche#primaryimage\"},\"thumbnailUrl\":\"https:\/\/buscoequipomedico.com\/wp-content\/uploads\/2020\/02\/oftalmoscopio-pocket-junior-c-mango-sin-estuche-iluminacion-mediante-lampara-halogena-de-25-volts-provisto-con-6-aperturas-micro.jpg\",\"datePublished\":\"2020-02-18T07:36:48+00:00\",\"dateModified\":\"2020-02-18T07:36:50+00:00\",\"breadcrumb\":{\"@id\":\"https:\/\/buscoequipomedico.com\/?product=oftalmoscopio-pocket-junior-c-mango-sin-estuche#breadcrumb\"},\"inLanguage\":\"es\",\"potentialAction\":[{\"@type\":\"ReadAction\",\"target\":[\"https:\/\/buscoequipomedico.com\/?product=oftalmoscopio-pocket-junior-c-mango-sin-estuche\"]}]},{\"@type\":\"ImageObject\",\"inLanguage\":\"es\",\"@id\":\"https:\/\/buscoequipomedico.com\/?product=oftalmoscopio-pocket-junior-c-mango-sin-estuche#primaryimage\",\"url\":\"https:\/\/buscoequipomedico.com\/wp-content\/uploads\/2020\/02\/oftalmoscopio-pocket-junior-c-mango-sin-estuche-iluminacion-mediante-lampara-halogena-de-25-volts-provisto-con-6-aperturas-micro.jpg\",\"contentUrl\":\"https:\/\/buscoequipomedico.com\/wp-content\/uploads\/2020\/02\/oftalmoscopio-pocket-junior-c-mango-sin-estuche-iluminacion-mediante-lampara-halogena-de-25-volts-provisto-con-6-aperturas-micro.jpg\",\"width\":800,\"height\":800},{\"@type\":\"BreadcrumbList\",\"@id\":\"https:\/\/buscoequipomedico.com\/?product=oftalmoscopio-pocket-junior-c-mango-sin-estuche#breadcrumb\",\"itemListElement\":[{\"@type\":\"ListItem\",\"position\":1,\"name\":\"Productos\",\"item\":\"https:\/\/buscoequipomedico.com\/shop\/\"},{\"@type\":\"ListItem\",\"position\":2,\"name\":\"OFTALMOSCOPIO POCKET JUNIOR C\/MANGO SIN ESTUCHE\"}]},{\"@type\":\"WebSite\",\"@id\":\"https:\/\/buscoequipomedico.com\/#website\",\"url\":\"https:\/\/buscoequipomedico.com\/\",\"name\":\"Tu mejor opci\u00f3n Equipo M\u00e9dico M\u00e9xico\",\"description\":\"Tienda de equipo m\u00e9dico\",\"publisher\":{\"@id\":\"https:\/\/buscoequipomedico.com\/#organization\"},\"potentialAction\":[{\"@type\":\"SearchAction\",\"target\":{\"@type\":\"EntryPoint\",\"urlTemplate\":\"https:\/\/buscoequipomedico.com\/?s={search_term_string}\"},\"query-input\":{\"@type\":\"PropertyValueSpecification\",\"valueRequired\":true,\"valueName\":\"search_term_string\"}}],\"inLanguage\":\"es\"},{\"@type\":\"Organization\",\"@id\":\"https:\/\/buscoequipomedico.com\/#organization\",\"name\":\"Tu mejor opci\u00f3n Equipo M\u00e9dico M\u00e9xico\",\"url\":\"https:\/\/buscoequipomedico.com\/\",\"logo\":{\"@type\":\"ImageObject\",\"inLanguage\":\"es\",\"@id\":\"https:\/\/buscoequipomedico.com\/#\/schema\/logo\/image\/\",\"url\":\"https:\/\/buscoequipomedico.com\/wp-content\/uploads\/2021\/07\/EMM-VPrincipal-scaled.jpg\",\"contentUrl\":\"https:\/\/buscoequipomedico.com\/wp-content\/uploads\/2021\/07\/EMM-VPrincipal-scaled.jpg\",\"width\":2560,\"height\":1058,\"caption\":\"Tu mejor opci\u00f3n Equipo M\u00e9dico M\u00e9xico\"},\"image\":{\"@id\":\"https:\/\/buscoequipomedico.com\/#\/schema\/logo\/image\/\"}}]}<\/script>\n<!-- \/ Yoast SEO plugin. -->","yoast_head_json":{"title":"OFTALMOSCOPIO POCKET JUNIOR C\/MANGO SIN ESTUCHE - Tu mejor opci\u00f3n Equipo M\u00e9dico M\u00e9xico","robots":{"index":"index","follow":"follow","max-snippet":"max-snippet:-1","max-image-preview":"max-image-preview:large","max-video-preview":"max-video-preview:-1"},"canonical":"https:\/\/buscoequipomedico.com\/?product=oftalmoscopio-pocket-junior-c-mango-sin-estuche","og_locale":"es_ES","og_type":"article","og_title":"OFTALMOSCOPIO POCKET JUNIOR C\/MANGO SIN ESTUCHE - Tu mejor opci\u00f3n Equipo M\u00e9dico M\u00e9xico","og_description":"*Iluminaci\u00f3n mediante l\u00e1mpara hal\u00f3gena, de 2,5 volts *Provisto con 6 aperturas: -Micro Spot -Mediana -Grande -Fijaci\u00f3n -Slit (Franja) -Azul Cobalto.","og_url":"https:\/\/buscoequipomedico.com\/?product=oftalmoscopio-pocket-junior-c-mango-sin-estuche","og_site_name":"Tu mejor opci\u00f3n Equipo M\u00e9dico M\u00e9xico","article_modified_time":"2020-02-18T07:36:50+00:00","og_image":[{"width":800,"height":800,"url":"https:\/\/buscoequipomedico.com\/wp-content\/uploads\/2020\/02\/oftalmoscopio-pocket-junior-c-mango-sin-estuche-iluminacion-mediante-lampara-halogena-de-25-volts-provisto-con-6-aperturas-micro.jpg","type":"image\/jpeg"}],"twitter_card":"summary_large_image","schema":{"@context":"https:\/\/schema.org","@graph":[{"@type":"WebPage","@id":"https:\/\/buscoequipomedico.com\/?product=oftalmoscopio-pocket-junior-c-mango-sin-estuche","url":"https:\/\/buscoequipomedico.com\/?product=oftalmoscopio-pocket-junior-c-mango-sin-estuche","name":"OFTALMOSCOPIO POCKET JUNIOR C\/MANGO SIN ESTUCHE - Tu mejor opci\u00f3n Equipo M\u00e9dico M\u00e9xico","isPartOf":{"@id":"https:\/\/buscoequipomedico.com\/#website"},"primaryImageOfPage":{"@id":"https:\/\/buscoequipomedico.com\/?product=oftalmoscopio-pocket-junior-c-mango-sin-estuche#primaryimage"},"image":{"@id":"https:\/\/buscoequipomedico.com\/?product=oftalmoscopio-pocket-junior-c-mango-sin-estuche#primaryimage"},"thumbnailUrl":"https:\/\/buscoequipomedico.com\/wp-content\/uploads\/2020\/02\/oftalmoscopio-pocket-junior-c-mango-sin-estuche-iluminacion-mediante-lampara-halogena-de-25-volts-provisto-con-6-aperturas-micro.jpg","datePublished":"2020-02-18T07:36:48+00:00","dateModified":"2020-02-18T07:36:50+00:00","breadcrumb":{"@id":"https:\/\/buscoequipomedico.com\/?product=oftalmoscopio-pocket-junior-c-mango-sin-estuche#breadcrumb"},"inLanguage":"es","potentialAction":[{"@type":"ReadAction","target":["https:\/\/buscoequipomedico.com\/?product=oftalmoscopio-pocket-junior-c-mango-sin-estuche"]}]},{"@type":"ImageObject","inLanguage":"es","@id":"https:\/\/buscoequipomedico.com\/?product=oftalmoscopio-pocket-junior-c-mango-sin-estuche#primaryimage","url":"https:\/\/buscoequipomedico.com\/wp-content\/uploads\/2020\/02\/oftalmoscopio-pocket-junior-c-mango-sin-estuche-iluminacion-mediante-lampara-halogena-de-25-volts-provisto-con-6-aperturas-micro.jpg","contentUrl":"https:\/\/buscoequipomedico.com\/wp-content\/uploads\/2020\/02\/oftalmoscopio-pocket-junior-c-mango-sin-estuche-iluminacion-mediante-lampara-halogena-de-25-volts-provisto-con-6-aperturas-micro.jpg","width":800,"height":800},{"@type":"BreadcrumbList","@id":"https:\/\/buscoequipomedico.com\/?product=oftalmoscopio-pocket-junior-c-mango-sin-estuche#breadcrumb","itemListElement":[{"@type":"ListItem","position":1,"name":"Productos","item":"https:\/\/buscoequipomedico.com\/shop\/"},{"@type":"ListItem","position":2,"name":"OFTALMOSCOPIO POCKET JUNIOR C\/MANGO SIN ESTUCHE"}]},{"@type":"WebSite","@id":"https:\/\/buscoequipomedico.com\/#website","url":"https:\/\/buscoequipomedico.com\/","name":"Tu mejor opci\u00f3n Equipo M\u00e9dico M\u00e9xico","description":"Tienda de equipo m\u00e9dico","publisher":{"@id":"https:\/\/buscoequipomedico.com\/#organization"},"potentialAction":[{"@type":"SearchAction","target":{"@type":"EntryPoint","urlTemplate":"https:\/\/buscoequipomedico.com\/?s={search_term_string}"},"query-input":{"@type":"PropertyValueSpecification","valueRequired":true,"valueName":"search_term_string"}}],"inLanguage":"es"},{"@type":"Organization","@id":"https:\/\/buscoequipomedico.com\/#organization","name":"Tu mejor opci\u00f3n Equipo M\u00e9dico M\u00e9xico","url":"https:\/\/buscoequipomedico.com\/","logo":{"@type":"ImageObject","inLanguage":"es","@id":"https:\/\/buscoequipomedico.com\/#\/schema\/logo\/image\/","url":"https:\/\/buscoequipomedico.com\/wp-content\/uploads\/2021\/07\/EMM-VPrincipal-scaled.jpg","contentUrl":"https:\/\/buscoequipomedico.com\/wp-content\/uploads\/2021\/07\/EMM-VPrincipal-scaled.jpg","width":2560,"height":1058,"caption":"Tu mejor opci\u00f3n Equipo M\u00e9dico M\u00e9xico"},"image":{"@id":"https:\/\/buscoequipomedico.com\/#\/schema\/logo\/image\/"}}]}},"_links":{"self":[{"href":"https:\/\/buscoequipomedico.com\/index.php?rest_route=\/wp\/v2\/product\/12997","targetHints":{"allow":["GET"]}}],"collection":[{"href":"https:\/\/buscoequipomedico.com\/index.php?rest_route=\/wp\/v2\/product"}],"about":[{"href":"https:\/\/buscoequipomedico.com\/index.php?rest_route=\/wp\/v2\/types\/product"}],"wp:featuredmedia":[{"embeddable":true,"href":"https:\/\/buscoequipomedico.com\/index.php?rest_route=\/wp\/v2\/media\/12998"}],"wp:attachment":[{"href":"https:\/\/buscoequipomedico.com\/index.php?rest_route=%2Fwp%2Fv2%2Fmedia&parent=12997"}],"wp:term":[{"taxonomy":"product_brand","embeddable":true,"href":"https:\/\/buscoequipomedico.com\/index.php?rest_route=%2Fwp%2Fv2%2Fproduct_brand&post=12997"},{"taxonomy":"product_cat","embeddable":true,"href":"https:\/\/buscoequipomedico.com\/index.php?rest_route=%2Fwp%2Fv2%2Fproduct_cat&post=12997"},{"taxonomy":"product_tag","embeddable":true,"href":"https:\/\/buscoequipomedico.com\/index.php?rest_route=%2Fwp%2Fv2%2Fproduct_tag&post=12997"}],"curies":[{"name":"wp","href":"https:\/\/api.w.org\/{rel}","templated":true}]}}