{"id":13017,"date":"2020-02-18T07:36:48","date_gmt":"2020-02-18T07:36:48","guid":{"rendered":"https:\/\/equipomedicomexico-com.preview-domain.com\/product\/estuche-blando-para-oftalmoscopio-binocular-indirecto\/"},"modified":"2020-02-18T07:36:52","modified_gmt":"2020-02-18T07:36:52","slug":"estuche-blando-para-oftalmoscopio-binocular-indirecto","status":"publish","type":"product","link":"https:\/\/buscoequipomedico.com\/?product=estuche-blando-para-oftalmoscopio-binocular-indirecto","title":{"rendered":"ESTUCHE BLANDO PARA OFTALMOSCOPIO BINOCULAR INDIRECTO"},"content":{"rendered":"<p>Esta resistente funda de transporte proporciona la m\u00e1xima protecci\u00f3n con espacio para accesorios y un conjunto de diagn\u00f3stico Welch Allyn.\u00a0<\/p>\n<\/p>\n<p>Viene con un asa, correa para el hombro, bolsillo para gr\u00e1ficos de fondo y espacio para fuentes de energ\u00eda. Este es un accesorio para el oftalmoscopio binocular indirecto.<\/p>\n","protected":false},"excerpt":{"rendered":"<p>Esta resistente funda de transporte proporciona la m\u00e1xima protecci\u00f3n con espacio para accesorios y un conjunto de diagn\u00f3stico Welch Allyn.\u00a0 Viene con un asa, correa para el hombro, bolsillo para gr\u00e1ficos de fondo y espacio para fuentes de energ\u00eda. Este es un accesorio para el oftalmoscopio binocular indirecto.<\/p>\n","protected":false},"featured_media":13018,"template":"","meta":{"_joinchat":[]},"product_brand":[],"product_cat":[244,310],"product_tag":[],"class_list":{"0":"post-13017","1":"product","2":"type-product","3":"status-publish","4":"has-post-thumbnail","6":"product_cat-equipos-de-diagnostico","7":"product_cat-oftalmoscopios","9":"first","10":"instock","11":"purchasable","12":"product-type-simple"},"yoast_head":"<!-- This site is optimized with the Yoast SEO plugin v25.1 - https:\/\/yoast.com\/wordpress\/plugins\/seo\/ -->\n<title>ESTUCHE BLANDO PARA OFTALMOSCOPIO BINOCULAR INDIRECTO - Tu mejor opci\u00f3n Equipo M\u00e9dico M\u00e9xico<\/title>\n<meta name=\"robots\" content=\"index, follow, max-snippet:-1, max-image-preview:large, max-video-preview:-1\" \/>\n<link rel=\"canonical\" href=\"https:\/\/buscoequipomedico.com\/?product=estuche-blando-para-oftalmoscopio-binocular-indirecto\" \/>\n<meta property=\"og:locale\" content=\"es_ES\" \/>\n<meta property=\"og:type\" content=\"article\" \/>\n<meta property=\"og:title\" content=\"ESTUCHE BLANDO PARA OFTALMOSCOPIO BINOCULAR INDIRECTO - Tu mejor opci\u00f3n Equipo M\u00e9dico M\u00e9xico\" \/>\n<meta property=\"og:description\" content=\"Esta resistente funda de transporte proporciona la m\u00e1xima protecci\u00f3n con espacio para accesorios y un conjunto de diagn\u00f3stico Welch Allyn.\u00a0 Viene con un asa, correa para el hombro, bolsillo para gr\u00e1ficos de fondo y espacio para fuentes de energ\u00eda. Este es un accesorio para el oftalmoscopio binocular indirecto.\" \/>\n<meta property=\"og:url\" content=\"https:\/\/buscoequipomedico.com\/?product=estuche-blando-para-oftalmoscopio-binocular-indirecto\" \/>\n<meta property=\"og:site_name\" content=\"Tu mejor opci\u00f3n Equipo M\u00e9dico M\u00e9xico\" \/>\n<meta property=\"article:modified_time\" content=\"2020-02-18T07:36:52+00:00\" \/>\n<meta property=\"og:image\" content=\"https:\/\/buscoequipomedico.com\/wp-content\/uploads\/2020\/02\/estuche-blando-para-oftalmoscopio-binocular-indirecto.jpg\" \/>\n\t<meta property=\"og:image:width\" content=\"800\" \/>\n\t<meta property=\"og:image:height\" content=\"800\" \/>\n\t<meta property=\"og:image:type\" content=\"image\/jpeg\" \/>\n<meta name=\"twitter:card\" content=\"summary_large_image\" \/>\n<script type=\"application\/ld+json\" class=\"yoast-schema-graph\">{\"@context\":\"https:\/\/schema.org\",\"@graph\":[{\"@type\":\"WebPage\",\"@id\":\"https:\/\/buscoequipomedico.com\/?product=estuche-blando-para-oftalmoscopio-binocular-indirecto\",\"url\":\"https:\/\/buscoequipomedico.com\/?product=estuche-blando-para-oftalmoscopio-binocular-indirecto\",\"name\":\"ESTUCHE BLANDO PARA OFTALMOSCOPIO BINOCULAR INDIRECTO - Tu mejor opci\u00f3n Equipo M\u00e9dico M\u00e9xico\",\"isPartOf\":{\"@id\":\"https:\/\/buscoequipomedico.com\/#website\"},\"primaryImageOfPage\":{\"@id\":\"https:\/\/buscoequipomedico.com\/?product=estuche-blando-para-oftalmoscopio-binocular-indirecto#primaryimage\"},\"image\":{\"@id\":\"https:\/\/buscoequipomedico.com\/?product=estuche-blando-para-oftalmoscopio-binocular-indirecto#primaryimage\"},\"thumbnailUrl\":\"https:\/\/buscoequipomedico.com\/wp-content\/uploads\/2020\/02\/estuche-blando-para-oftalmoscopio-binocular-indirecto.jpg\",\"datePublished\":\"2020-02-18T07:36:48+00:00\",\"dateModified\":\"2020-02-18T07:36:52+00:00\",\"breadcrumb\":{\"@id\":\"https:\/\/buscoequipomedico.com\/?product=estuche-blando-para-oftalmoscopio-binocular-indirecto#breadcrumb\"},\"inLanguage\":\"es\",\"potentialAction\":[{\"@type\":\"ReadAction\",\"target\":[\"https:\/\/buscoequipomedico.com\/?product=estuche-blando-para-oftalmoscopio-binocular-indirecto\"]}]},{\"@type\":\"ImageObject\",\"inLanguage\":\"es\",\"@id\":\"https:\/\/buscoequipomedico.com\/?product=estuche-blando-para-oftalmoscopio-binocular-indirecto#primaryimage\",\"url\":\"https:\/\/buscoequipomedico.com\/wp-content\/uploads\/2020\/02\/estuche-blando-para-oftalmoscopio-binocular-indirecto.jpg\",\"contentUrl\":\"https:\/\/buscoequipomedico.com\/wp-content\/uploads\/2020\/02\/estuche-blando-para-oftalmoscopio-binocular-indirecto.jpg\",\"width\":800,\"height\":800},{\"@type\":\"BreadcrumbList\",\"@id\":\"https:\/\/buscoequipomedico.com\/?product=estuche-blando-para-oftalmoscopio-binocular-indirecto#breadcrumb\",\"itemListElement\":[{\"@type\":\"ListItem\",\"position\":1,\"name\":\"Productos\",\"item\":\"https:\/\/buscoequipomedico.com\/shop\/\"},{\"@type\":\"ListItem\",\"position\":2,\"name\":\"ESTUCHE BLANDO PARA OFTALMOSCOPIO BINOCULAR INDIRECTO\"}]},{\"@type\":\"WebSite\",\"@id\":\"https:\/\/buscoequipomedico.com\/#website\",\"url\":\"https:\/\/buscoequipomedico.com\/\",\"name\":\"Tu mejor opci\u00f3n Equipo M\u00e9dico M\u00e9xico\",\"description\":\"Tienda de equipo m\u00e9dico\",\"publisher\":{\"@id\":\"https:\/\/buscoequipomedico.com\/#organization\"},\"potentialAction\":[{\"@type\":\"SearchAction\",\"target\":{\"@type\":\"EntryPoint\",\"urlTemplate\":\"https:\/\/buscoequipomedico.com\/?s={search_term_string}\"},\"query-input\":{\"@type\":\"PropertyValueSpecification\",\"valueRequired\":true,\"valueName\":\"search_term_string\"}}],\"inLanguage\":\"es\"},{\"@type\":\"Organization\",\"@id\":\"https:\/\/buscoequipomedico.com\/#organization\",\"name\":\"Tu mejor opci\u00f3n Equipo M\u00e9dico M\u00e9xico\",\"url\":\"https:\/\/buscoequipomedico.com\/\",\"logo\":{\"@type\":\"ImageObject\",\"inLanguage\":\"es\",\"@id\":\"https:\/\/buscoequipomedico.com\/#\/schema\/logo\/image\/\",\"url\":\"https:\/\/buscoequipomedico.com\/wp-content\/uploads\/2021\/07\/EMM-VPrincipal-scaled.jpg\",\"contentUrl\":\"https:\/\/buscoequipomedico.com\/wp-content\/uploads\/2021\/07\/EMM-VPrincipal-scaled.jpg\",\"width\":2560,\"height\":1058,\"caption\":\"Tu mejor opci\u00f3n Equipo M\u00e9dico M\u00e9xico\"},\"image\":{\"@id\":\"https:\/\/buscoequipomedico.com\/#\/schema\/logo\/image\/\"}}]}<\/script>\n<!-- \/ Yoast SEO plugin. -->","yoast_head_json":{"title":"ESTUCHE BLANDO PARA OFTALMOSCOPIO BINOCULAR INDIRECTO - Tu mejor opci\u00f3n Equipo M\u00e9dico M\u00e9xico","robots":{"index":"index","follow":"follow","max-snippet":"max-snippet:-1","max-image-preview":"max-image-preview:large","max-video-preview":"max-video-preview:-1"},"canonical":"https:\/\/buscoequipomedico.com\/?product=estuche-blando-para-oftalmoscopio-binocular-indirecto","og_locale":"es_ES","og_type":"article","og_title":"ESTUCHE BLANDO PARA OFTALMOSCOPIO BINOCULAR INDIRECTO - Tu mejor opci\u00f3n Equipo M\u00e9dico M\u00e9xico","og_description":"Esta resistente funda de transporte proporciona la m\u00e1xima protecci\u00f3n con espacio para accesorios y un conjunto de diagn\u00f3stico Welch Allyn.\u00a0 Viene con un asa, correa para el hombro, bolsillo para gr\u00e1ficos de fondo y espacio para fuentes de energ\u00eda. Este es un accesorio para el oftalmoscopio binocular indirecto.","og_url":"https:\/\/buscoequipomedico.com\/?product=estuche-blando-para-oftalmoscopio-binocular-indirecto","og_site_name":"Tu mejor opci\u00f3n Equipo M\u00e9dico M\u00e9xico","article_modified_time":"2020-02-18T07:36:52+00:00","og_image":[{"width":800,"height":800,"url":"https:\/\/buscoequipomedico.com\/wp-content\/uploads\/2020\/02\/estuche-blando-para-oftalmoscopio-binocular-indirecto.jpg","type":"image\/jpeg"}],"twitter_card":"summary_large_image","schema":{"@context":"https:\/\/schema.org","@graph":[{"@type":"WebPage","@id":"https:\/\/buscoequipomedico.com\/?product=estuche-blando-para-oftalmoscopio-binocular-indirecto","url":"https:\/\/buscoequipomedico.com\/?product=estuche-blando-para-oftalmoscopio-binocular-indirecto","name":"ESTUCHE BLANDO PARA OFTALMOSCOPIO BINOCULAR INDIRECTO - Tu mejor opci\u00f3n Equipo M\u00e9dico M\u00e9xico","isPartOf":{"@id":"https:\/\/buscoequipomedico.com\/#website"},"primaryImageOfPage":{"@id":"https:\/\/buscoequipomedico.com\/?product=estuche-blando-para-oftalmoscopio-binocular-indirecto#primaryimage"},"image":{"@id":"https:\/\/buscoequipomedico.com\/?product=estuche-blando-para-oftalmoscopio-binocular-indirecto#primaryimage"},"thumbnailUrl":"https:\/\/buscoequipomedico.com\/wp-content\/uploads\/2020\/02\/estuche-blando-para-oftalmoscopio-binocular-indirecto.jpg","datePublished":"2020-02-18T07:36:48+00:00","dateModified":"2020-02-18T07:36:52+00:00","breadcrumb":{"@id":"https:\/\/buscoequipomedico.com\/?product=estuche-blando-para-oftalmoscopio-binocular-indirecto#breadcrumb"},"inLanguage":"es","potentialAction":[{"@type":"ReadAction","target":["https:\/\/buscoequipomedico.com\/?product=estuche-blando-para-oftalmoscopio-binocular-indirecto"]}]},{"@type":"ImageObject","inLanguage":"es","@id":"https:\/\/buscoequipomedico.com\/?product=estuche-blando-para-oftalmoscopio-binocular-indirecto#primaryimage","url":"https:\/\/buscoequipomedico.com\/wp-content\/uploads\/2020\/02\/estuche-blando-para-oftalmoscopio-binocular-indirecto.jpg","contentUrl":"https:\/\/buscoequipomedico.com\/wp-content\/uploads\/2020\/02\/estuche-blando-para-oftalmoscopio-binocular-indirecto.jpg","width":800,"height":800},{"@type":"BreadcrumbList","@id":"https:\/\/buscoequipomedico.com\/?product=estuche-blando-para-oftalmoscopio-binocular-indirecto#breadcrumb","itemListElement":[{"@type":"ListItem","position":1,"name":"Productos","item":"https:\/\/buscoequipomedico.com\/shop\/"},{"@type":"ListItem","position":2,"name":"ESTUCHE BLANDO PARA OFTALMOSCOPIO BINOCULAR INDIRECTO"}]},{"@type":"WebSite","@id":"https:\/\/buscoequipomedico.com\/#website","url":"https:\/\/buscoequipomedico.com\/","name":"Tu mejor opci\u00f3n Equipo M\u00e9dico M\u00e9xico","description":"Tienda de equipo m\u00e9dico","publisher":{"@id":"https:\/\/buscoequipomedico.com\/#organization"},"potentialAction":[{"@type":"SearchAction","target":{"@type":"EntryPoint","urlTemplate":"https:\/\/buscoequipomedico.com\/?s={search_term_string}"},"query-input":{"@type":"PropertyValueSpecification","valueRequired":true,"valueName":"search_term_string"}}],"inLanguage":"es"},{"@type":"Organization","@id":"https:\/\/buscoequipomedico.com\/#organization","name":"Tu mejor opci\u00f3n Equipo M\u00e9dico M\u00e9xico","url":"https:\/\/buscoequipomedico.com\/","logo":{"@type":"ImageObject","inLanguage":"es","@id":"https:\/\/buscoequipomedico.com\/#\/schema\/logo\/image\/","url":"https:\/\/buscoequipomedico.com\/wp-content\/uploads\/2021\/07\/EMM-VPrincipal-scaled.jpg","contentUrl":"https:\/\/buscoequipomedico.com\/wp-content\/uploads\/2021\/07\/EMM-VPrincipal-scaled.jpg","width":2560,"height":1058,"caption":"Tu mejor opci\u00f3n Equipo M\u00e9dico M\u00e9xico"},"image":{"@id":"https:\/\/buscoequipomedico.com\/#\/schema\/logo\/image\/"}}]}},"_links":{"self":[{"href":"https:\/\/buscoequipomedico.com\/index.php?rest_route=\/wp\/v2\/product\/13017","targetHints":{"allow":["GET"]}}],"collection":[{"href":"https:\/\/buscoequipomedico.com\/index.php?rest_route=\/wp\/v2\/product"}],"about":[{"href":"https:\/\/buscoequipomedico.com\/index.php?rest_route=\/wp\/v2\/types\/product"}],"wp:featuredmedia":[{"embeddable":true,"href":"https:\/\/buscoequipomedico.com\/index.php?rest_route=\/wp\/v2\/media\/13018"}],"wp:attachment":[{"href":"https:\/\/buscoequipomedico.com\/index.php?rest_route=%2Fwp%2Fv2%2Fmedia&parent=13017"}],"wp:term":[{"taxonomy":"product_brand","embeddable":true,"href":"https:\/\/buscoequipomedico.com\/index.php?rest_route=%2Fwp%2Fv2%2Fproduct_brand&post=13017"},{"taxonomy":"product_cat","embeddable":true,"href":"https:\/\/buscoequipomedico.com\/index.php?rest_route=%2Fwp%2Fv2%2Fproduct_cat&post=13017"},{"taxonomy":"product_tag","embeddable":true,"href":"https:\/\/buscoequipomedico.com\/index.php?rest_route=%2Fwp%2Fv2%2Fproduct_tag&post=13017"}],"curies":[{"name":"wp","href":"https:\/\/api.w.org\/{rel}","templated":true}]}}