{"id":13021,"date":"2020-02-18T07:36:54","date_gmt":"2020-02-18T07:36:54","guid":{"rendered":"https:\/\/equipomedicomexico-com.preview-domain.com\/product\/oftalmoscopio-halogeno-de-3-5v-autostep\/"},"modified":"2020-02-18T07:36:54","modified_gmt":"2020-02-18T07:36:54","slug":"oftalmoscopio-halogeno-de-3-5v-autostep","status":"publish","type":"product","link":"https:\/\/buscoequipomedico.com\/?product=oftalmoscopio-halogeno-de-3-5v-autostep","title":{"rendered":"OFTALMOSCOPIO HALOGENO DE 3.5v Autostep"},"content":{"rendered":"<ul>\n<li>El bombillo hal\u00f3geno HPX ofrece una salida de luz que permite visualizar el verdadero color del tejido y contar con una iluminaci\u00f3n uniforme y duradera.<\/li>\n<li>Los componentes \u00f3pticos Coaxiales producen un punto sin sombras, un mejor ingreso en las pupilas no dilatadas y un campo de visi\u00f3n m\u00e1s amplio.<\/li>\n<li>18 combinaciones de aperturas\/filtros para una mayor versatilidad: Micropunto, peque\u00f1o y grande, filtro de azul cobalto para ex\u00e1menes de c\u00f3rnea, fijaci\u00f3n y ranura combinados con filtro libre de rojo, filtro polarizador o iluminaci\u00f3n hal\u00f3gena HPX sin filtro.<\/li>\n<li>68 lentes en pasos de una dioptr\u00eda para una resoluci\u00f3n precisa (+38 a -30).<\/li>\n<li>Los componentes \u00f3pticos sellados impiden la entrada de polvo y suciedad, lo que permite a\u00f1os de funcionamiento sin necesidad de mantenimiento.<\/li>\n<li>El descanso de goma para la ceja previene las raspaduras en los anteojos.<\/li>\n<\/ul>\n","protected":false},"excerpt":{"rendered":"<h1>OFTALMOSCOPIO COAXIAL DE 3,5 V AUTOSTEP<\/h1>\n<p>La \u00f3ptica Coaxial patentada, la iluminaci\u00f3n hal\u00f3gena HPX\u00ae y los 68 lentes de enfoque se combinan para lograr una calidad superior.<\/p>\n","protected":false},"featured_media":13022,"template":"","meta":{"_joinchat":[]},"product_brand":[],"product_cat":[244,310],"product_tag":[],"class_list":{"0":"post-13021","1":"product","2":"type-product","3":"status-publish","4":"has-post-thumbnail","6":"product_cat-equipos-de-diagnostico","7":"product_cat-oftalmoscopios","9":"first","10":"instock","11":"purchasable","12":"product-type-simple"},"yoast_head":"<!-- This site is optimized with the Yoast SEO plugin v25.1 - https:\/\/yoast.com\/wordpress\/plugins\/seo\/ -->\n<title>OFTALMOSCOPIO HALOGENO DE 3.5v Autostep - Tu mejor opci\u00f3n Equipo M\u00e9dico M\u00e9xico<\/title>\n<meta name=\"robots\" content=\"index, follow, max-snippet:-1, max-image-preview:large, max-video-preview:-1\" \/>\n<link rel=\"canonical\" href=\"https:\/\/buscoequipomedico.com\/?product=oftalmoscopio-halogeno-de-3-5v-autostep\" \/>\n<meta property=\"og:locale\" content=\"es_ES\" \/>\n<meta property=\"og:type\" content=\"article\" \/>\n<meta property=\"og:title\" content=\"OFTALMOSCOPIO HALOGENO DE 3.5v Autostep - Tu mejor opci\u00f3n Equipo M\u00e9dico M\u00e9xico\" \/>\n<meta property=\"og:description\" content=\"OFTALMOSCOPIO COAXIAL DE 3,5 V AUTOSTEP La \u00f3ptica Coaxial patentada, la iluminaci\u00f3n hal\u00f3gena HPX\u00ae y los 68 lentes de enfoque se combinan para lograr una calidad superior.\" \/>\n<meta property=\"og:url\" content=\"https:\/\/buscoequipomedico.com\/?product=oftalmoscopio-halogeno-de-3-5v-autostep\" \/>\n<meta property=\"og:site_name\" content=\"Tu mejor opci\u00f3n Equipo M\u00e9dico M\u00e9xico\" \/>\n<meta property=\"og:image\" content=\"https:\/\/buscoequipomedico.com\/wp-content\/uploads\/2020\/02\/oftalmoscopio-halogeno-de-35v-autostep-oftalmoscopio-coaxial-de-35-v-autostep-la-optica-coaxial-patentada-la-iluminacion-halogen.jpg\" \/>\n\t<meta property=\"og:image:width\" content=\"800\" \/>\n\t<meta property=\"og:image:height\" content=\"800\" \/>\n\t<meta property=\"og:image:type\" content=\"image\/jpeg\" \/>\n<meta name=\"twitter:card\" content=\"summary_large_image\" \/>\n<meta name=\"twitter:label1\" content=\"Tiempo de lectura\" \/>\n\t<meta name=\"twitter:data1\" content=\"1 minuto\" \/>\n<script type=\"application\/ld+json\" class=\"yoast-schema-graph\">{\"@context\":\"https:\/\/schema.org\",\"@graph\":[{\"@type\":\"WebPage\",\"@id\":\"https:\/\/buscoequipomedico.com\/?product=oftalmoscopio-halogeno-de-3-5v-autostep\",\"url\":\"https:\/\/buscoequipomedico.com\/?product=oftalmoscopio-halogeno-de-3-5v-autostep\",\"name\":\"OFTALMOSCOPIO HALOGENO DE 3.5v Autostep - Tu mejor opci\u00f3n Equipo M\u00e9dico M\u00e9xico\",\"isPartOf\":{\"@id\":\"https:\/\/buscoequipomedico.com\/#website\"},\"primaryImageOfPage\":{\"@id\":\"https:\/\/buscoequipomedico.com\/?product=oftalmoscopio-halogeno-de-3-5v-autostep#primaryimage\"},\"image\":{\"@id\":\"https:\/\/buscoequipomedico.com\/?product=oftalmoscopio-halogeno-de-3-5v-autostep#primaryimage\"},\"thumbnailUrl\":\"https:\/\/buscoequipomedico.com\/wp-content\/uploads\/2020\/02\/oftalmoscopio-halogeno-de-35v-autostep-oftalmoscopio-coaxial-de-35-v-autostep-la-optica-coaxial-patentada-la-iluminacion-halogen.jpg\",\"datePublished\":\"2020-02-18T07:36:54+00:00\",\"breadcrumb\":{\"@id\":\"https:\/\/buscoequipomedico.com\/?product=oftalmoscopio-halogeno-de-3-5v-autostep#breadcrumb\"},\"inLanguage\":\"es\",\"potentialAction\":[{\"@type\":\"ReadAction\",\"target\":[\"https:\/\/buscoequipomedico.com\/?product=oftalmoscopio-halogeno-de-3-5v-autostep\"]}]},{\"@type\":\"ImageObject\",\"inLanguage\":\"es\",\"@id\":\"https:\/\/buscoequipomedico.com\/?product=oftalmoscopio-halogeno-de-3-5v-autostep#primaryimage\",\"url\":\"https:\/\/buscoequipomedico.com\/wp-content\/uploads\/2020\/02\/oftalmoscopio-halogeno-de-35v-autostep-oftalmoscopio-coaxial-de-35-v-autostep-la-optica-coaxial-patentada-la-iluminacion-halogen.jpg\",\"contentUrl\":\"https:\/\/buscoequipomedico.com\/wp-content\/uploads\/2020\/02\/oftalmoscopio-halogeno-de-35v-autostep-oftalmoscopio-coaxial-de-35-v-autostep-la-optica-coaxial-patentada-la-iluminacion-halogen.jpg\",\"width\":800,\"height\":800},{\"@type\":\"BreadcrumbList\",\"@id\":\"https:\/\/buscoequipomedico.com\/?product=oftalmoscopio-halogeno-de-3-5v-autostep#breadcrumb\",\"itemListElement\":[{\"@type\":\"ListItem\",\"position\":1,\"name\":\"Productos\",\"item\":\"https:\/\/buscoequipomedico.com\/shop\/\"},{\"@type\":\"ListItem\",\"position\":2,\"name\":\"OFTALMOSCOPIO HALOGENO DE 3.5v Autostep\"}]},{\"@type\":\"WebSite\",\"@id\":\"https:\/\/buscoequipomedico.com\/#website\",\"url\":\"https:\/\/buscoequipomedico.com\/\",\"name\":\"Tu mejor opci\u00f3n Equipo M\u00e9dico M\u00e9xico\",\"description\":\"Tienda de equipo m\u00e9dico\",\"publisher\":{\"@id\":\"https:\/\/buscoequipomedico.com\/#organization\"},\"potentialAction\":[{\"@type\":\"SearchAction\",\"target\":{\"@type\":\"EntryPoint\",\"urlTemplate\":\"https:\/\/buscoequipomedico.com\/?s={search_term_string}\"},\"query-input\":{\"@type\":\"PropertyValueSpecification\",\"valueRequired\":true,\"valueName\":\"search_term_string\"}}],\"inLanguage\":\"es\"},{\"@type\":\"Organization\",\"@id\":\"https:\/\/buscoequipomedico.com\/#organization\",\"name\":\"Tu mejor opci\u00f3n Equipo M\u00e9dico M\u00e9xico\",\"url\":\"https:\/\/buscoequipomedico.com\/\",\"logo\":{\"@type\":\"ImageObject\",\"inLanguage\":\"es\",\"@id\":\"https:\/\/buscoequipomedico.com\/#\/schema\/logo\/image\/\",\"url\":\"https:\/\/buscoequipomedico.com\/wp-content\/uploads\/2021\/07\/EMM-VPrincipal-scaled.jpg\",\"contentUrl\":\"https:\/\/buscoequipomedico.com\/wp-content\/uploads\/2021\/07\/EMM-VPrincipal-scaled.jpg\",\"width\":2560,\"height\":1058,\"caption\":\"Tu mejor opci\u00f3n Equipo M\u00e9dico M\u00e9xico\"},\"image\":{\"@id\":\"https:\/\/buscoequipomedico.com\/#\/schema\/logo\/image\/\"}}]}<\/script>\n<!-- \/ Yoast SEO plugin. -->","yoast_head_json":{"title":"OFTALMOSCOPIO HALOGENO DE 3.5v Autostep - Tu mejor opci\u00f3n Equipo M\u00e9dico M\u00e9xico","robots":{"index":"index","follow":"follow","max-snippet":"max-snippet:-1","max-image-preview":"max-image-preview:large","max-video-preview":"max-video-preview:-1"},"canonical":"https:\/\/buscoequipomedico.com\/?product=oftalmoscopio-halogeno-de-3-5v-autostep","og_locale":"es_ES","og_type":"article","og_title":"OFTALMOSCOPIO HALOGENO DE 3.5v Autostep - Tu mejor opci\u00f3n Equipo M\u00e9dico M\u00e9xico","og_description":"OFTALMOSCOPIO COAXIAL DE 3,5 V AUTOSTEP La \u00f3ptica Coaxial patentada, la iluminaci\u00f3n hal\u00f3gena HPX\u00ae y los 68 lentes de enfoque se combinan para lograr una calidad superior.","og_url":"https:\/\/buscoequipomedico.com\/?product=oftalmoscopio-halogeno-de-3-5v-autostep","og_site_name":"Tu mejor opci\u00f3n Equipo M\u00e9dico M\u00e9xico","og_image":[{"width":800,"height":800,"url":"https:\/\/buscoequipomedico.com\/wp-content\/uploads\/2020\/02\/oftalmoscopio-halogeno-de-35v-autostep-oftalmoscopio-coaxial-de-35-v-autostep-la-optica-coaxial-patentada-la-iluminacion-halogen.jpg","type":"image\/jpeg"}],"twitter_card":"summary_large_image","twitter_misc":{"Tiempo de lectura":"1 minuto"},"schema":{"@context":"https:\/\/schema.org","@graph":[{"@type":"WebPage","@id":"https:\/\/buscoequipomedico.com\/?product=oftalmoscopio-halogeno-de-3-5v-autostep","url":"https:\/\/buscoequipomedico.com\/?product=oftalmoscopio-halogeno-de-3-5v-autostep","name":"OFTALMOSCOPIO HALOGENO DE 3.5v Autostep - Tu mejor opci\u00f3n Equipo M\u00e9dico M\u00e9xico","isPartOf":{"@id":"https:\/\/buscoequipomedico.com\/#website"},"primaryImageOfPage":{"@id":"https:\/\/buscoequipomedico.com\/?product=oftalmoscopio-halogeno-de-3-5v-autostep#primaryimage"},"image":{"@id":"https:\/\/buscoequipomedico.com\/?product=oftalmoscopio-halogeno-de-3-5v-autostep#primaryimage"},"thumbnailUrl":"https:\/\/buscoequipomedico.com\/wp-content\/uploads\/2020\/02\/oftalmoscopio-halogeno-de-35v-autostep-oftalmoscopio-coaxial-de-35-v-autostep-la-optica-coaxial-patentada-la-iluminacion-halogen.jpg","datePublished":"2020-02-18T07:36:54+00:00","breadcrumb":{"@id":"https:\/\/buscoequipomedico.com\/?product=oftalmoscopio-halogeno-de-3-5v-autostep#breadcrumb"},"inLanguage":"es","potentialAction":[{"@type":"ReadAction","target":["https:\/\/buscoequipomedico.com\/?product=oftalmoscopio-halogeno-de-3-5v-autostep"]}]},{"@type":"ImageObject","inLanguage":"es","@id":"https:\/\/buscoequipomedico.com\/?product=oftalmoscopio-halogeno-de-3-5v-autostep#primaryimage","url":"https:\/\/buscoequipomedico.com\/wp-content\/uploads\/2020\/02\/oftalmoscopio-halogeno-de-35v-autostep-oftalmoscopio-coaxial-de-35-v-autostep-la-optica-coaxial-patentada-la-iluminacion-halogen.jpg","contentUrl":"https:\/\/buscoequipomedico.com\/wp-content\/uploads\/2020\/02\/oftalmoscopio-halogeno-de-35v-autostep-oftalmoscopio-coaxial-de-35-v-autostep-la-optica-coaxial-patentada-la-iluminacion-halogen.jpg","width":800,"height":800},{"@type":"BreadcrumbList","@id":"https:\/\/buscoequipomedico.com\/?product=oftalmoscopio-halogeno-de-3-5v-autostep#breadcrumb","itemListElement":[{"@type":"ListItem","position":1,"name":"Productos","item":"https:\/\/buscoequipomedico.com\/shop\/"},{"@type":"ListItem","position":2,"name":"OFTALMOSCOPIO HALOGENO DE 3.5v Autostep"}]},{"@type":"WebSite","@id":"https:\/\/buscoequipomedico.com\/#website","url":"https:\/\/buscoequipomedico.com\/","name":"Tu mejor opci\u00f3n Equipo M\u00e9dico M\u00e9xico","description":"Tienda de equipo m\u00e9dico","publisher":{"@id":"https:\/\/buscoequipomedico.com\/#organization"},"potentialAction":[{"@type":"SearchAction","target":{"@type":"EntryPoint","urlTemplate":"https:\/\/buscoequipomedico.com\/?s={search_term_string}"},"query-input":{"@type":"PropertyValueSpecification","valueRequired":true,"valueName":"search_term_string"}}],"inLanguage":"es"},{"@type":"Organization","@id":"https:\/\/buscoequipomedico.com\/#organization","name":"Tu mejor opci\u00f3n Equipo M\u00e9dico M\u00e9xico","url":"https:\/\/buscoequipomedico.com\/","logo":{"@type":"ImageObject","inLanguage":"es","@id":"https:\/\/buscoequipomedico.com\/#\/schema\/logo\/image\/","url":"https:\/\/buscoequipomedico.com\/wp-content\/uploads\/2021\/07\/EMM-VPrincipal-scaled.jpg","contentUrl":"https:\/\/buscoequipomedico.com\/wp-content\/uploads\/2021\/07\/EMM-VPrincipal-scaled.jpg","width":2560,"height":1058,"caption":"Tu mejor opci\u00f3n Equipo M\u00e9dico M\u00e9xico"},"image":{"@id":"https:\/\/buscoequipomedico.com\/#\/schema\/logo\/image\/"}}]}},"_links":{"self":[{"href":"https:\/\/buscoequipomedico.com\/index.php?rest_route=\/wp\/v2\/product\/13021","targetHints":{"allow":["GET"]}}],"collection":[{"href":"https:\/\/buscoequipomedico.com\/index.php?rest_route=\/wp\/v2\/product"}],"about":[{"href":"https:\/\/buscoequipomedico.com\/index.php?rest_route=\/wp\/v2\/types\/product"}],"wp:featuredmedia":[{"embeddable":true,"href":"https:\/\/buscoequipomedico.com\/index.php?rest_route=\/wp\/v2\/media\/13022"}],"wp:attachment":[{"href":"https:\/\/buscoequipomedico.com\/index.php?rest_route=%2Fwp%2Fv2%2Fmedia&parent=13021"}],"wp:term":[{"taxonomy":"product_brand","embeddable":true,"href":"https:\/\/buscoequipomedico.com\/index.php?rest_route=%2Fwp%2Fv2%2Fproduct_brand&post=13021"},{"taxonomy":"product_cat","embeddable":true,"href":"https:\/\/buscoequipomedico.com\/index.php?rest_route=%2Fwp%2Fv2%2Fproduct_cat&post=13021"},{"taxonomy":"product_tag","embeddable":true,"href":"https:\/\/buscoequipomedico.com\/index.php?rest_route=%2Fwp%2Fv2%2Fproduct_tag&post=13021"}],"curies":[{"name":"wp","href":"https:\/\/api.w.org\/{rel}","templated":true}]}}