{"id":13027,"date":"2020-02-18T07:36:54","date_gmt":"2020-02-18T07:36:54","guid":{"rendered":"https:\/\/equipomedicomexico-com.preview-domain.com\/product\/oftalmoscopio-beta-200-2-5v-cabezal\/"},"modified":"2020-02-18T07:36:55","modified_gmt":"2020-02-18T07:36:55","slug":"oftalmoscopio-beta-200-2-5v-cabezal","status":"publish","type":"product","link":"https:\/\/buscoequipomedico.com\/?product=oftalmoscopio-beta-200-2-5v-cabezal","title":{"rendered":"OFTALMOSCOPIO BETA 200 2.5V CABEZAL"},"content":{"rendered":"<p><span>los componentes \u00f3pticos est\u00e1n integrados al ras con la superficie en un marco de aluminio fundido, con lo que se evita que se descentre y el instrumento se vuelve resistente a los golpes. L\u00e1mpara hal\u00f3gena XHL Xen\u00f3n con iluminaci\u00f3n clara y reproducci\u00f3n exacta delos colores.Campo de correcci\u00f3n: 27 lentes en el alcance de -35D hasta +40D. Sin el diagragma de m\u00e1cula (diafragma de punto). Sistema \u00fanico de regulaci\u00f3n continua de la luminosidad entre el 100 % y el 3 % (pendiente de patente) que se maneja con un solo dedo. Sin luz dispersa gracias a la ventana de iluminaci\u00f3n integrada corregida varias veces: para un diagnostico seguro. Manejo preciso del instrumento con una sola mano. El dise\u00f1o ergon\u00f3mico ofrece flexibilidad durante el reconocimiento. Puede utilizarse tanto para pupilas dilatadas como no dilatadas. El ajuste ergon\u00f3mico se adapta c\u00f3modamente a la \u00f3rbita y protege de la luz ambiental.<\/span><\/p>\n<ul>\n<li><span>Informaci\u00f3n sobre las diafragmas<\/span><\/li>\n<li><span>Sistema \u00d3ptico Asf\u00e9rico<\/span><\/li>\n<li><span>Marco de aluminio<\/span><\/li>\n<li><span>Optica sin reflejos<\/span><\/li>\n<li><span>Optima para pupilas estrechas<\/span><\/li>\n<li><span>Protegido del polvo<\/span><\/li>\n<\/ul>\n","protected":false},"excerpt":{"rendered":"<p><span>Su dise\u00f1o \u00fanico a prueba de polvo protege la \u00f3ptica de precisi\u00f3n y permite un uso sin necesidad de mantenimiento. Los oftalmoscopios BETA200 \/ 200 S son los \u00fanicos con soporte de aluminio.\u00a0<\/span><\/p>\n","protected":false},"featured_media":13028,"template":"","meta":{"_joinchat":[]},"product_brand":[],"product_cat":[244,310],"product_tag":[],"class_list":{"0":"post-13027","1":"product","2":"type-product","3":"status-publish","4":"has-post-thumbnail","6":"product_cat-equipos-de-diagnostico","7":"product_cat-oftalmoscopios","8":"pa_marca-heine","10":"first","11":"instock","12":"purchasable","13":"product-type-simple"},"yoast_head":"<!-- This site is optimized with the Yoast SEO plugin v25.1 - https:\/\/yoast.com\/wordpress\/plugins\/seo\/ -->\n<title>OFTALMOSCOPIO BETA 200 2.5V CABEZAL - Tu mejor opci\u00f3n Equipo M\u00e9dico M\u00e9xico<\/title>\n<meta name=\"robots\" content=\"index, follow, max-snippet:-1, max-image-preview:large, max-video-preview:-1\" \/>\n<link rel=\"canonical\" href=\"https:\/\/buscoequipomedico.com\/?product=oftalmoscopio-beta-200-2-5v-cabezal\" \/>\n<meta property=\"og:locale\" content=\"es_ES\" \/>\n<meta property=\"og:type\" content=\"article\" \/>\n<meta property=\"og:title\" content=\"OFTALMOSCOPIO BETA 200 2.5V CABEZAL - Tu mejor opci\u00f3n Equipo M\u00e9dico M\u00e9xico\" \/>\n<meta property=\"og:description\" content=\"Su dise\u00f1o \u00fanico a prueba de polvo protege la \u00f3ptica de precisi\u00f3n y permite un uso sin necesidad de mantenimiento. Los oftalmoscopios BETA200 \/ 200 S son los \u00fanicos con soporte de aluminio.\u00a0\" \/>\n<meta property=\"og:url\" content=\"https:\/\/buscoequipomedico.com\/?product=oftalmoscopio-beta-200-2-5v-cabezal\" \/>\n<meta property=\"og:site_name\" content=\"Tu mejor opci\u00f3n Equipo M\u00e9dico M\u00e9xico\" \/>\n<meta property=\"article:modified_time\" content=\"2020-02-18T07:36:55+00:00\" \/>\n<meta property=\"og:image\" content=\"https:\/\/buscoequipomedico.com\/wp-content\/uploads\/2020\/02\/oftalmoscopio-beta-200-25v-cabezal-su-diseno-unico-a-prueba-de-polvo-protege-la-optica-de-precision-y-permite-un-uso-sin-necesid.jpg\" \/>\n\t<meta property=\"og:image:width\" content=\"800\" \/>\n\t<meta property=\"og:image:height\" content=\"800\" \/>\n\t<meta property=\"og:image:type\" content=\"image\/png\" \/>\n<meta name=\"twitter:card\" content=\"summary_large_image\" \/>\n<meta name=\"twitter:label1\" content=\"Tiempo de lectura\" \/>\n\t<meta name=\"twitter:data1\" content=\"1 minuto\" \/>\n<script type=\"application\/ld+json\" class=\"yoast-schema-graph\">{\"@context\":\"https:\/\/schema.org\",\"@graph\":[{\"@type\":\"WebPage\",\"@id\":\"https:\/\/buscoequipomedico.com\/?product=oftalmoscopio-beta-200-2-5v-cabezal\",\"url\":\"https:\/\/buscoequipomedico.com\/?product=oftalmoscopio-beta-200-2-5v-cabezal\",\"name\":\"OFTALMOSCOPIO BETA 200 2.5V CABEZAL - Tu mejor opci\u00f3n Equipo M\u00e9dico M\u00e9xico\",\"isPartOf\":{\"@id\":\"https:\/\/buscoequipomedico.com\/#website\"},\"primaryImageOfPage\":{\"@id\":\"https:\/\/buscoequipomedico.com\/?product=oftalmoscopio-beta-200-2-5v-cabezal#primaryimage\"},\"image\":{\"@id\":\"https:\/\/buscoequipomedico.com\/?product=oftalmoscopio-beta-200-2-5v-cabezal#primaryimage\"},\"thumbnailUrl\":\"https:\/\/buscoequipomedico.com\/wp-content\/uploads\/2020\/02\/oftalmoscopio-beta-200-25v-cabezal-su-diseno-unico-a-prueba-de-polvo-protege-la-optica-de-precision-y-permite-un-uso-sin-necesid.jpg\",\"datePublished\":\"2020-02-18T07:36:54+00:00\",\"dateModified\":\"2020-02-18T07:36:55+00:00\",\"breadcrumb\":{\"@id\":\"https:\/\/buscoequipomedico.com\/?product=oftalmoscopio-beta-200-2-5v-cabezal#breadcrumb\"},\"inLanguage\":\"es\",\"potentialAction\":[{\"@type\":\"ReadAction\",\"target\":[\"https:\/\/buscoequipomedico.com\/?product=oftalmoscopio-beta-200-2-5v-cabezal\"]}]},{\"@type\":\"ImageObject\",\"inLanguage\":\"es\",\"@id\":\"https:\/\/buscoequipomedico.com\/?product=oftalmoscopio-beta-200-2-5v-cabezal#primaryimage\",\"url\":\"https:\/\/buscoequipomedico.com\/wp-content\/uploads\/2020\/02\/oftalmoscopio-beta-200-25v-cabezal-su-diseno-unico-a-prueba-de-polvo-protege-la-optica-de-precision-y-permite-un-uso-sin-necesid.jpg\",\"contentUrl\":\"https:\/\/buscoequipomedico.com\/wp-content\/uploads\/2020\/02\/oftalmoscopio-beta-200-25v-cabezal-su-diseno-unico-a-prueba-de-polvo-protege-la-optica-de-precision-y-permite-un-uso-sin-necesid.jpg\",\"width\":800,\"height\":800},{\"@type\":\"BreadcrumbList\",\"@id\":\"https:\/\/buscoequipomedico.com\/?product=oftalmoscopio-beta-200-2-5v-cabezal#breadcrumb\",\"itemListElement\":[{\"@type\":\"ListItem\",\"position\":1,\"name\":\"Productos\",\"item\":\"https:\/\/buscoequipomedico.com\/shop\/\"},{\"@type\":\"ListItem\",\"position\":2,\"name\":\"OFTALMOSCOPIO BETA 200 2.5V CABEZAL\"}]},{\"@type\":\"WebSite\",\"@id\":\"https:\/\/buscoequipomedico.com\/#website\",\"url\":\"https:\/\/buscoequipomedico.com\/\",\"name\":\"Tu mejor opci\u00f3n Equipo M\u00e9dico M\u00e9xico\",\"description\":\"Tienda de equipo m\u00e9dico\",\"publisher\":{\"@id\":\"https:\/\/buscoequipomedico.com\/#organization\"},\"potentialAction\":[{\"@type\":\"SearchAction\",\"target\":{\"@type\":\"EntryPoint\",\"urlTemplate\":\"https:\/\/buscoequipomedico.com\/?s={search_term_string}\"},\"query-input\":{\"@type\":\"PropertyValueSpecification\",\"valueRequired\":true,\"valueName\":\"search_term_string\"}}],\"inLanguage\":\"es\"},{\"@type\":\"Organization\",\"@id\":\"https:\/\/buscoequipomedico.com\/#organization\",\"name\":\"Tu mejor opci\u00f3n Equipo M\u00e9dico M\u00e9xico\",\"url\":\"https:\/\/buscoequipomedico.com\/\",\"logo\":{\"@type\":\"ImageObject\",\"inLanguage\":\"es\",\"@id\":\"https:\/\/buscoequipomedico.com\/#\/schema\/logo\/image\/\",\"url\":\"https:\/\/buscoequipomedico.com\/wp-content\/uploads\/2021\/07\/EMM-VPrincipal-scaled.jpg\",\"contentUrl\":\"https:\/\/buscoequipomedico.com\/wp-content\/uploads\/2021\/07\/EMM-VPrincipal-scaled.jpg\",\"width\":2560,\"height\":1058,\"caption\":\"Tu mejor opci\u00f3n Equipo M\u00e9dico M\u00e9xico\"},\"image\":{\"@id\":\"https:\/\/buscoequipomedico.com\/#\/schema\/logo\/image\/\"}}]}<\/script>\n<!-- \/ Yoast SEO plugin. -->","yoast_head_json":{"title":"OFTALMOSCOPIO BETA 200 2.5V CABEZAL - Tu mejor opci\u00f3n Equipo M\u00e9dico M\u00e9xico","robots":{"index":"index","follow":"follow","max-snippet":"max-snippet:-1","max-image-preview":"max-image-preview:large","max-video-preview":"max-video-preview:-1"},"canonical":"https:\/\/buscoequipomedico.com\/?product=oftalmoscopio-beta-200-2-5v-cabezal","og_locale":"es_ES","og_type":"article","og_title":"OFTALMOSCOPIO BETA 200 2.5V CABEZAL - Tu mejor opci\u00f3n Equipo M\u00e9dico M\u00e9xico","og_description":"Su dise\u00f1o \u00fanico a prueba de polvo protege la \u00f3ptica de precisi\u00f3n y permite un uso sin necesidad de mantenimiento. Los oftalmoscopios BETA200 \/ 200 S son los \u00fanicos con soporte de aluminio.\u00a0","og_url":"https:\/\/buscoequipomedico.com\/?product=oftalmoscopio-beta-200-2-5v-cabezal","og_site_name":"Tu mejor opci\u00f3n Equipo M\u00e9dico M\u00e9xico","article_modified_time":"2020-02-18T07:36:55+00:00","og_image":[{"width":800,"height":800,"url":"https:\/\/buscoequipomedico.com\/wp-content\/uploads\/2020\/02\/oftalmoscopio-beta-200-25v-cabezal-su-diseno-unico-a-prueba-de-polvo-protege-la-optica-de-precision-y-permite-un-uso-sin-necesid.jpg","type":"image\/png"}],"twitter_card":"summary_large_image","twitter_misc":{"Tiempo de lectura":"1 minuto"},"schema":{"@context":"https:\/\/schema.org","@graph":[{"@type":"WebPage","@id":"https:\/\/buscoequipomedico.com\/?product=oftalmoscopio-beta-200-2-5v-cabezal","url":"https:\/\/buscoequipomedico.com\/?product=oftalmoscopio-beta-200-2-5v-cabezal","name":"OFTALMOSCOPIO BETA 200 2.5V CABEZAL - Tu mejor opci\u00f3n Equipo M\u00e9dico M\u00e9xico","isPartOf":{"@id":"https:\/\/buscoequipomedico.com\/#website"},"primaryImageOfPage":{"@id":"https:\/\/buscoequipomedico.com\/?product=oftalmoscopio-beta-200-2-5v-cabezal#primaryimage"},"image":{"@id":"https:\/\/buscoequipomedico.com\/?product=oftalmoscopio-beta-200-2-5v-cabezal#primaryimage"},"thumbnailUrl":"https:\/\/buscoequipomedico.com\/wp-content\/uploads\/2020\/02\/oftalmoscopio-beta-200-25v-cabezal-su-diseno-unico-a-prueba-de-polvo-protege-la-optica-de-precision-y-permite-un-uso-sin-necesid.jpg","datePublished":"2020-02-18T07:36:54+00:00","dateModified":"2020-02-18T07:36:55+00:00","breadcrumb":{"@id":"https:\/\/buscoequipomedico.com\/?product=oftalmoscopio-beta-200-2-5v-cabezal#breadcrumb"},"inLanguage":"es","potentialAction":[{"@type":"ReadAction","target":["https:\/\/buscoequipomedico.com\/?product=oftalmoscopio-beta-200-2-5v-cabezal"]}]},{"@type":"ImageObject","inLanguage":"es","@id":"https:\/\/buscoequipomedico.com\/?product=oftalmoscopio-beta-200-2-5v-cabezal#primaryimage","url":"https:\/\/buscoequipomedico.com\/wp-content\/uploads\/2020\/02\/oftalmoscopio-beta-200-25v-cabezal-su-diseno-unico-a-prueba-de-polvo-protege-la-optica-de-precision-y-permite-un-uso-sin-necesid.jpg","contentUrl":"https:\/\/buscoequipomedico.com\/wp-content\/uploads\/2020\/02\/oftalmoscopio-beta-200-25v-cabezal-su-diseno-unico-a-prueba-de-polvo-protege-la-optica-de-precision-y-permite-un-uso-sin-necesid.jpg","width":800,"height":800},{"@type":"BreadcrumbList","@id":"https:\/\/buscoequipomedico.com\/?product=oftalmoscopio-beta-200-2-5v-cabezal#breadcrumb","itemListElement":[{"@type":"ListItem","position":1,"name":"Productos","item":"https:\/\/buscoequipomedico.com\/shop\/"},{"@type":"ListItem","position":2,"name":"OFTALMOSCOPIO BETA 200 2.5V CABEZAL"}]},{"@type":"WebSite","@id":"https:\/\/buscoequipomedico.com\/#website","url":"https:\/\/buscoequipomedico.com\/","name":"Tu mejor opci\u00f3n Equipo M\u00e9dico M\u00e9xico","description":"Tienda de equipo m\u00e9dico","publisher":{"@id":"https:\/\/buscoequipomedico.com\/#organization"},"potentialAction":[{"@type":"SearchAction","target":{"@type":"EntryPoint","urlTemplate":"https:\/\/buscoequipomedico.com\/?s={search_term_string}"},"query-input":{"@type":"PropertyValueSpecification","valueRequired":true,"valueName":"search_term_string"}}],"inLanguage":"es"},{"@type":"Organization","@id":"https:\/\/buscoequipomedico.com\/#organization","name":"Tu mejor opci\u00f3n Equipo M\u00e9dico M\u00e9xico","url":"https:\/\/buscoequipomedico.com\/","logo":{"@type":"ImageObject","inLanguage":"es","@id":"https:\/\/buscoequipomedico.com\/#\/schema\/logo\/image\/","url":"https:\/\/buscoequipomedico.com\/wp-content\/uploads\/2021\/07\/EMM-VPrincipal-scaled.jpg","contentUrl":"https:\/\/buscoequipomedico.com\/wp-content\/uploads\/2021\/07\/EMM-VPrincipal-scaled.jpg","width":2560,"height":1058,"caption":"Tu mejor opci\u00f3n Equipo M\u00e9dico M\u00e9xico"},"image":{"@id":"https:\/\/buscoequipomedico.com\/#\/schema\/logo\/image\/"}}]}},"_links":{"self":[{"href":"https:\/\/buscoequipomedico.com\/index.php?rest_route=\/wp\/v2\/product\/13027","targetHints":{"allow":["GET"]}}],"collection":[{"href":"https:\/\/buscoequipomedico.com\/index.php?rest_route=\/wp\/v2\/product"}],"about":[{"href":"https:\/\/buscoequipomedico.com\/index.php?rest_route=\/wp\/v2\/types\/product"}],"wp:featuredmedia":[{"embeddable":true,"href":"https:\/\/buscoequipomedico.com\/index.php?rest_route=\/wp\/v2\/media\/13028"}],"wp:attachment":[{"href":"https:\/\/buscoequipomedico.com\/index.php?rest_route=%2Fwp%2Fv2%2Fmedia&parent=13027"}],"wp:term":[{"taxonomy":"product_brand","embeddable":true,"href":"https:\/\/buscoequipomedico.com\/index.php?rest_route=%2Fwp%2Fv2%2Fproduct_brand&post=13027"},{"taxonomy":"product_cat","embeddable":true,"href":"https:\/\/buscoequipomedico.com\/index.php?rest_route=%2Fwp%2Fv2%2Fproduct_cat&post=13027"},{"taxonomy":"product_tag","embeddable":true,"href":"https:\/\/buscoequipomedico.com\/index.php?rest_route=%2Fwp%2Fv2%2Fproduct_tag&post=13027"}],"curies":[{"name":"wp","href":"https:\/\/api.w.org\/{rel}","templated":true}]}}