{"id":13033,"date":"2020-02-18T07:36:54","date_gmt":"2020-02-18T07:36:54","guid":{"rendered":"https:\/\/equipomedicomexico-com.preview-domain.com\/product\/oftalmoscopio-gowllands-mod-maylite\/"},"modified":"2020-02-18T07:36:55","modified_gmt":"2020-02-18T07:36:55","slug":"oftalmoscopio-gowllands-mod-maylite","status":"publish","type":"product","link":"https:\/\/buscoequipomedico.com\/?product=oftalmoscopio-gowllands-mod-maylite","title":{"rendered":"OFTALMOSCOPIO GOWLLANDS (MOD. MAYLITE)"},"content":{"rendered":"<ul>\n<li>Tipo de protecci\u00f3n contra descarga el\u00e9ctrica: Equipos de clase II<\/li>\n<li>Grado de protecci\u00f3n contra descarga el\u00e9ctrica: Parte aplicada de tipo B<\/li>\n<li>Grado de protecci\u00f3n contra penetraci\u00f3n nociva de agua: IPXO<\/li>\n<li>Grado de seguridad de aplicaci\u00f3n en presencia de mezcla anest\u00e9sica inflamable con aire, ox\u00edgeno o \u00f3xido nitroso: no adecuado<\/li>\n<li>Modo de alimentaci\u00f3n: 2 pilas alcalinas C-1,5V cada una<\/li>\n<li>Caracter\u00edstica de la l\u00e1mina: 2,5V<\/li>\n<li>Condiciones de enfriamiento: no hay requisitos de instalaciones de enfriamiento.<\/li>\n<li>Dimensiones externas- estuche 220x92x45mm (CxLxA)<\/li>\n<li>Peso del aparato &#8211; estuche 208g (sin pilas)<\/li>\n<\/ul>\n","protected":false},"excerpt":{"rendered":"<ul>\n<li>Mango de acero.<\/li>\n<li>Luz est\u00e1ndar.<\/li>\n<li>Dioptr\u00edas (-40, 20, 15, 10, 8, 6, 4, 3, 2, 1, 0, 1, 2, 4, 6, 8, 10, 15, 20, 25+).<\/li>\n<li>1 foco de repuesto de 3 volts.<\/li>\n<li>Estuche r\u00edgido<\/li>\n<\/ul>\n","protected":false},"featured_media":13034,"template":"","meta":{"_joinchat":[]},"product_brand":[],"product_cat":[244,310],"product_tag":[],"class_list":{"0":"post-13033","1":"product","2":"type-product","3":"status-publish","4":"has-post-thumbnail","6":"product_cat-equipos-de-diagnostico","7":"product_cat-oftalmoscopios","8":"pa_marca-gowllands","10":"first","11":"instock","12":"purchasable","13":"product-type-simple"},"yoast_head":"<!-- This site is optimized with the Yoast SEO plugin v25.1 - https:\/\/yoast.com\/wordpress\/plugins\/seo\/ -->\n<title>OFTALMOSCOPIO GOWLLANDS (MOD. MAYLITE) - Tu mejor opci\u00f3n Equipo M\u00e9dico M\u00e9xico<\/title>\n<meta name=\"robots\" content=\"index, follow, max-snippet:-1, max-image-preview:large, max-video-preview:-1\" \/>\n<link rel=\"canonical\" href=\"https:\/\/buscoequipomedico.com\/?product=oftalmoscopio-gowllands-mod-maylite\" \/>\n<meta property=\"og:locale\" content=\"es_ES\" \/>\n<meta property=\"og:type\" content=\"article\" \/>\n<meta property=\"og:title\" content=\"OFTALMOSCOPIO GOWLLANDS (MOD. MAYLITE) - Tu mejor opci\u00f3n Equipo M\u00e9dico M\u00e9xico\" \/>\n<meta property=\"og:description\" content=\"Mango de acero. Luz est\u00e1ndar. Dioptr\u00edas (-40, 20, 15, 10, 8, 6, 4, 3, 2, 1, 0, 1, 2, 4, 6, 8, 10, 15, 20, 25+). 1 foco de repuesto de 3 volts. Estuche r\u00edgido\" \/>\n<meta property=\"og:url\" content=\"https:\/\/buscoequipomedico.com\/?product=oftalmoscopio-gowllands-mod-maylite\" \/>\n<meta property=\"og:site_name\" content=\"Tu mejor opci\u00f3n Equipo M\u00e9dico M\u00e9xico\" \/>\n<meta property=\"article:modified_time\" content=\"2020-02-18T07:36:55+00:00\" \/>\n<meta property=\"og:image\" content=\"https:\/\/buscoequipomedico.com\/wp-content\/uploads\/2020\/02\/oftalmoscopio-gowllands-mod-maylite-mango-de-acero-luz-estandar-dioptrias-40-20-15-10-8-6-4-3-2-1-0-1-2-4-6-8-10-15-20-25-1-foco.jpg\" \/>\n\t<meta property=\"og:image:width\" content=\"800\" \/>\n\t<meta property=\"og:image:height\" content=\"800\" \/>\n\t<meta property=\"og:image:type\" content=\"image\/png\" \/>\n<meta name=\"twitter:card\" content=\"summary_large_image\" \/>\n<meta name=\"twitter:label1\" content=\"Tiempo de lectura\" \/>\n\t<meta name=\"twitter:data1\" content=\"1 minuto\" \/>\n<script type=\"application\/ld+json\" class=\"yoast-schema-graph\">{\"@context\":\"https:\/\/schema.org\",\"@graph\":[{\"@type\":\"WebPage\",\"@id\":\"https:\/\/buscoequipomedico.com\/?product=oftalmoscopio-gowllands-mod-maylite\",\"url\":\"https:\/\/buscoequipomedico.com\/?product=oftalmoscopio-gowllands-mod-maylite\",\"name\":\"OFTALMOSCOPIO GOWLLANDS (MOD. MAYLITE) - Tu mejor opci\u00f3n Equipo M\u00e9dico M\u00e9xico\",\"isPartOf\":{\"@id\":\"https:\/\/buscoequipomedico.com\/#website\"},\"primaryImageOfPage\":{\"@id\":\"https:\/\/buscoequipomedico.com\/?product=oftalmoscopio-gowllands-mod-maylite#primaryimage\"},\"image\":{\"@id\":\"https:\/\/buscoequipomedico.com\/?product=oftalmoscopio-gowllands-mod-maylite#primaryimage\"},\"thumbnailUrl\":\"https:\/\/buscoequipomedico.com\/wp-content\/uploads\/2020\/02\/oftalmoscopio-gowllands-mod-maylite-mango-de-acero-luz-estandar-dioptrias-40-20-15-10-8-6-4-3-2-1-0-1-2-4-6-8-10-15-20-25-1-foco.jpg\",\"datePublished\":\"2020-02-18T07:36:54+00:00\",\"dateModified\":\"2020-02-18T07:36:55+00:00\",\"breadcrumb\":{\"@id\":\"https:\/\/buscoequipomedico.com\/?product=oftalmoscopio-gowllands-mod-maylite#breadcrumb\"},\"inLanguage\":\"es\",\"potentialAction\":[{\"@type\":\"ReadAction\",\"target\":[\"https:\/\/buscoequipomedico.com\/?product=oftalmoscopio-gowllands-mod-maylite\"]}]},{\"@type\":\"ImageObject\",\"inLanguage\":\"es\",\"@id\":\"https:\/\/buscoequipomedico.com\/?product=oftalmoscopio-gowllands-mod-maylite#primaryimage\",\"url\":\"https:\/\/buscoequipomedico.com\/wp-content\/uploads\/2020\/02\/oftalmoscopio-gowllands-mod-maylite-mango-de-acero-luz-estandar-dioptrias-40-20-15-10-8-6-4-3-2-1-0-1-2-4-6-8-10-15-20-25-1-foco.jpg\",\"contentUrl\":\"https:\/\/buscoequipomedico.com\/wp-content\/uploads\/2020\/02\/oftalmoscopio-gowllands-mod-maylite-mango-de-acero-luz-estandar-dioptrias-40-20-15-10-8-6-4-3-2-1-0-1-2-4-6-8-10-15-20-25-1-foco.jpg\",\"width\":800,\"height\":800},{\"@type\":\"BreadcrumbList\",\"@id\":\"https:\/\/buscoequipomedico.com\/?product=oftalmoscopio-gowllands-mod-maylite#breadcrumb\",\"itemListElement\":[{\"@type\":\"ListItem\",\"position\":1,\"name\":\"Productos\",\"item\":\"https:\/\/buscoequipomedico.com\/shop\/\"},{\"@type\":\"ListItem\",\"position\":2,\"name\":\"OFTALMOSCOPIO GOWLLANDS (MOD. MAYLITE)\"}]},{\"@type\":\"WebSite\",\"@id\":\"https:\/\/buscoequipomedico.com\/#website\",\"url\":\"https:\/\/buscoequipomedico.com\/\",\"name\":\"Tu mejor opci\u00f3n Equipo M\u00e9dico M\u00e9xico\",\"description\":\"Tienda de equipo m\u00e9dico\",\"publisher\":{\"@id\":\"https:\/\/buscoequipomedico.com\/#organization\"},\"potentialAction\":[{\"@type\":\"SearchAction\",\"target\":{\"@type\":\"EntryPoint\",\"urlTemplate\":\"https:\/\/buscoequipomedico.com\/?s={search_term_string}\"},\"query-input\":{\"@type\":\"PropertyValueSpecification\",\"valueRequired\":true,\"valueName\":\"search_term_string\"}}],\"inLanguage\":\"es\"},{\"@type\":\"Organization\",\"@id\":\"https:\/\/buscoequipomedico.com\/#organization\",\"name\":\"Tu mejor opci\u00f3n Equipo M\u00e9dico M\u00e9xico\",\"url\":\"https:\/\/buscoequipomedico.com\/\",\"logo\":{\"@type\":\"ImageObject\",\"inLanguage\":\"es\",\"@id\":\"https:\/\/buscoequipomedico.com\/#\/schema\/logo\/image\/\",\"url\":\"https:\/\/buscoequipomedico.com\/wp-content\/uploads\/2021\/07\/EMM-VPrincipal-scaled.jpg\",\"contentUrl\":\"https:\/\/buscoequipomedico.com\/wp-content\/uploads\/2021\/07\/EMM-VPrincipal-scaled.jpg\",\"width\":2560,\"height\":1058,\"caption\":\"Tu mejor opci\u00f3n Equipo M\u00e9dico M\u00e9xico\"},\"image\":{\"@id\":\"https:\/\/buscoequipomedico.com\/#\/schema\/logo\/image\/\"}}]}<\/script>\n<!-- \/ Yoast SEO plugin. -->","yoast_head_json":{"title":"OFTALMOSCOPIO GOWLLANDS (MOD. MAYLITE) - Tu mejor opci\u00f3n Equipo M\u00e9dico M\u00e9xico","robots":{"index":"index","follow":"follow","max-snippet":"max-snippet:-1","max-image-preview":"max-image-preview:large","max-video-preview":"max-video-preview:-1"},"canonical":"https:\/\/buscoequipomedico.com\/?product=oftalmoscopio-gowllands-mod-maylite","og_locale":"es_ES","og_type":"article","og_title":"OFTALMOSCOPIO GOWLLANDS (MOD. MAYLITE) - Tu mejor opci\u00f3n Equipo M\u00e9dico M\u00e9xico","og_description":"Mango de acero. Luz est\u00e1ndar. Dioptr\u00edas (-40, 20, 15, 10, 8, 6, 4, 3, 2, 1, 0, 1, 2, 4, 6, 8, 10, 15, 20, 25+). 1 foco de repuesto de 3 volts. Estuche r\u00edgido","og_url":"https:\/\/buscoequipomedico.com\/?product=oftalmoscopio-gowllands-mod-maylite","og_site_name":"Tu mejor opci\u00f3n Equipo M\u00e9dico M\u00e9xico","article_modified_time":"2020-02-18T07:36:55+00:00","og_image":[{"width":800,"height":800,"url":"https:\/\/buscoequipomedico.com\/wp-content\/uploads\/2020\/02\/oftalmoscopio-gowllands-mod-maylite-mango-de-acero-luz-estandar-dioptrias-40-20-15-10-8-6-4-3-2-1-0-1-2-4-6-8-10-15-20-25-1-foco.jpg","type":"image\/png"}],"twitter_card":"summary_large_image","twitter_misc":{"Tiempo de lectura":"1 minuto"},"schema":{"@context":"https:\/\/schema.org","@graph":[{"@type":"WebPage","@id":"https:\/\/buscoequipomedico.com\/?product=oftalmoscopio-gowllands-mod-maylite","url":"https:\/\/buscoequipomedico.com\/?product=oftalmoscopio-gowllands-mod-maylite","name":"OFTALMOSCOPIO GOWLLANDS (MOD. MAYLITE) - Tu mejor opci\u00f3n Equipo M\u00e9dico M\u00e9xico","isPartOf":{"@id":"https:\/\/buscoequipomedico.com\/#website"},"primaryImageOfPage":{"@id":"https:\/\/buscoequipomedico.com\/?product=oftalmoscopio-gowllands-mod-maylite#primaryimage"},"image":{"@id":"https:\/\/buscoequipomedico.com\/?product=oftalmoscopio-gowllands-mod-maylite#primaryimage"},"thumbnailUrl":"https:\/\/buscoequipomedico.com\/wp-content\/uploads\/2020\/02\/oftalmoscopio-gowllands-mod-maylite-mango-de-acero-luz-estandar-dioptrias-40-20-15-10-8-6-4-3-2-1-0-1-2-4-6-8-10-15-20-25-1-foco.jpg","datePublished":"2020-02-18T07:36:54+00:00","dateModified":"2020-02-18T07:36:55+00:00","breadcrumb":{"@id":"https:\/\/buscoequipomedico.com\/?product=oftalmoscopio-gowllands-mod-maylite#breadcrumb"},"inLanguage":"es","potentialAction":[{"@type":"ReadAction","target":["https:\/\/buscoequipomedico.com\/?product=oftalmoscopio-gowllands-mod-maylite"]}]},{"@type":"ImageObject","inLanguage":"es","@id":"https:\/\/buscoequipomedico.com\/?product=oftalmoscopio-gowllands-mod-maylite#primaryimage","url":"https:\/\/buscoequipomedico.com\/wp-content\/uploads\/2020\/02\/oftalmoscopio-gowllands-mod-maylite-mango-de-acero-luz-estandar-dioptrias-40-20-15-10-8-6-4-3-2-1-0-1-2-4-6-8-10-15-20-25-1-foco.jpg","contentUrl":"https:\/\/buscoequipomedico.com\/wp-content\/uploads\/2020\/02\/oftalmoscopio-gowllands-mod-maylite-mango-de-acero-luz-estandar-dioptrias-40-20-15-10-8-6-4-3-2-1-0-1-2-4-6-8-10-15-20-25-1-foco.jpg","width":800,"height":800},{"@type":"BreadcrumbList","@id":"https:\/\/buscoequipomedico.com\/?product=oftalmoscopio-gowllands-mod-maylite#breadcrumb","itemListElement":[{"@type":"ListItem","position":1,"name":"Productos","item":"https:\/\/buscoequipomedico.com\/shop\/"},{"@type":"ListItem","position":2,"name":"OFTALMOSCOPIO GOWLLANDS (MOD. MAYLITE)"}]},{"@type":"WebSite","@id":"https:\/\/buscoequipomedico.com\/#website","url":"https:\/\/buscoequipomedico.com\/","name":"Tu mejor opci\u00f3n Equipo M\u00e9dico M\u00e9xico","description":"Tienda de equipo m\u00e9dico","publisher":{"@id":"https:\/\/buscoequipomedico.com\/#organization"},"potentialAction":[{"@type":"SearchAction","target":{"@type":"EntryPoint","urlTemplate":"https:\/\/buscoequipomedico.com\/?s={search_term_string}"},"query-input":{"@type":"PropertyValueSpecification","valueRequired":true,"valueName":"search_term_string"}}],"inLanguage":"es"},{"@type":"Organization","@id":"https:\/\/buscoequipomedico.com\/#organization","name":"Tu mejor opci\u00f3n Equipo M\u00e9dico M\u00e9xico","url":"https:\/\/buscoequipomedico.com\/","logo":{"@type":"ImageObject","inLanguage":"es","@id":"https:\/\/buscoequipomedico.com\/#\/schema\/logo\/image\/","url":"https:\/\/buscoequipomedico.com\/wp-content\/uploads\/2021\/07\/EMM-VPrincipal-scaled.jpg","contentUrl":"https:\/\/buscoequipomedico.com\/wp-content\/uploads\/2021\/07\/EMM-VPrincipal-scaled.jpg","width":2560,"height":1058,"caption":"Tu mejor opci\u00f3n Equipo M\u00e9dico M\u00e9xico"},"image":{"@id":"https:\/\/buscoequipomedico.com\/#\/schema\/logo\/image\/"}}]}},"_links":{"self":[{"href":"https:\/\/buscoequipomedico.com\/index.php?rest_route=\/wp\/v2\/product\/13033","targetHints":{"allow":["GET"]}}],"collection":[{"href":"https:\/\/buscoequipomedico.com\/index.php?rest_route=\/wp\/v2\/product"}],"about":[{"href":"https:\/\/buscoequipomedico.com\/index.php?rest_route=\/wp\/v2\/types\/product"}],"wp:featuredmedia":[{"embeddable":true,"href":"https:\/\/buscoequipomedico.com\/index.php?rest_route=\/wp\/v2\/media\/13034"}],"wp:attachment":[{"href":"https:\/\/buscoequipomedico.com\/index.php?rest_route=%2Fwp%2Fv2%2Fmedia&parent=13033"}],"wp:term":[{"taxonomy":"product_brand","embeddable":true,"href":"https:\/\/buscoequipomedico.com\/index.php?rest_route=%2Fwp%2Fv2%2Fproduct_brand&post=13033"},{"taxonomy":"product_cat","embeddable":true,"href":"https:\/\/buscoequipomedico.com\/index.php?rest_route=%2Fwp%2Fv2%2Fproduct_cat&post=13033"},{"taxonomy":"product_tag","embeddable":true,"href":"https:\/\/buscoequipomedico.com\/index.php?rest_route=%2Fwp%2Fv2%2Fproduct_tag&post=13033"}],"curies":[{"name":"wp","href":"https:\/\/api.w.org\/{rel}","templated":true}]}}