{"id":13041,"date":"2020-02-18T07:36:54","date_gmt":"2020-02-18T07:36:54","guid":{"rendered":"https:\/\/equipomedicomexico-com.preview-domain.com\/product\/oftalmoscopio-k-180-3-5v\/"},"modified":"2020-02-18T07:36:56","modified_gmt":"2020-02-18T07:36:56","slug":"oftalmoscopio-k-180-3-5v","status":"publish","type":"product","link":"https:\/\/buscoequipomedico.com\/?product=oftalmoscopio-k-180-3-5v","title":{"rendered":"OFTALMOSCOPIO K 180 3.5V"},"content":{"rendered":"<p><span>\u00bbOftalmoscopio K180.<\/span><br \/><span>\u00bb\u00d3ptica esf\u00e9rica de precisi\u00f3n, reflejos de c\u00f3rnea e iris se eliminan en gran<\/span><br \/><span>parte buena imagen del fondo.<\/span><br \/><span>\u00bbXHL Tecnolog\u00eda Xen\u00f3n Hal\u00f3gena, luz clara y luminosa imagen del fondo.<\/span><br \/><span>\u00bbForma ergon\u00f3mica. El instrumento se apoya siempre bien en la \u00f3rbita.<\/span><br \/><span>\u00bbApoyo orbital blando, protege las gafas proporcionando buen apoyo.<\/span><br \/><span>\u00bb5 diafragmas a elecci\u00f3n, para pupilas estrechas y anchas la elecci\u00f3n ideal.<\/span><br \/><span>\u00bbEstrella de fijaci\u00f3n para pruebas de fijaci\u00f3n (a elecci\u00f3n filtro azul para<\/span><br \/><span>ex\u00e1menes de c\u00f3rnea).<\/span><br \/><span>\u00bbApertura de entrada y salida estancas al polvo, carcasa con<\/span><br \/><span>protecci\u00f3n anti-polvo. 28 lentes en el alcance de &#8211; 35 D a + 40 D. Imagen<\/span><br \/><span>n\u00edtida tambi\u00e9n en casos de fuertes anomal\u00edas de refracci\u00f3n.<\/span><br \/><span>\u00bbCarcasa de policarbonato de alta resistencia a impactos.<\/span><br \/><span>\u00bbDe 3.5V.<\/span><\/p>\n<p><span>\u00bbSatisface las exigencias m\u00e1s elevadas.<\/span><br \/><span>\u00bbTecnolog\u00eda XHL de iluminaci\u00f3n de gran intensidad que previene la creaci\u00f3n<\/span><br \/><span>de sombras y reflejos, ayudando a realizar un diagn\u00f3stico m\u00e1s exacto.<\/span><br \/><span>\u00bbFabricado con componentes y mano de obra 100% Alemana.<\/span><br \/><span>\u00bbLa marca Heine establece los est\u00e1ndares de calidad con que se miden<\/span><br \/><span>los dem\u00e1s instrumentos de diagn\u00f3stico.<\/span><br \/><span>\u00bb5 a\u00f1os de garant\u00eda contra defectos de fabricaci\u00f3n.<\/span><span><\/span><\/p>\n","protected":false},"excerpt":{"rendered":"<p><span>\u00bbEl oftalmoscopio es ideal para observar el fondo del ojo y ayuda a realizar<\/span><br \/><span>un diagn\u00f3stico correcto de las enfermedades y padecimientos del mismo.<\/span><br \/><span>\u00bbIdeal para desplazamientos y vistas.<\/span><\/p>\n","protected":false},"featured_media":13042,"template":"","meta":{"_joinchat":[]},"product_brand":[],"product_cat":[244,310],"product_tag":[],"class_list":{"0":"post-13041","1":"product","2":"type-product","3":"status-publish","4":"has-post-thumbnail","6":"product_cat-equipos-de-diagnostico","7":"product_cat-oftalmoscopios","8":"pa_marca-heine","10":"first","11":"instock","12":"purchasable","13":"product-type-simple"},"yoast_head":"<!-- This site is optimized with the Yoast SEO plugin v25.1 - https:\/\/yoast.com\/wordpress\/plugins\/seo\/ -->\n<title>OFTALMOSCOPIO K 180 3.5V - Tu mejor opci\u00f3n Equipo M\u00e9dico M\u00e9xico<\/title>\n<meta name=\"robots\" content=\"index, follow, max-snippet:-1, max-image-preview:large, max-video-preview:-1\" \/>\n<link rel=\"canonical\" href=\"https:\/\/buscoequipomedico.com\/?product=oftalmoscopio-k-180-3-5v\" \/>\n<meta property=\"og:locale\" content=\"es_ES\" \/>\n<meta property=\"og:type\" content=\"article\" \/>\n<meta property=\"og:title\" content=\"OFTALMOSCOPIO K 180 3.5V - Tu mejor opci\u00f3n Equipo M\u00e9dico M\u00e9xico\" \/>\n<meta property=\"og:description\" content=\"\u00bbEl oftalmoscopio es ideal para observar el fondo del ojo y ayuda a realizarun diagn\u00f3stico correcto de las enfermedades y padecimientos del mismo.\u00bbIdeal para desplazamientos y vistas.\" \/>\n<meta property=\"og:url\" content=\"https:\/\/buscoequipomedico.com\/?product=oftalmoscopio-k-180-3-5v\" \/>\n<meta property=\"og:site_name\" content=\"Tu mejor opci\u00f3n Equipo M\u00e9dico M\u00e9xico\" \/>\n<meta property=\"article:modified_time\" content=\"2020-02-18T07:36:56+00:00\" \/>\n<meta property=\"og:image\" content=\"https:\/\/buscoequipomedico.com\/wp-content\/uploads\/2020\/02\/oftalmoscopio-k-180-35v-el-oftalmoscopio-es-ideal-para-observar-el-fondo-del-ojo-y-ayuda-a-realizarun-diagnostico-correcto-de-la.jpg\" \/>\n\t<meta property=\"og:image:width\" content=\"800\" \/>\n\t<meta property=\"og:image:height\" content=\"800\" \/>\n\t<meta property=\"og:image:type\" content=\"image\/png\" \/>\n<meta name=\"twitter:card\" content=\"summary_large_image\" \/>\n<meta name=\"twitter:label1\" content=\"Tiempo de lectura\" \/>\n\t<meta name=\"twitter:data1\" content=\"1 minuto\" \/>\n<script type=\"application\/ld+json\" class=\"yoast-schema-graph\">{\"@context\":\"https:\/\/schema.org\",\"@graph\":[{\"@type\":\"WebPage\",\"@id\":\"https:\/\/buscoequipomedico.com\/?product=oftalmoscopio-k-180-3-5v\",\"url\":\"https:\/\/buscoequipomedico.com\/?product=oftalmoscopio-k-180-3-5v\",\"name\":\"OFTALMOSCOPIO K 180 3.5V - Tu mejor opci\u00f3n Equipo M\u00e9dico M\u00e9xico\",\"isPartOf\":{\"@id\":\"https:\/\/buscoequipomedico.com\/#website\"},\"primaryImageOfPage\":{\"@id\":\"https:\/\/buscoequipomedico.com\/?product=oftalmoscopio-k-180-3-5v#primaryimage\"},\"image\":{\"@id\":\"https:\/\/buscoequipomedico.com\/?product=oftalmoscopio-k-180-3-5v#primaryimage\"},\"thumbnailUrl\":\"https:\/\/buscoequipomedico.com\/wp-content\/uploads\/2020\/02\/oftalmoscopio-k-180-35v-el-oftalmoscopio-es-ideal-para-observar-el-fondo-del-ojo-y-ayuda-a-realizarun-diagnostico-correcto-de-la.jpg\",\"datePublished\":\"2020-02-18T07:36:54+00:00\",\"dateModified\":\"2020-02-18T07:36:56+00:00\",\"breadcrumb\":{\"@id\":\"https:\/\/buscoequipomedico.com\/?product=oftalmoscopio-k-180-3-5v#breadcrumb\"},\"inLanguage\":\"es\",\"potentialAction\":[{\"@type\":\"ReadAction\",\"target\":[\"https:\/\/buscoequipomedico.com\/?product=oftalmoscopio-k-180-3-5v\"]}]},{\"@type\":\"ImageObject\",\"inLanguage\":\"es\",\"@id\":\"https:\/\/buscoequipomedico.com\/?product=oftalmoscopio-k-180-3-5v#primaryimage\",\"url\":\"https:\/\/buscoequipomedico.com\/wp-content\/uploads\/2020\/02\/oftalmoscopio-k-180-35v-el-oftalmoscopio-es-ideal-para-observar-el-fondo-del-ojo-y-ayuda-a-realizarun-diagnostico-correcto-de-la.jpg\",\"contentUrl\":\"https:\/\/buscoequipomedico.com\/wp-content\/uploads\/2020\/02\/oftalmoscopio-k-180-35v-el-oftalmoscopio-es-ideal-para-observar-el-fondo-del-ojo-y-ayuda-a-realizarun-diagnostico-correcto-de-la.jpg\",\"width\":800,\"height\":800},{\"@type\":\"BreadcrumbList\",\"@id\":\"https:\/\/buscoequipomedico.com\/?product=oftalmoscopio-k-180-3-5v#breadcrumb\",\"itemListElement\":[{\"@type\":\"ListItem\",\"position\":1,\"name\":\"Productos\",\"item\":\"https:\/\/buscoequipomedico.com\/shop\/\"},{\"@type\":\"ListItem\",\"position\":2,\"name\":\"OFTALMOSCOPIO K 180 3.5V\"}]},{\"@type\":\"WebSite\",\"@id\":\"https:\/\/buscoequipomedico.com\/#website\",\"url\":\"https:\/\/buscoequipomedico.com\/\",\"name\":\"Tu mejor opci\u00f3n Equipo M\u00e9dico M\u00e9xico\",\"description\":\"Tienda de equipo m\u00e9dico\",\"publisher\":{\"@id\":\"https:\/\/buscoequipomedico.com\/#organization\"},\"potentialAction\":[{\"@type\":\"SearchAction\",\"target\":{\"@type\":\"EntryPoint\",\"urlTemplate\":\"https:\/\/buscoequipomedico.com\/?s={search_term_string}\"},\"query-input\":{\"@type\":\"PropertyValueSpecification\",\"valueRequired\":true,\"valueName\":\"search_term_string\"}}],\"inLanguage\":\"es\"},{\"@type\":\"Organization\",\"@id\":\"https:\/\/buscoequipomedico.com\/#organization\",\"name\":\"Tu mejor opci\u00f3n Equipo M\u00e9dico M\u00e9xico\",\"url\":\"https:\/\/buscoequipomedico.com\/\",\"logo\":{\"@type\":\"ImageObject\",\"inLanguage\":\"es\",\"@id\":\"https:\/\/buscoequipomedico.com\/#\/schema\/logo\/image\/\",\"url\":\"https:\/\/buscoequipomedico.com\/wp-content\/uploads\/2021\/07\/EMM-VPrincipal-scaled.jpg\",\"contentUrl\":\"https:\/\/buscoequipomedico.com\/wp-content\/uploads\/2021\/07\/EMM-VPrincipal-scaled.jpg\",\"width\":2560,\"height\":1058,\"caption\":\"Tu mejor opci\u00f3n Equipo M\u00e9dico M\u00e9xico\"},\"image\":{\"@id\":\"https:\/\/buscoequipomedico.com\/#\/schema\/logo\/image\/\"}}]}<\/script>\n<!-- \/ Yoast SEO plugin. -->","yoast_head_json":{"title":"OFTALMOSCOPIO K 180 3.5V - Tu mejor opci\u00f3n Equipo M\u00e9dico M\u00e9xico","robots":{"index":"index","follow":"follow","max-snippet":"max-snippet:-1","max-image-preview":"max-image-preview:large","max-video-preview":"max-video-preview:-1"},"canonical":"https:\/\/buscoequipomedico.com\/?product=oftalmoscopio-k-180-3-5v","og_locale":"es_ES","og_type":"article","og_title":"OFTALMOSCOPIO K 180 3.5V - Tu mejor opci\u00f3n Equipo M\u00e9dico M\u00e9xico","og_description":"\u00bbEl oftalmoscopio es ideal para observar el fondo del ojo y ayuda a realizarun diagn\u00f3stico correcto de las enfermedades y padecimientos del mismo.\u00bbIdeal para desplazamientos y vistas.","og_url":"https:\/\/buscoequipomedico.com\/?product=oftalmoscopio-k-180-3-5v","og_site_name":"Tu mejor opci\u00f3n Equipo M\u00e9dico M\u00e9xico","article_modified_time":"2020-02-18T07:36:56+00:00","og_image":[{"width":800,"height":800,"url":"https:\/\/buscoequipomedico.com\/wp-content\/uploads\/2020\/02\/oftalmoscopio-k-180-35v-el-oftalmoscopio-es-ideal-para-observar-el-fondo-del-ojo-y-ayuda-a-realizarun-diagnostico-correcto-de-la.jpg","type":"image\/png"}],"twitter_card":"summary_large_image","twitter_misc":{"Tiempo de lectura":"1 minuto"},"schema":{"@context":"https:\/\/schema.org","@graph":[{"@type":"WebPage","@id":"https:\/\/buscoequipomedico.com\/?product=oftalmoscopio-k-180-3-5v","url":"https:\/\/buscoequipomedico.com\/?product=oftalmoscopio-k-180-3-5v","name":"OFTALMOSCOPIO K 180 3.5V - Tu mejor opci\u00f3n Equipo M\u00e9dico M\u00e9xico","isPartOf":{"@id":"https:\/\/buscoequipomedico.com\/#website"},"primaryImageOfPage":{"@id":"https:\/\/buscoequipomedico.com\/?product=oftalmoscopio-k-180-3-5v#primaryimage"},"image":{"@id":"https:\/\/buscoequipomedico.com\/?product=oftalmoscopio-k-180-3-5v#primaryimage"},"thumbnailUrl":"https:\/\/buscoequipomedico.com\/wp-content\/uploads\/2020\/02\/oftalmoscopio-k-180-35v-el-oftalmoscopio-es-ideal-para-observar-el-fondo-del-ojo-y-ayuda-a-realizarun-diagnostico-correcto-de-la.jpg","datePublished":"2020-02-18T07:36:54+00:00","dateModified":"2020-02-18T07:36:56+00:00","breadcrumb":{"@id":"https:\/\/buscoequipomedico.com\/?product=oftalmoscopio-k-180-3-5v#breadcrumb"},"inLanguage":"es","potentialAction":[{"@type":"ReadAction","target":["https:\/\/buscoequipomedico.com\/?product=oftalmoscopio-k-180-3-5v"]}]},{"@type":"ImageObject","inLanguage":"es","@id":"https:\/\/buscoequipomedico.com\/?product=oftalmoscopio-k-180-3-5v#primaryimage","url":"https:\/\/buscoequipomedico.com\/wp-content\/uploads\/2020\/02\/oftalmoscopio-k-180-35v-el-oftalmoscopio-es-ideal-para-observar-el-fondo-del-ojo-y-ayuda-a-realizarun-diagnostico-correcto-de-la.jpg","contentUrl":"https:\/\/buscoequipomedico.com\/wp-content\/uploads\/2020\/02\/oftalmoscopio-k-180-35v-el-oftalmoscopio-es-ideal-para-observar-el-fondo-del-ojo-y-ayuda-a-realizarun-diagnostico-correcto-de-la.jpg","width":800,"height":800},{"@type":"BreadcrumbList","@id":"https:\/\/buscoequipomedico.com\/?product=oftalmoscopio-k-180-3-5v#breadcrumb","itemListElement":[{"@type":"ListItem","position":1,"name":"Productos","item":"https:\/\/buscoequipomedico.com\/shop\/"},{"@type":"ListItem","position":2,"name":"OFTALMOSCOPIO K 180 3.5V"}]},{"@type":"WebSite","@id":"https:\/\/buscoequipomedico.com\/#website","url":"https:\/\/buscoequipomedico.com\/","name":"Tu mejor opci\u00f3n Equipo M\u00e9dico M\u00e9xico","description":"Tienda de equipo m\u00e9dico","publisher":{"@id":"https:\/\/buscoequipomedico.com\/#organization"},"potentialAction":[{"@type":"SearchAction","target":{"@type":"EntryPoint","urlTemplate":"https:\/\/buscoequipomedico.com\/?s={search_term_string}"},"query-input":{"@type":"PropertyValueSpecification","valueRequired":true,"valueName":"search_term_string"}}],"inLanguage":"es"},{"@type":"Organization","@id":"https:\/\/buscoequipomedico.com\/#organization","name":"Tu mejor opci\u00f3n Equipo M\u00e9dico M\u00e9xico","url":"https:\/\/buscoequipomedico.com\/","logo":{"@type":"ImageObject","inLanguage":"es","@id":"https:\/\/buscoequipomedico.com\/#\/schema\/logo\/image\/","url":"https:\/\/buscoequipomedico.com\/wp-content\/uploads\/2021\/07\/EMM-VPrincipal-scaled.jpg","contentUrl":"https:\/\/buscoequipomedico.com\/wp-content\/uploads\/2021\/07\/EMM-VPrincipal-scaled.jpg","width":2560,"height":1058,"caption":"Tu mejor opci\u00f3n Equipo M\u00e9dico M\u00e9xico"},"image":{"@id":"https:\/\/buscoequipomedico.com\/#\/schema\/logo\/image\/"}}]}},"_links":{"self":[{"href":"https:\/\/buscoequipomedico.com\/index.php?rest_route=\/wp\/v2\/product\/13041","targetHints":{"allow":["GET"]}}],"collection":[{"href":"https:\/\/buscoequipomedico.com\/index.php?rest_route=\/wp\/v2\/product"}],"about":[{"href":"https:\/\/buscoequipomedico.com\/index.php?rest_route=\/wp\/v2\/types\/product"}],"wp:featuredmedia":[{"embeddable":true,"href":"https:\/\/buscoequipomedico.com\/index.php?rest_route=\/wp\/v2\/media\/13042"}],"wp:attachment":[{"href":"https:\/\/buscoequipomedico.com\/index.php?rest_route=%2Fwp%2Fv2%2Fmedia&parent=13041"}],"wp:term":[{"taxonomy":"product_brand","embeddable":true,"href":"https:\/\/buscoequipomedico.com\/index.php?rest_route=%2Fwp%2Fv2%2Fproduct_brand&post=13041"},{"taxonomy":"product_cat","embeddable":true,"href":"https:\/\/buscoequipomedico.com\/index.php?rest_route=%2Fwp%2Fv2%2Fproduct_cat&post=13041"},{"taxonomy":"product_tag","embeddable":true,"href":"https:\/\/buscoequipomedico.com\/index.php?rest_route=%2Fwp%2Fv2%2Fproduct_tag&post=13041"}],"curies":[{"name":"wp","href":"https:\/\/api.w.org\/{rel}","templated":true}]}}