{"id":13049,"date":"2020-02-18T07:36:54","date_gmt":"2020-02-18T07:36:54","guid":{"rendered":"https:\/\/equipomedicomexico-com.preview-domain.com\/product\/oftalmoscopio-mini-3000-negro-con-estuche-rigido\/"},"modified":"2020-02-18T07:36:57","modified_gmt":"2020-02-18T07:36:57","slug":"oftalmoscopio-mini-3000-negro-con-estuche-rigido","status":"publish","type":"product","link":"https:\/\/buscoequipomedico.com\/?product=oftalmoscopio-mini-3000-negro-con-estuche-rigido","title":{"rendered":"OFTALMOSCOPIO MINI 3000 NEGRO CON ESTUCHE R\u00cdGIDO."},"content":{"rendered":"<p><span>Diafragma en estrella de fijaci\u00f3n con filtro gris para reducir la intensidad de la luz. Una \u00f3ptica magn\u00edfica y la mejor reproducci\u00f3n crom\u00e1tica en un dispositivo de peque\u00f1o tama\u00f1o, id\u00f3neo para desplazamientos y visitas. Se combina con el sistema de mango mini3000. Disponible en negro o en azul. Las \u00f3pticas HEINE ofrecen una imagen clara y totalmente perif\u00e9rica con reflejos m\u00ednimos. Cinco diafragmas diferentes. Incluye todas las funciones importantes, incluida la estrella para fijaci\u00f3n y el filtro gris para pacientes fotosensibles. Tipos de lentes: 18 lentes de correcci\u00f3n de -20 D a +20 D. El proceso de exploraci\u00f3n resulta sencillo, una oftalmoscopia sin necesidad de dilatar la pupila. Clip de sujeci\u00f3n con interruptor. Desconexi\u00f3n autom\u00e1tica al engancharlo en la bata. Funciona a pilas (AA) o con bater\u00eda recargable opcional con el cargador mini NT. Mango y cabezal en dos piezas. De f\u00e1cil mantenimiento. Dise\u00f1o laureado. Dispositivo peque\u00f1o de gran calidad.<\/span><\/p>\n<ul>\n<li><span>Con cinco diafragmas<\/span><\/li>\n<li><span>Protegido contra el polvo<\/span><\/li>\n<li><span>Instrumento de bolsillo moderno<\/span><\/li>\n<li><span>Informaci\u00f3n sobre las diafragmas<\/span><\/li>\n<\/ul>\n","protected":false},"excerpt":{"rendered":"<p><span>Mango a pilas mini3000 con pilas. Set completo con Oftalmoscopio mini3000 y estuche r\u00edgido.\u00a0<\/span><span>Moderno oftalmoscopio de bolsillo con tecnolog\u00eda de bombillas XHL de Xen\u00f3n Hal\u00f3gena. Luz concentrada y clara para una iluminaci\u00f3n \u00f3ptima, una imagen brillante y una reproducci\u00f3n exacta de los colores<\/span><\/p>\n","protected":false},"featured_media":13050,"template":"","meta":{"_joinchat":[]},"product_brand":[],"product_cat":[244,310],"product_tag":[],"class_list":{"0":"post-13049","1":"product","2":"type-product","3":"status-publish","4":"has-post-thumbnail","6":"product_cat-equipos-de-diagnostico","7":"product_cat-oftalmoscopios","8":"pa_marca-heine","10":"first","11":"instock","12":"purchasable","13":"product-type-simple"},"yoast_head":"<!-- This site is optimized with the Yoast SEO plugin v25.1 - https:\/\/yoast.com\/wordpress\/plugins\/seo\/ -->\n<title>OFTALMOSCOPIO MINI 3000 NEGRO CON ESTUCHE R\u00cdGIDO. - Tu mejor opci\u00f3n Equipo M\u00e9dico M\u00e9xico<\/title>\n<meta name=\"robots\" content=\"index, follow, max-snippet:-1, max-image-preview:large, max-video-preview:-1\" \/>\n<link rel=\"canonical\" href=\"https:\/\/buscoequipomedico.com\/?product=oftalmoscopio-mini-3000-negro-con-estuche-rigido\" \/>\n<meta property=\"og:locale\" content=\"es_ES\" \/>\n<meta property=\"og:type\" content=\"article\" \/>\n<meta property=\"og:title\" content=\"OFTALMOSCOPIO MINI 3000 NEGRO CON ESTUCHE R\u00cdGIDO. - Tu mejor opci\u00f3n Equipo M\u00e9dico M\u00e9xico\" \/>\n<meta property=\"og:description\" content=\"Mango a pilas mini3000 con pilas. Set completo con Oftalmoscopio mini3000 y estuche r\u00edgido.\u00a0Moderno oftalmoscopio de bolsillo con tecnolog\u00eda de bombillas XHL de Xen\u00f3n Hal\u00f3gena. Luz concentrada y clara para una iluminaci\u00f3n \u00f3ptima, una imagen brillante y una reproducci\u00f3n exacta de los colores\" \/>\n<meta property=\"og:url\" content=\"https:\/\/buscoequipomedico.com\/?product=oftalmoscopio-mini-3000-negro-con-estuche-rigido\" \/>\n<meta property=\"og:site_name\" content=\"Tu mejor opci\u00f3n Equipo M\u00e9dico M\u00e9xico\" \/>\n<meta property=\"article:modified_time\" content=\"2020-02-18T07:36:57+00:00\" \/>\n<meta property=\"og:image\" content=\"https:\/\/buscoequipomedico.com\/wp-content\/uploads\/2020\/02\/oftalmoscopio-mini-3000-negro-con-estuche-rigido-mango-a-pilas-mini3000-con-pilas-set-completo-con-oftalmoscopio-mini3000-y-estu.jpg\" \/>\n\t<meta property=\"og:image:width\" content=\"800\" \/>\n\t<meta property=\"og:image:height\" content=\"800\" \/>\n\t<meta property=\"og:image:type\" content=\"image\/png\" \/>\n<meta name=\"twitter:card\" content=\"summary_large_image\" \/>\n<meta name=\"twitter:label1\" content=\"Tiempo de lectura\" \/>\n\t<meta name=\"twitter:data1\" content=\"1 minuto\" \/>\n<script type=\"application\/ld+json\" class=\"yoast-schema-graph\">{\"@context\":\"https:\/\/schema.org\",\"@graph\":[{\"@type\":\"WebPage\",\"@id\":\"https:\/\/buscoequipomedico.com\/?product=oftalmoscopio-mini-3000-negro-con-estuche-rigido\",\"url\":\"https:\/\/buscoequipomedico.com\/?product=oftalmoscopio-mini-3000-negro-con-estuche-rigido\",\"name\":\"OFTALMOSCOPIO MINI 3000 NEGRO CON ESTUCHE R\u00cdGIDO. - Tu mejor opci\u00f3n Equipo M\u00e9dico M\u00e9xico\",\"isPartOf\":{\"@id\":\"https:\/\/buscoequipomedico.com\/#website\"},\"primaryImageOfPage\":{\"@id\":\"https:\/\/buscoequipomedico.com\/?product=oftalmoscopio-mini-3000-negro-con-estuche-rigido#primaryimage\"},\"image\":{\"@id\":\"https:\/\/buscoequipomedico.com\/?product=oftalmoscopio-mini-3000-negro-con-estuche-rigido#primaryimage\"},\"thumbnailUrl\":\"https:\/\/buscoequipomedico.com\/wp-content\/uploads\/2020\/02\/oftalmoscopio-mini-3000-negro-con-estuche-rigido-mango-a-pilas-mini3000-con-pilas-set-completo-con-oftalmoscopio-mini3000-y-estu.jpg\",\"datePublished\":\"2020-02-18T07:36:54+00:00\",\"dateModified\":\"2020-02-18T07:36:57+00:00\",\"breadcrumb\":{\"@id\":\"https:\/\/buscoequipomedico.com\/?product=oftalmoscopio-mini-3000-negro-con-estuche-rigido#breadcrumb\"},\"inLanguage\":\"es\",\"potentialAction\":[{\"@type\":\"ReadAction\",\"target\":[\"https:\/\/buscoequipomedico.com\/?product=oftalmoscopio-mini-3000-negro-con-estuche-rigido\"]}]},{\"@type\":\"ImageObject\",\"inLanguage\":\"es\",\"@id\":\"https:\/\/buscoequipomedico.com\/?product=oftalmoscopio-mini-3000-negro-con-estuche-rigido#primaryimage\",\"url\":\"https:\/\/buscoequipomedico.com\/wp-content\/uploads\/2020\/02\/oftalmoscopio-mini-3000-negro-con-estuche-rigido-mango-a-pilas-mini3000-con-pilas-set-completo-con-oftalmoscopio-mini3000-y-estu.jpg\",\"contentUrl\":\"https:\/\/buscoequipomedico.com\/wp-content\/uploads\/2020\/02\/oftalmoscopio-mini-3000-negro-con-estuche-rigido-mango-a-pilas-mini3000-con-pilas-set-completo-con-oftalmoscopio-mini3000-y-estu.jpg\",\"width\":800,\"height\":800},{\"@type\":\"BreadcrumbList\",\"@id\":\"https:\/\/buscoequipomedico.com\/?product=oftalmoscopio-mini-3000-negro-con-estuche-rigido#breadcrumb\",\"itemListElement\":[{\"@type\":\"ListItem\",\"position\":1,\"name\":\"Productos\",\"item\":\"https:\/\/buscoequipomedico.com\/shop\/\"},{\"@type\":\"ListItem\",\"position\":2,\"name\":\"OFTALMOSCOPIO MINI 3000 NEGRO CON ESTUCHE R\u00cdGIDO.\"}]},{\"@type\":\"WebSite\",\"@id\":\"https:\/\/buscoequipomedico.com\/#website\",\"url\":\"https:\/\/buscoequipomedico.com\/\",\"name\":\"Tu mejor opci\u00f3n Equipo M\u00e9dico M\u00e9xico\",\"description\":\"Tienda de equipo m\u00e9dico\",\"publisher\":{\"@id\":\"https:\/\/buscoequipomedico.com\/#organization\"},\"potentialAction\":[{\"@type\":\"SearchAction\",\"target\":{\"@type\":\"EntryPoint\",\"urlTemplate\":\"https:\/\/buscoequipomedico.com\/?s={search_term_string}\"},\"query-input\":{\"@type\":\"PropertyValueSpecification\",\"valueRequired\":true,\"valueName\":\"search_term_string\"}}],\"inLanguage\":\"es\"},{\"@type\":\"Organization\",\"@id\":\"https:\/\/buscoequipomedico.com\/#organization\",\"name\":\"Tu mejor opci\u00f3n Equipo M\u00e9dico M\u00e9xico\",\"url\":\"https:\/\/buscoequipomedico.com\/\",\"logo\":{\"@type\":\"ImageObject\",\"inLanguage\":\"es\",\"@id\":\"https:\/\/buscoequipomedico.com\/#\/schema\/logo\/image\/\",\"url\":\"https:\/\/buscoequipomedico.com\/wp-content\/uploads\/2021\/07\/EMM-VPrincipal-scaled.jpg\",\"contentUrl\":\"https:\/\/buscoequipomedico.com\/wp-content\/uploads\/2021\/07\/EMM-VPrincipal-scaled.jpg\",\"width\":2560,\"height\":1058,\"caption\":\"Tu mejor opci\u00f3n Equipo M\u00e9dico M\u00e9xico\"},\"image\":{\"@id\":\"https:\/\/buscoequipomedico.com\/#\/schema\/logo\/image\/\"}}]}<\/script>\n<!-- \/ Yoast SEO plugin. -->","yoast_head_json":{"title":"OFTALMOSCOPIO MINI 3000 NEGRO CON ESTUCHE R\u00cdGIDO. - Tu mejor opci\u00f3n Equipo M\u00e9dico M\u00e9xico","robots":{"index":"index","follow":"follow","max-snippet":"max-snippet:-1","max-image-preview":"max-image-preview:large","max-video-preview":"max-video-preview:-1"},"canonical":"https:\/\/buscoequipomedico.com\/?product=oftalmoscopio-mini-3000-negro-con-estuche-rigido","og_locale":"es_ES","og_type":"article","og_title":"OFTALMOSCOPIO MINI 3000 NEGRO CON ESTUCHE R\u00cdGIDO. - Tu mejor opci\u00f3n Equipo M\u00e9dico M\u00e9xico","og_description":"Mango a pilas mini3000 con pilas. Set completo con Oftalmoscopio mini3000 y estuche r\u00edgido.\u00a0Moderno oftalmoscopio de bolsillo con tecnolog\u00eda de bombillas XHL de Xen\u00f3n Hal\u00f3gena. Luz concentrada y clara para una iluminaci\u00f3n \u00f3ptima, una imagen brillante y una reproducci\u00f3n exacta de los colores","og_url":"https:\/\/buscoequipomedico.com\/?product=oftalmoscopio-mini-3000-negro-con-estuche-rigido","og_site_name":"Tu mejor opci\u00f3n Equipo M\u00e9dico M\u00e9xico","article_modified_time":"2020-02-18T07:36:57+00:00","og_image":[{"width":800,"height":800,"url":"https:\/\/buscoequipomedico.com\/wp-content\/uploads\/2020\/02\/oftalmoscopio-mini-3000-negro-con-estuche-rigido-mango-a-pilas-mini3000-con-pilas-set-completo-con-oftalmoscopio-mini3000-y-estu.jpg","type":"image\/png"}],"twitter_card":"summary_large_image","twitter_misc":{"Tiempo de lectura":"1 minuto"},"schema":{"@context":"https:\/\/schema.org","@graph":[{"@type":"WebPage","@id":"https:\/\/buscoequipomedico.com\/?product=oftalmoscopio-mini-3000-negro-con-estuche-rigido","url":"https:\/\/buscoequipomedico.com\/?product=oftalmoscopio-mini-3000-negro-con-estuche-rigido","name":"OFTALMOSCOPIO MINI 3000 NEGRO CON ESTUCHE R\u00cdGIDO. - Tu mejor opci\u00f3n Equipo M\u00e9dico M\u00e9xico","isPartOf":{"@id":"https:\/\/buscoequipomedico.com\/#website"},"primaryImageOfPage":{"@id":"https:\/\/buscoequipomedico.com\/?product=oftalmoscopio-mini-3000-negro-con-estuche-rigido#primaryimage"},"image":{"@id":"https:\/\/buscoequipomedico.com\/?product=oftalmoscopio-mini-3000-negro-con-estuche-rigido#primaryimage"},"thumbnailUrl":"https:\/\/buscoequipomedico.com\/wp-content\/uploads\/2020\/02\/oftalmoscopio-mini-3000-negro-con-estuche-rigido-mango-a-pilas-mini3000-con-pilas-set-completo-con-oftalmoscopio-mini3000-y-estu.jpg","datePublished":"2020-02-18T07:36:54+00:00","dateModified":"2020-02-18T07:36:57+00:00","breadcrumb":{"@id":"https:\/\/buscoequipomedico.com\/?product=oftalmoscopio-mini-3000-negro-con-estuche-rigido#breadcrumb"},"inLanguage":"es","potentialAction":[{"@type":"ReadAction","target":["https:\/\/buscoequipomedico.com\/?product=oftalmoscopio-mini-3000-negro-con-estuche-rigido"]}]},{"@type":"ImageObject","inLanguage":"es","@id":"https:\/\/buscoequipomedico.com\/?product=oftalmoscopio-mini-3000-negro-con-estuche-rigido#primaryimage","url":"https:\/\/buscoequipomedico.com\/wp-content\/uploads\/2020\/02\/oftalmoscopio-mini-3000-negro-con-estuche-rigido-mango-a-pilas-mini3000-con-pilas-set-completo-con-oftalmoscopio-mini3000-y-estu.jpg","contentUrl":"https:\/\/buscoequipomedico.com\/wp-content\/uploads\/2020\/02\/oftalmoscopio-mini-3000-negro-con-estuche-rigido-mango-a-pilas-mini3000-con-pilas-set-completo-con-oftalmoscopio-mini3000-y-estu.jpg","width":800,"height":800},{"@type":"BreadcrumbList","@id":"https:\/\/buscoequipomedico.com\/?product=oftalmoscopio-mini-3000-negro-con-estuche-rigido#breadcrumb","itemListElement":[{"@type":"ListItem","position":1,"name":"Productos","item":"https:\/\/buscoequipomedico.com\/shop\/"},{"@type":"ListItem","position":2,"name":"OFTALMOSCOPIO MINI 3000 NEGRO CON ESTUCHE R\u00cdGIDO."}]},{"@type":"WebSite","@id":"https:\/\/buscoequipomedico.com\/#website","url":"https:\/\/buscoequipomedico.com\/","name":"Tu mejor opci\u00f3n Equipo M\u00e9dico M\u00e9xico","description":"Tienda de equipo m\u00e9dico","publisher":{"@id":"https:\/\/buscoequipomedico.com\/#organization"},"potentialAction":[{"@type":"SearchAction","target":{"@type":"EntryPoint","urlTemplate":"https:\/\/buscoequipomedico.com\/?s={search_term_string}"},"query-input":{"@type":"PropertyValueSpecification","valueRequired":true,"valueName":"search_term_string"}}],"inLanguage":"es"},{"@type":"Organization","@id":"https:\/\/buscoequipomedico.com\/#organization","name":"Tu mejor opci\u00f3n Equipo M\u00e9dico M\u00e9xico","url":"https:\/\/buscoequipomedico.com\/","logo":{"@type":"ImageObject","inLanguage":"es","@id":"https:\/\/buscoequipomedico.com\/#\/schema\/logo\/image\/","url":"https:\/\/buscoequipomedico.com\/wp-content\/uploads\/2021\/07\/EMM-VPrincipal-scaled.jpg","contentUrl":"https:\/\/buscoequipomedico.com\/wp-content\/uploads\/2021\/07\/EMM-VPrincipal-scaled.jpg","width":2560,"height":1058,"caption":"Tu mejor opci\u00f3n Equipo M\u00e9dico M\u00e9xico"},"image":{"@id":"https:\/\/buscoequipomedico.com\/#\/schema\/logo\/image\/"}}]}},"_links":{"self":[{"href":"https:\/\/buscoequipomedico.com\/index.php?rest_route=\/wp\/v2\/product\/13049","targetHints":{"allow":["GET"]}}],"collection":[{"href":"https:\/\/buscoequipomedico.com\/index.php?rest_route=\/wp\/v2\/product"}],"about":[{"href":"https:\/\/buscoequipomedico.com\/index.php?rest_route=\/wp\/v2\/types\/product"}],"wp:featuredmedia":[{"embeddable":true,"href":"https:\/\/buscoequipomedico.com\/index.php?rest_route=\/wp\/v2\/media\/13050"}],"wp:attachment":[{"href":"https:\/\/buscoequipomedico.com\/index.php?rest_route=%2Fwp%2Fv2%2Fmedia&parent=13049"}],"wp:term":[{"taxonomy":"product_brand","embeddable":true,"href":"https:\/\/buscoequipomedico.com\/index.php?rest_route=%2Fwp%2Fv2%2Fproduct_brand&post=13049"},{"taxonomy":"product_cat","embeddable":true,"href":"https:\/\/buscoequipomedico.com\/index.php?rest_route=%2Fwp%2Fv2%2Fproduct_cat&post=13049"},{"taxonomy":"product_tag","embeddable":true,"href":"https:\/\/buscoequipomedico.com\/index.php?rest_route=%2Fwp%2Fv2%2Fproduct_tag&post=13049"}],"curies":[{"name":"wp","href":"https:\/\/api.w.org\/{rel}","templated":true}]}}