{"id":13065,"date":"2020-02-18T07:36:59","date_gmt":"2020-02-18T07:36:59","guid":{"rendered":"https:\/\/equipomedicomexico-com.preview-domain.com\/product\/otoscopio-halogeno-de-3-5v-macroview-con-bulbo-insuflador\/"},"modified":"2020-02-18T07:36:59","modified_gmt":"2020-02-18T07:36:59","slug":"otoscopio-halogeno-de-3-5v-macroview-con-bulbo-insuflador","status":"publish","type":"product","link":"https:\/\/buscoequipomedico.com\/?product=otoscopio-halogeno-de-3-5v-macroview-con-bulbo-insuflador","title":{"rendered":"OTOSCOPIO HALOGENO DE 3.5v MACROVIEW CON BULBO INSUFLADOR"},"content":{"rendered":"<p>Este otoscopio de \u00faltima generaci\u00f3n cuenta con una \u00f3ptica avanzada que aumenta la magnificaci\u00f3n al mismo tiempo que proporciona una visi\u00f3n casi completa de la membrana timp\u00e1nica \u2014eliminando virtualmente la necesidad de panoramizar. Y lo que es m\u00e1s, con el ocular f\u00e1cil de enfocar, el Otoscopio MacroView le facilita una mejor visualizaci\u00f3n que le permite ver m\u00e1s all\u00e1 del cerumen, localizar l\u00edquidos detr\u00e1s del t\u00edmpano e incluso realizar exploraciones sin gafas.<\/p>\n<p>En pocas palabras:\u00a0 el Otoscopio MacroView le proporciona una visi\u00f3n m\u00e1s amplia, mejor y m\u00e1s definida del o\u00eddo \u2014 permiti\u00e9ndole realizar las exploraciones de cada d\u00eda con mayor rapidez y eficacia.<\/p>\n<p>\u00a0<\/p>\n<p><span>CARACTER\u00cdSTICAS:<\/span><\/p>\n<ul>\n<li>Un campo de visi\u00f3n dos veces mayor.<\/li>\n<li>Una magnificaci\u00f3n un 30% mayor en comparaci\u00f3n con un otoscopio tradicional.<\/li>\n<li>Una visi\u00f3n casi completa de la membrana timp\u00e1nica.<\/li>\n<li>Mayor claridad y definici\u00f3n de los puntos de referencia.<\/li>\n<li>La posibilidad de ajustar el enfoque a distintas profundidades del conducto auditivo externo o en casos de hipermetrop\u00eda.<\/li>\n<li>Mecanismo de fijaci\u00f3n en la punta para fijar los esp\u00e9culos para o\u00eddo, junto con un mecanismo de eyecci\u00f3n para su eliminaci\u00f3n.<\/li>\n<\/ul>\n<p><span>\u00a0<\/span><\/p>\n<p><span>ESPECIFICACIONES T\u00c9CNICAS:<\/span><\/p>\n<ul>\n<li>\n<span>Luz:<\/span>\u00a0HPX<\/li>\n<li>\n<span>Energ\u00eda:\u00a0<\/span>5 V<\/li>\n<li>\n<span>Dioptr\u00edas:\u00a0<\/span>Ajuste de dioptr\u00eda continuo<\/li>\n<li>\n<span>Longitud Focal:\u00a0<\/span>Ajuste de dioptr\u00eda continuo<\/li>\n<li>\n<span>Magnificaci\u00f3n:\u00a0<\/span>6x a 27.6 mm<\/li>\n<li>\n<span>Bulbo Insuflador:\u00a0<\/span>S\u00ed<\/li>\n<li>\n<span>Iluminador de Garganta:\u00a0<\/span>No<\/li>\n<li>\n<span>Foco:\u00a0<\/span>06500-U<\/li>\n<li>\n<span>Bater\u00edas:\u00a0<\/span>Fuente de energ\u00eda de 3.5 V<\/li>\n<li>\n<span>2 Lentes de Visualizaci\u00f3n:\u00a0<\/span>No<\/li>\n<li>\n<span>Ventana:\u00a0<\/span>N\/A<\/li>\n<li>\n<span>Esp\u00e9culos:\u00a0<\/span>Incluye juego de 4 esp\u00e9culos reutilizables<\/li>\n<\/ul>\n","protected":false},"excerpt":{"rendered":"<p><span>El nuevo Otoscopio MacroView de Welch Allyn cambiar\u00e1 para siempre la forma de ver el o\u00eddo \u2014 sin cambiar la forma de trabajar.<\/span><\/p>\n","protected":false},"featured_media":13066,"template":"","meta":{"_joinchat":[]},"product_brand":[],"product_cat":[244,311],"product_tag":[],"class_list":{"0":"post-13065","1":"product","2":"type-product","3":"status-publish","4":"has-post-thumbnail","6":"product_cat-equipos-de-diagnostico","7":"product_cat-otoscopios","9":"first","10":"instock","11":"purchasable","12":"product-type-simple"},"yoast_head":"<!-- This site is optimized with the Yoast SEO plugin v25.1 - https:\/\/yoast.com\/wordpress\/plugins\/seo\/ -->\n<title>OTOSCOPIO HALOGENO DE 3.5v MACROVIEW CON BULBO INSUFLADOR - Tu mejor opci\u00f3n Equipo M\u00e9dico M\u00e9xico<\/title>\n<meta name=\"robots\" content=\"index, follow, max-snippet:-1, max-image-preview:large, max-video-preview:-1\" \/>\n<link rel=\"canonical\" href=\"https:\/\/buscoequipomedico.com\/?product=otoscopio-halogeno-de-3-5v-macroview-con-bulbo-insuflador\" \/>\n<meta property=\"og:locale\" content=\"es_ES\" \/>\n<meta property=\"og:type\" content=\"article\" \/>\n<meta property=\"og:title\" content=\"OTOSCOPIO HALOGENO DE 3.5v MACROVIEW CON BULBO INSUFLADOR - Tu mejor opci\u00f3n Equipo M\u00e9dico M\u00e9xico\" \/>\n<meta property=\"og:description\" content=\"El nuevo Otoscopio MacroView de Welch Allyn cambiar\u00e1 para siempre la forma de ver el o\u00eddo \u2014 sin cambiar la forma de trabajar.\" \/>\n<meta property=\"og:url\" content=\"https:\/\/buscoequipomedico.com\/?product=otoscopio-halogeno-de-3-5v-macroview-con-bulbo-insuflador\" \/>\n<meta property=\"og:site_name\" content=\"Tu mejor opci\u00f3n Equipo M\u00e9dico M\u00e9xico\" \/>\n<meta property=\"og:image\" content=\"https:\/\/buscoequipomedico.com\/wp-content\/uploads\/2020\/02\/otoscopio-halogeno-de-35v-macroview-con-bulbo-insuflador-el-nuevo-otoscopio-macroview-de-welch-allyn-cambiara-para-siempre-la-fo.jpg\" \/>\n\t<meta property=\"og:image:width\" content=\"800\" \/>\n\t<meta property=\"og:image:height\" content=\"800\" \/>\n\t<meta property=\"og:image:type\" content=\"image\/png\" \/>\n<meta name=\"twitter:card\" content=\"summary_large_image\" \/>\n<meta name=\"twitter:label1\" content=\"Tiempo de lectura\" \/>\n\t<meta name=\"twitter:data1\" content=\"1 minuto\" \/>\n<script type=\"application\/ld+json\" class=\"yoast-schema-graph\">{\"@context\":\"https:\/\/schema.org\",\"@graph\":[{\"@type\":\"WebPage\",\"@id\":\"https:\/\/buscoequipomedico.com\/?product=otoscopio-halogeno-de-3-5v-macroview-con-bulbo-insuflador\",\"url\":\"https:\/\/buscoequipomedico.com\/?product=otoscopio-halogeno-de-3-5v-macroview-con-bulbo-insuflador\",\"name\":\"OTOSCOPIO HALOGENO DE 3.5v MACROVIEW CON BULBO INSUFLADOR - Tu mejor opci\u00f3n Equipo M\u00e9dico M\u00e9xico\",\"isPartOf\":{\"@id\":\"https:\/\/buscoequipomedico.com\/#website\"},\"primaryImageOfPage\":{\"@id\":\"https:\/\/buscoequipomedico.com\/?product=otoscopio-halogeno-de-3-5v-macroview-con-bulbo-insuflador#primaryimage\"},\"image\":{\"@id\":\"https:\/\/buscoequipomedico.com\/?product=otoscopio-halogeno-de-3-5v-macroview-con-bulbo-insuflador#primaryimage\"},\"thumbnailUrl\":\"https:\/\/buscoequipomedico.com\/wp-content\/uploads\/2020\/02\/otoscopio-halogeno-de-35v-macroview-con-bulbo-insuflador-el-nuevo-otoscopio-macroview-de-welch-allyn-cambiara-para-siempre-la-fo.jpg\",\"datePublished\":\"2020-02-18T07:36:59+00:00\",\"breadcrumb\":{\"@id\":\"https:\/\/buscoequipomedico.com\/?product=otoscopio-halogeno-de-3-5v-macroview-con-bulbo-insuflador#breadcrumb\"},\"inLanguage\":\"es\",\"potentialAction\":[{\"@type\":\"ReadAction\",\"target\":[\"https:\/\/buscoequipomedico.com\/?product=otoscopio-halogeno-de-3-5v-macroview-con-bulbo-insuflador\"]}]},{\"@type\":\"ImageObject\",\"inLanguage\":\"es\",\"@id\":\"https:\/\/buscoequipomedico.com\/?product=otoscopio-halogeno-de-3-5v-macroview-con-bulbo-insuflador#primaryimage\",\"url\":\"https:\/\/buscoequipomedico.com\/wp-content\/uploads\/2020\/02\/otoscopio-halogeno-de-35v-macroview-con-bulbo-insuflador-el-nuevo-otoscopio-macroview-de-welch-allyn-cambiara-para-siempre-la-fo.jpg\",\"contentUrl\":\"https:\/\/buscoequipomedico.com\/wp-content\/uploads\/2020\/02\/otoscopio-halogeno-de-35v-macroview-con-bulbo-insuflador-el-nuevo-otoscopio-macroview-de-welch-allyn-cambiara-para-siempre-la-fo.jpg\",\"width\":800,\"height\":800},{\"@type\":\"BreadcrumbList\",\"@id\":\"https:\/\/buscoequipomedico.com\/?product=otoscopio-halogeno-de-3-5v-macroview-con-bulbo-insuflador#breadcrumb\",\"itemListElement\":[{\"@type\":\"ListItem\",\"position\":1,\"name\":\"Productos\",\"item\":\"https:\/\/buscoequipomedico.com\/shop\/\"},{\"@type\":\"ListItem\",\"position\":2,\"name\":\"OTOSCOPIO HALOGENO DE 3.5v MACROVIEW CON BULBO INSUFLADOR\"}]},{\"@type\":\"WebSite\",\"@id\":\"https:\/\/buscoequipomedico.com\/#website\",\"url\":\"https:\/\/buscoequipomedico.com\/\",\"name\":\"Tu mejor opci\u00f3n Equipo M\u00e9dico M\u00e9xico\",\"description\":\"Tienda de equipo m\u00e9dico\",\"publisher\":{\"@id\":\"https:\/\/buscoequipomedico.com\/#organization\"},\"potentialAction\":[{\"@type\":\"SearchAction\",\"target\":{\"@type\":\"EntryPoint\",\"urlTemplate\":\"https:\/\/buscoequipomedico.com\/?s={search_term_string}\"},\"query-input\":{\"@type\":\"PropertyValueSpecification\",\"valueRequired\":true,\"valueName\":\"search_term_string\"}}],\"inLanguage\":\"es\"},{\"@type\":\"Organization\",\"@id\":\"https:\/\/buscoequipomedico.com\/#organization\",\"name\":\"Tu mejor opci\u00f3n Equipo M\u00e9dico M\u00e9xico\",\"url\":\"https:\/\/buscoequipomedico.com\/\",\"logo\":{\"@type\":\"ImageObject\",\"inLanguage\":\"es\",\"@id\":\"https:\/\/buscoequipomedico.com\/#\/schema\/logo\/image\/\",\"url\":\"https:\/\/buscoequipomedico.com\/wp-content\/uploads\/2021\/07\/EMM-VPrincipal-scaled.jpg\",\"contentUrl\":\"https:\/\/buscoequipomedico.com\/wp-content\/uploads\/2021\/07\/EMM-VPrincipal-scaled.jpg\",\"width\":2560,\"height\":1058,\"caption\":\"Tu mejor opci\u00f3n Equipo M\u00e9dico M\u00e9xico\"},\"image\":{\"@id\":\"https:\/\/buscoequipomedico.com\/#\/schema\/logo\/image\/\"}}]}<\/script>\n<!-- \/ Yoast SEO plugin. -->","yoast_head_json":{"title":"OTOSCOPIO HALOGENO DE 3.5v MACROVIEW CON BULBO INSUFLADOR - Tu mejor opci\u00f3n Equipo M\u00e9dico M\u00e9xico","robots":{"index":"index","follow":"follow","max-snippet":"max-snippet:-1","max-image-preview":"max-image-preview:large","max-video-preview":"max-video-preview:-1"},"canonical":"https:\/\/buscoequipomedico.com\/?product=otoscopio-halogeno-de-3-5v-macroview-con-bulbo-insuflador","og_locale":"es_ES","og_type":"article","og_title":"OTOSCOPIO HALOGENO DE 3.5v MACROVIEW CON BULBO INSUFLADOR - Tu mejor opci\u00f3n Equipo M\u00e9dico M\u00e9xico","og_description":"El nuevo Otoscopio MacroView de Welch Allyn cambiar\u00e1 para siempre la forma de ver el o\u00eddo \u2014 sin cambiar la forma de trabajar.","og_url":"https:\/\/buscoequipomedico.com\/?product=otoscopio-halogeno-de-3-5v-macroview-con-bulbo-insuflador","og_site_name":"Tu mejor opci\u00f3n Equipo M\u00e9dico M\u00e9xico","og_image":[{"width":800,"height":800,"url":"https:\/\/buscoequipomedico.com\/wp-content\/uploads\/2020\/02\/otoscopio-halogeno-de-35v-macroview-con-bulbo-insuflador-el-nuevo-otoscopio-macroview-de-welch-allyn-cambiara-para-siempre-la-fo.jpg","type":"image\/png"}],"twitter_card":"summary_large_image","twitter_misc":{"Tiempo de lectura":"1 minuto"},"schema":{"@context":"https:\/\/schema.org","@graph":[{"@type":"WebPage","@id":"https:\/\/buscoequipomedico.com\/?product=otoscopio-halogeno-de-3-5v-macroview-con-bulbo-insuflador","url":"https:\/\/buscoequipomedico.com\/?product=otoscopio-halogeno-de-3-5v-macroview-con-bulbo-insuflador","name":"OTOSCOPIO HALOGENO DE 3.5v MACROVIEW CON BULBO INSUFLADOR - Tu mejor opci\u00f3n Equipo M\u00e9dico M\u00e9xico","isPartOf":{"@id":"https:\/\/buscoequipomedico.com\/#website"},"primaryImageOfPage":{"@id":"https:\/\/buscoequipomedico.com\/?product=otoscopio-halogeno-de-3-5v-macroview-con-bulbo-insuflador#primaryimage"},"image":{"@id":"https:\/\/buscoequipomedico.com\/?product=otoscopio-halogeno-de-3-5v-macroview-con-bulbo-insuflador#primaryimage"},"thumbnailUrl":"https:\/\/buscoequipomedico.com\/wp-content\/uploads\/2020\/02\/otoscopio-halogeno-de-35v-macroview-con-bulbo-insuflador-el-nuevo-otoscopio-macroview-de-welch-allyn-cambiara-para-siempre-la-fo.jpg","datePublished":"2020-02-18T07:36:59+00:00","breadcrumb":{"@id":"https:\/\/buscoequipomedico.com\/?product=otoscopio-halogeno-de-3-5v-macroview-con-bulbo-insuflador#breadcrumb"},"inLanguage":"es","potentialAction":[{"@type":"ReadAction","target":["https:\/\/buscoequipomedico.com\/?product=otoscopio-halogeno-de-3-5v-macroview-con-bulbo-insuflador"]}]},{"@type":"ImageObject","inLanguage":"es","@id":"https:\/\/buscoequipomedico.com\/?product=otoscopio-halogeno-de-3-5v-macroview-con-bulbo-insuflador#primaryimage","url":"https:\/\/buscoequipomedico.com\/wp-content\/uploads\/2020\/02\/otoscopio-halogeno-de-35v-macroview-con-bulbo-insuflador-el-nuevo-otoscopio-macroview-de-welch-allyn-cambiara-para-siempre-la-fo.jpg","contentUrl":"https:\/\/buscoequipomedico.com\/wp-content\/uploads\/2020\/02\/otoscopio-halogeno-de-35v-macroview-con-bulbo-insuflador-el-nuevo-otoscopio-macroview-de-welch-allyn-cambiara-para-siempre-la-fo.jpg","width":800,"height":800},{"@type":"BreadcrumbList","@id":"https:\/\/buscoequipomedico.com\/?product=otoscopio-halogeno-de-3-5v-macroview-con-bulbo-insuflador#breadcrumb","itemListElement":[{"@type":"ListItem","position":1,"name":"Productos","item":"https:\/\/buscoequipomedico.com\/shop\/"},{"@type":"ListItem","position":2,"name":"OTOSCOPIO HALOGENO DE 3.5v MACROVIEW CON BULBO INSUFLADOR"}]},{"@type":"WebSite","@id":"https:\/\/buscoequipomedico.com\/#website","url":"https:\/\/buscoequipomedico.com\/","name":"Tu mejor opci\u00f3n Equipo M\u00e9dico M\u00e9xico","description":"Tienda de equipo m\u00e9dico","publisher":{"@id":"https:\/\/buscoequipomedico.com\/#organization"},"potentialAction":[{"@type":"SearchAction","target":{"@type":"EntryPoint","urlTemplate":"https:\/\/buscoequipomedico.com\/?s={search_term_string}"},"query-input":{"@type":"PropertyValueSpecification","valueRequired":true,"valueName":"search_term_string"}}],"inLanguage":"es"},{"@type":"Organization","@id":"https:\/\/buscoequipomedico.com\/#organization","name":"Tu mejor opci\u00f3n Equipo M\u00e9dico M\u00e9xico","url":"https:\/\/buscoequipomedico.com\/","logo":{"@type":"ImageObject","inLanguage":"es","@id":"https:\/\/buscoequipomedico.com\/#\/schema\/logo\/image\/","url":"https:\/\/buscoequipomedico.com\/wp-content\/uploads\/2021\/07\/EMM-VPrincipal-scaled.jpg","contentUrl":"https:\/\/buscoequipomedico.com\/wp-content\/uploads\/2021\/07\/EMM-VPrincipal-scaled.jpg","width":2560,"height":1058,"caption":"Tu mejor opci\u00f3n Equipo M\u00e9dico M\u00e9xico"},"image":{"@id":"https:\/\/buscoequipomedico.com\/#\/schema\/logo\/image\/"}}]}},"_links":{"self":[{"href":"https:\/\/buscoequipomedico.com\/index.php?rest_route=\/wp\/v2\/product\/13065","targetHints":{"allow":["GET"]}}],"collection":[{"href":"https:\/\/buscoequipomedico.com\/index.php?rest_route=\/wp\/v2\/product"}],"about":[{"href":"https:\/\/buscoequipomedico.com\/index.php?rest_route=\/wp\/v2\/types\/product"}],"wp:featuredmedia":[{"embeddable":true,"href":"https:\/\/buscoequipomedico.com\/index.php?rest_route=\/wp\/v2\/media\/13066"}],"wp:attachment":[{"href":"https:\/\/buscoequipomedico.com\/index.php?rest_route=%2Fwp%2Fv2%2Fmedia&parent=13065"}],"wp:term":[{"taxonomy":"product_brand","embeddable":true,"href":"https:\/\/buscoequipomedico.com\/index.php?rest_route=%2Fwp%2Fv2%2Fproduct_brand&post=13065"},{"taxonomy":"product_cat","embeddable":true,"href":"https:\/\/buscoequipomedico.com\/index.php?rest_route=%2Fwp%2Fv2%2Fproduct_cat&post=13065"},{"taxonomy":"product_tag","embeddable":true,"href":"https:\/\/buscoequipomedico.com\/index.php?rest_route=%2Fwp%2Fv2%2Fproduct_tag&post=13065"}],"curies":[{"name":"wp","href":"https:\/\/api.w.org\/{rel}","templated":true}]}}