{"id":13085,"date":"2020-02-18T07:36:59","date_gmt":"2020-02-18T07:36:59","guid":{"rendered":"https:\/\/equipomedicomexico-com.preview-domain.com\/product\/otoscopio-digital-macroview-con-cable-usb\/"},"modified":"2020-02-18T07:37:02","modified_gmt":"2020-02-18T07:37:02","slug":"otoscopio-digital-macroview-con-cable-usb","status":"publish","type":"product","link":"https:\/\/buscoequipomedico.com\/?product=otoscopio-digital-macroview-con-cable-usb","title":{"rendered":"OTOSCOPIO DIGITAL MACROVIEW CON CABLE USB"},"content":{"rendered":"<ul>\n<li>Puerto de insuflaci\u00f3n para otoscop\u00eda neum\u00e1tica.<\/li>\n<li>Compatible con la variedad de fuentes de alimentaci\u00f3n de 3,5 V de Welch Allyn.<\/li>\n<li>Funci\u00f3n de zoom para una mejor visualizaci\u00f3n.<\/li>\n<li>Mejora la comunicaci\u00f3n, lo que puede producir una mayor satisfacci\u00f3n del paciente.<\/li>\n<li>Permite almacenar im\u00e1genes digitales en los registros del paciente para una mejor documentaci\u00f3n del resultado del examen.<\/li>\n<li>Le proporciona la capacidad de compartir im\u00e1genes con otros profesionales de la salud como referencia visual descriptiva.<\/li>\n<li>Le da una excelente ayuda de capacitaci\u00f3n para prop\u00f3sitos educativos.<\/li>\n<li>Ofrece la capacidad de ver peque\u00f1os detalles de conductos y dispositivos para optimizar la audici\u00f3n.<\/li>\n<\/ul>\n","protected":false},"excerpt":{"rendered":"<p><span>Observa. Comparte. Guarda. Con im\u00e1genes claras, en vivo y fijas del conducto auditivo y la membrana timp\u00e1nica, el Otoscopio Digital MacroView es una herramienta valiosa que apoya el tratamiento de los o\u00eddos de sus pacientes. No requiere la compra adicional de software. El Otoscopio Digital MacroView es f\u00e1cil de aprender y usar.<\/span><\/p>\n","protected":false},"featured_media":13086,"template":"","meta":{"_joinchat":[]},"product_brand":[],"product_cat":[244,311],"product_tag":[],"class_list":{"0":"post-13085","1":"product","2":"type-product","3":"status-publish","4":"has-post-thumbnail","6":"product_cat-equipos-de-diagnostico","7":"product_cat-otoscopios","9":"first","10":"instock","11":"purchasable","12":"product-type-simple"},"yoast_head":"<!-- This site is optimized with the Yoast SEO plugin v25.1 - https:\/\/yoast.com\/wordpress\/plugins\/seo\/ -->\n<title>OTOSCOPIO DIGITAL MACROVIEW CON CABLE USB - Tu mejor opci\u00f3n Equipo M\u00e9dico M\u00e9xico<\/title>\n<meta name=\"robots\" content=\"index, follow, max-snippet:-1, max-image-preview:large, max-video-preview:-1\" \/>\n<link rel=\"canonical\" href=\"https:\/\/buscoequipomedico.com\/?product=otoscopio-digital-macroview-con-cable-usb\" \/>\n<meta property=\"og:locale\" content=\"es_ES\" \/>\n<meta property=\"og:type\" content=\"article\" \/>\n<meta property=\"og:title\" content=\"OTOSCOPIO DIGITAL MACROVIEW CON CABLE USB - Tu mejor opci\u00f3n Equipo M\u00e9dico M\u00e9xico\" \/>\n<meta property=\"og:description\" content=\"Observa. Comparte. Guarda. Con im\u00e1genes claras, en vivo y fijas del conducto auditivo y la membrana timp\u00e1nica, el Otoscopio Digital MacroView es una herramienta valiosa que apoya el tratamiento de los o\u00eddos de sus pacientes. No requiere la compra adicional de software. El Otoscopio Digital MacroView es f\u00e1cil de aprender y usar.\" \/>\n<meta property=\"og:url\" content=\"https:\/\/buscoequipomedico.com\/?product=otoscopio-digital-macroview-con-cable-usb\" \/>\n<meta property=\"og:site_name\" content=\"Tu mejor opci\u00f3n Equipo M\u00e9dico M\u00e9xico\" \/>\n<meta property=\"article:modified_time\" content=\"2020-02-18T07:37:02+00:00\" \/>\n<meta property=\"og:image\" content=\"https:\/\/buscoequipomedico.com\/wp-content\/uploads\/2020\/02\/otoscopio-digital-macroview-con-cable-usb-observa-comparte-guarda-con-imagenes-claras-en-vivo-y-fijas-del-conducto-auditivo-y-la.jpg\" \/>\n\t<meta property=\"og:image:width\" content=\"800\" \/>\n\t<meta property=\"og:image:height\" content=\"800\" \/>\n\t<meta property=\"og:image:type\" content=\"image\/jpeg\" \/>\n<meta name=\"twitter:card\" content=\"summary_large_image\" \/>\n<meta name=\"twitter:label1\" content=\"Tiempo de lectura\" \/>\n\t<meta name=\"twitter:data1\" content=\"1 minuto\" \/>\n<script type=\"application\/ld+json\" class=\"yoast-schema-graph\">{\"@context\":\"https:\/\/schema.org\",\"@graph\":[{\"@type\":\"WebPage\",\"@id\":\"https:\/\/buscoequipomedico.com\/?product=otoscopio-digital-macroview-con-cable-usb\",\"url\":\"https:\/\/buscoequipomedico.com\/?product=otoscopio-digital-macroview-con-cable-usb\",\"name\":\"OTOSCOPIO DIGITAL MACROVIEW CON CABLE USB - Tu mejor opci\u00f3n Equipo M\u00e9dico M\u00e9xico\",\"isPartOf\":{\"@id\":\"https:\/\/buscoequipomedico.com\/#website\"},\"primaryImageOfPage\":{\"@id\":\"https:\/\/buscoequipomedico.com\/?product=otoscopio-digital-macroview-con-cable-usb#primaryimage\"},\"image\":{\"@id\":\"https:\/\/buscoequipomedico.com\/?product=otoscopio-digital-macroview-con-cable-usb#primaryimage\"},\"thumbnailUrl\":\"https:\/\/buscoequipomedico.com\/wp-content\/uploads\/2020\/02\/otoscopio-digital-macroview-con-cable-usb-observa-comparte-guarda-con-imagenes-claras-en-vivo-y-fijas-del-conducto-auditivo-y-la.jpg\",\"datePublished\":\"2020-02-18T07:36:59+00:00\",\"dateModified\":\"2020-02-18T07:37:02+00:00\",\"breadcrumb\":{\"@id\":\"https:\/\/buscoequipomedico.com\/?product=otoscopio-digital-macroview-con-cable-usb#breadcrumb\"},\"inLanguage\":\"es\",\"potentialAction\":[{\"@type\":\"ReadAction\",\"target\":[\"https:\/\/buscoequipomedico.com\/?product=otoscopio-digital-macroview-con-cable-usb\"]}]},{\"@type\":\"ImageObject\",\"inLanguage\":\"es\",\"@id\":\"https:\/\/buscoequipomedico.com\/?product=otoscopio-digital-macroview-con-cable-usb#primaryimage\",\"url\":\"https:\/\/buscoequipomedico.com\/wp-content\/uploads\/2020\/02\/otoscopio-digital-macroview-con-cable-usb-observa-comparte-guarda-con-imagenes-claras-en-vivo-y-fijas-del-conducto-auditivo-y-la.jpg\",\"contentUrl\":\"https:\/\/buscoequipomedico.com\/wp-content\/uploads\/2020\/02\/otoscopio-digital-macroview-con-cable-usb-observa-comparte-guarda-con-imagenes-claras-en-vivo-y-fijas-del-conducto-auditivo-y-la.jpg\",\"width\":800,\"height\":800},{\"@type\":\"BreadcrumbList\",\"@id\":\"https:\/\/buscoequipomedico.com\/?product=otoscopio-digital-macroview-con-cable-usb#breadcrumb\",\"itemListElement\":[{\"@type\":\"ListItem\",\"position\":1,\"name\":\"Productos\",\"item\":\"https:\/\/buscoequipomedico.com\/shop\/\"},{\"@type\":\"ListItem\",\"position\":2,\"name\":\"OTOSCOPIO DIGITAL MACROVIEW CON CABLE USB\"}]},{\"@type\":\"WebSite\",\"@id\":\"https:\/\/buscoequipomedico.com\/#website\",\"url\":\"https:\/\/buscoequipomedico.com\/\",\"name\":\"Tu mejor opci\u00f3n Equipo M\u00e9dico M\u00e9xico\",\"description\":\"Tienda de equipo m\u00e9dico\",\"publisher\":{\"@id\":\"https:\/\/buscoequipomedico.com\/#organization\"},\"potentialAction\":[{\"@type\":\"SearchAction\",\"target\":{\"@type\":\"EntryPoint\",\"urlTemplate\":\"https:\/\/buscoequipomedico.com\/?s={search_term_string}\"},\"query-input\":{\"@type\":\"PropertyValueSpecification\",\"valueRequired\":true,\"valueName\":\"search_term_string\"}}],\"inLanguage\":\"es\"},{\"@type\":\"Organization\",\"@id\":\"https:\/\/buscoequipomedico.com\/#organization\",\"name\":\"Tu mejor opci\u00f3n Equipo M\u00e9dico M\u00e9xico\",\"url\":\"https:\/\/buscoequipomedico.com\/\",\"logo\":{\"@type\":\"ImageObject\",\"inLanguage\":\"es\",\"@id\":\"https:\/\/buscoequipomedico.com\/#\/schema\/logo\/image\/\",\"url\":\"https:\/\/buscoequipomedico.com\/wp-content\/uploads\/2021\/07\/EMM-VPrincipal-scaled.jpg\",\"contentUrl\":\"https:\/\/buscoequipomedico.com\/wp-content\/uploads\/2021\/07\/EMM-VPrincipal-scaled.jpg\",\"width\":2560,\"height\":1058,\"caption\":\"Tu mejor opci\u00f3n Equipo M\u00e9dico M\u00e9xico\"},\"image\":{\"@id\":\"https:\/\/buscoequipomedico.com\/#\/schema\/logo\/image\/\"}}]}<\/script>\n<!-- \/ Yoast SEO plugin. -->","yoast_head_json":{"title":"OTOSCOPIO DIGITAL MACROVIEW CON CABLE USB - Tu mejor opci\u00f3n Equipo M\u00e9dico M\u00e9xico","robots":{"index":"index","follow":"follow","max-snippet":"max-snippet:-1","max-image-preview":"max-image-preview:large","max-video-preview":"max-video-preview:-1"},"canonical":"https:\/\/buscoequipomedico.com\/?product=otoscopio-digital-macroview-con-cable-usb","og_locale":"es_ES","og_type":"article","og_title":"OTOSCOPIO DIGITAL MACROVIEW CON CABLE USB - Tu mejor opci\u00f3n Equipo M\u00e9dico M\u00e9xico","og_description":"Observa. Comparte. Guarda. Con im\u00e1genes claras, en vivo y fijas del conducto auditivo y la membrana timp\u00e1nica, el Otoscopio Digital MacroView es una herramienta valiosa que apoya el tratamiento de los o\u00eddos de sus pacientes. No requiere la compra adicional de software. El Otoscopio Digital MacroView es f\u00e1cil de aprender y usar.","og_url":"https:\/\/buscoequipomedico.com\/?product=otoscopio-digital-macroview-con-cable-usb","og_site_name":"Tu mejor opci\u00f3n Equipo M\u00e9dico M\u00e9xico","article_modified_time":"2020-02-18T07:37:02+00:00","og_image":[{"width":800,"height":800,"url":"https:\/\/buscoequipomedico.com\/wp-content\/uploads\/2020\/02\/otoscopio-digital-macroview-con-cable-usb-observa-comparte-guarda-con-imagenes-claras-en-vivo-y-fijas-del-conducto-auditivo-y-la.jpg","type":"image\/jpeg"}],"twitter_card":"summary_large_image","twitter_misc":{"Tiempo de lectura":"1 minuto"},"schema":{"@context":"https:\/\/schema.org","@graph":[{"@type":"WebPage","@id":"https:\/\/buscoequipomedico.com\/?product=otoscopio-digital-macroview-con-cable-usb","url":"https:\/\/buscoequipomedico.com\/?product=otoscopio-digital-macroview-con-cable-usb","name":"OTOSCOPIO DIGITAL MACROVIEW CON CABLE USB - Tu mejor opci\u00f3n Equipo M\u00e9dico M\u00e9xico","isPartOf":{"@id":"https:\/\/buscoequipomedico.com\/#website"},"primaryImageOfPage":{"@id":"https:\/\/buscoequipomedico.com\/?product=otoscopio-digital-macroview-con-cable-usb#primaryimage"},"image":{"@id":"https:\/\/buscoequipomedico.com\/?product=otoscopio-digital-macroview-con-cable-usb#primaryimage"},"thumbnailUrl":"https:\/\/buscoequipomedico.com\/wp-content\/uploads\/2020\/02\/otoscopio-digital-macroview-con-cable-usb-observa-comparte-guarda-con-imagenes-claras-en-vivo-y-fijas-del-conducto-auditivo-y-la.jpg","datePublished":"2020-02-18T07:36:59+00:00","dateModified":"2020-02-18T07:37:02+00:00","breadcrumb":{"@id":"https:\/\/buscoequipomedico.com\/?product=otoscopio-digital-macroview-con-cable-usb#breadcrumb"},"inLanguage":"es","potentialAction":[{"@type":"ReadAction","target":["https:\/\/buscoequipomedico.com\/?product=otoscopio-digital-macroview-con-cable-usb"]}]},{"@type":"ImageObject","inLanguage":"es","@id":"https:\/\/buscoequipomedico.com\/?product=otoscopio-digital-macroview-con-cable-usb#primaryimage","url":"https:\/\/buscoequipomedico.com\/wp-content\/uploads\/2020\/02\/otoscopio-digital-macroview-con-cable-usb-observa-comparte-guarda-con-imagenes-claras-en-vivo-y-fijas-del-conducto-auditivo-y-la.jpg","contentUrl":"https:\/\/buscoequipomedico.com\/wp-content\/uploads\/2020\/02\/otoscopio-digital-macroview-con-cable-usb-observa-comparte-guarda-con-imagenes-claras-en-vivo-y-fijas-del-conducto-auditivo-y-la.jpg","width":800,"height":800},{"@type":"BreadcrumbList","@id":"https:\/\/buscoequipomedico.com\/?product=otoscopio-digital-macroview-con-cable-usb#breadcrumb","itemListElement":[{"@type":"ListItem","position":1,"name":"Productos","item":"https:\/\/buscoequipomedico.com\/shop\/"},{"@type":"ListItem","position":2,"name":"OTOSCOPIO DIGITAL MACROVIEW CON CABLE USB"}]},{"@type":"WebSite","@id":"https:\/\/buscoequipomedico.com\/#website","url":"https:\/\/buscoequipomedico.com\/","name":"Tu mejor opci\u00f3n Equipo M\u00e9dico M\u00e9xico","description":"Tienda de equipo m\u00e9dico","publisher":{"@id":"https:\/\/buscoequipomedico.com\/#organization"},"potentialAction":[{"@type":"SearchAction","target":{"@type":"EntryPoint","urlTemplate":"https:\/\/buscoequipomedico.com\/?s={search_term_string}"},"query-input":{"@type":"PropertyValueSpecification","valueRequired":true,"valueName":"search_term_string"}}],"inLanguage":"es"},{"@type":"Organization","@id":"https:\/\/buscoequipomedico.com\/#organization","name":"Tu mejor opci\u00f3n Equipo M\u00e9dico M\u00e9xico","url":"https:\/\/buscoequipomedico.com\/","logo":{"@type":"ImageObject","inLanguage":"es","@id":"https:\/\/buscoequipomedico.com\/#\/schema\/logo\/image\/","url":"https:\/\/buscoequipomedico.com\/wp-content\/uploads\/2021\/07\/EMM-VPrincipal-scaled.jpg","contentUrl":"https:\/\/buscoequipomedico.com\/wp-content\/uploads\/2021\/07\/EMM-VPrincipal-scaled.jpg","width":2560,"height":1058,"caption":"Tu mejor opci\u00f3n Equipo M\u00e9dico M\u00e9xico"},"image":{"@id":"https:\/\/buscoequipomedico.com\/#\/schema\/logo\/image\/"}}]}},"_links":{"self":[{"href":"https:\/\/buscoequipomedico.com\/index.php?rest_route=\/wp\/v2\/product\/13085","targetHints":{"allow":["GET"]}}],"collection":[{"href":"https:\/\/buscoequipomedico.com\/index.php?rest_route=\/wp\/v2\/product"}],"about":[{"href":"https:\/\/buscoequipomedico.com\/index.php?rest_route=\/wp\/v2\/types\/product"}],"wp:featuredmedia":[{"embeddable":true,"href":"https:\/\/buscoequipomedico.com\/index.php?rest_route=\/wp\/v2\/media\/13086"}],"wp:attachment":[{"href":"https:\/\/buscoequipomedico.com\/index.php?rest_route=%2Fwp%2Fv2%2Fmedia&parent=13085"}],"wp:term":[{"taxonomy":"product_brand","embeddable":true,"href":"https:\/\/buscoequipomedico.com\/index.php?rest_route=%2Fwp%2Fv2%2Fproduct_brand&post=13085"},{"taxonomy":"product_cat","embeddable":true,"href":"https:\/\/buscoequipomedico.com\/index.php?rest_route=%2Fwp%2Fv2%2Fproduct_cat&post=13085"},{"taxonomy":"product_tag","embeddable":true,"href":"https:\/\/buscoequipomedico.com\/index.php?rest_route=%2Fwp%2Fv2%2Fproduct_tag&post=13085"}],"curies":[{"name":"wp","href":"https:\/\/api.w.org\/{rel}","templated":true}]}}