{"id":13103,"date":"2020-02-18T07:37:04","date_gmt":"2020-02-18T07:37:04","guid":{"rendered":"https:\/\/equipomedicomexico-com.preview-domain.com\/product\/otoscopio-f-o-k180-2-5-v\/"},"modified":"2020-02-18T07:37:04","modified_gmt":"2020-02-18T07:37:04","slug":"otoscopio-f-o-k180-2-5-v","status":"publish","type":"product","link":"https:\/\/buscoequipomedico.com\/?product=otoscopio-f-o-k180-2-5-v","title":{"rendered":"OTOSCOPIO F.O. K180 2.5 V"},"content":{"rendered":"<p><span>\u00bbTecnolog\u00eda XHL de iluminaci\u00f3n de gran intensidad que previene la creaci\u00f3n<\/span><br \/><span>de sombras y reflejos, ayudando a realizar un diagn\u00f3stico m\u00e1s exacto.<\/span><br \/><span>\u00bbFabricado con componentes y mano de obra 100% Alemana.<\/span><br \/><span>\u00bbLa marca Heine establece los est\u00e1ndares de calidad con que se miden<\/span><br \/><span>los dem\u00e1s instrumentos de diagn\u00f3stico.<\/span><br \/><span>\u00bbEl mango recargable, evita el gasto constante en bater\u00edas y ofrece<\/span><br \/><span>una luz de 2.5 V 5 a\u00f1os de garant\u00eda contra defectos de fabricaci\u00f3n.<\/span><\/p>\n","protected":false},"excerpt":{"rendered":"<p><span>\u00bbOtoscopio K 180 con Fibra \u00d3ptica, ventana deslizable y conexi\u00f3n<\/span><br \/><span>para insuflador.<\/span><br \/><span>\u00bbXHL tecnolog\u00eda Xen\u00f3n Hal\u00f3gena luz muy clara y blanca de 2.5 V.<\/span><br \/><span>\u00bbImagen brillante.<\/span><br \/><span>\u00bbVentana de visualizaci\u00f3n con tres aumentos amplia a prueba de<\/span><br \/><span>rayado de vidrio \u00f3ptico corregido con tres aumentos.<\/span><br \/><span>\u00bbAbsoluta seguridad para prueba neum\u00e1tica del t\u00edmpano.<\/span><br \/><span>\u00bbAmplio espacio para instrumentar bajo ampliaci\u00f3n.<\/span><br \/><span>\u00bbFabricado en Policarbonato de alta resistencia a impactos.<\/span><\/p>\n","protected":false},"featured_media":13104,"template":"","meta":{"_joinchat":[]},"product_brand":[],"product_cat":[244,311],"product_tag":[],"class_list":{"0":"post-13103","1":"product","2":"type-product","3":"status-publish","4":"has-post-thumbnail","6":"product_cat-equipos-de-diagnostico","7":"product_cat-otoscopios","8":"pa_marca-heine","10":"first","11":"instock","12":"purchasable","13":"product-type-simple"},"yoast_head":"<!-- This site is optimized with the Yoast SEO plugin v25.1 - https:\/\/yoast.com\/wordpress\/plugins\/seo\/ -->\n<title>OTOSCOPIO F.O. K180 2.5 V - Tu mejor opci\u00f3n Equipo M\u00e9dico M\u00e9xico<\/title>\n<meta name=\"robots\" content=\"index, follow, max-snippet:-1, max-image-preview:large, max-video-preview:-1\" \/>\n<link rel=\"canonical\" href=\"https:\/\/buscoequipomedico.com\/?product=otoscopio-f-o-k180-2-5-v\" \/>\n<meta property=\"og:locale\" content=\"es_ES\" \/>\n<meta property=\"og:type\" content=\"article\" \/>\n<meta property=\"og:title\" content=\"OTOSCOPIO F.O. K180 2.5 V - Tu mejor opci\u00f3n Equipo M\u00e9dico M\u00e9xico\" \/>\n<meta property=\"og:description\" content=\"\u00bbOtoscopio K 180 con Fibra \u00d3ptica, ventana deslizable y conexi\u00f3npara insuflador.\u00bbXHL tecnolog\u00eda Xen\u00f3n Hal\u00f3gena luz muy clara y blanca de 2.5 V.\u00bbImagen brillante.\u00bbVentana de visualizaci\u00f3n con tres aumentos amplia a prueba derayado de vidrio \u00f3ptico corregido con tres aumentos.\u00bbAbsoluta seguridad para prueba neum\u00e1tica del t\u00edmpano.\u00bbAmplio espacio para instrumentar bajo ampliaci\u00f3n.\u00bbFabricado en Policarbonato de alta resistencia a impactos.\" \/>\n<meta property=\"og:url\" content=\"https:\/\/buscoequipomedico.com\/?product=otoscopio-f-o-k180-2-5-v\" \/>\n<meta property=\"og:site_name\" content=\"Tu mejor opci\u00f3n Equipo M\u00e9dico M\u00e9xico\" \/>\n<meta property=\"og:image\" content=\"https:\/\/buscoequipomedico.com\/wp-content\/uploads\/2020\/02\/otoscopio-fo-k180-25-v-otoscopio-k-180-con-fibra-optica-ventana-deslizable-y-conexionpara-insufladorxhl-tecnologia-xenon-halogen.jpg\" \/>\n\t<meta property=\"og:image:width\" content=\"800\" \/>\n\t<meta property=\"og:image:height\" content=\"800\" \/>\n\t<meta property=\"og:image:type\" content=\"image\/png\" \/>\n<meta name=\"twitter:card\" content=\"summary_large_image\" \/>\n<script type=\"application\/ld+json\" class=\"yoast-schema-graph\">{\"@context\":\"https:\/\/schema.org\",\"@graph\":[{\"@type\":\"WebPage\",\"@id\":\"https:\/\/buscoequipomedico.com\/?product=otoscopio-f-o-k180-2-5-v\",\"url\":\"https:\/\/buscoequipomedico.com\/?product=otoscopio-f-o-k180-2-5-v\",\"name\":\"OTOSCOPIO F.O. K180 2.5 V - Tu mejor opci\u00f3n Equipo M\u00e9dico M\u00e9xico\",\"isPartOf\":{\"@id\":\"https:\/\/buscoequipomedico.com\/#website\"},\"primaryImageOfPage\":{\"@id\":\"https:\/\/buscoequipomedico.com\/?product=otoscopio-f-o-k180-2-5-v#primaryimage\"},\"image\":{\"@id\":\"https:\/\/buscoequipomedico.com\/?product=otoscopio-f-o-k180-2-5-v#primaryimage\"},\"thumbnailUrl\":\"https:\/\/buscoequipomedico.com\/wp-content\/uploads\/2020\/02\/otoscopio-fo-k180-25-v-otoscopio-k-180-con-fibra-optica-ventana-deslizable-y-conexionpara-insufladorxhl-tecnologia-xenon-halogen.jpg\",\"datePublished\":\"2020-02-18T07:37:04+00:00\",\"breadcrumb\":{\"@id\":\"https:\/\/buscoequipomedico.com\/?product=otoscopio-f-o-k180-2-5-v#breadcrumb\"},\"inLanguage\":\"es\",\"potentialAction\":[{\"@type\":\"ReadAction\",\"target\":[\"https:\/\/buscoequipomedico.com\/?product=otoscopio-f-o-k180-2-5-v\"]}]},{\"@type\":\"ImageObject\",\"inLanguage\":\"es\",\"@id\":\"https:\/\/buscoequipomedico.com\/?product=otoscopio-f-o-k180-2-5-v#primaryimage\",\"url\":\"https:\/\/buscoequipomedico.com\/wp-content\/uploads\/2020\/02\/otoscopio-fo-k180-25-v-otoscopio-k-180-con-fibra-optica-ventana-deslizable-y-conexionpara-insufladorxhl-tecnologia-xenon-halogen.jpg\",\"contentUrl\":\"https:\/\/buscoequipomedico.com\/wp-content\/uploads\/2020\/02\/otoscopio-fo-k180-25-v-otoscopio-k-180-con-fibra-optica-ventana-deslizable-y-conexionpara-insufladorxhl-tecnologia-xenon-halogen.jpg\",\"width\":800,\"height\":800},{\"@type\":\"BreadcrumbList\",\"@id\":\"https:\/\/buscoequipomedico.com\/?product=otoscopio-f-o-k180-2-5-v#breadcrumb\",\"itemListElement\":[{\"@type\":\"ListItem\",\"position\":1,\"name\":\"Productos\",\"item\":\"https:\/\/buscoequipomedico.com\/shop\/\"},{\"@type\":\"ListItem\",\"position\":2,\"name\":\"OTOSCOPIO F.O. K180 2.5 V\"}]},{\"@type\":\"WebSite\",\"@id\":\"https:\/\/buscoequipomedico.com\/#website\",\"url\":\"https:\/\/buscoequipomedico.com\/\",\"name\":\"Tu mejor opci\u00f3n Equipo M\u00e9dico M\u00e9xico\",\"description\":\"Tienda de equipo m\u00e9dico\",\"publisher\":{\"@id\":\"https:\/\/buscoequipomedico.com\/#organization\"},\"potentialAction\":[{\"@type\":\"SearchAction\",\"target\":{\"@type\":\"EntryPoint\",\"urlTemplate\":\"https:\/\/buscoequipomedico.com\/?s={search_term_string}\"},\"query-input\":{\"@type\":\"PropertyValueSpecification\",\"valueRequired\":true,\"valueName\":\"search_term_string\"}}],\"inLanguage\":\"es\"},{\"@type\":\"Organization\",\"@id\":\"https:\/\/buscoequipomedico.com\/#organization\",\"name\":\"Tu mejor opci\u00f3n Equipo M\u00e9dico M\u00e9xico\",\"url\":\"https:\/\/buscoequipomedico.com\/\",\"logo\":{\"@type\":\"ImageObject\",\"inLanguage\":\"es\",\"@id\":\"https:\/\/buscoequipomedico.com\/#\/schema\/logo\/image\/\",\"url\":\"https:\/\/buscoequipomedico.com\/wp-content\/uploads\/2021\/07\/EMM-VPrincipal-scaled.jpg\",\"contentUrl\":\"https:\/\/buscoequipomedico.com\/wp-content\/uploads\/2021\/07\/EMM-VPrincipal-scaled.jpg\",\"width\":2560,\"height\":1058,\"caption\":\"Tu mejor opci\u00f3n Equipo M\u00e9dico M\u00e9xico\"},\"image\":{\"@id\":\"https:\/\/buscoequipomedico.com\/#\/schema\/logo\/image\/\"}}]}<\/script>\n<!-- \/ Yoast SEO plugin. -->","yoast_head_json":{"title":"OTOSCOPIO F.O. K180 2.5 V - Tu mejor opci\u00f3n Equipo M\u00e9dico M\u00e9xico","robots":{"index":"index","follow":"follow","max-snippet":"max-snippet:-1","max-image-preview":"max-image-preview:large","max-video-preview":"max-video-preview:-1"},"canonical":"https:\/\/buscoequipomedico.com\/?product=otoscopio-f-o-k180-2-5-v","og_locale":"es_ES","og_type":"article","og_title":"OTOSCOPIO F.O. K180 2.5 V - Tu mejor opci\u00f3n Equipo M\u00e9dico M\u00e9xico","og_description":"\u00bbOtoscopio K 180 con Fibra \u00d3ptica, ventana deslizable y conexi\u00f3npara insuflador.\u00bbXHL tecnolog\u00eda Xen\u00f3n Hal\u00f3gena luz muy clara y blanca de 2.5 V.\u00bbImagen brillante.\u00bbVentana de visualizaci\u00f3n con tres aumentos amplia a prueba derayado de vidrio \u00f3ptico corregido con tres aumentos.\u00bbAbsoluta seguridad para prueba neum\u00e1tica del t\u00edmpano.\u00bbAmplio espacio para instrumentar bajo ampliaci\u00f3n.\u00bbFabricado en Policarbonato de alta resistencia a impactos.","og_url":"https:\/\/buscoequipomedico.com\/?product=otoscopio-f-o-k180-2-5-v","og_site_name":"Tu mejor opci\u00f3n Equipo M\u00e9dico M\u00e9xico","og_image":[{"width":800,"height":800,"url":"https:\/\/buscoequipomedico.com\/wp-content\/uploads\/2020\/02\/otoscopio-fo-k180-25-v-otoscopio-k-180-con-fibra-optica-ventana-deslizable-y-conexionpara-insufladorxhl-tecnologia-xenon-halogen.jpg","type":"image\/png"}],"twitter_card":"summary_large_image","schema":{"@context":"https:\/\/schema.org","@graph":[{"@type":"WebPage","@id":"https:\/\/buscoequipomedico.com\/?product=otoscopio-f-o-k180-2-5-v","url":"https:\/\/buscoequipomedico.com\/?product=otoscopio-f-o-k180-2-5-v","name":"OTOSCOPIO F.O. K180 2.5 V - Tu mejor opci\u00f3n Equipo M\u00e9dico M\u00e9xico","isPartOf":{"@id":"https:\/\/buscoequipomedico.com\/#website"},"primaryImageOfPage":{"@id":"https:\/\/buscoequipomedico.com\/?product=otoscopio-f-o-k180-2-5-v#primaryimage"},"image":{"@id":"https:\/\/buscoequipomedico.com\/?product=otoscopio-f-o-k180-2-5-v#primaryimage"},"thumbnailUrl":"https:\/\/buscoequipomedico.com\/wp-content\/uploads\/2020\/02\/otoscopio-fo-k180-25-v-otoscopio-k-180-con-fibra-optica-ventana-deslizable-y-conexionpara-insufladorxhl-tecnologia-xenon-halogen.jpg","datePublished":"2020-02-18T07:37:04+00:00","breadcrumb":{"@id":"https:\/\/buscoequipomedico.com\/?product=otoscopio-f-o-k180-2-5-v#breadcrumb"},"inLanguage":"es","potentialAction":[{"@type":"ReadAction","target":["https:\/\/buscoequipomedico.com\/?product=otoscopio-f-o-k180-2-5-v"]}]},{"@type":"ImageObject","inLanguage":"es","@id":"https:\/\/buscoequipomedico.com\/?product=otoscopio-f-o-k180-2-5-v#primaryimage","url":"https:\/\/buscoequipomedico.com\/wp-content\/uploads\/2020\/02\/otoscopio-fo-k180-25-v-otoscopio-k-180-con-fibra-optica-ventana-deslizable-y-conexionpara-insufladorxhl-tecnologia-xenon-halogen.jpg","contentUrl":"https:\/\/buscoequipomedico.com\/wp-content\/uploads\/2020\/02\/otoscopio-fo-k180-25-v-otoscopio-k-180-con-fibra-optica-ventana-deslizable-y-conexionpara-insufladorxhl-tecnologia-xenon-halogen.jpg","width":800,"height":800},{"@type":"BreadcrumbList","@id":"https:\/\/buscoequipomedico.com\/?product=otoscopio-f-o-k180-2-5-v#breadcrumb","itemListElement":[{"@type":"ListItem","position":1,"name":"Productos","item":"https:\/\/buscoequipomedico.com\/shop\/"},{"@type":"ListItem","position":2,"name":"OTOSCOPIO F.O. K180 2.5 V"}]},{"@type":"WebSite","@id":"https:\/\/buscoequipomedico.com\/#website","url":"https:\/\/buscoequipomedico.com\/","name":"Tu mejor opci\u00f3n Equipo M\u00e9dico M\u00e9xico","description":"Tienda de equipo m\u00e9dico","publisher":{"@id":"https:\/\/buscoequipomedico.com\/#organization"},"potentialAction":[{"@type":"SearchAction","target":{"@type":"EntryPoint","urlTemplate":"https:\/\/buscoequipomedico.com\/?s={search_term_string}"},"query-input":{"@type":"PropertyValueSpecification","valueRequired":true,"valueName":"search_term_string"}}],"inLanguage":"es"},{"@type":"Organization","@id":"https:\/\/buscoequipomedico.com\/#organization","name":"Tu mejor opci\u00f3n Equipo M\u00e9dico M\u00e9xico","url":"https:\/\/buscoequipomedico.com\/","logo":{"@type":"ImageObject","inLanguage":"es","@id":"https:\/\/buscoequipomedico.com\/#\/schema\/logo\/image\/","url":"https:\/\/buscoequipomedico.com\/wp-content\/uploads\/2021\/07\/EMM-VPrincipal-scaled.jpg","contentUrl":"https:\/\/buscoequipomedico.com\/wp-content\/uploads\/2021\/07\/EMM-VPrincipal-scaled.jpg","width":2560,"height":1058,"caption":"Tu mejor opci\u00f3n Equipo M\u00e9dico M\u00e9xico"},"image":{"@id":"https:\/\/buscoequipomedico.com\/#\/schema\/logo\/image\/"}}]}},"_links":{"self":[{"href":"https:\/\/buscoequipomedico.com\/index.php?rest_route=\/wp\/v2\/product\/13103","targetHints":{"allow":["GET"]}}],"collection":[{"href":"https:\/\/buscoequipomedico.com\/index.php?rest_route=\/wp\/v2\/product"}],"about":[{"href":"https:\/\/buscoequipomedico.com\/index.php?rest_route=\/wp\/v2\/types\/product"}],"wp:featuredmedia":[{"embeddable":true,"href":"https:\/\/buscoequipomedico.com\/index.php?rest_route=\/wp\/v2\/media\/13104"}],"wp:attachment":[{"href":"https:\/\/buscoequipomedico.com\/index.php?rest_route=%2Fwp%2Fv2%2Fmedia&parent=13103"}],"wp:term":[{"taxonomy":"product_brand","embeddable":true,"href":"https:\/\/buscoequipomedico.com\/index.php?rest_route=%2Fwp%2Fv2%2Fproduct_brand&post=13103"},{"taxonomy":"product_cat","embeddable":true,"href":"https:\/\/buscoequipomedico.com\/index.php?rest_route=%2Fwp%2Fv2%2Fproduct_cat&post=13103"},{"taxonomy":"product_tag","embeddable":true,"href":"https:\/\/buscoequipomedico.com\/index.php?rest_route=%2Fwp%2Fv2%2Fproduct_tag&post=13103"}],"curies":[{"name":"wp","href":"https:\/\/api.w.org\/{rel}","templated":true}]}}