{"id":13111,"date":"2020-02-18T07:37:04","date_gmt":"2020-02-18T07:37:04","guid":{"rendered":"https:\/\/equipomedicomexico-com.preview-domain.com\/product\/otoscopio-heine-mini-3000-color-azul\/"},"modified":"2020-02-18T07:37:05","modified_gmt":"2020-02-18T07:37:05","slug":"otoscopio-heine-mini-3000-color-azul","status":"publish","type":"product","link":"https:\/\/buscoequipomedico.com\/?product=otoscopio-heine-mini-3000-color-azul","title":{"rendered":"OTOSCOPIO HEINE MINI 3000 COLOR AZUL"},"content":{"rendered":"<p><span>\u00bbSatisface las exigencias m\u00e1s elevadas.<\/span><br \/><span>\u00bbA prueba de golpes, robusto y antideslizante.<\/span><br \/><span>\u00bbTecnolog\u00eda XHL de iluminaci\u00f3n de gran intensidad que previene la creaci\u00f3n<\/span><br \/><span>de sombras y reflejos, ayudando a realizar un diagn\u00f3stico m\u00e1s exacto.<\/span><br \/><span>\u00bbLa serie \u201cmini\u201d, compacta y manejable, est\u00e1 compuesta por instrumentos<\/span><br \/><span>de bolsillo compactos de Heine, con las caracter\u00edsticas de alta calidad de los<\/span><br \/><span>instrumentos \u201cFullsize\u201d de Heine.<\/span><br \/><span>\u00bbManejables y compactos, los productos mini 3000 cuentan con una<\/span><br \/><span>excepcional ergonom\u00eda y un equipamiento de alta calidad.<\/span><br \/><span>\u00bbFabricado con componentes y mano de obra 100% Alemana.<\/span><br \/><span>\u00bbLa marca Heine establece los est\u00e1ndares de calidad con que se miden los<\/span><br \/><span>dem\u00e1s instrumentos de diagn\u00f3stico.<\/span><\/p>\n","protected":false},"excerpt":{"rendered":"<p><span>\u00bbOtoscopio de bolsillo compacto con iluminaci\u00f3n directa.<\/span><br \/><span>\u00bbSuperficie interna del cabezal negro mate, elimina reflejos.<\/span><br \/><span>\u00bbCon Tecnolog\u00eda Xen\u00f3n Hal\u00f3gena mejorada con un aumento de luz del<\/span><br \/><span>100% frente a l\u00e1mparas convencionales.<\/span><br \/><span>\u00bbMango y cabezal en dos piezas.<\/span><br \/><span>\u00bbVentana de visualizaci\u00f3n con tres aumentos y con giro lateral.<\/span><br \/><span>\u00bbCarcasa del mango de alta calidad; aleaci\u00f3n de cromo\/pl\u00e1stico refinado.<\/span><br \/><span>\u00bbClip de sujeci\u00f3n con interruptor de conexi\u00f3n y desconexi\u00f3n integrada.<\/span><br \/><span>\u00bbPilas alcalinas \u201cAA\u201d o bater\u00eda recargable opcional con el cargador miniNT.<\/span><br \/><span>\u00bbIncluye: 4 Esp\u00e9culos de uso permanente y 5 esp\u00e9culos desechables<\/span><br \/><span>de 2,5 y de 4mm \u00d8.<\/span><\/p>\n","protected":false},"featured_media":13112,"template":"","meta":{"_joinchat":[]},"product_brand":[],"product_cat":[244,311],"product_tag":[],"class_list":{"0":"post-13111","1":"product","2":"type-product","3":"status-publish","4":"has-post-thumbnail","6":"product_cat-equipos-de-diagnostico","7":"product_cat-otoscopios","8":"pa_marca-heine","10":"first","11":"instock","12":"purchasable","13":"product-type-simple"},"yoast_head":"<!-- This site is optimized with the Yoast SEO plugin v25.1 - https:\/\/yoast.com\/wordpress\/plugins\/seo\/ -->\n<title>OTOSCOPIO HEINE MINI 3000 COLOR AZUL - Tu mejor opci\u00f3n Equipo M\u00e9dico M\u00e9xico<\/title>\n<meta name=\"robots\" content=\"index, follow, max-snippet:-1, max-image-preview:large, max-video-preview:-1\" \/>\n<link rel=\"canonical\" href=\"https:\/\/buscoequipomedico.com\/?product=otoscopio-heine-mini-3000-color-azul\" \/>\n<meta property=\"og:locale\" content=\"es_ES\" \/>\n<meta property=\"og:type\" content=\"article\" \/>\n<meta property=\"og:title\" content=\"OTOSCOPIO HEINE MINI 3000 COLOR AZUL - Tu mejor opci\u00f3n Equipo M\u00e9dico M\u00e9xico\" \/>\n<meta property=\"og:description\" content=\"\u00bbOtoscopio de bolsillo compacto con iluminaci\u00f3n directa.\u00bbSuperficie interna del cabezal negro mate, elimina reflejos.\u00bbCon Tecnolog\u00eda Xen\u00f3n Hal\u00f3gena mejorada con un aumento de luz del100% frente a l\u00e1mparas convencionales.\u00bbMango y cabezal en dos piezas.\u00bbVentana de visualizaci\u00f3n con tres aumentos y con giro lateral.\u00bbCarcasa del mango de alta calidad; aleaci\u00f3n de cromo\/pl\u00e1stico refinado.\u00bbClip de sujeci\u00f3n con interruptor de conexi\u00f3n y desconexi\u00f3n integrada.\u00bbPilas alcalinas \u201cAA\u201d o bater\u00eda recargable opcional con el cargador miniNT.\u00bbIncluye: 4 Esp\u00e9culos de uso permanente y 5 esp\u00e9culos desechablesde 2,5 y de 4mm \u00d8.\" \/>\n<meta property=\"og:url\" content=\"https:\/\/buscoequipomedico.com\/?product=otoscopio-heine-mini-3000-color-azul\" \/>\n<meta property=\"og:site_name\" content=\"Tu mejor opci\u00f3n Equipo M\u00e9dico M\u00e9xico\" \/>\n<meta property=\"article:modified_time\" content=\"2020-02-18T07:37:05+00:00\" \/>\n<meta property=\"og:image\" content=\"https:\/\/buscoequipomedico.com\/wp-content\/uploads\/2020\/02\/otoscopio-heine-mini-3000-color-azul-otoscopio-de-bolsillo-compacto-con-iluminacion-directasuperficie-interna-del-cabezal-negro.jpg\" \/>\n\t<meta property=\"og:image:width\" content=\"800\" \/>\n\t<meta property=\"og:image:height\" content=\"800\" \/>\n\t<meta property=\"og:image:type\" content=\"image\/png\" \/>\n<meta name=\"twitter:card\" content=\"summary_large_image\" \/>\n<meta name=\"twitter:label1\" content=\"Tiempo de lectura\" \/>\n\t<meta name=\"twitter:data1\" content=\"1 minuto\" \/>\n<script type=\"application\/ld+json\" class=\"yoast-schema-graph\">{\"@context\":\"https:\/\/schema.org\",\"@graph\":[{\"@type\":\"WebPage\",\"@id\":\"https:\/\/buscoequipomedico.com\/?product=otoscopio-heine-mini-3000-color-azul\",\"url\":\"https:\/\/buscoequipomedico.com\/?product=otoscopio-heine-mini-3000-color-azul\",\"name\":\"OTOSCOPIO HEINE MINI 3000 COLOR AZUL - Tu mejor opci\u00f3n Equipo M\u00e9dico M\u00e9xico\",\"isPartOf\":{\"@id\":\"https:\/\/buscoequipomedico.com\/#website\"},\"primaryImageOfPage\":{\"@id\":\"https:\/\/buscoequipomedico.com\/?product=otoscopio-heine-mini-3000-color-azul#primaryimage\"},\"image\":{\"@id\":\"https:\/\/buscoequipomedico.com\/?product=otoscopio-heine-mini-3000-color-azul#primaryimage\"},\"thumbnailUrl\":\"https:\/\/buscoequipomedico.com\/wp-content\/uploads\/2020\/02\/otoscopio-heine-mini-3000-color-azul-otoscopio-de-bolsillo-compacto-con-iluminacion-directasuperficie-interna-del-cabezal-negro.jpg\",\"datePublished\":\"2020-02-18T07:37:04+00:00\",\"dateModified\":\"2020-02-18T07:37:05+00:00\",\"breadcrumb\":{\"@id\":\"https:\/\/buscoequipomedico.com\/?product=otoscopio-heine-mini-3000-color-azul#breadcrumb\"},\"inLanguage\":\"es\",\"potentialAction\":[{\"@type\":\"ReadAction\",\"target\":[\"https:\/\/buscoequipomedico.com\/?product=otoscopio-heine-mini-3000-color-azul\"]}]},{\"@type\":\"ImageObject\",\"inLanguage\":\"es\",\"@id\":\"https:\/\/buscoequipomedico.com\/?product=otoscopio-heine-mini-3000-color-azul#primaryimage\",\"url\":\"https:\/\/buscoequipomedico.com\/wp-content\/uploads\/2020\/02\/otoscopio-heine-mini-3000-color-azul-otoscopio-de-bolsillo-compacto-con-iluminacion-directasuperficie-interna-del-cabezal-negro.jpg\",\"contentUrl\":\"https:\/\/buscoequipomedico.com\/wp-content\/uploads\/2020\/02\/otoscopio-heine-mini-3000-color-azul-otoscopio-de-bolsillo-compacto-con-iluminacion-directasuperficie-interna-del-cabezal-negro.jpg\",\"width\":800,\"height\":800},{\"@type\":\"BreadcrumbList\",\"@id\":\"https:\/\/buscoequipomedico.com\/?product=otoscopio-heine-mini-3000-color-azul#breadcrumb\",\"itemListElement\":[{\"@type\":\"ListItem\",\"position\":1,\"name\":\"Productos\",\"item\":\"https:\/\/buscoequipomedico.com\/shop\/\"},{\"@type\":\"ListItem\",\"position\":2,\"name\":\"OTOSCOPIO HEINE MINI 3000 COLOR AZUL\"}]},{\"@type\":\"WebSite\",\"@id\":\"https:\/\/buscoequipomedico.com\/#website\",\"url\":\"https:\/\/buscoequipomedico.com\/\",\"name\":\"Tu mejor opci\u00f3n Equipo M\u00e9dico M\u00e9xico\",\"description\":\"Tienda de equipo m\u00e9dico\",\"publisher\":{\"@id\":\"https:\/\/buscoequipomedico.com\/#organization\"},\"potentialAction\":[{\"@type\":\"SearchAction\",\"target\":{\"@type\":\"EntryPoint\",\"urlTemplate\":\"https:\/\/buscoequipomedico.com\/?s={search_term_string}\"},\"query-input\":{\"@type\":\"PropertyValueSpecification\",\"valueRequired\":true,\"valueName\":\"search_term_string\"}}],\"inLanguage\":\"es\"},{\"@type\":\"Organization\",\"@id\":\"https:\/\/buscoequipomedico.com\/#organization\",\"name\":\"Tu mejor opci\u00f3n Equipo M\u00e9dico M\u00e9xico\",\"url\":\"https:\/\/buscoequipomedico.com\/\",\"logo\":{\"@type\":\"ImageObject\",\"inLanguage\":\"es\",\"@id\":\"https:\/\/buscoequipomedico.com\/#\/schema\/logo\/image\/\",\"url\":\"https:\/\/buscoequipomedico.com\/wp-content\/uploads\/2021\/07\/EMM-VPrincipal-scaled.jpg\",\"contentUrl\":\"https:\/\/buscoequipomedico.com\/wp-content\/uploads\/2021\/07\/EMM-VPrincipal-scaled.jpg\",\"width\":2560,\"height\":1058,\"caption\":\"Tu mejor opci\u00f3n Equipo M\u00e9dico M\u00e9xico\"},\"image\":{\"@id\":\"https:\/\/buscoequipomedico.com\/#\/schema\/logo\/image\/\"}}]}<\/script>\n<!-- \/ Yoast SEO plugin. -->","yoast_head_json":{"title":"OTOSCOPIO HEINE MINI 3000 COLOR AZUL - Tu mejor opci\u00f3n Equipo M\u00e9dico M\u00e9xico","robots":{"index":"index","follow":"follow","max-snippet":"max-snippet:-1","max-image-preview":"max-image-preview:large","max-video-preview":"max-video-preview:-1"},"canonical":"https:\/\/buscoequipomedico.com\/?product=otoscopio-heine-mini-3000-color-azul","og_locale":"es_ES","og_type":"article","og_title":"OTOSCOPIO HEINE MINI 3000 COLOR AZUL - Tu mejor opci\u00f3n Equipo M\u00e9dico M\u00e9xico","og_description":"\u00bbOtoscopio de bolsillo compacto con iluminaci\u00f3n directa.\u00bbSuperficie interna del cabezal negro mate, elimina reflejos.\u00bbCon Tecnolog\u00eda Xen\u00f3n Hal\u00f3gena mejorada con un aumento de luz del100% frente a l\u00e1mparas convencionales.\u00bbMango y cabezal en dos piezas.\u00bbVentana de visualizaci\u00f3n con tres aumentos y con giro lateral.\u00bbCarcasa del mango de alta calidad; aleaci\u00f3n de cromo\/pl\u00e1stico refinado.\u00bbClip de sujeci\u00f3n con interruptor de conexi\u00f3n y desconexi\u00f3n integrada.\u00bbPilas alcalinas \u201cAA\u201d o bater\u00eda recargable opcional con el cargador miniNT.\u00bbIncluye: 4 Esp\u00e9culos de uso permanente y 5 esp\u00e9culos desechablesde 2,5 y de 4mm \u00d8.","og_url":"https:\/\/buscoequipomedico.com\/?product=otoscopio-heine-mini-3000-color-azul","og_site_name":"Tu mejor opci\u00f3n Equipo M\u00e9dico M\u00e9xico","article_modified_time":"2020-02-18T07:37:05+00:00","og_image":[{"width":800,"height":800,"url":"https:\/\/buscoequipomedico.com\/wp-content\/uploads\/2020\/02\/otoscopio-heine-mini-3000-color-azul-otoscopio-de-bolsillo-compacto-con-iluminacion-directasuperficie-interna-del-cabezal-negro.jpg","type":"image\/png"}],"twitter_card":"summary_large_image","twitter_misc":{"Tiempo de lectura":"1 minuto"},"schema":{"@context":"https:\/\/schema.org","@graph":[{"@type":"WebPage","@id":"https:\/\/buscoequipomedico.com\/?product=otoscopio-heine-mini-3000-color-azul","url":"https:\/\/buscoequipomedico.com\/?product=otoscopio-heine-mini-3000-color-azul","name":"OTOSCOPIO HEINE MINI 3000 COLOR AZUL - Tu mejor opci\u00f3n Equipo M\u00e9dico M\u00e9xico","isPartOf":{"@id":"https:\/\/buscoequipomedico.com\/#website"},"primaryImageOfPage":{"@id":"https:\/\/buscoequipomedico.com\/?product=otoscopio-heine-mini-3000-color-azul#primaryimage"},"image":{"@id":"https:\/\/buscoequipomedico.com\/?product=otoscopio-heine-mini-3000-color-azul#primaryimage"},"thumbnailUrl":"https:\/\/buscoequipomedico.com\/wp-content\/uploads\/2020\/02\/otoscopio-heine-mini-3000-color-azul-otoscopio-de-bolsillo-compacto-con-iluminacion-directasuperficie-interna-del-cabezal-negro.jpg","datePublished":"2020-02-18T07:37:04+00:00","dateModified":"2020-02-18T07:37:05+00:00","breadcrumb":{"@id":"https:\/\/buscoequipomedico.com\/?product=otoscopio-heine-mini-3000-color-azul#breadcrumb"},"inLanguage":"es","potentialAction":[{"@type":"ReadAction","target":["https:\/\/buscoequipomedico.com\/?product=otoscopio-heine-mini-3000-color-azul"]}]},{"@type":"ImageObject","inLanguage":"es","@id":"https:\/\/buscoequipomedico.com\/?product=otoscopio-heine-mini-3000-color-azul#primaryimage","url":"https:\/\/buscoequipomedico.com\/wp-content\/uploads\/2020\/02\/otoscopio-heine-mini-3000-color-azul-otoscopio-de-bolsillo-compacto-con-iluminacion-directasuperficie-interna-del-cabezal-negro.jpg","contentUrl":"https:\/\/buscoequipomedico.com\/wp-content\/uploads\/2020\/02\/otoscopio-heine-mini-3000-color-azul-otoscopio-de-bolsillo-compacto-con-iluminacion-directasuperficie-interna-del-cabezal-negro.jpg","width":800,"height":800},{"@type":"BreadcrumbList","@id":"https:\/\/buscoequipomedico.com\/?product=otoscopio-heine-mini-3000-color-azul#breadcrumb","itemListElement":[{"@type":"ListItem","position":1,"name":"Productos","item":"https:\/\/buscoequipomedico.com\/shop\/"},{"@type":"ListItem","position":2,"name":"OTOSCOPIO HEINE MINI 3000 COLOR AZUL"}]},{"@type":"WebSite","@id":"https:\/\/buscoequipomedico.com\/#website","url":"https:\/\/buscoequipomedico.com\/","name":"Tu mejor opci\u00f3n Equipo M\u00e9dico M\u00e9xico","description":"Tienda de equipo m\u00e9dico","publisher":{"@id":"https:\/\/buscoequipomedico.com\/#organization"},"potentialAction":[{"@type":"SearchAction","target":{"@type":"EntryPoint","urlTemplate":"https:\/\/buscoequipomedico.com\/?s={search_term_string}"},"query-input":{"@type":"PropertyValueSpecification","valueRequired":true,"valueName":"search_term_string"}}],"inLanguage":"es"},{"@type":"Organization","@id":"https:\/\/buscoequipomedico.com\/#organization","name":"Tu mejor opci\u00f3n Equipo M\u00e9dico M\u00e9xico","url":"https:\/\/buscoequipomedico.com\/","logo":{"@type":"ImageObject","inLanguage":"es","@id":"https:\/\/buscoequipomedico.com\/#\/schema\/logo\/image\/","url":"https:\/\/buscoequipomedico.com\/wp-content\/uploads\/2021\/07\/EMM-VPrincipal-scaled.jpg","contentUrl":"https:\/\/buscoequipomedico.com\/wp-content\/uploads\/2021\/07\/EMM-VPrincipal-scaled.jpg","width":2560,"height":1058,"caption":"Tu mejor opci\u00f3n Equipo M\u00e9dico M\u00e9xico"},"image":{"@id":"https:\/\/buscoequipomedico.com\/#\/schema\/logo\/image\/"}}]}},"_links":{"self":[{"href":"https:\/\/buscoequipomedico.com\/index.php?rest_route=\/wp\/v2\/product\/13111","targetHints":{"allow":["GET"]}}],"collection":[{"href":"https:\/\/buscoequipomedico.com\/index.php?rest_route=\/wp\/v2\/product"}],"about":[{"href":"https:\/\/buscoequipomedico.com\/index.php?rest_route=\/wp\/v2\/types\/product"}],"wp:featuredmedia":[{"embeddable":true,"href":"https:\/\/buscoequipomedico.com\/index.php?rest_route=\/wp\/v2\/media\/13112"}],"wp:attachment":[{"href":"https:\/\/buscoequipomedico.com\/index.php?rest_route=%2Fwp%2Fv2%2Fmedia&parent=13111"}],"wp:term":[{"taxonomy":"product_brand","embeddable":true,"href":"https:\/\/buscoequipomedico.com\/index.php?rest_route=%2Fwp%2Fv2%2Fproduct_brand&post=13111"},{"taxonomy":"product_cat","embeddable":true,"href":"https:\/\/buscoequipomedico.com\/index.php?rest_route=%2Fwp%2Fv2%2Fproduct_cat&post=13111"},{"taxonomy":"product_tag","embeddable":true,"href":"https:\/\/buscoequipomedico.com\/index.php?rest_route=%2Fwp%2Fv2%2Fproduct_tag&post=13111"}],"curies":[{"name":"wp","href":"https:\/\/api.w.org\/{rel}","templated":true}]}}