{"id":13113,"date":"2020-02-18T07:37:04","date_gmt":"2020-02-18T07:37:04","guid":{"rendered":"https:\/\/equipomedicomexico-com.preview-domain.com\/product\/otoscopio-heine-mini-3000-color-negro\/"},"modified":"2020-02-18T07:37:05","modified_gmt":"2020-02-18T07:37:05","slug":"otoscopio-heine-mini-3000-color-negro","status":"publish","type":"product","link":"https:\/\/buscoequipomedico.com\/?product=otoscopio-heine-mini-3000-color-negro","title":{"rendered":"OTOSCOPIO HEINE MINI 3000 COLOR NEGRO"},"content":{"rendered":"<p><span>\u00a0Carcasa del mango de alta calidad: aleaci\u00f3n de cromo \/ pl\u00e1stico refinado. A prueba de golpes, robusto, antideslizante. Clip de sujeci\u00f3n con interruptor de conexi\u00f3n y desconexi\u00f3n integrado. Firme sujeci\u00f3n. Desconexi\u00f3n autom\u00e1tica al fijarlo al bolsillo. Garantizados 20.000 ciclos interruptores. Pilas recambiables tipo AA, o bater\u00eda recargable opcional con el cargador mini NT.<\/span><\/p>\n","protected":false},"excerpt":{"rendered":"<p><span>Moderno otoscopio de bolsillo con un dise\u00f1o compacto excepcional. Combinable solamente con el sistema de mango mini3000. Se suministran en color negro o azul. Superficie interna del cabezal negro mate. Elimina los reflejos. Tecnolog\u00eda de l\u00e1mparas XHL X\u00e9non Hal\u00f3gena mejorada con un aumento de luz del 100 % frente a l\u00e1mparas convencionales. Una luz blanca muy clara y concentrada para una iluminaci\u00f3n \u00f3ptima. Mango y cabezal en 2 piezas. F\u00e1cil de desmontar, ampliable con otros cabezales mini3000. Ventana de visualizaci\u00f3n con aumento de 3 x y una superficie de carcasa optimizada que ofrece im\u00e1genes muy n\u00edtidas y minimiza los reflejos. Ventana de visualizaci\u00f3n integrada, con giro lateral. Amplio espacio para instrumentar bajo ampliaci\u00f3n.<\/span><\/p>\n","protected":false},"featured_media":13114,"template":"","meta":{"_joinchat":[]},"product_brand":[],"product_cat":[244,311],"product_tag":[],"class_list":{"0":"post-13113","1":"product","2":"type-product","3":"status-publish","4":"has-post-thumbnail","6":"product_cat-equipos-de-diagnostico","7":"product_cat-otoscopios","8":"pa_marca-heine","10":"first","11":"instock","12":"purchasable","13":"product-type-simple"},"yoast_head":"<!-- This site is optimized with the Yoast SEO plugin v25.1 - https:\/\/yoast.com\/wordpress\/plugins\/seo\/ -->\n<title>OTOSCOPIO HEINE MINI 3000 COLOR NEGRO - Tu mejor opci\u00f3n Equipo M\u00e9dico M\u00e9xico<\/title>\n<meta name=\"robots\" content=\"index, follow, max-snippet:-1, max-image-preview:large, max-video-preview:-1\" \/>\n<link rel=\"canonical\" href=\"https:\/\/buscoequipomedico.com\/?product=otoscopio-heine-mini-3000-color-negro\" \/>\n<meta property=\"og:locale\" content=\"es_ES\" \/>\n<meta property=\"og:type\" content=\"article\" \/>\n<meta property=\"og:title\" content=\"OTOSCOPIO HEINE MINI 3000 COLOR NEGRO - Tu mejor opci\u00f3n Equipo M\u00e9dico M\u00e9xico\" \/>\n<meta property=\"og:description\" content=\"Moderno otoscopio de bolsillo con un dise\u00f1o compacto excepcional. Combinable solamente con el sistema de mango mini3000. Se suministran en color negro o azul. Superficie interna del cabezal negro mate. Elimina los reflejos. Tecnolog\u00eda de l\u00e1mparas XHL X\u00e9non Hal\u00f3gena mejorada con un aumento de luz del 100 % frente a l\u00e1mparas convencionales. Una luz blanca muy clara y concentrada para una iluminaci\u00f3n \u00f3ptima. Mango y cabezal en 2 piezas. F\u00e1cil de desmontar, ampliable con otros cabezales mini3000. Ventana de visualizaci\u00f3n con aumento de 3 x y una superficie de carcasa optimizada que ofrece im\u00e1genes muy n\u00edtidas y minimiza los reflejos. Ventana de visualizaci\u00f3n integrada, con giro lateral. Amplio espacio para instrumentar bajo ampliaci\u00f3n.\" \/>\n<meta property=\"og:url\" content=\"https:\/\/buscoequipomedico.com\/?product=otoscopio-heine-mini-3000-color-negro\" \/>\n<meta property=\"og:site_name\" content=\"Tu mejor opci\u00f3n Equipo M\u00e9dico M\u00e9xico\" \/>\n<meta property=\"article:modified_time\" content=\"2020-02-18T07:37:05+00:00\" \/>\n<meta property=\"og:image\" content=\"https:\/\/buscoequipomedico.com\/wp-content\/uploads\/2020\/02\/otoscopio-heine-mini-3000-color-negro-moderno-otoscopio-de-bolsillo-con-un-diseno-compacto-excepcional-combinable-solamente-con.jpg\" \/>\n\t<meta property=\"og:image:width\" content=\"800\" \/>\n\t<meta property=\"og:image:height\" content=\"800\" \/>\n\t<meta property=\"og:image:type\" content=\"image\/png\" \/>\n<meta name=\"twitter:card\" content=\"summary_large_image\" \/>\n<script type=\"application\/ld+json\" class=\"yoast-schema-graph\">{\"@context\":\"https:\/\/schema.org\",\"@graph\":[{\"@type\":\"WebPage\",\"@id\":\"https:\/\/buscoequipomedico.com\/?product=otoscopio-heine-mini-3000-color-negro\",\"url\":\"https:\/\/buscoequipomedico.com\/?product=otoscopio-heine-mini-3000-color-negro\",\"name\":\"OTOSCOPIO HEINE MINI 3000 COLOR NEGRO - Tu mejor opci\u00f3n Equipo M\u00e9dico M\u00e9xico\",\"isPartOf\":{\"@id\":\"https:\/\/buscoequipomedico.com\/#website\"},\"primaryImageOfPage\":{\"@id\":\"https:\/\/buscoequipomedico.com\/?product=otoscopio-heine-mini-3000-color-negro#primaryimage\"},\"image\":{\"@id\":\"https:\/\/buscoequipomedico.com\/?product=otoscopio-heine-mini-3000-color-negro#primaryimage\"},\"thumbnailUrl\":\"https:\/\/buscoequipomedico.com\/wp-content\/uploads\/2020\/02\/otoscopio-heine-mini-3000-color-negro-moderno-otoscopio-de-bolsillo-con-un-diseno-compacto-excepcional-combinable-solamente-con.jpg\",\"datePublished\":\"2020-02-18T07:37:04+00:00\",\"dateModified\":\"2020-02-18T07:37:05+00:00\",\"breadcrumb\":{\"@id\":\"https:\/\/buscoequipomedico.com\/?product=otoscopio-heine-mini-3000-color-negro#breadcrumb\"},\"inLanguage\":\"es\",\"potentialAction\":[{\"@type\":\"ReadAction\",\"target\":[\"https:\/\/buscoequipomedico.com\/?product=otoscopio-heine-mini-3000-color-negro\"]}]},{\"@type\":\"ImageObject\",\"inLanguage\":\"es\",\"@id\":\"https:\/\/buscoequipomedico.com\/?product=otoscopio-heine-mini-3000-color-negro#primaryimage\",\"url\":\"https:\/\/buscoequipomedico.com\/wp-content\/uploads\/2020\/02\/otoscopio-heine-mini-3000-color-negro-moderno-otoscopio-de-bolsillo-con-un-diseno-compacto-excepcional-combinable-solamente-con.jpg\",\"contentUrl\":\"https:\/\/buscoequipomedico.com\/wp-content\/uploads\/2020\/02\/otoscopio-heine-mini-3000-color-negro-moderno-otoscopio-de-bolsillo-con-un-diseno-compacto-excepcional-combinable-solamente-con.jpg\",\"width\":800,\"height\":800},{\"@type\":\"BreadcrumbList\",\"@id\":\"https:\/\/buscoequipomedico.com\/?product=otoscopio-heine-mini-3000-color-negro#breadcrumb\",\"itemListElement\":[{\"@type\":\"ListItem\",\"position\":1,\"name\":\"Productos\",\"item\":\"https:\/\/buscoequipomedico.com\/shop\/\"},{\"@type\":\"ListItem\",\"position\":2,\"name\":\"OTOSCOPIO HEINE MINI 3000 COLOR NEGRO\"}]},{\"@type\":\"WebSite\",\"@id\":\"https:\/\/buscoequipomedico.com\/#website\",\"url\":\"https:\/\/buscoequipomedico.com\/\",\"name\":\"Tu mejor opci\u00f3n Equipo M\u00e9dico M\u00e9xico\",\"description\":\"Tienda de equipo m\u00e9dico\",\"publisher\":{\"@id\":\"https:\/\/buscoequipomedico.com\/#organization\"},\"potentialAction\":[{\"@type\":\"SearchAction\",\"target\":{\"@type\":\"EntryPoint\",\"urlTemplate\":\"https:\/\/buscoequipomedico.com\/?s={search_term_string}\"},\"query-input\":{\"@type\":\"PropertyValueSpecification\",\"valueRequired\":true,\"valueName\":\"search_term_string\"}}],\"inLanguage\":\"es\"},{\"@type\":\"Organization\",\"@id\":\"https:\/\/buscoequipomedico.com\/#organization\",\"name\":\"Tu mejor opci\u00f3n Equipo M\u00e9dico M\u00e9xico\",\"url\":\"https:\/\/buscoequipomedico.com\/\",\"logo\":{\"@type\":\"ImageObject\",\"inLanguage\":\"es\",\"@id\":\"https:\/\/buscoequipomedico.com\/#\/schema\/logo\/image\/\",\"url\":\"https:\/\/buscoequipomedico.com\/wp-content\/uploads\/2021\/07\/EMM-VPrincipal-scaled.jpg\",\"contentUrl\":\"https:\/\/buscoequipomedico.com\/wp-content\/uploads\/2021\/07\/EMM-VPrincipal-scaled.jpg\",\"width\":2560,\"height\":1058,\"caption\":\"Tu mejor opci\u00f3n Equipo M\u00e9dico M\u00e9xico\"},\"image\":{\"@id\":\"https:\/\/buscoequipomedico.com\/#\/schema\/logo\/image\/\"}}]}<\/script>\n<!-- \/ Yoast SEO plugin. -->","yoast_head_json":{"title":"OTOSCOPIO HEINE MINI 3000 COLOR NEGRO - Tu mejor opci\u00f3n Equipo M\u00e9dico M\u00e9xico","robots":{"index":"index","follow":"follow","max-snippet":"max-snippet:-1","max-image-preview":"max-image-preview:large","max-video-preview":"max-video-preview:-1"},"canonical":"https:\/\/buscoequipomedico.com\/?product=otoscopio-heine-mini-3000-color-negro","og_locale":"es_ES","og_type":"article","og_title":"OTOSCOPIO HEINE MINI 3000 COLOR NEGRO - Tu mejor opci\u00f3n Equipo M\u00e9dico M\u00e9xico","og_description":"Moderno otoscopio de bolsillo con un dise\u00f1o compacto excepcional. Combinable solamente con el sistema de mango mini3000. Se suministran en color negro o azul. Superficie interna del cabezal negro mate. Elimina los reflejos. Tecnolog\u00eda de l\u00e1mparas XHL X\u00e9non Hal\u00f3gena mejorada con un aumento de luz del 100 % frente a l\u00e1mparas convencionales. Una luz blanca muy clara y concentrada para una iluminaci\u00f3n \u00f3ptima. Mango y cabezal en 2 piezas. F\u00e1cil de desmontar, ampliable con otros cabezales mini3000. Ventana de visualizaci\u00f3n con aumento de 3 x y una superficie de carcasa optimizada que ofrece im\u00e1genes muy n\u00edtidas y minimiza los reflejos. Ventana de visualizaci\u00f3n integrada, con giro lateral. Amplio espacio para instrumentar bajo ampliaci\u00f3n.","og_url":"https:\/\/buscoequipomedico.com\/?product=otoscopio-heine-mini-3000-color-negro","og_site_name":"Tu mejor opci\u00f3n Equipo M\u00e9dico M\u00e9xico","article_modified_time":"2020-02-18T07:37:05+00:00","og_image":[{"width":800,"height":800,"url":"https:\/\/buscoequipomedico.com\/wp-content\/uploads\/2020\/02\/otoscopio-heine-mini-3000-color-negro-moderno-otoscopio-de-bolsillo-con-un-diseno-compacto-excepcional-combinable-solamente-con.jpg","type":"image\/png"}],"twitter_card":"summary_large_image","schema":{"@context":"https:\/\/schema.org","@graph":[{"@type":"WebPage","@id":"https:\/\/buscoequipomedico.com\/?product=otoscopio-heine-mini-3000-color-negro","url":"https:\/\/buscoequipomedico.com\/?product=otoscopio-heine-mini-3000-color-negro","name":"OTOSCOPIO HEINE MINI 3000 COLOR NEGRO - Tu mejor opci\u00f3n Equipo M\u00e9dico M\u00e9xico","isPartOf":{"@id":"https:\/\/buscoequipomedico.com\/#website"},"primaryImageOfPage":{"@id":"https:\/\/buscoequipomedico.com\/?product=otoscopio-heine-mini-3000-color-negro#primaryimage"},"image":{"@id":"https:\/\/buscoequipomedico.com\/?product=otoscopio-heine-mini-3000-color-negro#primaryimage"},"thumbnailUrl":"https:\/\/buscoequipomedico.com\/wp-content\/uploads\/2020\/02\/otoscopio-heine-mini-3000-color-negro-moderno-otoscopio-de-bolsillo-con-un-diseno-compacto-excepcional-combinable-solamente-con.jpg","datePublished":"2020-02-18T07:37:04+00:00","dateModified":"2020-02-18T07:37:05+00:00","breadcrumb":{"@id":"https:\/\/buscoequipomedico.com\/?product=otoscopio-heine-mini-3000-color-negro#breadcrumb"},"inLanguage":"es","potentialAction":[{"@type":"ReadAction","target":["https:\/\/buscoequipomedico.com\/?product=otoscopio-heine-mini-3000-color-negro"]}]},{"@type":"ImageObject","inLanguage":"es","@id":"https:\/\/buscoequipomedico.com\/?product=otoscopio-heine-mini-3000-color-negro#primaryimage","url":"https:\/\/buscoequipomedico.com\/wp-content\/uploads\/2020\/02\/otoscopio-heine-mini-3000-color-negro-moderno-otoscopio-de-bolsillo-con-un-diseno-compacto-excepcional-combinable-solamente-con.jpg","contentUrl":"https:\/\/buscoequipomedico.com\/wp-content\/uploads\/2020\/02\/otoscopio-heine-mini-3000-color-negro-moderno-otoscopio-de-bolsillo-con-un-diseno-compacto-excepcional-combinable-solamente-con.jpg","width":800,"height":800},{"@type":"BreadcrumbList","@id":"https:\/\/buscoequipomedico.com\/?product=otoscopio-heine-mini-3000-color-negro#breadcrumb","itemListElement":[{"@type":"ListItem","position":1,"name":"Productos","item":"https:\/\/buscoequipomedico.com\/shop\/"},{"@type":"ListItem","position":2,"name":"OTOSCOPIO HEINE MINI 3000 COLOR NEGRO"}]},{"@type":"WebSite","@id":"https:\/\/buscoequipomedico.com\/#website","url":"https:\/\/buscoequipomedico.com\/","name":"Tu mejor opci\u00f3n Equipo M\u00e9dico M\u00e9xico","description":"Tienda de equipo m\u00e9dico","publisher":{"@id":"https:\/\/buscoequipomedico.com\/#organization"},"potentialAction":[{"@type":"SearchAction","target":{"@type":"EntryPoint","urlTemplate":"https:\/\/buscoequipomedico.com\/?s={search_term_string}"},"query-input":{"@type":"PropertyValueSpecification","valueRequired":true,"valueName":"search_term_string"}}],"inLanguage":"es"},{"@type":"Organization","@id":"https:\/\/buscoequipomedico.com\/#organization","name":"Tu mejor opci\u00f3n Equipo M\u00e9dico M\u00e9xico","url":"https:\/\/buscoequipomedico.com\/","logo":{"@type":"ImageObject","inLanguage":"es","@id":"https:\/\/buscoequipomedico.com\/#\/schema\/logo\/image\/","url":"https:\/\/buscoequipomedico.com\/wp-content\/uploads\/2021\/07\/EMM-VPrincipal-scaled.jpg","contentUrl":"https:\/\/buscoequipomedico.com\/wp-content\/uploads\/2021\/07\/EMM-VPrincipal-scaled.jpg","width":2560,"height":1058,"caption":"Tu mejor opci\u00f3n Equipo M\u00e9dico M\u00e9xico"},"image":{"@id":"https:\/\/buscoequipomedico.com\/#\/schema\/logo\/image\/"}}]}},"_links":{"self":[{"href":"https:\/\/buscoequipomedico.com\/index.php?rest_route=\/wp\/v2\/product\/13113","targetHints":{"allow":["GET"]}}],"collection":[{"href":"https:\/\/buscoequipomedico.com\/index.php?rest_route=\/wp\/v2\/product"}],"about":[{"href":"https:\/\/buscoequipomedico.com\/index.php?rest_route=\/wp\/v2\/types\/product"}],"wp:featuredmedia":[{"embeddable":true,"href":"https:\/\/buscoequipomedico.com\/index.php?rest_route=\/wp\/v2\/media\/13114"}],"wp:attachment":[{"href":"https:\/\/buscoequipomedico.com\/index.php?rest_route=%2Fwp%2Fv2%2Fmedia&parent=13113"}],"wp:term":[{"taxonomy":"product_brand","embeddable":true,"href":"https:\/\/buscoequipomedico.com\/index.php?rest_route=%2Fwp%2Fv2%2Fproduct_brand&post=13113"},{"taxonomy":"product_cat","embeddable":true,"href":"https:\/\/buscoequipomedico.com\/index.php?rest_route=%2Fwp%2Fv2%2Fproduct_cat&post=13113"},{"taxonomy":"product_tag","embeddable":true,"href":"https:\/\/buscoequipomedico.com\/index.php?rest_route=%2Fwp%2Fv2%2Fproduct_tag&post=13113"}],"curies":[{"name":"wp","href":"https:\/\/api.w.org\/{rel}","templated":true}]}}