{"id":13117,"date":"2020-02-18T07:37:04","date_gmt":"2020-02-18T07:37:04","guid":{"rendered":"https:\/\/equipomedicomexico-com.preview-domain.com\/product\/otoscopio-heine-mini-3000-led\/"},"modified":"2020-02-18T07:37:06","modified_gmt":"2020-02-18T07:37:06","slug":"otoscopio-heine-mini-3000-led","status":"publish","type":"product","link":"https:\/\/buscoequipomedico.com\/?product=otoscopio-heine-mini-3000-led","title":{"rendered":"Otoscopio Heine Mini 3000 LED"},"content":{"rendered":"<p><span>&#8211; LED HQ : El nuevo est\u00e1ndar en iluminaci\u00f3n LED produce una luz clara y totalmente homog\u00e9nea con una buena reproducci\u00f3n crom\u00e1tica para un diagn\u00f3stico preciso<\/span><br \/><span>&#8211; El rojo es rojo y el azul es azul<\/span><br \/><span>&#8211; Temperatura de color de t\u00edp. 4 000 K<\/span><br \/><span>&#8211; Extraordinario \u00edndice de reproducci\u00f3n crom\u00e1tica (IRC) &gt; 95, especialmente del rojo &gt; 90\u00a0<\/span><\/p>\n","protected":false},"excerpt":{"rendered":"<p><span>&#8211; Con mango a pilas mini 3000<\/span><br \/><span>&#8211; Con 1 juego = 4 esp\u00e9culos de uso permanente y 5 esp\u00e9culos desechables de 2,5 y de 4 mm \u00d8, con pilas<\/span><br \/><span>&#8211; Funciona t\u00edp. 10 horas<\/span><br \/><span>&#8211; Cambios de pilas menos frecuentes, duraci\u00f3n prolongada de las bater\u00edas recargables<\/span><br \/><span>&#8211; La funci\u00f3n de reducci\u00f3n graduada de la luz indica que es necesario cambiar las pilas<\/span><\/p>\n","protected":false},"featured_media":13118,"template":"","meta":{"_joinchat":[]},"product_brand":[],"product_cat":[244,311],"product_tag":[],"class_list":{"0":"post-13117","1":"product","2":"type-product","3":"status-publish","4":"has-post-thumbnail","6":"product_cat-equipos-de-diagnostico","7":"product_cat-otoscopios","8":"pa_marca-heine","10":"first","11":"instock","12":"purchasable","13":"product-type-simple"},"yoast_head":"<!-- This site is optimized with the Yoast SEO plugin v25.1 - https:\/\/yoast.com\/wordpress\/plugins\/seo\/ -->\n<title>Otoscopio Heine Mini 3000 LED - Tu mejor opci\u00f3n Equipo M\u00e9dico M\u00e9xico<\/title>\n<meta name=\"robots\" content=\"index, follow, max-snippet:-1, max-image-preview:large, max-video-preview:-1\" \/>\n<link rel=\"canonical\" href=\"https:\/\/buscoequipomedico.com\/?product=otoscopio-heine-mini-3000-led\" \/>\n<meta property=\"og:locale\" content=\"es_ES\" \/>\n<meta property=\"og:type\" content=\"article\" \/>\n<meta property=\"og:title\" content=\"Otoscopio Heine Mini 3000 LED - Tu mejor opci\u00f3n Equipo M\u00e9dico M\u00e9xico\" \/>\n<meta property=\"og:description\" content=\"- Con mango a pilas mini 3000- Con 1 juego = 4 esp\u00e9culos de uso permanente y 5 esp\u00e9culos desechables de 2,5 y de 4 mm \u00d8, con pilas- Funciona t\u00edp. 10 horas- Cambios de pilas menos frecuentes, duraci\u00f3n prolongada de las bater\u00edas recargables- La funci\u00f3n de reducci\u00f3n graduada de la luz indica que es necesario cambiar las pilas\" \/>\n<meta property=\"og:url\" content=\"https:\/\/buscoequipomedico.com\/?product=otoscopio-heine-mini-3000-led\" \/>\n<meta property=\"og:site_name\" content=\"Tu mejor opci\u00f3n Equipo M\u00e9dico M\u00e9xico\" \/>\n<meta property=\"article:modified_time\" content=\"2020-02-18T07:37:06+00:00\" \/>\n<meta property=\"og:image\" content=\"https:\/\/buscoequipomedico.com\/wp-content\/uploads\/2020\/02\/otoscopio-heine-mini-3000-led-con-mango-a-pilas-mini-3000-con-1-juego-4-especulos-de-uso-permanente-y-5-especulos-desechables-de.jpg\" \/>\n\t<meta property=\"og:image:width\" content=\"800\" \/>\n\t<meta property=\"og:image:height\" content=\"800\" \/>\n\t<meta property=\"og:image:type\" content=\"image\/png\" \/>\n<meta name=\"twitter:card\" content=\"summary_large_image\" \/>\n<script type=\"application\/ld+json\" class=\"yoast-schema-graph\">{\"@context\":\"https:\/\/schema.org\",\"@graph\":[{\"@type\":\"WebPage\",\"@id\":\"https:\/\/buscoequipomedico.com\/?product=otoscopio-heine-mini-3000-led\",\"url\":\"https:\/\/buscoequipomedico.com\/?product=otoscopio-heine-mini-3000-led\",\"name\":\"Otoscopio Heine Mini 3000 LED - Tu mejor opci\u00f3n Equipo M\u00e9dico M\u00e9xico\",\"isPartOf\":{\"@id\":\"https:\/\/buscoequipomedico.com\/#website\"},\"primaryImageOfPage\":{\"@id\":\"https:\/\/buscoequipomedico.com\/?product=otoscopio-heine-mini-3000-led#primaryimage\"},\"image\":{\"@id\":\"https:\/\/buscoequipomedico.com\/?product=otoscopio-heine-mini-3000-led#primaryimage\"},\"thumbnailUrl\":\"https:\/\/buscoequipomedico.com\/wp-content\/uploads\/2020\/02\/otoscopio-heine-mini-3000-led-con-mango-a-pilas-mini-3000-con-1-juego-4-especulos-de-uso-permanente-y-5-especulos-desechables-de.jpg\",\"datePublished\":\"2020-02-18T07:37:04+00:00\",\"dateModified\":\"2020-02-18T07:37:06+00:00\",\"breadcrumb\":{\"@id\":\"https:\/\/buscoequipomedico.com\/?product=otoscopio-heine-mini-3000-led#breadcrumb\"},\"inLanguage\":\"es\",\"potentialAction\":[{\"@type\":\"ReadAction\",\"target\":[\"https:\/\/buscoequipomedico.com\/?product=otoscopio-heine-mini-3000-led\"]}]},{\"@type\":\"ImageObject\",\"inLanguage\":\"es\",\"@id\":\"https:\/\/buscoequipomedico.com\/?product=otoscopio-heine-mini-3000-led#primaryimage\",\"url\":\"https:\/\/buscoequipomedico.com\/wp-content\/uploads\/2020\/02\/otoscopio-heine-mini-3000-led-con-mango-a-pilas-mini-3000-con-1-juego-4-especulos-de-uso-permanente-y-5-especulos-desechables-de.jpg\",\"contentUrl\":\"https:\/\/buscoequipomedico.com\/wp-content\/uploads\/2020\/02\/otoscopio-heine-mini-3000-led-con-mango-a-pilas-mini-3000-con-1-juego-4-especulos-de-uso-permanente-y-5-especulos-desechables-de.jpg\",\"width\":800,\"height\":800},{\"@type\":\"BreadcrumbList\",\"@id\":\"https:\/\/buscoequipomedico.com\/?product=otoscopio-heine-mini-3000-led#breadcrumb\",\"itemListElement\":[{\"@type\":\"ListItem\",\"position\":1,\"name\":\"Productos\",\"item\":\"https:\/\/buscoequipomedico.com\/shop\/\"},{\"@type\":\"ListItem\",\"position\":2,\"name\":\"Otoscopio Heine Mini 3000 LED\"}]},{\"@type\":\"WebSite\",\"@id\":\"https:\/\/buscoequipomedico.com\/#website\",\"url\":\"https:\/\/buscoequipomedico.com\/\",\"name\":\"Tu mejor opci\u00f3n Equipo M\u00e9dico M\u00e9xico\",\"description\":\"Tienda de equipo m\u00e9dico\",\"publisher\":{\"@id\":\"https:\/\/buscoequipomedico.com\/#organization\"},\"potentialAction\":[{\"@type\":\"SearchAction\",\"target\":{\"@type\":\"EntryPoint\",\"urlTemplate\":\"https:\/\/buscoequipomedico.com\/?s={search_term_string}\"},\"query-input\":{\"@type\":\"PropertyValueSpecification\",\"valueRequired\":true,\"valueName\":\"search_term_string\"}}],\"inLanguage\":\"es\"},{\"@type\":\"Organization\",\"@id\":\"https:\/\/buscoequipomedico.com\/#organization\",\"name\":\"Tu mejor opci\u00f3n Equipo M\u00e9dico M\u00e9xico\",\"url\":\"https:\/\/buscoequipomedico.com\/\",\"logo\":{\"@type\":\"ImageObject\",\"inLanguage\":\"es\",\"@id\":\"https:\/\/buscoequipomedico.com\/#\/schema\/logo\/image\/\",\"url\":\"https:\/\/buscoequipomedico.com\/wp-content\/uploads\/2021\/07\/EMM-VPrincipal-scaled.jpg\",\"contentUrl\":\"https:\/\/buscoequipomedico.com\/wp-content\/uploads\/2021\/07\/EMM-VPrincipal-scaled.jpg\",\"width\":2560,\"height\":1058,\"caption\":\"Tu mejor opci\u00f3n Equipo M\u00e9dico M\u00e9xico\"},\"image\":{\"@id\":\"https:\/\/buscoequipomedico.com\/#\/schema\/logo\/image\/\"}}]}<\/script>\n<!-- \/ Yoast SEO plugin. -->","yoast_head_json":{"title":"Otoscopio Heine Mini 3000 LED - Tu mejor opci\u00f3n Equipo M\u00e9dico M\u00e9xico","robots":{"index":"index","follow":"follow","max-snippet":"max-snippet:-1","max-image-preview":"max-image-preview:large","max-video-preview":"max-video-preview:-1"},"canonical":"https:\/\/buscoequipomedico.com\/?product=otoscopio-heine-mini-3000-led","og_locale":"es_ES","og_type":"article","og_title":"Otoscopio Heine Mini 3000 LED - Tu mejor opci\u00f3n Equipo M\u00e9dico M\u00e9xico","og_description":"- Con mango a pilas mini 3000- Con 1 juego = 4 esp\u00e9culos de uso permanente y 5 esp\u00e9culos desechables de 2,5 y de 4 mm \u00d8, con pilas- Funciona t\u00edp. 10 horas- Cambios de pilas menos frecuentes, duraci\u00f3n prolongada de las bater\u00edas recargables- La funci\u00f3n de reducci\u00f3n graduada de la luz indica que es necesario cambiar las pilas","og_url":"https:\/\/buscoequipomedico.com\/?product=otoscopio-heine-mini-3000-led","og_site_name":"Tu mejor opci\u00f3n Equipo M\u00e9dico M\u00e9xico","article_modified_time":"2020-02-18T07:37:06+00:00","og_image":[{"width":800,"height":800,"url":"https:\/\/buscoequipomedico.com\/wp-content\/uploads\/2020\/02\/otoscopio-heine-mini-3000-led-con-mango-a-pilas-mini-3000-con-1-juego-4-especulos-de-uso-permanente-y-5-especulos-desechables-de.jpg","type":"image\/png"}],"twitter_card":"summary_large_image","schema":{"@context":"https:\/\/schema.org","@graph":[{"@type":"WebPage","@id":"https:\/\/buscoequipomedico.com\/?product=otoscopio-heine-mini-3000-led","url":"https:\/\/buscoequipomedico.com\/?product=otoscopio-heine-mini-3000-led","name":"Otoscopio Heine Mini 3000 LED - Tu mejor opci\u00f3n Equipo M\u00e9dico M\u00e9xico","isPartOf":{"@id":"https:\/\/buscoequipomedico.com\/#website"},"primaryImageOfPage":{"@id":"https:\/\/buscoequipomedico.com\/?product=otoscopio-heine-mini-3000-led#primaryimage"},"image":{"@id":"https:\/\/buscoequipomedico.com\/?product=otoscopio-heine-mini-3000-led#primaryimage"},"thumbnailUrl":"https:\/\/buscoequipomedico.com\/wp-content\/uploads\/2020\/02\/otoscopio-heine-mini-3000-led-con-mango-a-pilas-mini-3000-con-1-juego-4-especulos-de-uso-permanente-y-5-especulos-desechables-de.jpg","datePublished":"2020-02-18T07:37:04+00:00","dateModified":"2020-02-18T07:37:06+00:00","breadcrumb":{"@id":"https:\/\/buscoequipomedico.com\/?product=otoscopio-heine-mini-3000-led#breadcrumb"},"inLanguage":"es","potentialAction":[{"@type":"ReadAction","target":["https:\/\/buscoequipomedico.com\/?product=otoscopio-heine-mini-3000-led"]}]},{"@type":"ImageObject","inLanguage":"es","@id":"https:\/\/buscoequipomedico.com\/?product=otoscopio-heine-mini-3000-led#primaryimage","url":"https:\/\/buscoequipomedico.com\/wp-content\/uploads\/2020\/02\/otoscopio-heine-mini-3000-led-con-mango-a-pilas-mini-3000-con-1-juego-4-especulos-de-uso-permanente-y-5-especulos-desechables-de.jpg","contentUrl":"https:\/\/buscoequipomedico.com\/wp-content\/uploads\/2020\/02\/otoscopio-heine-mini-3000-led-con-mango-a-pilas-mini-3000-con-1-juego-4-especulos-de-uso-permanente-y-5-especulos-desechables-de.jpg","width":800,"height":800},{"@type":"BreadcrumbList","@id":"https:\/\/buscoequipomedico.com\/?product=otoscopio-heine-mini-3000-led#breadcrumb","itemListElement":[{"@type":"ListItem","position":1,"name":"Productos","item":"https:\/\/buscoequipomedico.com\/shop\/"},{"@type":"ListItem","position":2,"name":"Otoscopio Heine Mini 3000 LED"}]},{"@type":"WebSite","@id":"https:\/\/buscoequipomedico.com\/#website","url":"https:\/\/buscoequipomedico.com\/","name":"Tu mejor opci\u00f3n Equipo M\u00e9dico M\u00e9xico","description":"Tienda de equipo m\u00e9dico","publisher":{"@id":"https:\/\/buscoequipomedico.com\/#organization"},"potentialAction":[{"@type":"SearchAction","target":{"@type":"EntryPoint","urlTemplate":"https:\/\/buscoequipomedico.com\/?s={search_term_string}"},"query-input":{"@type":"PropertyValueSpecification","valueRequired":true,"valueName":"search_term_string"}}],"inLanguage":"es"},{"@type":"Organization","@id":"https:\/\/buscoequipomedico.com\/#organization","name":"Tu mejor opci\u00f3n Equipo M\u00e9dico M\u00e9xico","url":"https:\/\/buscoequipomedico.com\/","logo":{"@type":"ImageObject","inLanguage":"es","@id":"https:\/\/buscoequipomedico.com\/#\/schema\/logo\/image\/","url":"https:\/\/buscoequipomedico.com\/wp-content\/uploads\/2021\/07\/EMM-VPrincipal-scaled.jpg","contentUrl":"https:\/\/buscoequipomedico.com\/wp-content\/uploads\/2021\/07\/EMM-VPrincipal-scaled.jpg","width":2560,"height":1058,"caption":"Tu mejor opci\u00f3n Equipo M\u00e9dico M\u00e9xico"},"image":{"@id":"https:\/\/buscoequipomedico.com\/#\/schema\/logo\/image\/"}}]}},"_links":{"self":[{"href":"https:\/\/buscoequipomedico.com\/index.php?rest_route=\/wp\/v2\/product\/13117","targetHints":{"allow":["GET"]}}],"collection":[{"href":"https:\/\/buscoequipomedico.com\/index.php?rest_route=\/wp\/v2\/product"}],"about":[{"href":"https:\/\/buscoequipomedico.com\/index.php?rest_route=\/wp\/v2\/types\/product"}],"wp:featuredmedia":[{"embeddable":true,"href":"https:\/\/buscoequipomedico.com\/index.php?rest_route=\/wp\/v2\/media\/13118"}],"wp:attachment":[{"href":"https:\/\/buscoequipomedico.com\/index.php?rest_route=%2Fwp%2Fv2%2Fmedia&parent=13117"}],"wp:term":[{"taxonomy":"product_brand","embeddable":true,"href":"https:\/\/buscoequipomedico.com\/index.php?rest_route=%2Fwp%2Fv2%2Fproduct_brand&post=13117"},{"taxonomy":"product_cat","embeddable":true,"href":"https:\/\/buscoequipomedico.com\/index.php?rest_route=%2Fwp%2Fv2%2Fproduct_cat&post=13117"},{"taxonomy":"product_tag","embeddable":true,"href":"https:\/\/buscoequipomedico.com\/index.php?rest_route=%2Fwp%2Fv2%2Fproduct_tag&post=13117"}],"curies":[{"name":"wp","href":"https:\/\/api.w.org\/{rel}","templated":true}]}}