{"id":13127,"date":"2020-02-18T07:37:04","date_gmt":"2020-02-18T07:37:04","guid":{"rendered":"https:\/\/equipomedicomexico-com.preview-domain.com\/product\/otoscopio-mini-3000-f-o-mango\/"},"modified":"2020-02-18T07:37:07","modified_gmt":"2020-02-18T07:37:07","slug":"otoscopio-mini-3000-f-o-mango","status":"publish","type":"product","link":"https:\/\/buscoequipomedico.com\/?product=otoscopio-mini-3000-f-o-mango","title":{"rendered":"OTOSCOPIO MINI 3000 F.O. + MANGO"},"content":{"rendered":"<ul>\n<li>20.000 ciclos garantizados de encendido y apagado.<\/li>\n<li>Iluminaci\u00f3n distal de fibra \u00f3ptica (F.O.): Iluminaci\u00f3n clara y sin reflejos del t\u00edmpano<br \/>y conducto auditivo.<\/li>\n<li>Ventana de visualizaci\u00f3n con aumento de 3 x y una superficie de carcasa<br \/>optimizada que ofrece im\u00e1genes muy n\u00edtidas y minimiza los reflejos.<\/li>\n<li>Ventana de visualizaci\u00f3n integrada, con giro lateral.<\/li>\n<li>Prueba neum\u00e1tica de la movilidad de la membrana timp\u00e1nica mediante conexi\u00f3n para insuflaci\u00f3n y adaptador opcional para insuflaci\u00f3n.<\/li>\n<li>Clip de sujeci\u00f3n con interruptor. Desconexi\u00f3n autom\u00e1tica al engancharlo en la bata.<\/li>\n<li>Funciona a pilas (AA) o con bater\u00eda recargable opcional con el cargador mini NT*.<\/li>\n<li>Mango y cabezal en dos piezas. De f\u00e1cil mantenimiento.<\/li>\n<li>Dise\u00f1o laureado. Dispositivo peque\u00f1o de gran calidad.<\/li>\n<\/ul>\n","protected":false},"excerpt":{"rendered":"<p><span>Moderno otoscopio de bolsillo con l\u00e1mpara hal\u00f3gena XHL X\u00e9non con luz clara y reproducci\u00f3n cromatica exacta. Dise\u00f1o exceptional, compacto y de luz intensa.<\/span><br \/><span>Combinable solamente con el sistema de mango mini 3000. Se suministra en color negro o azul.<\/span><\/p>\n","protected":false},"featured_media":13128,"template":"","meta":{"_joinchat":[]},"product_brand":[],"product_cat":[244,311],"product_tag":[],"class_list":{"0":"post-13127","1":"product","2":"type-product","3":"status-publish","4":"has-post-thumbnail","6":"product_cat-equipos-de-diagnostico","7":"product_cat-otoscopios","8":"pa_marca-heine","10":"first","11":"instock","12":"purchasable","13":"product-type-simple"},"yoast_head":"<!-- This site is optimized with the Yoast SEO plugin v25.1 - https:\/\/yoast.com\/wordpress\/plugins\/seo\/ -->\n<title>OTOSCOPIO MINI 3000 F.O. + MANGO - Tu mejor opci\u00f3n Equipo M\u00e9dico M\u00e9xico<\/title>\n<meta name=\"robots\" content=\"index, follow, max-snippet:-1, max-image-preview:large, max-video-preview:-1\" \/>\n<link rel=\"canonical\" href=\"https:\/\/buscoequipomedico.com\/?product=otoscopio-mini-3000-f-o-mango\" \/>\n<meta property=\"og:locale\" content=\"es_ES\" \/>\n<meta property=\"og:type\" content=\"article\" \/>\n<meta property=\"og:title\" content=\"OTOSCOPIO MINI 3000 F.O. + MANGO - Tu mejor opci\u00f3n Equipo M\u00e9dico M\u00e9xico\" \/>\n<meta property=\"og:description\" content=\"Moderno otoscopio de bolsillo con l\u00e1mpara hal\u00f3gena XHL X\u00e9non con luz clara y reproducci\u00f3n cromatica exacta. Dise\u00f1o exceptional, compacto y de luz intensa.Combinable solamente con el sistema de mango mini 3000. Se suministra en color negro o azul.\" \/>\n<meta property=\"og:url\" content=\"https:\/\/buscoequipomedico.com\/?product=otoscopio-mini-3000-f-o-mango\" \/>\n<meta property=\"og:site_name\" content=\"Tu mejor opci\u00f3n Equipo M\u00e9dico M\u00e9xico\" \/>\n<meta property=\"article:modified_time\" content=\"2020-02-18T07:37:07+00:00\" \/>\n<meta property=\"og:image\" content=\"https:\/\/buscoequipomedico.com\/wp-content\/uploads\/2020\/02\/otoscopio-mini-3000-fo-mango-moderno-otoscopio-de-bolsillo-con-lampara-halogena-xhl-xenon-con-luz-clara-y-reproduccion-cromatica.jpg\" \/>\n\t<meta property=\"og:image:width\" content=\"800\" \/>\n\t<meta property=\"og:image:height\" content=\"800\" \/>\n\t<meta property=\"og:image:type\" content=\"image\/png\" \/>\n<meta name=\"twitter:card\" content=\"summary_large_image\" \/>\n<meta name=\"twitter:label1\" content=\"Tiempo de lectura\" \/>\n\t<meta name=\"twitter:data1\" content=\"1 minuto\" \/>\n<script type=\"application\/ld+json\" class=\"yoast-schema-graph\">{\"@context\":\"https:\/\/schema.org\",\"@graph\":[{\"@type\":\"WebPage\",\"@id\":\"https:\/\/buscoequipomedico.com\/?product=otoscopio-mini-3000-f-o-mango\",\"url\":\"https:\/\/buscoequipomedico.com\/?product=otoscopio-mini-3000-f-o-mango\",\"name\":\"OTOSCOPIO MINI 3000 F.O. + MANGO - Tu mejor opci\u00f3n Equipo M\u00e9dico M\u00e9xico\",\"isPartOf\":{\"@id\":\"https:\/\/buscoequipomedico.com\/#website\"},\"primaryImageOfPage\":{\"@id\":\"https:\/\/buscoequipomedico.com\/?product=otoscopio-mini-3000-f-o-mango#primaryimage\"},\"image\":{\"@id\":\"https:\/\/buscoequipomedico.com\/?product=otoscopio-mini-3000-f-o-mango#primaryimage\"},\"thumbnailUrl\":\"https:\/\/buscoequipomedico.com\/wp-content\/uploads\/2020\/02\/otoscopio-mini-3000-fo-mango-moderno-otoscopio-de-bolsillo-con-lampara-halogena-xhl-xenon-con-luz-clara-y-reproduccion-cromatica.jpg\",\"datePublished\":\"2020-02-18T07:37:04+00:00\",\"dateModified\":\"2020-02-18T07:37:07+00:00\",\"breadcrumb\":{\"@id\":\"https:\/\/buscoequipomedico.com\/?product=otoscopio-mini-3000-f-o-mango#breadcrumb\"},\"inLanguage\":\"es\",\"potentialAction\":[{\"@type\":\"ReadAction\",\"target\":[\"https:\/\/buscoequipomedico.com\/?product=otoscopio-mini-3000-f-o-mango\"]}]},{\"@type\":\"ImageObject\",\"inLanguage\":\"es\",\"@id\":\"https:\/\/buscoequipomedico.com\/?product=otoscopio-mini-3000-f-o-mango#primaryimage\",\"url\":\"https:\/\/buscoequipomedico.com\/wp-content\/uploads\/2020\/02\/otoscopio-mini-3000-fo-mango-moderno-otoscopio-de-bolsillo-con-lampara-halogena-xhl-xenon-con-luz-clara-y-reproduccion-cromatica.jpg\",\"contentUrl\":\"https:\/\/buscoequipomedico.com\/wp-content\/uploads\/2020\/02\/otoscopio-mini-3000-fo-mango-moderno-otoscopio-de-bolsillo-con-lampara-halogena-xhl-xenon-con-luz-clara-y-reproduccion-cromatica.jpg\",\"width\":800,\"height\":800},{\"@type\":\"BreadcrumbList\",\"@id\":\"https:\/\/buscoequipomedico.com\/?product=otoscopio-mini-3000-f-o-mango#breadcrumb\",\"itemListElement\":[{\"@type\":\"ListItem\",\"position\":1,\"name\":\"Productos\",\"item\":\"https:\/\/buscoequipomedico.com\/shop\/\"},{\"@type\":\"ListItem\",\"position\":2,\"name\":\"OTOSCOPIO MINI 3000 F.O. + MANGO\"}]},{\"@type\":\"WebSite\",\"@id\":\"https:\/\/buscoequipomedico.com\/#website\",\"url\":\"https:\/\/buscoequipomedico.com\/\",\"name\":\"Tu mejor opci\u00f3n Equipo M\u00e9dico M\u00e9xico\",\"description\":\"Tienda de equipo m\u00e9dico\",\"publisher\":{\"@id\":\"https:\/\/buscoequipomedico.com\/#organization\"},\"potentialAction\":[{\"@type\":\"SearchAction\",\"target\":{\"@type\":\"EntryPoint\",\"urlTemplate\":\"https:\/\/buscoequipomedico.com\/?s={search_term_string}\"},\"query-input\":{\"@type\":\"PropertyValueSpecification\",\"valueRequired\":true,\"valueName\":\"search_term_string\"}}],\"inLanguage\":\"es\"},{\"@type\":\"Organization\",\"@id\":\"https:\/\/buscoequipomedico.com\/#organization\",\"name\":\"Tu mejor opci\u00f3n Equipo M\u00e9dico M\u00e9xico\",\"url\":\"https:\/\/buscoequipomedico.com\/\",\"logo\":{\"@type\":\"ImageObject\",\"inLanguage\":\"es\",\"@id\":\"https:\/\/buscoequipomedico.com\/#\/schema\/logo\/image\/\",\"url\":\"https:\/\/buscoequipomedico.com\/wp-content\/uploads\/2021\/07\/EMM-VPrincipal-scaled.jpg\",\"contentUrl\":\"https:\/\/buscoequipomedico.com\/wp-content\/uploads\/2021\/07\/EMM-VPrincipal-scaled.jpg\",\"width\":2560,\"height\":1058,\"caption\":\"Tu mejor opci\u00f3n Equipo M\u00e9dico M\u00e9xico\"},\"image\":{\"@id\":\"https:\/\/buscoequipomedico.com\/#\/schema\/logo\/image\/\"}}]}<\/script>\n<!-- \/ Yoast SEO plugin. -->","yoast_head_json":{"title":"OTOSCOPIO MINI 3000 F.O. + MANGO - Tu mejor opci\u00f3n Equipo M\u00e9dico M\u00e9xico","robots":{"index":"index","follow":"follow","max-snippet":"max-snippet:-1","max-image-preview":"max-image-preview:large","max-video-preview":"max-video-preview:-1"},"canonical":"https:\/\/buscoequipomedico.com\/?product=otoscopio-mini-3000-f-o-mango","og_locale":"es_ES","og_type":"article","og_title":"OTOSCOPIO MINI 3000 F.O. + MANGO - Tu mejor opci\u00f3n Equipo M\u00e9dico M\u00e9xico","og_description":"Moderno otoscopio de bolsillo con l\u00e1mpara hal\u00f3gena XHL X\u00e9non con luz clara y reproducci\u00f3n cromatica exacta. Dise\u00f1o exceptional, compacto y de luz intensa.Combinable solamente con el sistema de mango mini 3000. Se suministra en color negro o azul.","og_url":"https:\/\/buscoequipomedico.com\/?product=otoscopio-mini-3000-f-o-mango","og_site_name":"Tu mejor opci\u00f3n Equipo M\u00e9dico M\u00e9xico","article_modified_time":"2020-02-18T07:37:07+00:00","og_image":[{"width":800,"height":800,"url":"https:\/\/buscoequipomedico.com\/wp-content\/uploads\/2020\/02\/otoscopio-mini-3000-fo-mango-moderno-otoscopio-de-bolsillo-con-lampara-halogena-xhl-xenon-con-luz-clara-y-reproduccion-cromatica.jpg","type":"image\/png"}],"twitter_card":"summary_large_image","twitter_misc":{"Tiempo de lectura":"1 minuto"},"schema":{"@context":"https:\/\/schema.org","@graph":[{"@type":"WebPage","@id":"https:\/\/buscoequipomedico.com\/?product=otoscopio-mini-3000-f-o-mango","url":"https:\/\/buscoequipomedico.com\/?product=otoscopio-mini-3000-f-o-mango","name":"OTOSCOPIO MINI 3000 F.O. + MANGO - Tu mejor opci\u00f3n Equipo M\u00e9dico M\u00e9xico","isPartOf":{"@id":"https:\/\/buscoequipomedico.com\/#website"},"primaryImageOfPage":{"@id":"https:\/\/buscoequipomedico.com\/?product=otoscopio-mini-3000-f-o-mango#primaryimage"},"image":{"@id":"https:\/\/buscoequipomedico.com\/?product=otoscopio-mini-3000-f-o-mango#primaryimage"},"thumbnailUrl":"https:\/\/buscoequipomedico.com\/wp-content\/uploads\/2020\/02\/otoscopio-mini-3000-fo-mango-moderno-otoscopio-de-bolsillo-con-lampara-halogena-xhl-xenon-con-luz-clara-y-reproduccion-cromatica.jpg","datePublished":"2020-02-18T07:37:04+00:00","dateModified":"2020-02-18T07:37:07+00:00","breadcrumb":{"@id":"https:\/\/buscoequipomedico.com\/?product=otoscopio-mini-3000-f-o-mango#breadcrumb"},"inLanguage":"es","potentialAction":[{"@type":"ReadAction","target":["https:\/\/buscoequipomedico.com\/?product=otoscopio-mini-3000-f-o-mango"]}]},{"@type":"ImageObject","inLanguage":"es","@id":"https:\/\/buscoequipomedico.com\/?product=otoscopio-mini-3000-f-o-mango#primaryimage","url":"https:\/\/buscoequipomedico.com\/wp-content\/uploads\/2020\/02\/otoscopio-mini-3000-fo-mango-moderno-otoscopio-de-bolsillo-con-lampara-halogena-xhl-xenon-con-luz-clara-y-reproduccion-cromatica.jpg","contentUrl":"https:\/\/buscoequipomedico.com\/wp-content\/uploads\/2020\/02\/otoscopio-mini-3000-fo-mango-moderno-otoscopio-de-bolsillo-con-lampara-halogena-xhl-xenon-con-luz-clara-y-reproduccion-cromatica.jpg","width":800,"height":800},{"@type":"BreadcrumbList","@id":"https:\/\/buscoequipomedico.com\/?product=otoscopio-mini-3000-f-o-mango#breadcrumb","itemListElement":[{"@type":"ListItem","position":1,"name":"Productos","item":"https:\/\/buscoequipomedico.com\/shop\/"},{"@type":"ListItem","position":2,"name":"OTOSCOPIO MINI 3000 F.O. + MANGO"}]},{"@type":"WebSite","@id":"https:\/\/buscoequipomedico.com\/#website","url":"https:\/\/buscoequipomedico.com\/","name":"Tu mejor opci\u00f3n Equipo M\u00e9dico M\u00e9xico","description":"Tienda de equipo m\u00e9dico","publisher":{"@id":"https:\/\/buscoequipomedico.com\/#organization"},"potentialAction":[{"@type":"SearchAction","target":{"@type":"EntryPoint","urlTemplate":"https:\/\/buscoequipomedico.com\/?s={search_term_string}"},"query-input":{"@type":"PropertyValueSpecification","valueRequired":true,"valueName":"search_term_string"}}],"inLanguage":"es"},{"@type":"Organization","@id":"https:\/\/buscoequipomedico.com\/#organization","name":"Tu mejor opci\u00f3n Equipo M\u00e9dico M\u00e9xico","url":"https:\/\/buscoequipomedico.com\/","logo":{"@type":"ImageObject","inLanguage":"es","@id":"https:\/\/buscoequipomedico.com\/#\/schema\/logo\/image\/","url":"https:\/\/buscoequipomedico.com\/wp-content\/uploads\/2021\/07\/EMM-VPrincipal-scaled.jpg","contentUrl":"https:\/\/buscoequipomedico.com\/wp-content\/uploads\/2021\/07\/EMM-VPrincipal-scaled.jpg","width":2560,"height":1058,"caption":"Tu mejor opci\u00f3n Equipo M\u00e9dico M\u00e9xico"},"image":{"@id":"https:\/\/buscoequipomedico.com\/#\/schema\/logo\/image\/"}}]}},"_links":{"self":[{"href":"https:\/\/buscoequipomedico.com\/index.php?rest_route=\/wp\/v2\/product\/13127","targetHints":{"allow":["GET"]}}],"collection":[{"href":"https:\/\/buscoequipomedico.com\/index.php?rest_route=\/wp\/v2\/product"}],"about":[{"href":"https:\/\/buscoequipomedico.com\/index.php?rest_route=\/wp\/v2\/types\/product"}],"wp:featuredmedia":[{"embeddable":true,"href":"https:\/\/buscoequipomedico.com\/index.php?rest_route=\/wp\/v2\/media\/13128"}],"wp:attachment":[{"href":"https:\/\/buscoequipomedico.com\/index.php?rest_route=%2Fwp%2Fv2%2Fmedia&parent=13127"}],"wp:term":[{"taxonomy":"product_brand","embeddable":true,"href":"https:\/\/buscoequipomedico.com\/index.php?rest_route=%2Fwp%2Fv2%2Fproduct_brand&post=13127"},{"taxonomy":"product_cat","embeddable":true,"href":"https:\/\/buscoequipomedico.com\/index.php?rest_route=%2Fwp%2Fv2%2Fproduct_cat&post=13127"},{"taxonomy":"product_tag","embeddable":true,"href":"https:\/\/buscoequipomedico.com\/index.php?rest_route=%2Fwp%2Fv2%2Fproduct_tag&post=13127"}],"curies":[{"name":"wp","href":"https:\/\/api.w.org\/{rel}","templated":true}]}}