{"id":13136,"date":"2020-02-18T07:37:09","date_gmt":"2020-02-18T07:37:09","guid":{"rendered":"https:\/\/equipomedicomexico-com.preview-domain.com\/product\/pulso-oximentro-de-dedo\/"},"modified":"2020-02-18T07:37:09","modified_gmt":"2020-02-18T07:37:09","slug":"pulso-oximentro-de-dedo","status":"publish","type":"product","link":"https:\/\/buscoequipomedico.com\/?product=pulso-oximentro-de-dedo","title":{"rendered":"PULSO-OXIMENTRO DE DEDO"},"content":{"rendered":"<ul>\n<li>Fuente sistema anti interferencia<\/li>\n<li>Baja perfusi\u00f3n 03%.<\/li>\n<li>Bajo consumo de energ\u00eda<\/li>\n<li>Funci\u00f3n de auto apagado<\/li>\n<li>Sonido de pulso en tiempo real m\u00e1s intenso para la monitorizaci\u00f3n<\/li>\n<\/ul>\n","protected":false},"excerpt":{"rendered":"<ul>\n<li>Pantalla anti raspaduras con dise\u00f1o tipo espejo<\/li>\n<li>Avanzada tecnolog\u00eda de SPO2 con lectura de \u00edndice de perfusi\u00f3n PI<\/li>\n<li>6 modos de pantalla para valores de SPO2, PI, FC, onda de pulso, barra grafica<\/li>\n<li>Men\u00fa y comandos amigables<\/li>\n<li>Ajuste de brillo y memorias<\/li>\n<\/ul>\n","protected":false},"featured_media":13137,"template":"","meta":{"_joinchat":[]},"product_brand":[],"product_cat":[313],"product_tag":[],"class_list":{"0":"post-13136","1":"product","2":"type-product","3":"status-publish","4":"has-post-thumbnail","6":"product_cat-oximetros","7":"pa_marca-promise","9":"first","10":"instock","11":"purchasable","12":"product-type-simple"},"yoast_head":"<!-- This site is optimized with the Yoast SEO plugin v25.1 - https:\/\/yoast.com\/wordpress\/plugins\/seo\/ -->\n<title>PULSO-OXIMENTRO DE DEDO - Tu mejor opci\u00f3n Equipo M\u00e9dico M\u00e9xico<\/title>\n<meta name=\"robots\" content=\"index, follow, max-snippet:-1, max-image-preview:large, max-video-preview:-1\" \/>\n<link rel=\"canonical\" href=\"https:\/\/buscoequipomedico.com\/?product=pulso-oximentro-de-dedo\" \/>\n<meta property=\"og:locale\" content=\"es_ES\" \/>\n<meta property=\"og:type\" content=\"article\" \/>\n<meta property=\"og:title\" content=\"PULSO-OXIMENTRO DE DEDO - Tu mejor opci\u00f3n Equipo M\u00e9dico M\u00e9xico\" \/>\n<meta property=\"og:description\" content=\"Pantalla anti raspaduras con dise\u00f1o tipo espejo Avanzada tecnolog\u00eda de SPO2 con lectura de \u00edndice de perfusi\u00f3n PI 6 modos de pantalla para valores de SPO2, PI, FC, onda de pulso, barra grafica Men\u00fa y comandos amigables Ajuste de brillo y memorias\" \/>\n<meta property=\"og:url\" content=\"https:\/\/buscoequipomedico.com\/?product=pulso-oximentro-de-dedo\" \/>\n<meta property=\"og:site_name\" content=\"Tu mejor opci\u00f3n Equipo M\u00e9dico M\u00e9xico\" \/>\n<meta property=\"og:image\" content=\"https:\/\/buscoequipomedico.com\/wp-content\/uploads\/2020\/02\/pulso-oximentro-de-dedo-pantalla-anti-raspaduras-con-diseno-tipo-espejo-avanzada-tecnologia-de-spo2-con-lectura-de-indice-de-per.jpg\" \/>\n\t<meta property=\"og:image:width\" content=\"800\" \/>\n\t<meta property=\"og:image:height\" content=\"800\" \/>\n\t<meta property=\"og:image:type\" content=\"image\/png\" \/>\n<meta name=\"twitter:card\" content=\"summary_large_image\" \/>\n<script type=\"application\/ld+json\" class=\"yoast-schema-graph\">{\"@context\":\"https:\/\/schema.org\",\"@graph\":[{\"@type\":\"WebPage\",\"@id\":\"https:\/\/buscoequipomedico.com\/?product=pulso-oximentro-de-dedo\",\"url\":\"https:\/\/buscoequipomedico.com\/?product=pulso-oximentro-de-dedo\",\"name\":\"PULSO-OXIMENTRO DE DEDO - Tu mejor opci\u00f3n Equipo M\u00e9dico M\u00e9xico\",\"isPartOf\":{\"@id\":\"https:\/\/buscoequipomedico.com\/#website\"},\"primaryImageOfPage\":{\"@id\":\"https:\/\/buscoequipomedico.com\/?product=pulso-oximentro-de-dedo#primaryimage\"},\"image\":{\"@id\":\"https:\/\/buscoequipomedico.com\/?product=pulso-oximentro-de-dedo#primaryimage\"},\"thumbnailUrl\":\"https:\/\/buscoequipomedico.com\/wp-content\/uploads\/2020\/02\/pulso-oximentro-de-dedo-pantalla-anti-raspaduras-con-diseno-tipo-espejo-avanzada-tecnologia-de-spo2-con-lectura-de-indice-de-per.jpg\",\"datePublished\":\"2020-02-18T07:37:09+00:00\",\"breadcrumb\":{\"@id\":\"https:\/\/buscoequipomedico.com\/?product=pulso-oximentro-de-dedo#breadcrumb\"},\"inLanguage\":\"es\",\"potentialAction\":[{\"@type\":\"ReadAction\",\"target\":[\"https:\/\/buscoequipomedico.com\/?product=pulso-oximentro-de-dedo\"]}]},{\"@type\":\"ImageObject\",\"inLanguage\":\"es\",\"@id\":\"https:\/\/buscoequipomedico.com\/?product=pulso-oximentro-de-dedo#primaryimage\",\"url\":\"https:\/\/buscoequipomedico.com\/wp-content\/uploads\/2020\/02\/pulso-oximentro-de-dedo-pantalla-anti-raspaduras-con-diseno-tipo-espejo-avanzada-tecnologia-de-spo2-con-lectura-de-indice-de-per.jpg\",\"contentUrl\":\"https:\/\/buscoequipomedico.com\/wp-content\/uploads\/2020\/02\/pulso-oximentro-de-dedo-pantalla-anti-raspaduras-con-diseno-tipo-espejo-avanzada-tecnologia-de-spo2-con-lectura-de-indice-de-per.jpg\",\"width\":800,\"height\":800},{\"@type\":\"BreadcrumbList\",\"@id\":\"https:\/\/buscoequipomedico.com\/?product=pulso-oximentro-de-dedo#breadcrumb\",\"itemListElement\":[{\"@type\":\"ListItem\",\"position\":1,\"name\":\"Productos\",\"item\":\"https:\/\/buscoequipomedico.com\/shop\/\"},{\"@type\":\"ListItem\",\"position\":2,\"name\":\"PULSO-OXIMENTRO DE DEDO\"}]},{\"@type\":\"WebSite\",\"@id\":\"https:\/\/buscoequipomedico.com\/#website\",\"url\":\"https:\/\/buscoequipomedico.com\/\",\"name\":\"Tu mejor opci\u00f3n Equipo M\u00e9dico M\u00e9xico\",\"description\":\"Tienda de equipo m\u00e9dico\",\"publisher\":{\"@id\":\"https:\/\/buscoequipomedico.com\/#organization\"},\"potentialAction\":[{\"@type\":\"SearchAction\",\"target\":{\"@type\":\"EntryPoint\",\"urlTemplate\":\"https:\/\/buscoequipomedico.com\/?s={search_term_string}\"},\"query-input\":{\"@type\":\"PropertyValueSpecification\",\"valueRequired\":true,\"valueName\":\"search_term_string\"}}],\"inLanguage\":\"es\"},{\"@type\":\"Organization\",\"@id\":\"https:\/\/buscoequipomedico.com\/#organization\",\"name\":\"Tu mejor opci\u00f3n Equipo M\u00e9dico M\u00e9xico\",\"url\":\"https:\/\/buscoequipomedico.com\/\",\"logo\":{\"@type\":\"ImageObject\",\"inLanguage\":\"es\",\"@id\":\"https:\/\/buscoequipomedico.com\/#\/schema\/logo\/image\/\",\"url\":\"https:\/\/buscoequipomedico.com\/wp-content\/uploads\/2021\/07\/EMM-VPrincipal-scaled.jpg\",\"contentUrl\":\"https:\/\/buscoequipomedico.com\/wp-content\/uploads\/2021\/07\/EMM-VPrincipal-scaled.jpg\",\"width\":2560,\"height\":1058,\"caption\":\"Tu mejor opci\u00f3n Equipo M\u00e9dico M\u00e9xico\"},\"image\":{\"@id\":\"https:\/\/buscoequipomedico.com\/#\/schema\/logo\/image\/\"}}]}<\/script>\n<!-- \/ Yoast SEO plugin. -->","yoast_head_json":{"title":"PULSO-OXIMENTRO DE DEDO - Tu mejor opci\u00f3n Equipo M\u00e9dico M\u00e9xico","robots":{"index":"index","follow":"follow","max-snippet":"max-snippet:-1","max-image-preview":"max-image-preview:large","max-video-preview":"max-video-preview:-1"},"canonical":"https:\/\/buscoequipomedico.com\/?product=pulso-oximentro-de-dedo","og_locale":"es_ES","og_type":"article","og_title":"PULSO-OXIMENTRO DE DEDO - Tu mejor opci\u00f3n Equipo M\u00e9dico M\u00e9xico","og_description":"Pantalla anti raspaduras con dise\u00f1o tipo espejo Avanzada tecnolog\u00eda de SPO2 con lectura de \u00edndice de perfusi\u00f3n PI 6 modos de pantalla para valores de SPO2, PI, FC, onda de pulso, barra grafica Men\u00fa y comandos amigables Ajuste de brillo y memorias","og_url":"https:\/\/buscoequipomedico.com\/?product=pulso-oximentro-de-dedo","og_site_name":"Tu mejor opci\u00f3n Equipo M\u00e9dico M\u00e9xico","og_image":[{"width":800,"height":800,"url":"https:\/\/buscoequipomedico.com\/wp-content\/uploads\/2020\/02\/pulso-oximentro-de-dedo-pantalla-anti-raspaduras-con-diseno-tipo-espejo-avanzada-tecnologia-de-spo2-con-lectura-de-indice-de-per.jpg","type":"image\/png"}],"twitter_card":"summary_large_image","schema":{"@context":"https:\/\/schema.org","@graph":[{"@type":"WebPage","@id":"https:\/\/buscoequipomedico.com\/?product=pulso-oximentro-de-dedo","url":"https:\/\/buscoequipomedico.com\/?product=pulso-oximentro-de-dedo","name":"PULSO-OXIMENTRO DE DEDO - Tu mejor opci\u00f3n Equipo M\u00e9dico M\u00e9xico","isPartOf":{"@id":"https:\/\/buscoequipomedico.com\/#website"},"primaryImageOfPage":{"@id":"https:\/\/buscoequipomedico.com\/?product=pulso-oximentro-de-dedo#primaryimage"},"image":{"@id":"https:\/\/buscoequipomedico.com\/?product=pulso-oximentro-de-dedo#primaryimage"},"thumbnailUrl":"https:\/\/buscoequipomedico.com\/wp-content\/uploads\/2020\/02\/pulso-oximentro-de-dedo-pantalla-anti-raspaduras-con-diseno-tipo-espejo-avanzada-tecnologia-de-spo2-con-lectura-de-indice-de-per.jpg","datePublished":"2020-02-18T07:37:09+00:00","breadcrumb":{"@id":"https:\/\/buscoequipomedico.com\/?product=pulso-oximentro-de-dedo#breadcrumb"},"inLanguage":"es","potentialAction":[{"@type":"ReadAction","target":["https:\/\/buscoequipomedico.com\/?product=pulso-oximentro-de-dedo"]}]},{"@type":"ImageObject","inLanguage":"es","@id":"https:\/\/buscoequipomedico.com\/?product=pulso-oximentro-de-dedo#primaryimage","url":"https:\/\/buscoequipomedico.com\/wp-content\/uploads\/2020\/02\/pulso-oximentro-de-dedo-pantalla-anti-raspaduras-con-diseno-tipo-espejo-avanzada-tecnologia-de-spo2-con-lectura-de-indice-de-per.jpg","contentUrl":"https:\/\/buscoequipomedico.com\/wp-content\/uploads\/2020\/02\/pulso-oximentro-de-dedo-pantalla-anti-raspaduras-con-diseno-tipo-espejo-avanzada-tecnologia-de-spo2-con-lectura-de-indice-de-per.jpg","width":800,"height":800},{"@type":"BreadcrumbList","@id":"https:\/\/buscoequipomedico.com\/?product=pulso-oximentro-de-dedo#breadcrumb","itemListElement":[{"@type":"ListItem","position":1,"name":"Productos","item":"https:\/\/buscoequipomedico.com\/shop\/"},{"@type":"ListItem","position":2,"name":"PULSO-OXIMENTRO DE DEDO"}]},{"@type":"WebSite","@id":"https:\/\/buscoequipomedico.com\/#website","url":"https:\/\/buscoequipomedico.com\/","name":"Tu mejor opci\u00f3n Equipo M\u00e9dico M\u00e9xico","description":"Tienda de equipo m\u00e9dico","publisher":{"@id":"https:\/\/buscoequipomedico.com\/#organization"},"potentialAction":[{"@type":"SearchAction","target":{"@type":"EntryPoint","urlTemplate":"https:\/\/buscoequipomedico.com\/?s={search_term_string}"},"query-input":{"@type":"PropertyValueSpecification","valueRequired":true,"valueName":"search_term_string"}}],"inLanguage":"es"},{"@type":"Organization","@id":"https:\/\/buscoequipomedico.com\/#organization","name":"Tu mejor opci\u00f3n Equipo M\u00e9dico M\u00e9xico","url":"https:\/\/buscoequipomedico.com\/","logo":{"@type":"ImageObject","inLanguage":"es","@id":"https:\/\/buscoequipomedico.com\/#\/schema\/logo\/image\/","url":"https:\/\/buscoequipomedico.com\/wp-content\/uploads\/2021\/07\/EMM-VPrincipal-scaled.jpg","contentUrl":"https:\/\/buscoequipomedico.com\/wp-content\/uploads\/2021\/07\/EMM-VPrincipal-scaled.jpg","width":2560,"height":1058,"caption":"Tu mejor opci\u00f3n Equipo M\u00e9dico M\u00e9xico"},"image":{"@id":"https:\/\/buscoequipomedico.com\/#\/schema\/logo\/image\/"}}]}},"_links":{"self":[{"href":"https:\/\/buscoequipomedico.com\/index.php?rest_route=\/wp\/v2\/product\/13136","targetHints":{"allow":["GET"]}}],"collection":[{"href":"https:\/\/buscoequipomedico.com\/index.php?rest_route=\/wp\/v2\/product"}],"about":[{"href":"https:\/\/buscoequipomedico.com\/index.php?rest_route=\/wp\/v2\/types\/product"}],"wp:featuredmedia":[{"embeddable":true,"href":"https:\/\/buscoequipomedico.com\/index.php?rest_route=\/wp\/v2\/media\/13137"}],"wp:attachment":[{"href":"https:\/\/buscoequipomedico.com\/index.php?rest_route=%2Fwp%2Fv2%2Fmedia&parent=13136"}],"wp:term":[{"taxonomy":"product_brand","embeddable":true,"href":"https:\/\/buscoequipomedico.com\/index.php?rest_route=%2Fwp%2Fv2%2Fproduct_brand&post=13136"},{"taxonomy":"product_cat","embeddable":true,"href":"https:\/\/buscoequipomedico.com\/index.php?rest_route=%2Fwp%2Fv2%2Fproduct_cat&post=13136"},{"taxonomy":"product_tag","embeddable":true,"href":"https:\/\/buscoequipomedico.com\/index.php?rest_route=%2Fwp%2Fv2%2Fproduct_tag&post=13136"}],"curies":[{"name":"wp","href":"https:\/\/api.w.org\/{rel}","templated":true}]}}