{"id":13152,"date":"2020-02-18T07:37:09","date_gmt":"2020-02-18T07:37:09","guid":{"rendered":"https:\/\/equipomedicomexico-com.preview-domain.com\/product\/detector-flat-panel-portatil-multiuso-para-radiografia-digital-4\/"},"modified":"2020-02-18T07:37:11","modified_gmt":"2020-02-18T07:37:11","slug":"detector-flat-panel-portatil-multiuso-para-radiografia-digital-4","status":"publish","type":"product","link":"https:\/\/buscoequipomedico.com\/?product=detector-flat-panel-portatil-multiuso-para-radiografia-digital-4","title":{"rendered":"DETECTOR FLAT PANEL PORT\u00c1TIL MULTIUSO PARA RADIOGRAF\u00cdA DIGITAL"},"content":{"rendered":"<p>\u2022 BATERIA DE DURACION ESTENDIDA ( 8 Hrs de captura)<\/p>\n<\/p>\n<p>\u2022 CONFIABLE DETECCION AUTOMATICA DE EXPOSICION (AED)<\/p>\n<\/p>\n<p>\u2022 MEJOR MOVILIDAD \u2013 DISE\u00d1O ERGON\u00d3MICO Y ULTRALIGERO<\/p><\/p>\n","protected":false},"excerpt":{"rendered":"<p>RESISTETE AL POLVO Y AGUA (IPX3)<\/p>\n<\/p>\n<p>\u2022 EL MAS ESTABLE Y CONFIABLE DETECTOR<\/p>\n<\/p>\n<p>\u2022 ALTA VELOCIDAD (IEEE 802.11n\/ac CON 3 ANTENAS)<\/p><\/p>\n","protected":false},"featured_media":13149,"template":"","meta":{"_joinchat":[]},"product_brand":[],"product_cat":[318],"product_tag":[],"class_list":{"0":"post-13152","1":"product","2":"type-product","3":"status-publish","4":"has-post-thumbnail","6":"product_cat-rayos-x","7":"pa_marca-vieworks","9":"first","10":"instock","11":"purchasable","12":"product-type-simple"},"yoast_head":"<!-- This site is optimized with the Yoast SEO plugin v25.1 - https:\/\/yoast.com\/wordpress\/plugins\/seo\/ -->\n<title>DETECTOR FLAT PANEL PORT\u00c1TIL MULTIUSO PARA RADIOGRAF\u00cdA DIGITAL - Tu mejor opci\u00f3n Equipo M\u00e9dico M\u00e9xico<\/title>\n<meta name=\"robots\" content=\"index, follow, max-snippet:-1, max-image-preview:large, max-video-preview:-1\" \/>\n<link rel=\"canonical\" href=\"https:\/\/buscoequipomedico.com\/?product=detector-flat-panel-portatil-multiuso-para-radiografia-digital-4\" \/>\n<meta property=\"og:locale\" content=\"es_ES\" \/>\n<meta property=\"og:type\" content=\"article\" \/>\n<meta property=\"og:title\" content=\"DETECTOR FLAT PANEL PORT\u00c1TIL MULTIUSO PARA RADIOGRAF\u00cdA DIGITAL - Tu mejor opci\u00f3n Equipo M\u00e9dico M\u00e9xico\" \/>\n<meta property=\"og:description\" content=\"RESISTETE AL POLVO Y AGUA (IPX3) \u2022 EL MAS ESTABLE Y CONFIABLE DETECTOR \u2022 ALTA VELOCIDAD (IEEE 802.11n\/ac CON 3 ANTENAS)\" \/>\n<meta property=\"og:url\" content=\"https:\/\/buscoequipomedico.com\/?product=detector-flat-panel-portatil-multiuso-para-radiografia-digital-4\" \/>\n<meta property=\"og:site_name\" content=\"Tu mejor opci\u00f3n Equipo M\u00e9dico M\u00e9xico\" \/>\n<meta property=\"article:modified_time\" content=\"2020-02-18T07:37:11+00:00\" \/>\n<meta property=\"og:image\" content=\"https:\/\/buscoequipomedico.com\/wp-content\/uploads\/2020\/02\/detector-flat-panel-portatil-multiuso-para-radiografia-digital-resistete-al-polvo-y-agua-ipx3-o-el-mas-estable-y-confiable-detec.jpg\" \/>\n\t<meta property=\"og:image:width\" content=\"800\" \/>\n\t<meta property=\"og:image:height\" content=\"800\" \/>\n\t<meta property=\"og:image:type\" content=\"image\/png\" \/>\n<meta name=\"twitter:card\" content=\"summary_large_image\" \/>\n<script type=\"application\/ld+json\" class=\"yoast-schema-graph\">{\"@context\":\"https:\/\/schema.org\",\"@graph\":[{\"@type\":\"WebPage\",\"@id\":\"https:\/\/buscoequipomedico.com\/?product=detector-flat-panel-portatil-multiuso-para-radiografia-digital-4\",\"url\":\"https:\/\/buscoequipomedico.com\/?product=detector-flat-panel-portatil-multiuso-para-radiografia-digital-4\",\"name\":\"DETECTOR FLAT PANEL PORT\u00c1TIL MULTIUSO PARA RADIOGRAF\u00cdA DIGITAL - Tu mejor opci\u00f3n Equipo M\u00e9dico M\u00e9xico\",\"isPartOf\":{\"@id\":\"https:\/\/buscoequipomedico.com\/#website\"},\"primaryImageOfPage\":{\"@id\":\"https:\/\/buscoequipomedico.com\/?product=detector-flat-panel-portatil-multiuso-para-radiografia-digital-4#primaryimage\"},\"image\":{\"@id\":\"https:\/\/buscoequipomedico.com\/?product=detector-flat-panel-portatil-multiuso-para-radiografia-digital-4#primaryimage\"},\"thumbnailUrl\":\"https:\/\/buscoequipomedico.com\/wp-content\/uploads\/2020\/02\/detector-flat-panel-portatil-multiuso-para-radiografia-digital-resistete-al-polvo-y-agua-ipx3-o-el-mas-estable-y-confiable-detec.jpg\",\"datePublished\":\"2020-02-18T07:37:09+00:00\",\"dateModified\":\"2020-02-18T07:37:11+00:00\",\"breadcrumb\":{\"@id\":\"https:\/\/buscoequipomedico.com\/?product=detector-flat-panel-portatil-multiuso-para-radiografia-digital-4#breadcrumb\"},\"inLanguage\":\"es\",\"potentialAction\":[{\"@type\":\"ReadAction\",\"target\":[\"https:\/\/buscoequipomedico.com\/?product=detector-flat-panel-portatil-multiuso-para-radiografia-digital-4\"]}]},{\"@type\":\"ImageObject\",\"inLanguage\":\"es\",\"@id\":\"https:\/\/buscoequipomedico.com\/?product=detector-flat-panel-portatil-multiuso-para-radiografia-digital-4#primaryimage\",\"url\":\"https:\/\/buscoequipomedico.com\/wp-content\/uploads\/2020\/02\/detector-flat-panel-portatil-multiuso-para-radiografia-digital-resistete-al-polvo-y-agua-ipx3-o-el-mas-estable-y-confiable-detec.jpg\",\"contentUrl\":\"https:\/\/buscoequipomedico.com\/wp-content\/uploads\/2020\/02\/detector-flat-panel-portatil-multiuso-para-radiografia-digital-resistete-al-polvo-y-agua-ipx3-o-el-mas-estable-y-confiable-detec.jpg\",\"width\":800,\"height\":800},{\"@type\":\"BreadcrumbList\",\"@id\":\"https:\/\/buscoequipomedico.com\/?product=detector-flat-panel-portatil-multiuso-para-radiografia-digital-4#breadcrumb\",\"itemListElement\":[{\"@type\":\"ListItem\",\"position\":1,\"name\":\"Productos\",\"item\":\"https:\/\/buscoequipomedico.com\/shop\/\"},{\"@type\":\"ListItem\",\"position\":2,\"name\":\"DETECTOR FLAT PANEL PORT\u00c1TIL MULTIUSO PARA RADIOGRAF\u00cdA DIGITAL\"}]},{\"@type\":\"WebSite\",\"@id\":\"https:\/\/buscoequipomedico.com\/#website\",\"url\":\"https:\/\/buscoequipomedico.com\/\",\"name\":\"Tu mejor opci\u00f3n Equipo M\u00e9dico M\u00e9xico\",\"description\":\"Tienda de equipo m\u00e9dico\",\"publisher\":{\"@id\":\"https:\/\/buscoequipomedico.com\/#organization\"},\"potentialAction\":[{\"@type\":\"SearchAction\",\"target\":{\"@type\":\"EntryPoint\",\"urlTemplate\":\"https:\/\/buscoequipomedico.com\/?s={search_term_string}\"},\"query-input\":{\"@type\":\"PropertyValueSpecification\",\"valueRequired\":true,\"valueName\":\"search_term_string\"}}],\"inLanguage\":\"es\"},{\"@type\":\"Organization\",\"@id\":\"https:\/\/buscoequipomedico.com\/#organization\",\"name\":\"Tu mejor opci\u00f3n Equipo M\u00e9dico M\u00e9xico\",\"url\":\"https:\/\/buscoequipomedico.com\/\",\"logo\":{\"@type\":\"ImageObject\",\"inLanguage\":\"es\",\"@id\":\"https:\/\/buscoequipomedico.com\/#\/schema\/logo\/image\/\",\"url\":\"https:\/\/buscoequipomedico.com\/wp-content\/uploads\/2021\/07\/EMM-VPrincipal-scaled.jpg\",\"contentUrl\":\"https:\/\/buscoequipomedico.com\/wp-content\/uploads\/2021\/07\/EMM-VPrincipal-scaled.jpg\",\"width\":2560,\"height\":1058,\"caption\":\"Tu mejor opci\u00f3n Equipo M\u00e9dico M\u00e9xico\"},\"image\":{\"@id\":\"https:\/\/buscoequipomedico.com\/#\/schema\/logo\/image\/\"}}]}<\/script>\n<!-- \/ Yoast SEO plugin. -->","yoast_head_json":{"title":"DETECTOR FLAT PANEL PORT\u00c1TIL MULTIUSO PARA RADIOGRAF\u00cdA DIGITAL - Tu mejor opci\u00f3n Equipo M\u00e9dico M\u00e9xico","robots":{"index":"index","follow":"follow","max-snippet":"max-snippet:-1","max-image-preview":"max-image-preview:large","max-video-preview":"max-video-preview:-1"},"canonical":"https:\/\/buscoequipomedico.com\/?product=detector-flat-panel-portatil-multiuso-para-radiografia-digital-4","og_locale":"es_ES","og_type":"article","og_title":"DETECTOR FLAT PANEL PORT\u00c1TIL MULTIUSO PARA RADIOGRAF\u00cdA DIGITAL - Tu mejor opci\u00f3n Equipo M\u00e9dico M\u00e9xico","og_description":"RESISTETE AL POLVO Y AGUA (IPX3) \u2022 EL MAS ESTABLE Y CONFIABLE DETECTOR \u2022 ALTA VELOCIDAD (IEEE 802.11n\/ac CON 3 ANTENAS)","og_url":"https:\/\/buscoequipomedico.com\/?product=detector-flat-panel-portatil-multiuso-para-radiografia-digital-4","og_site_name":"Tu mejor opci\u00f3n Equipo M\u00e9dico M\u00e9xico","article_modified_time":"2020-02-18T07:37:11+00:00","og_image":[{"width":800,"height":800,"url":"https:\/\/buscoequipomedico.com\/wp-content\/uploads\/2020\/02\/detector-flat-panel-portatil-multiuso-para-radiografia-digital-resistete-al-polvo-y-agua-ipx3-o-el-mas-estable-y-confiable-detec.jpg","type":"image\/png"}],"twitter_card":"summary_large_image","schema":{"@context":"https:\/\/schema.org","@graph":[{"@type":"WebPage","@id":"https:\/\/buscoequipomedico.com\/?product=detector-flat-panel-portatil-multiuso-para-radiografia-digital-4","url":"https:\/\/buscoequipomedico.com\/?product=detector-flat-panel-portatil-multiuso-para-radiografia-digital-4","name":"DETECTOR FLAT PANEL PORT\u00c1TIL MULTIUSO PARA RADIOGRAF\u00cdA DIGITAL - Tu mejor opci\u00f3n Equipo M\u00e9dico M\u00e9xico","isPartOf":{"@id":"https:\/\/buscoequipomedico.com\/#website"},"primaryImageOfPage":{"@id":"https:\/\/buscoequipomedico.com\/?product=detector-flat-panel-portatil-multiuso-para-radiografia-digital-4#primaryimage"},"image":{"@id":"https:\/\/buscoequipomedico.com\/?product=detector-flat-panel-portatil-multiuso-para-radiografia-digital-4#primaryimage"},"thumbnailUrl":"https:\/\/buscoequipomedico.com\/wp-content\/uploads\/2020\/02\/detector-flat-panel-portatil-multiuso-para-radiografia-digital-resistete-al-polvo-y-agua-ipx3-o-el-mas-estable-y-confiable-detec.jpg","datePublished":"2020-02-18T07:37:09+00:00","dateModified":"2020-02-18T07:37:11+00:00","breadcrumb":{"@id":"https:\/\/buscoequipomedico.com\/?product=detector-flat-panel-portatil-multiuso-para-radiografia-digital-4#breadcrumb"},"inLanguage":"es","potentialAction":[{"@type":"ReadAction","target":["https:\/\/buscoequipomedico.com\/?product=detector-flat-panel-portatil-multiuso-para-radiografia-digital-4"]}]},{"@type":"ImageObject","inLanguage":"es","@id":"https:\/\/buscoequipomedico.com\/?product=detector-flat-panel-portatil-multiuso-para-radiografia-digital-4#primaryimage","url":"https:\/\/buscoequipomedico.com\/wp-content\/uploads\/2020\/02\/detector-flat-panel-portatil-multiuso-para-radiografia-digital-resistete-al-polvo-y-agua-ipx3-o-el-mas-estable-y-confiable-detec.jpg","contentUrl":"https:\/\/buscoequipomedico.com\/wp-content\/uploads\/2020\/02\/detector-flat-panel-portatil-multiuso-para-radiografia-digital-resistete-al-polvo-y-agua-ipx3-o-el-mas-estable-y-confiable-detec.jpg","width":800,"height":800},{"@type":"BreadcrumbList","@id":"https:\/\/buscoequipomedico.com\/?product=detector-flat-panel-portatil-multiuso-para-radiografia-digital-4#breadcrumb","itemListElement":[{"@type":"ListItem","position":1,"name":"Productos","item":"https:\/\/buscoequipomedico.com\/shop\/"},{"@type":"ListItem","position":2,"name":"DETECTOR FLAT PANEL PORT\u00c1TIL MULTIUSO PARA RADIOGRAF\u00cdA DIGITAL"}]},{"@type":"WebSite","@id":"https:\/\/buscoequipomedico.com\/#website","url":"https:\/\/buscoequipomedico.com\/","name":"Tu mejor opci\u00f3n Equipo M\u00e9dico M\u00e9xico","description":"Tienda de equipo m\u00e9dico","publisher":{"@id":"https:\/\/buscoequipomedico.com\/#organization"},"potentialAction":[{"@type":"SearchAction","target":{"@type":"EntryPoint","urlTemplate":"https:\/\/buscoequipomedico.com\/?s={search_term_string}"},"query-input":{"@type":"PropertyValueSpecification","valueRequired":true,"valueName":"search_term_string"}}],"inLanguage":"es"},{"@type":"Organization","@id":"https:\/\/buscoequipomedico.com\/#organization","name":"Tu mejor opci\u00f3n Equipo M\u00e9dico M\u00e9xico","url":"https:\/\/buscoequipomedico.com\/","logo":{"@type":"ImageObject","inLanguage":"es","@id":"https:\/\/buscoequipomedico.com\/#\/schema\/logo\/image\/","url":"https:\/\/buscoequipomedico.com\/wp-content\/uploads\/2021\/07\/EMM-VPrincipal-scaled.jpg","contentUrl":"https:\/\/buscoequipomedico.com\/wp-content\/uploads\/2021\/07\/EMM-VPrincipal-scaled.jpg","width":2560,"height":1058,"caption":"Tu mejor opci\u00f3n Equipo M\u00e9dico M\u00e9xico"},"image":{"@id":"https:\/\/buscoequipomedico.com\/#\/schema\/logo\/image\/"}}]}},"_links":{"self":[{"href":"https:\/\/buscoequipomedico.com\/index.php?rest_route=\/wp\/v2\/product\/13152","targetHints":{"allow":["GET"]}}],"collection":[{"href":"https:\/\/buscoequipomedico.com\/index.php?rest_route=\/wp\/v2\/product"}],"about":[{"href":"https:\/\/buscoequipomedico.com\/index.php?rest_route=\/wp\/v2\/types\/product"}],"wp:featuredmedia":[{"embeddable":true,"href":"https:\/\/buscoequipomedico.com\/index.php?rest_route=\/wp\/v2\/media\/13149"}],"wp:attachment":[{"href":"https:\/\/buscoequipomedico.com\/index.php?rest_route=%2Fwp%2Fv2%2Fmedia&parent=13152"}],"wp:term":[{"taxonomy":"product_brand","embeddable":true,"href":"https:\/\/buscoequipomedico.com\/index.php?rest_route=%2Fwp%2Fv2%2Fproduct_brand&post=13152"},{"taxonomy":"product_cat","embeddable":true,"href":"https:\/\/buscoequipomedico.com\/index.php?rest_route=%2Fwp%2Fv2%2Fproduct_cat&post=13152"},{"taxonomy":"product_tag","embeddable":true,"href":"https:\/\/buscoequipomedico.com\/index.php?rest_route=%2Fwp%2Fv2%2Fproduct_tag&post=13152"}],"curies":[{"name":"wp","href":"https:\/\/api.w.org\/{rel}","templated":true}]}}