{"id":13153,"date":"2020-02-18T07:37:09","date_gmt":"2020-02-18T07:37:09","guid":{"rendered":"https:\/\/equipomedicomexico-com.preview-domain.com\/product\/detector-flat-panel-fijo-multiuso-para-radiografia-digita\/"},"modified":"2020-02-18T07:37:11","modified_gmt":"2020-02-18T07:37:11","slug":"detector-flat-panel-fijo-multiuso-para-radiografia-digita","status":"publish","type":"product","link":"https:\/\/buscoequipomedico.com\/?product=detector-flat-panel-fijo-multiuso-para-radiografia-digita","title":{"rendered":"DETECTOR FLAT PANEL FIJO MULTIUSO PARA RADIOGRAFIA DIGITA"},"content":{"rendered":"<p><span>El n\u00facleo de la tecnolog\u00eda m\u00e1s poderoso que permite a Vieworks convertirse en un desarrollador y fabricante<br \/>l\u00edder de los sistemas de im\u00e1genes m\u00e1s satisfactorios para el cliente son sus tecnolog\u00edas principales, como la<br \/>\u00f3ptica, mec\u00e1nica, electr\u00f3nica y software. La fuerza de Vieworks reside en su capacidad de dise\u00f1o y control de<br \/>calidad todo en casa, basado en su posesi\u00f3n en todas estas tecnolog\u00edas b\u00e1sicas en casa.<\/span><\/p>\n<p><span>Confiable Control de Exposici\u00f3n Autom\u00e1tica (AED)<br \/><\/span><span>\u2022\u00a0<\/span><span>Avanzado sistema de comunicaci\u00f3n de datos<br \/><\/span><span>\u2022\u00a0<\/span><span>Poderoso procesamiento de im\u00e1genes<br \/><\/span><span>\u2022\u00a0<\/span><span>Rejilla Anti-Dispersi\u00f3n<br \/><\/span><span>\u2022\u00a0<\/span><span>Operaci\u00f3n Estable<br \/><\/span><span>\u2022\u00a0<\/span><span>2 a\u00f1os de garant\u00eda (limitada)<\/span><\/p>\n","protected":false},"excerpt":{"rendered":"<p><span>\u2022\u00a0<\/span><span>RESISTETE AL POLVO Y AGUA (IPX3)<br \/><\/span><span>\u2022\u00a0<\/span><span>EL MAS ESTABLE Y CONFIABLE DETECTOR<br \/><\/span><span>\u2022\u00a0<\/span><span>MEJOR MOVILIDAD \u2013 DISE\u00d1O ERGON\u00d3MICO Y ULTRALIGERO<br \/><\/span><span>\u2022\u00a0<\/span><span>SCU<\/span><\/p>\n","protected":false},"featured_media":13154,"template":"","meta":{"_joinchat":[]},"product_brand":[],"product_cat":[318],"product_tag":[],"class_list":{"0":"post-13153","1":"product","2":"type-product","3":"status-publish","4":"has-post-thumbnail","6":"product_cat-rayos-x","7":"pa_marca-vieworks","9":"first","10":"instock","11":"purchasable","12":"product-type-simple"},"yoast_head":"<!-- This site is optimized with the Yoast SEO plugin v25.1 - https:\/\/yoast.com\/wordpress\/plugins\/seo\/ -->\n<title>DETECTOR FLAT PANEL FIJO MULTIUSO PARA RADIOGRAFIA DIGITA - Tu mejor opci\u00f3n Equipo M\u00e9dico M\u00e9xico<\/title>\n<meta name=\"robots\" content=\"index, follow, max-snippet:-1, max-image-preview:large, max-video-preview:-1\" \/>\n<link rel=\"canonical\" href=\"https:\/\/buscoequipomedico.com\/?product=detector-flat-panel-fijo-multiuso-para-radiografia-digita\" \/>\n<meta property=\"og:locale\" content=\"es_ES\" \/>\n<meta property=\"og:type\" content=\"article\" \/>\n<meta property=\"og:title\" content=\"DETECTOR FLAT PANEL FIJO MULTIUSO PARA RADIOGRAFIA DIGITA - Tu mejor opci\u00f3n Equipo M\u00e9dico M\u00e9xico\" \/>\n<meta property=\"og:description\" content=\"\u2022\u00a0RESISTETE AL POLVO Y AGUA (IPX3)\u2022\u00a0EL MAS ESTABLE Y CONFIABLE DETECTOR\u2022\u00a0MEJOR MOVILIDAD \u2013 DISE\u00d1O ERGON\u00d3MICO Y ULTRALIGERO\u2022\u00a0SCU\" \/>\n<meta property=\"og:url\" content=\"https:\/\/buscoequipomedico.com\/?product=detector-flat-panel-fijo-multiuso-para-radiografia-digita\" \/>\n<meta property=\"og:site_name\" content=\"Tu mejor opci\u00f3n Equipo M\u00e9dico M\u00e9xico\" \/>\n<meta property=\"article:modified_time\" content=\"2020-02-18T07:37:11+00:00\" \/>\n<meta property=\"og:image\" content=\"https:\/\/buscoequipomedico.com\/wp-content\/uploads\/2020\/02\/detector-flat-panel-fijo-multiuso-para-radiografia-digita-o-resistete-al-polvo-y-agua-ipx3o-el-mas-estable-y-confiable-detectoro.jpg\" \/>\n\t<meta property=\"og:image:width\" content=\"800\" \/>\n\t<meta property=\"og:image:height\" content=\"800\" \/>\n\t<meta property=\"og:image:type\" content=\"image\/png\" \/>\n<meta name=\"twitter:card\" content=\"summary_large_image\" \/>\n<meta name=\"twitter:label1\" content=\"Tiempo de lectura\" \/>\n\t<meta name=\"twitter:data1\" content=\"1 minuto\" \/>\n<script type=\"application\/ld+json\" class=\"yoast-schema-graph\">{\"@context\":\"https:\/\/schema.org\",\"@graph\":[{\"@type\":\"WebPage\",\"@id\":\"https:\/\/buscoequipomedico.com\/?product=detector-flat-panel-fijo-multiuso-para-radiografia-digita\",\"url\":\"https:\/\/buscoequipomedico.com\/?product=detector-flat-panel-fijo-multiuso-para-radiografia-digita\",\"name\":\"DETECTOR FLAT PANEL FIJO MULTIUSO PARA RADIOGRAFIA DIGITA - Tu mejor opci\u00f3n Equipo M\u00e9dico M\u00e9xico\",\"isPartOf\":{\"@id\":\"https:\/\/buscoequipomedico.com\/#website\"},\"primaryImageOfPage\":{\"@id\":\"https:\/\/buscoequipomedico.com\/?product=detector-flat-panel-fijo-multiuso-para-radiografia-digita#primaryimage\"},\"image\":{\"@id\":\"https:\/\/buscoequipomedico.com\/?product=detector-flat-panel-fijo-multiuso-para-radiografia-digita#primaryimage\"},\"thumbnailUrl\":\"https:\/\/buscoequipomedico.com\/wp-content\/uploads\/2020\/02\/detector-flat-panel-fijo-multiuso-para-radiografia-digita-o-resistete-al-polvo-y-agua-ipx3o-el-mas-estable-y-confiable-detectoro.jpg\",\"datePublished\":\"2020-02-18T07:37:09+00:00\",\"dateModified\":\"2020-02-18T07:37:11+00:00\",\"breadcrumb\":{\"@id\":\"https:\/\/buscoequipomedico.com\/?product=detector-flat-panel-fijo-multiuso-para-radiografia-digita#breadcrumb\"},\"inLanguage\":\"es\",\"potentialAction\":[{\"@type\":\"ReadAction\",\"target\":[\"https:\/\/buscoequipomedico.com\/?product=detector-flat-panel-fijo-multiuso-para-radiografia-digita\"]}]},{\"@type\":\"ImageObject\",\"inLanguage\":\"es\",\"@id\":\"https:\/\/buscoequipomedico.com\/?product=detector-flat-panel-fijo-multiuso-para-radiografia-digita#primaryimage\",\"url\":\"https:\/\/buscoequipomedico.com\/wp-content\/uploads\/2020\/02\/detector-flat-panel-fijo-multiuso-para-radiografia-digita-o-resistete-al-polvo-y-agua-ipx3o-el-mas-estable-y-confiable-detectoro.jpg\",\"contentUrl\":\"https:\/\/buscoequipomedico.com\/wp-content\/uploads\/2020\/02\/detector-flat-panel-fijo-multiuso-para-radiografia-digita-o-resistete-al-polvo-y-agua-ipx3o-el-mas-estable-y-confiable-detectoro.jpg\",\"width\":800,\"height\":800},{\"@type\":\"BreadcrumbList\",\"@id\":\"https:\/\/buscoequipomedico.com\/?product=detector-flat-panel-fijo-multiuso-para-radiografia-digita#breadcrumb\",\"itemListElement\":[{\"@type\":\"ListItem\",\"position\":1,\"name\":\"Productos\",\"item\":\"https:\/\/buscoequipomedico.com\/shop\/\"},{\"@type\":\"ListItem\",\"position\":2,\"name\":\"DETECTOR FLAT PANEL FIJO MULTIUSO PARA RADIOGRAFIA DIGITA\"}]},{\"@type\":\"WebSite\",\"@id\":\"https:\/\/buscoequipomedico.com\/#website\",\"url\":\"https:\/\/buscoequipomedico.com\/\",\"name\":\"Tu mejor opci\u00f3n Equipo M\u00e9dico M\u00e9xico\",\"description\":\"Tienda de equipo m\u00e9dico\",\"publisher\":{\"@id\":\"https:\/\/buscoequipomedico.com\/#organization\"},\"potentialAction\":[{\"@type\":\"SearchAction\",\"target\":{\"@type\":\"EntryPoint\",\"urlTemplate\":\"https:\/\/buscoequipomedico.com\/?s={search_term_string}\"},\"query-input\":{\"@type\":\"PropertyValueSpecification\",\"valueRequired\":true,\"valueName\":\"search_term_string\"}}],\"inLanguage\":\"es\"},{\"@type\":\"Organization\",\"@id\":\"https:\/\/buscoequipomedico.com\/#organization\",\"name\":\"Tu mejor opci\u00f3n Equipo M\u00e9dico M\u00e9xico\",\"url\":\"https:\/\/buscoequipomedico.com\/\",\"logo\":{\"@type\":\"ImageObject\",\"inLanguage\":\"es\",\"@id\":\"https:\/\/buscoequipomedico.com\/#\/schema\/logo\/image\/\",\"url\":\"https:\/\/buscoequipomedico.com\/wp-content\/uploads\/2021\/07\/EMM-VPrincipal-scaled.jpg\",\"contentUrl\":\"https:\/\/buscoequipomedico.com\/wp-content\/uploads\/2021\/07\/EMM-VPrincipal-scaled.jpg\",\"width\":2560,\"height\":1058,\"caption\":\"Tu mejor opci\u00f3n Equipo M\u00e9dico M\u00e9xico\"},\"image\":{\"@id\":\"https:\/\/buscoequipomedico.com\/#\/schema\/logo\/image\/\"}}]}<\/script>\n<!-- \/ Yoast SEO plugin. -->","yoast_head_json":{"title":"DETECTOR FLAT PANEL FIJO MULTIUSO PARA RADIOGRAFIA DIGITA - Tu mejor opci\u00f3n Equipo M\u00e9dico M\u00e9xico","robots":{"index":"index","follow":"follow","max-snippet":"max-snippet:-1","max-image-preview":"max-image-preview:large","max-video-preview":"max-video-preview:-1"},"canonical":"https:\/\/buscoequipomedico.com\/?product=detector-flat-panel-fijo-multiuso-para-radiografia-digita","og_locale":"es_ES","og_type":"article","og_title":"DETECTOR FLAT PANEL FIJO MULTIUSO PARA RADIOGRAFIA DIGITA - Tu mejor opci\u00f3n Equipo M\u00e9dico M\u00e9xico","og_description":"\u2022\u00a0RESISTETE AL POLVO Y AGUA (IPX3)\u2022\u00a0EL MAS ESTABLE Y CONFIABLE DETECTOR\u2022\u00a0MEJOR MOVILIDAD \u2013 DISE\u00d1O ERGON\u00d3MICO Y ULTRALIGERO\u2022\u00a0SCU","og_url":"https:\/\/buscoequipomedico.com\/?product=detector-flat-panel-fijo-multiuso-para-radiografia-digita","og_site_name":"Tu mejor opci\u00f3n Equipo M\u00e9dico M\u00e9xico","article_modified_time":"2020-02-18T07:37:11+00:00","og_image":[{"width":800,"height":800,"url":"https:\/\/buscoequipomedico.com\/wp-content\/uploads\/2020\/02\/detector-flat-panel-fijo-multiuso-para-radiografia-digita-o-resistete-al-polvo-y-agua-ipx3o-el-mas-estable-y-confiable-detectoro.jpg","type":"image\/png"}],"twitter_card":"summary_large_image","twitter_misc":{"Tiempo de lectura":"1 minuto"},"schema":{"@context":"https:\/\/schema.org","@graph":[{"@type":"WebPage","@id":"https:\/\/buscoequipomedico.com\/?product=detector-flat-panel-fijo-multiuso-para-radiografia-digita","url":"https:\/\/buscoequipomedico.com\/?product=detector-flat-panel-fijo-multiuso-para-radiografia-digita","name":"DETECTOR FLAT PANEL FIJO MULTIUSO PARA RADIOGRAFIA DIGITA - Tu mejor opci\u00f3n Equipo M\u00e9dico M\u00e9xico","isPartOf":{"@id":"https:\/\/buscoequipomedico.com\/#website"},"primaryImageOfPage":{"@id":"https:\/\/buscoequipomedico.com\/?product=detector-flat-panel-fijo-multiuso-para-radiografia-digita#primaryimage"},"image":{"@id":"https:\/\/buscoequipomedico.com\/?product=detector-flat-panel-fijo-multiuso-para-radiografia-digita#primaryimage"},"thumbnailUrl":"https:\/\/buscoequipomedico.com\/wp-content\/uploads\/2020\/02\/detector-flat-panel-fijo-multiuso-para-radiografia-digita-o-resistete-al-polvo-y-agua-ipx3o-el-mas-estable-y-confiable-detectoro.jpg","datePublished":"2020-02-18T07:37:09+00:00","dateModified":"2020-02-18T07:37:11+00:00","breadcrumb":{"@id":"https:\/\/buscoequipomedico.com\/?product=detector-flat-panel-fijo-multiuso-para-radiografia-digita#breadcrumb"},"inLanguage":"es","potentialAction":[{"@type":"ReadAction","target":["https:\/\/buscoequipomedico.com\/?product=detector-flat-panel-fijo-multiuso-para-radiografia-digita"]}]},{"@type":"ImageObject","inLanguage":"es","@id":"https:\/\/buscoequipomedico.com\/?product=detector-flat-panel-fijo-multiuso-para-radiografia-digita#primaryimage","url":"https:\/\/buscoequipomedico.com\/wp-content\/uploads\/2020\/02\/detector-flat-panel-fijo-multiuso-para-radiografia-digita-o-resistete-al-polvo-y-agua-ipx3o-el-mas-estable-y-confiable-detectoro.jpg","contentUrl":"https:\/\/buscoequipomedico.com\/wp-content\/uploads\/2020\/02\/detector-flat-panel-fijo-multiuso-para-radiografia-digita-o-resistete-al-polvo-y-agua-ipx3o-el-mas-estable-y-confiable-detectoro.jpg","width":800,"height":800},{"@type":"BreadcrumbList","@id":"https:\/\/buscoequipomedico.com\/?product=detector-flat-panel-fijo-multiuso-para-radiografia-digita#breadcrumb","itemListElement":[{"@type":"ListItem","position":1,"name":"Productos","item":"https:\/\/buscoequipomedico.com\/shop\/"},{"@type":"ListItem","position":2,"name":"DETECTOR FLAT PANEL FIJO MULTIUSO PARA RADIOGRAFIA DIGITA"}]},{"@type":"WebSite","@id":"https:\/\/buscoequipomedico.com\/#website","url":"https:\/\/buscoequipomedico.com\/","name":"Tu mejor opci\u00f3n Equipo M\u00e9dico M\u00e9xico","description":"Tienda de equipo m\u00e9dico","publisher":{"@id":"https:\/\/buscoequipomedico.com\/#organization"},"potentialAction":[{"@type":"SearchAction","target":{"@type":"EntryPoint","urlTemplate":"https:\/\/buscoequipomedico.com\/?s={search_term_string}"},"query-input":{"@type":"PropertyValueSpecification","valueRequired":true,"valueName":"search_term_string"}}],"inLanguage":"es"},{"@type":"Organization","@id":"https:\/\/buscoequipomedico.com\/#organization","name":"Tu mejor opci\u00f3n Equipo M\u00e9dico M\u00e9xico","url":"https:\/\/buscoequipomedico.com\/","logo":{"@type":"ImageObject","inLanguage":"es","@id":"https:\/\/buscoequipomedico.com\/#\/schema\/logo\/image\/","url":"https:\/\/buscoequipomedico.com\/wp-content\/uploads\/2021\/07\/EMM-VPrincipal-scaled.jpg","contentUrl":"https:\/\/buscoequipomedico.com\/wp-content\/uploads\/2021\/07\/EMM-VPrincipal-scaled.jpg","width":2560,"height":1058,"caption":"Tu mejor opci\u00f3n Equipo M\u00e9dico M\u00e9xico"},"image":{"@id":"https:\/\/buscoequipomedico.com\/#\/schema\/logo\/image\/"}}]}},"_links":{"self":[{"href":"https:\/\/buscoequipomedico.com\/index.php?rest_route=\/wp\/v2\/product\/13153","targetHints":{"allow":["GET"]}}],"collection":[{"href":"https:\/\/buscoequipomedico.com\/index.php?rest_route=\/wp\/v2\/product"}],"about":[{"href":"https:\/\/buscoequipomedico.com\/index.php?rest_route=\/wp\/v2\/types\/product"}],"wp:featuredmedia":[{"embeddable":true,"href":"https:\/\/buscoequipomedico.com\/index.php?rest_route=\/wp\/v2\/media\/13154"}],"wp:attachment":[{"href":"https:\/\/buscoequipomedico.com\/index.php?rest_route=%2Fwp%2Fv2%2Fmedia&parent=13153"}],"wp:term":[{"taxonomy":"product_brand","embeddable":true,"href":"https:\/\/buscoequipomedico.com\/index.php?rest_route=%2Fwp%2Fv2%2Fproduct_brand&post=13153"},{"taxonomy":"product_cat","embeddable":true,"href":"https:\/\/buscoequipomedico.com\/index.php?rest_route=%2Fwp%2Fv2%2Fproduct_cat&post=13153"},{"taxonomy":"product_tag","embeddable":true,"href":"https:\/\/buscoequipomedico.com\/index.php?rest_route=%2Fwp%2Fv2%2Fproduct_tag&post=13153"}],"curies":[{"name":"wp","href":"https:\/\/api.w.org\/{rel}","templated":true}]}}