{"id":13157,"date":"2020-02-18T07:37:09","date_gmt":"2020-02-18T07:37:09","guid":{"rendered":"https:\/\/equipomedicomexico-com.preview-domain.com\/product\/rayos-x-portatil-veterinario\/"},"modified":"2020-02-18T07:37:11","modified_gmt":"2020-02-18T07:37:11","slug":"rayos-x-portatil-veterinario","status":"publish","type":"product","link":"https:\/\/buscoequipomedico.com\/?product=rayos-x-portatil-veterinario","title":{"rendered":"RAYOS X PORTATIL VETERINARIO"},"content":{"rendered":"<h5>Este equipo de RAYOS-X port\u00e1til es ideal para radiograf\u00edas en general (m\u00e1ximo espesor 30 cm) grandes y peque\u00f1as especies.<br \/>Max tube voltaje: 100kVp.<br \/>Max tube current: 30mA.<br \/>Time Range: 0.03-5sec. (23 steps).<br \/>Tube current and tube voltaje are preset to 100kVp at 10mA, 90kVp at 15mA, 80kVp at 20mA, 70kVp at 25mA and 60kVp at 30mA.<br \/>Power: 50\/60Hz 110V\u2028(220 also available).<br \/>Weight: 40lbs.<br \/>Carrying Case: H- 12 5\/8\u2033 D- 12 1\/4\u2033 W-12 1\/4\u2033.<br \/>Selecci\u00f3n para realizar distintas combinaciones de kvp., ma y tiempo.<br \/>Colimador con luz de hal\u00f3geno.<br \/>Tiempo de exposici\u00f3n electr\u00f3nico de 0.03 a 5 seg (23pasos)<\/h5>\n","protected":false},"excerpt":{"rendered":"<h5>Este equipo de RAYOS-X port\u00e1til es ideal para radiograf\u00edas de urgencias y extremidades (m\u00e1ximo espesor 30cm.) El equipo cuenta con un compensador de l\u00ednea y dos medidores anal\u00f3gicos (voltaje lineal y mA). Tambi\u00e9n\u00a0tiene un disparador de mano flexible. Se conecta a la l\u00ednea normal 120 V.A.C. y tiene un peso aprox. de 35 lbs.<\/h5>\n","protected":false},"featured_media":13158,"template":"","meta":{"_joinchat":[]},"product_brand":[],"product_cat":[318],"product_tag":[],"class_list":{"0":"post-13157","1":"product","2":"type-product","3":"status-publish","4":"has-post-thumbnail","6":"product_cat-rayos-x","7":"pa_marca-soyee","9":"first","10":"instock","11":"purchasable","12":"product-type-simple"},"yoast_head":"<!-- This site is optimized with the Yoast SEO plugin v25.1 - https:\/\/yoast.com\/wordpress\/plugins\/seo\/ -->\n<title>RAYOS X PORTATIL VETERINARIO - Tu mejor opci\u00f3n Equipo M\u00e9dico M\u00e9xico<\/title>\n<meta name=\"robots\" content=\"index, follow, max-snippet:-1, max-image-preview:large, max-video-preview:-1\" \/>\n<link rel=\"canonical\" href=\"https:\/\/buscoequipomedico.com\/?product=rayos-x-portatil-veterinario\" \/>\n<meta property=\"og:locale\" content=\"es_ES\" \/>\n<meta property=\"og:type\" content=\"article\" \/>\n<meta property=\"og:title\" content=\"RAYOS X PORTATIL VETERINARIO - Tu mejor opci\u00f3n Equipo M\u00e9dico M\u00e9xico\" \/>\n<meta property=\"og:description\" content=\"Este equipo de RAYOS-X port\u00e1til es ideal para radiograf\u00edas de urgencias y extremidades (m\u00e1ximo espesor 30cm.) El equipo cuenta con un compensador de l\u00ednea y dos medidores anal\u00f3gicos (voltaje lineal y mA). Tambi\u00e9n\u00a0tiene un disparador de mano flexible. Se conecta a la l\u00ednea normal 120 V.A.C. y tiene un peso aprox. de 35 lbs.\" \/>\n<meta property=\"og:url\" content=\"https:\/\/buscoequipomedico.com\/?product=rayos-x-portatil-veterinario\" \/>\n<meta property=\"og:site_name\" content=\"Tu mejor opci\u00f3n Equipo M\u00e9dico M\u00e9xico\" \/>\n<meta property=\"article:modified_time\" content=\"2020-02-18T07:37:11+00:00\" \/>\n<meta property=\"og:image\" content=\"https:\/\/buscoequipomedico.com\/wp-content\/uploads\/2020\/02\/rayos-x-portatil-veterinario-este-equipo-de-rayos-x-portatil-es-ideal-para-radiografias-de-urgencias-y-extremidades-maximo-espes.jpg\" \/>\n\t<meta property=\"og:image:width\" content=\"800\" \/>\n\t<meta property=\"og:image:height\" content=\"800\" \/>\n\t<meta property=\"og:image:type\" content=\"image\/png\" \/>\n<meta name=\"twitter:card\" content=\"summary_large_image\" \/>\n<script type=\"application\/ld+json\" class=\"yoast-schema-graph\">{\"@context\":\"https:\/\/schema.org\",\"@graph\":[{\"@type\":\"WebPage\",\"@id\":\"https:\/\/buscoequipomedico.com\/?product=rayos-x-portatil-veterinario\",\"url\":\"https:\/\/buscoequipomedico.com\/?product=rayos-x-portatil-veterinario\",\"name\":\"RAYOS X PORTATIL VETERINARIO - Tu mejor opci\u00f3n Equipo M\u00e9dico M\u00e9xico\",\"isPartOf\":{\"@id\":\"https:\/\/buscoequipomedico.com\/#website\"},\"primaryImageOfPage\":{\"@id\":\"https:\/\/buscoequipomedico.com\/?product=rayos-x-portatil-veterinario#primaryimage\"},\"image\":{\"@id\":\"https:\/\/buscoequipomedico.com\/?product=rayos-x-portatil-veterinario#primaryimage\"},\"thumbnailUrl\":\"https:\/\/buscoequipomedico.com\/wp-content\/uploads\/2020\/02\/rayos-x-portatil-veterinario-este-equipo-de-rayos-x-portatil-es-ideal-para-radiografias-de-urgencias-y-extremidades-maximo-espes.jpg\",\"datePublished\":\"2020-02-18T07:37:09+00:00\",\"dateModified\":\"2020-02-18T07:37:11+00:00\",\"breadcrumb\":{\"@id\":\"https:\/\/buscoequipomedico.com\/?product=rayos-x-portatil-veterinario#breadcrumb\"},\"inLanguage\":\"es\",\"potentialAction\":[{\"@type\":\"ReadAction\",\"target\":[\"https:\/\/buscoequipomedico.com\/?product=rayos-x-portatil-veterinario\"]}]},{\"@type\":\"ImageObject\",\"inLanguage\":\"es\",\"@id\":\"https:\/\/buscoequipomedico.com\/?product=rayos-x-portatil-veterinario#primaryimage\",\"url\":\"https:\/\/buscoequipomedico.com\/wp-content\/uploads\/2020\/02\/rayos-x-portatil-veterinario-este-equipo-de-rayos-x-portatil-es-ideal-para-radiografias-de-urgencias-y-extremidades-maximo-espes.jpg\",\"contentUrl\":\"https:\/\/buscoequipomedico.com\/wp-content\/uploads\/2020\/02\/rayos-x-portatil-veterinario-este-equipo-de-rayos-x-portatil-es-ideal-para-radiografias-de-urgencias-y-extremidades-maximo-espes.jpg\",\"width\":800,\"height\":800},{\"@type\":\"BreadcrumbList\",\"@id\":\"https:\/\/buscoequipomedico.com\/?product=rayos-x-portatil-veterinario#breadcrumb\",\"itemListElement\":[{\"@type\":\"ListItem\",\"position\":1,\"name\":\"Productos\",\"item\":\"https:\/\/buscoequipomedico.com\/shop\/\"},{\"@type\":\"ListItem\",\"position\":2,\"name\":\"RAYOS X PORTATIL VETERINARIO\"}]},{\"@type\":\"WebSite\",\"@id\":\"https:\/\/buscoequipomedico.com\/#website\",\"url\":\"https:\/\/buscoequipomedico.com\/\",\"name\":\"Tu mejor opci\u00f3n Equipo M\u00e9dico M\u00e9xico\",\"description\":\"Tienda de equipo m\u00e9dico\",\"publisher\":{\"@id\":\"https:\/\/buscoequipomedico.com\/#organization\"},\"potentialAction\":[{\"@type\":\"SearchAction\",\"target\":{\"@type\":\"EntryPoint\",\"urlTemplate\":\"https:\/\/buscoequipomedico.com\/?s={search_term_string}\"},\"query-input\":{\"@type\":\"PropertyValueSpecification\",\"valueRequired\":true,\"valueName\":\"search_term_string\"}}],\"inLanguage\":\"es\"},{\"@type\":\"Organization\",\"@id\":\"https:\/\/buscoequipomedico.com\/#organization\",\"name\":\"Tu mejor opci\u00f3n Equipo M\u00e9dico M\u00e9xico\",\"url\":\"https:\/\/buscoequipomedico.com\/\",\"logo\":{\"@type\":\"ImageObject\",\"inLanguage\":\"es\",\"@id\":\"https:\/\/buscoequipomedico.com\/#\/schema\/logo\/image\/\",\"url\":\"https:\/\/buscoequipomedico.com\/wp-content\/uploads\/2021\/07\/EMM-VPrincipal-scaled.jpg\",\"contentUrl\":\"https:\/\/buscoequipomedico.com\/wp-content\/uploads\/2021\/07\/EMM-VPrincipal-scaled.jpg\",\"width\":2560,\"height\":1058,\"caption\":\"Tu mejor opci\u00f3n Equipo M\u00e9dico M\u00e9xico\"},\"image\":{\"@id\":\"https:\/\/buscoequipomedico.com\/#\/schema\/logo\/image\/\"}}]}<\/script>\n<!-- \/ Yoast SEO plugin. -->","yoast_head_json":{"title":"RAYOS X PORTATIL VETERINARIO - Tu mejor opci\u00f3n Equipo M\u00e9dico M\u00e9xico","robots":{"index":"index","follow":"follow","max-snippet":"max-snippet:-1","max-image-preview":"max-image-preview:large","max-video-preview":"max-video-preview:-1"},"canonical":"https:\/\/buscoequipomedico.com\/?product=rayos-x-portatil-veterinario","og_locale":"es_ES","og_type":"article","og_title":"RAYOS X PORTATIL VETERINARIO - Tu mejor opci\u00f3n Equipo M\u00e9dico M\u00e9xico","og_description":"Este equipo de RAYOS-X port\u00e1til es ideal para radiograf\u00edas de urgencias y extremidades (m\u00e1ximo espesor 30cm.) El equipo cuenta con un compensador de l\u00ednea y dos medidores anal\u00f3gicos (voltaje lineal y mA). Tambi\u00e9n\u00a0tiene un disparador de mano flexible. Se conecta a la l\u00ednea normal 120 V.A.C. y tiene un peso aprox. de 35 lbs.","og_url":"https:\/\/buscoequipomedico.com\/?product=rayos-x-portatil-veterinario","og_site_name":"Tu mejor opci\u00f3n Equipo M\u00e9dico M\u00e9xico","article_modified_time":"2020-02-18T07:37:11+00:00","og_image":[{"width":800,"height":800,"url":"https:\/\/buscoequipomedico.com\/wp-content\/uploads\/2020\/02\/rayos-x-portatil-veterinario-este-equipo-de-rayos-x-portatil-es-ideal-para-radiografias-de-urgencias-y-extremidades-maximo-espes.jpg","type":"image\/png"}],"twitter_card":"summary_large_image","schema":{"@context":"https:\/\/schema.org","@graph":[{"@type":"WebPage","@id":"https:\/\/buscoequipomedico.com\/?product=rayos-x-portatil-veterinario","url":"https:\/\/buscoequipomedico.com\/?product=rayos-x-portatil-veterinario","name":"RAYOS X PORTATIL VETERINARIO - Tu mejor opci\u00f3n Equipo M\u00e9dico M\u00e9xico","isPartOf":{"@id":"https:\/\/buscoequipomedico.com\/#website"},"primaryImageOfPage":{"@id":"https:\/\/buscoequipomedico.com\/?product=rayos-x-portatil-veterinario#primaryimage"},"image":{"@id":"https:\/\/buscoequipomedico.com\/?product=rayos-x-portatil-veterinario#primaryimage"},"thumbnailUrl":"https:\/\/buscoequipomedico.com\/wp-content\/uploads\/2020\/02\/rayos-x-portatil-veterinario-este-equipo-de-rayos-x-portatil-es-ideal-para-radiografias-de-urgencias-y-extremidades-maximo-espes.jpg","datePublished":"2020-02-18T07:37:09+00:00","dateModified":"2020-02-18T07:37:11+00:00","breadcrumb":{"@id":"https:\/\/buscoequipomedico.com\/?product=rayos-x-portatil-veterinario#breadcrumb"},"inLanguage":"es","potentialAction":[{"@type":"ReadAction","target":["https:\/\/buscoequipomedico.com\/?product=rayos-x-portatil-veterinario"]}]},{"@type":"ImageObject","inLanguage":"es","@id":"https:\/\/buscoequipomedico.com\/?product=rayos-x-portatil-veterinario#primaryimage","url":"https:\/\/buscoequipomedico.com\/wp-content\/uploads\/2020\/02\/rayos-x-portatil-veterinario-este-equipo-de-rayos-x-portatil-es-ideal-para-radiografias-de-urgencias-y-extremidades-maximo-espes.jpg","contentUrl":"https:\/\/buscoequipomedico.com\/wp-content\/uploads\/2020\/02\/rayos-x-portatil-veterinario-este-equipo-de-rayos-x-portatil-es-ideal-para-radiografias-de-urgencias-y-extremidades-maximo-espes.jpg","width":800,"height":800},{"@type":"BreadcrumbList","@id":"https:\/\/buscoequipomedico.com\/?product=rayos-x-portatil-veterinario#breadcrumb","itemListElement":[{"@type":"ListItem","position":1,"name":"Productos","item":"https:\/\/buscoequipomedico.com\/shop\/"},{"@type":"ListItem","position":2,"name":"RAYOS X PORTATIL VETERINARIO"}]},{"@type":"WebSite","@id":"https:\/\/buscoequipomedico.com\/#website","url":"https:\/\/buscoequipomedico.com\/","name":"Tu mejor opci\u00f3n Equipo M\u00e9dico M\u00e9xico","description":"Tienda de equipo m\u00e9dico","publisher":{"@id":"https:\/\/buscoequipomedico.com\/#organization"},"potentialAction":[{"@type":"SearchAction","target":{"@type":"EntryPoint","urlTemplate":"https:\/\/buscoequipomedico.com\/?s={search_term_string}"},"query-input":{"@type":"PropertyValueSpecification","valueRequired":true,"valueName":"search_term_string"}}],"inLanguage":"es"},{"@type":"Organization","@id":"https:\/\/buscoequipomedico.com\/#organization","name":"Tu mejor opci\u00f3n Equipo M\u00e9dico M\u00e9xico","url":"https:\/\/buscoequipomedico.com\/","logo":{"@type":"ImageObject","inLanguage":"es","@id":"https:\/\/buscoequipomedico.com\/#\/schema\/logo\/image\/","url":"https:\/\/buscoequipomedico.com\/wp-content\/uploads\/2021\/07\/EMM-VPrincipal-scaled.jpg","contentUrl":"https:\/\/buscoequipomedico.com\/wp-content\/uploads\/2021\/07\/EMM-VPrincipal-scaled.jpg","width":2560,"height":1058,"caption":"Tu mejor opci\u00f3n Equipo M\u00e9dico M\u00e9xico"},"image":{"@id":"https:\/\/buscoequipomedico.com\/#\/schema\/logo\/image\/"}}]}},"_links":{"self":[{"href":"https:\/\/buscoequipomedico.com\/index.php?rest_route=\/wp\/v2\/product\/13157","targetHints":{"allow":["GET"]}}],"collection":[{"href":"https:\/\/buscoequipomedico.com\/index.php?rest_route=\/wp\/v2\/product"}],"about":[{"href":"https:\/\/buscoequipomedico.com\/index.php?rest_route=\/wp\/v2\/types\/product"}],"wp:featuredmedia":[{"embeddable":true,"href":"https:\/\/buscoequipomedico.com\/index.php?rest_route=\/wp\/v2\/media\/13158"}],"wp:attachment":[{"href":"https:\/\/buscoequipomedico.com\/index.php?rest_route=%2Fwp%2Fv2%2Fmedia&parent=13157"}],"wp:term":[{"taxonomy":"product_brand","embeddable":true,"href":"https:\/\/buscoequipomedico.com\/index.php?rest_route=%2Fwp%2Fv2%2Fproduct_brand&post=13157"},{"taxonomy":"product_cat","embeddable":true,"href":"https:\/\/buscoequipomedico.com\/index.php?rest_route=%2Fwp%2Fv2%2Fproduct_cat&post=13157"},{"taxonomy":"product_tag","embeddable":true,"href":"https:\/\/buscoequipomedico.com\/index.php?rest_route=%2Fwp%2Fv2%2Fproduct_tag&post=13157"}],"curies":[{"name":"wp","href":"https:\/\/api.w.org\/{rel}","templated":true}]}}