{"id":13165,"date":"2020-02-18T07:37:09","date_gmt":"2020-02-18T07:37:09","guid":{"rendered":"https:\/\/equipomedicomexico-com.preview-domain.com\/product\/digitalizador-cr-digital-x-ray-system-icr3600m\/"},"modified":"2020-02-18T07:37:12","modified_gmt":"2020-02-18T07:37:12","slug":"digitalizador-cr-digital-x-ray-system-icr3600m","status":"publish","type":"product","link":"https:\/\/buscoequipomedico.com\/?product=digitalizador-cr-digital-x-ray-system-icr3600m","title":{"rendered":"DIGITALIZADOR CR DIGITAL X-RAY SYSTEM iCR3600M"},"content":{"rendered":"<p>\u2022 Computadora con monitor est\u00e1ndar (este Monitor No es de Radiolog\u00eda diagnostica)<\/p>\n<p>\u2022 XC software: Programa para manejo y trabajo de im\u00e1genes<\/p>\n<p>\u2022 DICOM 3.0 INTEGRADO SEND\/PRINT\/RECIEVE\/STORE\/RETRIVE<\/p>\n<p>\u2022 WORKLIST HL7 \/ DICOM PATIENT INFORMATION DATABASE<\/p>\n<p>\u2022 CD\/DVD CREATOR PARA GRABAR LOS ESTUDIOS PARA EL PACIENTE, CUENTA<\/p>\n<p>CON VISOR EN EL MISMO CD\/DVD<\/p>\n<p>\u2022 REPORTES Y MEDICIONES VARIEDAD DE HERRAMIENTAS DE MEDICION Y REPORTES<\/p>\n<p>\u2022 R&amp;L MARKERS MARCADORES DE IDENTIFICACION \u201cR\u201d (DER.) \u201cL\u201d (IZQ)<\/p>\n<p>\u2022 FULL VIEWING FUNCTION, CR PROCESSING, 16-BITS COMPRESSION<\/p>\n<p>RESOLUCIONES: HASTA 10 PARES DE LINEAS (PERFECTO PARA RADIOLOGIA Y MAMO)<\/p>\n<p>TAMA\u00d1O: 111.8 LARGO X 55.9 ALTO X 25.4 ANCHO cm (POCO ESPACIO)<\/p>\n<p>ALIMENTACION ELECTRICA: 100~240Vac (FREE VOLTAGE) 50\/60 Hz<\/p>\n<p>PESO: 35.4 kg MUY LIGERO, PUEDE COLGAR EN PARED PARA AHORRAR ESPACIO<\/p>\n","protected":false},"excerpt":{"rendered":"<p>\u27a2 35 PLACAS POR HORA PARA CHAISISES DE MAMOGRAFIA (CHASIS DE ALTA RESOLUCION)<\/p>\n<p>\u27a2 70 PLACAS POR HORA DE TAMA\u00d1O 14\u201dX17\u201d<\/p>\n<p>\u27a2 94 PLACAS POR HORA DE TAMA\u00d1O 8\u201dX10\u201d<\/p>\n<p>\u27a2 PROCESAMIENTO DE 16 BITS (OTRAS MARCAS SON SOLO DE 12 BITS)<\/p>\n<p>\u27a2 65536 TONOS EN LA ESCALA DE GRIS<\/p>\n","protected":false},"featured_media":13166,"template":"","meta":{"_joinchat":[]},"product_brand":[],"product_cat":[318],"product_tag":[],"class_list":{"0":"post-13165","1":"product","2":"type-product","3":"status-publish","4":"has-post-thumbnail","6":"product_cat-rayos-x","8":"first","9":"instock","10":"purchasable","11":"product-type-simple"},"yoast_head":"<!-- This site is optimized with the Yoast SEO plugin v25.1 - https:\/\/yoast.com\/wordpress\/plugins\/seo\/ -->\n<title>DIGITALIZADOR CR DIGITAL X-RAY SYSTEM iCR3600M - Tu mejor opci\u00f3n Equipo M\u00e9dico M\u00e9xico<\/title>\n<meta name=\"robots\" content=\"index, follow, max-snippet:-1, max-image-preview:large, max-video-preview:-1\" \/>\n<link rel=\"canonical\" href=\"https:\/\/buscoequipomedico.com\/?product=digitalizador-cr-digital-x-ray-system-icr3600m\" \/>\n<meta property=\"og:locale\" content=\"es_ES\" \/>\n<meta property=\"og:type\" content=\"article\" \/>\n<meta property=\"og:title\" content=\"DIGITALIZADOR CR DIGITAL X-RAY SYSTEM iCR3600M - Tu mejor opci\u00f3n Equipo M\u00e9dico M\u00e9xico\" \/>\n<meta property=\"og:description\" content=\"\u27a2 35 PLACAS POR HORA PARA CHAISISES DE MAMOGRAFIA (CHASIS DE ALTA RESOLUCION) \u27a2 70 PLACAS POR HORA DE TAMA\u00d1O 14\u201dX17\u201d \u27a2 94 PLACAS POR HORA DE TAMA\u00d1O 8\u201dX10\u201d \u27a2 PROCESAMIENTO DE 16 BITS (OTRAS MARCAS SON SOLO DE 12 BITS) \u27a2 65536 TONOS EN LA ESCALA DE GRIS\" \/>\n<meta property=\"og:url\" content=\"https:\/\/buscoequipomedico.com\/?product=digitalizador-cr-digital-x-ray-system-icr3600m\" \/>\n<meta property=\"og:site_name\" content=\"Tu mejor opci\u00f3n Equipo M\u00e9dico M\u00e9xico\" \/>\n<meta property=\"article:modified_time\" content=\"2020-02-18T07:37:12+00:00\" \/>\n<meta property=\"og:image\" content=\"https:\/\/buscoequipomedico.com\/wp-content\/uploads\/2020\/02\/digitalizador-cr-digital-x-ray-system-icr3600m-35-placas-por-hora-para-chaisises-de-mamografia-chasis-de-alta-resolucion-70-plac.jpg\" \/>\n\t<meta property=\"og:image:width\" content=\"800\" \/>\n\t<meta property=\"og:image:height\" content=\"800\" \/>\n\t<meta property=\"og:image:type\" content=\"image\/png\" \/>\n<meta name=\"twitter:card\" content=\"summary_large_image\" \/>\n<meta name=\"twitter:label1\" content=\"Tiempo de lectura\" \/>\n\t<meta name=\"twitter:data1\" content=\"1 minuto\" \/>\n<script type=\"application\/ld+json\" class=\"yoast-schema-graph\">{\"@context\":\"https:\/\/schema.org\",\"@graph\":[{\"@type\":\"WebPage\",\"@id\":\"https:\/\/buscoequipomedico.com\/?product=digitalizador-cr-digital-x-ray-system-icr3600m\",\"url\":\"https:\/\/buscoequipomedico.com\/?product=digitalizador-cr-digital-x-ray-system-icr3600m\",\"name\":\"DIGITALIZADOR CR DIGITAL X-RAY SYSTEM iCR3600M - Tu mejor opci\u00f3n Equipo M\u00e9dico M\u00e9xico\",\"isPartOf\":{\"@id\":\"https:\/\/buscoequipomedico.com\/#website\"},\"primaryImageOfPage\":{\"@id\":\"https:\/\/buscoequipomedico.com\/?product=digitalizador-cr-digital-x-ray-system-icr3600m#primaryimage\"},\"image\":{\"@id\":\"https:\/\/buscoequipomedico.com\/?product=digitalizador-cr-digital-x-ray-system-icr3600m#primaryimage\"},\"thumbnailUrl\":\"https:\/\/buscoequipomedico.com\/wp-content\/uploads\/2020\/02\/digitalizador-cr-digital-x-ray-system-icr3600m-35-placas-por-hora-para-chaisises-de-mamografia-chasis-de-alta-resolucion-70-plac.jpg\",\"datePublished\":\"2020-02-18T07:37:09+00:00\",\"dateModified\":\"2020-02-18T07:37:12+00:00\",\"breadcrumb\":{\"@id\":\"https:\/\/buscoequipomedico.com\/?product=digitalizador-cr-digital-x-ray-system-icr3600m#breadcrumb\"},\"inLanguage\":\"es\",\"potentialAction\":[{\"@type\":\"ReadAction\",\"target\":[\"https:\/\/buscoequipomedico.com\/?product=digitalizador-cr-digital-x-ray-system-icr3600m\"]}]},{\"@type\":\"ImageObject\",\"inLanguage\":\"es\",\"@id\":\"https:\/\/buscoequipomedico.com\/?product=digitalizador-cr-digital-x-ray-system-icr3600m#primaryimage\",\"url\":\"https:\/\/buscoequipomedico.com\/wp-content\/uploads\/2020\/02\/digitalizador-cr-digital-x-ray-system-icr3600m-35-placas-por-hora-para-chaisises-de-mamografia-chasis-de-alta-resolucion-70-plac.jpg\",\"contentUrl\":\"https:\/\/buscoequipomedico.com\/wp-content\/uploads\/2020\/02\/digitalizador-cr-digital-x-ray-system-icr3600m-35-placas-por-hora-para-chaisises-de-mamografia-chasis-de-alta-resolucion-70-plac.jpg\",\"width\":800,\"height\":800},{\"@type\":\"BreadcrumbList\",\"@id\":\"https:\/\/buscoequipomedico.com\/?product=digitalizador-cr-digital-x-ray-system-icr3600m#breadcrumb\",\"itemListElement\":[{\"@type\":\"ListItem\",\"position\":1,\"name\":\"Productos\",\"item\":\"https:\/\/buscoequipomedico.com\/shop\/\"},{\"@type\":\"ListItem\",\"position\":2,\"name\":\"DIGITALIZADOR CR DIGITAL X-RAY SYSTEM iCR3600M\"}]},{\"@type\":\"WebSite\",\"@id\":\"https:\/\/buscoequipomedico.com\/#website\",\"url\":\"https:\/\/buscoequipomedico.com\/\",\"name\":\"Tu mejor opci\u00f3n Equipo M\u00e9dico M\u00e9xico\",\"description\":\"Tienda de equipo m\u00e9dico\",\"publisher\":{\"@id\":\"https:\/\/buscoequipomedico.com\/#organization\"},\"potentialAction\":[{\"@type\":\"SearchAction\",\"target\":{\"@type\":\"EntryPoint\",\"urlTemplate\":\"https:\/\/buscoequipomedico.com\/?s={search_term_string}\"},\"query-input\":{\"@type\":\"PropertyValueSpecification\",\"valueRequired\":true,\"valueName\":\"search_term_string\"}}],\"inLanguage\":\"es\"},{\"@type\":\"Organization\",\"@id\":\"https:\/\/buscoequipomedico.com\/#organization\",\"name\":\"Tu mejor opci\u00f3n Equipo M\u00e9dico M\u00e9xico\",\"url\":\"https:\/\/buscoequipomedico.com\/\",\"logo\":{\"@type\":\"ImageObject\",\"inLanguage\":\"es\",\"@id\":\"https:\/\/buscoequipomedico.com\/#\/schema\/logo\/image\/\",\"url\":\"https:\/\/buscoequipomedico.com\/wp-content\/uploads\/2021\/07\/EMM-VPrincipal-scaled.jpg\",\"contentUrl\":\"https:\/\/buscoequipomedico.com\/wp-content\/uploads\/2021\/07\/EMM-VPrincipal-scaled.jpg\",\"width\":2560,\"height\":1058,\"caption\":\"Tu mejor opci\u00f3n Equipo M\u00e9dico M\u00e9xico\"},\"image\":{\"@id\":\"https:\/\/buscoequipomedico.com\/#\/schema\/logo\/image\/\"}}]}<\/script>\n<!-- \/ Yoast SEO plugin. -->","yoast_head_json":{"title":"DIGITALIZADOR CR DIGITAL X-RAY SYSTEM iCR3600M - Tu mejor opci\u00f3n Equipo M\u00e9dico M\u00e9xico","robots":{"index":"index","follow":"follow","max-snippet":"max-snippet:-1","max-image-preview":"max-image-preview:large","max-video-preview":"max-video-preview:-1"},"canonical":"https:\/\/buscoequipomedico.com\/?product=digitalizador-cr-digital-x-ray-system-icr3600m","og_locale":"es_ES","og_type":"article","og_title":"DIGITALIZADOR CR DIGITAL X-RAY SYSTEM iCR3600M - Tu mejor opci\u00f3n Equipo M\u00e9dico M\u00e9xico","og_description":"\u27a2 35 PLACAS POR HORA PARA CHAISISES DE MAMOGRAFIA (CHASIS DE ALTA RESOLUCION) \u27a2 70 PLACAS POR HORA DE TAMA\u00d1O 14\u201dX17\u201d \u27a2 94 PLACAS POR HORA DE TAMA\u00d1O 8\u201dX10\u201d \u27a2 PROCESAMIENTO DE 16 BITS (OTRAS MARCAS SON SOLO DE 12 BITS) \u27a2 65536 TONOS EN LA ESCALA DE GRIS","og_url":"https:\/\/buscoequipomedico.com\/?product=digitalizador-cr-digital-x-ray-system-icr3600m","og_site_name":"Tu mejor opci\u00f3n Equipo M\u00e9dico M\u00e9xico","article_modified_time":"2020-02-18T07:37:12+00:00","og_image":[{"width":800,"height":800,"url":"https:\/\/buscoequipomedico.com\/wp-content\/uploads\/2020\/02\/digitalizador-cr-digital-x-ray-system-icr3600m-35-placas-por-hora-para-chaisises-de-mamografia-chasis-de-alta-resolucion-70-plac.jpg","type":"image\/png"}],"twitter_card":"summary_large_image","twitter_misc":{"Tiempo de lectura":"1 minuto"},"schema":{"@context":"https:\/\/schema.org","@graph":[{"@type":"WebPage","@id":"https:\/\/buscoequipomedico.com\/?product=digitalizador-cr-digital-x-ray-system-icr3600m","url":"https:\/\/buscoequipomedico.com\/?product=digitalizador-cr-digital-x-ray-system-icr3600m","name":"DIGITALIZADOR CR DIGITAL X-RAY SYSTEM iCR3600M - Tu mejor opci\u00f3n Equipo M\u00e9dico M\u00e9xico","isPartOf":{"@id":"https:\/\/buscoequipomedico.com\/#website"},"primaryImageOfPage":{"@id":"https:\/\/buscoequipomedico.com\/?product=digitalizador-cr-digital-x-ray-system-icr3600m#primaryimage"},"image":{"@id":"https:\/\/buscoequipomedico.com\/?product=digitalizador-cr-digital-x-ray-system-icr3600m#primaryimage"},"thumbnailUrl":"https:\/\/buscoequipomedico.com\/wp-content\/uploads\/2020\/02\/digitalizador-cr-digital-x-ray-system-icr3600m-35-placas-por-hora-para-chaisises-de-mamografia-chasis-de-alta-resolucion-70-plac.jpg","datePublished":"2020-02-18T07:37:09+00:00","dateModified":"2020-02-18T07:37:12+00:00","breadcrumb":{"@id":"https:\/\/buscoequipomedico.com\/?product=digitalizador-cr-digital-x-ray-system-icr3600m#breadcrumb"},"inLanguage":"es","potentialAction":[{"@type":"ReadAction","target":["https:\/\/buscoequipomedico.com\/?product=digitalizador-cr-digital-x-ray-system-icr3600m"]}]},{"@type":"ImageObject","inLanguage":"es","@id":"https:\/\/buscoequipomedico.com\/?product=digitalizador-cr-digital-x-ray-system-icr3600m#primaryimage","url":"https:\/\/buscoequipomedico.com\/wp-content\/uploads\/2020\/02\/digitalizador-cr-digital-x-ray-system-icr3600m-35-placas-por-hora-para-chaisises-de-mamografia-chasis-de-alta-resolucion-70-plac.jpg","contentUrl":"https:\/\/buscoequipomedico.com\/wp-content\/uploads\/2020\/02\/digitalizador-cr-digital-x-ray-system-icr3600m-35-placas-por-hora-para-chaisises-de-mamografia-chasis-de-alta-resolucion-70-plac.jpg","width":800,"height":800},{"@type":"BreadcrumbList","@id":"https:\/\/buscoequipomedico.com\/?product=digitalizador-cr-digital-x-ray-system-icr3600m#breadcrumb","itemListElement":[{"@type":"ListItem","position":1,"name":"Productos","item":"https:\/\/buscoequipomedico.com\/shop\/"},{"@type":"ListItem","position":2,"name":"DIGITALIZADOR CR DIGITAL X-RAY SYSTEM iCR3600M"}]},{"@type":"WebSite","@id":"https:\/\/buscoequipomedico.com\/#website","url":"https:\/\/buscoequipomedico.com\/","name":"Tu mejor opci\u00f3n Equipo M\u00e9dico M\u00e9xico","description":"Tienda de equipo m\u00e9dico","publisher":{"@id":"https:\/\/buscoequipomedico.com\/#organization"},"potentialAction":[{"@type":"SearchAction","target":{"@type":"EntryPoint","urlTemplate":"https:\/\/buscoequipomedico.com\/?s={search_term_string}"},"query-input":{"@type":"PropertyValueSpecification","valueRequired":true,"valueName":"search_term_string"}}],"inLanguage":"es"},{"@type":"Organization","@id":"https:\/\/buscoequipomedico.com\/#organization","name":"Tu mejor opci\u00f3n Equipo M\u00e9dico M\u00e9xico","url":"https:\/\/buscoequipomedico.com\/","logo":{"@type":"ImageObject","inLanguage":"es","@id":"https:\/\/buscoequipomedico.com\/#\/schema\/logo\/image\/","url":"https:\/\/buscoequipomedico.com\/wp-content\/uploads\/2021\/07\/EMM-VPrincipal-scaled.jpg","contentUrl":"https:\/\/buscoequipomedico.com\/wp-content\/uploads\/2021\/07\/EMM-VPrincipal-scaled.jpg","width":2560,"height":1058,"caption":"Tu mejor opci\u00f3n Equipo M\u00e9dico M\u00e9xico"},"image":{"@id":"https:\/\/buscoequipomedico.com\/#\/schema\/logo\/image\/"}}]}},"_links":{"self":[{"href":"https:\/\/buscoequipomedico.com\/index.php?rest_route=\/wp\/v2\/product\/13165","targetHints":{"allow":["GET"]}}],"collection":[{"href":"https:\/\/buscoequipomedico.com\/index.php?rest_route=\/wp\/v2\/product"}],"about":[{"href":"https:\/\/buscoequipomedico.com\/index.php?rest_route=\/wp\/v2\/types\/product"}],"wp:featuredmedia":[{"embeddable":true,"href":"https:\/\/buscoequipomedico.com\/index.php?rest_route=\/wp\/v2\/media\/13166"}],"wp:attachment":[{"href":"https:\/\/buscoequipomedico.com\/index.php?rest_route=%2Fwp%2Fv2%2Fmedia&parent=13165"}],"wp:term":[{"taxonomy":"product_brand","embeddable":true,"href":"https:\/\/buscoequipomedico.com\/index.php?rest_route=%2Fwp%2Fv2%2Fproduct_brand&post=13165"},{"taxonomy":"product_cat","embeddable":true,"href":"https:\/\/buscoequipomedico.com\/index.php?rest_route=%2Fwp%2Fv2%2Fproduct_cat&post=13165"},{"taxonomy":"product_tag","embeddable":true,"href":"https:\/\/buscoequipomedico.com\/index.php?rest_route=%2Fwp%2Fv2%2Fproduct_tag&post=13165"}],"curies":[{"name":"wp","href":"https:\/\/api.w.org\/{rel}","templated":true}]}}