{"id":13171,"date":"2020-02-18T07:37:09","date_gmt":"2020-02-18T07:37:09","guid":{"rendered":"https:\/\/equipomedicomexico-com.preview-domain.com\/product\/rayos-x-portatil-jade-con-soporte-estandar\/"},"modified":"2020-02-18T07:37:13","modified_gmt":"2020-02-18T07:37:13","slug":"rayos-x-portatil-jade-con-soporte-estandar","status":"publish","type":"product","link":"https:\/\/buscoequipomedico.com\/?product=rayos-x-portatil-jade-con-soporte-estandar","title":{"rendered":"RAYOS X PORT\u00c1TIL JADE CON SOPORTE EST\u00c1NDAR"},"content":{"rendered":"<table border=\"1\" cellspacing=\"0\" cellpadding=\"0\">\n<tbody>\n<tr>\n<td>\n<p><span>Rango de KV<\/span><\/p>\n<\/p>\n<\/td>\n<td>\n<p><span>40 ~ 120 KV, 81pasos (pasos de 1KV)<\/span><\/p>\n<\/p>\n<\/td>\n<\/tr>\n<tr>\n<td>\n<p><span>Rango de mA<\/span><\/p>\n<\/p>\n<\/td>\n<td>\n<p><span>10 ~ 100 mA, 11 pasos (10, 12.5, 16, 20, 25,<br \/> 32, 40, 50, 64, 80, 100mA)<\/span><\/p>\n<\/p>\n<\/td>\n<\/tr>\n<tr>\n<td>\n<p><span>Tiempo de<br \/> exposici\u00f3n<\/span><\/p>\n<\/p>\n<\/td>\n<td>\n<p><span>0.01 ~ 10 segundos, 21 pasos (in 25% pasos)<\/span><\/p>\n<\/p>\n<\/td>\n<\/tr>\n<tr>\n<td>\n<p><span>Rango de mAs<\/span><\/p>\n<\/p>\n<\/td>\n<td>\n<p><span>0.1 ~ 250 mAs, 35 pasos (in 25% pasos)<\/span><\/p>\n<\/p>\n<\/td>\n<\/tr>\n<tr>\n<td>\n<p><span>Anode Heat Storage Capacity<\/span><\/p>\n<\/p>\n<\/td>\n<td>\n<p><span>56,000HU (40,000 J)<\/span><\/p>\n<\/p>\n<\/td>\n<\/tr>\n<tr>\n<td>\n<p><span>Power Cord Length<\/span><\/p>\n<\/p>\n<\/td>\n<td>\n<p><span>5 m (muy largo)<\/span><\/p>\n<\/p>\n<\/td>\n<\/tr>\n<tr>\n<td>\n<p><span>Exposure Hand-switch Cord Length<\/span><\/p>\n<\/p>\n<\/td>\n<td>\n<p><span>5 m(Max. longitud)<\/span><\/p>\n<\/p>\n<\/td>\n<\/tr>\n<tr>\n<td>\n<p><span>X-ray switching frequency<\/span><\/p>\n<\/p>\n<\/td>\n<td>\n<p><span>100 kHz<\/span><\/p>\n<\/p>\n<\/td>\n<\/tr>\n<\/tbody>\n<\/table>\n<p><span>Programas Anat\u00f3micos: 9 APR pre programados \u2013 programables por el\u00a0usuario<\/span><\/p><\/p>\n","protected":false},"excerpt":{"rendered":"<p>Inversor de Alta Frecuencia controlado por Microprocesador<\/p>\n<\/p>\n<p>Max.\u00a04 kW<\/p>\n<\/p>\n<p>(50mA@80kV, 40mA@100kV, 32mA@120kV)<\/p>\n<\/p>\n<p>Focal Spot Size:\u00a00.5 \/ 1.5 mm, (dentro de los rayos X port\u00e1tiles, el<\/p>\n<\/p>\n<p>tama\u00f1o de foco m\u00e1s chico es Mejor Imagen)<\/p>\n<\/p>\n<p>peso:\u00a016 Kg.\u00a0(Free voltage input),\u00a0110 \u2013240V~ 50\/60Hz<\/p><\/p>\n","protected":false},"featured_media":13172,"template":"","meta":{"_joinchat":[]},"product_brand":[],"product_cat":[318],"product_tag":[],"class_list":{"0":"post-13171","1":"product","2":"type-product","3":"status-publish","4":"has-post-thumbnail","6":"product_cat-rayos-x","7":"pa_marca-drgem","9":"first","10":"instock","11":"purchasable","12":"product-type-simple"},"yoast_head":"<!-- This site is optimized with the Yoast SEO plugin v25.1 - https:\/\/yoast.com\/wordpress\/plugins\/seo\/ -->\n<title>RAYOS X PORT\u00c1TIL JADE CON SOPORTE EST\u00c1NDAR - Tu mejor opci\u00f3n Equipo M\u00e9dico M\u00e9xico<\/title>\n<meta name=\"robots\" content=\"index, follow, max-snippet:-1, max-image-preview:large, max-video-preview:-1\" \/>\n<link rel=\"canonical\" href=\"https:\/\/buscoequipomedico.com\/?product=rayos-x-portatil-jade-con-soporte-estandar\" \/>\n<meta property=\"og:locale\" content=\"es_ES\" \/>\n<meta property=\"og:type\" content=\"article\" \/>\n<meta property=\"og:title\" content=\"RAYOS X PORT\u00c1TIL JADE CON SOPORTE EST\u00c1NDAR - Tu mejor opci\u00f3n Equipo M\u00e9dico M\u00e9xico\" \/>\n<meta property=\"og:description\" content=\"Inversor de Alta Frecuencia controlado por Microprocesador Max.\u00a04 kW (50mA@80kV, 40mA@100kV, 32mA@120kV) Focal Spot Size:\u00a00.5 \/ 1.5 mm, (dentro de los rayos X port\u00e1tiles, el tama\u00f1o de foco m\u00e1s chico es Mejor Imagen) peso:\u00a016 Kg.\u00a0(Free voltage input),\u00a0110 \u2013240V~ 50\/60Hz\" \/>\n<meta property=\"og:url\" content=\"https:\/\/buscoequipomedico.com\/?product=rayos-x-portatil-jade-con-soporte-estandar\" \/>\n<meta property=\"og:site_name\" content=\"Tu mejor opci\u00f3n Equipo M\u00e9dico M\u00e9xico\" \/>\n<meta property=\"article:modified_time\" content=\"2020-02-18T07:37:13+00:00\" \/>\n<meta property=\"og:image\" content=\"https:\/\/buscoequipomedico.com\/wp-content\/uploads\/2020\/02\/rayos-x-portatil-jade-con-soporte-estandar-inversor-de-alta-frecuencia-controlado-por-microprocesador-max-4-kw-50ma80kv-40ma100k.jpg\" \/>\n\t<meta property=\"og:image:width\" content=\"800\" \/>\n\t<meta property=\"og:image:height\" content=\"800\" \/>\n\t<meta property=\"og:image:type\" content=\"image\/png\" \/>\n<meta name=\"twitter:card\" content=\"summary_large_image\" \/>\n<script type=\"application\/ld+json\" class=\"yoast-schema-graph\">{\"@context\":\"https:\/\/schema.org\",\"@graph\":[{\"@type\":\"WebPage\",\"@id\":\"https:\/\/buscoequipomedico.com\/?product=rayos-x-portatil-jade-con-soporte-estandar\",\"url\":\"https:\/\/buscoequipomedico.com\/?product=rayos-x-portatil-jade-con-soporte-estandar\",\"name\":\"RAYOS X PORT\u00c1TIL JADE CON SOPORTE EST\u00c1NDAR - Tu mejor opci\u00f3n Equipo M\u00e9dico M\u00e9xico\",\"isPartOf\":{\"@id\":\"https:\/\/buscoequipomedico.com\/#website\"},\"primaryImageOfPage\":{\"@id\":\"https:\/\/buscoequipomedico.com\/?product=rayos-x-portatil-jade-con-soporte-estandar#primaryimage\"},\"image\":{\"@id\":\"https:\/\/buscoequipomedico.com\/?product=rayos-x-portatil-jade-con-soporte-estandar#primaryimage\"},\"thumbnailUrl\":\"https:\/\/buscoequipomedico.com\/wp-content\/uploads\/2020\/02\/rayos-x-portatil-jade-con-soporte-estandar-inversor-de-alta-frecuencia-controlado-por-microprocesador-max-4-kw-50ma80kv-40ma100k.jpg\",\"datePublished\":\"2020-02-18T07:37:09+00:00\",\"dateModified\":\"2020-02-18T07:37:13+00:00\",\"breadcrumb\":{\"@id\":\"https:\/\/buscoequipomedico.com\/?product=rayos-x-portatil-jade-con-soporte-estandar#breadcrumb\"},\"inLanguage\":\"es\",\"potentialAction\":[{\"@type\":\"ReadAction\",\"target\":[\"https:\/\/buscoequipomedico.com\/?product=rayos-x-portatil-jade-con-soporte-estandar\"]}]},{\"@type\":\"ImageObject\",\"inLanguage\":\"es\",\"@id\":\"https:\/\/buscoequipomedico.com\/?product=rayos-x-portatil-jade-con-soporte-estandar#primaryimage\",\"url\":\"https:\/\/buscoequipomedico.com\/wp-content\/uploads\/2020\/02\/rayos-x-portatil-jade-con-soporte-estandar-inversor-de-alta-frecuencia-controlado-por-microprocesador-max-4-kw-50ma80kv-40ma100k.jpg\",\"contentUrl\":\"https:\/\/buscoequipomedico.com\/wp-content\/uploads\/2020\/02\/rayos-x-portatil-jade-con-soporte-estandar-inversor-de-alta-frecuencia-controlado-por-microprocesador-max-4-kw-50ma80kv-40ma100k.jpg\",\"width\":800,\"height\":800},{\"@type\":\"BreadcrumbList\",\"@id\":\"https:\/\/buscoequipomedico.com\/?product=rayos-x-portatil-jade-con-soporte-estandar#breadcrumb\",\"itemListElement\":[{\"@type\":\"ListItem\",\"position\":1,\"name\":\"Productos\",\"item\":\"https:\/\/buscoequipomedico.com\/shop\/\"},{\"@type\":\"ListItem\",\"position\":2,\"name\":\"RAYOS X PORT\u00c1TIL JADE CON SOPORTE EST\u00c1NDAR\"}]},{\"@type\":\"WebSite\",\"@id\":\"https:\/\/buscoequipomedico.com\/#website\",\"url\":\"https:\/\/buscoequipomedico.com\/\",\"name\":\"Tu mejor opci\u00f3n Equipo M\u00e9dico M\u00e9xico\",\"description\":\"Tienda de equipo m\u00e9dico\",\"publisher\":{\"@id\":\"https:\/\/buscoequipomedico.com\/#organization\"},\"potentialAction\":[{\"@type\":\"SearchAction\",\"target\":{\"@type\":\"EntryPoint\",\"urlTemplate\":\"https:\/\/buscoequipomedico.com\/?s={search_term_string}\"},\"query-input\":{\"@type\":\"PropertyValueSpecification\",\"valueRequired\":true,\"valueName\":\"search_term_string\"}}],\"inLanguage\":\"es\"},{\"@type\":\"Organization\",\"@id\":\"https:\/\/buscoequipomedico.com\/#organization\",\"name\":\"Tu mejor opci\u00f3n Equipo M\u00e9dico M\u00e9xico\",\"url\":\"https:\/\/buscoequipomedico.com\/\",\"logo\":{\"@type\":\"ImageObject\",\"inLanguage\":\"es\",\"@id\":\"https:\/\/buscoequipomedico.com\/#\/schema\/logo\/image\/\",\"url\":\"https:\/\/buscoequipomedico.com\/wp-content\/uploads\/2021\/07\/EMM-VPrincipal-scaled.jpg\",\"contentUrl\":\"https:\/\/buscoequipomedico.com\/wp-content\/uploads\/2021\/07\/EMM-VPrincipal-scaled.jpg\",\"width\":2560,\"height\":1058,\"caption\":\"Tu mejor opci\u00f3n Equipo M\u00e9dico M\u00e9xico\"},\"image\":{\"@id\":\"https:\/\/buscoequipomedico.com\/#\/schema\/logo\/image\/\"}}]}<\/script>\n<!-- \/ Yoast SEO plugin. -->","yoast_head_json":{"title":"RAYOS X PORT\u00c1TIL JADE CON SOPORTE EST\u00c1NDAR - Tu mejor opci\u00f3n Equipo M\u00e9dico M\u00e9xico","robots":{"index":"index","follow":"follow","max-snippet":"max-snippet:-1","max-image-preview":"max-image-preview:large","max-video-preview":"max-video-preview:-1"},"canonical":"https:\/\/buscoequipomedico.com\/?product=rayos-x-portatil-jade-con-soporte-estandar","og_locale":"es_ES","og_type":"article","og_title":"RAYOS X PORT\u00c1TIL JADE CON SOPORTE EST\u00c1NDAR - Tu mejor opci\u00f3n Equipo M\u00e9dico M\u00e9xico","og_description":"Inversor de Alta Frecuencia controlado por Microprocesador Max.\u00a04 kW (50mA@80kV, 40mA@100kV, 32mA@120kV) Focal Spot Size:\u00a00.5 \/ 1.5 mm, (dentro de los rayos X port\u00e1tiles, el tama\u00f1o de foco m\u00e1s chico es Mejor Imagen) peso:\u00a016 Kg.\u00a0(Free voltage input),\u00a0110 \u2013240V~ 50\/60Hz","og_url":"https:\/\/buscoequipomedico.com\/?product=rayos-x-portatil-jade-con-soporte-estandar","og_site_name":"Tu mejor opci\u00f3n Equipo M\u00e9dico M\u00e9xico","article_modified_time":"2020-02-18T07:37:13+00:00","og_image":[{"width":800,"height":800,"url":"https:\/\/buscoequipomedico.com\/wp-content\/uploads\/2020\/02\/rayos-x-portatil-jade-con-soporte-estandar-inversor-de-alta-frecuencia-controlado-por-microprocesador-max-4-kw-50ma80kv-40ma100k.jpg","type":"image\/png"}],"twitter_card":"summary_large_image","schema":{"@context":"https:\/\/schema.org","@graph":[{"@type":"WebPage","@id":"https:\/\/buscoequipomedico.com\/?product=rayos-x-portatil-jade-con-soporte-estandar","url":"https:\/\/buscoequipomedico.com\/?product=rayos-x-portatil-jade-con-soporte-estandar","name":"RAYOS X PORT\u00c1TIL JADE CON SOPORTE EST\u00c1NDAR - Tu mejor opci\u00f3n Equipo M\u00e9dico M\u00e9xico","isPartOf":{"@id":"https:\/\/buscoequipomedico.com\/#website"},"primaryImageOfPage":{"@id":"https:\/\/buscoequipomedico.com\/?product=rayos-x-portatil-jade-con-soporte-estandar#primaryimage"},"image":{"@id":"https:\/\/buscoequipomedico.com\/?product=rayos-x-portatil-jade-con-soporte-estandar#primaryimage"},"thumbnailUrl":"https:\/\/buscoequipomedico.com\/wp-content\/uploads\/2020\/02\/rayos-x-portatil-jade-con-soporte-estandar-inversor-de-alta-frecuencia-controlado-por-microprocesador-max-4-kw-50ma80kv-40ma100k.jpg","datePublished":"2020-02-18T07:37:09+00:00","dateModified":"2020-02-18T07:37:13+00:00","breadcrumb":{"@id":"https:\/\/buscoequipomedico.com\/?product=rayos-x-portatil-jade-con-soporte-estandar#breadcrumb"},"inLanguage":"es","potentialAction":[{"@type":"ReadAction","target":["https:\/\/buscoequipomedico.com\/?product=rayos-x-portatil-jade-con-soporte-estandar"]}]},{"@type":"ImageObject","inLanguage":"es","@id":"https:\/\/buscoequipomedico.com\/?product=rayos-x-portatil-jade-con-soporte-estandar#primaryimage","url":"https:\/\/buscoequipomedico.com\/wp-content\/uploads\/2020\/02\/rayos-x-portatil-jade-con-soporte-estandar-inversor-de-alta-frecuencia-controlado-por-microprocesador-max-4-kw-50ma80kv-40ma100k.jpg","contentUrl":"https:\/\/buscoequipomedico.com\/wp-content\/uploads\/2020\/02\/rayos-x-portatil-jade-con-soporte-estandar-inversor-de-alta-frecuencia-controlado-por-microprocesador-max-4-kw-50ma80kv-40ma100k.jpg","width":800,"height":800},{"@type":"BreadcrumbList","@id":"https:\/\/buscoequipomedico.com\/?product=rayos-x-portatil-jade-con-soporte-estandar#breadcrumb","itemListElement":[{"@type":"ListItem","position":1,"name":"Productos","item":"https:\/\/buscoequipomedico.com\/shop\/"},{"@type":"ListItem","position":2,"name":"RAYOS X PORT\u00c1TIL JADE CON SOPORTE EST\u00c1NDAR"}]},{"@type":"WebSite","@id":"https:\/\/buscoequipomedico.com\/#website","url":"https:\/\/buscoequipomedico.com\/","name":"Tu mejor opci\u00f3n Equipo M\u00e9dico M\u00e9xico","description":"Tienda de equipo m\u00e9dico","publisher":{"@id":"https:\/\/buscoequipomedico.com\/#organization"},"potentialAction":[{"@type":"SearchAction","target":{"@type":"EntryPoint","urlTemplate":"https:\/\/buscoequipomedico.com\/?s={search_term_string}"},"query-input":{"@type":"PropertyValueSpecification","valueRequired":true,"valueName":"search_term_string"}}],"inLanguage":"es"},{"@type":"Organization","@id":"https:\/\/buscoequipomedico.com\/#organization","name":"Tu mejor opci\u00f3n Equipo M\u00e9dico M\u00e9xico","url":"https:\/\/buscoequipomedico.com\/","logo":{"@type":"ImageObject","inLanguage":"es","@id":"https:\/\/buscoequipomedico.com\/#\/schema\/logo\/image\/","url":"https:\/\/buscoequipomedico.com\/wp-content\/uploads\/2021\/07\/EMM-VPrincipal-scaled.jpg","contentUrl":"https:\/\/buscoequipomedico.com\/wp-content\/uploads\/2021\/07\/EMM-VPrincipal-scaled.jpg","width":2560,"height":1058,"caption":"Tu mejor opci\u00f3n Equipo M\u00e9dico M\u00e9xico"},"image":{"@id":"https:\/\/buscoequipomedico.com\/#\/schema\/logo\/image\/"}}]}},"_links":{"self":[{"href":"https:\/\/buscoequipomedico.com\/index.php?rest_route=\/wp\/v2\/product\/13171","targetHints":{"allow":["GET"]}}],"collection":[{"href":"https:\/\/buscoequipomedico.com\/index.php?rest_route=\/wp\/v2\/product"}],"about":[{"href":"https:\/\/buscoequipomedico.com\/index.php?rest_route=\/wp\/v2\/types\/product"}],"wp:featuredmedia":[{"embeddable":true,"href":"https:\/\/buscoequipomedico.com\/index.php?rest_route=\/wp\/v2\/media\/13172"}],"wp:attachment":[{"href":"https:\/\/buscoequipomedico.com\/index.php?rest_route=%2Fwp%2Fv2%2Fmedia&parent=13171"}],"wp:term":[{"taxonomy":"product_brand","embeddable":true,"href":"https:\/\/buscoequipomedico.com\/index.php?rest_route=%2Fwp%2Fv2%2Fproduct_brand&post=13171"},{"taxonomy":"product_cat","embeddable":true,"href":"https:\/\/buscoequipomedico.com\/index.php?rest_route=%2Fwp%2Fv2%2Fproduct_cat&post=13171"},{"taxonomy":"product_tag","embeddable":true,"href":"https:\/\/buscoequipomedico.com\/index.php?rest_route=%2Fwp%2Fv2%2Fproduct_tag&post=13171"}],"curies":[{"name":"wp","href":"https:\/\/api.w.org\/{rel}","templated":true}]}}