{"id":13183,"date":"2020-02-18T07:37:14","date_gmt":"2020-02-18T07:37:14","guid":{"rendered":"https:\/\/equipomedicomexico-com.preview-domain.com\/product\/sistema-de-rayos-x-fijo-50kw-con-fluoroscopia-150kv-630ma\/"},"modified":"2020-02-18T07:37:16","modified_gmt":"2020-02-18T07:37:16","slug":"sistema-de-rayos-x-fijo-50kw-con-fluoroscopia-150kv-630ma","status":"publish","type":"product","link":"https:\/\/buscoequipomedico.com\/?product=sistema-de-rayos-x-fijo-50kw-con-fluoroscopia-150kv-630ma","title":{"rendered":"SISTEMA DE RAYOS-X FIJO, 50kW CON FLUOROSCOP\u00cdA, 150kV\/630mA"},"content":{"rendered":"<p>El Equipo de Radio-Fluoroscopia (RFX) con sistema de control telecomandado posee un sistema Generador de Rayos X totalmente dirigido por microprocesadores \u00a0que permiten una\u00a0exposici\u00f3n constante y eficiente que sin duda permitir\u00e1 alargar la vida del equipo. Dise\u00f1ado para realizar procedimientos radiol\u00f3gicos el operador tendr\u00e1 un completo control desde la sala de comandos .<\/p>\n<ul>\n<li>Potente y vers\u00e1til Generador: El generador de 50 KW de potencia posee un moderno sistema de generaci\u00f3n de alta frecuencia microcontrolado, con modo operaci\u00f3n dual (Exposici\u00f3n y Fluoroscopia) El rango de tiempo de exposici\u00f3n que va desde tan s\u00f3lo 1\u00a0milisegundos hasta 5 segundos, niveles de energ\u00eda de 40 a 150 KV y capacidad para manejar corrientes de filamento de hasta 630mA. Para el Modo de Fluoroscopia posee un rango de energ\u00eda de 0.5 a 5 mA y los niveles de energ\u00eda del haz de 40 hasta 120 KV. Bajo este modo el generador posee un sistema de control autom\u00e1tico de brillo (ABC) para mantener im\u00e1genes con niveles \u00f3ptimos durante la visualizaci\u00f3n radiol\u00f3gica din\u00e1mica.<\/li>\n<li>Tubo de Rayos X\u00a0de Alta Capacidad: El RFX HF51-5\u00a0cuenta con un tubo de Rayos-X de alta capacidad (400KHU) fabricado para trabajar en centros de alto volumen y con la\u00a0calidad de haz id\u00f3nea para lograr excelentes im\u00e1genes tanto est\u00e1ticas como din\u00e1micas.<\/li>\n<li>Mesa Radiogr\u00e1fica: Con la mesa Radiogr\u00e1fica de WDM lograr\u00e1 el \u00e1ngulo de posicionamiento id\u00f3neo con un rango de rotaci\u00f3n desde -25\u00ba hasta +90\u00ba podr\u00e1 acostar o colocar\u00a0al paciente de pie. Dise\u00f1ada para soportar pesos de hasta 200Kg la mesa puede lograr movimientos laterales y longitudinales para ubicar de manera r\u00e1pida el \u00e1rea de exploraci\u00f3n. Cuenta con un porta Chasis est\u00e1ndar para adquirir im\u00e1genes de radiogr\u00e1ficas en sala bajo modo de Exposici\u00f3n de 14 x 17 pulgadas.<\/li>\n<li>Intensificador de Imagen Digital: El intensificador de im\u00e1genes de WDM posee 3 campos de visualizaci\u00f3n de hasta 9 pulgadas con una resoluci\u00f3n\u00a0de un (1) Megapixel y una escala de tono de 12 bit garantizar\u00e1 im\u00e1genes r\u00e1pidas y n\u00edtidas que podr\u00e1n ser adquiridas de manera digital por el sistema comprobado InvaRay. Las Velocidades de Adquisici\u00f3n en modo visor son\u00a0\u00a0de 1, 2, 3, 3.7, 5 FPS (im\u00e1genes por segundo) \u00a0y para fluoroscopia 30 y 15 FPS .<\/li>\n<li>Sistema avanzado de Procesamiento de Im\u00e1genes Digitales\u00a0InvaRay: Adem\u00e1s de optimizar la calidad de imagen, una serie de innovadoras funciones de\u00a0procesamiento de imagenes m\u00e9dicas mejora a\u00fan m\u00e1s la experiencia del usuario.<\/li>\n<li>T\u00e9cnica de procesamiento Multi-espectro (MPT): Funci\u00f3n MPT puede categorizar las se\u00f1ales de la imagen en diferentes canales en funci\u00f3n\u00a0de sus caracter\u00edsticas distintivas.<\/li>\n<li>Disparo Autom\u00e1tico:\u00a0<span>ayuda a optimizar el efecto visual de la imagen final\u00a0sobre el informe, mediante la eliminaci\u00f3n de la imagen residual de los bordes del colimador.<\/span>\n<\/li>\n<li>Protocolos Autom\u00e1ticos APR:\u00a0<span>es una colecci\u00f3n de protocolos\u00a0pre-establecidos para\u00a0el examen de las diferentes partes del cuerpo de los pacientes de diferentes tama\u00f1os y en varias\u00a0posiciones. Una vez que se elige un APR concreto, el sistema seleccionar\u00e1 autom\u00e1ticamente los\u00a0m\u00e9todos de post-procesamiento correspondientes para mejorar la calidad de la imagen. Esta\u00a0funci\u00f3n puede ser realizada con un simple toque sobre el bot\u00f3n pulsador.<\/span>\n<\/li>\n<li>Correlativo Digital: Esta funci\u00f3n correlativo digital significa que se utiliza un algoritmo para permitir la\u00a0unificaci\u00f3n precisa de la imagen; por lo tanto permite lograr f\u00e1cilmente im\u00e1genes de la columna\u00a0vertebral y pierna completa.<\/li>\n<li>Pr\u00e1ctica funci\u00f3n de auto-adquisici\u00f3n en un solo toque: La plataforma de software InvaRay para el NEW ORIENTAL 1000 brazo-U FPD- es\u00a0compatible con listas de trabajo DICOM. Cuando la informaci\u00f3n necesaria del paciente es\u00a0tomada de su sistema antes del estudio, el sistema ajustar\u00e1 autom\u00e1ticamente los\u00a0par\u00e1metros. Mientras tanto, se proporcionar\u00e1n recomendaciones de par\u00e1metros personalizados\u00a0para obtener im\u00e1genes que se adapten mejor a la costumbre de observaci\u00f3n de cirujanos\u00a0individuales, evit\u00e1ndoles complejas configuraciones de la m\u00e1quina y logrando mejores im\u00e1genes antes de la cirug\u00eda.<\/li>\n<li>P<span>rotocolo de adquisici\u00f3n dedicado: est\u00e1 integrado en el filtrado de las partes del cuerpo\u00a0respectivas y en el balance de grises en la imagen de auto-optimizaci\u00f3n. Cada parte del cuerpo\u00a0tiene su curva de adquisici\u00f3n individual con la finalidad de mejorar la escala de grises. La mejora\u00a0de la escala de grises se puede lograr mediante el ajuste de las curvas con el fin de obtener una\u00a0imagen optimizada.<\/span>\n<\/li>\n<\/ul>\n","protected":false},"excerpt":{"rendered":"<p><span>Sistema de Rayos-X fijo, 50 kw con fluoroscopia, 150kv\/630mA Cat. WDM-HF52-2 Marca Wandong Medical Equipment<\/span><\/p>\n","protected":false},"featured_media":13184,"template":"","meta":{"_joinchat":[]},"product_brand":[],"product_cat":[318],"product_tag":[],"class_list":{"0":"post-13183","1":"product","2":"type-product","3":"status-publish","4":"has-post-thumbnail","6":"product_cat-rayos-x","7":"pa_marca-meison","9":"first","10":"instock","11":"purchasable","12":"product-type-simple"},"yoast_head":"<!-- This site is optimized with the Yoast SEO plugin v25.1 - https:\/\/yoast.com\/wordpress\/plugins\/seo\/ -->\n<title>SISTEMA DE RAYOS-X FIJO, 50kW CON FLUOROSCOP\u00cdA, 150kV\/630mA - Tu mejor opci\u00f3n Equipo M\u00e9dico M\u00e9xico<\/title>\n<meta name=\"robots\" content=\"index, follow, max-snippet:-1, max-image-preview:large, max-video-preview:-1\" \/>\n<link rel=\"canonical\" href=\"https:\/\/buscoequipomedico.com\/?product=sistema-de-rayos-x-fijo-50kw-con-fluoroscopia-150kv-630ma\" \/>\n<meta property=\"og:locale\" content=\"es_ES\" \/>\n<meta property=\"og:type\" content=\"article\" \/>\n<meta property=\"og:title\" content=\"SISTEMA DE RAYOS-X FIJO, 50kW CON FLUOROSCOP\u00cdA, 150kV\/630mA - Tu mejor opci\u00f3n Equipo M\u00e9dico M\u00e9xico\" \/>\n<meta property=\"og:description\" content=\"Sistema de Rayos-X fijo, 50 kw con fluoroscopia, 150kv\/630mA Cat. WDM-HF52-2 Marca Wandong Medical Equipment\" \/>\n<meta property=\"og:url\" content=\"https:\/\/buscoequipomedico.com\/?product=sistema-de-rayos-x-fijo-50kw-con-fluoroscopia-150kv-630ma\" \/>\n<meta property=\"og:site_name\" content=\"Tu mejor opci\u00f3n Equipo M\u00e9dico M\u00e9xico\" \/>\n<meta property=\"article:modified_time\" content=\"2020-02-18T07:37:16+00:00\" \/>\n<meta property=\"og:image\" content=\"https:\/\/buscoequipomedico.com\/wp-content\/uploads\/2020\/02\/sistema-de-rayos-x-fijo-50kw-con-fluoroscopia-150kv-630ma-sistema-de-rayos-x-fijo-50-kw-con-fluoroscopia-150kv-630ma-cat-wdm-hf5.jpg\" \/>\n\t<meta property=\"og:image:width\" content=\"800\" \/>\n\t<meta property=\"og:image:height\" content=\"800\" \/>\n\t<meta property=\"og:image:type\" content=\"image\/png\" \/>\n<meta name=\"twitter:card\" content=\"summary_large_image\" \/>\n<meta name=\"twitter:label1\" content=\"Tiempo de lectura\" \/>\n\t<meta name=\"twitter:data1\" content=\"4 minutos\" \/>\n<script type=\"application\/ld+json\" class=\"yoast-schema-graph\">{\"@context\":\"https:\/\/schema.org\",\"@graph\":[{\"@type\":\"WebPage\",\"@id\":\"https:\/\/buscoequipomedico.com\/?product=sistema-de-rayos-x-fijo-50kw-con-fluoroscopia-150kv-630ma\",\"url\":\"https:\/\/buscoequipomedico.com\/?product=sistema-de-rayos-x-fijo-50kw-con-fluoroscopia-150kv-630ma\",\"name\":\"SISTEMA DE RAYOS-X FIJO, 50kW CON FLUOROSCOP\u00cdA, 150kV\/630mA - Tu mejor opci\u00f3n Equipo M\u00e9dico M\u00e9xico\",\"isPartOf\":{\"@id\":\"https:\/\/buscoequipomedico.com\/#website\"},\"primaryImageOfPage\":{\"@id\":\"https:\/\/buscoequipomedico.com\/?product=sistema-de-rayos-x-fijo-50kw-con-fluoroscopia-150kv-630ma#primaryimage\"},\"image\":{\"@id\":\"https:\/\/buscoequipomedico.com\/?product=sistema-de-rayos-x-fijo-50kw-con-fluoroscopia-150kv-630ma#primaryimage\"},\"thumbnailUrl\":\"https:\/\/buscoequipomedico.com\/wp-content\/uploads\/2020\/02\/sistema-de-rayos-x-fijo-50kw-con-fluoroscopia-150kv-630ma-sistema-de-rayos-x-fijo-50-kw-con-fluoroscopia-150kv-630ma-cat-wdm-hf5.jpg\",\"datePublished\":\"2020-02-18T07:37:14+00:00\",\"dateModified\":\"2020-02-18T07:37:16+00:00\",\"breadcrumb\":{\"@id\":\"https:\/\/buscoequipomedico.com\/?product=sistema-de-rayos-x-fijo-50kw-con-fluoroscopia-150kv-630ma#breadcrumb\"},\"inLanguage\":\"es\",\"potentialAction\":[{\"@type\":\"ReadAction\",\"target\":[\"https:\/\/buscoequipomedico.com\/?product=sistema-de-rayos-x-fijo-50kw-con-fluoroscopia-150kv-630ma\"]}]},{\"@type\":\"ImageObject\",\"inLanguage\":\"es\",\"@id\":\"https:\/\/buscoequipomedico.com\/?product=sistema-de-rayos-x-fijo-50kw-con-fluoroscopia-150kv-630ma#primaryimage\",\"url\":\"https:\/\/buscoequipomedico.com\/wp-content\/uploads\/2020\/02\/sistema-de-rayos-x-fijo-50kw-con-fluoroscopia-150kv-630ma-sistema-de-rayos-x-fijo-50-kw-con-fluoroscopia-150kv-630ma-cat-wdm-hf5.jpg\",\"contentUrl\":\"https:\/\/buscoequipomedico.com\/wp-content\/uploads\/2020\/02\/sistema-de-rayos-x-fijo-50kw-con-fluoroscopia-150kv-630ma-sistema-de-rayos-x-fijo-50-kw-con-fluoroscopia-150kv-630ma-cat-wdm-hf5.jpg\",\"width\":800,\"height\":800},{\"@type\":\"BreadcrumbList\",\"@id\":\"https:\/\/buscoequipomedico.com\/?product=sistema-de-rayos-x-fijo-50kw-con-fluoroscopia-150kv-630ma#breadcrumb\",\"itemListElement\":[{\"@type\":\"ListItem\",\"position\":1,\"name\":\"Productos\",\"item\":\"https:\/\/buscoequipomedico.com\/shop\/\"},{\"@type\":\"ListItem\",\"position\":2,\"name\":\"SISTEMA DE RAYOS-X FIJO, 50kW CON FLUOROSCOP\u00cdA, 150kV\/630mA\"}]},{\"@type\":\"WebSite\",\"@id\":\"https:\/\/buscoequipomedico.com\/#website\",\"url\":\"https:\/\/buscoequipomedico.com\/\",\"name\":\"Tu mejor opci\u00f3n Equipo M\u00e9dico M\u00e9xico\",\"description\":\"Tienda de equipo m\u00e9dico\",\"publisher\":{\"@id\":\"https:\/\/buscoequipomedico.com\/#organization\"},\"potentialAction\":[{\"@type\":\"SearchAction\",\"target\":{\"@type\":\"EntryPoint\",\"urlTemplate\":\"https:\/\/buscoequipomedico.com\/?s={search_term_string}\"},\"query-input\":{\"@type\":\"PropertyValueSpecification\",\"valueRequired\":true,\"valueName\":\"search_term_string\"}}],\"inLanguage\":\"es\"},{\"@type\":\"Organization\",\"@id\":\"https:\/\/buscoequipomedico.com\/#organization\",\"name\":\"Tu mejor opci\u00f3n Equipo M\u00e9dico M\u00e9xico\",\"url\":\"https:\/\/buscoequipomedico.com\/\",\"logo\":{\"@type\":\"ImageObject\",\"inLanguage\":\"es\",\"@id\":\"https:\/\/buscoequipomedico.com\/#\/schema\/logo\/image\/\",\"url\":\"https:\/\/buscoequipomedico.com\/wp-content\/uploads\/2021\/07\/EMM-VPrincipal-scaled.jpg\",\"contentUrl\":\"https:\/\/buscoequipomedico.com\/wp-content\/uploads\/2021\/07\/EMM-VPrincipal-scaled.jpg\",\"width\":2560,\"height\":1058,\"caption\":\"Tu mejor opci\u00f3n Equipo M\u00e9dico M\u00e9xico\"},\"image\":{\"@id\":\"https:\/\/buscoequipomedico.com\/#\/schema\/logo\/image\/\"}}]}<\/script>\n<!-- \/ Yoast SEO plugin. -->","yoast_head_json":{"title":"SISTEMA DE RAYOS-X FIJO, 50kW CON FLUOROSCOP\u00cdA, 150kV\/630mA - Tu mejor opci\u00f3n Equipo M\u00e9dico M\u00e9xico","robots":{"index":"index","follow":"follow","max-snippet":"max-snippet:-1","max-image-preview":"max-image-preview:large","max-video-preview":"max-video-preview:-1"},"canonical":"https:\/\/buscoequipomedico.com\/?product=sistema-de-rayos-x-fijo-50kw-con-fluoroscopia-150kv-630ma","og_locale":"es_ES","og_type":"article","og_title":"SISTEMA DE RAYOS-X FIJO, 50kW CON FLUOROSCOP\u00cdA, 150kV\/630mA - Tu mejor opci\u00f3n Equipo M\u00e9dico M\u00e9xico","og_description":"Sistema de Rayos-X fijo, 50 kw con fluoroscopia, 150kv\/630mA Cat. WDM-HF52-2 Marca Wandong Medical Equipment","og_url":"https:\/\/buscoequipomedico.com\/?product=sistema-de-rayos-x-fijo-50kw-con-fluoroscopia-150kv-630ma","og_site_name":"Tu mejor opci\u00f3n Equipo M\u00e9dico M\u00e9xico","article_modified_time":"2020-02-18T07:37:16+00:00","og_image":[{"width":800,"height":800,"url":"https:\/\/buscoequipomedico.com\/wp-content\/uploads\/2020\/02\/sistema-de-rayos-x-fijo-50kw-con-fluoroscopia-150kv-630ma-sistema-de-rayos-x-fijo-50-kw-con-fluoroscopia-150kv-630ma-cat-wdm-hf5.jpg","type":"image\/png"}],"twitter_card":"summary_large_image","twitter_misc":{"Tiempo de lectura":"4 minutos"},"schema":{"@context":"https:\/\/schema.org","@graph":[{"@type":"WebPage","@id":"https:\/\/buscoequipomedico.com\/?product=sistema-de-rayos-x-fijo-50kw-con-fluoroscopia-150kv-630ma","url":"https:\/\/buscoequipomedico.com\/?product=sistema-de-rayos-x-fijo-50kw-con-fluoroscopia-150kv-630ma","name":"SISTEMA DE RAYOS-X FIJO, 50kW CON FLUOROSCOP\u00cdA, 150kV\/630mA - Tu mejor opci\u00f3n Equipo M\u00e9dico M\u00e9xico","isPartOf":{"@id":"https:\/\/buscoequipomedico.com\/#website"},"primaryImageOfPage":{"@id":"https:\/\/buscoequipomedico.com\/?product=sistema-de-rayos-x-fijo-50kw-con-fluoroscopia-150kv-630ma#primaryimage"},"image":{"@id":"https:\/\/buscoequipomedico.com\/?product=sistema-de-rayos-x-fijo-50kw-con-fluoroscopia-150kv-630ma#primaryimage"},"thumbnailUrl":"https:\/\/buscoequipomedico.com\/wp-content\/uploads\/2020\/02\/sistema-de-rayos-x-fijo-50kw-con-fluoroscopia-150kv-630ma-sistema-de-rayos-x-fijo-50-kw-con-fluoroscopia-150kv-630ma-cat-wdm-hf5.jpg","datePublished":"2020-02-18T07:37:14+00:00","dateModified":"2020-02-18T07:37:16+00:00","breadcrumb":{"@id":"https:\/\/buscoequipomedico.com\/?product=sistema-de-rayos-x-fijo-50kw-con-fluoroscopia-150kv-630ma#breadcrumb"},"inLanguage":"es","potentialAction":[{"@type":"ReadAction","target":["https:\/\/buscoequipomedico.com\/?product=sistema-de-rayos-x-fijo-50kw-con-fluoroscopia-150kv-630ma"]}]},{"@type":"ImageObject","inLanguage":"es","@id":"https:\/\/buscoequipomedico.com\/?product=sistema-de-rayos-x-fijo-50kw-con-fluoroscopia-150kv-630ma#primaryimage","url":"https:\/\/buscoequipomedico.com\/wp-content\/uploads\/2020\/02\/sistema-de-rayos-x-fijo-50kw-con-fluoroscopia-150kv-630ma-sistema-de-rayos-x-fijo-50-kw-con-fluoroscopia-150kv-630ma-cat-wdm-hf5.jpg","contentUrl":"https:\/\/buscoequipomedico.com\/wp-content\/uploads\/2020\/02\/sistema-de-rayos-x-fijo-50kw-con-fluoroscopia-150kv-630ma-sistema-de-rayos-x-fijo-50-kw-con-fluoroscopia-150kv-630ma-cat-wdm-hf5.jpg","width":800,"height":800},{"@type":"BreadcrumbList","@id":"https:\/\/buscoequipomedico.com\/?product=sistema-de-rayos-x-fijo-50kw-con-fluoroscopia-150kv-630ma#breadcrumb","itemListElement":[{"@type":"ListItem","position":1,"name":"Productos","item":"https:\/\/buscoequipomedico.com\/shop\/"},{"@type":"ListItem","position":2,"name":"SISTEMA DE RAYOS-X FIJO, 50kW CON FLUOROSCOP\u00cdA, 150kV\/630mA"}]},{"@type":"WebSite","@id":"https:\/\/buscoequipomedico.com\/#website","url":"https:\/\/buscoequipomedico.com\/","name":"Tu mejor opci\u00f3n Equipo M\u00e9dico M\u00e9xico","description":"Tienda de equipo m\u00e9dico","publisher":{"@id":"https:\/\/buscoequipomedico.com\/#organization"},"potentialAction":[{"@type":"SearchAction","target":{"@type":"EntryPoint","urlTemplate":"https:\/\/buscoequipomedico.com\/?s={search_term_string}"},"query-input":{"@type":"PropertyValueSpecification","valueRequired":true,"valueName":"search_term_string"}}],"inLanguage":"es"},{"@type":"Organization","@id":"https:\/\/buscoequipomedico.com\/#organization","name":"Tu mejor opci\u00f3n Equipo M\u00e9dico M\u00e9xico","url":"https:\/\/buscoequipomedico.com\/","logo":{"@type":"ImageObject","inLanguage":"es","@id":"https:\/\/buscoequipomedico.com\/#\/schema\/logo\/image\/","url":"https:\/\/buscoequipomedico.com\/wp-content\/uploads\/2021\/07\/EMM-VPrincipal-scaled.jpg","contentUrl":"https:\/\/buscoequipomedico.com\/wp-content\/uploads\/2021\/07\/EMM-VPrincipal-scaled.jpg","width":2560,"height":1058,"caption":"Tu mejor opci\u00f3n Equipo M\u00e9dico M\u00e9xico"},"image":{"@id":"https:\/\/buscoequipomedico.com\/#\/schema\/logo\/image\/"}}]}},"_links":{"self":[{"href":"https:\/\/buscoequipomedico.com\/index.php?rest_route=\/wp\/v2\/product\/13183","targetHints":{"allow":["GET"]}}],"collection":[{"href":"https:\/\/buscoequipomedico.com\/index.php?rest_route=\/wp\/v2\/product"}],"about":[{"href":"https:\/\/buscoequipomedico.com\/index.php?rest_route=\/wp\/v2\/types\/product"}],"wp:featuredmedia":[{"embeddable":true,"href":"https:\/\/buscoequipomedico.com\/index.php?rest_route=\/wp\/v2\/media\/13184"}],"wp:attachment":[{"href":"https:\/\/buscoequipomedico.com\/index.php?rest_route=%2Fwp%2Fv2%2Fmedia&parent=13183"}],"wp:term":[{"taxonomy":"product_brand","embeddable":true,"href":"https:\/\/buscoequipomedico.com\/index.php?rest_route=%2Fwp%2Fv2%2Fproduct_brand&post=13183"},{"taxonomy":"product_cat","embeddable":true,"href":"https:\/\/buscoequipomedico.com\/index.php?rest_route=%2Fwp%2Fv2%2Fproduct_cat&post=13183"},{"taxonomy":"product_tag","embeddable":true,"href":"https:\/\/buscoequipomedico.com\/index.php?rest_route=%2Fwp%2Fv2%2Fproduct_tag&post=13183"}],"curies":[{"name":"wp","href":"https:\/\/api.w.org\/{rel}","templated":true}]}}