{"id":13185,"date":"2020-02-18T07:37:14","date_gmt":"2020-02-18T07:37:14","guid":{"rendered":"https:\/\/equipomedicomexico-com.preview-domain.com\/product\/sistema-de-rayos-x-dr-50kw-flat-panel-150kv-630ma\/"},"modified":"2020-02-18T07:37:16","modified_gmt":"2020-02-18T07:37:16","slug":"sistema-de-rayos-x-dr-50kw-flat-panel-150kv-630ma","status":"publish","type":"product","link":"https:\/\/buscoequipomedico.com\/?product=sistema-de-rayos-x-dr-50kw-flat-panel-150kv-630ma","title":{"rendered":"SISTEMA DE RAYOS-X DR, 50kW, FLAT PANEL 150kV\/630mA"},"content":{"rendered":"<p>R\u00e1pido, F\u00e1cil y Seguro<\/p>\n<\/p>\n<p>Un flujo de trabajo sin pel\u00edcula ofrece una experiencia de usuario\u00a0mucho m\u00e1s c\u00f3moda y r\u00e1pida. La radiolog\u00eda digital reduce significativamente la duraci\u00f3n de\u00a0diagn\u00f3stico, simplifica el proceso de examen y facilita el efecto comunicativo entre los pacientes\u00a0y los radi\u00f3logos. El New Oriental 1000 Brazo en U FPD (DR) es compatible con los sistemas DICOM .<\/p>\n<\/p>\n<p>El f\u00e1cil almacenamiento y archivo de la informaci\u00f3n del paciente no s\u00f3lo beneficia a los\u00a0pacientes con un acceso personal a su historial m\u00e9dico, sino que adem\u00e1s asiste en la pr\u00e1ctica\u00a0m\u00e9dica a mejorar la comprensi\u00f3n de la condici\u00f3n del paciente. Comparado con las soluciones de\u00a0radiolog\u00eda convencional, las soluciones de Radiolog\u00eda Digital son mucho mas seguras, debido a\u00a0que presta mayor atenci\u00f3n al control de dosis.<\/p>\n<\/p>\n<p>Tama\u00f1o compacto<\/p>\n<\/p>\n<p>Una de las caracter\u00edsticas \u00fanicas del sistema New Oriental 1000 brazo-U\u00a0es su tama\u00f1o compacto. Su requisito del lugar de instalaci\u00f3n es menos exigente que\u00a0otros tipos de sistemas de RD, por lo que es una opci\u00f3n ideal para peque\u00f1as cl\u00ednicas, hospitales\u00a0comunitarios o de cualquier servicio de radiolog\u00eda con espacio limitado. Por lo general, una sala\u00a0de 15 metros cuadrados puede alojar c\u00f3modamente todo el sistema, incluyendo el espacio de la\u00a0sala de control.<\/p>\n<\/p>\n<p>Potente y vers\u00e1til Generador<\/p>\n<\/p>\n<p>El generador de 50 KW de potencia posee un moderno sistema de generaci\u00f3n de alta frecuencia microcontrolado, con un rango de tiempo de exposici\u00f3n que va desde tan s\u00f3lo 2 milisegundos hasta 5 segundos, niveles de energ\u00eda de 40 a 150 KV y capacidad para manejar corrientes de filamento de hasta 630mA.<\/p>\n<\/p>\n<p>Tubo de Rayos X para Alta demanda<\/p>\n<\/p>\n<p>El New Oriental 1000 U-arm FPD cuenta con un tubo de Rayos-X de alta capacidad (230KHU) fabricado para trabajar en centros de alto volumen y con la\u00a0calidad de haz id\u00f3nea para lograr excelentes im\u00e1genes digitales. Con el tubo de Alto rendimiento E7876X asegurar\u00e1 a\u00f1os de estudios ininterrumpidos.<\/p>\n<\/p>\n<p>Detector de panel delgado Digital<\/p>\n<\/p>\n<p>El detector PaxScan 4343R es un sistema de detecci\u00f3n Digital de Amorfo de Silicio con un \u00e1rea de adquisici\u00f3n efectiva de 43cmx43cm y una matriz de 9 MegaPixeles (MP) \u00a0de resoluci\u00f3n que le permitir\u00e1 visualizar mucha mas informaci\u00f3n de forma r\u00e1pida y a una menor dosis por su alto nivel de eficiencia cu\u00e1ntica.<\/p>\n<\/p>\n<p>Sistema avanzado de Procesamiento de Im\u00e1genes Digitales\u00a0InvaRay<\/p>\n<\/p>\n<p>Desarrollado por\u00a0CR Wandong Medical Equipment, la plataforma de software de imagen digital InvaRay para el\u00a0NEW ORIENTAL 1000 brazo-U , ha integrado nuevas tecnolog\u00edas patentadas por\u00a0WDM.\u00a0Adem\u00e1s de optimizar la calidad de imagen, una serie de innovadoras funciones de\u00a0procesamiento de imagenes m\u00e9dicas mejora a\u00fan m\u00e1s la experiencia del usuario.<\/p>\n<\/p>\n<p>\u00a0<\/p>\n<p>T\u00e9cnica de procesamiento Multi-espectro (MPT)<\/p>\n<\/p>\n<p>Funci\u00f3n MPT puede categorizar las se\u00f1ales de la imagen en diferentes canales en funci\u00f3n\u00a0de sus caracter\u00edsticas distintivas. A continuaci\u00f3n, las se\u00f1ales en cada canal son calibrados y\u00a0ajustados en funci\u00f3n de sus respectivas caracter\u00edsticas y diferentes requisitos de aplicaci\u00f3n,\u00a0obteniendo con ello un mayor detalle e informaci\u00f3n en las im\u00e1genes.<\/p>\n<\/p>\n<p>Disparo Autom\u00e1tico<\/p>\n<\/p>\n<p>La funci\u00f3n de disparador autom\u00e1tico ayuda a optimizar el efecto visual de la imagen final\u00a0sobre el informe, mediante la eliminaci\u00f3n de la imagen residual de los bordes del colimador. As\u00ed,\u00a0el ROI es m\u00e1s prominente. Mientras tanto, una biblioteca completa de herramientas de postprocesamiento\u00a0deja a los radi\u00f3logos completamente equipados para el ajuste y an\u00e1lisis\u00a0de las im\u00e1genes.<\/p>\n<\/p>\n<p>Protocolos Autom\u00e1ticos APR<\/p>\n<\/p>\n<p>Lo novedoso de la funci\u00f3n Auto APR es una colecci\u00f3n de protocolos\u00a0pre-establecidos para\u00a0el examen de las diferentes partes del cuerpo de los pacientes de diferentes tama\u00f1os y en varias\u00a0posiciones. Una vez que se elige un APR concreto, el sistema seleccionar\u00e1 autom\u00e1ticamente los\u00a0m\u00e9todos de post-procesamiento correspondientes para mejorar la calidad de la imagen. Esta\u00a0funci\u00f3n puede ser realizada con un simple toque sobre el bot\u00f3n pulsador.<\/p>\n<\/p>\n<p>Correlativo Digital<\/p>\n<\/p>\n<p>Esta funci\u00f3n correlativo digital significa que se utiliza un algoritmo para permitir la\u00a0unificaci\u00f3n precisa de la imagen; por lo tanto permite lograr f\u00e1cilmente im\u00e1genes de la columna\u00a0vertebral y pierna completa.<\/p>\n<\/p>\n<p>Pr\u00e1ctica funci\u00f3n de auto-adquisici\u00f3n en un solo toque<\/p>\n<\/p>\n<p>La plataforma de software InvaRay para el NEW ORIENTAL 1000 brazo-U FPD- es\u00a0compatible con listas de trabajo DICOM. Cuando la informaci\u00f3n necesaria del paciente es\u00a0tomada de su sistema antes del estudio, el sistema ajustar\u00e1 autom\u00e1ticamente los\u00a0par\u00e1metros. Mientras tanto, se proporcionar\u00e1n recomendaciones de par\u00e1metros personalizados\u00a0para obtener im\u00e1genes que se adapten mejor a la costumbre de observaci\u00f3n de cirujanos\u00a0individuales, evit\u00e1ndoles complejas configuraciones de la m\u00e1quina y logrando mejores im\u00e1genes antes de la cirug\u00eda.<\/p>\n<\/p>\n<p>Protocolo de\u00a0Adquisici\u00f3n Dedicado<\/p>\n<\/p>\n<p>Un protocolo de adquisici\u00f3n dedicado est\u00e1 integrado en el filtrado de las partes del cuerpo\u00a0respectivas y en el balance de grises en la imagen de auto-optimizaci\u00f3n. Cada parte del cuerpo\u00a0tiene su curva de adquisici\u00f3n individual con la finalidad de mejorar la escala de grises. La mejora\u00a0de la escala de grises se puede lograr mediante el ajuste de las curvas con el fin de obtener una\u00a0imagen optimizada.<\/p>\n<\/p>\n<p>Un paquete completo de Radiolog\u00eda Digital<\/p>\n<\/p>\n<p>La soluci\u00f3n digital que ofrece Ingenier\u00eda Hospitalaria C.A.\u00a0es un paquete completo, que va desde el\u00a0asesoramiento pre-venta de un plan individual, hasta la producci\u00f3n de todo el sistema,\u00a0formaci\u00f3n y mantenimiento post-venta a la instalaci\u00f3n. Esta soluci\u00f3n permite expandir su sistema e integrarlos a otros sistemas ya que es totalmente compatible y\u00a0TODAS LAS LICENCIAS EST\u00c1N INCLUIDAS\u00a0impresi\u00f3n, almacenamiento, teleradiolog\u00eda conexi\u00f3n a sistemas RIS o HIS. En Ingenier\u00eda Hospitalaria C.A. podemos garantizarle la interconexi\u00f3n de sus sistemas de Im\u00e1genes. Pregunte por nuestros\u00a0Servicios.<\/p><\/p>\n","protected":false},"excerpt":{"rendered":"<p>El NEW ORIENTAL 1000m FPD (flat panel Digital)\u00a0Es un sistema de radiolog\u00eda digital perfecto para hospitales o cl\u00ednicas, p\u00fablicas o privadas, con alto volumen de pacientes. Es la elecci\u00f3n ideal para hospitales o cl\u00ednicas que desean trabajar bajo un entorno digital. El sistema puede cumplir los requisitos para la mayor\u00eda de aplicaciones comunes posee dos detectores FPD para\u00a0posici\u00f3n tanto vertical bucky y otro horizontal incluido en la mesa.<\/p><\/p>\n","protected":false},"featured_media":13186,"template":"","meta":{"_joinchat":[]},"product_brand":[],"product_cat":[318],"product_tag":[],"class_list":{"0":"post-13185","1":"product","2":"type-product","3":"status-publish","4":"has-post-thumbnail","6":"product_cat-rayos-x","7":"pa_marca-meison","9":"first","10":"instock","11":"purchasable","12":"product-type-simple"},"yoast_head":"<!-- This site is optimized with the Yoast SEO plugin v25.1 - https:\/\/yoast.com\/wordpress\/plugins\/seo\/ -->\n<title>SISTEMA DE RAYOS-X DR, 50kW, FLAT PANEL 150kV\/630mA - Tu mejor opci\u00f3n Equipo M\u00e9dico M\u00e9xico<\/title>\n<meta name=\"robots\" content=\"index, follow, max-snippet:-1, max-image-preview:large, max-video-preview:-1\" \/>\n<link rel=\"canonical\" href=\"https:\/\/buscoequipomedico.com\/?product=sistema-de-rayos-x-dr-50kw-flat-panel-150kv-630ma\" \/>\n<meta property=\"og:locale\" content=\"es_ES\" \/>\n<meta property=\"og:type\" content=\"article\" \/>\n<meta property=\"og:title\" content=\"SISTEMA DE RAYOS-X DR, 50kW, FLAT PANEL 150kV\/630mA - Tu mejor opci\u00f3n Equipo M\u00e9dico M\u00e9xico\" \/>\n<meta property=\"og:description\" content=\"El NEW ORIENTAL 1000m FPD (flat panel Digital)\u00a0Es un sistema de radiolog\u00eda digital perfecto para hospitales o cl\u00ednicas, p\u00fablicas o privadas, con alto volumen de pacientes. Es la elecci\u00f3n ideal para hospitales o cl\u00ednicas que desean trabajar bajo un entorno digital. El sistema puede cumplir los requisitos para la mayor\u00eda de aplicaciones comunes posee dos detectores FPD para\u00a0posici\u00f3n tanto vertical bucky y otro horizontal incluido en la mesa.\" \/>\n<meta property=\"og:url\" content=\"https:\/\/buscoequipomedico.com\/?product=sistema-de-rayos-x-dr-50kw-flat-panel-150kv-630ma\" \/>\n<meta property=\"og:site_name\" content=\"Tu mejor opci\u00f3n Equipo M\u00e9dico M\u00e9xico\" \/>\n<meta property=\"article:modified_time\" content=\"2020-02-18T07:37:16+00:00\" \/>\n<meta property=\"og:image\" content=\"https:\/\/buscoequipomedico.com\/wp-content\/uploads\/2020\/02\/sistema-de-rayos-x-dr-50kw-flat-panel-150kv-630ma-el-new-oriental-1000m-fpd-flat-panel-digital-es-un-sistema-de-radiologia-digit.jpg\" \/>\n\t<meta property=\"og:image:width\" content=\"800\" \/>\n\t<meta property=\"og:image:height\" content=\"800\" \/>\n\t<meta property=\"og:image:type\" content=\"image\/png\" \/>\n<meta name=\"twitter:card\" content=\"summary_large_image\" \/>\n<meta name=\"twitter:label1\" content=\"Tiempo de lectura\" \/>\n\t<meta name=\"twitter:data1\" content=\"5 minutos\" \/>\n<script type=\"application\/ld+json\" class=\"yoast-schema-graph\">{\"@context\":\"https:\/\/schema.org\",\"@graph\":[{\"@type\":\"WebPage\",\"@id\":\"https:\/\/buscoequipomedico.com\/?product=sistema-de-rayos-x-dr-50kw-flat-panel-150kv-630ma\",\"url\":\"https:\/\/buscoequipomedico.com\/?product=sistema-de-rayos-x-dr-50kw-flat-panel-150kv-630ma\",\"name\":\"SISTEMA DE RAYOS-X DR, 50kW, FLAT PANEL 150kV\/630mA - Tu mejor opci\u00f3n Equipo M\u00e9dico M\u00e9xico\",\"isPartOf\":{\"@id\":\"https:\/\/buscoequipomedico.com\/#website\"},\"primaryImageOfPage\":{\"@id\":\"https:\/\/buscoequipomedico.com\/?product=sistema-de-rayos-x-dr-50kw-flat-panel-150kv-630ma#primaryimage\"},\"image\":{\"@id\":\"https:\/\/buscoequipomedico.com\/?product=sistema-de-rayos-x-dr-50kw-flat-panel-150kv-630ma#primaryimage\"},\"thumbnailUrl\":\"https:\/\/buscoequipomedico.com\/wp-content\/uploads\/2020\/02\/sistema-de-rayos-x-dr-50kw-flat-panel-150kv-630ma-el-new-oriental-1000m-fpd-flat-panel-digital-es-un-sistema-de-radiologia-digit.jpg\",\"datePublished\":\"2020-02-18T07:37:14+00:00\",\"dateModified\":\"2020-02-18T07:37:16+00:00\",\"breadcrumb\":{\"@id\":\"https:\/\/buscoequipomedico.com\/?product=sistema-de-rayos-x-dr-50kw-flat-panel-150kv-630ma#breadcrumb\"},\"inLanguage\":\"es\",\"potentialAction\":[{\"@type\":\"ReadAction\",\"target\":[\"https:\/\/buscoequipomedico.com\/?product=sistema-de-rayos-x-dr-50kw-flat-panel-150kv-630ma\"]}]},{\"@type\":\"ImageObject\",\"inLanguage\":\"es\",\"@id\":\"https:\/\/buscoequipomedico.com\/?product=sistema-de-rayos-x-dr-50kw-flat-panel-150kv-630ma#primaryimage\",\"url\":\"https:\/\/buscoequipomedico.com\/wp-content\/uploads\/2020\/02\/sistema-de-rayos-x-dr-50kw-flat-panel-150kv-630ma-el-new-oriental-1000m-fpd-flat-panel-digital-es-un-sistema-de-radiologia-digit.jpg\",\"contentUrl\":\"https:\/\/buscoequipomedico.com\/wp-content\/uploads\/2020\/02\/sistema-de-rayos-x-dr-50kw-flat-panel-150kv-630ma-el-new-oriental-1000m-fpd-flat-panel-digital-es-un-sistema-de-radiologia-digit.jpg\",\"width\":800,\"height\":800},{\"@type\":\"BreadcrumbList\",\"@id\":\"https:\/\/buscoequipomedico.com\/?product=sistema-de-rayos-x-dr-50kw-flat-panel-150kv-630ma#breadcrumb\",\"itemListElement\":[{\"@type\":\"ListItem\",\"position\":1,\"name\":\"Productos\",\"item\":\"https:\/\/buscoequipomedico.com\/shop\/\"},{\"@type\":\"ListItem\",\"position\":2,\"name\":\"SISTEMA DE RAYOS-X DR, 50kW, FLAT PANEL 150kV\/630mA\"}]},{\"@type\":\"WebSite\",\"@id\":\"https:\/\/buscoequipomedico.com\/#website\",\"url\":\"https:\/\/buscoequipomedico.com\/\",\"name\":\"Tu mejor opci\u00f3n Equipo M\u00e9dico M\u00e9xico\",\"description\":\"Tienda de equipo m\u00e9dico\",\"publisher\":{\"@id\":\"https:\/\/buscoequipomedico.com\/#organization\"},\"potentialAction\":[{\"@type\":\"SearchAction\",\"target\":{\"@type\":\"EntryPoint\",\"urlTemplate\":\"https:\/\/buscoequipomedico.com\/?s={search_term_string}\"},\"query-input\":{\"@type\":\"PropertyValueSpecification\",\"valueRequired\":true,\"valueName\":\"search_term_string\"}}],\"inLanguage\":\"es\"},{\"@type\":\"Organization\",\"@id\":\"https:\/\/buscoequipomedico.com\/#organization\",\"name\":\"Tu mejor opci\u00f3n Equipo M\u00e9dico M\u00e9xico\",\"url\":\"https:\/\/buscoequipomedico.com\/\",\"logo\":{\"@type\":\"ImageObject\",\"inLanguage\":\"es\",\"@id\":\"https:\/\/buscoequipomedico.com\/#\/schema\/logo\/image\/\",\"url\":\"https:\/\/buscoequipomedico.com\/wp-content\/uploads\/2021\/07\/EMM-VPrincipal-scaled.jpg\",\"contentUrl\":\"https:\/\/buscoequipomedico.com\/wp-content\/uploads\/2021\/07\/EMM-VPrincipal-scaled.jpg\",\"width\":2560,\"height\":1058,\"caption\":\"Tu mejor opci\u00f3n Equipo M\u00e9dico M\u00e9xico\"},\"image\":{\"@id\":\"https:\/\/buscoequipomedico.com\/#\/schema\/logo\/image\/\"}}]}<\/script>\n<!-- \/ Yoast SEO plugin. -->","yoast_head_json":{"title":"SISTEMA DE RAYOS-X DR, 50kW, FLAT PANEL 150kV\/630mA - Tu mejor opci\u00f3n Equipo M\u00e9dico M\u00e9xico","robots":{"index":"index","follow":"follow","max-snippet":"max-snippet:-1","max-image-preview":"max-image-preview:large","max-video-preview":"max-video-preview:-1"},"canonical":"https:\/\/buscoequipomedico.com\/?product=sistema-de-rayos-x-dr-50kw-flat-panel-150kv-630ma","og_locale":"es_ES","og_type":"article","og_title":"SISTEMA DE RAYOS-X DR, 50kW, FLAT PANEL 150kV\/630mA - Tu mejor opci\u00f3n Equipo M\u00e9dico M\u00e9xico","og_description":"El NEW ORIENTAL 1000m FPD (flat panel Digital)\u00a0Es un sistema de radiolog\u00eda digital perfecto para hospitales o cl\u00ednicas, p\u00fablicas o privadas, con alto volumen de pacientes. Es la elecci\u00f3n ideal para hospitales o cl\u00ednicas que desean trabajar bajo un entorno digital. El sistema puede cumplir los requisitos para la mayor\u00eda de aplicaciones comunes posee dos detectores FPD para\u00a0posici\u00f3n tanto vertical bucky y otro horizontal incluido en la mesa.","og_url":"https:\/\/buscoequipomedico.com\/?product=sistema-de-rayos-x-dr-50kw-flat-panel-150kv-630ma","og_site_name":"Tu mejor opci\u00f3n Equipo M\u00e9dico M\u00e9xico","article_modified_time":"2020-02-18T07:37:16+00:00","og_image":[{"width":800,"height":800,"url":"https:\/\/buscoequipomedico.com\/wp-content\/uploads\/2020\/02\/sistema-de-rayos-x-dr-50kw-flat-panel-150kv-630ma-el-new-oriental-1000m-fpd-flat-panel-digital-es-un-sistema-de-radiologia-digit.jpg","type":"image\/png"}],"twitter_card":"summary_large_image","twitter_misc":{"Tiempo de lectura":"5 minutos"},"schema":{"@context":"https:\/\/schema.org","@graph":[{"@type":"WebPage","@id":"https:\/\/buscoequipomedico.com\/?product=sistema-de-rayos-x-dr-50kw-flat-panel-150kv-630ma","url":"https:\/\/buscoequipomedico.com\/?product=sistema-de-rayos-x-dr-50kw-flat-panel-150kv-630ma","name":"SISTEMA DE RAYOS-X DR, 50kW, FLAT PANEL 150kV\/630mA - Tu mejor opci\u00f3n Equipo M\u00e9dico M\u00e9xico","isPartOf":{"@id":"https:\/\/buscoequipomedico.com\/#website"},"primaryImageOfPage":{"@id":"https:\/\/buscoequipomedico.com\/?product=sistema-de-rayos-x-dr-50kw-flat-panel-150kv-630ma#primaryimage"},"image":{"@id":"https:\/\/buscoequipomedico.com\/?product=sistema-de-rayos-x-dr-50kw-flat-panel-150kv-630ma#primaryimage"},"thumbnailUrl":"https:\/\/buscoequipomedico.com\/wp-content\/uploads\/2020\/02\/sistema-de-rayos-x-dr-50kw-flat-panel-150kv-630ma-el-new-oriental-1000m-fpd-flat-panel-digital-es-un-sistema-de-radiologia-digit.jpg","datePublished":"2020-02-18T07:37:14+00:00","dateModified":"2020-02-18T07:37:16+00:00","breadcrumb":{"@id":"https:\/\/buscoequipomedico.com\/?product=sistema-de-rayos-x-dr-50kw-flat-panel-150kv-630ma#breadcrumb"},"inLanguage":"es","potentialAction":[{"@type":"ReadAction","target":["https:\/\/buscoequipomedico.com\/?product=sistema-de-rayos-x-dr-50kw-flat-panel-150kv-630ma"]}]},{"@type":"ImageObject","inLanguage":"es","@id":"https:\/\/buscoequipomedico.com\/?product=sistema-de-rayos-x-dr-50kw-flat-panel-150kv-630ma#primaryimage","url":"https:\/\/buscoequipomedico.com\/wp-content\/uploads\/2020\/02\/sistema-de-rayos-x-dr-50kw-flat-panel-150kv-630ma-el-new-oriental-1000m-fpd-flat-panel-digital-es-un-sistema-de-radiologia-digit.jpg","contentUrl":"https:\/\/buscoequipomedico.com\/wp-content\/uploads\/2020\/02\/sistema-de-rayos-x-dr-50kw-flat-panel-150kv-630ma-el-new-oriental-1000m-fpd-flat-panel-digital-es-un-sistema-de-radiologia-digit.jpg","width":800,"height":800},{"@type":"BreadcrumbList","@id":"https:\/\/buscoequipomedico.com\/?product=sistema-de-rayos-x-dr-50kw-flat-panel-150kv-630ma#breadcrumb","itemListElement":[{"@type":"ListItem","position":1,"name":"Productos","item":"https:\/\/buscoequipomedico.com\/shop\/"},{"@type":"ListItem","position":2,"name":"SISTEMA DE RAYOS-X DR, 50kW, FLAT PANEL 150kV\/630mA"}]},{"@type":"WebSite","@id":"https:\/\/buscoequipomedico.com\/#website","url":"https:\/\/buscoequipomedico.com\/","name":"Tu mejor opci\u00f3n Equipo M\u00e9dico M\u00e9xico","description":"Tienda de equipo m\u00e9dico","publisher":{"@id":"https:\/\/buscoequipomedico.com\/#organization"},"potentialAction":[{"@type":"SearchAction","target":{"@type":"EntryPoint","urlTemplate":"https:\/\/buscoequipomedico.com\/?s={search_term_string}"},"query-input":{"@type":"PropertyValueSpecification","valueRequired":true,"valueName":"search_term_string"}}],"inLanguage":"es"},{"@type":"Organization","@id":"https:\/\/buscoequipomedico.com\/#organization","name":"Tu mejor opci\u00f3n Equipo M\u00e9dico M\u00e9xico","url":"https:\/\/buscoequipomedico.com\/","logo":{"@type":"ImageObject","inLanguage":"es","@id":"https:\/\/buscoequipomedico.com\/#\/schema\/logo\/image\/","url":"https:\/\/buscoequipomedico.com\/wp-content\/uploads\/2021\/07\/EMM-VPrincipal-scaled.jpg","contentUrl":"https:\/\/buscoequipomedico.com\/wp-content\/uploads\/2021\/07\/EMM-VPrincipal-scaled.jpg","width":2560,"height":1058,"caption":"Tu mejor opci\u00f3n Equipo M\u00e9dico M\u00e9xico"},"image":{"@id":"https:\/\/buscoequipomedico.com\/#\/schema\/logo\/image\/"}}]}},"_links":{"self":[{"href":"https:\/\/buscoequipomedico.com\/index.php?rest_route=\/wp\/v2\/product\/13185","targetHints":{"allow":["GET"]}}],"collection":[{"href":"https:\/\/buscoequipomedico.com\/index.php?rest_route=\/wp\/v2\/product"}],"about":[{"href":"https:\/\/buscoequipomedico.com\/index.php?rest_route=\/wp\/v2\/types\/product"}],"wp:featuredmedia":[{"embeddable":true,"href":"https:\/\/buscoequipomedico.com\/index.php?rest_route=\/wp\/v2\/media\/13186"}],"wp:attachment":[{"href":"https:\/\/buscoequipomedico.com\/index.php?rest_route=%2Fwp%2Fv2%2Fmedia&parent=13185"}],"wp:term":[{"taxonomy":"product_brand","embeddable":true,"href":"https:\/\/buscoequipomedico.com\/index.php?rest_route=%2Fwp%2Fv2%2Fproduct_brand&post=13185"},{"taxonomy":"product_cat","embeddable":true,"href":"https:\/\/buscoequipomedico.com\/index.php?rest_route=%2Fwp%2Fv2%2Fproduct_cat&post=13185"},{"taxonomy":"product_tag","embeddable":true,"href":"https:\/\/buscoequipomedico.com\/index.php?rest_route=%2Fwp%2Fv2%2Fproduct_tag&post=13185"}],"curies":[{"name":"wp","href":"https:\/\/api.w.org\/{rel}","templated":true}]}}