{"id":13245,"date":"2020-02-18T07:37:20","date_gmt":"2020-02-18T07:37:20","guid":{"rendered":"https:\/\/equipomedicomexico-com.preview-domain.com\/product\/reposet-pr200-stdarw-tela-rosa-mul-pos\/"},"modified":"2020-02-18T07:37:23","modified_gmt":"2020-02-18T07:37:23","slug":"reposet-pr200-stdarw-tela-rosa-mul-pos","status":"publish","type":"product","link":"https:\/\/buscoequipomedico.com\/?product=reposet-pr200-stdarw-tela-rosa-mul-pos","title":{"rendered":"REPOSET PR200 STDARW TELA-ROSA MUL\/POS"},"content":{"rendered":"<ul>\n<li>\n<p><span>Material: suave tela<\/span><\/p>\n<\/li>\n<li>\n<p><span>Color: rosa<\/span><\/p>\n<\/li>\n<li>\n<p><span>Soporta: Hasta 170 kilos<\/span><\/p>\n<\/li>\n<li>\n<p><span>Reclinable Multiposiciones<\/span><\/p>\n<\/li>\n<li>\n<p><span>Reclina a 174\u00b0 y eleva a 45\u00b0<\/span><\/p>\n<\/li>\n<li>\n<p><span>Tapizado acojinado<\/span><\/p>\n<\/li>\n<li>\n<p><span>Control Remoto silencioso<\/span><\/p>\n<\/li>\n<\/ul>\n","protected":false},"excerpt":{"rendered":"<p><span>Para que las personas mayores puedan descansar con comodidad y a la vez, se puedan incorporar sin problemas.<\/span><\/p>\n<p><span>Un sill\u00f3n especialmente dise\u00f1ado para descansar y relajarse. A su vez transmite independencia a nuestros mayores, ya que les ayuda a incorporarse sin problemas, simplemente accionando un bot\u00f3n del mando.<\/span><\/p>\n","protected":false},"featured_media":13246,"template":"","meta":{"_joinchat":[]},"product_brand":[],"product_cat":[323,322],"product_tag":[],"class_list":{"0":"post-13245","1":"product","2":"type-product","3":"status-publish","4":"has-post-thumbnail","6":"product_cat-reclinables","7":"product_cat-sillas","8":"pa_marca-drive","10":"first","11":"instock","12":"purchasable","13":"product-type-simple"},"yoast_head":"<!-- This site is optimized with the Yoast SEO plugin v25.1 - https:\/\/yoast.com\/wordpress\/plugins\/seo\/ -->\n<title>REPOSET PR200 STDARW TELA-ROSA MUL\/POS - Tu mejor opci\u00f3n Equipo M\u00e9dico M\u00e9xico<\/title>\n<meta name=\"robots\" content=\"index, follow, max-snippet:-1, max-image-preview:large, max-video-preview:-1\" \/>\n<link rel=\"canonical\" href=\"https:\/\/buscoequipomedico.com\/?product=reposet-pr200-stdarw-tela-rosa-mul-pos\" \/>\n<meta property=\"og:locale\" content=\"es_ES\" \/>\n<meta property=\"og:type\" content=\"article\" \/>\n<meta property=\"og:title\" content=\"REPOSET PR200 STDARW TELA-ROSA MUL\/POS - Tu mejor opci\u00f3n Equipo M\u00e9dico M\u00e9xico\" \/>\n<meta property=\"og:description\" content=\"Para que las personas mayores puedan descansar con comodidad y a la vez, se puedan incorporar sin problemas.Un sill\u00f3n especialmente dise\u00f1ado para descansar y relajarse. A su vez transmite independencia a nuestros mayores, ya que les ayuda a incorporarse sin problemas, simplemente accionando un bot\u00f3n del mando.\" \/>\n<meta property=\"og:url\" content=\"https:\/\/buscoequipomedico.com\/?product=reposet-pr200-stdarw-tela-rosa-mul-pos\" \/>\n<meta property=\"og:site_name\" content=\"Tu mejor opci\u00f3n Equipo M\u00e9dico M\u00e9xico\" \/>\n<meta property=\"article:modified_time\" content=\"2020-02-18T07:37:23+00:00\" \/>\n<meta property=\"og:image\" content=\"https:\/\/buscoequipomedico.com\/wp-content\/uploads\/2020\/02\/reposet-pr200-stdarw-tela-rosa-mul-pos-para-que-las-personas-mayores-puedan-descansar-con-comodidad-y-a-la-vez-se-puedan-incorpo.jpg\" \/>\n\t<meta property=\"og:image:width\" content=\"800\" \/>\n\t<meta property=\"og:image:height\" content=\"800\" \/>\n\t<meta property=\"og:image:type\" content=\"image\/png\" \/>\n<meta name=\"twitter:card\" content=\"summary_large_image\" \/>\n<script type=\"application\/ld+json\" class=\"yoast-schema-graph\">{\"@context\":\"https:\/\/schema.org\",\"@graph\":[{\"@type\":\"WebPage\",\"@id\":\"https:\/\/buscoequipomedico.com\/?product=reposet-pr200-stdarw-tela-rosa-mul-pos\",\"url\":\"https:\/\/buscoequipomedico.com\/?product=reposet-pr200-stdarw-tela-rosa-mul-pos\",\"name\":\"REPOSET PR200 STDARW TELA-ROSA MUL\/POS - Tu mejor opci\u00f3n Equipo M\u00e9dico M\u00e9xico\",\"isPartOf\":{\"@id\":\"https:\/\/buscoequipomedico.com\/#website\"},\"primaryImageOfPage\":{\"@id\":\"https:\/\/buscoequipomedico.com\/?product=reposet-pr200-stdarw-tela-rosa-mul-pos#primaryimage\"},\"image\":{\"@id\":\"https:\/\/buscoequipomedico.com\/?product=reposet-pr200-stdarw-tela-rosa-mul-pos#primaryimage\"},\"thumbnailUrl\":\"https:\/\/buscoequipomedico.com\/wp-content\/uploads\/2020\/02\/reposet-pr200-stdarw-tela-rosa-mul-pos-para-que-las-personas-mayores-puedan-descansar-con-comodidad-y-a-la-vez-se-puedan-incorpo.jpg\",\"datePublished\":\"2020-02-18T07:37:20+00:00\",\"dateModified\":\"2020-02-18T07:37:23+00:00\",\"breadcrumb\":{\"@id\":\"https:\/\/buscoequipomedico.com\/?product=reposet-pr200-stdarw-tela-rosa-mul-pos#breadcrumb\"},\"inLanguage\":\"es\",\"potentialAction\":[{\"@type\":\"ReadAction\",\"target\":[\"https:\/\/buscoequipomedico.com\/?product=reposet-pr200-stdarw-tela-rosa-mul-pos\"]}]},{\"@type\":\"ImageObject\",\"inLanguage\":\"es\",\"@id\":\"https:\/\/buscoequipomedico.com\/?product=reposet-pr200-stdarw-tela-rosa-mul-pos#primaryimage\",\"url\":\"https:\/\/buscoequipomedico.com\/wp-content\/uploads\/2020\/02\/reposet-pr200-stdarw-tela-rosa-mul-pos-para-que-las-personas-mayores-puedan-descansar-con-comodidad-y-a-la-vez-se-puedan-incorpo.jpg\",\"contentUrl\":\"https:\/\/buscoequipomedico.com\/wp-content\/uploads\/2020\/02\/reposet-pr200-stdarw-tela-rosa-mul-pos-para-que-las-personas-mayores-puedan-descansar-con-comodidad-y-a-la-vez-se-puedan-incorpo.jpg\",\"width\":800,\"height\":800},{\"@type\":\"BreadcrumbList\",\"@id\":\"https:\/\/buscoequipomedico.com\/?product=reposet-pr200-stdarw-tela-rosa-mul-pos#breadcrumb\",\"itemListElement\":[{\"@type\":\"ListItem\",\"position\":1,\"name\":\"Productos\",\"item\":\"https:\/\/buscoequipomedico.com\/shop\/\"},{\"@type\":\"ListItem\",\"position\":2,\"name\":\"REPOSET PR200 STDARW TELA-ROSA MUL\/POS\"}]},{\"@type\":\"WebSite\",\"@id\":\"https:\/\/buscoequipomedico.com\/#website\",\"url\":\"https:\/\/buscoequipomedico.com\/\",\"name\":\"Tu mejor opci\u00f3n Equipo M\u00e9dico M\u00e9xico\",\"description\":\"Tienda de equipo m\u00e9dico\",\"publisher\":{\"@id\":\"https:\/\/buscoequipomedico.com\/#organization\"},\"potentialAction\":[{\"@type\":\"SearchAction\",\"target\":{\"@type\":\"EntryPoint\",\"urlTemplate\":\"https:\/\/buscoequipomedico.com\/?s={search_term_string}\"},\"query-input\":{\"@type\":\"PropertyValueSpecification\",\"valueRequired\":true,\"valueName\":\"search_term_string\"}}],\"inLanguage\":\"es\"},{\"@type\":\"Organization\",\"@id\":\"https:\/\/buscoequipomedico.com\/#organization\",\"name\":\"Tu mejor opci\u00f3n Equipo M\u00e9dico M\u00e9xico\",\"url\":\"https:\/\/buscoequipomedico.com\/\",\"logo\":{\"@type\":\"ImageObject\",\"inLanguage\":\"es\",\"@id\":\"https:\/\/buscoequipomedico.com\/#\/schema\/logo\/image\/\",\"url\":\"https:\/\/buscoequipomedico.com\/wp-content\/uploads\/2021\/07\/EMM-VPrincipal-scaled.jpg\",\"contentUrl\":\"https:\/\/buscoequipomedico.com\/wp-content\/uploads\/2021\/07\/EMM-VPrincipal-scaled.jpg\",\"width\":2560,\"height\":1058,\"caption\":\"Tu mejor opci\u00f3n Equipo M\u00e9dico M\u00e9xico\"},\"image\":{\"@id\":\"https:\/\/buscoequipomedico.com\/#\/schema\/logo\/image\/\"}}]}<\/script>\n<!-- \/ Yoast SEO plugin. -->","yoast_head_json":{"title":"REPOSET PR200 STDARW TELA-ROSA MUL\/POS - Tu mejor opci\u00f3n Equipo M\u00e9dico M\u00e9xico","robots":{"index":"index","follow":"follow","max-snippet":"max-snippet:-1","max-image-preview":"max-image-preview:large","max-video-preview":"max-video-preview:-1"},"canonical":"https:\/\/buscoequipomedico.com\/?product=reposet-pr200-stdarw-tela-rosa-mul-pos","og_locale":"es_ES","og_type":"article","og_title":"REPOSET PR200 STDARW TELA-ROSA MUL\/POS - Tu mejor opci\u00f3n Equipo M\u00e9dico M\u00e9xico","og_description":"Para que las personas mayores puedan descansar con comodidad y a la vez, se puedan incorporar sin problemas.Un sill\u00f3n especialmente dise\u00f1ado para descansar y relajarse. A su vez transmite independencia a nuestros mayores, ya que les ayuda a incorporarse sin problemas, simplemente accionando un bot\u00f3n del mando.","og_url":"https:\/\/buscoequipomedico.com\/?product=reposet-pr200-stdarw-tela-rosa-mul-pos","og_site_name":"Tu mejor opci\u00f3n Equipo M\u00e9dico M\u00e9xico","article_modified_time":"2020-02-18T07:37:23+00:00","og_image":[{"width":800,"height":800,"url":"https:\/\/buscoequipomedico.com\/wp-content\/uploads\/2020\/02\/reposet-pr200-stdarw-tela-rosa-mul-pos-para-que-las-personas-mayores-puedan-descansar-con-comodidad-y-a-la-vez-se-puedan-incorpo.jpg","type":"image\/png"}],"twitter_card":"summary_large_image","schema":{"@context":"https:\/\/schema.org","@graph":[{"@type":"WebPage","@id":"https:\/\/buscoequipomedico.com\/?product=reposet-pr200-stdarw-tela-rosa-mul-pos","url":"https:\/\/buscoequipomedico.com\/?product=reposet-pr200-stdarw-tela-rosa-mul-pos","name":"REPOSET PR200 STDARW TELA-ROSA MUL\/POS - Tu mejor opci\u00f3n Equipo M\u00e9dico M\u00e9xico","isPartOf":{"@id":"https:\/\/buscoequipomedico.com\/#website"},"primaryImageOfPage":{"@id":"https:\/\/buscoequipomedico.com\/?product=reposet-pr200-stdarw-tela-rosa-mul-pos#primaryimage"},"image":{"@id":"https:\/\/buscoequipomedico.com\/?product=reposet-pr200-stdarw-tela-rosa-mul-pos#primaryimage"},"thumbnailUrl":"https:\/\/buscoequipomedico.com\/wp-content\/uploads\/2020\/02\/reposet-pr200-stdarw-tela-rosa-mul-pos-para-que-las-personas-mayores-puedan-descansar-con-comodidad-y-a-la-vez-se-puedan-incorpo.jpg","datePublished":"2020-02-18T07:37:20+00:00","dateModified":"2020-02-18T07:37:23+00:00","breadcrumb":{"@id":"https:\/\/buscoequipomedico.com\/?product=reposet-pr200-stdarw-tela-rosa-mul-pos#breadcrumb"},"inLanguage":"es","potentialAction":[{"@type":"ReadAction","target":["https:\/\/buscoequipomedico.com\/?product=reposet-pr200-stdarw-tela-rosa-mul-pos"]}]},{"@type":"ImageObject","inLanguage":"es","@id":"https:\/\/buscoequipomedico.com\/?product=reposet-pr200-stdarw-tela-rosa-mul-pos#primaryimage","url":"https:\/\/buscoequipomedico.com\/wp-content\/uploads\/2020\/02\/reposet-pr200-stdarw-tela-rosa-mul-pos-para-que-las-personas-mayores-puedan-descansar-con-comodidad-y-a-la-vez-se-puedan-incorpo.jpg","contentUrl":"https:\/\/buscoequipomedico.com\/wp-content\/uploads\/2020\/02\/reposet-pr200-stdarw-tela-rosa-mul-pos-para-que-las-personas-mayores-puedan-descansar-con-comodidad-y-a-la-vez-se-puedan-incorpo.jpg","width":800,"height":800},{"@type":"BreadcrumbList","@id":"https:\/\/buscoequipomedico.com\/?product=reposet-pr200-stdarw-tela-rosa-mul-pos#breadcrumb","itemListElement":[{"@type":"ListItem","position":1,"name":"Productos","item":"https:\/\/buscoequipomedico.com\/shop\/"},{"@type":"ListItem","position":2,"name":"REPOSET PR200 STDARW TELA-ROSA MUL\/POS"}]},{"@type":"WebSite","@id":"https:\/\/buscoequipomedico.com\/#website","url":"https:\/\/buscoequipomedico.com\/","name":"Tu mejor opci\u00f3n Equipo M\u00e9dico M\u00e9xico","description":"Tienda de equipo m\u00e9dico","publisher":{"@id":"https:\/\/buscoequipomedico.com\/#organization"},"potentialAction":[{"@type":"SearchAction","target":{"@type":"EntryPoint","urlTemplate":"https:\/\/buscoequipomedico.com\/?s={search_term_string}"},"query-input":{"@type":"PropertyValueSpecification","valueRequired":true,"valueName":"search_term_string"}}],"inLanguage":"es"},{"@type":"Organization","@id":"https:\/\/buscoequipomedico.com\/#organization","name":"Tu mejor opci\u00f3n Equipo M\u00e9dico M\u00e9xico","url":"https:\/\/buscoequipomedico.com\/","logo":{"@type":"ImageObject","inLanguage":"es","@id":"https:\/\/buscoequipomedico.com\/#\/schema\/logo\/image\/","url":"https:\/\/buscoequipomedico.com\/wp-content\/uploads\/2021\/07\/EMM-VPrincipal-scaled.jpg","contentUrl":"https:\/\/buscoequipomedico.com\/wp-content\/uploads\/2021\/07\/EMM-VPrincipal-scaled.jpg","width":2560,"height":1058,"caption":"Tu mejor opci\u00f3n Equipo M\u00e9dico M\u00e9xico"},"image":{"@id":"https:\/\/buscoequipomedico.com\/#\/schema\/logo\/image\/"}}]}},"_links":{"self":[{"href":"https:\/\/buscoequipomedico.com\/index.php?rest_route=\/wp\/v2\/product\/13245","targetHints":{"allow":["GET"]}}],"collection":[{"href":"https:\/\/buscoequipomedico.com\/index.php?rest_route=\/wp\/v2\/product"}],"about":[{"href":"https:\/\/buscoequipomedico.com\/index.php?rest_route=\/wp\/v2\/types\/product"}],"wp:featuredmedia":[{"embeddable":true,"href":"https:\/\/buscoequipomedico.com\/index.php?rest_route=\/wp\/v2\/media\/13246"}],"wp:attachment":[{"href":"https:\/\/buscoequipomedico.com\/index.php?rest_route=%2Fwp%2Fv2%2Fmedia&parent=13245"}],"wp:term":[{"taxonomy":"product_brand","embeddable":true,"href":"https:\/\/buscoequipomedico.com\/index.php?rest_route=%2Fwp%2Fv2%2Fproduct_brand&post=13245"},{"taxonomy":"product_cat","embeddable":true,"href":"https:\/\/buscoequipomedico.com\/index.php?rest_route=%2Fwp%2Fv2%2Fproduct_cat&post=13245"},{"taxonomy":"product_tag","embeddable":true,"href":"https:\/\/buscoequipomedico.com\/index.php?rest_route=%2Fwp%2Fv2%2Fproduct_tag&post=13245"}],"curies":[{"name":"wp","href":"https:\/\/api.w.org\/{rel}","templated":true}]}}