{"id":13247,"date":"2020-02-18T07:37:20","date_gmt":"2020-02-18T07:37:20","guid":{"rendered":"https:\/\/equipomedicomexico-com.preview-domain.com\/product\/reposet-pr200-stdasp-tela-verde-c-mu-pos\/"},"modified":"2020-02-18T07:37:23","modified_gmt":"2020-02-18T07:37:23","slug":"reposet-pr200-stdasp-tela-verde-c-mu-pos","status":"publish","type":"product","link":"https:\/\/buscoequipomedico.com\/?product=reposet-pr200-stdasp-tela-verde-c-mu-pos","title":{"rendered":"REPOSET PR200 STDASP TELA-VERDE\/C MU\/POS"},"content":{"rendered":"<h3>Especificaciones:<\/h3>\n<ul>\n<li>\u2022 Dise\u00f1o cl\u00e1sico de la espalda colonial<\/li>\n<li>\u2022 Liso, silencioso, silencioso, levantamiento y reclinaci\u00f3n<\/li>\n<li>\u2022 Control simple de dos botones<\/li>\n<li>\u2022 Levantar f\u00e1cilmente a una posici\u00f3n de pie<\/li>\n<li>\u2022 Baje suavemente a una posici\u00f3n sentada<\/li>\n<li>\u2022 Recl\u00ednate para mayor comodidad<\/li>\n<li>\u2022 Extensi\u00f3n Superior De La Pierna<\/li>\n<li>\u2022 SmartTek &#x2122; Inside &#8211; Sistema de diagn\u00f3stico de patente pendiente<\/li>\n<li>\u2022 Cumple con el C\u00f3digo de Seguridad de California: Cal 117<\/li>\n<li>\u2022 Niveladores de patas antideslizantes para mayor estabilidad y seguridad<\/li>\n<li>\u2022 Sistema de respaldo de bater\u00eda de f\u00e1cil acceso<\/li>\n<li>\u2022 La mejor garant\u00eda en la industria<\/li>\n<li>\u2022 M\u00e1s adecuado para aquellos entre 5 \u2032 4 \u2033 y 5 \u2032 10 \u2033<\/li>\n<li>\u2022 N\u00famero de modelo: PR200<\/li>\n<\/ul>\n","protected":false},"excerpt":{"rendered":"<p><span>El dise\u00f1o cl\u00e1sico de botones con botones de Capri se ve reforzado por un \u00e1rea de soporte lumbar ligeramente m\u00e1s firme. Sus brazos ofrecen un dise\u00f1o m\u00e1s amplio y redondeado para mayor comodidad y estabilidad. Un elevador \/ sill\u00f3n reclinable verdaderamente sensible, el Capri combina confiabilidad con comodidad y estilo duraderos.<\/span><\/p>\n","protected":false},"featured_media":13248,"template":"","meta":{"_joinchat":[]},"product_brand":[],"product_cat":[323,322],"product_tag":[],"class_list":{"0":"post-13247","1":"product","2":"type-product","3":"status-publish","4":"has-post-thumbnail","6":"product_cat-reclinables","7":"product_cat-sillas","8":"pa_marca-pride","10":"first","11":"instock","12":"purchasable","13":"product-type-simple"},"yoast_head":"<!-- This site is optimized with the Yoast SEO plugin v25.1 - https:\/\/yoast.com\/wordpress\/plugins\/seo\/ -->\n<title>REPOSET PR200 STDASP TELA-VERDE\/C MU\/POS - Tu mejor opci\u00f3n Equipo M\u00e9dico M\u00e9xico<\/title>\n<meta name=\"robots\" content=\"index, follow, max-snippet:-1, max-image-preview:large, max-video-preview:-1\" \/>\n<link rel=\"canonical\" href=\"https:\/\/buscoequipomedico.com\/?product=reposet-pr200-stdasp-tela-verde-c-mu-pos\" \/>\n<meta property=\"og:locale\" content=\"es_ES\" \/>\n<meta property=\"og:type\" content=\"article\" \/>\n<meta property=\"og:title\" content=\"REPOSET PR200 STDASP TELA-VERDE\/C MU\/POS - Tu mejor opci\u00f3n Equipo M\u00e9dico M\u00e9xico\" \/>\n<meta property=\"og:description\" content=\"El dise\u00f1o cl\u00e1sico de botones con botones de Capri se ve reforzado por un \u00e1rea de soporte lumbar ligeramente m\u00e1s firme. Sus brazos ofrecen un dise\u00f1o m\u00e1s amplio y redondeado para mayor comodidad y estabilidad. Un elevador \/ sill\u00f3n reclinable verdaderamente sensible, el Capri combina confiabilidad con comodidad y estilo duraderos.\" \/>\n<meta property=\"og:url\" content=\"https:\/\/buscoequipomedico.com\/?product=reposet-pr200-stdasp-tela-verde-c-mu-pos\" \/>\n<meta property=\"og:site_name\" content=\"Tu mejor opci\u00f3n Equipo M\u00e9dico M\u00e9xico\" \/>\n<meta property=\"article:modified_time\" content=\"2020-02-18T07:37:23+00:00\" \/>\n<meta property=\"og:image\" content=\"https:\/\/buscoequipomedico.com\/wp-content\/uploads\/2020\/02\/reposet-pr200-stdasp-tela-verde-c-mu-pos-el-diseno-clasico-de-botones-con-botones-de-capri-se-ve-reforzado-por-un-area-de-soport.jpg\" \/>\n\t<meta property=\"og:image:width\" content=\"800\" \/>\n\t<meta property=\"og:image:height\" content=\"800\" \/>\n\t<meta property=\"og:image:type\" content=\"image\/png\" \/>\n<meta name=\"twitter:card\" content=\"summary_large_image\" \/>\n<meta name=\"twitter:label1\" content=\"Tiempo de lectura\" \/>\n\t<meta name=\"twitter:data1\" content=\"1 minuto\" \/>\n<script type=\"application\/ld+json\" class=\"yoast-schema-graph\">{\"@context\":\"https:\/\/schema.org\",\"@graph\":[{\"@type\":\"WebPage\",\"@id\":\"https:\/\/buscoequipomedico.com\/?product=reposet-pr200-stdasp-tela-verde-c-mu-pos\",\"url\":\"https:\/\/buscoequipomedico.com\/?product=reposet-pr200-stdasp-tela-verde-c-mu-pos\",\"name\":\"REPOSET PR200 STDASP TELA-VERDE\/C MU\/POS - Tu mejor opci\u00f3n Equipo M\u00e9dico M\u00e9xico\",\"isPartOf\":{\"@id\":\"https:\/\/buscoequipomedico.com\/#website\"},\"primaryImageOfPage\":{\"@id\":\"https:\/\/buscoequipomedico.com\/?product=reposet-pr200-stdasp-tela-verde-c-mu-pos#primaryimage\"},\"image\":{\"@id\":\"https:\/\/buscoequipomedico.com\/?product=reposet-pr200-stdasp-tela-verde-c-mu-pos#primaryimage\"},\"thumbnailUrl\":\"https:\/\/buscoequipomedico.com\/wp-content\/uploads\/2020\/02\/reposet-pr200-stdasp-tela-verde-c-mu-pos-el-diseno-clasico-de-botones-con-botones-de-capri-se-ve-reforzado-por-un-area-de-soport.jpg\",\"datePublished\":\"2020-02-18T07:37:20+00:00\",\"dateModified\":\"2020-02-18T07:37:23+00:00\",\"breadcrumb\":{\"@id\":\"https:\/\/buscoequipomedico.com\/?product=reposet-pr200-stdasp-tela-verde-c-mu-pos#breadcrumb\"},\"inLanguage\":\"es\",\"potentialAction\":[{\"@type\":\"ReadAction\",\"target\":[\"https:\/\/buscoequipomedico.com\/?product=reposet-pr200-stdasp-tela-verde-c-mu-pos\"]}]},{\"@type\":\"ImageObject\",\"inLanguage\":\"es\",\"@id\":\"https:\/\/buscoequipomedico.com\/?product=reposet-pr200-stdasp-tela-verde-c-mu-pos#primaryimage\",\"url\":\"https:\/\/buscoequipomedico.com\/wp-content\/uploads\/2020\/02\/reposet-pr200-stdasp-tela-verde-c-mu-pos-el-diseno-clasico-de-botones-con-botones-de-capri-se-ve-reforzado-por-un-area-de-soport.jpg\",\"contentUrl\":\"https:\/\/buscoequipomedico.com\/wp-content\/uploads\/2020\/02\/reposet-pr200-stdasp-tela-verde-c-mu-pos-el-diseno-clasico-de-botones-con-botones-de-capri-se-ve-reforzado-por-un-area-de-soport.jpg\",\"width\":800,\"height\":800},{\"@type\":\"BreadcrumbList\",\"@id\":\"https:\/\/buscoequipomedico.com\/?product=reposet-pr200-stdasp-tela-verde-c-mu-pos#breadcrumb\",\"itemListElement\":[{\"@type\":\"ListItem\",\"position\":1,\"name\":\"Productos\",\"item\":\"https:\/\/buscoequipomedico.com\/shop\/\"},{\"@type\":\"ListItem\",\"position\":2,\"name\":\"REPOSET PR200 STDASP TELA-VERDE\/C MU\/POS\"}]},{\"@type\":\"WebSite\",\"@id\":\"https:\/\/buscoequipomedico.com\/#website\",\"url\":\"https:\/\/buscoequipomedico.com\/\",\"name\":\"Tu mejor opci\u00f3n Equipo M\u00e9dico M\u00e9xico\",\"description\":\"Tienda de equipo m\u00e9dico\",\"publisher\":{\"@id\":\"https:\/\/buscoequipomedico.com\/#organization\"},\"potentialAction\":[{\"@type\":\"SearchAction\",\"target\":{\"@type\":\"EntryPoint\",\"urlTemplate\":\"https:\/\/buscoequipomedico.com\/?s={search_term_string}\"},\"query-input\":{\"@type\":\"PropertyValueSpecification\",\"valueRequired\":true,\"valueName\":\"search_term_string\"}}],\"inLanguage\":\"es\"},{\"@type\":\"Organization\",\"@id\":\"https:\/\/buscoequipomedico.com\/#organization\",\"name\":\"Tu mejor opci\u00f3n Equipo M\u00e9dico M\u00e9xico\",\"url\":\"https:\/\/buscoequipomedico.com\/\",\"logo\":{\"@type\":\"ImageObject\",\"inLanguage\":\"es\",\"@id\":\"https:\/\/buscoequipomedico.com\/#\/schema\/logo\/image\/\",\"url\":\"https:\/\/buscoequipomedico.com\/wp-content\/uploads\/2021\/07\/EMM-VPrincipal-scaled.jpg\",\"contentUrl\":\"https:\/\/buscoequipomedico.com\/wp-content\/uploads\/2021\/07\/EMM-VPrincipal-scaled.jpg\",\"width\":2560,\"height\":1058,\"caption\":\"Tu mejor opci\u00f3n Equipo M\u00e9dico M\u00e9xico\"},\"image\":{\"@id\":\"https:\/\/buscoequipomedico.com\/#\/schema\/logo\/image\/\"}}]}<\/script>\n<!-- \/ Yoast SEO plugin. -->","yoast_head_json":{"title":"REPOSET PR200 STDASP TELA-VERDE\/C MU\/POS - Tu mejor opci\u00f3n Equipo M\u00e9dico M\u00e9xico","robots":{"index":"index","follow":"follow","max-snippet":"max-snippet:-1","max-image-preview":"max-image-preview:large","max-video-preview":"max-video-preview:-1"},"canonical":"https:\/\/buscoequipomedico.com\/?product=reposet-pr200-stdasp-tela-verde-c-mu-pos","og_locale":"es_ES","og_type":"article","og_title":"REPOSET PR200 STDASP TELA-VERDE\/C MU\/POS - Tu mejor opci\u00f3n Equipo M\u00e9dico M\u00e9xico","og_description":"El dise\u00f1o cl\u00e1sico de botones con botones de Capri se ve reforzado por un \u00e1rea de soporte lumbar ligeramente m\u00e1s firme. Sus brazos ofrecen un dise\u00f1o m\u00e1s amplio y redondeado para mayor comodidad y estabilidad. Un elevador \/ sill\u00f3n reclinable verdaderamente sensible, el Capri combina confiabilidad con comodidad y estilo duraderos.","og_url":"https:\/\/buscoequipomedico.com\/?product=reposet-pr200-stdasp-tela-verde-c-mu-pos","og_site_name":"Tu mejor opci\u00f3n Equipo M\u00e9dico M\u00e9xico","article_modified_time":"2020-02-18T07:37:23+00:00","og_image":[{"width":800,"height":800,"url":"https:\/\/buscoequipomedico.com\/wp-content\/uploads\/2020\/02\/reposet-pr200-stdasp-tela-verde-c-mu-pos-el-diseno-clasico-de-botones-con-botones-de-capri-se-ve-reforzado-por-un-area-de-soport.jpg","type":"image\/png"}],"twitter_card":"summary_large_image","twitter_misc":{"Tiempo de lectura":"1 minuto"},"schema":{"@context":"https:\/\/schema.org","@graph":[{"@type":"WebPage","@id":"https:\/\/buscoequipomedico.com\/?product=reposet-pr200-stdasp-tela-verde-c-mu-pos","url":"https:\/\/buscoequipomedico.com\/?product=reposet-pr200-stdasp-tela-verde-c-mu-pos","name":"REPOSET PR200 STDASP TELA-VERDE\/C MU\/POS - Tu mejor opci\u00f3n Equipo M\u00e9dico M\u00e9xico","isPartOf":{"@id":"https:\/\/buscoequipomedico.com\/#website"},"primaryImageOfPage":{"@id":"https:\/\/buscoequipomedico.com\/?product=reposet-pr200-stdasp-tela-verde-c-mu-pos#primaryimage"},"image":{"@id":"https:\/\/buscoequipomedico.com\/?product=reposet-pr200-stdasp-tela-verde-c-mu-pos#primaryimage"},"thumbnailUrl":"https:\/\/buscoequipomedico.com\/wp-content\/uploads\/2020\/02\/reposet-pr200-stdasp-tela-verde-c-mu-pos-el-diseno-clasico-de-botones-con-botones-de-capri-se-ve-reforzado-por-un-area-de-soport.jpg","datePublished":"2020-02-18T07:37:20+00:00","dateModified":"2020-02-18T07:37:23+00:00","breadcrumb":{"@id":"https:\/\/buscoequipomedico.com\/?product=reposet-pr200-stdasp-tela-verde-c-mu-pos#breadcrumb"},"inLanguage":"es","potentialAction":[{"@type":"ReadAction","target":["https:\/\/buscoequipomedico.com\/?product=reposet-pr200-stdasp-tela-verde-c-mu-pos"]}]},{"@type":"ImageObject","inLanguage":"es","@id":"https:\/\/buscoequipomedico.com\/?product=reposet-pr200-stdasp-tela-verde-c-mu-pos#primaryimage","url":"https:\/\/buscoequipomedico.com\/wp-content\/uploads\/2020\/02\/reposet-pr200-stdasp-tela-verde-c-mu-pos-el-diseno-clasico-de-botones-con-botones-de-capri-se-ve-reforzado-por-un-area-de-soport.jpg","contentUrl":"https:\/\/buscoequipomedico.com\/wp-content\/uploads\/2020\/02\/reposet-pr200-stdasp-tela-verde-c-mu-pos-el-diseno-clasico-de-botones-con-botones-de-capri-se-ve-reforzado-por-un-area-de-soport.jpg","width":800,"height":800},{"@type":"BreadcrumbList","@id":"https:\/\/buscoequipomedico.com\/?product=reposet-pr200-stdasp-tela-verde-c-mu-pos#breadcrumb","itemListElement":[{"@type":"ListItem","position":1,"name":"Productos","item":"https:\/\/buscoequipomedico.com\/shop\/"},{"@type":"ListItem","position":2,"name":"REPOSET PR200 STDASP TELA-VERDE\/C MU\/POS"}]},{"@type":"WebSite","@id":"https:\/\/buscoequipomedico.com\/#website","url":"https:\/\/buscoequipomedico.com\/","name":"Tu mejor opci\u00f3n Equipo M\u00e9dico M\u00e9xico","description":"Tienda de equipo m\u00e9dico","publisher":{"@id":"https:\/\/buscoequipomedico.com\/#organization"},"potentialAction":[{"@type":"SearchAction","target":{"@type":"EntryPoint","urlTemplate":"https:\/\/buscoequipomedico.com\/?s={search_term_string}"},"query-input":{"@type":"PropertyValueSpecification","valueRequired":true,"valueName":"search_term_string"}}],"inLanguage":"es"},{"@type":"Organization","@id":"https:\/\/buscoequipomedico.com\/#organization","name":"Tu mejor opci\u00f3n Equipo M\u00e9dico M\u00e9xico","url":"https:\/\/buscoequipomedico.com\/","logo":{"@type":"ImageObject","inLanguage":"es","@id":"https:\/\/buscoequipomedico.com\/#\/schema\/logo\/image\/","url":"https:\/\/buscoequipomedico.com\/wp-content\/uploads\/2021\/07\/EMM-VPrincipal-scaled.jpg","contentUrl":"https:\/\/buscoequipomedico.com\/wp-content\/uploads\/2021\/07\/EMM-VPrincipal-scaled.jpg","width":2560,"height":1058,"caption":"Tu mejor opci\u00f3n Equipo M\u00e9dico M\u00e9xico"},"image":{"@id":"https:\/\/buscoequipomedico.com\/#\/schema\/logo\/image\/"}}]}},"_links":{"self":[{"href":"https:\/\/buscoequipomedico.com\/index.php?rest_route=\/wp\/v2\/product\/13247","targetHints":{"allow":["GET"]}}],"collection":[{"href":"https:\/\/buscoequipomedico.com\/index.php?rest_route=\/wp\/v2\/product"}],"about":[{"href":"https:\/\/buscoequipomedico.com\/index.php?rest_route=\/wp\/v2\/types\/product"}],"wp:featuredmedia":[{"embeddable":true,"href":"https:\/\/buscoequipomedico.com\/index.php?rest_route=\/wp\/v2\/media\/13248"}],"wp:attachment":[{"href":"https:\/\/buscoequipomedico.com\/index.php?rest_route=%2Fwp%2Fv2%2Fmedia&parent=13247"}],"wp:term":[{"taxonomy":"product_brand","embeddable":true,"href":"https:\/\/buscoequipomedico.com\/index.php?rest_route=%2Fwp%2Fv2%2Fproduct_brand&post=13247"},{"taxonomy":"product_cat","embeddable":true,"href":"https:\/\/buscoequipomedico.com\/index.php?rest_route=%2Fwp%2Fv2%2Fproduct_cat&post=13247"},{"taxonomy":"product_tag","embeddable":true,"href":"https:\/\/buscoequipomedico.com\/index.php?rest_route=%2Fwp%2Fv2%2Fproduct_tag&post=13247"}],"curies":[{"name":"wp","href":"https:\/\/api.w.org\/{rel}","templated":true}]}}