{"id":13253,"date":"2020-02-18T07:37:25","date_gmt":"2020-02-18T07:37:25","guid":{"rendered":"https:\/\/equipomedicomexico-com.preview-domain.com\/product\/reposet-pr200-tela-verde-t-mul-pos\/"},"modified":"2020-02-18T07:37:25","modified_gmt":"2020-02-18T07:37:25","slug":"reposet-pr200-tela-verde-t-mul-pos","status":"publish","type":"product","link":"https:\/\/buscoequipomedico.com\/?product=reposet-pr200-tela-verde-t-mul-pos","title":{"rendered":"REPOSET PR200 TELA-VERDE\/T MUL\/POS"},"content":{"rendered":"<p><span>Ideal para personas mayores o personas con problemas de articulaciones, los cuales por esta raz\u00f3n les afecte su movilidad<\/span><\/p>\n<p><span>Reclinable<\/span><span>\u00a0Multiposiciones<br \/><\/span><span>Tapizado<\/span><span>\u00a0en suave tela<br \/><\/span><span>Control remoto<\/span><span>\u00a0silencioso de dos botones<br \/><\/span><span>Sill\u00f3n de acci\u00f3n<\/span><span>\u00a0reclinable y eleva<br \/><\/span><span>F\u00e1cil<\/span><span>\u00a0operaci\u00f3n<br \/><\/span><span>Tapizado<\/span><span>\u00a0en tela acojinada<br \/><\/span><span>Soporta<\/span><span>\u00a0un peso de 145 Kg.<\/span><\/p>\n","protected":false},"excerpt":{"rendered":"<p><span>Los sillones el\u00e9ctricos ofrecen mayor confort y facilidad de manejo ya que el usuario lo puede manipular mediante su control alambrico sin necesidad de asistencia, adem\u00e1s de el sistema de reclinaci\u00f3n estos sillones ofrecen la funci\u00f3n de ayudar a poner de pie a el usuario sin asistencia remota.<\/span><\/p>\n","protected":false},"featured_media":13254,"template":"","meta":{"_joinchat":[]},"product_brand":[],"product_cat":[323,322],"product_tag":[],"class_list":{"0":"post-13253","1":"product","2":"type-product","3":"status-publish","4":"has-post-thumbnail","6":"product_cat-reclinables","7":"product_cat-sillas","8":"pa_marca-pride","10":"first","11":"instock","12":"purchasable","13":"product-type-simple"},"yoast_head":"<!-- This site is optimized with the Yoast SEO plugin v25.1 - https:\/\/yoast.com\/wordpress\/plugins\/seo\/ -->\n<title>REPOSET PR200 TELA-VERDE\/T MUL\/POS - Tu mejor opci\u00f3n Equipo M\u00e9dico M\u00e9xico<\/title>\n<meta name=\"robots\" content=\"index, follow, max-snippet:-1, max-image-preview:large, max-video-preview:-1\" \/>\n<link rel=\"canonical\" href=\"https:\/\/buscoequipomedico.com\/?product=reposet-pr200-tela-verde-t-mul-pos\" \/>\n<meta property=\"og:locale\" content=\"es_ES\" \/>\n<meta property=\"og:type\" content=\"article\" \/>\n<meta property=\"og:title\" content=\"REPOSET PR200 TELA-VERDE\/T MUL\/POS - Tu mejor opci\u00f3n Equipo M\u00e9dico M\u00e9xico\" \/>\n<meta property=\"og:description\" content=\"Los sillones el\u00e9ctricos ofrecen mayor confort y facilidad de manejo ya que el usuario lo puede manipular mediante su control alambrico sin necesidad de asistencia, adem\u00e1s de el sistema de reclinaci\u00f3n estos sillones ofrecen la funci\u00f3n de ayudar a poner de pie a el usuario sin asistencia remota.\" \/>\n<meta property=\"og:url\" content=\"https:\/\/buscoequipomedico.com\/?product=reposet-pr200-tela-verde-t-mul-pos\" \/>\n<meta property=\"og:site_name\" content=\"Tu mejor opci\u00f3n Equipo M\u00e9dico M\u00e9xico\" \/>\n<meta property=\"og:image\" content=\"https:\/\/buscoequipomedico.com\/wp-content\/uploads\/2020\/02\/reposet-pr200-tela-verde-t-mul-pos-los-sillones-electricos-ofrecen-mayor-confort-y-facilidad-de-manejo-ya-que-el-usuario-lo-pued.jpg\" \/>\n\t<meta property=\"og:image:width\" content=\"800\" \/>\n\t<meta property=\"og:image:height\" content=\"800\" \/>\n\t<meta property=\"og:image:type\" content=\"image\/png\" \/>\n<meta name=\"twitter:card\" content=\"summary_large_image\" \/>\n<script type=\"application\/ld+json\" class=\"yoast-schema-graph\">{\"@context\":\"https:\/\/schema.org\",\"@graph\":[{\"@type\":\"WebPage\",\"@id\":\"https:\/\/buscoequipomedico.com\/?product=reposet-pr200-tela-verde-t-mul-pos\",\"url\":\"https:\/\/buscoequipomedico.com\/?product=reposet-pr200-tela-verde-t-mul-pos\",\"name\":\"REPOSET PR200 TELA-VERDE\/T MUL\/POS - Tu mejor opci\u00f3n Equipo M\u00e9dico M\u00e9xico\",\"isPartOf\":{\"@id\":\"https:\/\/buscoequipomedico.com\/#website\"},\"primaryImageOfPage\":{\"@id\":\"https:\/\/buscoequipomedico.com\/?product=reposet-pr200-tela-verde-t-mul-pos#primaryimage\"},\"image\":{\"@id\":\"https:\/\/buscoequipomedico.com\/?product=reposet-pr200-tela-verde-t-mul-pos#primaryimage\"},\"thumbnailUrl\":\"https:\/\/buscoequipomedico.com\/wp-content\/uploads\/2020\/02\/reposet-pr200-tela-verde-t-mul-pos-los-sillones-electricos-ofrecen-mayor-confort-y-facilidad-de-manejo-ya-que-el-usuario-lo-pued.jpg\",\"datePublished\":\"2020-02-18T07:37:25+00:00\",\"breadcrumb\":{\"@id\":\"https:\/\/buscoequipomedico.com\/?product=reposet-pr200-tela-verde-t-mul-pos#breadcrumb\"},\"inLanguage\":\"es\",\"potentialAction\":[{\"@type\":\"ReadAction\",\"target\":[\"https:\/\/buscoequipomedico.com\/?product=reposet-pr200-tela-verde-t-mul-pos\"]}]},{\"@type\":\"ImageObject\",\"inLanguage\":\"es\",\"@id\":\"https:\/\/buscoequipomedico.com\/?product=reposet-pr200-tela-verde-t-mul-pos#primaryimage\",\"url\":\"https:\/\/buscoequipomedico.com\/wp-content\/uploads\/2020\/02\/reposet-pr200-tela-verde-t-mul-pos-los-sillones-electricos-ofrecen-mayor-confort-y-facilidad-de-manejo-ya-que-el-usuario-lo-pued.jpg\",\"contentUrl\":\"https:\/\/buscoequipomedico.com\/wp-content\/uploads\/2020\/02\/reposet-pr200-tela-verde-t-mul-pos-los-sillones-electricos-ofrecen-mayor-confort-y-facilidad-de-manejo-ya-que-el-usuario-lo-pued.jpg\",\"width\":800,\"height\":800},{\"@type\":\"BreadcrumbList\",\"@id\":\"https:\/\/buscoequipomedico.com\/?product=reposet-pr200-tela-verde-t-mul-pos#breadcrumb\",\"itemListElement\":[{\"@type\":\"ListItem\",\"position\":1,\"name\":\"Productos\",\"item\":\"https:\/\/buscoequipomedico.com\/shop\/\"},{\"@type\":\"ListItem\",\"position\":2,\"name\":\"REPOSET PR200 TELA-VERDE\/T MUL\/POS\"}]},{\"@type\":\"WebSite\",\"@id\":\"https:\/\/buscoequipomedico.com\/#website\",\"url\":\"https:\/\/buscoequipomedico.com\/\",\"name\":\"Tu mejor opci\u00f3n Equipo M\u00e9dico M\u00e9xico\",\"description\":\"Tienda de equipo m\u00e9dico\",\"publisher\":{\"@id\":\"https:\/\/buscoequipomedico.com\/#organization\"},\"potentialAction\":[{\"@type\":\"SearchAction\",\"target\":{\"@type\":\"EntryPoint\",\"urlTemplate\":\"https:\/\/buscoequipomedico.com\/?s={search_term_string}\"},\"query-input\":{\"@type\":\"PropertyValueSpecification\",\"valueRequired\":true,\"valueName\":\"search_term_string\"}}],\"inLanguage\":\"es\"},{\"@type\":\"Organization\",\"@id\":\"https:\/\/buscoequipomedico.com\/#organization\",\"name\":\"Tu mejor opci\u00f3n Equipo M\u00e9dico M\u00e9xico\",\"url\":\"https:\/\/buscoequipomedico.com\/\",\"logo\":{\"@type\":\"ImageObject\",\"inLanguage\":\"es\",\"@id\":\"https:\/\/buscoequipomedico.com\/#\/schema\/logo\/image\/\",\"url\":\"https:\/\/buscoequipomedico.com\/wp-content\/uploads\/2021\/07\/EMM-VPrincipal-scaled.jpg\",\"contentUrl\":\"https:\/\/buscoequipomedico.com\/wp-content\/uploads\/2021\/07\/EMM-VPrincipal-scaled.jpg\",\"width\":2560,\"height\":1058,\"caption\":\"Tu mejor opci\u00f3n Equipo M\u00e9dico M\u00e9xico\"},\"image\":{\"@id\":\"https:\/\/buscoequipomedico.com\/#\/schema\/logo\/image\/\"}}]}<\/script>\n<!-- \/ Yoast SEO plugin. -->","yoast_head_json":{"title":"REPOSET PR200 TELA-VERDE\/T MUL\/POS - Tu mejor opci\u00f3n Equipo M\u00e9dico M\u00e9xico","robots":{"index":"index","follow":"follow","max-snippet":"max-snippet:-1","max-image-preview":"max-image-preview:large","max-video-preview":"max-video-preview:-1"},"canonical":"https:\/\/buscoequipomedico.com\/?product=reposet-pr200-tela-verde-t-mul-pos","og_locale":"es_ES","og_type":"article","og_title":"REPOSET PR200 TELA-VERDE\/T MUL\/POS - Tu mejor opci\u00f3n Equipo M\u00e9dico M\u00e9xico","og_description":"Los sillones el\u00e9ctricos ofrecen mayor confort y facilidad de manejo ya que el usuario lo puede manipular mediante su control alambrico sin necesidad de asistencia, adem\u00e1s de el sistema de reclinaci\u00f3n estos sillones ofrecen la funci\u00f3n de ayudar a poner de pie a el usuario sin asistencia remota.","og_url":"https:\/\/buscoequipomedico.com\/?product=reposet-pr200-tela-verde-t-mul-pos","og_site_name":"Tu mejor opci\u00f3n Equipo M\u00e9dico M\u00e9xico","og_image":[{"width":800,"height":800,"url":"https:\/\/buscoequipomedico.com\/wp-content\/uploads\/2020\/02\/reposet-pr200-tela-verde-t-mul-pos-los-sillones-electricos-ofrecen-mayor-confort-y-facilidad-de-manejo-ya-que-el-usuario-lo-pued.jpg","type":"image\/png"}],"twitter_card":"summary_large_image","schema":{"@context":"https:\/\/schema.org","@graph":[{"@type":"WebPage","@id":"https:\/\/buscoequipomedico.com\/?product=reposet-pr200-tela-verde-t-mul-pos","url":"https:\/\/buscoequipomedico.com\/?product=reposet-pr200-tela-verde-t-mul-pos","name":"REPOSET PR200 TELA-VERDE\/T MUL\/POS - Tu mejor opci\u00f3n Equipo M\u00e9dico M\u00e9xico","isPartOf":{"@id":"https:\/\/buscoequipomedico.com\/#website"},"primaryImageOfPage":{"@id":"https:\/\/buscoequipomedico.com\/?product=reposet-pr200-tela-verde-t-mul-pos#primaryimage"},"image":{"@id":"https:\/\/buscoequipomedico.com\/?product=reposet-pr200-tela-verde-t-mul-pos#primaryimage"},"thumbnailUrl":"https:\/\/buscoequipomedico.com\/wp-content\/uploads\/2020\/02\/reposet-pr200-tela-verde-t-mul-pos-los-sillones-electricos-ofrecen-mayor-confort-y-facilidad-de-manejo-ya-que-el-usuario-lo-pued.jpg","datePublished":"2020-02-18T07:37:25+00:00","breadcrumb":{"@id":"https:\/\/buscoequipomedico.com\/?product=reposet-pr200-tela-verde-t-mul-pos#breadcrumb"},"inLanguage":"es","potentialAction":[{"@type":"ReadAction","target":["https:\/\/buscoequipomedico.com\/?product=reposet-pr200-tela-verde-t-mul-pos"]}]},{"@type":"ImageObject","inLanguage":"es","@id":"https:\/\/buscoequipomedico.com\/?product=reposet-pr200-tela-verde-t-mul-pos#primaryimage","url":"https:\/\/buscoequipomedico.com\/wp-content\/uploads\/2020\/02\/reposet-pr200-tela-verde-t-mul-pos-los-sillones-electricos-ofrecen-mayor-confort-y-facilidad-de-manejo-ya-que-el-usuario-lo-pued.jpg","contentUrl":"https:\/\/buscoequipomedico.com\/wp-content\/uploads\/2020\/02\/reposet-pr200-tela-verde-t-mul-pos-los-sillones-electricos-ofrecen-mayor-confort-y-facilidad-de-manejo-ya-que-el-usuario-lo-pued.jpg","width":800,"height":800},{"@type":"BreadcrumbList","@id":"https:\/\/buscoequipomedico.com\/?product=reposet-pr200-tela-verde-t-mul-pos#breadcrumb","itemListElement":[{"@type":"ListItem","position":1,"name":"Productos","item":"https:\/\/buscoequipomedico.com\/shop\/"},{"@type":"ListItem","position":2,"name":"REPOSET PR200 TELA-VERDE\/T MUL\/POS"}]},{"@type":"WebSite","@id":"https:\/\/buscoequipomedico.com\/#website","url":"https:\/\/buscoequipomedico.com\/","name":"Tu mejor opci\u00f3n Equipo M\u00e9dico M\u00e9xico","description":"Tienda de equipo m\u00e9dico","publisher":{"@id":"https:\/\/buscoequipomedico.com\/#organization"},"potentialAction":[{"@type":"SearchAction","target":{"@type":"EntryPoint","urlTemplate":"https:\/\/buscoequipomedico.com\/?s={search_term_string}"},"query-input":{"@type":"PropertyValueSpecification","valueRequired":true,"valueName":"search_term_string"}}],"inLanguage":"es"},{"@type":"Organization","@id":"https:\/\/buscoequipomedico.com\/#organization","name":"Tu mejor opci\u00f3n Equipo M\u00e9dico M\u00e9xico","url":"https:\/\/buscoequipomedico.com\/","logo":{"@type":"ImageObject","inLanguage":"es","@id":"https:\/\/buscoequipomedico.com\/#\/schema\/logo\/image\/","url":"https:\/\/buscoequipomedico.com\/wp-content\/uploads\/2021\/07\/EMM-VPrincipal-scaled.jpg","contentUrl":"https:\/\/buscoequipomedico.com\/wp-content\/uploads\/2021\/07\/EMM-VPrincipal-scaled.jpg","width":2560,"height":1058,"caption":"Tu mejor opci\u00f3n Equipo M\u00e9dico M\u00e9xico"},"image":{"@id":"https:\/\/buscoequipomedico.com\/#\/schema\/logo\/image\/"}}]}},"_links":{"self":[{"href":"https:\/\/buscoequipomedico.com\/index.php?rest_route=\/wp\/v2\/product\/13253","targetHints":{"allow":["GET"]}}],"collection":[{"href":"https:\/\/buscoequipomedico.com\/index.php?rest_route=\/wp\/v2\/product"}],"about":[{"href":"https:\/\/buscoequipomedico.com\/index.php?rest_route=\/wp\/v2\/types\/product"}],"wp:featuredmedia":[{"embeddable":true,"href":"https:\/\/buscoequipomedico.com\/index.php?rest_route=\/wp\/v2\/media\/13254"}],"wp:attachment":[{"href":"https:\/\/buscoequipomedico.com\/index.php?rest_route=%2Fwp%2Fv2%2Fmedia&parent=13253"}],"wp:term":[{"taxonomy":"product_brand","embeddable":true,"href":"https:\/\/buscoequipomedico.com\/index.php?rest_route=%2Fwp%2Fv2%2Fproduct_brand&post=13253"},{"taxonomy":"product_cat","embeddable":true,"href":"https:\/\/buscoequipomedico.com\/index.php?rest_route=%2Fwp%2Fv2%2Fproduct_cat&post=13253"},{"taxonomy":"product_tag","embeddable":true,"href":"https:\/\/buscoequipomedico.com\/index.php?rest_route=%2Fwp%2Fv2%2Fproduct_tag&post=13253"}],"curies":[{"name":"wp","href":"https:\/\/api.w.org\/{rel}","templated":true}]}}