{"id":13257,"date":"2020-02-18T07:37:25","date_gmt":"2020-02-18T07:37:25","guid":{"rendered":"https:\/\/equipomedicomexico-com.preview-domain.com\/product\/reposet-pr355stdkly-tela-cafe-mul-pos\/"},"modified":"2020-02-18T07:37:25","modified_gmt":"2020-02-18T07:37:25","slug":"reposet-pr355stdkly-tela-cafe-mul-pos","status":"publish","type":"product","link":"https:\/\/buscoequipomedico.com\/?product=reposet-pr355stdkly-tela-cafe-mul-pos","title":{"rendered":"REPOSET PR355STDKLY TELA-CAF\u00c9 MUL\/POS"},"content":{"rendered":"<ul>\n<li>\u2022 Detalles completos del producto<\/li>\n<li>\u2022 Doble costura sobre rellena espalda<\/li>\n<li>\u2022 Liso, silencioso, silencioso, levantamiento y reclinaci\u00f3n<\/li>\n<li>\u2022 Split Chaise Pad<\/li>\n<li>\u2022 Control simple de dos botones<\/li>\n<li>\u2022 Levantar f\u00e1cilmente a una posici\u00f3n de pie<\/li>\n<li>\u2022 Baje suavemente a una posici\u00f3n sentada<\/li>\n<li>\u2022 Recl\u00ednate para mayor comodidad<\/li>\n<li>\u2022 Posici\u00f3n \u00abFull Napper\u00bb<\/li>\n<li>\u2022 Extensi\u00f3n Superior De La Pierna<\/li>\n<li>\u2022 SmartTek &#x2122; Inside &#8211; Sistema de diagn\u00f3stico de patente pendiente<\/li>\n<li>\u2022 Cumple con el C\u00f3digo de Seguridad de California: Cal 117<\/li>\n<li>\u2022 Niveladores de patas antideslizantes para mayor estabilidad y seguridad<\/li>\n<li>\u2022 Sistema de respaldo de bater\u00eda de f\u00e1cil acceso<\/li>\n<li>\u2022 La mejor garant\u00eda en la industria<\/li>\n<li>\u2022 Dos tama\u00f1os para elegir: medio (PR355M) o grande (PR355L)<\/li>\n<li>\u2022 Capacidad de elevaci\u00f3n: 375 lbs.<\/li>\n<\/ul>\n","protected":false},"excerpt":{"rendered":"<p><span>The Monarch by Golden es un distintivo sill\u00f3n reclinable que combina un respaldo de costura generosamente relleno con un asiento de apoyo suave. Su sistema de reclinaci\u00f3n de tres v\u00edas le permite acceder a nuestra posici\u00f3n de \u00abcompleta siesta\u00bb para una mayor comodidad. Combinando un amplio espacio para relajarse y un dise\u00f1o elegante, el monarca ser\u00e1 una adici\u00f3n bienvenida a su hogar.<\/span><\/p>\n","protected":false},"featured_media":13258,"template":"","meta":{"_joinchat":[]},"product_brand":[],"product_cat":[323,322],"product_tag":[],"class_list":{"0":"post-13257","1":"product","2":"type-product","3":"status-publish","4":"has-post-thumbnail","6":"product_cat-reclinables","7":"product_cat-sillas","8":"pa_marca-pride","10":"first","11":"instock","12":"purchasable","13":"product-type-simple"},"yoast_head":"<!-- This site is optimized with the Yoast SEO plugin v25.1 - https:\/\/yoast.com\/wordpress\/plugins\/seo\/ -->\n<title>REPOSET PR355STDKLY TELA-CAF\u00c9 MUL\/POS - Tu mejor opci\u00f3n Equipo M\u00e9dico M\u00e9xico<\/title>\n<meta name=\"robots\" content=\"index, follow, max-snippet:-1, max-image-preview:large, max-video-preview:-1\" \/>\n<link rel=\"canonical\" href=\"https:\/\/buscoequipomedico.com\/?product=reposet-pr355stdkly-tela-cafe-mul-pos\" \/>\n<meta property=\"og:locale\" content=\"es_ES\" \/>\n<meta property=\"og:type\" content=\"article\" \/>\n<meta property=\"og:title\" content=\"REPOSET PR355STDKLY TELA-CAF\u00c9 MUL\/POS - Tu mejor opci\u00f3n Equipo M\u00e9dico M\u00e9xico\" \/>\n<meta property=\"og:description\" content=\"The Monarch by Golden es un distintivo sill\u00f3n reclinable que combina un respaldo de costura generosamente relleno con un asiento de apoyo suave. Su sistema de reclinaci\u00f3n de tres v\u00edas le permite acceder a nuestra posici\u00f3n de &quot;completa siesta&quot; para una mayor comodidad. Combinando un amplio espacio para relajarse y un dise\u00f1o elegante, el monarca ser\u00e1 una adici\u00f3n bienvenida a su hogar.\" \/>\n<meta property=\"og:url\" content=\"https:\/\/buscoequipomedico.com\/?product=reposet-pr355stdkly-tela-cafe-mul-pos\" \/>\n<meta property=\"og:site_name\" content=\"Tu mejor opci\u00f3n Equipo M\u00e9dico M\u00e9xico\" \/>\n<meta property=\"og:image\" content=\"https:\/\/buscoequipomedico.com\/wp-content\/uploads\/2020\/02\/reposet-pr355stdkly-tela-cafe-mul-pos-the-monarch-by-golden-es-un-distintivo-sillon-reclinable-que-combina-un-respaldo-de-costur.jpg\" \/>\n\t<meta property=\"og:image:width\" content=\"800\" \/>\n\t<meta property=\"og:image:height\" content=\"800\" \/>\n\t<meta property=\"og:image:type\" content=\"image\/png\" \/>\n<meta name=\"twitter:card\" content=\"summary_large_image\" \/>\n<meta name=\"twitter:label1\" content=\"Tiempo de lectura\" \/>\n\t<meta name=\"twitter:data1\" content=\"1 minuto\" \/>\n<script type=\"application\/ld+json\" class=\"yoast-schema-graph\">{\"@context\":\"https:\/\/schema.org\",\"@graph\":[{\"@type\":\"WebPage\",\"@id\":\"https:\/\/buscoequipomedico.com\/?product=reposet-pr355stdkly-tela-cafe-mul-pos\",\"url\":\"https:\/\/buscoequipomedico.com\/?product=reposet-pr355stdkly-tela-cafe-mul-pos\",\"name\":\"REPOSET PR355STDKLY TELA-CAF\u00c9 MUL\/POS - Tu mejor opci\u00f3n Equipo M\u00e9dico M\u00e9xico\",\"isPartOf\":{\"@id\":\"https:\/\/buscoequipomedico.com\/#website\"},\"primaryImageOfPage\":{\"@id\":\"https:\/\/buscoequipomedico.com\/?product=reposet-pr355stdkly-tela-cafe-mul-pos#primaryimage\"},\"image\":{\"@id\":\"https:\/\/buscoequipomedico.com\/?product=reposet-pr355stdkly-tela-cafe-mul-pos#primaryimage\"},\"thumbnailUrl\":\"https:\/\/buscoequipomedico.com\/wp-content\/uploads\/2020\/02\/reposet-pr355stdkly-tela-cafe-mul-pos-the-monarch-by-golden-es-un-distintivo-sillon-reclinable-que-combina-un-respaldo-de-costur.jpg\",\"datePublished\":\"2020-02-18T07:37:25+00:00\",\"breadcrumb\":{\"@id\":\"https:\/\/buscoequipomedico.com\/?product=reposet-pr355stdkly-tela-cafe-mul-pos#breadcrumb\"},\"inLanguage\":\"es\",\"potentialAction\":[{\"@type\":\"ReadAction\",\"target\":[\"https:\/\/buscoequipomedico.com\/?product=reposet-pr355stdkly-tela-cafe-mul-pos\"]}]},{\"@type\":\"ImageObject\",\"inLanguage\":\"es\",\"@id\":\"https:\/\/buscoequipomedico.com\/?product=reposet-pr355stdkly-tela-cafe-mul-pos#primaryimage\",\"url\":\"https:\/\/buscoequipomedico.com\/wp-content\/uploads\/2020\/02\/reposet-pr355stdkly-tela-cafe-mul-pos-the-monarch-by-golden-es-un-distintivo-sillon-reclinable-que-combina-un-respaldo-de-costur.jpg\",\"contentUrl\":\"https:\/\/buscoequipomedico.com\/wp-content\/uploads\/2020\/02\/reposet-pr355stdkly-tela-cafe-mul-pos-the-monarch-by-golden-es-un-distintivo-sillon-reclinable-que-combina-un-respaldo-de-costur.jpg\",\"width\":800,\"height\":800},{\"@type\":\"BreadcrumbList\",\"@id\":\"https:\/\/buscoequipomedico.com\/?product=reposet-pr355stdkly-tela-cafe-mul-pos#breadcrumb\",\"itemListElement\":[{\"@type\":\"ListItem\",\"position\":1,\"name\":\"Productos\",\"item\":\"https:\/\/buscoequipomedico.com\/shop\/\"},{\"@type\":\"ListItem\",\"position\":2,\"name\":\"REPOSET PR355STDKLY TELA-CAF\u00c9 MUL\/POS\"}]},{\"@type\":\"WebSite\",\"@id\":\"https:\/\/buscoequipomedico.com\/#website\",\"url\":\"https:\/\/buscoequipomedico.com\/\",\"name\":\"Tu mejor opci\u00f3n Equipo M\u00e9dico M\u00e9xico\",\"description\":\"Tienda de equipo m\u00e9dico\",\"publisher\":{\"@id\":\"https:\/\/buscoequipomedico.com\/#organization\"},\"potentialAction\":[{\"@type\":\"SearchAction\",\"target\":{\"@type\":\"EntryPoint\",\"urlTemplate\":\"https:\/\/buscoequipomedico.com\/?s={search_term_string}\"},\"query-input\":{\"@type\":\"PropertyValueSpecification\",\"valueRequired\":true,\"valueName\":\"search_term_string\"}}],\"inLanguage\":\"es\"},{\"@type\":\"Organization\",\"@id\":\"https:\/\/buscoequipomedico.com\/#organization\",\"name\":\"Tu mejor opci\u00f3n Equipo M\u00e9dico M\u00e9xico\",\"url\":\"https:\/\/buscoequipomedico.com\/\",\"logo\":{\"@type\":\"ImageObject\",\"inLanguage\":\"es\",\"@id\":\"https:\/\/buscoequipomedico.com\/#\/schema\/logo\/image\/\",\"url\":\"https:\/\/buscoequipomedico.com\/wp-content\/uploads\/2021\/07\/EMM-VPrincipal-scaled.jpg\",\"contentUrl\":\"https:\/\/buscoequipomedico.com\/wp-content\/uploads\/2021\/07\/EMM-VPrincipal-scaled.jpg\",\"width\":2560,\"height\":1058,\"caption\":\"Tu mejor opci\u00f3n Equipo M\u00e9dico M\u00e9xico\"},\"image\":{\"@id\":\"https:\/\/buscoequipomedico.com\/#\/schema\/logo\/image\/\"}}]}<\/script>\n<!-- \/ Yoast SEO plugin. -->","yoast_head_json":{"title":"REPOSET PR355STDKLY TELA-CAF\u00c9 MUL\/POS - Tu mejor opci\u00f3n Equipo M\u00e9dico M\u00e9xico","robots":{"index":"index","follow":"follow","max-snippet":"max-snippet:-1","max-image-preview":"max-image-preview:large","max-video-preview":"max-video-preview:-1"},"canonical":"https:\/\/buscoequipomedico.com\/?product=reposet-pr355stdkly-tela-cafe-mul-pos","og_locale":"es_ES","og_type":"article","og_title":"REPOSET PR355STDKLY TELA-CAF\u00c9 MUL\/POS - Tu mejor opci\u00f3n Equipo M\u00e9dico M\u00e9xico","og_description":"The Monarch by Golden es un distintivo sill\u00f3n reclinable que combina un respaldo de costura generosamente relleno con un asiento de apoyo suave. Su sistema de reclinaci\u00f3n de tres v\u00edas le permite acceder a nuestra posici\u00f3n de \"completa siesta\" para una mayor comodidad. Combinando un amplio espacio para relajarse y un dise\u00f1o elegante, el monarca ser\u00e1 una adici\u00f3n bienvenida a su hogar.","og_url":"https:\/\/buscoequipomedico.com\/?product=reposet-pr355stdkly-tela-cafe-mul-pos","og_site_name":"Tu mejor opci\u00f3n Equipo M\u00e9dico M\u00e9xico","og_image":[{"width":800,"height":800,"url":"https:\/\/buscoequipomedico.com\/wp-content\/uploads\/2020\/02\/reposet-pr355stdkly-tela-cafe-mul-pos-the-monarch-by-golden-es-un-distintivo-sillon-reclinable-que-combina-un-respaldo-de-costur.jpg","type":"image\/png"}],"twitter_card":"summary_large_image","twitter_misc":{"Tiempo de lectura":"1 minuto"},"schema":{"@context":"https:\/\/schema.org","@graph":[{"@type":"WebPage","@id":"https:\/\/buscoequipomedico.com\/?product=reposet-pr355stdkly-tela-cafe-mul-pos","url":"https:\/\/buscoequipomedico.com\/?product=reposet-pr355stdkly-tela-cafe-mul-pos","name":"REPOSET PR355STDKLY TELA-CAF\u00c9 MUL\/POS - Tu mejor opci\u00f3n Equipo M\u00e9dico M\u00e9xico","isPartOf":{"@id":"https:\/\/buscoequipomedico.com\/#website"},"primaryImageOfPage":{"@id":"https:\/\/buscoequipomedico.com\/?product=reposet-pr355stdkly-tela-cafe-mul-pos#primaryimage"},"image":{"@id":"https:\/\/buscoequipomedico.com\/?product=reposet-pr355stdkly-tela-cafe-mul-pos#primaryimage"},"thumbnailUrl":"https:\/\/buscoequipomedico.com\/wp-content\/uploads\/2020\/02\/reposet-pr355stdkly-tela-cafe-mul-pos-the-monarch-by-golden-es-un-distintivo-sillon-reclinable-que-combina-un-respaldo-de-costur.jpg","datePublished":"2020-02-18T07:37:25+00:00","breadcrumb":{"@id":"https:\/\/buscoequipomedico.com\/?product=reposet-pr355stdkly-tela-cafe-mul-pos#breadcrumb"},"inLanguage":"es","potentialAction":[{"@type":"ReadAction","target":["https:\/\/buscoequipomedico.com\/?product=reposet-pr355stdkly-tela-cafe-mul-pos"]}]},{"@type":"ImageObject","inLanguage":"es","@id":"https:\/\/buscoequipomedico.com\/?product=reposet-pr355stdkly-tela-cafe-mul-pos#primaryimage","url":"https:\/\/buscoequipomedico.com\/wp-content\/uploads\/2020\/02\/reposet-pr355stdkly-tela-cafe-mul-pos-the-monarch-by-golden-es-un-distintivo-sillon-reclinable-que-combina-un-respaldo-de-costur.jpg","contentUrl":"https:\/\/buscoequipomedico.com\/wp-content\/uploads\/2020\/02\/reposet-pr355stdkly-tela-cafe-mul-pos-the-monarch-by-golden-es-un-distintivo-sillon-reclinable-que-combina-un-respaldo-de-costur.jpg","width":800,"height":800},{"@type":"BreadcrumbList","@id":"https:\/\/buscoequipomedico.com\/?product=reposet-pr355stdkly-tela-cafe-mul-pos#breadcrumb","itemListElement":[{"@type":"ListItem","position":1,"name":"Productos","item":"https:\/\/buscoequipomedico.com\/shop\/"},{"@type":"ListItem","position":2,"name":"REPOSET PR355STDKLY TELA-CAF\u00c9 MUL\/POS"}]},{"@type":"WebSite","@id":"https:\/\/buscoequipomedico.com\/#website","url":"https:\/\/buscoequipomedico.com\/","name":"Tu mejor opci\u00f3n Equipo M\u00e9dico M\u00e9xico","description":"Tienda de equipo m\u00e9dico","publisher":{"@id":"https:\/\/buscoequipomedico.com\/#organization"},"potentialAction":[{"@type":"SearchAction","target":{"@type":"EntryPoint","urlTemplate":"https:\/\/buscoequipomedico.com\/?s={search_term_string}"},"query-input":{"@type":"PropertyValueSpecification","valueRequired":true,"valueName":"search_term_string"}}],"inLanguage":"es"},{"@type":"Organization","@id":"https:\/\/buscoequipomedico.com\/#organization","name":"Tu mejor opci\u00f3n Equipo M\u00e9dico M\u00e9xico","url":"https:\/\/buscoequipomedico.com\/","logo":{"@type":"ImageObject","inLanguage":"es","@id":"https:\/\/buscoequipomedico.com\/#\/schema\/logo\/image\/","url":"https:\/\/buscoequipomedico.com\/wp-content\/uploads\/2021\/07\/EMM-VPrincipal-scaled.jpg","contentUrl":"https:\/\/buscoequipomedico.com\/wp-content\/uploads\/2021\/07\/EMM-VPrincipal-scaled.jpg","width":2560,"height":1058,"caption":"Tu mejor opci\u00f3n Equipo M\u00e9dico M\u00e9xico"},"image":{"@id":"https:\/\/buscoequipomedico.com\/#\/schema\/logo\/image\/"}}]}},"_links":{"self":[{"href":"https:\/\/buscoequipomedico.com\/index.php?rest_route=\/wp\/v2\/product\/13257","targetHints":{"allow":["GET"]}}],"collection":[{"href":"https:\/\/buscoequipomedico.com\/index.php?rest_route=\/wp\/v2\/product"}],"about":[{"href":"https:\/\/buscoequipomedico.com\/index.php?rest_route=\/wp\/v2\/types\/product"}],"wp:featuredmedia":[{"embeddable":true,"href":"https:\/\/buscoequipomedico.com\/index.php?rest_route=\/wp\/v2\/media\/13258"}],"wp:attachment":[{"href":"https:\/\/buscoequipomedico.com\/index.php?rest_route=%2Fwp%2Fv2%2Fmedia&parent=13257"}],"wp:term":[{"taxonomy":"product_brand","embeddable":true,"href":"https:\/\/buscoequipomedico.com\/index.php?rest_route=%2Fwp%2Fv2%2Fproduct_brand&post=13257"},{"taxonomy":"product_cat","embeddable":true,"href":"https:\/\/buscoequipomedico.com\/index.php?rest_route=%2Fwp%2Fv2%2Fproduct_cat&post=13257"},{"taxonomy":"product_tag","embeddable":true,"href":"https:\/\/buscoequipomedico.com\/index.php?rest_route=%2Fwp%2Fv2%2Fproduct_tag&post=13257"}],"curies":[{"name":"wp","href":"https:\/\/api.w.org\/{rel}","templated":true}]}}