{"id":13269,"date":"2020-02-18T07:37:25","date_gmt":"2020-02-18T07:37:25","guid":{"rendered":"https:\/\/equipomedicomexico-com.preview-domain.com\/product\/scooter-bobcat-x3-roja-3r\/"},"modified":"2020-02-18T07:37:26","modified_gmt":"2020-02-18T07:37:26","slug":"scooter-bobcat-x3-roja-3r","status":"publish","type":"product","link":"https:\/\/buscoequipomedico.com\/?product=scooter-bobcat-x3-roja-3r","title":{"rendered":"SCOOTER BOBCAT X3 ROJA 3R"},"content":{"rendered":"<p><span>Acelerador protegido para accionar con el pulgar.<\/span><br \/><span>Asiento c\u00f3modo con altura ajustable y brazos anchos ajustables y levadizos.<\/span><br \/><span>Viene con sistema antivuelco.<\/span><br \/><span>Velocidad m\u00e1xima de 4 mph y autonom\u00eda de 7.5 millas.<\/span><br \/><span>Neum\u00e1ticos macizos.<\/span><br \/><span>Viene con canasta de transporte grande.<\/span><br \/><span>Mango de maniobra f\u00e1cil de ajustar.<\/span><br \/><span>Viene con 2 bater\u00edas 12Ah.<\/span><\/p>\n","protected":false},"excerpt":{"rendered":"<p><span>Para uso interior y exterior.<\/span><br \/><span>Permite un radio de giro de 32.2\u201d.<\/span><br \/><span>Dise\u00f1o de 4 piezas compacto y pr\u00e1ctico que facilita el armado y el desarmado sin uso de herramientas.<\/span><br \/><span>Bater\u00edas f\u00e1ciles de retirar.<\/span><\/p>\n","protected":false},"featured_media":13270,"template":"","meta":{"_joinchat":[]},"product_brand":[],"product_cat":[325,322],"product_tag":[],"class_list":{"0":"post-13269","1":"product","2":"type-product","3":"status-publish","4":"has-post-thumbnail","6":"product_cat-scooters","7":"product_cat-sillas","8":"pa_marca-drive","10":"first","11":"instock","12":"purchasable","13":"product-type-simple"},"yoast_head":"<!-- This site is optimized with the Yoast SEO plugin v25.1 - https:\/\/yoast.com\/wordpress\/plugins\/seo\/ -->\n<title>SCOOTER BOBCAT X3 ROJA 3R - Tu mejor opci\u00f3n Equipo M\u00e9dico M\u00e9xico<\/title>\n<meta name=\"robots\" content=\"index, follow, max-snippet:-1, max-image-preview:large, max-video-preview:-1\" \/>\n<link rel=\"canonical\" href=\"https:\/\/buscoequipomedico.com\/?product=scooter-bobcat-x3-roja-3r\" \/>\n<meta property=\"og:locale\" content=\"es_ES\" \/>\n<meta property=\"og:type\" content=\"article\" \/>\n<meta property=\"og:title\" content=\"SCOOTER BOBCAT X3 ROJA 3R - Tu mejor opci\u00f3n Equipo M\u00e9dico M\u00e9xico\" \/>\n<meta property=\"og:description\" content=\"Para uso interior y exterior.Permite un radio de giro de 32.2\u201d.Dise\u00f1o de 4 piezas compacto y pr\u00e1ctico que facilita el armado y el desarmado sin uso de herramientas.Bater\u00edas f\u00e1ciles de retirar.\" \/>\n<meta property=\"og:url\" content=\"https:\/\/buscoequipomedico.com\/?product=scooter-bobcat-x3-roja-3r\" \/>\n<meta property=\"og:site_name\" content=\"Tu mejor opci\u00f3n Equipo M\u00e9dico M\u00e9xico\" \/>\n<meta property=\"article:modified_time\" content=\"2020-02-18T07:37:26+00:00\" \/>\n<meta property=\"og:image\" content=\"https:\/\/buscoequipomedico.com\/wp-content\/uploads\/2020\/02\/scooter-bobcat-x3-roja-3r-para-uso-interior-y-exteriorpermite-un-radio-de-giro-de-322diseno-de-4-piezas-compacto-y-practico-que.jpg\" \/>\n\t<meta property=\"og:image:width\" content=\"800\" \/>\n\t<meta property=\"og:image:height\" content=\"800\" \/>\n\t<meta property=\"og:image:type\" content=\"image\/png\" \/>\n<meta name=\"twitter:card\" content=\"summary_large_image\" \/>\n<script type=\"application\/ld+json\" class=\"yoast-schema-graph\">{\"@context\":\"https:\/\/schema.org\",\"@graph\":[{\"@type\":\"WebPage\",\"@id\":\"https:\/\/buscoequipomedico.com\/?product=scooter-bobcat-x3-roja-3r\",\"url\":\"https:\/\/buscoequipomedico.com\/?product=scooter-bobcat-x3-roja-3r\",\"name\":\"SCOOTER BOBCAT X3 ROJA 3R - Tu mejor opci\u00f3n Equipo M\u00e9dico M\u00e9xico\",\"isPartOf\":{\"@id\":\"https:\/\/buscoequipomedico.com\/#website\"},\"primaryImageOfPage\":{\"@id\":\"https:\/\/buscoequipomedico.com\/?product=scooter-bobcat-x3-roja-3r#primaryimage\"},\"image\":{\"@id\":\"https:\/\/buscoequipomedico.com\/?product=scooter-bobcat-x3-roja-3r#primaryimage\"},\"thumbnailUrl\":\"https:\/\/buscoequipomedico.com\/wp-content\/uploads\/2020\/02\/scooter-bobcat-x3-roja-3r-para-uso-interior-y-exteriorpermite-un-radio-de-giro-de-322diseno-de-4-piezas-compacto-y-practico-que.jpg\",\"datePublished\":\"2020-02-18T07:37:25+00:00\",\"dateModified\":\"2020-02-18T07:37:26+00:00\",\"breadcrumb\":{\"@id\":\"https:\/\/buscoequipomedico.com\/?product=scooter-bobcat-x3-roja-3r#breadcrumb\"},\"inLanguage\":\"es\",\"potentialAction\":[{\"@type\":\"ReadAction\",\"target\":[\"https:\/\/buscoequipomedico.com\/?product=scooter-bobcat-x3-roja-3r\"]}]},{\"@type\":\"ImageObject\",\"inLanguage\":\"es\",\"@id\":\"https:\/\/buscoequipomedico.com\/?product=scooter-bobcat-x3-roja-3r#primaryimage\",\"url\":\"https:\/\/buscoequipomedico.com\/wp-content\/uploads\/2020\/02\/scooter-bobcat-x3-roja-3r-para-uso-interior-y-exteriorpermite-un-radio-de-giro-de-322diseno-de-4-piezas-compacto-y-practico-que.jpg\",\"contentUrl\":\"https:\/\/buscoequipomedico.com\/wp-content\/uploads\/2020\/02\/scooter-bobcat-x3-roja-3r-para-uso-interior-y-exteriorpermite-un-radio-de-giro-de-322diseno-de-4-piezas-compacto-y-practico-que.jpg\",\"width\":800,\"height\":800},{\"@type\":\"BreadcrumbList\",\"@id\":\"https:\/\/buscoequipomedico.com\/?product=scooter-bobcat-x3-roja-3r#breadcrumb\",\"itemListElement\":[{\"@type\":\"ListItem\",\"position\":1,\"name\":\"Productos\",\"item\":\"https:\/\/buscoequipomedico.com\/shop\/\"},{\"@type\":\"ListItem\",\"position\":2,\"name\":\"SCOOTER BOBCAT X3 ROJA 3R\"}]},{\"@type\":\"WebSite\",\"@id\":\"https:\/\/buscoequipomedico.com\/#website\",\"url\":\"https:\/\/buscoequipomedico.com\/\",\"name\":\"Tu mejor opci\u00f3n Equipo M\u00e9dico M\u00e9xico\",\"description\":\"Tienda de equipo m\u00e9dico\",\"publisher\":{\"@id\":\"https:\/\/buscoequipomedico.com\/#organization\"},\"potentialAction\":[{\"@type\":\"SearchAction\",\"target\":{\"@type\":\"EntryPoint\",\"urlTemplate\":\"https:\/\/buscoequipomedico.com\/?s={search_term_string}\"},\"query-input\":{\"@type\":\"PropertyValueSpecification\",\"valueRequired\":true,\"valueName\":\"search_term_string\"}}],\"inLanguage\":\"es\"},{\"@type\":\"Organization\",\"@id\":\"https:\/\/buscoequipomedico.com\/#organization\",\"name\":\"Tu mejor opci\u00f3n Equipo M\u00e9dico M\u00e9xico\",\"url\":\"https:\/\/buscoequipomedico.com\/\",\"logo\":{\"@type\":\"ImageObject\",\"inLanguage\":\"es\",\"@id\":\"https:\/\/buscoequipomedico.com\/#\/schema\/logo\/image\/\",\"url\":\"https:\/\/buscoequipomedico.com\/wp-content\/uploads\/2021\/07\/EMM-VPrincipal-scaled.jpg\",\"contentUrl\":\"https:\/\/buscoequipomedico.com\/wp-content\/uploads\/2021\/07\/EMM-VPrincipal-scaled.jpg\",\"width\":2560,\"height\":1058,\"caption\":\"Tu mejor opci\u00f3n Equipo M\u00e9dico M\u00e9xico\"},\"image\":{\"@id\":\"https:\/\/buscoequipomedico.com\/#\/schema\/logo\/image\/\"}}]}<\/script>\n<!-- \/ Yoast SEO plugin. -->","yoast_head_json":{"title":"SCOOTER BOBCAT X3 ROJA 3R - Tu mejor opci\u00f3n Equipo M\u00e9dico M\u00e9xico","robots":{"index":"index","follow":"follow","max-snippet":"max-snippet:-1","max-image-preview":"max-image-preview:large","max-video-preview":"max-video-preview:-1"},"canonical":"https:\/\/buscoequipomedico.com\/?product=scooter-bobcat-x3-roja-3r","og_locale":"es_ES","og_type":"article","og_title":"SCOOTER BOBCAT X3 ROJA 3R - Tu mejor opci\u00f3n Equipo M\u00e9dico M\u00e9xico","og_description":"Para uso interior y exterior.Permite un radio de giro de 32.2\u201d.Dise\u00f1o de 4 piezas compacto y pr\u00e1ctico que facilita el armado y el desarmado sin uso de herramientas.Bater\u00edas f\u00e1ciles de retirar.","og_url":"https:\/\/buscoequipomedico.com\/?product=scooter-bobcat-x3-roja-3r","og_site_name":"Tu mejor opci\u00f3n Equipo M\u00e9dico M\u00e9xico","article_modified_time":"2020-02-18T07:37:26+00:00","og_image":[{"width":800,"height":800,"url":"https:\/\/buscoequipomedico.com\/wp-content\/uploads\/2020\/02\/scooter-bobcat-x3-roja-3r-para-uso-interior-y-exteriorpermite-un-radio-de-giro-de-322diseno-de-4-piezas-compacto-y-practico-que.jpg","type":"image\/png"}],"twitter_card":"summary_large_image","schema":{"@context":"https:\/\/schema.org","@graph":[{"@type":"WebPage","@id":"https:\/\/buscoequipomedico.com\/?product=scooter-bobcat-x3-roja-3r","url":"https:\/\/buscoequipomedico.com\/?product=scooter-bobcat-x3-roja-3r","name":"SCOOTER BOBCAT X3 ROJA 3R - Tu mejor opci\u00f3n Equipo M\u00e9dico M\u00e9xico","isPartOf":{"@id":"https:\/\/buscoequipomedico.com\/#website"},"primaryImageOfPage":{"@id":"https:\/\/buscoequipomedico.com\/?product=scooter-bobcat-x3-roja-3r#primaryimage"},"image":{"@id":"https:\/\/buscoequipomedico.com\/?product=scooter-bobcat-x3-roja-3r#primaryimage"},"thumbnailUrl":"https:\/\/buscoequipomedico.com\/wp-content\/uploads\/2020\/02\/scooter-bobcat-x3-roja-3r-para-uso-interior-y-exteriorpermite-un-radio-de-giro-de-322diseno-de-4-piezas-compacto-y-practico-que.jpg","datePublished":"2020-02-18T07:37:25+00:00","dateModified":"2020-02-18T07:37:26+00:00","breadcrumb":{"@id":"https:\/\/buscoequipomedico.com\/?product=scooter-bobcat-x3-roja-3r#breadcrumb"},"inLanguage":"es","potentialAction":[{"@type":"ReadAction","target":["https:\/\/buscoequipomedico.com\/?product=scooter-bobcat-x3-roja-3r"]}]},{"@type":"ImageObject","inLanguage":"es","@id":"https:\/\/buscoequipomedico.com\/?product=scooter-bobcat-x3-roja-3r#primaryimage","url":"https:\/\/buscoequipomedico.com\/wp-content\/uploads\/2020\/02\/scooter-bobcat-x3-roja-3r-para-uso-interior-y-exteriorpermite-un-radio-de-giro-de-322diseno-de-4-piezas-compacto-y-practico-que.jpg","contentUrl":"https:\/\/buscoequipomedico.com\/wp-content\/uploads\/2020\/02\/scooter-bobcat-x3-roja-3r-para-uso-interior-y-exteriorpermite-un-radio-de-giro-de-322diseno-de-4-piezas-compacto-y-practico-que.jpg","width":800,"height":800},{"@type":"BreadcrumbList","@id":"https:\/\/buscoequipomedico.com\/?product=scooter-bobcat-x3-roja-3r#breadcrumb","itemListElement":[{"@type":"ListItem","position":1,"name":"Productos","item":"https:\/\/buscoequipomedico.com\/shop\/"},{"@type":"ListItem","position":2,"name":"SCOOTER BOBCAT X3 ROJA 3R"}]},{"@type":"WebSite","@id":"https:\/\/buscoequipomedico.com\/#website","url":"https:\/\/buscoequipomedico.com\/","name":"Tu mejor opci\u00f3n Equipo M\u00e9dico M\u00e9xico","description":"Tienda de equipo m\u00e9dico","publisher":{"@id":"https:\/\/buscoequipomedico.com\/#organization"},"potentialAction":[{"@type":"SearchAction","target":{"@type":"EntryPoint","urlTemplate":"https:\/\/buscoequipomedico.com\/?s={search_term_string}"},"query-input":{"@type":"PropertyValueSpecification","valueRequired":true,"valueName":"search_term_string"}}],"inLanguage":"es"},{"@type":"Organization","@id":"https:\/\/buscoequipomedico.com\/#organization","name":"Tu mejor opci\u00f3n Equipo M\u00e9dico M\u00e9xico","url":"https:\/\/buscoequipomedico.com\/","logo":{"@type":"ImageObject","inLanguage":"es","@id":"https:\/\/buscoequipomedico.com\/#\/schema\/logo\/image\/","url":"https:\/\/buscoequipomedico.com\/wp-content\/uploads\/2021\/07\/EMM-VPrincipal-scaled.jpg","contentUrl":"https:\/\/buscoequipomedico.com\/wp-content\/uploads\/2021\/07\/EMM-VPrincipal-scaled.jpg","width":2560,"height":1058,"caption":"Tu mejor opci\u00f3n Equipo M\u00e9dico M\u00e9xico"},"image":{"@id":"https:\/\/buscoequipomedico.com\/#\/schema\/logo\/image\/"}}]}},"_links":{"self":[{"href":"https:\/\/buscoequipomedico.com\/index.php?rest_route=\/wp\/v2\/product\/13269","targetHints":{"allow":["GET"]}}],"collection":[{"href":"https:\/\/buscoequipomedico.com\/index.php?rest_route=\/wp\/v2\/product"}],"about":[{"href":"https:\/\/buscoequipomedico.com\/index.php?rest_route=\/wp\/v2\/types\/product"}],"wp:featuredmedia":[{"embeddable":true,"href":"https:\/\/buscoequipomedico.com\/index.php?rest_route=\/wp\/v2\/media\/13270"}],"wp:attachment":[{"href":"https:\/\/buscoequipomedico.com\/index.php?rest_route=%2Fwp%2Fv2%2Fmedia&parent=13269"}],"wp:term":[{"taxonomy":"product_brand","embeddable":true,"href":"https:\/\/buscoequipomedico.com\/index.php?rest_route=%2Fwp%2Fv2%2Fproduct_brand&post=13269"},{"taxonomy":"product_cat","embeddable":true,"href":"https:\/\/buscoequipomedico.com\/index.php?rest_route=%2Fwp%2Fv2%2Fproduct_cat&post=13269"},{"taxonomy":"product_tag","embeddable":true,"href":"https:\/\/buscoequipomedico.com\/index.php?rest_route=%2Fwp%2Fv2%2Fproduct_tag&post=13269"}],"curies":[{"name":"wp","href":"https:\/\/api.w.org\/{rel}","templated":true}]}}