{"id":13275,"date":"2020-02-18T07:37:25","date_gmt":"2020-02-18T07:37:25","guid":{"rendered":"https:\/\/equipomedicomexico-com.preview-domain.com\/product\/scooter-maverick-20cs\/"},"modified":"2020-02-18T07:37:27","modified_gmt":"2020-02-18T07:37:27","slug":"scooter-maverick-20cs","status":"publish","type":"product","link":"https:\/\/buscoequipomedico.com\/?product=scooter-maverick-20cs","title":{"rendered":"SCOOTER MAVERICK 20CS"},"content":{"rendered":"<ul>\n<li>Radio de giro: 62\u201d ( 157.5 cm ).<\/li>\n<li>Velocidad m\u00e1xima 15 kph.<\/li>\n<li>Alcance m\u00e1ximo 56 km.<\/li>\n<li>Motor: 1300W.<\/li>\n<li>Bater\u00edas de: 75Amp.<\/li>\n<li>Cargador: 8A.<\/li>\n<li>Soporta 180 kg.<\/li>\n<li>Dimensiones: 65\u201d ancho x 31\u201d alto (165 cm x 79 cm ).<\/li>\n<li>Peso total: 150 kg.<\/li>\n<\/ul>\n","protected":false},"excerpt":{"rendered":"<ul>\n<li>Estructura de acero con carcasa en color negro.<\/li>\n<li>Tablero luminoso, con indicadores de velocidad Alta y Baja, kph o mph, temperatura, hora y nivel de carga.<\/li>\n<li>Parabrisas ahumado. Reduce el resplandor en la pantalla digital LED.<\/li>\n<li>Iluminaci\u00f3n LED, eficiente y extra brillante.<\/li>\n<li>Luces encendidas: altas y bajas.<\/li>\n<li>Luces direccionales.<\/li>\n<li>Luz de reversa con sonido de aviso preventivo.<\/li>\n<li>Espejo retrovisor ajustable.<\/li>\n<li>Interruptor de \u201cAlto-Bajo\u201d instant\u00e1neo, para el control de la velocidad.<\/li>\n<li>Asiento deportivo, estilo capit\u00e1n, disponible en 20\u201d, tapizado en vinipiel, giratorio, se ajusta hacia adelante o hacia atr\u00e1s, altura ajustable.<\/li>\n<li>Cintur\u00f3n de seguridad ajustable incluido.<\/li>\n<li>Respaldo abatible, cabecera ajustable.<\/li>\n<li>Descansabrazos, abatibles y alturas ajustables.<\/li>\n<\/ul>\n","protected":false},"featured_media":13276,"template":"","meta":{"_joinchat":[]},"product_brand":[],"product_cat":[325,322],"product_tag":[],"class_list":{"0":"post-13275","1":"product","2":"type-product","3":"status-publish","4":"has-post-thumbnail","6":"product_cat-scooters","7":"product_cat-sillas","8":"pa_marca-drive","10":"first","11":"instock","12":"purchasable","13":"product-type-simple"},"yoast_head":"<!-- This site is optimized with the Yoast SEO plugin v25.1 - https:\/\/yoast.com\/wordpress\/plugins\/seo\/ -->\n<title>SCOOTER MAVERICK 20CS - Tu mejor opci\u00f3n Equipo M\u00e9dico M\u00e9xico<\/title>\n<meta name=\"robots\" content=\"index, follow, max-snippet:-1, max-image-preview:large, max-video-preview:-1\" \/>\n<link rel=\"canonical\" href=\"https:\/\/buscoequipomedico.com\/?product=scooter-maverick-20cs\" \/>\n<meta property=\"og:locale\" content=\"es_ES\" \/>\n<meta property=\"og:type\" content=\"article\" \/>\n<meta property=\"og:title\" content=\"SCOOTER MAVERICK 20CS - Tu mejor opci\u00f3n Equipo M\u00e9dico M\u00e9xico\" \/>\n<meta property=\"og:description\" content=\"Estructura de acero con carcasa en color negro. Tablero luminoso, con indicadores de velocidad Alta y Baja, kph o mph, temperatura, hora y nivel de carga. Parabrisas ahumado. Reduce el resplandor en la pantalla digital LED. Iluminaci\u00f3n LED, eficiente y extra brillante. Luces encendidas: altas y bajas. Luces direccionales. Luz de reversa con sonido de aviso preventivo. Espejo retrovisor ajustable. Interruptor de \u201cAlto-Bajo\u201d instant\u00e1neo, para el control de la velocidad. Asiento deportivo, estilo capit\u00e1n, disponible en 20\u201d, tapizado en vinipiel, giratorio, se ajusta hacia adelante o hacia atr\u00e1s, altura ajustable. Cintur\u00f3n de seguridad ajustable incluido. Respaldo abatible, cabecera ajustable. Descansabrazos, abatibles y alturas ajustables.\" \/>\n<meta property=\"og:url\" content=\"https:\/\/buscoequipomedico.com\/?product=scooter-maverick-20cs\" \/>\n<meta property=\"og:site_name\" content=\"Tu mejor opci\u00f3n Equipo M\u00e9dico M\u00e9xico\" \/>\n<meta property=\"article:modified_time\" content=\"2020-02-18T07:37:27+00:00\" \/>\n<meta property=\"og:image\" content=\"https:\/\/buscoequipomedico.com\/wp-content\/uploads\/2020\/02\/scooter-maverick-20cs-estructura-de-acero-con-carcasa-en-color-negrotablero-luminoso-con-indicadores-de-velocidad-alta-y-baja-kp.jpg\" \/>\n\t<meta property=\"og:image:width\" content=\"800\" \/>\n\t<meta property=\"og:image:height\" content=\"800\" \/>\n\t<meta property=\"og:image:type\" content=\"image\/png\" \/>\n<meta name=\"twitter:card\" content=\"summary_large_image\" \/>\n<script type=\"application\/ld+json\" class=\"yoast-schema-graph\">{\"@context\":\"https:\/\/schema.org\",\"@graph\":[{\"@type\":\"WebPage\",\"@id\":\"https:\/\/buscoequipomedico.com\/?product=scooter-maverick-20cs\",\"url\":\"https:\/\/buscoequipomedico.com\/?product=scooter-maverick-20cs\",\"name\":\"SCOOTER MAVERICK 20CS - Tu mejor opci\u00f3n Equipo M\u00e9dico M\u00e9xico\",\"isPartOf\":{\"@id\":\"https:\/\/buscoequipomedico.com\/#website\"},\"primaryImageOfPage\":{\"@id\":\"https:\/\/buscoequipomedico.com\/?product=scooter-maverick-20cs#primaryimage\"},\"image\":{\"@id\":\"https:\/\/buscoequipomedico.com\/?product=scooter-maverick-20cs#primaryimage\"},\"thumbnailUrl\":\"https:\/\/buscoequipomedico.com\/wp-content\/uploads\/2020\/02\/scooter-maverick-20cs-estructura-de-acero-con-carcasa-en-color-negrotablero-luminoso-con-indicadores-de-velocidad-alta-y-baja-kp.jpg\",\"datePublished\":\"2020-02-18T07:37:25+00:00\",\"dateModified\":\"2020-02-18T07:37:27+00:00\",\"breadcrumb\":{\"@id\":\"https:\/\/buscoequipomedico.com\/?product=scooter-maverick-20cs#breadcrumb\"},\"inLanguage\":\"es\",\"potentialAction\":[{\"@type\":\"ReadAction\",\"target\":[\"https:\/\/buscoequipomedico.com\/?product=scooter-maverick-20cs\"]}]},{\"@type\":\"ImageObject\",\"inLanguage\":\"es\",\"@id\":\"https:\/\/buscoequipomedico.com\/?product=scooter-maverick-20cs#primaryimage\",\"url\":\"https:\/\/buscoequipomedico.com\/wp-content\/uploads\/2020\/02\/scooter-maverick-20cs-estructura-de-acero-con-carcasa-en-color-negrotablero-luminoso-con-indicadores-de-velocidad-alta-y-baja-kp.jpg\",\"contentUrl\":\"https:\/\/buscoequipomedico.com\/wp-content\/uploads\/2020\/02\/scooter-maverick-20cs-estructura-de-acero-con-carcasa-en-color-negrotablero-luminoso-con-indicadores-de-velocidad-alta-y-baja-kp.jpg\",\"width\":800,\"height\":800},{\"@type\":\"BreadcrumbList\",\"@id\":\"https:\/\/buscoequipomedico.com\/?product=scooter-maverick-20cs#breadcrumb\",\"itemListElement\":[{\"@type\":\"ListItem\",\"position\":1,\"name\":\"Productos\",\"item\":\"https:\/\/buscoequipomedico.com\/shop\/\"},{\"@type\":\"ListItem\",\"position\":2,\"name\":\"SCOOTER MAVERICK 20CS\"}]},{\"@type\":\"WebSite\",\"@id\":\"https:\/\/buscoequipomedico.com\/#website\",\"url\":\"https:\/\/buscoequipomedico.com\/\",\"name\":\"Tu mejor opci\u00f3n Equipo M\u00e9dico M\u00e9xico\",\"description\":\"Tienda de equipo m\u00e9dico\",\"publisher\":{\"@id\":\"https:\/\/buscoequipomedico.com\/#organization\"},\"potentialAction\":[{\"@type\":\"SearchAction\",\"target\":{\"@type\":\"EntryPoint\",\"urlTemplate\":\"https:\/\/buscoequipomedico.com\/?s={search_term_string}\"},\"query-input\":{\"@type\":\"PropertyValueSpecification\",\"valueRequired\":true,\"valueName\":\"search_term_string\"}}],\"inLanguage\":\"es\"},{\"@type\":\"Organization\",\"@id\":\"https:\/\/buscoequipomedico.com\/#organization\",\"name\":\"Tu mejor opci\u00f3n Equipo M\u00e9dico M\u00e9xico\",\"url\":\"https:\/\/buscoequipomedico.com\/\",\"logo\":{\"@type\":\"ImageObject\",\"inLanguage\":\"es\",\"@id\":\"https:\/\/buscoequipomedico.com\/#\/schema\/logo\/image\/\",\"url\":\"https:\/\/buscoequipomedico.com\/wp-content\/uploads\/2021\/07\/EMM-VPrincipal-scaled.jpg\",\"contentUrl\":\"https:\/\/buscoequipomedico.com\/wp-content\/uploads\/2021\/07\/EMM-VPrincipal-scaled.jpg\",\"width\":2560,\"height\":1058,\"caption\":\"Tu mejor opci\u00f3n Equipo M\u00e9dico M\u00e9xico\"},\"image\":{\"@id\":\"https:\/\/buscoequipomedico.com\/#\/schema\/logo\/image\/\"}}]}<\/script>\n<!-- \/ Yoast SEO plugin. -->","yoast_head_json":{"title":"SCOOTER MAVERICK 20CS - Tu mejor opci\u00f3n Equipo M\u00e9dico M\u00e9xico","robots":{"index":"index","follow":"follow","max-snippet":"max-snippet:-1","max-image-preview":"max-image-preview:large","max-video-preview":"max-video-preview:-1"},"canonical":"https:\/\/buscoequipomedico.com\/?product=scooter-maverick-20cs","og_locale":"es_ES","og_type":"article","og_title":"SCOOTER MAVERICK 20CS - Tu mejor opci\u00f3n Equipo M\u00e9dico M\u00e9xico","og_description":"Estructura de acero con carcasa en color negro. Tablero luminoso, con indicadores de velocidad Alta y Baja, kph o mph, temperatura, hora y nivel de carga. Parabrisas ahumado. Reduce el resplandor en la pantalla digital LED. Iluminaci\u00f3n LED, eficiente y extra brillante. Luces encendidas: altas y bajas. Luces direccionales. Luz de reversa con sonido de aviso preventivo. Espejo retrovisor ajustable. Interruptor de \u201cAlto-Bajo\u201d instant\u00e1neo, para el control de la velocidad. Asiento deportivo, estilo capit\u00e1n, disponible en 20\u201d, tapizado en vinipiel, giratorio, se ajusta hacia adelante o hacia atr\u00e1s, altura ajustable. Cintur\u00f3n de seguridad ajustable incluido. Respaldo abatible, cabecera ajustable. Descansabrazos, abatibles y alturas ajustables.","og_url":"https:\/\/buscoequipomedico.com\/?product=scooter-maverick-20cs","og_site_name":"Tu mejor opci\u00f3n Equipo M\u00e9dico M\u00e9xico","article_modified_time":"2020-02-18T07:37:27+00:00","og_image":[{"width":800,"height":800,"url":"https:\/\/buscoequipomedico.com\/wp-content\/uploads\/2020\/02\/scooter-maverick-20cs-estructura-de-acero-con-carcasa-en-color-negrotablero-luminoso-con-indicadores-de-velocidad-alta-y-baja-kp.jpg","type":"image\/png"}],"twitter_card":"summary_large_image","schema":{"@context":"https:\/\/schema.org","@graph":[{"@type":"WebPage","@id":"https:\/\/buscoequipomedico.com\/?product=scooter-maverick-20cs","url":"https:\/\/buscoequipomedico.com\/?product=scooter-maverick-20cs","name":"SCOOTER MAVERICK 20CS - Tu mejor opci\u00f3n Equipo M\u00e9dico M\u00e9xico","isPartOf":{"@id":"https:\/\/buscoequipomedico.com\/#website"},"primaryImageOfPage":{"@id":"https:\/\/buscoequipomedico.com\/?product=scooter-maverick-20cs#primaryimage"},"image":{"@id":"https:\/\/buscoequipomedico.com\/?product=scooter-maverick-20cs#primaryimage"},"thumbnailUrl":"https:\/\/buscoequipomedico.com\/wp-content\/uploads\/2020\/02\/scooter-maverick-20cs-estructura-de-acero-con-carcasa-en-color-negrotablero-luminoso-con-indicadores-de-velocidad-alta-y-baja-kp.jpg","datePublished":"2020-02-18T07:37:25+00:00","dateModified":"2020-02-18T07:37:27+00:00","breadcrumb":{"@id":"https:\/\/buscoequipomedico.com\/?product=scooter-maverick-20cs#breadcrumb"},"inLanguage":"es","potentialAction":[{"@type":"ReadAction","target":["https:\/\/buscoequipomedico.com\/?product=scooter-maverick-20cs"]}]},{"@type":"ImageObject","inLanguage":"es","@id":"https:\/\/buscoequipomedico.com\/?product=scooter-maverick-20cs#primaryimage","url":"https:\/\/buscoequipomedico.com\/wp-content\/uploads\/2020\/02\/scooter-maverick-20cs-estructura-de-acero-con-carcasa-en-color-negrotablero-luminoso-con-indicadores-de-velocidad-alta-y-baja-kp.jpg","contentUrl":"https:\/\/buscoequipomedico.com\/wp-content\/uploads\/2020\/02\/scooter-maverick-20cs-estructura-de-acero-con-carcasa-en-color-negrotablero-luminoso-con-indicadores-de-velocidad-alta-y-baja-kp.jpg","width":800,"height":800},{"@type":"BreadcrumbList","@id":"https:\/\/buscoequipomedico.com\/?product=scooter-maverick-20cs#breadcrumb","itemListElement":[{"@type":"ListItem","position":1,"name":"Productos","item":"https:\/\/buscoequipomedico.com\/shop\/"},{"@type":"ListItem","position":2,"name":"SCOOTER MAVERICK 20CS"}]},{"@type":"WebSite","@id":"https:\/\/buscoequipomedico.com\/#website","url":"https:\/\/buscoequipomedico.com\/","name":"Tu mejor opci\u00f3n Equipo M\u00e9dico M\u00e9xico","description":"Tienda de equipo m\u00e9dico","publisher":{"@id":"https:\/\/buscoequipomedico.com\/#organization"},"potentialAction":[{"@type":"SearchAction","target":{"@type":"EntryPoint","urlTemplate":"https:\/\/buscoequipomedico.com\/?s={search_term_string}"},"query-input":{"@type":"PropertyValueSpecification","valueRequired":true,"valueName":"search_term_string"}}],"inLanguage":"es"},{"@type":"Organization","@id":"https:\/\/buscoequipomedico.com\/#organization","name":"Tu mejor opci\u00f3n Equipo M\u00e9dico M\u00e9xico","url":"https:\/\/buscoequipomedico.com\/","logo":{"@type":"ImageObject","inLanguage":"es","@id":"https:\/\/buscoequipomedico.com\/#\/schema\/logo\/image\/","url":"https:\/\/buscoequipomedico.com\/wp-content\/uploads\/2021\/07\/EMM-VPrincipal-scaled.jpg","contentUrl":"https:\/\/buscoequipomedico.com\/wp-content\/uploads\/2021\/07\/EMM-VPrincipal-scaled.jpg","width":2560,"height":1058,"caption":"Tu mejor opci\u00f3n Equipo M\u00e9dico M\u00e9xico"},"image":{"@id":"https:\/\/buscoequipomedico.com\/#\/schema\/logo\/image\/"}}]}},"_links":{"self":[{"href":"https:\/\/buscoequipomedico.com\/index.php?rest_route=\/wp\/v2\/product\/13275","targetHints":{"allow":["GET"]}}],"collection":[{"href":"https:\/\/buscoequipomedico.com\/index.php?rest_route=\/wp\/v2\/product"}],"about":[{"href":"https:\/\/buscoequipomedico.com\/index.php?rest_route=\/wp\/v2\/types\/product"}],"wp:featuredmedia":[{"embeddable":true,"href":"https:\/\/buscoequipomedico.com\/index.php?rest_route=\/wp\/v2\/media\/13276"}],"wp:attachment":[{"href":"https:\/\/buscoequipomedico.com\/index.php?rest_route=%2Fwp%2Fv2%2Fmedia&parent=13275"}],"wp:term":[{"taxonomy":"product_brand","embeddable":true,"href":"https:\/\/buscoequipomedico.com\/index.php?rest_route=%2Fwp%2Fv2%2Fproduct_brand&post=13275"},{"taxonomy":"product_cat","embeddable":true,"href":"https:\/\/buscoequipomedico.com\/index.php?rest_route=%2Fwp%2Fv2%2Fproduct_cat&post=13275"},{"taxonomy":"product_tag","embeddable":true,"href":"https:\/\/buscoequipomedico.com\/index.php?rest_route=%2Fwp%2Fv2%2Fproduct_tag&post=13275"}],"curies":[{"name":"wp","href":"https:\/\/api.w.org\/{rel}","templated":true}]}}