{"id":13285,"date":"2020-02-18T07:37:25","date_gmt":"2020-02-18T07:37:25","guid":{"rendered":"https:\/\/equipomedicomexico-com.preview-domain.com\/product\/scooter-sfscout4ext-roj-azu-4-ruedas\/"},"modified":"2020-02-18T07:37:28","modified_gmt":"2020-02-18T07:37:28","slug":"scooter-sfscout4ext-roj-azu-4-ruedas","status":"publish","type":"product","link":"https:\/\/buscoequipomedico.com\/?product=scooter-sfscout4ext-roj-azu-4-ruedas","title":{"rendered":"SCOOTER SFSCOUT4EXT ROJ-AZU 4 RUEDAS"},"content":{"rendered":"<p><span>Tracci\u00f3n en ruedas traseras.<\/span><br \/><span>Alcance m\u00e1ximo 12 km.<\/span><br \/><span>Frenos electromagn\u00e9ticos.<\/span><br \/><span>2 bater\u00edas de 10 amp.<\/span><br \/><span>Caja de bater\u00edas removible.<\/span><br \/><span>Tracci\u00f3n trasera desmontable.<\/span><br \/><span>Soporta 145 kg.<\/span><br \/><span>Peso 55.7 kg.<\/span><\/p>\n","protected":false},"excerpt":{"rendered":"<p><span>Estructura de acero con carcasa en color rojo o azul.<\/span><br \/><span>Manubrio abatible con canasta porta objetos desmontable.<\/span><br \/><span>Tim\u00f3n delta con control de acelerador ergon\u00f3mico.<\/span><br \/><span>Asiento giratorio ajustable a 3 alturas tapizado en vinipiel.<\/span><br \/><span>Brazos abatibles, acojinados y desmontables.<\/span><br \/><span>Ruedas delanteras y traseras de 7\u201d.<\/span><br \/><span>Ruedas antivuelco.<\/span><\/p>\n","protected":false},"featured_media":13286,"template":"","meta":{"_joinchat":[]},"product_brand":[],"product_cat":[325,322],"product_tag":[],"class_list":{"0":"post-13285","1":"product","2":"type-product","3":"status-publish","4":"has-post-thumbnail","6":"product_cat-scooters","7":"product_cat-sillas","8":"pa_marca-drive","10":"first","11":"instock","12":"purchasable","13":"product-type-simple"},"yoast_head":"<!-- This site is optimized with the Yoast SEO plugin v25.1 - https:\/\/yoast.com\/wordpress\/plugins\/seo\/ -->\n<title>SCOOTER SFSCOUT4EXT ROJ-AZU 4 RUEDAS - Tu mejor opci\u00f3n Equipo M\u00e9dico M\u00e9xico<\/title>\n<meta name=\"robots\" content=\"index, follow, max-snippet:-1, max-image-preview:large, max-video-preview:-1\" \/>\n<link rel=\"canonical\" href=\"https:\/\/buscoequipomedico.com\/?product=scooter-sfscout4ext-roj-azu-4-ruedas\" \/>\n<meta property=\"og:locale\" content=\"es_ES\" \/>\n<meta property=\"og:type\" content=\"article\" \/>\n<meta property=\"og:title\" content=\"SCOOTER SFSCOUT4EXT ROJ-AZU 4 RUEDAS - Tu mejor opci\u00f3n Equipo M\u00e9dico M\u00e9xico\" \/>\n<meta property=\"og:description\" content=\"Estructura de acero con carcasa en color rojo o azul.Manubrio abatible con canasta porta objetos desmontable.Tim\u00f3n delta con control de acelerador ergon\u00f3mico.Asiento giratorio ajustable a 3 alturas tapizado en vinipiel.Brazos abatibles, acojinados y desmontables.Ruedas delanteras y traseras de 7\u201d.Ruedas antivuelco.\" \/>\n<meta property=\"og:url\" content=\"https:\/\/buscoequipomedico.com\/?product=scooter-sfscout4ext-roj-azu-4-ruedas\" \/>\n<meta property=\"og:site_name\" content=\"Tu mejor opci\u00f3n Equipo M\u00e9dico M\u00e9xico\" \/>\n<meta property=\"article:modified_time\" content=\"2020-02-18T07:37:28+00:00\" \/>\n<meta property=\"og:image\" content=\"https:\/\/buscoequipomedico.com\/wp-content\/uploads\/2020\/02\/scooter-sfscout4ext-roj-azu-4-ruedas-estructura-de-acero-con-carcasa-en-color-rojo-o-azulmanubrio-abatible-con-canasta-porta-obj.jpg\" \/>\n\t<meta property=\"og:image:width\" content=\"800\" \/>\n\t<meta property=\"og:image:height\" content=\"800\" \/>\n\t<meta property=\"og:image:type\" content=\"image\/png\" \/>\n<meta name=\"twitter:card\" content=\"summary_large_image\" \/>\n<script type=\"application\/ld+json\" class=\"yoast-schema-graph\">{\"@context\":\"https:\/\/schema.org\",\"@graph\":[{\"@type\":\"WebPage\",\"@id\":\"https:\/\/buscoequipomedico.com\/?product=scooter-sfscout4ext-roj-azu-4-ruedas\",\"url\":\"https:\/\/buscoequipomedico.com\/?product=scooter-sfscout4ext-roj-azu-4-ruedas\",\"name\":\"SCOOTER SFSCOUT4EXT ROJ-AZU 4 RUEDAS - Tu mejor opci\u00f3n Equipo M\u00e9dico M\u00e9xico\",\"isPartOf\":{\"@id\":\"https:\/\/buscoequipomedico.com\/#website\"},\"primaryImageOfPage\":{\"@id\":\"https:\/\/buscoequipomedico.com\/?product=scooter-sfscout4ext-roj-azu-4-ruedas#primaryimage\"},\"image\":{\"@id\":\"https:\/\/buscoequipomedico.com\/?product=scooter-sfscout4ext-roj-azu-4-ruedas#primaryimage\"},\"thumbnailUrl\":\"https:\/\/buscoequipomedico.com\/wp-content\/uploads\/2020\/02\/scooter-sfscout4ext-roj-azu-4-ruedas-estructura-de-acero-con-carcasa-en-color-rojo-o-azulmanubrio-abatible-con-canasta-porta-obj.jpg\",\"datePublished\":\"2020-02-18T07:37:25+00:00\",\"dateModified\":\"2020-02-18T07:37:28+00:00\",\"breadcrumb\":{\"@id\":\"https:\/\/buscoequipomedico.com\/?product=scooter-sfscout4ext-roj-azu-4-ruedas#breadcrumb\"},\"inLanguage\":\"es\",\"potentialAction\":[{\"@type\":\"ReadAction\",\"target\":[\"https:\/\/buscoequipomedico.com\/?product=scooter-sfscout4ext-roj-azu-4-ruedas\"]}]},{\"@type\":\"ImageObject\",\"inLanguage\":\"es\",\"@id\":\"https:\/\/buscoequipomedico.com\/?product=scooter-sfscout4ext-roj-azu-4-ruedas#primaryimage\",\"url\":\"https:\/\/buscoequipomedico.com\/wp-content\/uploads\/2020\/02\/scooter-sfscout4ext-roj-azu-4-ruedas-estructura-de-acero-con-carcasa-en-color-rojo-o-azulmanubrio-abatible-con-canasta-porta-obj.jpg\",\"contentUrl\":\"https:\/\/buscoequipomedico.com\/wp-content\/uploads\/2020\/02\/scooter-sfscout4ext-roj-azu-4-ruedas-estructura-de-acero-con-carcasa-en-color-rojo-o-azulmanubrio-abatible-con-canasta-porta-obj.jpg\",\"width\":800,\"height\":800},{\"@type\":\"BreadcrumbList\",\"@id\":\"https:\/\/buscoequipomedico.com\/?product=scooter-sfscout4ext-roj-azu-4-ruedas#breadcrumb\",\"itemListElement\":[{\"@type\":\"ListItem\",\"position\":1,\"name\":\"Productos\",\"item\":\"https:\/\/buscoequipomedico.com\/shop\/\"},{\"@type\":\"ListItem\",\"position\":2,\"name\":\"SCOOTER SFSCOUT4EXT ROJ-AZU 4 RUEDAS\"}]},{\"@type\":\"WebSite\",\"@id\":\"https:\/\/buscoequipomedico.com\/#website\",\"url\":\"https:\/\/buscoequipomedico.com\/\",\"name\":\"Tu mejor opci\u00f3n Equipo M\u00e9dico M\u00e9xico\",\"description\":\"Tienda de equipo m\u00e9dico\",\"publisher\":{\"@id\":\"https:\/\/buscoequipomedico.com\/#organization\"},\"potentialAction\":[{\"@type\":\"SearchAction\",\"target\":{\"@type\":\"EntryPoint\",\"urlTemplate\":\"https:\/\/buscoequipomedico.com\/?s={search_term_string}\"},\"query-input\":{\"@type\":\"PropertyValueSpecification\",\"valueRequired\":true,\"valueName\":\"search_term_string\"}}],\"inLanguage\":\"es\"},{\"@type\":\"Organization\",\"@id\":\"https:\/\/buscoequipomedico.com\/#organization\",\"name\":\"Tu mejor opci\u00f3n Equipo M\u00e9dico M\u00e9xico\",\"url\":\"https:\/\/buscoequipomedico.com\/\",\"logo\":{\"@type\":\"ImageObject\",\"inLanguage\":\"es\",\"@id\":\"https:\/\/buscoequipomedico.com\/#\/schema\/logo\/image\/\",\"url\":\"https:\/\/buscoequipomedico.com\/wp-content\/uploads\/2021\/07\/EMM-VPrincipal-scaled.jpg\",\"contentUrl\":\"https:\/\/buscoequipomedico.com\/wp-content\/uploads\/2021\/07\/EMM-VPrincipal-scaled.jpg\",\"width\":2560,\"height\":1058,\"caption\":\"Tu mejor opci\u00f3n Equipo M\u00e9dico M\u00e9xico\"},\"image\":{\"@id\":\"https:\/\/buscoequipomedico.com\/#\/schema\/logo\/image\/\"}}]}<\/script>\n<!-- \/ Yoast SEO plugin. -->","yoast_head_json":{"title":"SCOOTER SFSCOUT4EXT ROJ-AZU 4 RUEDAS - Tu mejor opci\u00f3n Equipo M\u00e9dico M\u00e9xico","robots":{"index":"index","follow":"follow","max-snippet":"max-snippet:-1","max-image-preview":"max-image-preview:large","max-video-preview":"max-video-preview:-1"},"canonical":"https:\/\/buscoequipomedico.com\/?product=scooter-sfscout4ext-roj-azu-4-ruedas","og_locale":"es_ES","og_type":"article","og_title":"SCOOTER SFSCOUT4EXT ROJ-AZU 4 RUEDAS - Tu mejor opci\u00f3n Equipo M\u00e9dico M\u00e9xico","og_description":"Estructura de acero con carcasa en color rojo o azul.Manubrio abatible con canasta porta objetos desmontable.Tim\u00f3n delta con control de acelerador ergon\u00f3mico.Asiento giratorio ajustable a 3 alturas tapizado en vinipiel.Brazos abatibles, acojinados y desmontables.Ruedas delanteras y traseras de 7\u201d.Ruedas antivuelco.","og_url":"https:\/\/buscoequipomedico.com\/?product=scooter-sfscout4ext-roj-azu-4-ruedas","og_site_name":"Tu mejor opci\u00f3n Equipo M\u00e9dico M\u00e9xico","article_modified_time":"2020-02-18T07:37:28+00:00","og_image":[{"width":800,"height":800,"url":"https:\/\/buscoequipomedico.com\/wp-content\/uploads\/2020\/02\/scooter-sfscout4ext-roj-azu-4-ruedas-estructura-de-acero-con-carcasa-en-color-rojo-o-azulmanubrio-abatible-con-canasta-porta-obj.jpg","type":"image\/png"}],"twitter_card":"summary_large_image","schema":{"@context":"https:\/\/schema.org","@graph":[{"@type":"WebPage","@id":"https:\/\/buscoequipomedico.com\/?product=scooter-sfscout4ext-roj-azu-4-ruedas","url":"https:\/\/buscoequipomedico.com\/?product=scooter-sfscout4ext-roj-azu-4-ruedas","name":"SCOOTER SFSCOUT4EXT ROJ-AZU 4 RUEDAS - Tu mejor opci\u00f3n Equipo M\u00e9dico M\u00e9xico","isPartOf":{"@id":"https:\/\/buscoequipomedico.com\/#website"},"primaryImageOfPage":{"@id":"https:\/\/buscoequipomedico.com\/?product=scooter-sfscout4ext-roj-azu-4-ruedas#primaryimage"},"image":{"@id":"https:\/\/buscoequipomedico.com\/?product=scooter-sfscout4ext-roj-azu-4-ruedas#primaryimage"},"thumbnailUrl":"https:\/\/buscoequipomedico.com\/wp-content\/uploads\/2020\/02\/scooter-sfscout4ext-roj-azu-4-ruedas-estructura-de-acero-con-carcasa-en-color-rojo-o-azulmanubrio-abatible-con-canasta-porta-obj.jpg","datePublished":"2020-02-18T07:37:25+00:00","dateModified":"2020-02-18T07:37:28+00:00","breadcrumb":{"@id":"https:\/\/buscoequipomedico.com\/?product=scooter-sfscout4ext-roj-azu-4-ruedas#breadcrumb"},"inLanguage":"es","potentialAction":[{"@type":"ReadAction","target":["https:\/\/buscoequipomedico.com\/?product=scooter-sfscout4ext-roj-azu-4-ruedas"]}]},{"@type":"ImageObject","inLanguage":"es","@id":"https:\/\/buscoequipomedico.com\/?product=scooter-sfscout4ext-roj-azu-4-ruedas#primaryimage","url":"https:\/\/buscoequipomedico.com\/wp-content\/uploads\/2020\/02\/scooter-sfscout4ext-roj-azu-4-ruedas-estructura-de-acero-con-carcasa-en-color-rojo-o-azulmanubrio-abatible-con-canasta-porta-obj.jpg","contentUrl":"https:\/\/buscoequipomedico.com\/wp-content\/uploads\/2020\/02\/scooter-sfscout4ext-roj-azu-4-ruedas-estructura-de-acero-con-carcasa-en-color-rojo-o-azulmanubrio-abatible-con-canasta-porta-obj.jpg","width":800,"height":800},{"@type":"BreadcrumbList","@id":"https:\/\/buscoequipomedico.com\/?product=scooter-sfscout4ext-roj-azu-4-ruedas#breadcrumb","itemListElement":[{"@type":"ListItem","position":1,"name":"Productos","item":"https:\/\/buscoequipomedico.com\/shop\/"},{"@type":"ListItem","position":2,"name":"SCOOTER SFSCOUT4EXT ROJ-AZU 4 RUEDAS"}]},{"@type":"WebSite","@id":"https:\/\/buscoequipomedico.com\/#website","url":"https:\/\/buscoequipomedico.com\/","name":"Tu mejor opci\u00f3n Equipo M\u00e9dico M\u00e9xico","description":"Tienda de equipo m\u00e9dico","publisher":{"@id":"https:\/\/buscoequipomedico.com\/#organization"},"potentialAction":[{"@type":"SearchAction","target":{"@type":"EntryPoint","urlTemplate":"https:\/\/buscoequipomedico.com\/?s={search_term_string}"},"query-input":{"@type":"PropertyValueSpecification","valueRequired":true,"valueName":"search_term_string"}}],"inLanguage":"es"},{"@type":"Organization","@id":"https:\/\/buscoequipomedico.com\/#organization","name":"Tu mejor opci\u00f3n Equipo M\u00e9dico M\u00e9xico","url":"https:\/\/buscoequipomedico.com\/","logo":{"@type":"ImageObject","inLanguage":"es","@id":"https:\/\/buscoequipomedico.com\/#\/schema\/logo\/image\/","url":"https:\/\/buscoequipomedico.com\/wp-content\/uploads\/2021\/07\/EMM-VPrincipal-scaled.jpg","contentUrl":"https:\/\/buscoequipomedico.com\/wp-content\/uploads\/2021\/07\/EMM-VPrincipal-scaled.jpg","width":2560,"height":1058,"caption":"Tu mejor opci\u00f3n Equipo M\u00e9dico M\u00e9xico"},"image":{"@id":"https:\/\/buscoequipomedico.com\/#\/schema\/logo\/image\/"}}]}},"_links":{"self":[{"href":"https:\/\/buscoequipomedico.com\/index.php?rest_route=\/wp\/v2\/product\/13285","targetHints":{"allow":["GET"]}}],"collection":[{"href":"https:\/\/buscoequipomedico.com\/index.php?rest_route=\/wp\/v2\/product"}],"about":[{"href":"https:\/\/buscoequipomedico.com\/index.php?rest_route=\/wp\/v2\/types\/product"}],"wp:featuredmedia":[{"embeddable":true,"href":"https:\/\/buscoequipomedico.com\/index.php?rest_route=\/wp\/v2\/media\/13286"}],"wp:attachment":[{"href":"https:\/\/buscoequipomedico.com\/index.php?rest_route=%2Fwp%2Fv2%2Fmedia&parent=13285"}],"wp:term":[{"taxonomy":"product_brand","embeddable":true,"href":"https:\/\/buscoequipomedico.com\/index.php?rest_route=%2Fwp%2Fv2%2Fproduct_brand&post=13285"},{"taxonomy":"product_cat","embeddable":true,"href":"https:\/\/buscoequipomedico.com\/index.php?rest_route=%2Fwp%2Fv2%2Fproduct_cat&post=13285"},{"taxonomy":"product_tag","embeddable":true,"href":"https:\/\/buscoequipomedico.com\/index.php?rest_route=%2Fwp%2Fv2%2Fproduct_tag&post=13285"}],"curies":[{"name":"wp","href":"https:\/\/api.w.org\/{rel}","templated":true}]}}