{"id":13305,"date":"2020-02-18T07:37:30","date_gmt":"2020-02-18T07:37:30","guid":{"rendered":"https:\/\/equipomedicomexico-com.preview-domain.com\/product\/silla-de-ruedas-de-46-cm-mod-relax-2\/"},"modified":"2020-02-18T07:37:31","modified_gmt":"2020-02-18T07:37:31","slug":"silla-de-ruedas-de-46-cm-mod-relax-2","status":"publish","type":"product","link":"https:\/\/buscoequipomedico.com\/?product=silla-de-ruedas-de-46-cm-mod-relax-2","title":{"rendered":"SILLA DE RUEDAS DE 46 CM MOD. RELAX 2"},"content":{"rendered":"<p><span>Posicionamiento y confort<\/span><\/p>\n<ul>\n<li>Basculante desde &#8211; 3 a 25\u00ba y con respaldo reclinable hasta 35\u00ba, RelaX 2 permite al usuario cambiar de postura, y as\u00ed variar las zonas del cuerpo que est\u00e1n sometidas continuamente a presi\u00f3n, reduciendo la posibilidad de escaras.<\/li>\n<\/ul>\n<p><span>Muy ajustable&#8230;<\/span><\/p>\n<ul>\n<li>RelaX 2 permite regular: la altura y profundidad del asiento (desde 42 a 50 cm), la altura del respaldo (de 55 a 60 cm), y la longitud del almohadillado de los reposabrazos.<\/li>\n<\/ul>\n<p><span>Reposapi\u00e9s elevables<\/span><\/p>\n<ul>\n<li>Muy equipada: con reposapi\u00e9s elevables, reposacabezas acolchado, soportes de tronco, cu\u00f1a abductora y ruedas antivuelco con tubos de cola integrados de serie.<\/li>\n<\/ul>\n<p><span>Empu\u00f1aduras ajustables<\/span><\/p>\n<ul>\n<li>Empu\u00f1aduras ajustables en altura. Muy f\u00e1ciles de ajustar para un mayor confort del cuidador.<\/li>\n<\/ul>\n","protected":false},"excerpt":{"rendered":"<ul>\n<li>Breezy RelaX 2 es una silla multiposici\u00f3n dise\u00f1ada para personas que pasan largos periodos de tiempo sentados y que necesitan ante todo control postural y posicionamiento, sin renunciar por ello al confort. Con asiento y respaldo anat\u00f3mico Confort y cu\u00f1a abductora de serie para estabilizar la pelvis y conseguir un correcto posicionamiento de las piernas. Los reposabrazos son ajustables en altura, con almohadillado amplio para un mayor confort del usuario.<\/li>\n<\/ul>\n","protected":false},"featured_media":13306,"template":"","meta":{"_joinchat":[]},"product_brand":[],"product_cat":[322,327],"product_tag":[],"class_list":{"0":"post-13305","1":"product","2":"type-product","3":"status-publish","4":"has-post-thumbnail","6":"product_cat-sillas","7":"product_cat-sillas-de-rueda","8":"pa_marca-sunrise","10":"first","11":"instock","12":"purchasable","13":"product-type-simple"},"yoast_head":"<!-- This site is optimized with the Yoast SEO plugin v25.1 - https:\/\/yoast.com\/wordpress\/plugins\/seo\/ -->\n<title>SILLA DE RUEDAS DE 46 CM MOD. RELAX 2 - Tu mejor opci\u00f3n Equipo M\u00e9dico M\u00e9xico<\/title>\n<meta name=\"robots\" content=\"index, follow, max-snippet:-1, max-image-preview:large, max-video-preview:-1\" \/>\n<link rel=\"canonical\" href=\"https:\/\/buscoequipomedico.com\/?product=silla-de-ruedas-de-46-cm-mod-relax-2\" \/>\n<meta property=\"og:locale\" content=\"es_ES\" \/>\n<meta property=\"og:type\" content=\"article\" \/>\n<meta property=\"og:title\" content=\"SILLA DE RUEDAS DE 46 CM MOD. RELAX 2 - Tu mejor opci\u00f3n Equipo M\u00e9dico M\u00e9xico\" \/>\n<meta property=\"og:description\" content=\"Breezy RelaX 2 es una silla multiposici\u00f3n dise\u00f1ada para personas que pasan largos periodos de tiempo sentados y que necesitan ante todo control postural y posicionamiento, sin renunciar por ello al confort. Con asiento y respaldo anat\u00f3mico Confort y cu\u00f1a abductora de serie para estabilizar la pelvis y conseguir un correcto posicionamiento de las piernas. Los reposabrazos son ajustables en altura, con almohadillado amplio para un mayor confort del usuario.\" \/>\n<meta property=\"og:url\" content=\"https:\/\/buscoequipomedico.com\/?product=silla-de-ruedas-de-46-cm-mod-relax-2\" \/>\n<meta property=\"og:site_name\" content=\"Tu mejor opci\u00f3n Equipo M\u00e9dico M\u00e9xico\" \/>\n<meta property=\"article:modified_time\" content=\"2020-02-18T07:37:31+00:00\" \/>\n<meta property=\"og:image\" content=\"https:\/\/buscoequipomedico.com\/wp-content\/uploads\/2020\/02\/silla-de-ruedas-de-46-cm-mod-relax-2-breezy-relax-2-es-una-silla-multiposicion-disenada-para-personas-que-pasan-largos-periodos.jpg\" \/>\n\t<meta property=\"og:image:width\" content=\"800\" \/>\n\t<meta property=\"og:image:height\" content=\"800\" \/>\n\t<meta property=\"og:image:type\" content=\"image\/png\" \/>\n<meta name=\"twitter:card\" content=\"summary_large_image\" \/>\n<meta name=\"twitter:label1\" content=\"Tiempo de lectura\" \/>\n\t<meta name=\"twitter:data1\" content=\"1 minuto\" \/>\n<script type=\"application\/ld+json\" class=\"yoast-schema-graph\">{\"@context\":\"https:\/\/schema.org\",\"@graph\":[{\"@type\":\"WebPage\",\"@id\":\"https:\/\/buscoequipomedico.com\/?product=silla-de-ruedas-de-46-cm-mod-relax-2\",\"url\":\"https:\/\/buscoequipomedico.com\/?product=silla-de-ruedas-de-46-cm-mod-relax-2\",\"name\":\"SILLA DE RUEDAS DE 46 CM MOD. RELAX 2 - Tu mejor opci\u00f3n Equipo M\u00e9dico M\u00e9xico\",\"isPartOf\":{\"@id\":\"https:\/\/buscoequipomedico.com\/#website\"},\"primaryImageOfPage\":{\"@id\":\"https:\/\/buscoequipomedico.com\/?product=silla-de-ruedas-de-46-cm-mod-relax-2#primaryimage\"},\"image\":{\"@id\":\"https:\/\/buscoequipomedico.com\/?product=silla-de-ruedas-de-46-cm-mod-relax-2#primaryimage\"},\"thumbnailUrl\":\"https:\/\/buscoequipomedico.com\/wp-content\/uploads\/2020\/02\/silla-de-ruedas-de-46-cm-mod-relax-2-breezy-relax-2-es-una-silla-multiposicion-disenada-para-personas-que-pasan-largos-periodos.jpg\",\"datePublished\":\"2020-02-18T07:37:30+00:00\",\"dateModified\":\"2020-02-18T07:37:31+00:00\",\"breadcrumb\":{\"@id\":\"https:\/\/buscoequipomedico.com\/?product=silla-de-ruedas-de-46-cm-mod-relax-2#breadcrumb\"},\"inLanguage\":\"es\",\"potentialAction\":[{\"@type\":\"ReadAction\",\"target\":[\"https:\/\/buscoequipomedico.com\/?product=silla-de-ruedas-de-46-cm-mod-relax-2\"]}]},{\"@type\":\"ImageObject\",\"inLanguage\":\"es\",\"@id\":\"https:\/\/buscoequipomedico.com\/?product=silla-de-ruedas-de-46-cm-mod-relax-2#primaryimage\",\"url\":\"https:\/\/buscoequipomedico.com\/wp-content\/uploads\/2020\/02\/silla-de-ruedas-de-46-cm-mod-relax-2-breezy-relax-2-es-una-silla-multiposicion-disenada-para-personas-que-pasan-largos-periodos.jpg\",\"contentUrl\":\"https:\/\/buscoequipomedico.com\/wp-content\/uploads\/2020\/02\/silla-de-ruedas-de-46-cm-mod-relax-2-breezy-relax-2-es-una-silla-multiposicion-disenada-para-personas-que-pasan-largos-periodos.jpg\",\"width\":800,\"height\":800},{\"@type\":\"BreadcrumbList\",\"@id\":\"https:\/\/buscoequipomedico.com\/?product=silla-de-ruedas-de-46-cm-mod-relax-2#breadcrumb\",\"itemListElement\":[{\"@type\":\"ListItem\",\"position\":1,\"name\":\"Productos\",\"item\":\"https:\/\/buscoequipomedico.com\/shop\/\"},{\"@type\":\"ListItem\",\"position\":2,\"name\":\"SILLA DE RUEDAS DE 46 CM MOD. RELAX 2\"}]},{\"@type\":\"WebSite\",\"@id\":\"https:\/\/buscoequipomedico.com\/#website\",\"url\":\"https:\/\/buscoequipomedico.com\/\",\"name\":\"Tu mejor opci\u00f3n Equipo M\u00e9dico M\u00e9xico\",\"description\":\"Tienda de equipo m\u00e9dico\",\"publisher\":{\"@id\":\"https:\/\/buscoequipomedico.com\/#organization\"},\"potentialAction\":[{\"@type\":\"SearchAction\",\"target\":{\"@type\":\"EntryPoint\",\"urlTemplate\":\"https:\/\/buscoequipomedico.com\/?s={search_term_string}\"},\"query-input\":{\"@type\":\"PropertyValueSpecification\",\"valueRequired\":true,\"valueName\":\"search_term_string\"}}],\"inLanguage\":\"es\"},{\"@type\":\"Organization\",\"@id\":\"https:\/\/buscoequipomedico.com\/#organization\",\"name\":\"Tu mejor opci\u00f3n Equipo M\u00e9dico M\u00e9xico\",\"url\":\"https:\/\/buscoequipomedico.com\/\",\"logo\":{\"@type\":\"ImageObject\",\"inLanguage\":\"es\",\"@id\":\"https:\/\/buscoequipomedico.com\/#\/schema\/logo\/image\/\",\"url\":\"https:\/\/buscoequipomedico.com\/wp-content\/uploads\/2021\/07\/EMM-VPrincipal-scaled.jpg\",\"contentUrl\":\"https:\/\/buscoequipomedico.com\/wp-content\/uploads\/2021\/07\/EMM-VPrincipal-scaled.jpg\",\"width\":2560,\"height\":1058,\"caption\":\"Tu mejor opci\u00f3n Equipo M\u00e9dico M\u00e9xico\"},\"image\":{\"@id\":\"https:\/\/buscoequipomedico.com\/#\/schema\/logo\/image\/\"}}]}<\/script>\n<!-- \/ Yoast SEO plugin. -->","yoast_head_json":{"title":"SILLA DE RUEDAS DE 46 CM MOD. RELAX 2 - Tu mejor opci\u00f3n Equipo M\u00e9dico M\u00e9xico","robots":{"index":"index","follow":"follow","max-snippet":"max-snippet:-1","max-image-preview":"max-image-preview:large","max-video-preview":"max-video-preview:-1"},"canonical":"https:\/\/buscoequipomedico.com\/?product=silla-de-ruedas-de-46-cm-mod-relax-2","og_locale":"es_ES","og_type":"article","og_title":"SILLA DE RUEDAS DE 46 CM MOD. RELAX 2 - Tu mejor opci\u00f3n Equipo M\u00e9dico M\u00e9xico","og_description":"Breezy RelaX 2 es una silla multiposici\u00f3n dise\u00f1ada para personas que pasan largos periodos de tiempo sentados y que necesitan ante todo control postural y posicionamiento, sin renunciar por ello al confort. Con asiento y respaldo anat\u00f3mico Confort y cu\u00f1a abductora de serie para estabilizar la pelvis y conseguir un correcto posicionamiento de las piernas. Los reposabrazos son ajustables en altura, con almohadillado amplio para un mayor confort del usuario.","og_url":"https:\/\/buscoequipomedico.com\/?product=silla-de-ruedas-de-46-cm-mod-relax-2","og_site_name":"Tu mejor opci\u00f3n Equipo M\u00e9dico M\u00e9xico","article_modified_time":"2020-02-18T07:37:31+00:00","og_image":[{"width":800,"height":800,"url":"https:\/\/buscoequipomedico.com\/wp-content\/uploads\/2020\/02\/silla-de-ruedas-de-46-cm-mod-relax-2-breezy-relax-2-es-una-silla-multiposicion-disenada-para-personas-que-pasan-largos-periodos.jpg","type":"image\/png"}],"twitter_card":"summary_large_image","twitter_misc":{"Tiempo de lectura":"1 minuto"},"schema":{"@context":"https:\/\/schema.org","@graph":[{"@type":"WebPage","@id":"https:\/\/buscoequipomedico.com\/?product=silla-de-ruedas-de-46-cm-mod-relax-2","url":"https:\/\/buscoequipomedico.com\/?product=silla-de-ruedas-de-46-cm-mod-relax-2","name":"SILLA DE RUEDAS DE 46 CM MOD. RELAX 2 - Tu mejor opci\u00f3n Equipo M\u00e9dico M\u00e9xico","isPartOf":{"@id":"https:\/\/buscoequipomedico.com\/#website"},"primaryImageOfPage":{"@id":"https:\/\/buscoequipomedico.com\/?product=silla-de-ruedas-de-46-cm-mod-relax-2#primaryimage"},"image":{"@id":"https:\/\/buscoequipomedico.com\/?product=silla-de-ruedas-de-46-cm-mod-relax-2#primaryimage"},"thumbnailUrl":"https:\/\/buscoequipomedico.com\/wp-content\/uploads\/2020\/02\/silla-de-ruedas-de-46-cm-mod-relax-2-breezy-relax-2-es-una-silla-multiposicion-disenada-para-personas-que-pasan-largos-periodos.jpg","datePublished":"2020-02-18T07:37:30+00:00","dateModified":"2020-02-18T07:37:31+00:00","breadcrumb":{"@id":"https:\/\/buscoequipomedico.com\/?product=silla-de-ruedas-de-46-cm-mod-relax-2#breadcrumb"},"inLanguage":"es","potentialAction":[{"@type":"ReadAction","target":["https:\/\/buscoequipomedico.com\/?product=silla-de-ruedas-de-46-cm-mod-relax-2"]}]},{"@type":"ImageObject","inLanguage":"es","@id":"https:\/\/buscoequipomedico.com\/?product=silla-de-ruedas-de-46-cm-mod-relax-2#primaryimage","url":"https:\/\/buscoequipomedico.com\/wp-content\/uploads\/2020\/02\/silla-de-ruedas-de-46-cm-mod-relax-2-breezy-relax-2-es-una-silla-multiposicion-disenada-para-personas-que-pasan-largos-periodos.jpg","contentUrl":"https:\/\/buscoequipomedico.com\/wp-content\/uploads\/2020\/02\/silla-de-ruedas-de-46-cm-mod-relax-2-breezy-relax-2-es-una-silla-multiposicion-disenada-para-personas-que-pasan-largos-periodos.jpg","width":800,"height":800},{"@type":"BreadcrumbList","@id":"https:\/\/buscoequipomedico.com\/?product=silla-de-ruedas-de-46-cm-mod-relax-2#breadcrumb","itemListElement":[{"@type":"ListItem","position":1,"name":"Productos","item":"https:\/\/buscoequipomedico.com\/shop\/"},{"@type":"ListItem","position":2,"name":"SILLA DE RUEDAS DE 46 CM MOD. RELAX 2"}]},{"@type":"WebSite","@id":"https:\/\/buscoequipomedico.com\/#website","url":"https:\/\/buscoequipomedico.com\/","name":"Tu mejor opci\u00f3n Equipo M\u00e9dico M\u00e9xico","description":"Tienda de equipo m\u00e9dico","publisher":{"@id":"https:\/\/buscoequipomedico.com\/#organization"},"potentialAction":[{"@type":"SearchAction","target":{"@type":"EntryPoint","urlTemplate":"https:\/\/buscoequipomedico.com\/?s={search_term_string}"},"query-input":{"@type":"PropertyValueSpecification","valueRequired":true,"valueName":"search_term_string"}}],"inLanguage":"es"},{"@type":"Organization","@id":"https:\/\/buscoequipomedico.com\/#organization","name":"Tu mejor opci\u00f3n Equipo M\u00e9dico M\u00e9xico","url":"https:\/\/buscoequipomedico.com\/","logo":{"@type":"ImageObject","inLanguage":"es","@id":"https:\/\/buscoequipomedico.com\/#\/schema\/logo\/image\/","url":"https:\/\/buscoequipomedico.com\/wp-content\/uploads\/2021\/07\/EMM-VPrincipal-scaled.jpg","contentUrl":"https:\/\/buscoequipomedico.com\/wp-content\/uploads\/2021\/07\/EMM-VPrincipal-scaled.jpg","width":2560,"height":1058,"caption":"Tu mejor opci\u00f3n Equipo M\u00e9dico M\u00e9xico"},"image":{"@id":"https:\/\/buscoequipomedico.com\/#\/schema\/logo\/image\/"}}]}},"_links":{"self":[{"href":"https:\/\/buscoequipomedico.com\/index.php?rest_route=\/wp\/v2\/product\/13305","targetHints":{"allow":["GET"]}}],"collection":[{"href":"https:\/\/buscoequipomedico.com\/index.php?rest_route=\/wp\/v2\/product"}],"about":[{"href":"https:\/\/buscoequipomedico.com\/index.php?rest_route=\/wp\/v2\/types\/product"}],"wp:featuredmedia":[{"embeddable":true,"href":"https:\/\/buscoequipomedico.com\/index.php?rest_route=\/wp\/v2\/media\/13306"}],"wp:attachment":[{"href":"https:\/\/buscoequipomedico.com\/index.php?rest_route=%2Fwp%2Fv2%2Fmedia&parent=13305"}],"wp:term":[{"taxonomy":"product_brand","embeddable":true,"href":"https:\/\/buscoequipomedico.com\/index.php?rest_route=%2Fwp%2Fv2%2Fproduct_brand&post=13305"},{"taxonomy":"product_cat","embeddable":true,"href":"https:\/\/buscoequipomedico.com\/index.php?rest_route=%2Fwp%2Fv2%2Fproduct_cat&post=13305"},{"taxonomy":"product_tag","embeddable":true,"href":"https:\/\/buscoequipomedico.com\/index.php?rest_route=%2Fwp%2Fv2%2Fproduct_tag&post=13305"}],"curies":[{"name":"wp","href":"https:\/\/api.w.org\/{rel}","templated":true}]}}