{"id":13333,"date":"2020-02-18T07:37:35","date_gmt":"2020-02-18T07:37:35","guid":{"rendered":"https:\/\/equipomedicomexico-com.preview-domain.com\/product\/silla-de-ruedas-tt-19-cromada-abatible-remov-aluminio-neumatica\/"},"modified":"2020-02-18T07:37:35","modified_gmt":"2020-02-18T07:37:35","slug":"silla-de-ruedas-tt-19-cromada-abatible-remov-aluminio-neumatica","status":"publish","type":"product","link":"https:\/\/buscoequipomedico.com\/?product=silla-de-ruedas-tt-19-cromada-abatible-remov-aluminio-neumatica","title":{"rendered":"SILLA DE RUEDAS TT 19\u201d CROMADA ABATIBLE\/REMOV ALUMINIO NEUMATICA"},"content":{"rendered":"<ul>\n<li>Acero cromado<\/li>\n<li>Descansabrazo abatible con coj\u00edn de PU tipo escritorio<\/li>\n<li>Descansapi\u00e9 removible<\/li>\n<li>Tapicer\u00eda nylon<\/li>\n<li>Rueda trasera neum\u00e1tica todo terreno y delantera 8\u00d72\u2033 de PU<\/li>\n<li>Incluye bomba y kit de reparaci\u00f3n<\/li>\n<li>Peso M\u00e1ximo de usuario: 110 kg<\/li>\n<li>Peso Bruto: 21.5 kg \/ Peso Neto: 18.5 kg<\/li>\n<li>Medidas de empaque: 26x82x94 cm<\/li>\n<\/ul>\n","protected":false},"excerpt":{"rendered":"<p>La Silla de Ruedas TT 19\u2033, tienes\u00a0 las ruedas traseras son todo terreno lo que te da una incre\u00edble movilidad sin importan en donde se encuentre, adicional el descansabrazo es abatible y el descansapi\u00e9 es remomible lo que le da a la persona que la usa una perfecta maniobrabilidadal momento de trasladarse de la silla de ruedas a otro lugar. Algo incre\u00edble es que esta silla de ruedas nunca te dejara en aprietos, ya que cuenta con un kit de reparaci\u00f3n lo que la hace la mejor silla de uso rudo y del d\u00eda d\u00eda<\/p><\/p>\n","protected":false},"featured_media":13334,"template":"","meta":{"_joinchat":[]},"product_brand":[],"product_cat":[322,327],"product_tag":[],"class_list":{"0":"post-13333","1":"product","2":"type-product","3":"status-publish","4":"has-post-thumbnail","6":"product_cat-sillas","7":"product_cat-sillas-de-rueda","8":"pa_marca-eko","10":"first","11":"instock","12":"purchasable","13":"product-type-simple"},"yoast_head":"<!-- This site is optimized with the Yoast SEO plugin v25.1 - https:\/\/yoast.com\/wordpress\/plugins\/seo\/ -->\n<title>SILLA DE RUEDAS TT 19\u201d CROMADA ABATIBLE\/REMOV ALUMINIO NEUMATICA - Tu mejor opci\u00f3n Equipo M\u00e9dico M\u00e9xico<\/title>\n<meta name=\"robots\" content=\"index, follow, max-snippet:-1, max-image-preview:large, max-video-preview:-1\" \/>\n<link rel=\"canonical\" href=\"https:\/\/buscoequipomedico.com\/?product=silla-de-ruedas-tt-19-cromada-abatible-remov-aluminio-neumatica\" \/>\n<meta property=\"og:locale\" content=\"es_ES\" \/>\n<meta property=\"og:type\" content=\"article\" \/>\n<meta property=\"og:title\" content=\"SILLA DE RUEDAS TT 19\u201d CROMADA ABATIBLE\/REMOV ALUMINIO NEUMATICA - Tu mejor opci\u00f3n Equipo M\u00e9dico M\u00e9xico\" \/>\n<meta property=\"og:description\" content=\"La Silla de Ruedas TT 19\u2033, tienes\u00a0 las ruedas traseras son todo terreno lo que te da una incre\u00edble movilidad sin importan en donde se encuentre, adicional el descansabrazo es abatible y el descansapi\u00e9 es remomible lo que le da a la persona que la usa una perfecta maniobrabilidadal momento de trasladarse de la silla de ruedas a otro lugar. Algo incre\u00edble es que esta silla de ruedas nunca te dejara en aprietos, ya que cuenta con un kit de reparaci\u00f3n lo que la hace la mejor silla de uso rudo y del d\u00eda d\u00eda\" \/>\n<meta property=\"og:url\" content=\"https:\/\/buscoequipomedico.com\/?product=silla-de-ruedas-tt-19-cromada-abatible-remov-aluminio-neumatica\" \/>\n<meta property=\"og:site_name\" content=\"Tu mejor opci\u00f3n Equipo M\u00e9dico M\u00e9xico\" \/>\n<meta property=\"og:image\" content=\"https:\/\/buscoequipomedico.com\/wp-content\/uploads\/2020\/02\/silla-de-ruedas-tt-19-cromada-abatible-remov-aluminio-neumatica-la-silla-de-ruedas-tt-19-tienes-las-ruedas-traseras-son-todo-ter.jpg\" \/>\n\t<meta property=\"og:image:width\" content=\"800\" \/>\n\t<meta property=\"og:image:height\" content=\"800\" \/>\n\t<meta property=\"og:image:type\" content=\"image\/png\" \/>\n<meta name=\"twitter:card\" content=\"summary_large_image\" \/>\n<script type=\"application\/ld+json\" class=\"yoast-schema-graph\">{\"@context\":\"https:\/\/schema.org\",\"@graph\":[{\"@type\":\"WebPage\",\"@id\":\"https:\/\/buscoequipomedico.com\/?product=silla-de-ruedas-tt-19-cromada-abatible-remov-aluminio-neumatica\",\"url\":\"https:\/\/buscoequipomedico.com\/?product=silla-de-ruedas-tt-19-cromada-abatible-remov-aluminio-neumatica\",\"name\":\"SILLA DE RUEDAS TT 19\u201d CROMADA ABATIBLE\/REMOV ALUMINIO NEUMATICA - Tu mejor opci\u00f3n Equipo M\u00e9dico M\u00e9xico\",\"isPartOf\":{\"@id\":\"https:\/\/buscoequipomedico.com\/#website\"},\"primaryImageOfPage\":{\"@id\":\"https:\/\/buscoequipomedico.com\/?product=silla-de-ruedas-tt-19-cromada-abatible-remov-aluminio-neumatica#primaryimage\"},\"image\":{\"@id\":\"https:\/\/buscoequipomedico.com\/?product=silla-de-ruedas-tt-19-cromada-abatible-remov-aluminio-neumatica#primaryimage\"},\"thumbnailUrl\":\"https:\/\/buscoequipomedico.com\/wp-content\/uploads\/2020\/02\/silla-de-ruedas-tt-19-cromada-abatible-remov-aluminio-neumatica-la-silla-de-ruedas-tt-19-tienes-las-ruedas-traseras-son-todo-ter.jpg\",\"datePublished\":\"2020-02-18T07:37:35+00:00\",\"breadcrumb\":{\"@id\":\"https:\/\/buscoequipomedico.com\/?product=silla-de-ruedas-tt-19-cromada-abatible-remov-aluminio-neumatica#breadcrumb\"},\"inLanguage\":\"es\",\"potentialAction\":[{\"@type\":\"ReadAction\",\"target\":[\"https:\/\/buscoequipomedico.com\/?product=silla-de-ruedas-tt-19-cromada-abatible-remov-aluminio-neumatica\"]}]},{\"@type\":\"ImageObject\",\"inLanguage\":\"es\",\"@id\":\"https:\/\/buscoequipomedico.com\/?product=silla-de-ruedas-tt-19-cromada-abatible-remov-aluminio-neumatica#primaryimage\",\"url\":\"https:\/\/buscoequipomedico.com\/wp-content\/uploads\/2020\/02\/silla-de-ruedas-tt-19-cromada-abatible-remov-aluminio-neumatica-la-silla-de-ruedas-tt-19-tienes-las-ruedas-traseras-son-todo-ter.jpg\",\"contentUrl\":\"https:\/\/buscoequipomedico.com\/wp-content\/uploads\/2020\/02\/silla-de-ruedas-tt-19-cromada-abatible-remov-aluminio-neumatica-la-silla-de-ruedas-tt-19-tienes-las-ruedas-traseras-son-todo-ter.jpg\",\"width\":800,\"height\":800},{\"@type\":\"BreadcrumbList\",\"@id\":\"https:\/\/buscoequipomedico.com\/?product=silla-de-ruedas-tt-19-cromada-abatible-remov-aluminio-neumatica#breadcrumb\",\"itemListElement\":[{\"@type\":\"ListItem\",\"position\":1,\"name\":\"Productos\",\"item\":\"https:\/\/buscoequipomedico.com\/shop\/\"},{\"@type\":\"ListItem\",\"position\":2,\"name\":\"SILLA DE RUEDAS TT 19\u201d CROMADA ABATIBLE\/REMOV ALUMINIO NEUMATICA\"}]},{\"@type\":\"WebSite\",\"@id\":\"https:\/\/buscoequipomedico.com\/#website\",\"url\":\"https:\/\/buscoequipomedico.com\/\",\"name\":\"Tu mejor opci\u00f3n Equipo M\u00e9dico M\u00e9xico\",\"description\":\"Tienda de equipo m\u00e9dico\",\"publisher\":{\"@id\":\"https:\/\/buscoequipomedico.com\/#organization\"},\"potentialAction\":[{\"@type\":\"SearchAction\",\"target\":{\"@type\":\"EntryPoint\",\"urlTemplate\":\"https:\/\/buscoequipomedico.com\/?s={search_term_string}\"},\"query-input\":{\"@type\":\"PropertyValueSpecification\",\"valueRequired\":true,\"valueName\":\"search_term_string\"}}],\"inLanguage\":\"es\"},{\"@type\":\"Organization\",\"@id\":\"https:\/\/buscoequipomedico.com\/#organization\",\"name\":\"Tu mejor opci\u00f3n Equipo M\u00e9dico M\u00e9xico\",\"url\":\"https:\/\/buscoequipomedico.com\/\",\"logo\":{\"@type\":\"ImageObject\",\"inLanguage\":\"es\",\"@id\":\"https:\/\/buscoequipomedico.com\/#\/schema\/logo\/image\/\",\"url\":\"https:\/\/buscoequipomedico.com\/wp-content\/uploads\/2021\/07\/EMM-VPrincipal-scaled.jpg\",\"contentUrl\":\"https:\/\/buscoequipomedico.com\/wp-content\/uploads\/2021\/07\/EMM-VPrincipal-scaled.jpg\",\"width\":2560,\"height\":1058,\"caption\":\"Tu mejor opci\u00f3n Equipo M\u00e9dico M\u00e9xico\"},\"image\":{\"@id\":\"https:\/\/buscoequipomedico.com\/#\/schema\/logo\/image\/\"}}]}<\/script>\n<!-- \/ Yoast SEO plugin. -->","yoast_head_json":{"title":"SILLA DE RUEDAS TT 19\u201d CROMADA ABATIBLE\/REMOV ALUMINIO NEUMATICA - Tu mejor opci\u00f3n Equipo M\u00e9dico M\u00e9xico","robots":{"index":"index","follow":"follow","max-snippet":"max-snippet:-1","max-image-preview":"max-image-preview:large","max-video-preview":"max-video-preview:-1"},"canonical":"https:\/\/buscoequipomedico.com\/?product=silla-de-ruedas-tt-19-cromada-abatible-remov-aluminio-neumatica","og_locale":"es_ES","og_type":"article","og_title":"SILLA DE RUEDAS TT 19\u201d CROMADA ABATIBLE\/REMOV ALUMINIO NEUMATICA - Tu mejor opci\u00f3n Equipo M\u00e9dico M\u00e9xico","og_description":"La Silla de Ruedas TT 19\u2033, tienes\u00a0 las ruedas traseras son todo terreno lo que te da una incre\u00edble movilidad sin importan en donde se encuentre, adicional el descansabrazo es abatible y el descansapi\u00e9 es remomible lo que le da a la persona que la usa una perfecta maniobrabilidadal momento de trasladarse de la silla de ruedas a otro lugar. Algo incre\u00edble es que esta silla de ruedas nunca te dejara en aprietos, ya que cuenta con un kit de reparaci\u00f3n lo que la hace la mejor silla de uso rudo y del d\u00eda d\u00eda","og_url":"https:\/\/buscoequipomedico.com\/?product=silla-de-ruedas-tt-19-cromada-abatible-remov-aluminio-neumatica","og_site_name":"Tu mejor opci\u00f3n Equipo M\u00e9dico M\u00e9xico","og_image":[{"width":800,"height":800,"url":"https:\/\/buscoequipomedico.com\/wp-content\/uploads\/2020\/02\/silla-de-ruedas-tt-19-cromada-abatible-remov-aluminio-neumatica-la-silla-de-ruedas-tt-19-tienes-las-ruedas-traseras-son-todo-ter.jpg","type":"image\/png"}],"twitter_card":"summary_large_image","schema":{"@context":"https:\/\/schema.org","@graph":[{"@type":"WebPage","@id":"https:\/\/buscoequipomedico.com\/?product=silla-de-ruedas-tt-19-cromada-abatible-remov-aluminio-neumatica","url":"https:\/\/buscoequipomedico.com\/?product=silla-de-ruedas-tt-19-cromada-abatible-remov-aluminio-neumatica","name":"SILLA DE RUEDAS TT 19\u201d CROMADA ABATIBLE\/REMOV ALUMINIO NEUMATICA - Tu mejor opci\u00f3n Equipo M\u00e9dico M\u00e9xico","isPartOf":{"@id":"https:\/\/buscoequipomedico.com\/#website"},"primaryImageOfPage":{"@id":"https:\/\/buscoequipomedico.com\/?product=silla-de-ruedas-tt-19-cromada-abatible-remov-aluminio-neumatica#primaryimage"},"image":{"@id":"https:\/\/buscoequipomedico.com\/?product=silla-de-ruedas-tt-19-cromada-abatible-remov-aluminio-neumatica#primaryimage"},"thumbnailUrl":"https:\/\/buscoequipomedico.com\/wp-content\/uploads\/2020\/02\/silla-de-ruedas-tt-19-cromada-abatible-remov-aluminio-neumatica-la-silla-de-ruedas-tt-19-tienes-las-ruedas-traseras-son-todo-ter.jpg","datePublished":"2020-02-18T07:37:35+00:00","breadcrumb":{"@id":"https:\/\/buscoequipomedico.com\/?product=silla-de-ruedas-tt-19-cromada-abatible-remov-aluminio-neumatica#breadcrumb"},"inLanguage":"es","potentialAction":[{"@type":"ReadAction","target":["https:\/\/buscoequipomedico.com\/?product=silla-de-ruedas-tt-19-cromada-abatible-remov-aluminio-neumatica"]}]},{"@type":"ImageObject","inLanguage":"es","@id":"https:\/\/buscoequipomedico.com\/?product=silla-de-ruedas-tt-19-cromada-abatible-remov-aluminio-neumatica#primaryimage","url":"https:\/\/buscoequipomedico.com\/wp-content\/uploads\/2020\/02\/silla-de-ruedas-tt-19-cromada-abatible-remov-aluminio-neumatica-la-silla-de-ruedas-tt-19-tienes-las-ruedas-traseras-son-todo-ter.jpg","contentUrl":"https:\/\/buscoequipomedico.com\/wp-content\/uploads\/2020\/02\/silla-de-ruedas-tt-19-cromada-abatible-remov-aluminio-neumatica-la-silla-de-ruedas-tt-19-tienes-las-ruedas-traseras-son-todo-ter.jpg","width":800,"height":800},{"@type":"BreadcrumbList","@id":"https:\/\/buscoequipomedico.com\/?product=silla-de-ruedas-tt-19-cromada-abatible-remov-aluminio-neumatica#breadcrumb","itemListElement":[{"@type":"ListItem","position":1,"name":"Productos","item":"https:\/\/buscoequipomedico.com\/shop\/"},{"@type":"ListItem","position":2,"name":"SILLA DE RUEDAS TT 19\u201d CROMADA ABATIBLE\/REMOV ALUMINIO NEUMATICA"}]},{"@type":"WebSite","@id":"https:\/\/buscoequipomedico.com\/#website","url":"https:\/\/buscoequipomedico.com\/","name":"Tu mejor opci\u00f3n Equipo M\u00e9dico M\u00e9xico","description":"Tienda de equipo m\u00e9dico","publisher":{"@id":"https:\/\/buscoequipomedico.com\/#organization"},"potentialAction":[{"@type":"SearchAction","target":{"@type":"EntryPoint","urlTemplate":"https:\/\/buscoequipomedico.com\/?s={search_term_string}"},"query-input":{"@type":"PropertyValueSpecification","valueRequired":true,"valueName":"search_term_string"}}],"inLanguage":"es"},{"@type":"Organization","@id":"https:\/\/buscoequipomedico.com\/#organization","name":"Tu mejor opci\u00f3n Equipo M\u00e9dico M\u00e9xico","url":"https:\/\/buscoequipomedico.com\/","logo":{"@type":"ImageObject","inLanguage":"es","@id":"https:\/\/buscoequipomedico.com\/#\/schema\/logo\/image\/","url":"https:\/\/buscoequipomedico.com\/wp-content\/uploads\/2021\/07\/EMM-VPrincipal-scaled.jpg","contentUrl":"https:\/\/buscoequipomedico.com\/wp-content\/uploads\/2021\/07\/EMM-VPrincipal-scaled.jpg","width":2560,"height":1058,"caption":"Tu mejor opci\u00f3n Equipo M\u00e9dico M\u00e9xico"},"image":{"@id":"https:\/\/buscoequipomedico.com\/#\/schema\/logo\/image\/"}}]}},"_links":{"self":[{"href":"https:\/\/buscoequipomedico.com\/index.php?rest_route=\/wp\/v2\/product\/13333","targetHints":{"allow":["GET"]}}],"collection":[{"href":"https:\/\/buscoequipomedico.com\/index.php?rest_route=\/wp\/v2\/product"}],"about":[{"href":"https:\/\/buscoequipomedico.com\/index.php?rest_route=\/wp\/v2\/types\/product"}],"wp:featuredmedia":[{"embeddable":true,"href":"https:\/\/buscoequipomedico.com\/index.php?rest_route=\/wp\/v2\/media\/13334"}],"wp:attachment":[{"href":"https:\/\/buscoequipomedico.com\/index.php?rest_route=%2Fwp%2Fv2%2Fmedia&parent=13333"}],"wp:term":[{"taxonomy":"product_brand","embeddable":true,"href":"https:\/\/buscoequipomedico.com\/index.php?rest_route=%2Fwp%2Fv2%2Fproduct_brand&post=13333"},{"taxonomy":"product_cat","embeddable":true,"href":"https:\/\/buscoequipomedico.com\/index.php?rest_route=%2Fwp%2Fv2%2Fproduct_cat&post=13333"},{"taxonomy":"product_tag","embeddable":true,"href":"https:\/\/buscoequipomedico.com\/index.php?rest_route=%2Fwp%2Fv2%2Fproduct_tag&post=13333"}],"curies":[{"name":"wp","href":"https:\/\/api.w.org\/{rel}","templated":true}]}}