{"id":13455,"date":"2020-02-18T07:37:52","date_gmt":"2020-02-18T07:37:52","guid":{"rendered":"https:\/\/equipomedicomexico-com.preview-domain.com\/product\/silla-r-std28ecdda-28-cro-nr-bed-dd-n\/"},"modified":"2020-02-18T07:37:52","modified_gmt":"2020-02-18T07:37:52","slug":"silla-r-std28ecdda-28-cro-nr-bed-dd-n","status":"publish","type":"product","link":"https:\/\/buscoequipomedico.com\/?product=silla-r-std28ecdda-28-cro-nr-bed-dd-n","title":{"rendered":"SILLA R STD28ECDDA 28 CRO NR BED DD N"},"content":{"rendered":"<p>&#8211; Asiento y respaldo tapizado en nylon (EXTRA ANCHO) para mayor comodidad y durabilidad.<\/p>\n<p>&#8211; Descansabrazos tipo escritorio ,desmontable,y acojinados<\/p>\n<p>&#8211; Doble cruceta para mayor soporte\u00a0<\/p>\n<p>&#8211; Descansapies, abatibles, y desmontables<\/p>\n<p>&#8211; Llantas traseras de 24&#8243; con rin de rayos y c\u00e1\u00f1ula de alto impacto<\/p>\n<p>&#8211; Llantas delanteras de 8&#8243; x 2 , se ajustan a tres alturas<\/p>\n<p>&#8211; Soporta 317 kgs (BARIATRICO)<\/p>\n<p>&#8211; Ancho del asiento de 26&#8243;<\/p>\n","protected":false},"excerpt":{"rendered":"<p>Esta silla de ruedas con descansapies, es de la mas alta en calidad, con acabados de alta resistencia, brind\u00e1ndole una silla pr\u00e1cticamente para todo una vida.<\/p>\n<p>Esta silla de ruedas es de la marca mas reconocida a nivel mundial DRIVE MEDICAL, reconocida por su lujo y su calidad.<\/p>\n","protected":false},"featured_media":13456,"template":"","meta":{"_joinchat":[]},"product_brand":[],"product_cat":[322,327],"product_tag":[],"class_list":{"0":"post-13455","1":"product","2":"type-product","3":"status-publish","4":"has-post-thumbnail","6":"product_cat-sillas","7":"product_cat-sillas-de-rueda","8":"pa_marca-drive","10":"first","11":"instock","12":"purchasable","13":"product-type-simple"},"yoast_head":"<!-- This site is optimized with the Yoast SEO plugin v25.1 - https:\/\/yoast.com\/wordpress\/plugins\/seo\/ -->\n<title>SILLA R STD28ECDDA 28 CRO NR BED DD N - Tu mejor opci\u00f3n Equipo M\u00e9dico M\u00e9xico<\/title>\n<meta name=\"robots\" content=\"index, follow, max-snippet:-1, max-image-preview:large, max-video-preview:-1\" \/>\n<link rel=\"canonical\" href=\"https:\/\/buscoequipomedico.com\/?product=silla-r-std28ecdda-28-cro-nr-bed-dd-n\" \/>\n<meta property=\"og:locale\" content=\"es_ES\" \/>\n<meta property=\"og:type\" content=\"article\" \/>\n<meta property=\"og:title\" content=\"SILLA R STD28ECDDA 28 CRO NR BED DD N - Tu mejor opci\u00f3n Equipo M\u00e9dico M\u00e9xico\" \/>\n<meta property=\"og:description\" content=\"Esta silla de ruedas con descansapies, es de la mas alta en calidad, con acabados de alta resistencia, brind\u00e1ndole una silla pr\u00e1cticamente para todo una vida. Esta silla de ruedas es de la marca mas reconocida a nivel mundial DRIVE MEDICAL, reconocida por su lujo y su calidad.\" \/>\n<meta property=\"og:url\" content=\"https:\/\/buscoequipomedico.com\/?product=silla-r-std28ecdda-28-cro-nr-bed-dd-n\" \/>\n<meta property=\"og:site_name\" content=\"Tu mejor opci\u00f3n Equipo M\u00e9dico M\u00e9xico\" \/>\n<meta property=\"og:image\" content=\"https:\/\/buscoequipomedico.com\/wp-content\/uploads\/2020\/02\/silla-r-std28ecdda-28-cro-nr-bed-dd-n-esta-silla-de-ruedas-con-descansapies-es-de-la-mas-alta-en-calidad-con-acabados-de-alta-re.jpg\" \/>\n\t<meta property=\"og:image:width\" content=\"800\" \/>\n\t<meta property=\"og:image:height\" content=\"800\" \/>\n\t<meta property=\"og:image:type\" content=\"image\/png\" \/>\n<meta name=\"twitter:card\" content=\"summary_large_image\" \/>\n<script type=\"application\/ld+json\" class=\"yoast-schema-graph\">{\"@context\":\"https:\/\/schema.org\",\"@graph\":[{\"@type\":\"WebPage\",\"@id\":\"https:\/\/buscoequipomedico.com\/?product=silla-r-std28ecdda-28-cro-nr-bed-dd-n\",\"url\":\"https:\/\/buscoequipomedico.com\/?product=silla-r-std28ecdda-28-cro-nr-bed-dd-n\",\"name\":\"SILLA R STD28ECDDA 28 CRO NR BED DD N - Tu mejor opci\u00f3n Equipo M\u00e9dico M\u00e9xico\",\"isPartOf\":{\"@id\":\"https:\/\/buscoequipomedico.com\/#website\"},\"primaryImageOfPage\":{\"@id\":\"https:\/\/buscoequipomedico.com\/?product=silla-r-std28ecdda-28-cro-nr-bed-dd-n#primaryimage\"},\"image\":{\"@id\":\"https:\/\/buscoequipomedico.com\/?product=silla-r-std28ecdda-28-cro-nr-bed-dd-n#primaryimage\"},\"thumbnailUrl\":\"https:\/\/buscoequipomedico.com\/wp-content\/uploads\/2020\/02\/silla-r-std28ecdda-28-cro-nr-bed-dd-n-esta-silla-de-ruedas-con-descansapies-es-de-la-mas-alta-en-calidad-con-acabados-de-alta-re.jpg\",\"datePublished\":\"2020-02-18T07:37:52+00:00\",\"breadcrumb\":{\"@id\":\"https:\/\/buscoequipomedico.com\/?product=silla-r-std28ecdda-28-cro-nr-bed-dd-n#breadcrumb\"},\"inLanguage\":\"es\",\"potentialAction\":[{\"@type\":\"ReadAction\",\"target\":[\"https:\/\/buscoequipomedico.com\/?product=silla-r-std28ecdda-28-cro-nr-bed-dd-n\"]}]},{\"@type\":\"ImageObject\",\"inLanguage\":\"es\",\"@id\":\"https:\/\/buscoequipomedico.com\/?product=silla-r-std28ecdda-28-cro-nr-bed-dd-n#primaryimage\",\"url\":\"https:\/\/buscoequipomedico.com\/wp-content\/uploads\/2020\/02\/silla-r-std28ecdda-28-cro-nr-bed-dd-n-esta-silla-de-ruedas-con-descansapies-es-de-la-mas-alta-en-calidad-con-acabados-de-alta-re.jpg\",\"contentUrl\":\"https:\/\/buscoequipomedico.com\/wp-content\/uploads\/2020\/02\/silla-r-std28ecdda-28-cro-nr-bed-dd-n-esta-silla-de-ruedas-con-descansapies-es-de-la-mas-alta-en-calidad-con-acabados-de-alta-re.jpg\",\"width\":800,\"height\":800},{\"@type\":\"BreadcrumbList\",\"@id\":\"https:\/\/buscoequipomedico.com\/?product=silla-r-std28ecdda-28-cro-nr-bed-dd-n#breadcrumb\",\"itemListElement\":[{\"@type\":\"ListItem\",\"position\":1,\"name\":\"Productos\",\"item\":\"https:\/\/buscoequipomedico.com\/shop\/\"},{\"@type\":\"ListItem\",\"position\":2,\"name\":\"SILLA R STD28ECDDA 28 CRO NR BED DD N\"}]},{\"@type\":\"WebSite\",\"@id\":\"https:\/\/buscoequipomedico.com\/#website\",\"url\":\"https:\/\/buscoequipomedico.com\/\",\"name\":\"Tu mejor opci\u00f3n Equipo M\u00e9dico M\u00e9xico\",\"description\":\"Tienda de equipo m\u00e9dico\",\"publisher\":{\"@id\":\"https:\/\/buscoequipomedico.com\/#organization\"},\"potentialAction\":[{\"@type\":\"SearchAction\",\"target\":{\"@type\":\"EntryPoint\",\"urlTemplate\":\"https:\/\/buscoequipomedico.com\/?s={search_term_string}\"},\"query-input\":{\"@type\":\"PropertyValueSpecification\",\"valueRequired\":true,\"valueName\":\"search_term_string\"}}],\"inLanguage\":\"es\"},{\"@type\":\"Organization\",\"@id\":\"https:\/\/buscoequipomedico.com\/#organization\",\"name\":\"Tu mejor opci\u00f3n Equipo M\u00e9dico M\u00e9xico\",\"url\":\"https:\/\/buscoequipomedico.com\/\",\"logo\":{\"@type\":\"ImageObject\",\"inLanguage\":\"es\",\"@id\":\"https:\/\/buscoequipomedico.com\/#\/schema\/logo\/image\/\",\"url\":\"https:\/\/buscoequipomedico.com\/wp-content\/uploads\/2021\/07\/EMM-VPrincipal-scaled.jpg\",\"contentUrl\":\"https:\/\/buscoequipomedico.com\/wp-content\/uploads\/2021\/07\/EMM-VPrincipal-scaled.jpg\",\"width\":2560,\"height\":1058,\"caption\":\"Tu mejor opci\u00f3n Equipo M\u00e9dico M\u00e9xico\"},\"image\":{\"@id\":\"https:\/\/buscoequipomedico.com\/#\/schema\/logo\/image\/\"}}]}<\/script>\n<!-- \/ Yoast SEO plugin. -->","yoast_head_json":{"title":"SILLA R STD28ECDDA 28 CRO NR BED DD N - Tu mejor opci\u00f3n Equipo M\u00e9dico M\u00e9xico","robots":{"index":"index","follow":"follow","max-snippet":"max-snippet:-1","max-image-preview":"max-image-preview:large","max-video-preview":"max-video-preview:-1"},"canonical":"https:\/\/buscoequipomedico.com\/?product=silla-r-std28ecdda-28-cro-nr-bed-dd-n","og_locale":"es_ES","og_type":"article","og_title":"SILLA R STD28ECDDA 28 CRO NR BED DD N - Tu mejor opci\u00f3n Equipo M\u00e9dico M\u00e9xico","og_description":"Esta silla de ruedas con descansapies, es de la mas alta en calidad, con acabados de alta resistencia, brind\u00e1ndole una silla pr\u00e1cticamente para todo una vida. Esta silla de ruedas es de la marca mas reconocida a nivel mundial DRIVE MEDICAL, reconocida por su lujo y su calidad.","og_url":"https:\/\/buscoequipomedico.com\/?product=silla-r-std28ecdda-28-cro-nr-bed-dd-n","og_site_name":"Tu mejor opci\u00f3n Equipo M\u00e9dico M\u00e9xico","og_image":[{"width":800,"height":800,"url":"https:\/\/buscoequipomedico.com\/wp-content\/uploads\/2020\/02\/silla-r-std28ecdda-28-cro-nr-bed-dd-n-esta-silla-de-ruedas-con-descansapies-es-de-la-mas-alta-en-calidad-con-acabados-de-alta-re.jpg","type":"image\/png"}],"twitter_card":"summary_large_image","schema":{"@context":"https:\/\/schema.org","@graph":[{"@type":"WebPage","@id":"https:\/\/buscoequipomedico.com\/?product=silla-r-std28ecdda-28-cro-nr-bed-dd-n","url":"https:\/\/buscoequipomedico.com\/?product=silla-r-std28ecdda-28-cro-nr-bed-dd-n","name":"SILLA R STD28ECDDA 28 CRO NR BED DD N - Tu mejor opci\u00f3n Equipo M\u00e9dico M\u00e9xico","isPartOf":{"@id":"https:\/\/buscoequipomedico.com\/#website"},"primaryImageOfPage":{"@id":"https:\/\/buscoequipomedico.com\/?product=silla-r-std28ecdda-28-cro-nr-bed-dd-n#primaryimage"},"image":{"@id":"https:\/\/buscoequipomedico.com\/?product=silla-r-std28ecdda-28-cro-nr-bed-dd-n#primaryimage"},"thumbnailUrl":"https:\/\/buscoequipomedico.com\/wp-content\/uploads\/2020\/02\/silla-r-std28ecdda-28-cro-nr-bed-dd-n-esta-silla-de-ruedas-con-descansapies-es-de-la-mas-alta-en-calidad-con-acabados-de-alta-re.jpg","datePublished":"2020-02-18T07:37:52+00:00","breadcrumb":{"@id":"https:\/\/buscoequipomedico.com\/?product=silla-r-std28ecdda-28-cro-nr-bed-dd-n#breadcrumb"},"inLanguage":"es","potentialAction":[{"@type":"ReadAction","target":["https:\/\/buscoequipomedico.com\/?product=silla-r-std28ecdda-28-cro-nr-bed-dd-n"]}]},{"@type":"ImageObject","inLanguage":"es","@id":"https:\/\/buscoequipomedico.com\/?product=silla-r-std28ecdda-28-cro-nr-bed-dd-n#primaryimage","url":"https:\/\/buscoequipomedico.com\/wp-content\/uploads\/2020\/02\/silla-r-std28ecdda-28-cro-nr-bed-dd-n-esta-silla-de-ruedas-con-descansapies-es-de-la-mas-alta-en-calidad-con-acabados-de-alta-re.jpg","contentUrl":"https:\/\/buscoequipomedico.com\/wp-content\/uploads\/2020\/02\/silla-r-std28ecdda-28-cro-nr-bed-dd-n-esta-silla-de-ruedas-con-descansapies-es-de-la-mas-alta-en-calidad-con-acabados-de-alta-re.jpg","width":800,"height":800},{"@type":"BreadcrumbList","@id":"https:\/\/buscoequipomedico.com\/?product=silla-r-std28ecdda-28-cro-nr-bed-dd-n#breadcrumb","itemListElement":[{"@type":"ListItem","position":1,"name":"Productos","item":"https:\/\/buscoequipomedico.com\/shop\/"},{"@type":"ListItem","position":2,"name":"SILLA R STD28ECDDA 28 CRO NR BED DD N"}]},{"@type":"WebSite","@id":"https:\/\/buscoequipomedico.com\/#website","url":"https:\/\/buscoequipomedico.com\/","name":"Tu mejor opci\u00f3n Equipo M\u00e9dico M\u00e9xico","description":"Tienda de equipo m\u00e9dico","publisher":{"@id":"https:\/\/buscoequipomedico.com\/#organization"},"potentialAction":[{"@type":"SearchAction","target":{"@type":"EntryPoint","urlTemplate":"https:\/\/buscoequipomedico.com\/?s={search_term_string}"},"query-input":{"@type":"PropertyValueSpecification","valueRequired":true,"valueName":"search_term_string"}}],"inLanguage":"es"},{"@type":"Organization","@id":"https:\/\/buscoequipomedico.com\/#organization","name":"Tu mejor opci\u00f3n Equipo M\u00e9dico M\u00e9xico","url":"https:\/\/buscoequipomedico.com\/","logo":{"@type":"ImageObject","inLanguage":"es","@id":"https:\/\/buscoequipomedico.com\/#\/schema\/logo\/image\/","url":"https:\/\/buscoequipomedico.com\/wp-content\/uploads\/2021\/07\/EMM-VPrincipal-scaled.jpg","contentUrl":"https:\/\/buscoequipomedico.com\/wp-content\/uploads\/2021\/07\/EMM-VPrincipal-scaled.jpg","width":2560,"height":1058,"caption":"Tu mejor opci\u00f3n Equipo M\u00e9dico M\u00e9xico"},"image":{"@id":"https:\/\/buscoequipomedico.com\/#\/schema\/logo\/image\/"}}]}},"_links":{"self":[{"href":"https:\/\/buscoequipomedico.com\/index.php?rest_route=\/wp\/v2\/product\/13455","targetHints":{"allow":["GET"]}}],"collection":[{"href":"https:\/\/buscoequipomedico.com\/index.php?rest_route=\/wp\/v2\/product"}],"about":[{"href":"https:\/\/buscoequipomedico.com\/index.php?rest_route=\/wp\/v2\/types\/product"}],"wp:featuredmedia":[{"embeddable":true,"href":"https:\/\/buscoequipomedico.com\/index.php?rest_route=\/wp\/v2\/media\/13456"}],"wp:attachment":[{"href":"https:\/\/buscoequipomedico.com\/index.php?rest_route=%2Fwp%2Fv2%2Fmedia&parent=13455"}],"wp:term":[{"taxonomy":"product_brand","embeddable":true,"href":"https:\/\/buscoequipomedico.com\/index.php?rest_route=%2Fwp%2Fv2%2Fproduct_brand&post=13455"},{"taxonomy":"product_cat","embeddable":true,"href":"https:\/\/buscoequipomedico.com\/index.php?rest_route=%2Fwp%2Fv2%2Fproduct_cat&post=13455"},{"taxonomy":"product_tag","embeddable":true,"href":"https:\/\/buscoequipomedico.com\/index.php?rest_route=%2Fwp%2Fv2%2Fproduct_tag&post=13455"}],"curies":[{"name":"wp","href":"https:\/\/api.w.org\/{rel}","templated":true}]}}