{"id":13487,"date":"2020-02-18T07:37:52","date_gmt":"2020-02-18T07:37:52","guid":{"rendered":"https:\/\/equipomedicomexico-com.preview-domain.com\/product\/silla-de-traslado-18%c2%a8-aluminio-azul-metalico-rueda-8%c2%a8\/"},"modified":"2020-02-18T07:37:55","modified_gmt":"2020-02-18T07:37:55","slug":"silla-de-traslado-18%c2%a8-aluminio-azul-metalico-rueda-8%c2%a8","status":"publish","type":"product","link":"https:\/\/buscoequipomedico.com\/?product=silla-de-traslado-18%c2%a8-aluminio-azul-metalico-rueda-8%c2%a8","title":{"rendered":"SILLA DE TRASLADO 18\u00a8 ALUMINIO AZUL METALICO RUEDA 8\u00a8"},"content":{"rendered":"<ul>\n<li>Aluminio esmaltado met\u00e1lico<\/li>\n<li>Respaldo abatible con cintur\u00f3n de seguridad<\/li>\n<li>Descansabrazo fijo y descansapi\u00e9 removible<\/li>\n<li>Ruedas solidas 8\u00d71\u2033<\/li>\n<li>Peso M\u00e1ximo de usuario: 100 kg<\/li>\n<li>Peso Bruto: 13 kg \/ Peso Neto: 12 kg<\/li>\n<li>Medidas de empaque: 62x26x80 cm<\/li>\n<\/ul>\n","protected":false},"excerpt":{"rendered":"<p><span>La Silla de Ruedas de Traslado 18\u2033, EW300101 est\u00e1 fabricada con aluminio esmaltado o que la hace liviana en comparaci\u00f3n a otras sillas, su respaldo abatible hace que sea m\u00e1s f\u00e1cil trasladar al paciente, para seguridad del paciente tiene un cintur\u00f3n de seguridad que evitar\u00e1 que se caiga, otra particularidad es que contiendo el descansapi\u00e9 removible lo que hace m\u00e1s f\u00e1cil trasladar al paciente de la silla a otro lugar<\/span><\/p>\n","protected":false},"featured_media":13488,"template":"","meta":{"_joinchat":[]},"product_brand":[],"product_cat":[322,329],"product_tag":[],"class_list":{"0":"post-13487","1":"product","2":"type-product","3":"status-publish","4":"has-post-thumbnail","6":"product_cat-sillas","7":"product_cat-sillas-de-traslado","8":"pa_marca-eko","10":"first","11":"instock","12":"purchasable","13":"product-type-simple"},"yoast_head":"<!-- This site is optimized with the Yoast SEO plugin v25.1 - https:\/\/yoast.com\/wordpress\/plugins\/seo\/ -->\n<title>SILLA DE TRASLADO 18\u00a8 ALUMINIO AZUL METALICO RUEDA 8\u00a8 - Tu mejor opci\u00f3n Equipo M\u00e9dico M\u00e9xico<\/title>\n<meta name=\"robots\" content=\"index, follow, max-snippet:-1, max-image-preview:large, max-video-preview:-1\" \/>\n<link rel=\"canonical\" href=\"https:\/\/buscoequipomedico.com\/?product=silla-de-traslado-18\u00a8-aluminio-azul-metalico-rueda-8\u00a8\" \/>\n<meta property=\"og:locale\" content=\"es_ES\" \/>\n<meta property=\"og:type\" content=\"article\" \/>\n<meta property=\"og:title\" content=\"SILLA DE TRASLADO 18\u00a8 ALUMINIO AZUL METALICO RUEDA 8\u00a8 - Tu mejor opci\u00f3n Equipo M\u00e9dico M\u00e9xico\" \/>\n<meta property=\"og:description\" content=\"La Silla de Ruedas de Traslado 18\u2033, EW300101 est\u00e1 fabricada con aluminio esmaltado o que la hace liviana en comparaci\u00f3n a otras sillas, su respaldo abatible hace que sea m\u00e1s f\u00e1cil trasladar al paciente, para seguridad del paciente tiene un cintur\u00f3n de seguridad que evitar\u00e1 que se caiga, otra particularidad es que contiendo el descansapi\u00e9 removible lo que hace m\u00e1s f\u00e1cil trasladar al paciente de la silla a otro lugar\" \/>\n<meta property=\"og:url\" content=\"https:\/\/buscoequipomedico.com\/?product=silla-de-traslado-18\u00a8-aluminio-azul-metalico-rueda-8\u00a8\" \/>\n<meta property=\"og:site_name\" content=\"Tu mejor opci\u00f3n Equipo M\u00e9dico M\u00e9xico\" \/>\n<meta property=\"article:modified_time\" content=\"2020-02-18T07:37:55+00:00\" \/>\n<meta property=\"og:image\" content=\"https:\/\/buscoequipomedico.com\/wp-content\/uploads\/2020\/02\/silla-de-traslado-18-aluminio-azul-metalico-rueda-8-la-silla-de-ruedas-de-traslado-18-ew300101-esta-fabricada-con-aluminio-esmal.jpg\" \/>\n\t<meta property=\"og:image:width\" content=\"800\" \/>\n\t<meta property=\"og:image:height\" content=\"800\" \/>\n\t<meta property=\"og:image:type\" content=\"image\/png\" \/>\n<meta name=\"twitter:card\" content=\"summary_large_image\" \/>\n<script type=\"application\/ld+json\" class=\"yoast-schema-graph\">{\"@context\":\"https:\/\/schema.org\",\"@graph\":[{\"@type\":\"WebPage\",\"@id\":\"https:\/\/buscoequipomedico.com\/?product=silla-de-traslado-18%c2%a8-aluminio-azul-metalico-rueda-8%c2%a8\",\"url\":\"https:\/\/buscoequipomedico.com\/?product=silla-de-traslado-18%c2%a8-aluminio-azul-metalico-rueda-8%c2%a8\",\"name\":\"SILLA DE TRASLADO 18\u00a8 ALUMINIO AZUL METALICO RUEDA 8\u00a8 - Tu mejor opci\u00f3n Equipo M\u00e9dico M\u00e9xico\",\"isPartOf\":{\"@id\":\"https:\/\/buscoequipomedico.com\/#website\"},\"primaryImageOfPage\":{\"@id\":\"https:\/\/buscoequipomedico.com\/?product=silla-de-traslado-18%c2%a8-aluminio-azul-metalico-rueda-8%c2%a8#primaryimage\"},\"image\":{\"@id\":\"https:\/\/buscoequipomedico.com\/?product=silla-de-traslado-18%c2%a8-aluminio-azul-metalico-rueda-8%c2%a8#primaryimage\"},\"thumbnailUrl\":\"https:\/\/buscoequipomedico.com\/wp-content\/uploads\/2020\/02\/silla-de-traslado-18-aluminio-azul-metalico-rueda-8-la-silla-de-ruedas-de-traslado-18-ew300101-esta-fabricada-con-aluminio-esmal.jpg\",\"datePublished\":\"2020-02-18T07:37:52+00:00\",\"dateModified\":\"2020-02-18T07:37:55+00:00\",\"breadcrumb\":{\"@id\":\"https:\/\/buscoequipomedico.com\/?product=silla-de-traslado-18%c2%a8-aluminio-azul-metalico-rueda-8%c2%a8#breadcrumb\"},\"inLanguage\":\"es\",\"potentialAction\":[{\"@type\":\"ReadAction\",\"target\":[\"https:\/\/buscoequipomedico.com\/?product=silla-de-traslado-18%c2%a8-aluminio-azul-metalico-rueda-8%c2%a8\"]}]},{\"@type\":\"ImageObject\",\"inLanguage\":\"es\",\"@id\":\"https:\/\/buscoequipomedico.com\/?product=silla-de-traslado-18%c2%a8-aluminio-azul-metalico-rueda-8%c2%a8#primaryimage\",\"url\":\"https:\/\/buscoequipomedico.com\/wp-content\/uploads\/2020\/02\/silla-de-traslado-18-aluminio-azul-metalico-rueda-8-la-silla-de-ruedas-de-traslado-18-ew300101-esta-fabricada-con-aluminio-esmal.jpg\",\"contentUrl\":\"https:\/\/buscoequipomedico.com\/wp-content\/uploads\/2020\/02\/silla-de-traslado-18-aluminio-azul-metalico-rueda-8-la-silla-de-ruedas-de-traslado-18-ew300101-esta-fabricada-con-aluminio-esmal.jpg\",\"width\":800,\"height\":800},{\"@type\":\"BreadcrumbList\",\"@id\":\"https:\/\/buscoequipomedico.com\/?product=silla-de-traslado-18%c2%a8-aluminio-azul-metalico-rueda-8%c2%a8#breadcrumb\",\"itemListElement\":[{\"@type\":\"ListItem\",\"position\":1,\"name\":\"Productos\",\"item\":\"https:\/\/buscoequipomedico.com\/shop\/\"},{\"@type\":\"ListItem\",\"position\":2,\"name\":\"SILLA DE TRASLADO 18\u00a8 ALUMINIO AZUL METALICO RUEDA 8\u00a8\"}]},{\"@type\":\"WebSite\",\"@id\":\"https:\/\/buscoequipomedico.com\/#website\",\"url\":\"https:\/\/buscoequipomedico.com\/\",\"name\":\"Tu mejor opci\u00f3n Equipo M\u00e9dico M\u00e9xico\",\"description\":\"Tienda de equipo m\u00e9dico\",\"publisher\":{\"@id\":\"https:\/\/buscoequipomedico.com\/#organization\"},\"potentialAction\":[{\"@type\":\"SearchAction\",\"target\":{\"@type\":\"EntryPoint\",\"urlTemplate\":\"https:\/\/buscoequipomedico.com\/?s={search_term_string}\"},\"query-input\":{\"@type\":\"PropertyValueSpecification\",\"valueRequired\":true,\"valueName\":\"search_term_string\"}}],\"inLanguage\":\"es\"},{\"@type\":\"Organization\",\"@id\":\"https:\/\/buscoequipomedico.com\/#organization\",\"name\":\"Tu mejor opci\u00f3n Equipo M\u00e9dico M\u00e9xico\",\"url\":\"https:\/\/buscoequipomedico.com\/\",\"logo\":{\"@type\":\"ImageObject\",\"inLanguage\":\"es\",\"@id\":\"https:\/\/buscoequipomedico.com\/#\/schema\/logo\/image\/\",\"url\":\"https:\/\/buscoequipomedico.com\/wp-content\/uploads\/2021\/07\/EMM-VPrincipal-scaled.jpg\",\"contentUrl\":\"https:\/\/buscoequipomedico.com\/wp-content\/uploads\/2021\/07\/EMM-VPrincipal-scaled.jpg\",\"width\":2560,\"height\":1058,\"caption\":\"Tu mejor opci\u00f3n Equipo M\u00e9dico M\u00e9xico\"},\"image\":{\"@id\":\"https:\/\/buscoequipomedico.com\/#\/schema\/logo\/image\/\"}}]}<\/script>\n<!-- \/ Yoast SEO plugin. -->","yoast_head_json":{"title":"SILLA DE TRASLADO 18\u00a8 ALUMINIO AZUL METALICO RUEDA 8\u00a8 - Tu mejor opci\u00f3n Equipo M\u00e9dico M\u00e9xico","robots":{"index":"index","follow":"follow","max-snippet":"max-snippet:-1","max-image-preview":"max-image-preview:large","max-video-preview":"max-video-preview:-1"},"canonical":"https:\/\/buscoequipomedico.com\/?product=silla-de-traslado-18\u00a8-aluminio-azul-metalico-rueda-8\u00a8","og_locale":"es_ES","og_type":"article","og_title":"SILLA DE TRASLADO 18\u00a8 ALUMINIO AZUL METALICO RUEDA 8\u00a8 - Tu mejor opci\u00f3n Equipo M\u00e9dico M\u00e9xico","og_description":"La Silla de Ruedas de Traslado 18\u2033, EW300101 est\u00e1 fabricada con aluminio esmaltado o que la hace liviana en comparaci\u00f3n a otras sillas, su respaldo abatible hace que sea m\u00e1s f\u00e1cil trasladar al paciente, para seguridad del paciente tiene un cintur\u00f3n de seguridad que evitar\u00e1 que se caiga, otra particularidad es que contiendo el descansapi\u00e9 removible lo que hace m\u00e1s f\u00e1cil trasladar al paciente de la silla a otro lugar","og_url":"https:\/\/buscoequipomedico.com\/?product=silla-de-traslado-18\u00a8-aluminio-azul-metalico-rueda-8\u00a8","og_site_name":"Tu mejor opci\u00f3n Equipo M\u00e9dico M\u00e9xico","article_modified_time":"2020-02-18T07:37:55+00:00","og_image":[{"width":800,"height":800,"url":"https:\/\/buscoequipomedico.com\/wp-content\/uploads\/2020\/02\/silla-de-traslado-18-aluminio-azul-metalico-rueda-8-la-silla-de-ruedas-de-traslado-18-ew300101-esta-fabricada-con-aluminio-esmal.jpg","type":"image\/png"}],"twitter_card":"summary_large_image","schema":{"@context":"https:\/\/schema.org","@graph":[{"@type":"WebPage","@id":"https:\/\/buscoequipomedico.com\/?product=silla-de-traslado-18%c2%a8-aluminio-azul-metalico-rueda-8%c2%a8","url":"https:\/\/buscoequipomedico.com\/?product=silla-de-traslado-18%c2%a8-aluminio-azul-metalico-rueda-8%c2%a8","name":"SILLA DE TRASLADO 18\u00a8 ALUMINIO AZUL METALICO RUEDA 8\u00a8 - Tu mejor opci\u00f3n Equipo M\u00e9dico M\u00e9xico","isPartOf":{"@id":"https:\/\/buscoequipomedico.com\/#website"},"primaryImageOfPage":{"@id":"https:\/\/buscoequipomedico.com\/?product=silla-de-traslado-18%c2%a8-aluminio-azul-metalico-rueda-8%c2%a8#primaryimage"},"image":{"@id":"https:\/\/buscoequipomedico.com\/?product=silla-de-traslado-18%c2%a8-aluminio-azul-metalico-rueda-8%c2%a8#primaryimage"},"thumbnailUrl":"https:\/\/buscoequipomedico.com\/wp-content\/uploads\/2020\/02\/silla-de-traslado-18-aluminio-azul-metalico-rueda-8-la-silla-de-ruedas-de-traslado-18-ew300101-esta-fabricada-con-aluminio-esmal.jpg","datePublished":"2020-02-18T07:37:52+00:00","dateModified":"2020-02-18T07:37:55+00:00","breadcrumb":{"@id":"https:\/\/buscoequipomedico.com\/?product=silla-de-traslado-18%c2%a8-aluminio-azul-metalico-rueda-8%c2%a8#breadcrumb"},"inLanguage":"es","potentialAction":[{"@type":"ReadAction","target":["https:\/\/buscoequipomedico.com\/?product=silla-de-traslado-18%c2%a8-aluminio-azul-metalico-rueda-8%c2%a8"]}]},{"@type":"ImageObject","inLanguage":"es","@id":"https:\/\/buscoequipomedico.com\/?product=silla-de-traslado-18%c2%a8-aluminio-azul-metalico-rueda-8%c2%a8#primaryimage","url":"https:\/\/buscoequipomedico.com\/wp-content\/uploads\/2020\/02\/silla-de-traslado-18-aluminio-azul-metalico-rueda-8-la-silla-de-ruedas-de-traslado-18-ew300101-esta-fabricada-con-aluminio-esmal.jpg","contentUrl":"https:\/\/buscoequipomedico.com\/wp-content\/uploads\/2020\/02\/silla-de-traslado-18-aluminio-azul-metalico-rueda-8-la-silla-de-ruedas-de-traslado-18-ew300101-esta-fabricada-con-aluminio-esmal.jpg","width":800,"height":800},{"@type":"BreadcrumbList","@id":"https:\/\/buscoequipomedico.com\/?product=silla-de-traslado-18%c2%a8-aluminio-azul-metalico-rueda-8%c2%a8#breadcrumb","itemListElement":[{"@type":"ListItem","position":1,"name":"Productos","item":"https:\/\/buscoequipomedico.com\/shop\/"},{"@type":"ListItem","position":2,"name":"SILLA DE TRASLADO 18\u00a8 ALUMINIO AZUL METALICO RUEDA 8\u00a8"}]},{"@type":"WebSite","@id":"https:\/\/buscoequipomedico.com\/#website","url":"https:\/\/buscoequipomedico.com\/","name":"Tu mejor opci\u00f3n Equipo M\u00e9dico M\u00e9xico","description":"Tienda de equipo m\u00e9dico","publisher":{"@id":"https:\/\/buscoequipomedico.com\/#organization"},"potentialAction":[{"@type":"SearchAction","target":{"@type":"EntryPoint","urlTemplate":"https:\/\/buscoequipomedico.com\/?s={search_term_string}"},"query-input":{"@type":"PropertyValueSpecification","valueRequired":true,"valueName":"search_term_string"}}],"inLanguage":"es"},{"@type":"Organization","@id":"https:\/\/buscoequipomedico.com\/#organization","name":"Tu mejor opci\u00f3n Equipo M\u00e9dico M\u00e9xico","url":"https:\/\/buscoequipomedico.com\/","logo":{"@type":"ImageObject","inLanguage":"es","@id":"https:\/\/buscoequipomedico.com\/#\/schema\/logo\/image\/","url":"https:\/\/buscoequipomedico.com\/wp-content\/uploads\/2021\/07\/EMM-VPrincipal-scaled.jpg","contentUrl":"https:\/\/buscoequipomedico.com\/wp-content\/uploads\/2021\/07\/EMM-VPrincipal-scaled.jpg","width":2560,"height":1058,"caption":"Tu mejor opci\u00f3n Equipo M\u00e9dico M\u00e9xico"},"image":{"@id":"https:\/\/buscoequipomedico.com\/#\/schema\/logo\/image\/"}}]}},"_links":{"self":[{"href":"https:\/\/buscoequipomedico.com\/index.php?rest_route=\/wp\/v2\/product\/13487","targetHints":{"allow":["GET"]}}],"collection":[{"href":"https:\/\/buscoequipomedico.com\/index.php?rest_route=\/wp\/v2\/product"}],"about":[{"href":"https:\/\/buscoequipomedico.com\/index.php?rest_route=\/wp\/v2\/types\/product"}],"wp:featuredmedia":[{"embeddable":true,"href":"https:\/\/buscoequipomedico.com\/index.php?rest_route=\/wp\/v2\/media\/13488"}],"wp:attachment":[{"href":"https:\/\/buscoequipomedico.com\/index.php?rest_route=%2Fwp%2Fv2%2Fmedia&parent=13487"}],"wp:term":[{"taxonomy":"product_brand","embeddable":true,"href":"https:\/\/buscoequipomedico.com\/index.php?rest_route=%2Fwp%2Fv2%2Fproduct_brand&post=13487"},{"taxonomy":"product_cat","embeddable":true,"href":"https:\/\/buscoequipomedico.com\/index.php?rest_route=%2Fwp%2Fv2%2Fproduct_cat&post=13487"},{"taxonomy":"product_tag","embeddable":true,"href":"https:\/\/buscoequipomedico.com\/index.php?rest_route=%2Fwp%2Fv2%2Fproduct_tag&post=13487"}],"curies":[{"name":"wp","href":"https:\/\/api.w.org\/{rel}","templated":true}]}}