{"id":13503,"date":"2020-02-18T07:37:57","date_gmt":"2020-02-18T07:37:57","guid":{"rendered":"https:\/\/equipomedicomexico-com.preview-domain.com\/product\/silla-de-rueda-de-supermercado-20%c2%a8-negra-fija-fija-solida\/"},"modified":"2020-02-18T07:37:58","modified_gmt":"2020-02-18T07:37:58","slug":"silla-de-rueda-de-supermercado-20%c2%a8-negra-fija-fija-solida","status":"publish","type":"product","link":"https:\/\/buscoequipomedico.com\/?product=silla-de-rueda-de-supermercado-20%c2%a8-negra-fija-fija-solida","title":{"rendered":"SILLA DE RUEDA DE SUPERMERCADO  20\u00a8  NEGRA FIJA\/FIJA SOLIDA"},"content":{"rendered":"<ul>\n<li>Ruedas traseras semineum\u00e1ticas con R\u00edn MAG<\/li>\n<li>Rueda delantera 8\u00d72\u00a8 PU<\/li>\n<li>Peso M\u00e1ximo de usuario: 110 kg.<\/li>\n<li>Peso Bruto: 30 kg. \/ Peso Neto: 27 kg.<\/li>\n<li>Medidas de empaque: 30 x 90 x 93 cm.<\/li>\n<li>\n<table>\n<tbody>\n<tr>\n<th>PESO<\/th>\n<td>30 kg<\/td>\n<\/tr>\n<tr>\n<th>DIMENSIONES<\/th>\n<td>30 x 93 x 93 cm<\/td>\n<\/tr>\n<\/tbody>\n<\/table>\n<\/li>\n<\/ul>\n","protected":false},"excerpt":{"rendered":"<ul>\n<li>Acero esmaltado<\/li>\n<li>Chasis plegable doble cruceta con sistema antivolcadura<\/li>\n<li>Canastilla de acero esmaltado abatible 35 kg.<\/li>\n<\/ul>\n","protected":false},"featured_media":13504,"template":"","meta":{"_joinchat":[]},"product_brand":[],"product_cat":[322,329],"product_tag":[],"class_list":{"0":"post-13503","1":"product","2":"type-product","3":"status-publish","4":"has-post-thumbnail","6":"product_cat-sillas","7":"product_cat-sillas-de-traslado","8":"pa_marca-eko","10":"first","11":"instock","12":"purchasable","13":"product-type-simple"},"yoast_head":"<!-- This site is optimized with the Yoast SEO plugin v25.1 - https:\/\/yoast.com\/wordpress\/plugins\/seo\/ -->\n<title>SILLA DE RUEDA DE SUPERMERCADO 20\u00a8 NEGRA FIJA\/FIJA SOLIDA - Tu mejor opci\u00f3n Equipo M\u00e9dico M\u00e9xico<\/title>\n<meta name=\"robots\" content=\"index, follow, max-snippet:-1, max-image-preview:large, max-video-preview:-1\" \/>\n<link rel=\"canonical\" href=\"https:\/\/buscoequipomedico.com\/?product=silla-de-rueda-de-supermercado-20\u00a8-negra-fija-fija-solida\" \/>\n<meta property=\"og:locale\" content=\"es_ES\" \/>\n<meta property=\"og:type\" content=\"article\" \/>\n<meta property=\"og:title\" content=\"SILLA DE RUEDA DE SUPERMERCADO 20\u00a8 NEGRA FIJA\/FIJA SOLIDA - Tu mejor opci\u00f3n Equipo M\u00e9dico M\u00e9xico\" \/>\n<meta property=\"og:description\" content=\"Acero esmaltado Chasis plegable doble cruceta con sistema antivolcadura Canastilla de acero esmaltado abatible 35 kg.\" \/>\n<meta property=\"og:url\" content=\"https:\/\/buscoequipomedico.com\/?product=silla-de-rueda-de-supermercado-20\u00a8-negra-fija-fija-solida\" \/>\n<meta property=\"og:site_name\" content=\"Tu mejor opci\u00f3n Equipo M\u00e9dico M\u00e9xico\" \/>\n<meta property=\"article:modified_time\" content=\"2020-02-18T07:37:58+00:00\" \/>\n<meta property=\"og:image\" content=\"https:\/\/buscoequipomedico.com\/wp-content\/uploads\/2020\/02\/silla-de-rueda-de-supermercado-20-negra-fija-fija-solida-acero-esmaltado-chasis-plegable-doble-cruceta-con-sistema-antivolcadura.jpg\" \/>\n\t<meta property=\"og:image:width\" content=\"800\" \/>\n\t<meta property=\"og:image:height\" content=\"800\" \/>\n\t<meta property=\"og:image:type\" content=\"image\/png\" \/>\n<meta name=\"twitter:card\" content=\"summary_large_image\" \/>\n<script type=\"application\/ld+json\" class=\"yoast-schema-graph\">{\"@context\":\"https:\/\/schema.org\",\"@graph\":[{\"@type\":\"WebPage\",\"@id\":\"https:\/\/buscoequipomedico.com\/?product=silla-de-rueda-de-supermercado-20%c2%a8-negra-fija-fija-solida\",\"url\":\"https:\/\/buscoequipomedico.com\/?product=silla-de-rueda-de-supermercado-20%c2%a8-negra-fija-fija-solida\",\"name\":\"SILLA DE RUEDA DE SUPERMERCADO 20\u00a8 NEGRA FIJA\/FIJA SOLIDA - Tu mejor opci\u00f3n Equipo M\u00e9dico M\u00e9xico\",\"isPartOf\":{\"@id\":\"https:\/\/buscoequipomedico.com\/#website\"},\"primaryImageOfPage\":{\"@id\":\"https:\/\/buscoequipomedico.com\/?product=silla-de-rueda-de-supermercado-20%c2%a8-negra-fija-fija-solida#primaryimage\"},\"image\":{\"@id\":\"https:\/\/buscoequipomedico.com\/?product=silla-de-rueda-de-supermercado-20%c2%a8-negra-fija-fija-solida#primaryimage\"},\"thumbnailUrl\":\"https:\/\/buscoequipomedico.com\/wp-content\/uploads\/2020\/02\/silla-de-rueda-de-supermercado-20-negra-fija-fija-solida-acero-esmaltado-chasis-plegable-doble-cruceta-con-sistema-antivolcadura.jpg\",\"datePublished\":\"2020-02-18T07:37:57+00:00\",\"dateModified\":\"2020-02-18T07:37:58+00:00\",\"breadcrumb\":{\"@id\":\"https:\/\/buscoequipomedico.com\/?product=silla-de-rueda-de-supermercado-20%c2%a8-negra-fija-fija-solida#breadcrumb\"},\"inLanguage\":\"es\",\"potentialAction\":[{\"@type\":\"ReadAction\",\"target\":[\"https:\/\/buscoequipomedico.com\/?product=silla-de-rueda-de-supermercado-20%c2%a8-negra-fija-fija-solida\"]}]},{\"@type\":\"ImageObject\",\"inLanguage\":\"es\",\"@id\":\"https:\/\/buscoequipomedico.com\/?product=silla-de-rueda-de-supermercado-20%c2%a8-negra-fija-fija-solida#primaryimage\",\"url\":\"https:\/\/buscoequipomedico.com\/wp-content\/uploads\/2020\/02\/silla-de-rueda-de-supermercado-20-negra-fija-fija-solida-acero-esmaltado-chasis-plegable-doble-cruceta-con-sistema-antivolcadura.jpg\",\"contentUrl\":\"https:\/\/buscoequipomedico.com\/wp-content\/uploads\/2020\/02\/silla-de-rueda-de-supermercado-20-negra-fija-fija-solida-acero-esmaltado-chasis-plegable-doble-cruceta-con-sistema-antivolcadura.jpg\",\"width\":800,\"height\":800},{\"@type\":\"BreadcrumbList\",\"@id\":\"https:\/\/buscoequipomedico.com\/?product=silla-de-rueda-de-supermercado-20%c2%a8-negra-fija-fija-solida#breadcrumb\",\"itemListElement\":[{\"@type\":\"ListItem\",\"position\":1,\"name\":\"Productos\",\"item\":\"https:\/\/buscoequipomedico.com\/shop\/\"},{\"@type\":\"ListItem\",\"position\":2,\"name\":\"SILLA DE RUEDA DE SUPERMERCADO 20\u00a8 NEGRA FIJA\/FIJA SOLIDA\"}]},{\"@type\":\"WebSite\",\"@id\":\"https:\/\/buscoequipomedico.com\/#website\",\"url\":\"https:\/\/buscoequipomedico.com\/\",\"name\":\"Tu mejor opci\u00f3n Equipo M\u00e9dico M\u00e9xico\",\"description\":\"Tienda de equipo m\u00e9dico\",\"publisher\":{\"@id\":\"https:\/\/buscoequipomedico.com\/#organization\"},\"potentialAction\":[{\"@type\":\"SearchAction\",\"target\":{\"@type\":\"EntryPoint\",\"urlTemplate\":\"https:\/\/buscoequipomedico.com\/?s={search_term_string}\"},\"query-input\":{\"@type\":\"PropertyValueSpecification\",\"valueRequired\":true,\"valueName\":\"search_term_string\"}}],\"inLanguage\":\"es\"},{\"@type\":\"Organization\",\"@id\":\"https:\/\/buscoequipomedico.com\/#organization\",\"name\":\"Tu mejor opci\u00f3n Equipo M\u00e9dico M\u00e9xico\",\"url\":\"https:\/\/buscoequipomedico.com\/\",\"logo\":{\"@type\":\"ImageObject\",\"inLanguage\":\"es\",\"@id\":\"https:\/\/buscoequipomedico.com\/#\/schema\/logo\/image\/\",\"url\":\"https:\/\/buscoequipomedico.com\/wp-content\/uploads\/2021\/07\/EMM-VPrincipal-scaled.jpg\",\"contentUrl\":\"https:\/\/buscoequipomedico.com\/wp-content\/uploads\/2021\/07\/EMM-VPrincipal-scaled.jpg\",\"width\":2560,\"height\":1058,\"caption\":\"Tu mejor opci\u00f3n Equipo M\u00e9dico M\u00e9xico\"},\"image\":{\"@id\":\"https:\/\/buscoequipomedico.com\/#\/schema\/logo\/image\/\"}}]}<\/script>\n<!-- \/ Yoast SEO plugin. -->","yoast_head_json":{"title":"SILLA DE RUEDA DE SUPERMERCADO 20\u00a8 NEGRA FIJA\/FIJA SOLIDA - Tu mejor opci\u00f3n Equipo M\u00e9dico M\u00e9xico","robots":{"index":"index","follow":"follow","max-snippet":"max-snippet:-1","max-image-preview":"max-image-preview:large","max-video-preview":"max-video-preview:-1"},"canonical":"https:\/\/buscoequipomedico.com\/?product=silla-de-rueda-de-supermercado-20\u00a8-negra-fija-fija-solida","og_locale":"es_ES","og_type":"article","og_title":"SILLA DE RUEDA DE SUPERMERCADO 20\u00a8 NEGRA FIJA\/FIJA SOLIDA - Tu mejor opci\u00f3n Equipo M\u00e9dico M\u00e9xico","og_description":"Acero esmaltado Chasis plegable doble cruceta con sistema antivolcadura Canastilla de acero esmaltado abatible 35 kg.","og_url":"https:\/\/buscoequipomedico.com\/?product=silla-de-rueda-de-supermercado-20\u00a8-negra-fija-fija-solida","og_site_name":"Tu mejor opci\u00f3n Equipo M\u00e9dico M\u00e9xico","article_modified_time":"2020-02-18T07:37:58+00:00","og_image":[{"width":800,"height":800,"url":"https:\/\/buscoequipomedico.com\/wp-content\/uploads\/2020\/02\/silla-de-rueda-de-supermercado-20-negra-fija-fija-solida-acero-esmaltado-chasis-plegable-doble-cruceta-con-sistema-antivolcadura.jpg","type":"image\/png"}],"twitter_card":"summary_large_image","schema":{"@context":"https:\/\/schema.org","@graph":[{"@type":"WebPage","@id":"https:\/\/buscoequipomedico.com\/?product=silla-de-rueda-de-supermercado-20%c2%a8-negra-fija-fija-solida","url":"https:\/\/buscoequipomedico.com\/?product=silla-de-rueda-de-supermercado-20%c2%a8-negra-fija-fija-solida","name":"SILLA DE RUEDA DE SUPERMERCADO 20\u00a8 NEGRA FIJA\/FIJA SOLIDA - Tu mejor opci\u00f3n Equipo M\u00e9dico M\u00e9xico","isPartOf":{"@id":"https:\/\/buscoequipomedico.com\/#website"},"primaryImageOfPage":{"@id":"https:\/\/buscoequipomedico.com\/?product=silla-de-rueda-de-supermercado-20%c2%a8-negra-fija-fija-solida#primaryimage"},"image":{"@id":"https:\/\/buscoequipomedico.com\/?product=silla-de-rueda-de-supermercado-20%c2%a8-negra-fija-fija-solida#primaryimage"},"thumbnailUrl":"https:\/\/buscoequipomedico.com\/wp-content\/uploads\/2020\/02\/silla-de-rueda-de-supermercado-20-negra-fija-fija-solida-acero-esmaltado-chasis-plegable-doble-cruceta-con-sistema-antivolcadura.jpg","datePublished":"2020-02-18T07:37:57+00:00","dateModified":"2020-02-18T07:37:58+00:00","breadcrumb":{"@id":"https:\/\/buscoequipomedico.com\/?product=silla-de-rueda-de-supermercado-20%c2%a8-negra-fija-fija-solida#breadcrumb"},"inLanguage":"es","potentialAction":[{"@type":"ReadAction","target":["https:\/\/buscoequipomedico.com\/?product=silla-de-rueda-de-supermercado-20%c2%a8-negra-fija-fija-solida"]}]},{"@type":"ImageObject","inLanguage":"es","@id":"https:\/\/buscoequipomedico.com\/?product=silla-de-rueda-de-supermercado-20%c2%a8-negra-fija-fija-solida#primaryimage","url":"https:\/\/buscoequipomedico.com\/wp-content\/uploads\/2020\/02\/silla-de-rueda-de-supermercado-20-negra-fija-fija-solida-acero-esmaltado-chasis-plegable-doble-cruceta-con-sistema-antivolcadura.jpg","contentUrl":"https:\/\/buscoequipomedico.com\/wp-content\/uploads\/2020\/02\/silla-de-rueda-de-supermercado-20-negra-fija-fija-solida-acero-esmaltado-chasis-plegable-doble-cruceta-con-sistema-antivolcadura.jpg","width":800,"height":800},{"@type":"BreadcrumbList","@id":"https:\/\/buscoequipomedico.com\/?product=silla-de-rueda-de-supermercado-20%c2%a8-negra-fija-fija-solida#breadcrumb","itemListElement":[{"@type":"ListItem","position":1,"name":"Productos","item":"https:\/\/buscoequipomedico.com\/shop\/"},{"@type":"ListItem","position":2,"name":"SILLA DE RUEDA DE SUPERMERCADO 20\u00a8 NEGRA FIJA\/FIJA SOLIDA"}]},{"@type":"WebSite","@id":"https:\/\/buscoequipomedico.com\/#website","url":"https:\/\/buscoequipomedico.com\/","name":"Tu mejor opci\u00f3n Equipo M\u00e9dico M\u00e9xico","description":"Tienda de equipo m\u00e9dico","publisher":{"@id":"https:\/\/buscoequipomedico.com\/#organization"},"potentialAction":[{"@type":"SearchAction","target":{"@type":"EntryPoint","urlTemplate":"https:\/\/buscoequipomedico.com\/?s={search_term_string}"},"query-input":{"@type":"PropertyValueSpecification","valueRequired":true,"valueName":"search_term_string"}}],"inLanguage":"es"},{"@type":"Organization","@id":"https:\/\/buscoequipomedico.com\/#organization","name":"Tu mejor opci\u00f3n Equipo M\u00e9dico M\u00e9xico","url":"https:\/\/buscoequipomedico.com\/","logo":{"@type":"ImageObject","inLanguage":"es","@id":"https:\/\/buscoequipomedico.com\/#\/schema\/logo\/image\/","url":"https:\/\/buscoequipomedico.com\/wp-content\/uploads\/2021\/07\/EMM-VPrincipal-scaled.jpg","contentUrl":"https:\/\/buscoequipomedico.com\/wp-content\/uploads\/2021\/07\/EMM-VPrincipal-scaled.jpg","width":2560,"height":1058,"caption":"Tu mejor opci\u00f3n Equipo M\u00e9dico M\u00e9xico"},"image":{"@id":"https:\/\/buscoequipomedico.com\/#\/schema\/logo\/image\/"}}]}},"_links":{"self":[{"href":"https:\/\/buscoequipomedico.com\/index.php?rest_route=\/wp\/v2\/product\/13503","targetHints":{"allow":["GET"]}}],"collection":[{"href":"https:\/\/buscoequipomedico.com\/index.php?rest_route=\/wp\/v2\/product"}],"about":[{"href":"https:\/\/buscoequipomedico.com\/index.php?rest_route=\/wp\/v2\/types\/product"}],"wp:featuredmedia":[{"embeddable":true,"href":"https:\/\/buscoequipomedico.com\/index.php?rest_route=\/wp\/v2\/media\/13504"}],"wp:attachment":[{"href":"https:\/\/buscoequipomedico.com\/index.php?rest_route=%2Fwp%2Fv2%2Fmedia&parent=13503"}],"wp:term":[{"taxonomy":"product_brand","embeddable":true,"href":"https:\/\/buscoequipomedico.com\/index.php?rest_route=%2Fwp%2Fv2%2Fproduct_brand&post=13503"},{"taxonomy":"product_cat","embeddable":true,"href":"https:\/\/buscoequipomedico.com\/index.php?rest_route=%2Fwp%2Fv2%2Fproduct_cat&post=13503"},{"taxonomy":"product_tag","embeddable":true,"href":"https:\/\/buscoequipomedico.com\/index.php?rest_route=%2Fwp%2Fv2%2Fproduct_tag&post=13503"}],"curies":[{"name":"wp","href":"https:\/\/api.w.org\/{rel}","templated":true}]}}